{"id":7997,"date":"2022-05-15T21:15:56","date_gmt":"2022-05-15T21:15:56","guid":{"rendered":"https:\/\/practical-elbakyan.82-165-223-183.plesk.page\/?post_type=product&#038;p=7997"},"modified":"2023-05-31T09:28:25","modified_gmt":"2023-05-31T09:28:25","slug":"dome-ip-12-mplxs-vf-zoom-x4","status":"publish","type":"product","link":"https:\/\/exciting-lichterman.217-160-28-49.plesk.page\/de\/produkt\/dome-ip-12-mplxs-vf-zoom-x4\/","title":{"rendered":"D\u00f4me IP &#8211; 12 MPLXS &#8211; VF &#8211; ZOOM X4"},"content":{"rendered":"<h2 style=\"font-family:Poppins;font-size:14px; font-weight:400!important; line-height:2\">  La cam\u00e9ra d\u00f4me varifocale de la marque Hikvision pour moto d&rsquo;ext\u00e9rieur vous offre une haute qualit\u00e9 d\u2019imagerie avec une r\u00e9solution de 12 m\u00e9gapixels.<\/h2>\n<p>Gr\u00e2ce \u00e0 la technologie DWDR, Notre cam\u00e9ra vous assure une image claire contre un contre-jour puissant.<br \/>Elle est dot\u00e9e d\u2019une technologie de compression H.265+ efficace pour \u00e9conomiser la bande passante et le stockage.<br \/>Aussi, sa technologie de diffusion en continue avanc\u00e9e, permet une vue en direct fluide et une autocorrection des donn\u00e9es dans un r\u00e9seau bas-d\u00e9bit, ainsi que sa bulle de r\u00e9flexion anti-IR garantit la qualit\u00e9 de l&rsquo;image. <\/p>","protected":false},"excerpt":{"rendered":"<ul>\n<li><span data-sheets-value=\"{&quot;1&quot;:2,&quot;2&quot;:&quot;Capteur D'image : CMOS \u00e0 balayage progressif 1\/1,7\u2033\\r\\nMax. R\u00e9solution : 4000 \u00d7 3000\\r\\nMin. \u00c9clairage : Couleur : 0,009 lux @ (F1.2, AGC activ\u00e9) ; N\/B : 0,0009 Lux @ (F1.2, AGC activ\u00e9)\\r\\nTemps D'obturation : 1 s \u00e0 1\/100 000 s\\r\\nJour Nuit : Filtre anti-IR\\r\\n\\r\\n\\r\\nR\u00e9glage De L'angle Panoramique : 0\u00b0 \u00e0 355\u00b0, inclinaison : 0\u00b0 \u00e0 75\u00b0, rotation : 0\u00b0 \u00e0 355\u00b0\\r\\n&quot;}\" data-sheets-userformat=\"{&quot;2&quot;:961,&quot;3&quot;:{&quot;1&quot;:0},&quot;9&quot;:1,&quot;10&quot;:1,&quot;11&quot;:4,&quot;12&quot;:0}\"><strong>R\u00e9f\u00e9rence : iDS-2CD75C5G0-IZHS(8-32mm)<\/strong><\/span><\/li>\n<li><span data-sheets-value=\"{&quot;1&quot;:2,&quot;2&quot;:&quot;Capteur D'image : CMOS \u00e0 balayage progressif 1\/1,7\u2033\\r\\nMax. R\u00e9solution : 4000 \u00d7 3000\\r\\nMin. \u00c9clairage : Couleur : 0,009 lux @ (F1.2, AGC activ\u00e9) ; N\/B : 0,0009 Lux @ (F1.2, AGC activ\u00e9)\\r\\nTemps D'obturation : 1 s \u00e0 1\/100 000 s\\r\\nJour Nuit : Filtre anti-IR\\r\\n\\r\\n\\r\\nR\u00e9glage De L'angle Panoramique : 0\u00b0 \u00e0 355\u00b0, inclinaison : 0\u00b0 \u00e0 75\u00b0, rotation : 0\u00b0 \u00e0 355\u00b0\\r\\n&quot;}\" data-sheets-userformat=\"{&quot;2&quot;:961,&quot;3&quot;:{&quot;1&quot;:0},&quot;9&quot;:1,&quot;10&quot;:1,&quot;11&quot;:4,&quot;12&quot;:0}\">Capteur D&rsquo;image : CMOS \u00e0 balayage progressif 1\/1,7\u2033 <\/span><\/li>\n<li><span data-sheets-value=\"{&quot;1&quot;:2,&quot;2&quot;:&quot;Capteur D'image : CMOS \u00e0 balayage progressif 1\/1,7\u2033\\r\\nMax. R\u00e9solution : 4000 \u00d7 3000\\r\\nMin. \u00c9clairage : Couleur : 0,009 lux @ (F1.2, AGC activ\u00e9) ; N\/B : 0,0009 Lux @ (F1.2, AGC activ\u00e9)\\r\\nTemps D'obturation : 1 s \u00e0 1\/100 000 s\\r\\nJour Nuit : Filtre anti-IR\\r\\n\\r\\n\\r\\nR\u00e9glage De L'angle Panoramique : 0\u00b0 \u00e0 355\u00b0, inclinaison : 0\u00b0 \u00e0 75\u00b0, rotation : 0\u00b0 \u00e0 355\u00b0\\r\\n&quot;}\" data-sheets-userformat=\"{&quot;2&quot;:961,&quot;3&quot;:{&quot;1&quot;:0},&quot;9&quot;:1,&quot;10&quot;:1,&quot;11&quot;:4,&quot;12&quot;:0}\">Max. R\u00e9solution : 4000 \u00d7 3000 <\/span><\/li>\n<li><span data-sheets-value=\"{&quot;1&quot;:2,&quot;2&quot;:&quot;Capteur D'image : CMOS \u00e0 balayage progressif 1\/1,7\u2033\\r\\nMax. R\u00e9solution : 4000 \u00d7 3000\\r\\nMin. \u00c9clairage : Couleur : 0,009 lux @ (F1.2, AGC activ\u00e9) ; N\/B : 0,0009 Lux @ (F1.2, AGC activ\u00e9)\\r\\nTemps D'obturation : 1 s \u00e0 1\/100 000 s\\r\\nJour Nuit : Filtre anti-IR\\r\\n\\r\\n\\r\\nR\u00e9glage De L'angle Panoramique : 0\u00b0 \u00e0 355\u00b0, inclinaison : 0\u00b0 \u00e0 75\u00b0, rotation : 0\u00b0 \u00e0 355\u00b0\\r\\n&quot;}\" data-sheets-userformat=\"{&quot;2&quot;:961,&quot;3&quot;:{&quot;1&quot;:0},&quot;9&quot;:1,&quot;10&quot;:1,&quot;11&quot;:4,&quot;12&quot;:0}\">Min. \u00c9clairage : Couleur : 0,009 lux @ (F1.2, AGC activ\u00e9) ; N\/B : 0,0009 Lux @ (F1.2, AGC activ\u00e9) <\/span><\/li>\n<li><span data-sheets-value=\"{&quot;1&quot;:2,&quot;2&quot;:&quot;Capteur D'image : CMOS \u00e0 balayage progressif 1\/1,7\u2033\\r\\nMax. R\u00e9solution : 4000 \u00d7 3000\\r\\nMin. \u00c9clairage : Couleur : 0,009 lux @ (F1.2, AGC activ\u00e9) ; N\/B : 0,0009 Lux @ (F1.2, AGC activ\u00e9)\\r\\nTemps D'obturation : 1 s \u00e0 1\/100 000 s\\r\\nJour Nuit : Filtre anti-IR\\r\\n\\r\\n\\r\\nR\u00e9glage De L'angle Panoramique : 0\u00b0 \u00e0 355\u00b0, inclinaison : 0\u00b0 \u00e0 75\u00b0, rotation : 0\u00b0 \u00e0 355\u00b0\\r\\n&quot;}\" data-sheets-userformat=\"{&quot;2&quot;:961,&quot;3&quot;:{&quot;1&quot;:0},&quot;9&quot;:1,&quot;10&quot;:1,&quot;11&quot;:4,&quot;12&quot;:0}\">Temps D&rsquo;obturation : 1 s \u00e0 1\/100 000 s <\/span><\/li>\n<li><span data-sheets-value=\"{&quot;1&quot;:2,&quot;2&quot;:&quot;Capteur D'image : CMOS \u00e0 balayage progressif 1\/1,7\u2033\\r\\nMax. R\u00e9solution : 4000 \u00d7 3000\\r\\nMin. \u00c9clairage : Couleur : 0,009 lux @ (F1.2, AGC activ\u00e9) ; N\/B : 0,0009 Lux @ (F1.2, AGC activ\u00e9)\\r\\nTemps D'obturation : 1 s \u00e0 1\/100 000 s\\r\\nJour Nuit : Filtre anti-IR\\r\\n\\r\\n\\r\\nR\u00e9glage De L'angle Panoramique : 0\u00b0 \u00e0 355\u00b0, inclinaison : 0\u00b0 \u00e0 75\u00b0, rotation : 0\u00b0 \u00e0 355\u00b0\\r\\n&quot;}\" data-sheets-userformat=\"{&quot;2&quot;:961,&quot;3&quot;:{&quot;1&quot;:0},&quot;9&quot;:1,&quot;10&quot;:1,&quot;11&quot;:4,&quot;12&quot;:0}\">Jour Nuit : Filtre anti-IR<\/span><\/li>\n<li><span data-sheets-value=\"{&quot;1&quot;:2,&quot;2&quot;:&quot;Capteur D'image : CMOS \u00e0 balayage progressif 1\/1,7\u2033\\r\\nMax. R\u00e9solution : 4000 \u00d7 3000\\r\\nMin. \u00c9clairage : Couleur : 0,009 lux @ (F1.2, AGC activ\u00e9) ; N\/B : 0,0009 Lux @ (F1.2, AGC activ\u00e9)\\r\\nTemps D'obturation : 1 s \u00e0 1\/100 000 s\\r\\nJour Nuit : Filtre anti-IR\\r\\n\\r\\n\\r\\nR\u00e9glage De L'angle Panoramique : 0\u00b0 \u00e0 355\u00b0, inclinaison : 0\u00b0 \u00e0 75\u00b0, rotation : 0\u00b0 \u00e0 355\u00b0\\r\\n&quot;}\" data-sheets-userformat=\"{&quot;2&quot;:961,&quot;3&quot;:{&quot;1&quot;:0},&quot;9&quot;:1,&quot;10&quot;:1,&quot;11&quot;:4,&quot;12&quot;:0}\"> R\u00e9glage De L&rsquo;angle Panoramique : 0\u00b0 \u00e0 355\u00b0, inclinaison : 0\u00b0 \u00e0 75\u00b0, rotation : 0\u00b0 \u00e0 355\u00b0 <\/span><\/li>\n<\/ul>","protected":false},"featured_media":7998,"comment_status":"open","ping_status":"closed","template":"","meta":{"_acf_changed":false},"product_brand":[],"product_cat":[390,715],"product_tag":[],"class_list":{"0":"post-7997","1":"product","2":"type-product","3":"status-publish","4":"has-post-thumbnail","6":"product_cat-alarmes-et-video","7":"product_cat-camera-ip","9":"first","10":"instock","11":"taxable","12":"shipping-taxable","13":"product-type-simple"},"acf":[],"yoast_head":"<!-- This site is optimized with the Yoast SEO plugin v27.4 - https:\/\/yoast.com\/product\/yoast-seo-wordpress\/ -->\n<title>D\u00f4me IP - 12 MPLXS - VF - ZOOM X4 - K2group Distribution<\/title>\n<meta name=\"robots\" content=\"noindex, follow, max-snippet:-1, max-image-preview:large, max-video-preview:-1\" \/>\n<meta property=\"og:locale\" content=\"de_DE\" \/>\n<meta property=\"og:type\" content=\"article\" \/>\n<meta property=\"og:title\" content=\"D\u00f4me IP - 12 MPLXS - VF - ZOOM X4 - K2group Distribution\" \/>\n<meta property=\"og:description\" content=\"R\u00e9f\u00e9rence : iDS-2CD75C5G0-IZHS(8-32mm) Capteur D&#039;image : CMOS \u00e0 balayage progressif 1\/1,7\u2033  Max. R\u00e9solution : 4000 \u00d7 3000  Min. \u00c9clairage : Couleur : 0,009 lux @ (F1.2, AGC activ\u00e9) ; N\/B : 0,0009 Lux @ (F1.2, AGC activ\u00e9)  Temps D&#039;obturation : 1 s \u00e0 1\/100 000 s  Jour Nuit : Filtre anti-IR  R\u00e9glage De L&#039;angle Panoramique : 0\u00b0 \u00e0 355\u00b0, inclinaison : 0\u00b0 \u00e0 75\u00b0, rotation : 0\u00b0 \u00e0 355\u00b0\" \/>\n<meta property=\"og:url\" content=\"https:\/\/exciting-lichterman.217-160-28-49.plesk.page\/de\/produkt\/dome-ip-12-mplxs-vf-zoom-x4\/\" \/>\n<meta property=\"og:site_name\" content=\"K2group Distribution\" \/>\n<meta property=\"article:modified_time\" content=\"2023-05-31T09:28:25+00:00\" \/>\n<meta property=\"og:image\" content=\"https:\/\/exciting-lichterman.217-160-28-49.plesk.page\/wp-content\/uploads\/2022\/05\/iDS-2CD75C5G0-IZHS8-32mm-01-scaled.webp\" \/>\n\t<meta property=\"og:image:width\" content=\"2560\" \/>\n\t<meta property=\"og:image:height\" content=\"2545\" \/>\n\t<meta property=\"og:image:type\" content=\"image\/webp\" \/>\n<meta name=\"twitter:card\" content=\"summary_large_image\" \/>\n<meta name=\"twitter:label1\" content=\"Gesch\u00e4tzte Lesezeit\" \/>\n\t<meta name=\"twitter:data1\" content=\"1\u00a0Minute\" \/>\n<script type=\"application\/ld+json\" class=\"yoast-schema-graph\">{\"@context\":\"https:\\\/\\\/schema.org\",\"@graph\":[{\"@type\":\"WebPage\",\"@id\":\"https:\\\/\\\/exciting-lichterman.217-160-28-49.plesk.page\\\/produit\\\/dome-ip-12-mplxs-vf-zoom-x4\\\/\",\"url\":\"https:\\\/\\\/exciting-lichterman.217-160-28-49.plesk.page\\\/produit\\\/dome-ip-12-mplxs-vf-zoom-x4\\\/\",\"name\":\"D\u00f4me IP - 12 MPLXS - VF - ZOOM X4 - K2group Distribution\",\"isPartOf\":{\"@id\":\"https:\\\/\\\/exciting-lichterman.217-160-28-49.plesk.page\\\/#website\"},\"primaryImageOfPage\":{\"@id\":\"https:\\\/\\\/exciting-lichterman.217-160-28-49.plesk.page\\\/produit\\\/dome-ip-12-mplxs-vf-zoom-x4\\\/#primaryimage\"},\"image\":{\"@id\":\"https:\\\/\\\/exciting-lichterman.217-160-28-49.plesk.page\\\/produit\\\/dome-ip-12-mplxs-vf-zoom-x4\\\/#primaryimage\"},\"thumbnailUrl\":\"https:\\\/\\\/exciting-lichterman.217-160-28-49.plesk.page\\\/wp-content\\\/uploads\\\/2022\\\/05\\\/iDS-2CD75C5G0-IZHS8-32mm-01-scaled.webp\",\"datePublished\":\"2022-05-15T21:15:56+00:00\",\"dateModified\":\"2023-05-31T09:28:25+00:00\",\"breadcrumb\":{\"@id\":\"https:\\\/\\\/exciting-lichterman.217-160-28-49.plesk.page\\\/produit\\\/dome-ip-12-mplxs-vf-zoom-x4\\\/#breadcrumb\"},\"inLanguage\":\"de\",\"potentialAction\":[{\"@type\":\"ReadAction\",\"target\":[\"https:\\\/\\\/exciting-lichterman.217-160-28-49.plesk.page\\\/produit\\\/dome-ip-12-mplxs-vf-zoom-x4\\\/\"]}]},{\"@type\":\"ImageObject\",\"inLanguage\":\"de\",\"@id\":\"https:\\\/\\\/exciting-lichterman.217-160-28-49.plesk.page\\\/produit\\\/dome-ip-12-mplxs-vf-zoom-x4\\\/#primaryimage\",\"url\":\"https:\\\/\\\/exciting-lichterman.217-160-28-49.plesk.page\\\/wp-content\\\/uploads\\\/2022\\\/05\\\/iDS-2CD75C5G0-IZHS8-32mm-01-scaled.webp\",\"contentUrl\":\"https:\\\/\\\/exciting-lichterman.217-160-28-49.plesk.page\\\/wp-content\\\/uploads\\\/2022\\\/05\\\/iDS-2CD75C5G0-IZHS8-32mm-01-scaled.webp\",\"width\":2560,\"height\":2545},{\"@type\":\"BreadcrumbList\",\"@id\":\"https:\\\/\\\/exciting-lichterman.217-160-28-49.plesk.page\\\/produit\\\/dome-ip-12-mplxs-vf-zoom-x4\\\/#breadcrumb\",\"itemListElement\":[{\"@type\":\"ListItem\",\"position\":1,\"name\":\"Accueil\",\"item\":\"https:\\\/\\\/exciting-lichterman.217-160-28-49.plesk.page\\\/\"},{\"@type\":\"ListItem\",\"position\":2,\"name\":\"Boutique\",\"item\":\"https:\\\/\\\/exciting-lichterman.217-160-28-49.plesk.page\\\/boutique\\\/\"},{\"@type\":\"ListItem\",\"position\":3,\"name\":\"D\u00f4me IP &#8211; 12 MPLXS &#8211; VF &#8211; ZOOM X4\"}]},{\"@type\":\"WebSite\",\"@id\":\"https:\\\/\\\/exciting-lichterman.217-160-28-49.plesk.page\\\/#website\",\"url\":\"https:\\\/\\\/exciting-lichterman.217-160-28-49.plesk.page\\\/\",\"name\":\"K2group Distribution\",\"description\":\"\",\"publisher\":{\"@id\":\"https:\\\/\\\/exciting-lichterman.217-160-28-49.plesk.page\\\/#organization\"},\"potentialAction\":[{\"@type\":\"SearchAction\",\"target\":{\"@type\":\"EntryPoint\",\"urlTemplate\":\"https:\\\/\\\/exciting-lichterman.217-160-28-49.plesk.page\\\/?s={search_term_string}\"},\"query-input\":{\"@type\":\"PropertyValueSpecification\",\"valueRequired\":true,\"valueName\":\"search_term_string\"}}],\"inLanguage\":\"de\"},{\"@type\":\"Organization\",\"@id\":\"https:\\\/\\\/exciting-lichterman.217-160-28-49.plesk.page\\\/#organization\",\"name\":\"K2group Distribution\",\"url\":\"https:\\\/\\\/exciting-lichterman.217-160-28-49.plesk.page\\\/\",\"logo\":{\"@type\":\"ImageObject\",\"inLanguage\":\"de\",\"@id\":\"https:\\\/\\\/exciting-lichterman.217-160-28-49.plesk.page\\\/#\\\/schema\\\/logo\\\/image\\\/\",\"url\":\"https:\\\/\\\/exciting-lichterman.217-160-28-49.plesk.page\\\/wp-content\\\/uploads\\\/2022\\\/04\\\/logo-K2.png\",\"contentUrl\":\"https:\\\/\\\/exciting-lichterman.217-160-28-49.plesk.page\\\/wp-content\\\/uploads\\\/2022\\\/04\\\/logo-K2.png\",\"width\":155,\"height\":66,\"caption\":\"K2group Distribution\"},\"image\":{\"@id\":\"https:\\\/\\\/exciting-lichterman.217-160-28-49.plesk.page\\\/#\\\/schema\\\/logo\\\/image\\\/\"}}]}<\/script>\n<!-- \/ Yoast SEO plugin. -->","yoast_head_json":{"title":"D\u00f4me IP - 12 MPLXS - VF - ZOOM X4 - K2group Distribution","robots":{"index":"noindex","follow":"follow","max-snippet":"max-snippet:-1","max-image-preview":"max-image-preview:large","max-video-preview":"max-video-preview:-1"},"og_locale":"de_DE","og_type":"article","og_title":"D\u00f4me IP - 12 MPLXS - VF - ZOOM X4 - K2group Distribution","og_description":"R\u00e9f\u00e9rence : iDS-2CD75C5G0-IZHS(8-32mm) Capteur D'image : CMOS \u00e0 balayage progressif 1\/1,7\u2033  Max. R\u00e9solution : 4000 \u00d7 3000  Min. \u00c9clairage : Couleur : 0,009 lux @ (F1.2, AGC activ\u00e9) ; N\/B : 0,0009 Lux @ (F1.2, AGC activ\u00e9)  Temps D'obturation : 1 s \u00e0 1\/100 000 s  Jour Nuit : Filtre anti-IR  R\u00e9glage De L'angle Panoramique : 0\u00b0 \u00e0 355\u00b0, inclinaison : 0\u00b0 \u00e0 75\u00b0, rotation : 0\u00b0 \u00e0 355\u00b0","og_url":"https:\/\/exciting-lichterman.217-160-28-49.plesk.page\/de\/produkt\/dome-ip-12-mplxs-vf-zoom-x4\/","og_site_name":"K2group Distribution","article_modified_time":"2023-05-31T09:28:25+00:00","og_image":[{"width":2560,"height":2545,"url":"https:\/\/exciting-lichterman.217-160-28-49.plesk.page\/wp-content\/uploads\/2022\/05\/iDS-2CD75C5G0-IZHS8-32mm-01-scaled.webp","type":"image\/webp"}],"twitter_card":"summary_large_image","twitter_misc":{"Gesch\u00e4tzte Lesezeit":"1\u00a0Minute"},"schema":{"@context":"https:\/\/schema.org","@graph":[{"@type":"WebPage","@id":"https:\/\/exciting-lichterman.217-160-28-49.plesk.page\/produit\/dome-ip-12-mplxs-vf-zoom-x4\/","url":"https:\/\/exciting-lichterman.217-160-28-49.plesk.page\/produit\/dome-ip-12-mplxs-vf-zoom-x4\/","name":"D\u00f4me IP - 12 MPLXS - VF - ZOOM X4 - K2group Distribution","isPartOf":{"@id":"https:\/\/exciting-lichterman.217-160-28-49.plesk.page\/#website"},"primaryImageOfPage":{"@id":"https:\/\/exciting-lichterman.217-160-28-49.plesk.page\/produit\/dome-ip-12-mplxs-vf-zoom-x4\/#primaryimage"},"image":{"@id":"https:\/\/exciting-lichterman.217-160-28-49.plesk.page\/produit\/dome-ip-12-mplxs-vf-zoom-x4\/#primaryimage"},"thumbnailUrl":"https:\/\/exciting-lichterman.217-160-28-49.plesk.page\/wp-content\/uploads\/2022\/05\/iDS-2CD75C5G0-IZHS8-32mm-01-scaled.webp","datePublished":"2022-05-15T21:15:56+00:00","dateModified":"2023-05-31T09:28:25+00:00","breadcrumb":{"@id":"https:\/\/exciting-lichterman.217-160-28-49.plesk.page\/produit\/dome-ip-12-mplxs-vf-zoom-x4\/#breadcrumb"},"inLanguage":"de","potentialAction":[{"@type":"ReadAction","target":["https:\/\/exciting-lichterman.217-160-28-49.plesk.page\/produit\/dome-ip-12-mplxs-vf-zoom-x4\/"]}]},{"@type":"ImageObject","inLanguage":"de","@id":"https:\/\/exciting-lichterman.217-160-28-49.plesk.page\/produit\/dome-ip-12-mplxs-vf-zoom-x4\/#primaryimage","url":"https:\/\/exciting-lichterman.217-160-28-49.plesk.page\/wp-content\/uploads\/2022\/05\/iDS-2CD75C5G0-IZHS8-32mm-01-scaled.webp","contentUrl":"https:\/\/exciting-lichterman.217-160-28-49.plesk.page\/wp-content\/uploads\/2022\/05\/iDS-2CD75C5G0-IZHS8-32mm-01-scaled.webp","width":2560,"height":2545},{"@type":"BreadcrumbList","@id":"https:\/\/exciting-lichterman.217-160-28-49.plesk.page\/produit\/dome-ip-12-mplxs-vf-zoom-x4\/#breadcrumb","itemListElement":[{"@type":"ListItem","position":1,"name":"Accueil","item":"https:\/\/exciting-lichterman.217-160-28-49.plesk.page\/"},{"@type":"ListItem","position":2,"name":"Boutique","item":"https:\/\/exciting-lichterman.217-160-28-49.plesk.page\/boutique\/"},{"@type":"ListItem","position":3,"name":"D\u00f4me IP &#8211; 12 MPLXS &#8211; VF &#8211; ZOOM X4"}]},{"@type":"WebSite","@id":"https:\/\/exciting-lichterman.217-160-28-49.plesk.page\/#website","url":"https:\/\/exciting-lichterman.217-160-28-49.plesk.page\/","name":"K2group Distribution","description":"","publisher":{"@id":"https:\/\/exciting-lichterman.217-160-28-49.plesk.page\/#organization"},"potentialAction":[{"@type":"SearchAction","target":{"@type":"EntryPoint","urlTemplate":"https:\/\/exciting-lichterman.217-160-28-49.plesk.page\/?s={search_term_string}"},"query-input":{"@type":"PropertyValueSpecification","valueRequired":true,"valueName":"search_term_string"}}],"inLanguage":"de"},{"@type":"Organization","@id":"https:\/\/exciting-lichterman.217-160-28-49.plesk.page\/#organization","name":"K2group Distribution","url":"https:\/\/exciting-lichterman.217-160-28-49.plesk.page\/","logo":{"@type":"ImageObject","inLanguage":"de","@id":"https:\/\/exciting-lichterman.217-160-28-49.plesk.page\/#\/schema\/logo\/image\/","url":"https:\/\/exciting-lichterman.217-160-28-49.plesk.page\/wp-content\/uploads\/2022\/04\/logo-K2.png","contentUrl":"https:\/\/exciting-lichterman.217-160-28-49.plesk.page\/wp-content\/uploads\/2022\/04\/logo-K2.png","width":155,"height":66,"caption":"K2group Distribution"},"image":{"@id":"https:\/\/exciting-lichterman.217-160-28-49.plesk.page\/#\/schema\/logo\/image\/"}}]}},"_links":{"self":[{"href":"https:\/\/exciting-lichterman.217-160-28-49.plesk.page\/de\/wp-json\/wp\/v2\/product\/7997","targetHints":{"allow":["GET"]}}],"collection":[{"href":"https:\/\/exciting-lichterman.217-160-28-49.plesk.page\/de\/wp-json\/wp\/v2\/product"}],"about":[{"href":"https:\/\/exciting-lichterman.217-160-28-49.plesk.page\/de\/wp-json\/wp\/v2\/types\/product"}],"replies":[{"embeddable":true,"href":"https:\/\/exciting-lichterman.217-160-28-49.plesk.page\/de\/wp-json\/wp\/v2\/comments?post=7997"}],"version-history":[{"count":6,"href":"https:\/\/exciting-lichterman.217-160-28-49.plesk.page\/de\/wp-json\/wp\/v2\/product\/7997\/revisions"}],"predecessor-version":[{"id":17331,"href":"https:\/\/exciting-lichterman.217-160-28-49.plesk.page\/de\/wp-json\/wp\/v2\/product\/7997\/revisions\/17331"}],"wp:featuredmedia":[{"embeddable":true,"href":"https:\/\/exciting-lichterman.217-160-28-49.plesk.page\/de\/wp-json\/wp\/v2\/media\/7998"}],"wp:attachment":[{"href":"https:\/\/exciting-lichterman.217-160-28-49.plesk.page\/de\/wp-json\/wp\/v2\/media?parent=7997"}],"wp:term":[{"taxonomy":"product_brand","embeddable":true,"href":"https:\/\/exciting-lichterman.217-160-28-49.plesk.page\/de\/wp-json\/wp\/v2\/product_brand?post=7997"},{"taxonomy":"product_cat","embeddable":true,"href":"https:\/\/exciting-lichterman.217-160-28-49.plesk.page\/de\/wp-json\/wp\/v2\/product_cat?post=7997"},{"taxonomy":"product_tag","embeddable":true,"href":"https:\/\/exciting-lichterman.217-160-28-49.plesk.page\/de\/wp-json\/wp\/v2\/product_tag?post=7997"}],"curies":[{"name":"wp","href":"https:\/\/api.w.org\/{rel}","templated":true}]}}