{"id":7988,"date":"2022-05-15T21:10:01","date_gmt":"2022-05-15T21:10:01","guid":{"rendered":"https:\/\/practical-elbakyan.82-165-223-183.plesk.page\/?post_type=product&#038;p=7988"},"modified":"2023-05-30T14:17:15","modified_gmt":"2023-05-30T14:17:15","slug":"centrale-de-controle-dacces-master-128-portes","status":"publish","type":"product","link":"https:\/\/exciting-lichterman.217-160-28-49.plesk.page\/de\/produkt\/centrale-de-controle-dacces-master-128-portes\/","title":{"rendered":"Centrale de contr\u00f4le d&rsquo;acc\u00e8s Master 128 Portes"},"content":{"rendered":"<h2 style=\"font-family:Poppins;font-size:14px; font-weight:400!important; line-height:2\">  La centrale de contr\u00f4le Hikvision est compos\u00e9e d&rsquo;un contr\u00f4leur d&rsquo;acc\u00e8s principal et de trois r\u00e9partis. <br \/>Le contr\u00f4leur d&rsquo;acc\u00e8s principal prend en charge la communication TCP\/IP (avec interfaces r\u00e9seau doubles) et la Communication RS-485 avec le logiciel client.<\/h2>\n<p>Il prend en charge 4 boucles RS-485 lors de la communication avec l&rsquo;acc\u00e8s au distributeur contr\u00f4leurs.<br \/>Le cryptage AES assure la s\u00e9curit\u00e9 des donn\u00e9es dans la communication entre les appareils. <\/p>\n<p>Les contr\u00f4leurs prennent en charge le SPOF (Single-Point of Failure) et le traitement de redondance du lecteur de carte afin d&rsquo;assurer la stabilit\u00e9 du syst\u00e8me. <\/p>","protected":false},"excerpt":{"rendered":"<ul>\n<li><span data-sheets-value=\"{&quot;1&quot;:2,&quot;2&quot;:&quot;Temp\u00e9rature de fonctionnement : -20\u00b0C \u00e0 +70\u00b0C \\r\\nBatterie : Prise en charge\\r\\nStockage : de 200 000 cartes et 600 000 \u00e9v\u00e9nements\\r\\nContr\u00f4leurs d\u2019acc\u00e8s : Jusqu'\u00e0 64 contr\u00f4leurs d'acc\u00e8s distribu\u00e9s peuvent \u00eatre connect\u00e9s\\r\\nPortes contr\u00f4l\u00e9es : Jusqu'\u00e0 128 portes peuvent \u00eatre contr\u00f4l\u00e9es\\r\\nAlarme : Entr\u00e9e\/sortie d'alarme et t\u00e9l\u00e9chargement d'\u00e9v\u00e9nement d'alarme\\r\\nCommunication : RS-485 et TCP\/IP pour la communication\\r\\n&quot;}\" data-sheets-userformat=\"{&quot;2&quot;:961,&quot;3&quot;:{&quot;1&quot;:0},&quot;9&quot;:1,&quot;10&quot;:1,&quot;11&quot;:4,&quot;12&quot;:0}\"><strong>R\u00e9f\u00e9rence : DS-K2700<\/strong><\/span><\/li>\n<li><span data-sheets-value=\"{&quot;1&quot;:2,&quot;2&quot;:&quot;Temp\u00e9rature de fonctionnement : -20\u00b0C \u00e0 +70\u00b0C \\r\\nBatterie : Prise en charge\\r\\nStockage : de 200 000 cartes et 600 000 \u00e9v\u00e9nements\\r\\nContr\u00f4leurs d\u2019acc\u00e8s : Jusqu'\u00e0 64 contr\u00f4leurs d'acc\u00e8s distribu\u00e9s peuvent \u00eatre connect\u00e9s\\r\\nPortes contr\u00f4l\u00e9es : Jusqu'\u00e0 128 portes peuvent \u00eatre contr\u00f4l\u00e9es\\r\\nAlarme : Entr\u00e9e\/sortie d'alarme et t\u00e9l\u00e9chargement d'\u00e9v\u00e9nement d'alarme\\r\\nCommunication : RS-485 et TCP\/IP pour la communication\\r\\n&quot;}\" data-sheets-userformat=\"{&quot;2&quot;:961,&quot;3&quot;:{&quot;1&quot;:0},&quot;9&quot;:1,&quot;10&quot;:1,&quot;11&quot;:4,&quot;12&quot;:0}\">Temp\u00e9rature de fonctionnement : -20\u00b0C \u00e0 +70\u00b0C <\/span><\/li>\n<li><span data-sheets-value=\"{&quot;1&quot;:2,&quot;2&quot;:&quot;Temp\u00e9rature de fonctionnement : -20\u00b0C \u00e0 +70\u00b0C \\r\\nBatterie : Prise en charge\\r\\nStockage : de 200 000 cartes et 600 000 \u00e9v\u00e9nements\\r\\nContr\u00f4leurs d\u2019acc\u00e8s : Jusqu'\u00e0 64 contr\u00f4leurs d'acc\u00e8s distribu\u00e9s peuvent \u00eatre connect\u00e9s\\r\\nPortes contr\u00f4l\u00e9es : Jusqu'\u00e0 128 portes peuvent \u00eatre contr\u00f4l\u00e9es\\r\\nAlarme : Entr\u00e9e\/sortie d'alarme et t\u00e9l\u00e9chargement d'\u00e9v\u00e9nement d'alarme\\r\\nCommunication : RS-485 et TCP\/IP pour la communication\\r\\n&quot;}\" data-sheets-userformat=\"{&quot;2&quot;:961,&quot;3&quot;:{&quot;1&quot;:0},&quot;9&quot;:1,&quot;10&quot;:1,&quot;11&quot;:4,&quot;12&quot;:0}\">Batterie : Prise en charge<\/span><\/li>\n<li><span data-sheets-value=\"{&quot;1&quot;:2,&quot;2&quot;:&quot;Temp\u00e9rature de fonctionnement : -20\u00b0C \u00e0 +70\u00b0C \\r\\nBatterie : Prise en charge\\r\\nStockage : de 200 000 cartes et 600 000 \u00e9v\u00e9nements\\r\\nContr\u00f4leurs d\u2019acc\u00e8s : Jusqu'\u00e0 64 contr\u00f4leurs d'acc\u00e8s distribu\u00e9s peuvent \u00eatre connect\u00e9s\\r\\nPortes contr\u00f4l\u00e9es : Jusqu'\u00e0 128 portes peuvent \u00eatre contr\u00f4l\u00e9es\\r\\nAlarme : Entr\u00e9e\/sortie d'alarme et t\u00e9l\u00e9chargement d'\u00e9v\u00e9nement d'alarme\\r\\nCommunication : RS-485 et TCP\/IP pour la communication\\r\\n&quot;}\" data-sheets-userformat=\"{&quot;2&quot;:961,&quot;3&quot;:{&quot;1&quot;:0},&quot;9&quot;:1,&quot;10&quot;:1,&quot;11&quot;:4,&quot;12&quot;:0}\"> Stockage : de 200 000 cartes et 600 000 \u00e9v\u00e9nements <\/span><\/li>\n<li><span data-sheets-value=\"{&quot;1&quot;:2,&quot;2&quot;:&quot;Temp\u00e9rature de fonctionnement : -20\u00b0C \u00e0 +70\u00b0C \\r\\nBatterie : Prise en charge\\r\\nStockage : de 200 000 cartes et 600 000 \u00e9v\u00e9nements\\r\\nContr\u00f4leurs d\u2019acc\u00e8s : Jusqu'\u00e0 64 contr\u00f4leurs d'acc\u00e8s distribu\u00e9s peuvent \u00eatre connect\u00e9s\\r\\nPortes contr\u00f4l\u00e9es : Jusqu'\u00e0 128 portes peuvent \u00eatre contr\u00f4l\u00e9es\\r\\nAlarme : Entr\u00e9e\/sortie d'alarme et t\u00e9l\u00e9chargement d'\u00e9v\u00e9nement d'alarme\\r\\nCommunication : RS-485 et TCP\/IP pour la communication\\r\\n&quot;}\" data-sheets-userformat=\"{&quot;2&quot;:961,&quot;3&quot;:{&quot;1&quot;:0},&quot;9&quot;:1,&quot;10&quot;:1,&quot;11&quot;:4,&quot;12&quot;:0}\">Contr\u00f4leurs d\u2019acc\u00e8s : Jusqu&rsquo;\u00e0 64 contr\u00f4leurs d&rsquo;acc\u00e8s distribu\u00e9s peuvent \u00eatre connect\u00e9s <\/span><\/li>\n<li><span data-sheets-value=\"{&quot;1&quot;:2,&quot;2&quot;:&quot;Temp\u00e9rature de fonctionnement : -20\u00b0C \u00e0 +70\u00b0C \\r\\nBatterie : Prise en charge\\r\\nStockage : de 200 000 cartes et 600 000 \u00e9v\u00e9nements\\r\\nContr\u00f4leurs d\u2019acc\u00e8s : Jusqu'\u00e0 64 contr\u00f4leurs d'acc\u00e8s distribu\u00e9s peuvent \u00eatre connect\u00e9s\\r\\nPortes contr\u00f4l\u00e9es : Jusqu'\u00e0 128 portes peuvent \u00eatre contr\u00f4l\u00e9es\\r\\nAlarme : Entr\u00e9e\/sortie d'alarme et t\u00e9l\u00e9chargement d'\u00e9v\u00e9nement d'alarme\\r\\nCommunication : RS-485 et TCP\/IP pour la communication\\r\\n&quot;}\" data-sheets-userformat=\"{&quot;2&quot;:961,&quot;3&quot;:{&quot;1&quot;:0},&quot;9&quot;:1,&quot;10&quot;:1,&quot;11&quot;:4,&quot;12&quot;:0}\">Portes contr\u00f4l\u00e9es : Jusqu&rsquo;\u00e0 128 portes peuvent \u00eatre contr\u00f4l\u00e9es<\/span><\/li>\n<li><span data-sheets-value=\"{&quot;1&quot;:2,&quot;2&quot;:&quot;Temp\u00e9rature de fonctionnement : -20\u00b0C \u00e0 +70\u00b0C \\r\\nBatterie : Prise en charge\\r\\nStockage : de 200 000 cartes et 600 000 \u00e9v\u00e9nements\\r\\nContr\u00f4leurs d\u2019acc\u00e8s : Jusqu'\u00e0 64 contr\u00f4leurs d'acc\u00e8s distribu\u00e9s peuvent \u00eatre connect\u00e9s\\r\\nPortes contr\u00f4l\u00e9es : Jusqu'\u00e0 128 portes peuvent \u00eatre contr\u00f4l\u00e9es\\r\\nAlarme : Entr\u00e9e\/sortie d'alarme et t\u00e9l\u00e9chargement d'\u00e9v\u00e9nement d'alarme\\r\\nCommunication : RS-485 et TCP\/IP pour la communication\\r\\n&quot;}\" data-sheets-userformat=\"{&quot;2&quot;:961,&quot;3&quot;:{&quot;1&quot;:0},&quot;9&quot;:1,&quot;10&quot;:1,&quot;11&quot;:4,&quot;12&quot;:0}\"> Alarme : Entr\u00e9e\/sortie d&rsquo;alarme et t\u00e9l\u00e9chargement d&rsquo;\u00e9v\u00e9nement d&rsquo;alarme<\/span><\/li>\n<li><span data-sheets-value=\"{&quot;1&quot;:2,&quot;2&quot;:&quot;Temp\u00e9rature de fonctionnement : -20\u00b0C \u00e0 +70\u00b0C \\r\\nBatterie : Prise en charge\\r\\nStockage : de 200 000 cartes et 600 000 \u00e9v\u00e9nements\\r\\nContr\u00f4leurs d\u2019acc\u00e8s : Jusqu'\u00e0 64 contr\u00f4leurs d'acc\u00e8s distribu\u00e9s peuvent \u00eatre connect\u00e9s\\r\\nPortes contr\u00f4l\u00e9es : Jusqu'\u00e0 128 portes peuvent \u00eatre contr\u00f4l\u00e9es\\r\\nAlarme : Entr\u00e9e\/sortie d'alarme et t\u00e9l\u00e9chargement d'\u00e9v\u00e9nement d'alarme\\r\\nCommunication : RS-485 et TCP\/IP pour la communication\\r\\n&quot;}\" data-sheets-userformat=\"{&quot;2&quot;:961,&quot;3&quot;:{&quot;1&quot;:0},&quot;9&quot;:1,&quot;10&quot;:1,&quot;11&quot;:4,&quot;12&quot;:0}\"> Communication : RS-485 et TCP\/IP pour la communication <\/span><\/li>\n<\/ul>","protected":false},"featured_media":7989,"comment_status":"open","ping_status":"closed","template":"","meta":{"_acf_changed":false},"product_brand":[],"product_cat":[390,722],"product_tag":[],"class_list":{"0":"post-7988","1":"product","2":"type-product","3":"status-publish","4":"has-post-thumbnail","6":"product_cat-alarmes-et-video","7":"product_cat-portier","9":"first","10":"instock","11":"taxable","12":"shipping-taxable","13":"product-type-simple"},"acf":[],"yoast_head":"<!-- This site is optimized with the Yoast SEO plugin v27.4 - https:\/\/yoast.com\/product\/yoast-seo-wordpress\/ -->\n<title>Centrale de contr\u00f4le d&#039;acc\u00e8s Master 128 Portes - K2group Distribution<\/title>\n<meta name=\"robots\" content=\"noindex, follow, max-snippet:-1, max-image-preview:large, max-video-preview:-1\" \/>\n<meta property=\"og:locale\" content=\"de_DE\" \/>\n<meta property=\"og:type\" content=\"article\" \/>\n<meta property=\"og:title\" content=\"Centrale de contr\u00f4le d&#039;acc\u00e8s Master 128 Portes - K2group Distribution\" \/>\n<meta property=\"og:description\" content=\"R\u00e9f\u00e9rence : DS-K2700 Temp\u00e9rature de fonctionnement : -20\u00b0C \u00e0 +70\u00b0C  Batterie : Prise en charge  Stockage : de 200 000 cartes et 600 000 \u00e9v\u00e9nements  Contr\u00f4leurs d\u2019acc\u00e8s : Jusqu&#039;\u00e0 64 contr\u00f4leurs d&#039;acc\u00e8s distribu\u00e9s peuvent \u00eatre connect\u00e9s  Portes contr\u00f4l\u00e9es : Jusqu&#039;\u00e0 128 portes peuvent \u00eatre contr\u00f4l\u00e9es  Alarme : Entr\u00e9e\/sortie d&#039;alarme et t\u00e9l\u00e9chargement d&#039;\u00e9v\u00e9nement d&#039;alarme  Communication : RS-485 et TCP\/IP pour la communication\" \/>\n<meta property=\"og:url\" content=\"https:\/\/exciting-lichterman.217-160-28-49.plesk.page\/de\/produkt\/centrale-de-controle-dacces-master-128-portes\/\" \/>\n<meta property=\"og:site_name\" content=\"K2group Distribution\" \/>\n<meta property=\"article:modified_time\" content=\"2023-05-30T14:17:15+00:00\" \/>\n<meta property=\"og:image\" content=\"https:\/\/exciting-lichterman.217-160-28-49.plesk.page\/wp-content\/uploads\/2022\/05\/DS-K2700-scaled.webp\" \/>\n\t<meta property=\"og:image:width\" content=\"2560\" \/>\n\t<meta property=\"og:image:height\" content=\"2545\" \/>\n\t<meta property=\"og:image:type\" content=\"image\/webp\" \/>\n<meta name=\"twitter:card\" content=\"summary_large_image\" \/>\n<meta name=\"twitter:label1\" content=\"Gesch\u00e4tzte Lesezeit\" \/>\n\t<meta name=\"twitter:data1\" content=\"1\u00a0Minute\" \/>\n<script type=\"application\/ld+json\" class=\"yoast-schema-graph\">{\"@context\":\"https:\\\/\\\/schema.org\",\"@graph\":[{\"@type\":\"WebPage\",\"@id\":\"https:\\\/\\\/exciting-lichterman.217-160-28-49.plesk.page\\\/produit\\\/centrale-de-controle-dacces-master-128-portes\\\/\",\"url\":\"https:\\\/\\\/exciting-lichterman.217-160-28-49.plesk.page\\\/produit\\\/centrale-de-controle-dacces-master-128-portes\\\/\",\"name\":\"Centrale de contr\u00f4le d'acc\u00e8s Master 128 Portes - K2group Distribution\",\"isPartOf\":{\"@id\":\"https:\\\/\\\/exciting-lichterman.217-160-28-49.plesk.page\\\/#website\"},\"primaryImageOfPage\":{\"@id\":\"https:\\\/\\\/exciting-lichterman.217-160-28-49.plesk.page\\\/produit\\\/centrale-de-controle-dacces-master-128-portes\\\/#primaryimage\"},\"image\":{\"@id\":\"https:\\\/\\\/exciting-lichterman.217-160-28-49.plesk.page\\\/produit\\\/centrale-de-controle-dacces-master-128-portes\\\/#primaryimage\"},\"thumbnailUrl\":\"https:\\\/\\\/exciting-lichterman.217-160-28-49.plesk.page\\\/wp-content\\\/uploads\\\/2022\\\/05\\\/DS-K2700-scaled.webp\",\"datePublished\":\"2022-05-15T21:10:01+00:00\",\"dateModified\":\"2023-05-30T14:17:15+00:00\",\"breadcrumb\":{\"@id\":\"https:\\\/\\\/exciting-lichterman.217-160-28-49.plesk.page\\\/produit\\\/centrale-de-controle-dacces-master-128-portes\\\/#breadcrumb\"},\"inLanguage\":\"de\",\"potentialAction\":[{\"@type\":\"ReadAction\",\"target\":[\"https:\\\/\\\/exciting-lichterman.217-160-28-49.plesk.page\\\/produit\\\/centrale-de-controle-dacces-master-128-portes\\\/\"]}]},{\"@type\":\"ImageObject\",\"inLanguage\":\"de\",\"@id\":\"https:\\\/\\\/exciting-lichterman.217-160-28-49.plesk.page\\\/produit\\\/centrale-de-controle-dacces-master-128-portes\\\/#primaryimage\",\"url\":\"https:\\\/\\\/exciting-lichterman.217-160-28-49.plesk.page\\\/wp-content\\\/uploads\\\/2022\\\/05\\\/DS-K2700-scaled.webp\",\"contentUrl\":\"https:\\\/\\\/exciting-lichterman.217-160-28-49.plesk.page\\\/wp-content\\\/uploads\\\/2022\\\/05\\\/DS-K2700-scaled.webp\",\"width\":2560,\"height\":2545},{\"@type\":\"BreadcrumbList\",\"@id\":\"https:\\\/\\\/exciting-lichterman.217-160-28-49.plesk.page\\\/produit\\\/centrale-de-controle-dacces-master-128-portes\\\/#breadcrumb\",\"itemListElement\":[{\"@type\":\"ListItem\",\"position\":1,\"name\":\"Accueil\",\"item\":\"https:\\\/\\\/exciting-lichterman.217-160-28-49.plesk.page\\\/\"},{\"@type\":\"ListItem\",\"position\":2,\"name\":\"Boutique\",\"item\":\"https:\\\/\\\/exciting-lichterman.217-160-28-49.plesk.page\\\/boutique\\\/\"},{\"@type\":\"ListItem\",\"position\":3,\"name\":\"Centrale de contr\u00f4le d&rsquo;acc\u00e8s Master 128 Portes\"}]},{\"@type\":\"WebSite\",\"@id\":\"https:\\\/\\\/exciting-lichterman.217-160-28-49.plesk.page\\\/#website\",\"url\":\"https:\\\/\\\/exciting-lichterman.217-160-28-49.plesk.page\\\/\",\"name\":\"K2group Distribution\",\"description\":\"\",\"publisher\":{\"@id\":\"https:\\\/\\\/exciting-lichterman.217-160-28-49.plesk.page\\\/#organization\"},\"potentialAction\":[{\"@type\":\"SearchAction\",\"target\":{\"@type\":\"EntryPoint\",\"urlTemplate\":\"https:\\\/\\\/exciting-lichterman.217-160-28-49.plesk.page\\\/?s={search_term_string}\"},\"query-input\":{\"@type\":\"PropertyValueSpecification\",\"valueRequired\":true,\"valueName\":\"search_term_string\"}}],\"inLanguage\":\"de\"},{\"@type\":\"Organization\",\"@id\":\"https:\\\/\\\/exciting-lichterman.217-160-28-49.plesk.page\\\/#organization\",\"name\":\"K2group Distribution\",\"url\":\"https:\\\/\\\/exciting-lichterman.217-160-28-49.plesk.page\\\/\",\"logo\":{\"@type\":\"ImageObject\",\"inLanguage\":\"de\",\"@id\":\"https:\\\/\\\/exciting-lichterman.217-160-28-49.plesk.page\\\/#\\\/schema\\\/logo\\\/image\\\/\",\"url\":\"https:\\\/\\\/exciting-lichterman.217-160-28-49.plesk.page\\\/wp-content\\\/uploads\\\/2022\\\/04\\\/logo-K2.png\",\"contentUrl\":\"https:\\\/\\\/exciting-lichterman.217-160-28-49.plesk.page\\\/wp-content\\\/uploads\\\/2022\\\/04\\\/logo-K2.png\",\"width\":155,\"height\":66,\"caption\":\"K2group Distribution\"},\"image\":{\"@id\":\"https:\\\/\\\/exciting-lichterman.217-160-28-49.plesk.page\\\/#\\\/schema\\\/logo\\\/image\\\/\"}}]}<\/script>\n<!-- \/ Yoast SEO plugin. -->","yoast_head_json":{"title":"Centrale de contr\u00f4le d'acc\u00e8s Master 128 Portes - K2group Distribution","robots":{"index":"noindex","follow":"follow","max-snippet":"max-snippet:-1","max-image-preview":"max-image-preview:large","max-video-preview":"max-video-preview:-1"},"og_locale":"de_DE","og_type":"article","og_title":"Centrale de contr\u00f4le d'acc\u00e8s Master 128 Portes - K2group Distribution","og_description":"R\u00e9f\u00e9rence : DS-K2700 Temp\u00e9rature de fonctionnement : -20\u00b0C \u00e0 +70\u00b0C  Batterie : Prise en charge  Stockage : de 200 000 cartes et 600 000 \u00e9v\u00e9nements  Contr\u00f4leurs d\u2019acc\u00e8s : Jusqu'\u00e0 64 contr\u00f4leurs d'acc\u00e8s distribu\u00e9s peuvent \u00eatre connect\u00e9s  Portes contr\u00f4l\u00e9es : Jusqu'\u00e0 128 portes peuvent \u00eatre contr\u00f4l\u00e9es  Alarme : Entr\u00e9e\/sortie d'alarme et t\u00e9l\u00e9chargement d'\u00e9v\u00e9nement d'alarme  Communication : RS-485 et TCP\/IP pour la communication","og_url":"https:\/\/exciting-lichterman.217-160-28-49.plesk.page\/de\/produkt\/centrale-de-controle-dacces-master-128-portes\/","og_site_name":"K2group Distribution","article_modified_time":"2023-05-30T14:17:15+00:00","og_image":[{"width":2560,"height":2545,"url":"https:\/\/exciting-lichterman.217-160-28-49.plesk.page\/wp-content\/uploads\/2022\/05\/DS-K2700-scaled.webp","type":"image\/webp"}],"twitter_card":"summary_large_image","twitter_misc":{"Gesch\u00e4tzte Lesezeit":"1\u00a0Minute"},"schema":{"@context":"https:\/\/schema.org","@graph":[{"@type":"WebPage","@id":"https:\/\/exciting-lichterman.217-160-28-49.plesk.page\/produit\/centrale-de-controle-dacces-master-128-portes\/","url":"https:\/\/exciting-lichterman.217-160-28-49.plesk.page\/produit\/centrale-de-controle-dacces-master-128-portes\/","name":"Centrale de contr\u00f4le d'acc\u00e8s Master 128 Portes - K2group Distribution","isPartOf":{"@id":"https:\/\/exciting-lichterman.217-160-28-49.plesk.page\/#website"},"primaryImageOfPage":{"@id":"https:\/\/exciting-lichterman.217-160-28-49.plesk.page\/produit\/centrale-de-controle-dacces-master-128-portes\/#primaryimage"},"image":{"@id":"https:\/\/exciting-lichterman.217-160-28-49.plesk.page\/produit\/centrale-de-controle-dacces-master-128-portes\/#primaryimage"},"thumbnailUrl":"https:\/\/exciting-lichterman.217-160-28-49.plesk.page\/wp-content\/uploads\/2022\/05\/DS-K2700-scaled.webp","datePublished":"2022-05-15T21:10:01+00:00","dateModified":"2023-05-30T14:17:15+00:00","breadcrumb":{"@id":"https:\/\/exciting-lichterman.217-160-28-49.plesk.page\/produit\/centrale-de-controle-dacces-master-128-portes\/#breadcrumb"},"inLanguage":"de","potentialAction":[{"@type":"ReadAction","target":["https:\/\/exciting-lichterman.217-160-28-49.plesk.page\/produit\/centrale-de-controle-dacces-master-128-portes\/"]}]},{"@type":"ImageObject","inLanguage":"de","@id":"https:\/\/exciting-lichterman.217-160-28-49.plesk.page\/produit\/centrale-de-controle-dacces-master-128-portes\/#primaryimage","url":"https:\/\/exciting-lichterman.217-160-28-49.plesk.page\/wp-content\/uploads\/2022\/05\/DS-K2700-scaled.webp","contentUrl":"https:\/\/exciting-lichterman.217-160-28-49.plesk.page\/wp-content\/uploads\/2022\/05\/DS-K2700-scaled.webp","width":2560,"height":2545},{"@type":"BreadcrumbList","@id":"https:\/\/exciting-lichterman.217-160-28-49.plesk.page\/produit\/centrale-de-controle-dacces-master-128-portes\/#breadcrumb","itemListElement":[{"@type":"ListItem","position":1,"name":"Accueil","item":"https:\/\/exciting-lichterman.217-160-28-49.plesk.page\/"},{"@type":"ListItem","position":2,"name":"Boutique","item":"https:\/\/exciting-lichterman.217-160-28-49.plesk.page\/boutique\/"},{"@type":"ListItem","position":3,"name":"Centrale de contr\u00f4le d&rsquo;acc\u00e8s Master 128 Portes"}]},{"@type":"WebSite","@id":"https:\/\/exciting-lichterman.217-160-28-49.plesk.page\/#website","url":"https:\/\/exciting-lichterman.217-160-28-49.plesk.page\/","name":"K2group Distribution","description":"","publisher":{"@id":"https:\/\/exciting-lichterman.217-160-28-49.plesk.page\/#organization"},"potentialAction":[{"@type":"SearchAction","target":{"@type":"EntryPoint","urlTemplate":"https:\/\/exciting-lichterman.217-160-28-49.plesk.page\/?s={search_term_string}"},"query-input":{"@type":"PropertyValueSpecification","valueRequired":true,"valueName":"search_term_string"}}],"inLanguage":"de"},{"@type":"Organization","@id":"https:\/\/exciting-lichterman.217-160-28-49.plesk.page\/#organization","name":"K2group Distribution","url":"https:\/\/exciting-lichterman.217-160-28-49.plesk.page\/","logo":{"@type":"ImageObject","inLanguage":"de","@id":"https:\/\/exciting-lichterman.217-160-28-49.plesk.page\/#\/schema\/logo\/image\/","url":"https:\/\/exciting-lichterman.217-160-28-49.plesk.page\/wp-content\/uploads\/2022\/04\/logo-K2.png","contentUrl":"https:\/\/exciting-lichterman.217-160-28-49.plesk.page\/wp-content\/uploads\/2022\/04\/logo-K2.png","width":155,"height":66,"caption":"K2group Distribution"},"image":{"@id":"https:\/\/exciting-lichterman.217-160-28-49.plesk.page\/#\/schema\/logo\/image\/"}}]}},"_links":{"self":[{"href":"https:\/\/exciting-lichterman.217-160-28-49.plesk.page\/de\/wp-json\/wp\/v2\/product\/7988","targetHints":{"allow":["GET"]}}],"collection":[{"href":"https:\/\/exciting-lichterman.217-160-28-49.plesk.page\/de\/wp-json\/wp\/v2\/product"}],"about":[{"href":"https:\/\/exciting-lichterman.217-160-28-49.plesk.page\/de\/wp-json\/wp\/v2\/types\/product"}],"replies":[{"embeddable":true,"href":"https:\/\/exciting-lichterman.217-160-28-49.plesk.page\/de\/wp-json\/wp\/v2\/comments?post=7988"}],"version-history":[{"count":5,"href":"https:\/\/exciting-lichterman.217-160-28-49.plesk.page\/de\/wp-json\/wp\/v2\/product\/7988\/revisions"}],"predecessor-version":[{"id":17088,"href":"https:\/\/exciting-lichterman.217-160-28-49.plesk.page\/de\/wp-json\/wp\/v2\/product\/7988\/revisions\/17088"}],"wp:featuredmedia":[{"embeddable":true,"href":"https:\/\/exciting-lichterman.217-160-28-49.plesk.page\/de\/wp-json\/wp\/v2\/media\/7989"}],"wp:attachment":[{"href":"https:\/\/exciting-lichterman.217-160-28-49.plesk.page\/de\/wp-json\/wp\/v2\/media?parent=7988"}],"wp:term":[{"taxonomy":"product_brand","embeddable":true,"href":"https:\/\/exciting-lichterman.217-160-28-49.plesk.page\/de\/wp-json\/wp\/v2\/product_brand?post=7988"},{"taxonomy":"product_cat","embeddable":true,"href":"https:\/\/exciting-lichterman.217-160-28-49.plesk.page\/de\/wp-json\/wp\/v2\/product_cat?post=7988"},{"taxonomy":"product_tag","embeddable":true,"href":"https:\/\/exciting-lichterman.217-160-28-49.plesk.page\/de\/wp-json\/wp\/v2\/product_tag?post=7988"}],"curies":[{"name":"wp","href":"https:\/\/api.w.org\/{rel}","templated":true}]}}