{"id":7972,"date":"2022-05-15T21:01:27","date_gmt":"2022-05-15T21:01:27","guid":{"rendered":"https:\/\/practical-elbakyan.82-165-223-183.plesk.page\/?post_type=product&#038;p=7972"},"modified":"2023-05-29T10:34:21","modified_gmt":"2023-05-29T10:34:21","slug":"camera-network-2-mpxls-ff-2-8-mm","status":"publish","type":"product","link":"https:\/\/exciting-lichterman.217-160-28-49.plesk.page\/de\/produkt\/camera-network-2-mpxls-ff-2-8-mm\/","title":{"rendered":"Cam\u00e9ra Network &#8211; 2 MPXLS &#8211; FF &#8211; 2.8 mm"},"content":{"rendered":"<h2 style=\"font-family:Poppins;font-size:14px; font-weight:400!important; line-height:2\">La cam\u00e9ra r\u00e9seau 2 MPXLS est dot\u00e9e de son bo\u00eetier en acier inoxydable 316\u2009L qui lui offre une protection optimale contre les environnements corrosifs tout en assurant une grande fiabilit\u00e9 et une bonne long\u00e9vit\u00e9 par rapport aux cam\u00e9ras standards.<\/h2>\n<p>R\u00e9sistante \u00e0 l&rsquo;eau, notre cam\u00e9ra emp\u00eache l&rsquo;infiltration d&rsquo;eau pour une utilisation en ext\u00e9rieur.<br \/>Le r\u00e9glage de l&rsquo;angle permet d&rsquo;ajuster l&rsquo;objectif de la cam\u00e9ra pour faire manuellement la mise au point dans diff\u00e9rentes directions (panoramique\/inclinaison\/rotation), pour une installation facile et parfaite.<\/p>","protected":false},"excerpt":{"rendered":"<ul>\n<li><strong>R\u00e9f\u00e9rence : DS-2XC6122FWD-IS(2.8mm)<\/strong><\/li>\n<li><span data-sheets-value=\"{&quot;1&quot;:2,&quot;2&quot;:&quot;\\nR\u00e9solution maximale : 2560 \u00d7 1944\\nAngle d'ajustement : inclinaison: de 0\u00b0 \u00e0 75\u00b0; Pan: de -30\u00b0 \u00e0 30\u00b0; Rotation: de 0\u00b0 \u00e0 360\u00b0\\nLens : 2,8 mm, champ de vision horizontal : 100\u00b0, champ de vision vertical : 53\u00b0 \\nDimensions : \u03a6 113 x 77.3 mm \\nPoids : 1680g&quot;}\" data-sheets-userformat=\"{&quot;2&quot;:961,&quot;3&quot;:{&quot;1&quot;:0},&quot;9&quot;:1,&quot;10&quot;:1,&quot;11&quot;:4,&quot;12&quot;:0}\">R\u00e9solution maximale : 2560 \u00d7 1944 <\/span><\/li>\n<li><span data-sheets-value=\"{&quot;1&quot;:2,&quot;2&quot;:&quot;\\nR\u00e9solution maximale : 2560 \u00d7 1944\\nAngle d'ajustement : inclinaison: de 0\u00b0 \u00e0 75\u00b0; Pan: de -30\u00b0 \u00e0 30\u00b0; Rotation: de 0\u00b0 \u00e0 360\u00b0\\nLens : 2,8 mm, champ de vision horizontal : 100\u00b0, champ de vision vertical : 53\u00b0 \\nDimensions : \u03a6 113 x 77.3 mm \\nPoids : 1680g&quot;}\" data-sheets-userformat=\"{&quot;2&quot;:961,&quot;3&quot;:{&quot;1&quot;:0},&quot;9&quot;:1,&quot;10&quot;:1,&quot;11&quot;:4,&quot;12&quot;:0}\">Angle d&rsquo;ajustement : inclinaison : de 0\u00b0 \u00e0 75\u00b0\u202f; Pan : de -30\u00b0 \u00e0 30\u00b0\u202f; Rotation : de 0\u00b0 \u00e0 360\u00b0 <\/span><\/li>\n<li><span data-sheets-value=\"{&quot;1&quot;:2,&quot;2&quot;:&quot;\\nR\u00e9solution maximale : 2560 \u00d7 1944\\nAngle d'ajustement : inclinaison: de 0\u00b0 \u00e0 75\u00b0; Pan: de -30\u00b0 \u00e0 30\u00b0; Rotation: de 0\u00b0 \u00e0 360\u00b0\\nLens : 2,8 mm, champ de vision horizontal : 100\u00b0, champ de vision vertical : 53\u00b0 \\nDimensions : \u03a6 113 x 77.3 mm \\nPoids : 1680g&quot;}\" data-sheets-userformat=\"{&quot;2&quot;:961,&quot;3&quot;:{&quot;1&quot;:0},&quot;9&quot;:1,&quot;10&quot;:1,&quot;11&quot;:4,&quot;12&quot;:0}\">Objectif : 2,8 mm, champ de vision horizontal : 100\u00b0, champ de vision vertical : 53\u00b0 <\/span><\/li>\n<li><span data-sheets-value=\"{&quot;1&quot;:2,&quot;2&quot;:&quot;\\nR\u00e9solution maximale : 2560 \u00d7 1944\\nAngle d'ajustement : inclinaison: de 0\u00b0 \u00e0 75\u00b0; Pan: de -30\u00b0 \u00e0 30\u00b0; Rotation: de 0\u00b0 \u00e0 360\u00b0\\nLens : 2,8 mm, champ de vision horizontal : 100\u00b0, champ de vision vertical : 53\u00b0 \\nDimensions : \u03a6 113 x 77.3 mm \\nPoids : 1680g&quot;}\" data-sheets-userformat=\"{&quot;2&quot;:961,&quot;3&quot;:{&quot;1&quot;:0},&quot;9&quot;:1,&quot;10&quot;:1,&quot;11&quot;:4,&quot;12&quot;:0}\">Dimensions : \u03a6 113 x 77.3 mm <\/span><\/li>\n<li><span data-sheets-value=\"{&quot;1&quot;:2,&quot;2&quot;:&quot;\\nR\u00e9solution maximale : 2560 \u00d7 1944\\nAngle d'ajustement : inclinaison: de 0\u00b0 \u00e0 75\u00b0; Pan: de -30\u00b0 \u00e0 30\u00b0; Rotation: de 0\u00b0 \u00e0 360\u00b0\\nLens : 2,8 mm, champ de vision horizontal : 100\u00b0, champ de vision vertical : 53\u00b0 \\nDimensions : \u03a6 113 x 77.3 mm \\nPoids : 1680g&quot;}\" data-sheets-userformat=\"{&quot;2&quot;:961,&quot;3&quot;:{&quot;1&quot;:0},&quot;9&quot;:1,&quot;10&quot;:1,&quot;11&quot;:4,&quot;12&quot;:0}\">Poids : 1680\u2009g<\/span><\/li>\n<\/ul>","protected":false},"featured_media":7973,"comment_status":"open","ping_status":"closed","template":"","meta":{"_acf_changed":false},"product_brand":[],"product_cat":[390,715],"product_tag":[],"class_list":{"0":"post-7972","1":"product","2":"type-product","3":"status-publish","4":"has-post-thumbnail","6":"product_cat-alarmes-et-video","7":"product_cat-camera-ip","9":"first","10":"instock","11":"taxable","12":"shipping-taxable","13":"product-type-simple"},"acf":[],"yoast_head":"<!-- This site is optimized with the Yoast SEO plugin v27.4 - https:\/\/yoast.com\/product\/yoast-seo-wordpress\/ -->\n<title>Cam\u00e9ra Network - 2 MPXLS - FF - 2.8 mm - K2group Distribution<\/title>\n<meta name=\"robots\" content=\"noindex, follow, max-snippet:-1, max-image-preview:large, max-video-preview:-1\" \/>\n<meta property=\"og:locale\" content=\"de_DE\" \/>\n<meta property=\"og:type\" content=\"article\" \/>\n<meta property=\"og:title\" content=\"Cam\u00e9ra Network - 2 MPXLS - FF - 2.8 mm - K2group Distribution\" \/>\n<meta property=\"og:description\" content=\"R\u00e9f\u00e9rence : DS-2XC6122FWD-IS(2.8mm) R\u00e9solution maximale : 2560 \u00d7 1944  Angle d&#039;ajustement : inclinaison : de 0\u00b0 \u00e0 75\u00b0\u202f; Pan : de -30\u00b0 \u00e0 30\u00b0\u202f; Rotation : de 0\u00b0 \u00e0 360\u00b0  Objectif : 2,8 mm, champ de vision horizontal : 100\u00b0, champ de vision vertical : 53\u00b0  Dimensions : \u03a6 113 x 77.3 mm  Poids : 1680\u2009g\" \/>\n<meta property=\"og:url\" content=\"https:\/\/exciting-lichterman.217-160-28-49.plesk.page\/de\/produkt\/camera-network-2-mpxls-ff-2-8-mm\/\" \/>\n<meta property=\"og:site_name\" content=\"K2group Distribution\" \/>\n<meta property=\"article:modified_time\" content=\"2023-05-29T10:34:21+00:00\" \/>\n<meta property=\"og:image\" content=\"https:\/\/exciting-lichterman.217-160-28-49.plesk.page\/wp-content\/uploads\/2022\/05\/DS-2XC6122FWD-IS2.8mm-scaled.webp\" \/>\n\t<meta property=\"og:image:width\" content=\"2560\" \/>\n\t<meta property=\"og:image:height\" content=\"2545\" \/>\n\t<meta property=\"og:image:type\" content=\"image\/webp\" \/>\n<meta name=\"twitter:card\" content=\"summary_large_image\" \/>\n<meta name=\"twitter:label1\" content=\"Gesch\u00e4tzte Lesezeit\" \/>\n\t<meta name=\"twitter:data1\" content=\"1\u00a0Minute\" \/>\n<script type=\"application\/ld+json\" class=\"yoast-schema-graph\">{\"@context\":\"https:\\\/\\\/schema.org\",\"@graph\":[{\"@type\":\"WebPage\",\"@id\":\"https:\\\/\\\/exciting-lichterman.217-160-28-49.plesk.page\\\/produit\\\/camera-network-2-mpxls-ff-2-8-mm\\\/\",\"url\":\"https:\\\/\\\/exciting-lichterman.217-160-28-49.plesk.page\\\/produit\\\/camera-network-2-mpxls-ff-2-8-mm\\\/\",\"name\":\"Cam\u00e9ra Network - 2 MPXLS - FF - 2.8 mm - K2group Distribution\",\"isPartOf\":{\"@id\":\"https:\\\/\\\/exciting-lichterman.217-160-28-49.plesk.page\\\/#website\"},\"primaryImageOfPage\":{\"@id\":\"https:\\\/\\\/exciting-lichterman.217-160-28-49.plesk.page\\\/produit\\\/camera-network-2-mpxls-ff-2-8-mm\\\/#primaryimage\"},\"image\":{\"@id\":\"https:\\\/\\\/exciting-lichterman.217-160-28-49.plesk.page\\\/produit\\\/camera-network-2-mpxls-ff-2-8-mm\\\/#primaryimage\"},\"thumbnailUrl\":\"https:\\\/\\\/exciting-lichterman.217-160-28-49.plesk.page\\\/wp-content\\\/uploads\\\/2022\\\/05\\\/DS-2XC6122FWD-IS2.8mm-scaled.webp\",\"datePublished\":\"2022-05-15T21:01:27+00:00\",\"dateModified\":\"2023-05-29T10:34:21+00:00\",\"breadcrumb\":{\"@id\":\"https:\\\/\\\/exciting-lichterman.217-160-28-49.plesk.page\\\/produit\\\/camera-network-2-mpxls-ff-2-8-mm\\\/#breadcrumb\"},\"inLanguage\":\"de\",\"potentialAction\":[{\"@type\":\"ReadAction\",\"target\":[\"https:\\\/\\\/exciting-lichterman.217-160-28-49.plesk.page\\\/produit\\\/camera-network-2-mpxls-ff-2-8-mm\\\/\"]}]},{\"@type\":\"ImageObject\",\"inLanguage\":\"de\",\"@id\":\"https:\\\/\\\/exciting-lichterman.217-160-28-49.plesk.page\\\/produit\\\/camera-network-2-mpxls-ff-2-8-mm\\\/#primaryimage\",\"url\":\"https:\\\/\\\/exciting-lichterman.217-160-28-49.plesk.page\\\/wp-content\\\/uploads\\\/2022\\\/05\\\/DS-2XC6122FWD-IS2.8mm-scaled.webp\",\"contentUrl\":\"https:\\\/\\\/exciting-lichterman.217-160-28-49.plesk.page\\\/wp-content\\\/uploads\\\/2022\\\/05\\\/DS-2XC6122FWD-IS2.8mm-scaled.webp\",\"width\":2560,\"height\":2545},{\"@type\":\"BreadcrumbList\",\"@id\":\"https:\\\/\\\/exciting-lichterman.217-160-28-49.plesk.page\\\/produit\\\/camera-network-2-mpxls-ff-2-8-mm\\\/#breadcrumb\",\"itemListElement\":[{\"@type\":\"ListItem\",\"position\":1,\"name\":\"Accueil\",\"item\":\"https:\\\/\\\/exciting-lichterman.217-160-28-49.plesk.page\\\/\"},{\"@type\":\"ListItem\",\"position\":2,\"name\":\"Boutique\",\"item\":\"https:\\\/\\\/exciting-lichterman.217-160-28-49.plesk.page\\\/boutique\\\/\"},{\"@type\":\"ListItem\",\"position\":3,\"name\":\"Cam\u00e9ra Network &#8211; 2 MPXLS &#8211; FF &#8211; 2.8 mm\"}]},{\"@type\":\"WebSite\",\"@id\":\"https:\\\/\\\/exciting-lichterman.217-160-28-49.plesk.page\\\/#website\",\"url\":\"https:\\\/\\\/exciting-lichterman.217-160-28-49.plesk.page\\\/\",\"name\":\"K2group Distribution\",\"description\":\"\",\"publisher\":{\"@id\":\"https:\\\/\\\/exciting-lichterman.217-160-28-49.plesk.page\\\/#organization\"},\"potentialAction\":[{\"@type\":\"SearchAction\",\"target\":{\"@type\":\"EntryPoint\",\"urlTemplate\":\"https:\\\/\\\/exciting-lichterman.217-160-28-49.plesk.page\\\/?s={search_term_string}\"},\"query-input\":{\"@type\":\"PropertyValueSpecification\",\"valueRequired\":true,\"valueName\":\"search_term_string\"}}],\"inLanguage\":\"de\"},{\"@type\":\"Organization\",\"@id\":\"https:\\\/\\\/exciting-lichterman.217-160-28-49.plesk.page\\\/#organization\",\"name\":\"K2group Distribution\",\"url\":\"https:\\\/\\\/exciting-lichterman.217-160-28-49.plesk.page\\\/\",\"logo\":{\"@type\":\"ImageObject\",\"inLanguage\":\"de\",\"@id\":\"https:\\\/\\\/exciting-lichterman.217-160-28-49.plesk.page\\\/#\\\/schema\\\/logo\\\/image\\\/\",\"url\":\"https:\\\/\\\/exciting-lichterman.217-160-28-49.plesk.page\\\/wp-content\\\/uploads\\\/2022\\\/04\\\/logo-K2.png\",\"contentUrl\":\"https:\\\/\\\/exciting-lichterman.217-160-28-49.plesk.page\\\/wp-content\\\/uploads\\\/2022\\\/04\\\/logo-K2.png\",\"width\":155,\"height\":66,\"caption\":\"K2group Distribution\"},\"image\":{\"@id\":\"https:\\\/\\\/exciting-lichterman.217-160-28-49.plesk.page\\\/#\\\/schema\\\/logo\\\/image\\\/\"}}]}<\/script>\n<!-- \/ Yoast SEO plugin. -->","yoast_head_json":{"title":"Cam\u00e9ra Network - 2 MPXLS - FF - 2.8 mm - K2group Distribution","robots":{"index":"noindex","follow":"follow","max-snippet":"max-snippet:-1","max-image-preview":"max-image-preview:large","max-video-preview":"max-video-preview:-1"},"og_locale":"de_DE","og_type":"article","og_title":"Cam\u00e9ra Network - 2 MPXLS - FF - 2.8 mm - K2group Distribution","og_description":"R\u00e9f\u00e9rence : DS-2XC6122FWD-IS(2.8mm) R\u00e9solution maximale : 2560 \u00d7 1944  Angle d'ajustement : inclinaison : de 0\u00b0 \u00e0 75\u00b0\u202f; Pan : de -30\u00b0 \u00e0 30\u00b0\u202f; Rotation : de 0\u00b0 \u00e0 360\u00b0  Objectif : 2,8 mm, champ de vision horizontal : 100\u00b0, champ de vision vertical : 53\u00b0  Dimensions : \u03a6 113 x 77.3 mm  Poids : 1680\u2009g","og_url":"https:\/\/exciting-lichterman.217-160-28-49.plesk.page\/de\/produkt\/camera-network-2-mpxls-ff-2-8-mm\/","og_site_name":"K2group Distribution","article_modified_time":"2023-05-29T10:34:21+00:00","og_image":[{"width":2560,"height":2545,"url":"https:\/\/exciting-lichterman.217-160-28-49.plesk.page\/wp-content\/uploads\/2022\/05\/DS-2XC6122FWD-IS2.8mm-scaled.webp","type":"image\/webp"}],"twitter_card":"summary_large_image","twitter_misc":{"Gesch\u00e4tzte Lesezeit":"1\u00a0Minute"},"schema":{"@context":"https:\/\/schema.org","@graph":[{"@type":"WebPage","@id":"https:\/\/exciting-lichterman.217-160-28-49.plesk.page\/produit\/camera-network-2-mpxls-ff-2-8-mm\/","url":"https:\/\/exciting-lichterman.217-160-28-49.plesk.page\/produit\/camera-network-2-mpxls-ff-2-8-mm\/","name":"Cam\u00e9ra Network - 2 MPXLS - FF - 2.8 mm - K2group Distribution","isPartOf":{"@id":"https:\/\/exciting-lichterman.217-160-28-49.plesk.page\/#website"},"primaryImageOfPage":{"@id":"https:\/\/exciting-lichterman.217-160-28-49.plesk.page\/produit\/camera-network-2-mpxls-ff-2-8-mm\/#primaryimage"},"image":{"@id":"https:\/\/exciting-lichterman.217-160-28-49.plesk.page\/produit\/camera-network-2-mpxls-ff-2-8-mm\/#primaryimage"},"thumbnailUrl":"https:\/\/exciting-lichterman.217-160-28-49.plesk.page\/wp-content\/uploads\/2022\/05\/DS-2XC6122FWD-IS2.8mm-scaled.webp","datePublished":"2022-05-15T21:01:27+00:00","dateModified":"2023-05-29T10:34:21+00:00","breadcrumb":{"@id":"https:\/\/exciting-lichterman.217-160-28-49.plesk.page\/produit\/camera-network-2-mpxls-ff-2-8-mm\/#breadcrumb"},"inLanguage":"de","potentialAction":[{"@type":"ReadAction","target":["https:\/\/exciting-lichterman.217-160-28-49.plesk.page\/produit\/camera-network-2-mpxls-ff-2-8-mm\/"]}]},{"@type":"ImageObject","inLanguage":"de","@id":"https:\/\/exciting-lichterman.217-160-28-49.plesk.page\/produit\/camera-network-2-mpxls-ff-2-8-mm\/#primaryimage","url":"https:\/\/exciting-lichterman.217-160-28-49.plesk.page\/wp-content\/uploads\/2022\/05\/DS-2XC6122FWD-IS2.8mm-scaled.webp","contentUrl":"https:\/\/exciting-lichterman.217-160-28-49.plesk.page\/wp-content\/uploads\/2022\/05\/DS-2XC6122FWD-IS2.8mm-scaled.webp","width":2560,"height":2545},{"@type":"BreadcrumbList","@id":"https:\/\/exciting-lichterman.217-160-28-49.plesk.page\/produit\/camera-network-2-mpxls-ff-2-8-mm\/#breadcrumb","itemListElement":[{"@type":"ListItem","position":1,"name":"Accueil","item":"https:\/\/exciting-lichterman.217-160-28-49.plesk.page\/"},{"@type":"ListItem","position":2,"name":"Boutique","item":"https:\/\/exciting-lichterman.217-160-28-49.plesk.page\/boutique\/"},{"@type":"ListItem","position":3,"name":"Cam\u00e9ra Network &#8211; 2 MPXLS &#8211; FF &#8211; 2.8 mm"}]},{"@type":"WebSite","@id":"https:\/\/exciting-lichterman.217-160-28-49.plesk.page\/#website","url":"https:\/\/exciting-lichterman.217-160-28-49.plesk.page\/","name":"K2group Distribution","description":"","publisher":{"@id":"https:\/\/exciting-lichterman.217-160-28-49.plesk.page\/#organization"},"potentialAction":[{"@type":"SearchAction","target":{"@type":"EntryPoint","urlTemplate":"https:\/\/exciting-lichterman.217-160-28-49.plesk.page\/?s={search_term_string}"},"query-input":{"@type":"PropertyValueSpecification","valueRequired":true,"valueName":"search_term_string"}}],"inLanguage":"de"},{"@type":"Organization","@id":"https:\/\/exciting-lichterman.217-160-28-49.plesk.page\/#organization","name":"K2group Distribution","url":"https:\/\/exciting-lichterman.217-160-28-49.plesk.page\/","logo":{"@type":"ImageObject","inLanguage":"de","@id":"https:\/\/exciting-lichterman.217-160-28-49.plesk.page\/#\/schema\/logo\/image\/","url":"https:\/\/exciting-lichterman.217-160-28-49.plesk.page\/wp-content\/uploads\/2022\/04\/logo-K2.png","contentUrl":"https:\/\/exciting-lichterman.217-160-28-49.plesk.page\/wp-content\/uploads\/2022\/04\/logo-K2.png","width":155,"height":66,"caption":"K2group Distribution"},"image":{"@id":"https:\/\/exciting-lichterman.217-160-28-49.plesk.page\/#\/schema\/logo\/image\/"}}]}},"_links":{"self":[{"href":"https:\/\/exciting-lichterman.217-160-28-49.plesk.page\/de\/wp-json\/wp\/v2\/product\/7972","targetHints":{"allow":["GET"]}}],"collection":[{"href":"https:\/\/exciting-lichterman.217-160-28-49.plesk.page\/de\/wp-json\/wp\/v2\/product"}],"about":[{"href":"https:\/\/exciting-lichterman.217-160-28-49.plesk.page\/de\/wp-json\/wp\/v2\/types\/product"}],"replies":[{"embeddable":true,"href":"https:\/\/exciting-lichterman.217-160-28-49.plesk.page\/de\/wp-json\/wp\/v2\/comments?post=7972"}],"version-history":[{"count":5,"href":"https:\/\/exciting-lichterman.217-160-28-49.plesk.page\/de\/wp-json\/wp\/v2\/product\/7972\/revisions"}],"predecessor-version":[{"id":16945,"href":"https:\/\/exciting-lichterman.217-160-28-49.plesk.page\/de\/wp-json\/wp\/v2\/product\/7972\/revisions\/16945"}],"wp:featuredmedia":[{"embeddable":true,"href":"https:\/\/exciting-lichterman.217-160-28-49.plesk.page\/de\/wp-json\/wp\/v2\/media\/7973"}],"wp:attachment":[{"href":"https:\/\/exciting-lichterman.217-160-28-49.plesk.page\/de\/wp-json\/wp\/v2\/media?parent=7972"}],"wp:term":[{"taxonomy":"product_brand","embeddable":true,"href":"https:\/\/exciting-lichterman.217-160-28-49.plesk.page\/de\/wp-json\/wp\/v2\/product_brand?post=7972"},{"taxonomy":"product_cat","embeddable":true,"href":"https:\/\/exciting-lichterman.217-160-28-49.plesk.page\/de\/wp-json\/wp\/v2\/product_cat?post=7972"},{"taxonomy":"product_tag","embeddable":true,"href":"https:\/\/exciting-lichterman.217-160-28-49.plesk.page\/de\/wp-json\/wp\/v2\/product_tag?post=7972"}],"curies":[{"name":"wp","href":"https:\/\/api.w.org\/{rel}","templated":true}]}}