{"id":7957,"date":"2022-05-15T20:52:43","date_gmt":"2022-05-15T20:52:43","guid":{"rendered":"https:\/\/practical-elbakyan.82-165-223-183.plesk.page\/?post_type=product&#038;p=7957"},"modified":"2023-05-30T16:52:18","modified_gmt":"2023-05-30T16:52:18","slug":"tube-ip-4-mpxls-ff-2-8-mm","status":"publish","type":"product","link":"https:\/\/exciting-lichterman.217-160-28-49.plesk.page\/de\/produkt\/tube-ip-4-mpxls-ff-2-8-mm\/","title":{"rendered":"Tube IP &#8211; 4 MPXLS  &#8211; FF &#8211; 2.8 mm"},"content":{"rendered":"<h2 style=\"font-family:Poppins;font-size:14px; font-weight:400!important; line-height:2\">K2 met \u00e0 votre disposition la cam\u00e9ra tube 4 m\u00e9gapixels d&rsquo;haute d\u00e9finition de la marque fameuse HIKVISION qui vous offre des r\u00e9sultats fiables de vid\u00e9osurveillance.<\/h2>\n<p>Cette cam\u00e9ra HIKVISION de forme tube 4 m\u00e9gapixels est un dispositif id\u00e9al pour l&rsquo;enregistrement clair et de haute performance de tout mouvement.<\/p>\n<p>Gr\u00e2ce \u00e0 sa r\u00e9sistance aux sources d&rsquo;eau et de poussi\u00e8re, cette cam\u00e9ra de 4 MP vous offre une image de haute performance de jour comme de nuit pour renforcer le niveau de s\u00e9curit\u00e9 de vos locaux.<\/p>","protected":false},"excerpt":{"rendered":"<ul>\n<li><strong>R\u00e9f\u00e9rence : DS-2CD2046G2-I*<\/strong><\/li>\n<li><span data-sheets-value=\"{&quot;1&quot;:2,&quot;2&quot;:&quot;Lens : 4 M\u00e9gapixels \\nR\u00e9solution : 2688 \u00d7 1520\\nVitesse d'obturation : 1\/3 s \u00e0 1\/100 000 s\\nPort\u00e9e IR : Jusqu'\u00e0 40 m\\nType : Cam\u00e9ra tube\\nCouleur : Noir \/ blanc \\nAlimentation : 12 VDC \u00b1 25%, reverse polarity protection \/ PoE: 802.3af, Class 3\\nStockage int\u00e9gr\u00e9 : Emplacement micro SD\/SDHC\/SDXC int\u00e9gr\u00e9, jusqu'\u00e0 256 Go\\nInterface Ethernet : 1 port Ethernet RJ45 10M\/100M auto-adaptatif\\nDimensions : \u00d8 70 mm \u00d7 161.7 mm\\nFonction : Capture de visage, anti-scintillement, rythme cardiaque, miroir, masque de confidentialit\u00e9, journal flash, r\u00e9initialisation du mot de passe par e-mail, compteur de pixels \\nPoids : Environ 485 grammes\\n&quot;}\" data-sheets-userformat=\"{&quot;2&quot;:961,&quot;3&quot;:{&quot;1&quot;:0},&quot;9&quot;:1,&quot;10&quot;:1,&quot;11&quot;:4,&quot;12&quot;:0}\">Lentilles : 4 M\u00e9gapixels<\/span><\/li>\n<li><span data-sheets-value=\"{&quot;1&quot;:2,&quot;2&quot;:&quot;Lens : 4 M\u00e9gapixels \\nR\u00e9solution : 2688 \u00d7 1520\\nVitesse d'obturation : 1\/3 s \u00e0 1\/100 000 s\\nPort\u00e9e IR : Jusqu'\u00e0 40 m\\nType : Cam\u00e9ra tube\\nCouleur : Noir \/ blanc \\nAlimentation : 12 VDC \u00b1 25%, reverse polarity protection \/ PoE: 802.3af, Class 3\\nStockage int\u00e9gr\u00e9 : Emplacement micro SD\/SDHC\/SDXC int\u00e9gr\u00e9, jusqu'\u00e0 256 Go\\nInterface Ethernet : 1 port Ethernet RJ45 10M\/100M auto-adaptatif\\nDimensions : \u00d8 70 mm \u00d7 161.7 mm\\nFonction : Capture de visage, anti-scintillement, rythme cardiaque, miroir, masque de confidentialit\u00e9, journal flash, r\u00e9initialisation du mot de passe par e-mail, compteur de pixels \\nPoids : Environ 485 grammes\\n&quot;}\" data-sheets-userformat=\"{&quot;2&quot;:961,&quot;3&quot;:{&quot;1&quot;:0},&quot;9&quot;:1,&quot;10&quot;:1,&quot;11&quot;:4,&quot;12&quot;:0}\">R\u00e9solution : 2688 \u00d7 1520<\/span><\/li>\n<li><span data-sheets-value=\"{&quot;1&quot;:2,&quot;2&quot;:&quot;Lens : 4 M\u00e9gapixels \\nR\u00e9solution : 2688 \u00d7 1520\\nVitesse d'obturation : 1\/3 s \u00e0 1\/100 000 s\\nPort\u00e9e IR : Jusqu'\u00e0 40 m\\nType : Cam\u00e9ra tube\\nCouleur : Noir \/ blanc \\nAlimentation : 12 VDC \u00b1 25%, reverse polarity protection \/ PoE: 802.3af, Class 3\\nStockage int\u00e9gr\u00e9 : Emplacement micro SD\/SDHC\/SDXC int\u00e9gr\u00e9, jusqu'\u00e0 256 Go\\nInterface Ethernet : 1 port Ethernet RJ45 10M\/100M auto-adaptatif\\nDimensions : \u00d8 70 mm \u00d7 161.7 mm\\nFonction : Capture de visage, anti-scintillement, rythme cardiaque, miroir, masque de confidentialit\u00e9, journal flash, r\u00e9initialisation du mot de passe par e-mail, compteur de pixels \\nPoids : Environ 485 grammes\\n&quot;}\" data-sheets-userformat=\"{&quot;2&quot;:961,&quot;3&quot;:{&quot;1&quot;:0},&quot;9&quot;:1,&quot;10&quot;:1,&quot;11&quot;:4,&quot;12&quot;:0}\">Vitesse d&rsquo;obturation : 1\/3 s \u00e0 1\/100 000 s <\/span><\/li>\n<li><span data-sheets-value=\"{&quot;1&quot;:2,&quot;2&quot;:&quot;Lens : 4 M\u00e9gapixels \\nR\u00e9solution : 2688 \u00d7 1520\\nVitesse d'obturation : 1\/3 s \u00e0 1\/100 000 s\\nPort\u00e9e IR : Jusqu'\u00e0 40 m\\nType : Cam\u00e9ra tube\\nCouleur : Noir \/ blanc \\nAlimentation : 12 VDC \u00b1 25%, reverse polarity protection \/ PoE: 802.3af, Class 3\\nStockage int\u00e9gr\u00e9 : Emplacement micro SD\/SDHC\/SDXC int\u00e9gr\u00e9, jusqu'\u00e0 256 Go\\nInterface Ethernet : 1 port Ethernet RJ45 10M\/100M auto-adaptatif\\nDimensions : \u00d8 70 mm \u00d7 161.7 mm\\nFonction : Capture de visage, anti-scintillement, rythme cardiaque, miroir, masque de confidentialit\u00e9, journal flash, r\u00e9initialisation du mot de passe par e-mail, compteur de pixels \\nPoids : Environ 485 grammes\\n&quot;}\" data-sheets-userformat=\"{&quot;2&quot;:961,&quot;3&quot;:{&quot;1&quot;:0},&quot;9&quot;:1,&quot;10&quot;:1,&quot;11&quot;:4,&quot;12&quot;:0}\">Port\u00e9e IR : Jusqu&rsquo;\u00e0 40 m <\/span><\/li>\n<li><span data-sheets-value=\"{&quot;1&quot;:2,&quot;2&quot;:&quot;Lens : 4 M\u00e9gapixels \\nR\u00e9solution : 2688 \u00d7 1520\\nVitesse d'obturation : 1\/3 s \u00e0 1\/100 000 s\\nPort\u00e9e IR : Jusqu'\u00e0 40 m\\nType : Cam\u00e9ra tube\\nCouleur : Noir \/ blanc \\nAlimentation : 12 VDC \u00b1 25%, reverse polarity protection \/ PoE: 802.3af, Class 3\\nStockage int\u00e9gr\u00e9 : Emplacement micro SD\/SDHC\/SDXC int\u00e9gr\u00e9, jusqu'\u00e0 256 Go\\nInterface Ethernet : 1 port Ethernet RJ45 10M\/100M auto-adaptatif\\nDimensions : \u00d8 70 mm \u00d7 161.7 mm\\nFonction : Capture de visage, anti-scintillement, rythme cardiaque, miroir, masque de confidentialit\u00e9, journal flash, r\u00e9initialisation du mot de passe par e-mail, compteur de pixels \\nPoids : Environ 485 grammes\\n&quot;}\" data-sheets-userformat=\"{&quot;2&quot;:961,&quot;3&quot;:{&quot;1&quot;:0},&quot;9&quot;:1,&quot;10&quot;:1,&quot;11&quot;:4,&quot;12&quot;:0}\">Type : Cam\u00e9ra tube <\/span><\/li>\n<li><span data-sheets-value=\"{&quot;1&quot;:2,&quot;2&quot;:&quot;Lens : 4 M\u00e9gapixels \\nR\u00e9solution : 2688 \u00d7 1520\\nVitesse d'obturation : 1\/3 s \u00e0 1\/100 000 s\\nPort\u00e9e IR : Jusqu'\u00e0 40 m\\nType : Cam\u00e9ra tube\\nCouleur : Noir \/ blanc \\nAlimentation : 12 VDC \u00b1 25%, reverse polarity protection \/ PoE: 802.3af, Class 3\\nStockage int\u00e9gr\u00e9 : Emplacement micro SD\/SDHC\/SDXC int\u00e9gr\u00e9, jusqu'\u00e0 256 Go\\nInterface Ethernet : 1 port Ethernet RJ45 10M\/100M auto-adaptatif\\nDimensions : \u00d8 70 mm \u00d7 161.7 mm\\nFonction : Capture de visage, anti-scintillement, rythme cardiaque, miroir, masque de confidentialit\u00e9, journal flash, r\u00e9initialisation du mot de passe par e-mail, compteur de pixels \\nPoids : Environ 485 grammes\\n&quot;}\" data-sheets-userformat=\"{&quot;2&quot;:961,&quot;3&quot;:{&quot;1&quot;:0},&quot;9&quot;:1,&quot;10&quot;:1,&quot;11&quot;:4,&quot;12&quot;:0}\">Couleur : Noir \/ blanc <\/span><\/li>\n<li><span data-sheets-value=\"{&quot;1&quot;:2,&quot;2&quot;:&quot;Lens : 4 M\u00e9gapixels \\nR\u00e9solution : 2688 \u00d7 1520\\nVitesse d'obturation : 1\/3 s \u00e0 1\/100 000 s\\nPort\u00e9e IR : Jusqu'\u00e0 40 m\\nType : Cam\u00e9ra tube\\nCouleur : Noir \/ blanc \\nAlimentation : 12 VDC \u00b1 25%, reverse polarity protection \/ PoE: 802.3af, Class 3\\nStockage int\u00e9gr\u00e9 : Emplacement micro SD\/SDHC\/SDXC int\u00e9gr\u00e9, jusqu'\u00e0 256 Go\\nInterface Ethernet : 1 port Ethernet RJ45 10M\/100M auto-adaptatif\\nDimensions : \u00d8 70 mm \u00d7 161.7 mm\\nFonction : Capture de visage, anti-scintillement, rythme cardiaque, miroir, masque de confidentialit\u00e9, journal flash, r\u00e9initialisation du mot de passe par e-mail, compteur de pixels \\nPoids : Environ 485 grammes\\n&quot;}\" data-sheets-userformat=\"{&quot;2&quot;:961,&quot;3&quot;:{&quot;1&quot;:0},&quot;9&quot;:1,&quot;10&quot;:1,&quot;11&quot;:4,&quot;12&quot;:0}\">Stockage int\u00e9gr\u00e9 : Emplacement micro SD\/SDHC\/SDXC int\u00e9gr\u00e9, jusqu&rsquo;\u00e0 256 Go <\/span><\/li>\n<li><span data-sheets-value=\"{&quot;1&quot;:2,&quot;2&quot;:&quot;Lens : 4 M\u00e9gapixels \\nR\u00e9solution : 2688 \u00d7 1520\\nVitesse d'obturation : 1\/3 s \u00e0 1\/100 000 s\\nPort\u00e9e IR : Jusqu'\u00e0 40 m\\nType : Cam\u00e9ra tube\\nCouleur : Noir \/ blanc \\nAlimentation : 12 VDC \u00b1 25%, reverse polarity protection \/ PoE: 802.3af, Class 3\\nStockage int\u00e9gr\u00e9 : Emplacement micro SD\/SDHC\/SDXC int\u00e9gr\u00e9, jusqu'\u00e0 256 Go\\nInterface Ethernet : 1 port Ethernet RJ45 10M\/100M auto-adaptatif\\nDimensions : \u00d8 70 mm \u00d7 161.7 mm\\nFonction : Capture de visage, anti-scintillement, rythme cardiaque, miroir, masque de confidentialit\u00e9, journal flash, r\u00e9initialisation du mot de passe par e-mail, compteur de pixels \\nPoids : Environ 485 grammes\\n&quot;}\" data-sheets-userformat=\"{&quot;2&quot;:961,&quot;3&quot;:{&quot;1&quot;:0},&quot;9&quot;:1,&quot;10&quot;:1,&quot;11&quot;:4,&quot;12&quot;:0}\">Interface Ethernet : 1 port Ethernet RJ45 10M\/100M auto-adaptatif <\/span><\/li>\n<li><span data-sheets-value=\"{&quot;1&quot;:2,&quot;2&quot;:&quot;Lens : 4 M\u00e9gapixels \\nR\u00e9solution : 2688 \u00d7 1520\\nVitesse d'obturation : 1\/3 s \u00e0 1\/100 000 s\\nPort\u00e9e IR : Jusqu'\u00e0 40 m\\nType : Cam\u00e9ra tube\\nCouleur : Noir \/ blanc \\nAlimentation : 12 VDC \u00b1 25%, reverse polarity protection \/ PoE: 802.3af, Class 3\\nStockage int\u00e9gr\u00e9 : Emplacement micro SD\/SDHC\/SDXC int\u00e9gr\u00e9, jusqu'\u00e0 256 Go\\nInterface Ethernet : 1 port Ethernet RJ45 10M\/100M auto-adaptatif\\nDimensions : \u00d8 70 mm \u00d7 161.7 mm\\nFonction : Capture de visage, anti-scintillement, rythme cardiaque, miroir, masque de confidentialit\u00e9, journal flash, r\u00e9initialisation du mot de passe par e-mail, compteur de pixels \\nPoids : Environ 485 grammes\\n&quot;}\" data-sheets-userformat=\"{&quot;2&quot;:961,&quot;3&quot;:{&quot;1&quot;:0},&quot;9&quot;:1,&quot;10&quot;:1,&quot;11&quot;:4,&quot;12&quot;:0}\">Dimensions : \u00d8 70 mm \u00d7 161.7 mm <\/span><\/li>\n<li><span data-sheets-value=\"{&quot;1&quot;:2,&quot;2&quot;:&quot;Lens : 4 M\u00e9gapixels \\nR\u00e9solution : 2688 \u00d7 1520\\nVitesse d'obturation : 1\/3 s \u00e0 1\/100 000 s\\nPort\u00e9e IR : Jusqu'\u00e0 40 m\\nType : Cam\u00e9ra tube\\nCouleur : Noir \/ blanc \\nAlimentation : 12 VDC \u00b1 25%, reverse polarity protection \/ PoE: 802.3af, Class 3\\nStockage int\u00e9gr\u00e9 : Emplacement micro SD\/SDHC\/SDXC int\u00e9gr\u00e9, jusqu'\u00e0 256 Go\\nInterface Ethernet : 1 port Ethernet RJ45 10M\/100M auto-adaptatif\\nDimensions : \u00d8 70 mm \u00d7 161.7 mm\\nFonction : Capture de visage, anti-scintillement, rythme cardiaque, miroir, masque de confidentialit\u00e9, journal flash, r\u00e9initialisation du mot de passe par e-mail, compteur de pixels \\nPoids : Environ 485 grammes\\n&quot;}\" data-sheets-userformat=\"{&quot;2&quot;:961,&quot;3&quot;:{&quot;1&quot;:0},&quot;9&quot;:1,&quot;10&quot;:1,&quot;11&quot;:4,&quot;12&quot;:0}\">Fonction : Capture de visage, anti-scintillement, rythme cardiaque, miroir, masque de confidentialit\u00e9, journal flash, r\u00e9initialisation du mot de passe par e-mail, compteur de pixels<\/span><\/li>\n<li><span data-sheets-value=\"{&quot;1&quot;:2,&quot;2&quot;:&quot;Lens : 4 M\u00e9gapixels \\nR\u00e9solution : 2688 \u00d7 1520\\nVitesse d'obturation : 1\/3 s \u00e0 1\/100 000 s\\nPort\u00e9e IR : Jusqu'\u00e0 40 m\\nType : Cam\u00e9ra tube\\nCouleur : Noir \/ blanc \\nAlimentation : 12 VDC \u00b1 25%, reverse polarity protection \/ PoE: 802.3af, Class 3\\nStockage int\u00e9gr\u00e9 : Emplacement micro SD\/SDHC\/SDXC int\u00e9gr\u00e9, jusqu'\u00e0 256 Go\\nInterface Ethernet : 1 port Ethernet RJ45 10M\/100M auto-adaptatif\\nDimensions : \u00d8 70 mm \u00d7 161.7 mm\\nFonction : Capture de visage, anti-scintillement, rythme cardiaque, miroir, masque de confidentialit\u00e9, journal flash, r\u00e9initialisation du mot de passe par e-mail, compteur de pixels \\nPoids : Environ 485 grammes\\n&quot;}\" data-sheets-userformat=\"{&quot;2&quot;:961,&quot;3&quot;:{&quot;1&quot;:0},&quot;9&quot;:1,&quot;10&quot;:1,&quot;11&quot;:4,&quot;12&quot;:0}\">Poids : Environ 485 grammes <\/span><\/li>\n<\/ul>","protected":false},"featured_media":7958,"comment_status":"open","ping_status":"closed","template":"","meta":{"_acf_changed":false},"product_brand":[],"product_cat":[390,715],"product_tag":[],"class_list":{"0":"post-7957","1":"product","2":"type-product","3":"status-publish","4":"has-post-thumbnail","6":"product_cat-alarmes-et-video","7":"product_cat-camera-ip","9":"first","10":"instock","11":"taxable","12":"shipping-taxable","13":"product-type-simple"},"acf":[],"yoast_head":"<!-- This site is optimized with the Yoast SEO plugin v27.4 - https:\/\/yoast.com\/product\/yoast-seo-wordpress\/ -->\n<title>Tube IP - 4 MPXLS - FF - 2.8 mm - K2group Distribution<\/title>\n<meta name=\"robots\" content=\"noindex, follow, max-snippet:-1, max-image-preview:large, max-video-preview:-1\" \/>\n<meta property=\"og:locale\" content=\"de_DE\" \/>\n<meta property=\"og:type\" content=\"article\" \/>\n<meta property=\"og:title\" content=\"Tube IP - 4 MPXLS - FF - 2.8 mm - K2group Distribution\" \/>\n<meta property=\"og:description\" content=\"R\u00e9f\u00e9rence : DS-2CD2046G2-I* Lentilles : 4 M\u00e9gapixels R\u00e9solution : 2688 \u00d7 1520 Vitesse d&#039;obturation : 1\/3 s \u00e0 1\/100 000 s  Port\u00e9e IR : Jusqu&#039;\u00e0 40 m  Type : Cam\u00e9ra tube  Couleur : Noir \/ blanc  Stockage int\u00e9gr\u00e9 : Emplacement micro SD\/SDHC\/SDXC int\u00e9gr\u00e9, jusqu&#039;\u00e0 256 Go  Interface Ethernet : 1 port Ethernet RJ45 10M\/100M auto-adaptatif  Dimensions : \u00d8 70 mm \u00d7 161.7 mm  Fonction : Capture de visage, anti-scintillement, rythme cardiaque, miroir, masque de confidentialit\u00e9, journal flash, r\u00e9initialisation du mot de passe par e-mail, compteur de pixels Poids : Environ 485 grammes\" \/>\n<meta property=\"og:url\" content=\"https:\/\/exciting-lichterman.217-160-28-49.plesk.page\/de\/produkt\/tube-ip-4-mpxls-ff-2-8-mm\/\" \/>\n<meta property=\"og:site_name\" content=\"K2group Distribution\" \/>\n<meta property=\"article:modified_time\" content=\"2023-05-30T16:52:18+00:00\" \/>\n<meta property=\"og:image\" content=\"https:\/\/exciting-lichterman.217-160-28-49.plesk.page\/wp-content\/uploads\/2022\/05\/DS-2CD2046G2-I-01-scaled.webp\" \/>\n\t<meta property=\"og:image:width\" content=\"2560\" \/>\n\t<meta property=\"og:image:height\" content=\"2545\" \/>\n\t<meta property=\"og:image:type\" content=\"image\/webp\" \/>\n<meta name=\"twitter:card\" content=\"summary_large_image\" \/>\n<meta name=\"twitter:label1\" content=\"Gesch\u00e4tzte Lesezeit\" \/>\n\t<meta name=\"twitter:data1\" content=\"1\u00a0Minute\" \/>\n<script type=\"application\/ld+json\" class=\"yoast-schema-graph\">{\"@context\":\"https:\\\/\\\/schema.org\",\"@graph\":[{\"@type\":\"WebPage\",\"@id\":\"https:\\\/\\\/exciting-lichterman.217-160-28-49.plesk.page\\\/produit\\\/tube-ip-4-mpxls-ff-2-8-mm\\\/\",\"url\":\"https:\\\/\\\/exciting-lichterman.217-160-28-49.plesk.page\\\/produit\\\/tube-ip-4-mpxls-ff-2-8-mm\\\/\",\"name\":\"Tube IP - 4 MPXLS - FF - 2.8 mm - K2group Distribution\",\"isPartOf\":{\"@id\":\"https:\\\/\\\/exciting-lichterman.217-160-28-49.plesk.page\\\/#website\"},\"primaryImageOfPage\":{\"@id\":\"https:\\\/\\\/exciting-lichterman.217-160-28-49.plesk.page\\\/produit\\\/tube-ip-4-mpxls-ff-2-8-mm\\\/#primaryimage\"},\"image\":{\"@id\":\"https:\\\/\\\/exciting-lichterman.217-160-28-49.plesk.page\\\/produit\\\/tube-ip-4-mpxls-ff-2-8-mm\\\/#primaryimage\"},\"thumbnailUrl\":\"https:\\\/\\\/exciting-lichterman.217-160-28-49.plesk.page\\\/wp-content\\\/uploads\\\/2022\\\/05\\\/DS-2CD2046G2-I-01-scaled.webp\",\"datePublished\":\"2022-05-15T20:52:43+00:00\",\"dateModified\":\"2023-05-30T16:52:18+00:00\",\"breadcrumb\":{\"@id\":\"https:\\\/\\\/exciting-lichterman.217-160-28-49.plesk.page\\\/produit\\\/tube-ip-4-mpxls-ff-2-8-mm\\\/#breadcrumb\"},\"inLanguage\":\"de\",\"potentialAction\":[{\"@type\":\"ReadAction\",\"target\":[\"https:\\\/\\\/exciting-lichterman.217-160-28-49.plesk.page\\\/produit\\\/tube-ip-4-mpxls-ff-2-8-mm\\\/\"]}]},{\"@type\":\"ImageObject\",\"inLanguage\":\"de\",\"@id\":\"https:\\\/\\\/exciting-lichterman.217-160-28-49.plesk.page\\\/produit\\\/tube-ip-4-mpxls-ff-2-8-mm\\\/#primaryimage\",\"url\":\"https:\\\/\\\/exciting-lichterman.217-160-28-49.plesk.page\\\/wp-content\\\/uploads\\\/2022\\\/05\\\/DS-2CD2046G2-I-01-scaled.webp\",\"contentUrl\":\"https:\\\/\\\/exciting-lichterman.217-160-28-49.plesk.page\\\/wp-content\\\/uploads\\\/2022\\\/05\\\/DS-2CD2046G2-I-01-scaled.webp\",\"width\":2560,\"height\":2545},{\"@type\":\"BreadcrumbList\",\"@id\":\"https:\\\/\\\/exciting-lichterman.217-160-28-49.plesk.page\\\/produit\\\/tube-ip-4-mpxls-ff-2-8-mm\\\/#breadcrumb\",\"itemListElement\":[{\"@type\":\"ListItem\",\"position\":1,\"name\":\"Accueil\",\"item\":\"https:\\\/\\\/exciting-lichterman.217-160-28-49.plesk.page\\\/\"},{\"@type\":\"ListItem\",\"position\":2,\"name\":\"Boutique\",\"item\":\"https:\\\/\\\/exciting-lichterman.217-160-28-49.plesk.page\\\/boutique\\\/\"},{\"@type\":\"ListItem\",\"position\":3,\"name\":\"Tube IP &#8211; 4 MPXLS &#8211; FF &#8211; 2.8 mm\"}]},{\"@type\":\"WebSite\",\"@id\":\"https:\\\/\\\/exciting-lichterman.217-160-28-49.plesk.page\\\/#website\",\"url\":\"https:\\\/\\\/exciting-lichterman.217-160-28-49.plesk.page\\\/\",\"name\":\"K2group Distribution\",\"description\":\"\",\"publisher\":{\"@id\":\"https:\\\/\\\/exciting-lichterman.217-160-28-49.plesk.page\\\/#organization\"},\"potentialAction\":[{\"@type\":\"SearchAction\",\"target\":{\"@type\":\"EntryPoint\",\"urlTemplate\":\"https:\\\/\\\/exciting-lichterman.217-160-28-49.plesk.page\\\/?s={search_term_string}\"},\"query-input\":{\"@type\":\"PropertyValueSpecification\",\"valueRequired\":true,\"valueName\":\"search_term_string\"}}],\"inLanguage\":\"de\"},{\"@type\":\"Organization\",\"@id\":\"https:\\\/\\\/exciting-lichterman.217-160-28-49.plesk.page\\\/#organization\",\"name\":\"K2group Distribution\",\"url\":\"https:\\\/\\\/exciting-lichterman.217-160-28-49.plesk.page\\\/\",\"logo\":{\"@type\":\"ImageObject\",\"inLanguage\":\"de\",\"@id\":\"https:\\\/\\\/exciting-lichterman.217-160-28-49.plesk.page\\\/#\\\/schema\\\/logo\\\/image\\\/\",\"url\":\"https:\\\/\\\/exciting-lichterman.217-160-28-49.plesk.page\\\/wp-content\\\/uploads\\\/2022\\\/04\\\/logo-K2.png\",\"contentUrl\":\"https:\\\/\\\/exciting-lichterman.217-160-28-49.plesk.page\\\/wp-content\\\/uploads\\\/2022\\\/04\\\/logo-K2.png\",\"width\":155,\"height\":66,\"caption\":\"K2group Distribution\"},\"image\":{\"@id\":\"https:\\\/\\\/exciting-lichterman.217-160-28-49.plesk.page\\\/#\\\/schema\\\/logo\\\/image\\\/\"}}]}<\/script>\n<!-- \/ Yoast SEO plugin. -->","yoast_head_json":{"title":"Tube IP - 4 MPXLS - FF - 2.8 mm - K2group Distribution","robots":{"index":"noindex","follow":"follow","max-snippet":"max-snippet:-1","max-image-preview":"max-image-preview:large","max-video-preview":"max-video-preview:-1"},"og_locale":"de_DE","og_type":"article","og_title":"Tube IP - 4 MPXLS - FF - 2.8 mm - K2group Distribution","og_description":"R\u00e9f\u00e9rence : DS-2CD2046G2-I* Lentilles : 4 M\u00e9gapixels R\u00e9solution : 2688 \u00d7 1520 Vitesse d'obturation : 1\/3 s \u00e0 1\/100 000 s  Port\u00e9e IR : Jusqu'\u00e0 40 m  Type : Cam\u00e9ra tube  Couleur : Noir \/ blanc  Stockage int\u00e9gr\u00e9 : Emplacement micro SD\/SDHC\/SDXC int\u00e9gr\u00e9, jusqu'\u00e0 256 Go  Interface Ethernet : 1 port Ethernet RJ45 10M\/100M auto-adaptatif  Dimensions : \u00d8 70 mm \u00d7 161.7 mm  Fonction : Capture de visage, anti-scintillement, rythme cardiaque, miroir, masque de confidentialit\u00e9, journal flash, r\u00e9initialisation du mot de passe par e-mail, compteur de pixels Poids : Environ 485 grammes","og_url":"https:\/\/exciting-lichterman.217-160-28-49.plesk.page\/de\/produkt\/tube-ip-4-mpxls-ff-2-8-mm\/","og_site_name":"K2group Distribution","article_modified_time":"2023-05-30T16:52:18+00:00","og_image":[{"width":2560,"height":2545,"url":"https:\/\/exciting-lichterman.217-160-28-49.plesk.page\/wp-content\/uploads\/2022\/05\/DS-2CD2046G2-I-01-scaled.webp","type":"image\/webp"}],"twitter_card":"summary_large_image","twitter_misc":{"Gesch\u00e4tzte Lesezeit":"1\u00a0Minute"},"schema":{"@context":"https:\/\/schema.org","@graph":[{"@type":"WebPage","@id":"https:\/\/exciting-lichterman.217-160-28-49.plesk.page\/produit\/tube-ip-4-mpxls-ff-2-8-mm\/","url":"https:\/\/exciting-lichterman.217-160-28-49.plesk.page\/produit\/tube-ip-4-mpxls-ff-2-8-mm\/","name":"Tube IP - 4 MPXLS - FF - 2.8 mm - K2group Distribution","isPartOf":{"@id":"https:\/\/exciting-lichterman.217-160-28-49.plesk.page\/#website"},"primaryImageOfPage":{"@id":"https:\/\/exciting-lichterman.217-160-28-49.plesk.page\/produit\/tube-ip-4-mpxls-ff-2-8-mm\/#primaryimage"},"image":{"@id":"https:\/\/exciting-lichterman.217-160-28-49.plesk.page\/produit\/tube-ip-4-mpxls-ff-2-8-mm\/#primaryimage"},"thumbnailUrl":"https:\/\/exciting-lichterman.217-160-28-49.plesk.page\/wp-content\/uploads\/2022\/05\/DS-2CD2046G2-I-01-scaled.webp","datePublished":"2022-05-15T20:52:43+00:00","dateModified":"2023-05-30T16:52:18+00:00","breadcrumb":{"@id":"https:\/\/exciting-lichterman.217-160-28-49.plesk.page\/produit\/tube-ip-4-mpxls-ff-2-8-mm\/#breadcrumb"},"inLanguage":"de","potentialAction":[{"@type":"ReadAction","target":["https:\/\/exciting-lichterman.217-160-28-49.plesk.page\/produit\/tube-ip-4-mpxls-ff-2-8-mm\/"]}]},{"@type":"ImageObject","inLanguage":"de","@id":"https:\/\/exciting-lichterman.217-160-28-49.plesk.page\/produit\/tube-ip-4-mpxls-ff-2-8-mm\/#primaryimage","url":"https:\/\/exciting-lichterman.217-160-28-49.plesk.page\/wp-content\/uploads\/2022\/05\/DS-2CD2046G2-I-01-scaled.webp","contentUrl":"https:\/\/exciting-lichterman.217-160-28-49.plesk.page\/wp-content\/uploads\/2022\/05\/DS-2CD2046G2-I-01-scaled.webp","width":2560,"height":2545},{"@type":"BreadcrumbList","@id":"https:\/\/exciting-lichterman.217-160-28-49.plesk.page\/produit\/tube-ip-4-mpxls-ff-2-8-mm\/#breadcrumb","itemListElement":[{"@type":"ListItem","position":1,"name":"Accueil","item":"https:\/\/exciting-lichterman.217-160-28-49.plesk.page\/"},{"@type":"ListItem","position":2,"name":"Boutique","item":"https:\/\/exciting-lichterman.217-160-28-49.plesk.page\/boutique\/"},{"@type":"ListItem","position":3,"name":"Tube IP &#8211; 4 MPXLS &#8211; FF &#8211; 2.8 mm"}]},{"@type":"WebSite","@id":"https:\/\/exciting-lichterman.217-160-28-49.plesk.page\/#website","url":"https:\/\/exciting-lichterman.217-160-28-49.plesk.page\/","name":"K2group Distribution","description":"","publisher":{"@id":"https:\/\/exciting-lichterman.217-160-28-49.plesk.page\/#organization"},"potentialAction":[{"@type":"SearchAction","target":{"@type":"EntryPoint","urlTemplate":"https:\/\/exciting-lichterman.217-160-28-49.plesk.page\/?s={search_term_string}"},"query-input":{"@type":"PropertyValueSpecification","valueRequired":true,"valueName":"search_term_string"}}],"inLanguage":"de"},{"@type":"Organization","@id":"https:\/\/exciting-lichterman.217-160-28-49.plesk.page\/#organization","name":"K2group Distribution","url":"https:\/\/exciting-lichterman.217-160-28-49.plesk.page\/","logo":{"@type":"ImageObject","inLanguage":"de","@id":"https:\/\/exciting-lichterman.217-160-28-49.plesk.page\/#\/schema\/logo\/image\/","url":"https:\/\/exciting-lichterman.217-160-28-49.plesk.page\/wp-content\/uploads\/2022\/04\/logo-K2.png","contentUrl":"https:\/\/exciting-lichterman.217-160-28-49.plesk.page\/wp-content\/uploads\/2022\/04\/logo-K2.png","width":155,"height":66,"caption":"K2group Distribution"},"image":{"@id":"https:\/\/exciting-lichterman.217-160-28-49.plesk.page\/#\/schema\/logo\/image\/"}}]}},"_links":{"self":[{"href":"https:\/\/exciting-lichterman.217-160-28-49.plesk.page\/de\/wp-json\/wp\/v2\/product\/7957","targetHints":{"allow":["GET"]}}],"collection":[{"href":"https:\/\/exciting-lichterman.217-160-28-49.plesk.page\/de\/wp-json\/wp\/v2\/product"}],"about":[{"href":"https:\/\/exciting-lichterman.217-160-28-49.plesk.page\/de\/wp-json\/wp\/v2\/types\/product"}],"replies":[{"embeddable":true,"href":"https:\/\/exciting-lichterman.217-160-28-49.plesk.page\/de\/wp-json\/wp\/v2\/comments?post=7957"}],"version-history":[{"count":5,"href":"https:\/\/exciting-lichterman.217-160-28-49.plesk.page\/de\/wp-json\/wp\/v2\/product\/7957\/revisions"}],"predecessor-version":[{"id":17249,"href":"https:\/\/exciting-lichterman.217-160-28-49.plesk.page\/de\/wp-json\/wp\/v2\/product\/7957\/revisions\/17249"}],"wp:featuredmedia":[{"embeddable":true,"href":"https:\/\/exciting-lichterman.217-160-28-49.plesk.page\/de\/wp-json\/wp\/v2\/media\/7958"}],"wp:attachment":[{"href":"https:\/\/exciting-lichterman.217-160-28-49.plesk.page\/de\/wp-json\/wp\/v2\/media?parent=7957"}],"wp:term":[{"taxonomy":"product_brand","embeddable":true,"href":"https:\/\/exciting-lichterman.217-160-28-49.plesk.page\/de\/wp-json\/wp\/v2\/product_brand?post=7957"},{"taxonomy":"product_cat","embeddable":true,"href":"https:\/\/exciting-lichterman.217-160-28-49.plesk.page\/de\/wp-json\/wp\/v2\/product_cat?post=7957"},{"taxonomy":"product_tag","embeddable":true,"href":"https:\/\/exciting-lichterman.217-160-28-49.plesk.page\/de\/wp-json\/wp\/v2\/product_tag?post=7957"}],"curies":[{"name":"wp","href":"https:\/\/api.w.org\/{rel}","templated":true}]}}