{"id":7910,"date":"2022-05-15T20:31:03","date_gmt":"2022-05-15T20:31:03","guid":{"rendered":"https:\/\/practical-elbakyan.82-165-223-183.plesk.page\/?post_type=product&#038;p=7910"},"modified":"2023-08-02T21:06:22","modified_gmt":"2023-08-02T21:06:22","slug":"contact-2-sortie-hik","status":"publish","type":"product","link":"https:\/\/exciting-lichterman.217-160-28-49.plesk.page\/de\/produkt\/contact-2-sortie-hik\/","title":{"rendered":"Contact 2 Sortie HIK"},"content":{"rendered":"<h2 style=\"font-family:Poppins;font-size:14px; font-weight:400!important; line-height:2\"> Le contact 2 Sortie HIK est un d\u00e9tecteur d\u2019ouverture sans fil qui signale les premiers signes d\u2019intrusion dans la pi\u00e8ce. <\/h2>\n<p>  Il peut \u00eatre mont\u00e9 sur tous types des portes comprenant la base en m\u00e9tal et les entr\u00e9es \u00e0 bord pour permettre \u00e0 l\u2019utilisateur d\u2019\u00e9tendre les applications connect\u00e9es \u00e0 diff\u00e9rents capteurs filaires.\u00a0<\/p>","protected":false},"excerpt":{"rendered":"<ul>\n<li><span data-sheets-value=\"{&quot;1&quot;:2,&quot;2&quot;:&quot;Couleur : Blanc\\nM\u00e9thode de d\u00e9tection : Contact d'ouverture\\n\u00c9cart de d\u00e9tection : 43 mm max.\\nProtection anti-sabotage : avant, arri\u00e8re\\nFr\u00e9quence d'\u00e9mission : 868MHz\\nM\u00e9thode d'inscription : Mise sous tension, identification \u00e0 distance, code QR\\nAlimentation : Batterie 3V\\nDimensions (LxHxP) : 22,5 mm \u00d7 103 mm \u00d7 23,2 mm\\nPoids : 59g\\nSc\u00e9nario d'application : Int\u00e9rieur&quot;}\" data-sheets-userformat=\"{&quot;2&quot;:961,&quot;3&quot;:{&quot;1&quot;:0},&quot;9&quot;:1,&quot;10&quot;:1,&quot;11&quot;:4,&quot;12&quot;:0}\"><strong>R\u00e9f\u00e9rence : DS-PDMC-EG2-WE<\/strong><\/span><\/li>\n<li><span data-sheets-value=\"{&quot;1&quot;:2,&quot;2&quot;:&quot;Couleur : Blanc\\nM\u00e9thode de d\u00e9tection : Contact d'ouverture\\n\u00c9cart de d\u00e9tection : 43 mm max.\\nProtection anti-sabotage : avant, arri\u00e8re\\nFr\u00e9quence d'\u00e9mission : 868MHz\\nM\u00e9thode d'inscription : Mise sous tension, identification \u00e0 distance, code QR\\nAlimentation : Batterie 3V\\nDimensions (LxHxP) : 22,5 mm \u00d7 103 mm \u00d7 23,2 mm\\nPoids : 59g\\nSc\u00e9nario d'application : Int\u00e9rieur&quot;}\" data-sheets-userformat=\"{&quot;2&quot;:961,&quot;3&quot;:{&quot;1&quot;:0},&quot;9&quot;:1,&quot;10&quot;:1,&quot;11&quot;:4,&quot;12&quot;:0}\">Couleur : Blanc <\/span><\/li>\n<li><span data-sheets-value=\"{&quot;1&quot;:2,&quot;2&quot;:&quot;Couleur : Blanc\\nM\u00e9thode de d\u00e9tection : Contact d'ouverture\\n\u00c9cart de d\u00e9tection : 43 mm max.\\nProtection anti-sabotage : avant, arri\u00e8re\\nFr\u00e9quence d'\u00e9mission : 868MHz\\nM\u00e9thode d'inscription : Mise sous tension, identification \u00e0 distance, code QR\\nAlimentation : Batterie 3V\\nDimensions (LxHxP) : 22,5 mm \u00d7 103 mm \u00d7 23,2 mm\\nPoids : 59g\\nSc\u00e9nario d'application : Int\u00e9rieur&quot;}\" data-sheets-userformat=\"{&quot;2&quot;:961,&quot;3&quot;:{&quot;1&quot;:0},&quot;9&quot;:1,&quot;10&quot;:1,&quot;11&quot;:4,&quot;12&quot;:0}\">M\u00e9thode de d\u00e9tection : Contact d&rsquo;ouverture<\/span><\/li>\n<li><span data-sheets-value=\"{&quot;1&quot;:2,&quot;2&quot;:&quot;Couleur : Blanc\\nM\u00e9thode de d\u00e9tection : Contact d'ouverture\\n\u00c9cart de d\u00e9tection : 43 mm max.\\nProtection anti-sabotage : avant, arri\u00e8re\\nFr\u00e9quence d'\u00e9mission : 868MHz\\nM\u00e9thode d'inscription : Mise sous tension, identification \u00e0 distance, code QR\\nAlimentation : Batterie 3V\\nDimensions (LxHxP) : 22,5 mm \u00d7 103 mm \u00d7 23,2 mm\\nPoids : 59g\\nSc\u00e9nario d'application : Int\u00e9rieur&quot;}\" data-sheets-userformat=\"{&quot;2&quot;:961,&quot;3&quot;:{&quot;1&quot;:0},&quot;9&quot;:1,&quot;10&quot;:1,&quot;11&quot;:4,&quot;12&quot;:0}\"> \u00c9cart de d\u00e9tection : 43 m<\/span><span data-sheets-value=\"{&quot;1&quot;:2,&quot;2&quot;:&quot;Couleur : Blanc\\nM\u00e9thode de d\u00e9tection : Contact d'ouverture\\n\u00c9cart de d\u00e9tection : 43 mm max.\\nProtection anti-sabotage : avant, arri\u00e8re\\nFr\u00e9quence d'\u00e9mission : 868MHz\\nM\u00e9thode d'inscription : Mise sous tension, identification \u00e0 distance, code QR\\nAlimentation : Batterie 3V\\nDimensions (LxHxP) : 22,5 mm \u00d7 103 mm \u00d7 23,2 mm\\nPoids : 59g\\nSc\u00e9nario d'application : Int\u00e9rieur&quot;}\" data-sheets-userformat=\"{&quot;2&quot;:961,&quot;3&quot;:{&quot;1&quot;:0},&quot;9&quot;:1,&quot;10&quot;:1,&quot;11&quot;:4,&quot;12&quot;:0}\">m <\/span><\/li>\n<li><span data-sheets-value=\"{&quot;1&quot;:2,&quot;2&quot;:&quot;Couleur : Blanc\\nM\u00e9thode de d\u00e9tection : Contact d'ouverture\\n\u00c9cart de d\u00e9tection : 43 mm max.\\nProtection anti-sabotage : avant, arri\u00e8re\\nFr\u00e9quence d'\u00e9mission : 868MHz\\nM\u00e9thode d'inscription : Mise sous tension, identification \u00e0 distance, code QR\\nAlimentation : Batterie 3V\\nDimensions (LxHxP) : 22,5 mm \u00d7 103 mm \u00d7 23,2 mm\\nPoids : 59g\\nSc\u00e9nario d'application : Int\u00e9rieur&quot;}\" data-sheets-userformat=\"{&quot;2&quot;:961,&quot;3&quot;:{&quot;1&quot;:0},&quot;9&quot;:1,&quot;10&quot;:1,&quot;11&quot;:4,&quot;12&quot;:0}\">Protection anti-sabotage : avant, arri\u00e8re <\/span><\/li>\n<li><span data-sheets-value=\"{&quot;1&quot;:2,&quot;2&quot;:&quot;Couleur : Blanc\\nM\u00e9thode de d\u00e9tection : Contact d'ouverture\\n\u00c9cart de d\u00e9tection : 43 mm max.\\nProtection anti-sabotage : avant, arri\u00e8re\\nFr\u00e9quence d'\u00e9mission : 868MHz\\nM\u00e9thode d'inscription : Mise sous tension, identification \u00e0 distance, code QR\\nAlimentation : Batterie 3V\\nDimensions (LxHxP) : 22,5 mm \u00d7 103 mm \u00d7 23,2 mm\\nPoids : 59g\\nSc\u00e9nario d'application : Int\u00e9rieur&quot;}\" data-sheets-userformat=\"{&quot;2&quot;:961,&quot;3&quot;:{&quot;1&quot;:0},&quot;9&quot;:1,&quot;10&quot;:1,&quot;11&quot;:4,&quot;12&quot;:0}\">Fr\u00e9quence d&rsquo;\u00e9mission : 868\u2009MHz <\/span><\/li>\n<li><span data-sheets-value=\"{&quot;1&quot;:2,&quot;2&quot;:&quot;Couleur : Blanc\\nM\u00e9thode de d\u00e9tection : Contact d'ouverture\\n\u00c9cart de d\u00e9tection : 43 mm max.\\nProtection anti-sabotage : avant, arri\u00e8re\\nFr\u00e9quence d'\u00e9mission : 868MHz\\nM\u00e9thode d'inscription : Mise sous tension, identification \u00e0 distance, code QR\\nAlimentation : Batterie 3V\\nDimensions (LxHxP) : 22,5 mm \u00d7 103 mm \u00d7 23,2 mm\\nPoids : 59g\\nSc\u00e9nario d'application : Int\u00e9rieur&quot;}\" data-sheets-userformat=\"{&quot;2&quot;:961,&quot;3&quot;:{&quot;1&quot;:0},&quot;9&quot;:1,&quot;10&quot;:1,&quot;11&quot;:4,&quot;12&quot;:0}\">M\u00e9thode d&rsquo;inscription : Mise sous tension, identification \u00e0 distance, code QR <\/span><\/li>\n<li><span data-sheets-value=\"{&quot;1&quot;:2,&quot;2&quot;:&quot;Couleur : Blanc\\nM\u00e9thode de d\u00e9tection : Contact d'ouverture\\n\u00c9cart de d\u00e9tection : 43 mm max.\\nProtection anti-sabotage : avant, arri\u00e8re\\nFr\u00e9quence d'\u00e9mission : 868MHz\\nM\u00e9thode d'inscription : Mise sous tension, identification \u00e0 distance, code QR\\nAlimentation : Batterie 3V\\nDimensions (LxHxP) : 22,5 mm \u00d7 103 mm \u00d7 23,2 mm\\nPoids : 59g\\nSc\u00e9nario d'application : Int\u00e9rieur&quot;}\" data-sheets-userformat=\"{&quot;2&quot;:961,&quot;3&quot;:{&quot;1&quot;:0},&quot;9&quot;:1,&quot;10&quot;:1,&quot;11&quot;:4,&quot;12&quot;:0}\">Alimentation : Batterie 3\u2009V <\/span><\/li>\n<li><span data-sheets-value=\"{&quot;1&quot;:2,&quot;2&quot;:&quot;Couleur : Blanc\\nM\u00e9thode de d\u00e9tection : Contact d'ouverture\\n\u00c9cart de d\u00e9tection : 43 mm max.\\nProtection anti-sabotage : avant, arri\u00e8re\\nFr\u00e9quence d'\u00e9mission : 868MHz\\nM\u00e9thode d'inscription : Mise sous tension, identification \u00e0 distance, code QR\\nAlimentation : Batterie 3V\\nDimensions (LxHxP) : 22,5 mm \u00d7 103 mm \u00d7 23,2 mm\\nPoids : 59g\\nSc\u00e9nario d'application : Int\u00e9rieur&quot;}\" data-sheets-userformat=\"{&quot;2&quot;:961,&quot;3&quot;:{&quot;1&quot;:0},&quot;9&quot;:1,&quot;10&quot;:1,&quot;11&quot;:4,&quot;12&quot;:0}\">Dimensions (LxHxP) : 22,5 mm \u00d7 103 mm \u00d7 23,2 mm<\/span><\/li>\n<li><span data-sheets-value=\"{&quot;1&quot;:2,&quot;2&quot;:&quot;Couleur : Blanc\\nM\u00e9thode de d\u00e9tection : Contact d'ouverture\\n\u00c9cart de d\u00e9tection : 43 mm max.\\nProtection anti-sabotage : avant, arri\u00e8re\\nFr\u00e9quence d'\u00e9mission : 868MHz\\nM\u00e9thode d'inscription : Mise sous tension, identification \u00e0 distance, code QR\\nAlimentation : Batterie 3V\\nDimensions (LxHxP) : 22,5 mm \u00d7 103 mm \u00d7 23,2 mm\\nPoids : 59g\\nSc\u00e9nario d'application : Int\u00e9rieur&quot;}\" data-sheets-userformat=\"{&quot;2&quot;:961,&quot;3&quot;:{&quot;1&quot;:0},&quot;9&quot;:1,&quot;10&quot;:1,&quot;11&quot;:4,&quot;12&quot;:0}\"> Poids : 59\u2009g <\/span><\/li>\n<li><span data-sheets-value=\"{&quot;1&quot;:2,&quot;2&quot;:&quot;Couleur : Blanc\\nM\u00e9thode de d\u00e9tection : Contact d'ouverture\\n\u00c9cart de d\u00e9tection : 43 mm max.\\nProtection anti-sabotage : avant, arri\u00e8re\\nFr\u00e9quence d'\u00e9mission : 868MHz\\nM\u00e9thode d'inscription : Mise sous tension, identification \u00e0 distance, code QR\\nAlimentation : Batterie 3V\\nDimensions (LxHxP) : 22,5 mm \u00d7 103 mm \u00d7 23,2 mm\\nPoids : 59g\\nSc\u00e9nario d'application : Int\u00e9rieur&quot;}\" data-sheets-userformat=\"{&quot;2&quot;:961,&quot;3&quot;:{&quot;1&quot;:0},&quot;9&quot;:1,&quot;10&quot;:1,&quot;11&quot;:4,&quot;12&quot;:0}\">Sc\u00e9nario d&rsquo;application : Int\u00e9rieur<\/span><\/li>\n<\/ul>","protected":false},"featured_media":7914,"comment_status":"open","ping_status":"closed","template":"","meta":{"_acf_changed":false},"product_brand":[],"product_cat":[720,390],"product_tag":[],"class_list":{"0":"post-7910","1":"product","2":"type-product","3":"status-publish","4":"has-post-thumbnail","6":"product_cat-accessoires-coax","7":"product_cat-alarmes-et-video","9":"first","10":"instock","11":"taxable","12":"shipping-taxable","13":"product-type-simple"},"acf":[],"yoast_head":"<!-- This site is optimized with the Yoast SEO plugin v27.4 - https:\/\/yoast.com\/product\/yoast-seo-wordpress\/ -->\n<title>Contact 2 Sortie HIK - K2group Distribution<\/title>\n<meta name=\"robots\" content=\"noindex, follow, max-snippet:-1, max-image-preview:large, max-video-preview:-1\" \/>\n<meta property=\"og:locale\" content=\"de_DE\" \/>\n<meta property=\"og:type\" content=\"article\" \/>\n<meta property=\"og:title\" content=\"Contact 2 Sortie HIK - K2group Distribution\" \/>\n<meta property=\"og:description\" content=\"R\u00e9f\u00e9rence : DS-PDMC-EG2-WE Couleur : Blanc  M\u00e9thode de d\u00e9tection : Contact d&#039;ouverture  \u00c9cart de d\u00e9tection : 43 mm  Protection anti-sabotage : avant, arri\u00e8re  Fr\u00e9quence d&#039;\u00e9mission : 868\u2009MHz  M\u00e9thode d&#039;inscription : Mise sous tension, identification \u00e0 distance, code QR  Alimentation : Batterie 3\u2009V  Dimensions (LxHxP) : 22,5 mm \u00d7 103 mm \u00d7 23,2 mm  Poids : 59\u2009g  Sc\u00e9nario d&#039;application : Int\u00e9rieur\" \/>\n<meta property=\"og:url\" content=\"https:\/\/exciting-lichterman.217-160-28-49.plesk.page\/de\/produkt\/contact-2-sortie-hik\/\" \/>\n<meta property=\"og:site_name\" content=\"K2group Distribution\" \/>\n<meta property=\"article:modified_time\" content=\"2023-08-02T21:06:22+00:00\" \/>\n<meta property=\"og:image\" content=\"https:\/\/exciting-lichterman.217-160-28-49.plesk.page\/wp-content\/uploads\/2022\/05\/DS-PDMC-EG2-WE-01-scaled.webp\" \/>\n\t<meta property=\"og:image:width\" content=\"2560\" \/>\n\t<meta property=\"og:image:height\" content=\"2545\" \/>\n\t<meta property=\"og:image:type\" content=\"image\/webp\" \/>\n<meta name=\"twitter:card\" content=\"summary_large_image\" \/>\n<script type=\"application\/ld+json\" class=\"yoast-schema-graph\">{\"@context\":\"https:\\\/\\\/schema.org\",\"@graph\":[{\"@type\":\"WebPage\",\"@id\":\"https:\\\/\\\/exciting-lichterman.217-160-28-49.plesk.page\\\/produit\\\/contact-2-sortie-hik\\\/\",\"url\":\"https:\\\/\\\/exciting-lichterman.217-160-28-49.plesk.page\\\/produit\\\/contact-2-sortie-hik\\\/\",\"name\":\"Contact 2 Sortie HIK - K2group Distribution\",\"isPartOf\":{\"@id\":\"https:\\\/\\\/exciting-lichterman.217-160-28-49.plesk.page\\\/#website\"},\"primaryImageOfPage\":{\"@id\":\"https:\\\/\\\/exciting-lichterman.217-160-28-49.plesk.page\\\/produit\\\/contact-2-sortie-hik\\\/#primaryimage\"},\"image\":{\"@id\":\"https:\\\/\\\/exciting-lichterman.217-160-28-49.plesk.page\\\/produit\\\/contact-2-sortie-hik\\\/#primaryimage\"},\"thumbnailUrl\":\"https:\\\/\\\/exciting-lichterman.217-160-28-49.plesk.page\\\/wp-content\\\/uploads\\\/2022\\\/05\\\/DS-PDMC-EG2-WE-01-scaled.webp\",\"datePublished\":\"2022-05-15T20:31:03+00:00\",\"dateModified\":\"2023-08-02T21:06:22+00:00\",\"breadcrumb\":{\"@id\":\"https:\\\/\\\/exciting-lichterman.217-160-28-49.plesk.page\\\/produit\\\/contact-2-sortie-hik\\\/#breadcrumb\"},\"inLanguage\":\"de\",\"potentialAction\":[{\"@type\":\"ReadAction\",\"target\":[\"https:\\\/\\\/exciting-lichterman.217-160-28-49.plesk.page\\\/produit\\\/contact-2-sortie-hik\\\/\"]}]},{\"@type\":\"ImageObject\",\"inLanguage\":\"de\",\"@id\":\"https:\\\/\\\/exciting-lichterman.217-160-28-49.plesk.page\\\/produit\\\/contact-2-sortie-hik\\\/#primaryimage\",\"url\":\"https:\\\/\\\/exciting-lichterman.217-160-28-49.plesk.page\\\/wp-content\\\/uploads\\\/2022\\\/05\\\/DS-PDMC-EG2-WE-01-scaled.webp\",\"contentUrl\":\"https:\\\/\\\/exciting-lichterman.217-160-28-49.plesk.page\\\/wp-content\\\/uploads\\\/2022\\\/05\\\/DS-PDMC-EG2-WE-01-scaled.webp\",\"width\":2560,\"height\":2545},{\"@type\":\"BreadcrumbList\",\"@id\":\"https:\\\/\\\/exciting-lichterman.217-160-28-49.plesk.page\\\/produit\\\/contact-2-sortie-hik\\\/#breadcrumb\",\"itemListElement\":[{\"@type\":\"ListItem\",\"position\":1,\"name\":\"Accueil\",\"item\":\"https:\\\/\\\/exciting-lichterman.217-160-28-49.plesk.page\\\/\"},{\"@type\":\"ListItem\",\"position\":2,\"name\":\"Boutique\",\"item\":\"https:\\\/\\\/exciting-lichterman.217-160-28-49.plesk.page\\\/boutique\\\/\"},{\"@type\":\"ListItem\",\"position\":3,\"name\":\"Contact 2 Sortie HIK\"}]},{\"@type\":\"WebSite\",\"@id\":\"https:\\\/\\\/exciting-lichterman.217-160-28-49.plesk.page\\\/#website\",\"url\":\"https:\\\/\\\/exciting-lichterman.217-160-28-49.plesk.page\\\/\",\"name\":\"K2group Distribution\",\"description\":\"\",\"publisher\":{\"@id\":\"https:\\\/\\\/exciting-lichterman.217-160-28-49.plesk.page\\\/#organization\"},\"potentialAction\":[{\"@type\":\"SearchAction\",\"target\":{\"@type\":\"EntryPoint\",\"urlTemplate\":\"https:\\\/\\\/exciting-lichterman.217-160-28-49.plesk.page\\\/?s={search_term_string}\"},\"query-input\":{\"@type\":\"PropertyValueSpecification\",\"valueRequired\":true,\"valueName\":\"search_term_string\"}}],\"inLanguage\":\"de\"},{\"@type\":\"Organization\",\"@id\":\"https:\\\/\\\/exciting-lichterman.217-160-28-49.plesk.page\\\/#organization\",\"name\":\"K2group Distribution\",\"url\":\"https:\\\/\\\/exciting-lichterman.217-160-28-49.plesk.page\\\/\",\"logo\":{\"@type\":\"ImageObject\",\"inLanguage\":\"de\",\"@id\":\"https:\\\/\\\/exciting-lichterman.217-160-28-49.plesk.page\\\/#\\\/schema\\\/logo\\\/image\\\/\",\"url\":\"https:\\\/\\\/exciting-lichterman.217-160-28-49.plesk.page\\\/wp-content\\\/uploads\\\/2022\\\/04\\\/logo-K2.png\",\"contentUrl\":\"https:\\\/\\\/exciting-lichterman.217-160-28-49.plesk.page\\\/wp-content\\\/uploads\\\/2022\\\/04\\\/logo-K2.png\",\"width\":155,\"height\":66,\"caption\":\"K2group Distribution\"},\"image\":{\"@id\":\"https:\\\/\\\/exciting-lichterman.217-160-28-49.plesk.page\\\/#\\\/schema\\\/logo\\\/image\\\/\"}}]}<\/script>\n<!-- \/ Yoast SEO plugin. -->","yoast_head_json":{"title":"Contact 2 Sortie HIK - K2group Distribution","robots":{"index":"noindex","follow":"follow","max-snippet":"max-snippet:-1","max-image-preview":"max-image-preview:large","max-video-preview":"max-video-preview:-1"},"og_locale":"de_DE","og_type":"article","og_title":"Contact 2 Sortie HIK - K2group Distribution","og_description":"R\u00e9f\u00e9rence : DS-PDMC-EG2-WE Couleur : Blanc  M\u00e9thode de d\u00e9tection : Contact d'ouverture  \u00c9cart de d\u00e9tection : 43 mm  Protection anti-sabotage : avant, arri\u00e8re  Fr\u00e9quence d'\u00e9mission : 868\u2009MHz  M\u00e9thode d'inscription : Mise sous tension, identification \u00e0 distance, code QR  Alimentation : Batterie 3\u2009V  Dimensions (LxHxP) : 22,5 mm \u00d7 103 mm \u00d7 23,2 mm  Poids : 59\u2009g  Sc\u00e9nario d'application : Int\u00e9rieur","og_url":"https:\/\/exciting-lichterman.217-160-28-49.plesk.page\/de\/produkt\/contact-2-sortie-hik\/","og_site_name":"K2group Distribution","article_modified_time":"2023-08-02T21:06:22+00:00","og_image":[{"width":2560,"height":2545,"url":"https:\/\/exciting-lichterman.217-160-28-49.plesk.page\/wp-content\/uploads\/2022\/05\/DS-PDMC-EG2-WE-01-scaled.webp","type":"image\/webp"}],"twitter_card":"summary_large_image","schema":{"@context":"https:\/\/schema.org","@graph":[{"@type":"WebPage","@id":"https:\/\/exciting-lichterman.217-160-28-49.plesk.page\/produit\/contact-2-sortie-hik\/","url":"https:\/\/exciting-lichterman.217-160-28-49.plesk.page\/produit\/contact-2-sortie-hik\/","name":"Contact 2 Sortie HIK - K2group Distribution","isPartOf":{"@id":"https:\/\/exciting-lichterman.217-160-28-49.plesk.page\/#website"},"primaryImageOfPage":{"@id":"https:\/\/exciting-lichterman.217-160-28-49.plesk.page\/produit\/contact-2-sortie-hik\/#primaryimage"},"image":{"@id":"https:\/\/exciting-lichterman.217-160-28-49.plesk.page\/produit\/contact-2-sortie-hik\/#primaryimage"},"thumbnailUrl":"https:\/\/exciting-lichterman.217-160-28-49.plesk.page\/wp-content\/uploads\/2022\/05\/DS-PDMC-EG2-WE-01-scaled.webp","datePublished":"2022-05-15T20:31:03+00:00","dateModified":"2023-08-02T21:06:22+00:00","breadcrumb":{"@id":"https:\/\/exciting-lichterman.217-160-28-49.plesk.page\/produit\/contact-2-sortie-hik\/#breadcrumb"},"inLanguage":"de","potentialAction":[{"@type":"ReadAction","target":["https:\/\/exciting-lichterman.217-160-28-49.plesk.page\/produit\/contact-2-sortie-hik\/"]}]},{"@type":"ImageObject","inLanguage":"de","@id":"https:\/\/exciting-lichterman.217-160-28-49.plesk.page\/produit\/contact-2-sortie-hik\/#primaryimage","url":"https:\/\/exciting-lichterman.217-160-28-49.plesk.page\/wp-content\/uploads\/2022\/05\/DS-PDMC-EG2-WE-01-scaled.webp","contentUrl":"https:\/\/exciting-lichterman.217-160-28-49.plesk.page\/wp-content\/uploads\/2022\/05\/DS-PDMC-EG2-WE-01-scaled.webp","width":2560,"height":2545},{"@type":"BreadcrumbList","@id":"https:\/\/exciting-lichterman.217-160-28-49.plesk.page\/produit\/contact-2-sortie-hik\/#breadcrumb","itemListElement":[{"@type":"ListItem","position":1,"name":"Accueil","item":"https:\/\/exciting-lichterman.217-160-28-49.plesk.page\/"},{"@type":"ListItem","position":2,"name":"Boutique","item":"https:\/\/exciting-lichterman.217-160-28-49.plesk.page\/boutique\/"},{"@type":"ListItem","position":3,"name":"Contact 2 Sortie HIK"}]},{"@type":"WebSite","@id":"https:\/\/exciting-lichterman.217-160-28-49.plesk.page\/#website","url":"https:\/\/exciting-lichterman.217-160-28-49.plesk.page\/","name":"K2group Distribution","description":"","publisher":{"@id":"https:\/\/exciting-lichterman.217-160-28-49.plesk.page\/#organization"},"potentialAction":[{"@type":"SearchAction","target":{"@type":"EntryPoint","urlTemplate":"https:\/\/exciting-lichterman.217-160-28-49.plesk.page\/?s={search_term_string}"},"query-input":{"@type":"PropertyValueSpecification","valueRequired":true,"valueName":"search_term_string"}}],"inLanguage":"de"},{"@type":"Organization","@id":"https:\/\/exciting-lichterman.217-160-28-49.plesk.page\/#organization","name":"K2group Distribution","url":"https:\/\/exciting-lichterman.217-160-28-49.plesk.page\/","logo":{"@type":"ImageObject","inLanguage":"de","@id":"https:\/\/exciting-lichterman.217-160-28-49.plesk.page\/#\/schema\/logo\/image\/","url":"https:\/\/exciting-lichterman.217-160-28-49.plesk.page\/wp-content\/uploads\/2022\/04\/logo-K2.png","contentUrl":"https:\/\/exciting-lichterman.217-160-28-49.plesk.page\/wp-content\/uploads\/2022\/04\/logo-K2.png","width":155,"height":66,"caption":"K2group Distribution"},"image":{"@id":"https:\/\/exciting-lichterman.217-160-28-49.plesk.page\/#\/schema\/logo\/image\/"}}]}},"_links":{"self":[{"href":"https:\/\/exciting-lichterman.217-160-28-49.plesk.page\/de\/wp-json\/wp\/v2\/product\/7910","targetHints":{"allow":["GET"]}}],"collection":[{"href":"https:\/\/exciting-lichterman.217-160-28-49.plesk.page\/de\/wp-json\/wp\/v2\/product"}],"about":[{"href":"https:\/\/exciting-lichterman.217-160-28-49.plesk.page\/de\/wp-json\/wp\/v2\/types\/product"}],"replies":[{"embeddable":true,"href":"https:\/\/exciting-lichterman.217-160-28-49.plesk.page\/de\/wp-json\/wp\/v2\/comments?post=7910"}],"version-history":[{"count":6,"href":"https:\/\/exciting-lichterman.217-160-28-49.plesk.page\/de\/wp-json\/wp\/v2\/product\/7910\/revisions"}],"predecessor-version":[{"id":17113,"href":"https:\/\/exciting-lichterman.217-160-28-49.plesk.page\/de\/wp-json\/wp\/v2\/product\/7910\/revisions\/17113"}],"wp:featuredmedia":[{"embeddable":true,"href":"https:\/\/exciting-lichterman.217-160-28-49.plesk.page\/de\/wp-json\/wp\/v2\/media\/7914"}],"wp:attachment":[{"href":"https:\/\/exciting-lichterman.217-160-28-49.plesk.page\/de\/wp-json\/wp\/v2\/media?parent=7910"}],"wp:term":[{"taxonomy":"product_brand","embeddable":true,"href":"https:\/\/exciting-lichterman.217-160-28-49.plesk.page\/de\/wp-json\/wp\/v2\/product_brand?post=7910"},{"taxonomy":"product_cat","embeddable":true,"href":"https:\/\/exciting-lichterman.217-160-28-49.plesk.page\/de\/wp-json\/wp\/v2\/product_cat?post=7910"},{"taxonomy":"product_tag","embeddable":true,"href":"https:\/\/exciting-lichterman.217-160-28-49.plesk.page\/de\/wp-json\/wp\/v2\/product_tag?post=7910"}],"curies":[{"name":"wp","href":"https:\/\/api.w.org\/{rel}","templated":true}]}}