{"id":7903,"date":"2022-05-15T20:26:34","date_gmt":"2022-05-15T20:26:34","guid":{"rendered":"https:\/\/practical-elbakyan.82-165-223-183.plesk.page\/?post_type=product&#038;p=7903"},"modified":"2023-05-30T14:54:57","modified_gmt":"2023-05-30T14:54:57","slug":"clavier-hikvision","status":"publish","type":"product","link":"https:\/\/exciting-lichterman.217-160-28-49.plesk.page\/de\/produkt\/clavier-hikvision\/","title":{"rendered":"Clavier HIKVISION"},"content":{"rendered":"<h2 style=\"font-family:Poppins;font-size:14px; font-weight:400!important; line-height:2\">  Ce clavier LED sans fil HIKVISION est id\u00e9al pour r\u00e9aliser des commandes \u00e0 distance sur diff\u00e9rents dispositifs de vid\u00e9osurveillance HIKVISION.<\/h2>\n<p> Le clavier sans fil de la s\u00e9rie DS-PK1-E-WE peut se connecter \u00e0 AX PRO pour le contr\u00f4le et le fonctionnement des alarmes. Il peut \u00e9galement remarquer une alarme par indicateur et buzzer. <\/p>","protected":false},"excerpt":{"rendered":"<ul>\n<li><span data-sheets-value=\"{&quot;1&quot;:2,&quot;2&quot;:&quot;Couleur : Blanc\\nFr\u00e9quence : 868 MHz\\nDistance : 1200m (zone d\u00e9gag\u00e9e)\\nInterrupteur d'alimentation : marche\/arr\u00eat\\nBuzzer : Pris en charge\\nIndicateur : 4 : d\u00e9faut (orange), enregistrement\/signal (rouge\/vert), armement (bleu), d\u00e9sarmement (vert) et alarme (rouge)\\nCl\u00e9 : Touche num\u00e9rique : 0 \u00e0 9 et : *, #\\nType de batterie : 4 piles AA\\nDimensions (L x H x P) : 140 (5,50\\&quot;) x 86 (3,38\\&quot;) x 22 (0,87\\&quot;) mm&quot;}\" data-sheets-userformat=\"{&quot;2&quot;:961,&quot;3&quot;:{&quot;1&quot;:0},&quot;9&quot;:1,&quot;10&quot;:1,&quot;11&quot;:4,&quot;12&quot;:0}\"><strong>R\u00e9f\u00e9rence : DS-PK1-E-WE<\/strong><\/span><\/li>\n<li><span data-sheets-value=\"{&quot;1&quot;:2,&quot;2&quot;:&quot;Couleur : Blanc\\nFr\u00e9quence : 868 MHz\\nDistance : 1200m (zone d\u00e9gag\u00e9e)\\nInterrupteur d'alimentation : marche\/arr\u00eat\\nBuzzer : Pris en charge\\nIndicateur : 4 : d\u00e9faut (orange), enregistrement\/signal (rouge\/vert), armement (bleu), d\u00e9sarmement (vert) et alarme (rouge)\\nCl\u00e9 : Touche num\u00e9rique : 0 \u00e0 9 et : *, #\\nType de batterie : 4 piles AA\\nDimensions (L x H x P) : 140 (5,50\\&quot;) x 86 (3,38\\&quot;) x 22 (0,87\\&quot;) mm&quot;}\" data-sheets-userformat=\"{&quot;2&quot;:961,&quot;3&quot;:{&quot;1&quot;:0},&quot;9&quot;:1,&quot;10&quot;:1,&quot;11&quot;:4,&quot;12&quot;:0}\">Couleur : Blanc <\/span><\/li>\n<li><span data-sheets-value=\"{&quot;1&quot;:2,&quot;2&quot;:&quot;Couleur : Blanc\\nFr\u00e9quence : 868 MHz\\nDistance : 1200m (zone d\u00e9gag\u00e9e)\\nInterrupteur d'alimentation : marche\/arr\u00eat\\nBuzzer : Pris en charge\\nIndicateur : 4 : d\u00e9faut (orange), enregistrement\/signal (rouge\/vert), armement (bleu), d\u00e9sarmement (vert) et alarme (rouge)\\nCl\u00e9 : Touche num\u00e9rique : 0 \u00e0 9 et : *, #\\nType de batterie : 4 piles AA\\nDimensions (L x H x P) : 140 (5,50\\&quot;) x 86 (3,38\\&quot;) x 22 (0,87\\&quot;) mm&quot;}\" data-sheets-userformat=\"{&quot;2&quot;:961,&quot;3&quot;:{&quot;1&quot;:0},&quot;9&quot;:1,&quot;10&quot;:1,&quot;11&quot;:4,&quot;12&quot;:0}\">Fr\u00e9quence : 868 MHz <\/span><\/li>\n<li><span data-sheets-value=\"{&quot;1&quot;:2,&quot;2&quot;:&quot;Couleur : Blanc\\nFr\u00e9quence : 868 MHz\\nDistance : 1200m (zone d\u00e9gag\u00e9e)\\nInterrupteur d'alimentation : marche\/arr\u00eat\\nBuzzer : Pris en charge\\nIndicateur : 4 : d\u00e9faut (orange), enregistrement\/signal (rouge\/vert), armement (bleu), d\u00e9sarmement (vert) et alarme (rouge)\\nCl\u00e9 : Touche num\u00e9rique : 0 \u00e0 9 et : *, #\\nType de batterie : 4 piles AA\\nDimensions (L x H x P) : 140 (5,50\\&quot;) x 86 (3,38\\&quot;) x 22 (0,87\\&quot;) mm&quot;}\" data-sheets-userformat=\"{&quot;2&quot;:961,&quot;3&quot;:{&quot;1&quot;:0},&quot;9&quot;:1,&quot;10&quot;:1,&quot;11&quot;:4,&quot;12&quot;:0}\">Distance : 1200\u2009m (zone d\u00e9gag\u00e9e) <\/span><\/li>\n<li><span data-sheets-value=\"{&quot;1&quot;:2,&quot;2&quot;:&quot;Couleur : Blanc\\nFr\u00e9quence : 868 MHz\\nDistance : 1200m (zone d\u00e9gag\u00e9e)\\nInterrupteur d'alimentation : marche\/arr\u00eat\\nBuzzer : Pris en charge\\nIndicateur : 4 : d\u00e9faut (orange), enregistrement\/signal (rouge\/vert), armement (bleu), d\u00e9sarmement (vert) et alarme (rouge)\\nCl\u00e9 : Touche num\u00e9rique : 0 \u00e0 9 et : *, #\\nType de batterie : 4 piles AA\\nDimensions (L x H x P) : 140 (5,50\\&quot;) x 86 (3,38\\&quot;) x 22 (0,87\\&quot;) mm&quot;}\" data-sheets-userformat=\"{&quot;2&quot;:961,&quot;3&quot;:{&quot;1&quot;:0},&quot;9&quot;:1,&quot;10&quot;:1,&quot;11&quot;:4,&quot;12&quot;:0}\">Interrupteur d&rsquo;alimentation : marche\/arr\u00eat<\/span><\/li>\n<li><span data-sheets-value=\"{&quot;1&quot;:2,&quot;2&quot;:&quot;Couleur : Blanc\\nFr\u00e9quence : 868 MHz\\nDistance : 1200m (zone d\u00e9gag\u00e9e)\\nInterrupteur d'alimentation : marche\/arr\u00eat\\nBuzzer : Pris en charge\\nIndicateur : 4 : d\u00e9faut (orange), enregistrement\/signal (rouge\/vert), armement (bleu), d\u00e9sarmement (vert) et alarme (rouge)\\nCl\u00e9 : Touche num\u00e9rique : 0 \u00e0 9 et : *, #\\nType de batterie : 4 piles AA\\nDimensions (L x H x P) : 140 (5,50\\&quot;) x 86 (3,38\\&quot;) x 22 (0,87\\&quot;) mm&quot;}\" data-sheets-userformat=\"{&quot;2&quot;:961,&quot;3&quot;:{&quot;1&quot;:0},&quot;9&quot;:1,&quot;10&quot;:1,&quot;11&quot;:4,&quot;12&quot;:0}\"> Buzzer : Pris en charge <\/span><\/li>\n<li><span data-sheets-value=\"{&quot;1&quot;:2,&quot;2&quot;:&quot;Couleur : Blanc\\nFr\u00e9quence : 868 MHz\\nDistance : 1200m (zone d\u00e9gag\u00e9e)\\nInterrupteur d'alimentation : marche\/arr\u00eat\\nBuzzer : Pris en charge\\nIndicateur : 4 : d\u00e9faut (orange), enregistrement\/signal (rouge\/vert), armement (bleu), d\u00e9sarmement (vert) et alarme (rouge)\\nCl\u00e9 : Touche num\u00e9rique : 0 \u00e0 9 et : *, #\\nType de batterie : 4 piles AA\\nDimensions (L x H x P) : 140 (5,50\\&quot;) x 86 (3,38\\&quot;) x 22 (0,87\\&quot;) mm&quot;}\" data-sheets-userformat=\"{&quot;2&quot;:961,&quot;3&quot;:{&quot;1&quot;:0},&quot;9&quot;:1,&quot;10&quot;:1,&quot;11&quot;:4,&quot;12&quot;:0}\">Indicateur : 4 : d\u00e9faut (orange), enregistrement\/signal (rouge\/vert), armement (bleu), d\u00e9sarmement (vert) et alarme (rouge)<\/span><\/li>\n<li><span data-sheets-value=\"{&quot;1&quot;:2,&quot;2&quot;:&quot;Couleur : Blanc\\nFr\u00e9quence : 868 MHz\\nDistance : 1200m (zone d\u00e9gag\u00e9e)\\nInterrupteur d'alimentation : marche\/arr\u00eat\\nBuzzer : Pris en charge\\nIndicateur : 4 : d\u00e9faut (orange), enregistrement\/signal (rouge\/vert), armement (bleu), d\u00e9sarmement (vert) et alarme (rouge)\\nCl\u00e9 : Touche num\u00e9rique : 0 \u00e0 9 et : *, #\\nType de batterie : 4 piles AA\\nDimensions (L x H x P) : 140 (5,50\\&quot;) x 86 (3,38\\&quot;) x 22 (0,87\\&quot;) mm&quot;}\" data-sheets-userformat=\"{&quot;2&quot;:961,&quot;3&quot;:{&quot;1&quot;:0},&quot;9&quot;:1,&quot;10&quot;:1,&quot;11&quot;:4,&quot;12&quot;:0}\"> Cl\u00e9 : Touche num\u00e9rique : 0 \u00e0 9 et : *, # <\/span><\/li>\n<li><span data-sheets-value=\"{&quot;1&quot;:2,&quot;2&quot;:&quot;Couleur : Blanc\\nFr\u00e9quence : 868 MHz\\nDistance : 1200m (zone d\u00e9gag\u00e9e)\\nInterrupteur d'alimentation : marche\/arr\u00eat\\nBuzzer : Pris en charge\\nIndicateur : 4 : d\u00e9faut (orange), enregistrement\/signal (rouge\/vert), armement (bleu), d\u00e9sarmement (vert) et alarme (rouge)\\nCl\u00e9 : Touche num\u00e9rique : 0 \u00e0 9 et : *, #\\nType de batterie : 4 piles AA\\nDimensions (L x H x P) : 140 (5,50\\&quot;) x 86 (3,38\\&quot;) x 22 (0,87\\&quot;) mm&quot;}\" data-sheets-userformat=\"{&quot;2&quot;:961,&quot;3&quot;:{&quot;1&quot;:0},&quot;9&quot;:1,&quot;10&quot;:1,&quot;11&quot;:4,&quot;12&quot;:0}\">Type de batterie : 4 piles AA <\/span><\/li>\n<li><span data-sheets-value=\"{&quot;1&quot;:2,&quot;2&quot;:&quot;Couleur : Blanc\\nFr\u00e9quence : 868 MHz\\nDistance : 1200m (zone d\u00e9gag\u00e9e)\\nInterrupteur d'alimentation : marche\/arr\u00eat\\nBuzzer : Pris en charge\\nIndicateur : 4 : d\u00e9faut (orange), enregistrement\/signal (rouge\/vert), armement (bleu), d\u00e9sarmement (vert) et alarme (rouge)\\nCl\u00e9 : Touche num\u00e9rique : 0 \u00e0 9 et : *, #\\nType de batterie : 4 piles AA\\nDimensions (L x H x P) : 140 (5,50\\&quot;) x 86 (3,38\\&quot;) x 22 (0,87\\&quot;) mm&quot;}\" data-sheets-userformat=\"{&quot;2&quot;:961,&quot;3&quot;:{&quot;1&quot;:0},&quot;9&quot;:1,&quot;10&quot;:1,&quot;11&quot;:4,&quot;12&quot;:0}\">Dimensions (L x H x P) : 140 (5,50&Prime;) x 86 (3,38&Prime;) x 22 (0,87&Prime;) mm<\/span><\/li>\n<\/ul>","protected":false},"featured_media":7907,"comment_status":"open","ping_status":"closed","template":"","meta":{"_acf_changed":false},"product_brand":[],"product_cat":[717,390],"product_tag":[],"class_list":{"0":"post-7903","1":"product","2":"type-product","3":"status-publish","4":"has-post-thumbnail","6":"product_cat-accessoires-ip","7":"product_cat-alarmes-et-video","9":"first","10":"instock","11":"taxable","12":"shipping-taxable","13":"product-type-simple"},"acf":[],"yoast_head":"<!-- This site is optimized with the Yoast SEO plugin v27.4 - https:\/\/yoast.com\/product\/yoast-seo-wordpress\/ -->\n<title>Clavier HIKVISION - K2group Distribution<\/title>\n<meta name=\"robots\" content=\"noindex, follow, max-snippet:-1, max-image-preview:large, max-video-preview:-1\" \/>\n<meta property=\"og:locale\" content=\"de_DE\" \/>\n<meta property=\"og:type\" content=\"article\" \/>\n<meta property=\"og:title\" content=\"Clavier HIKVISION - K2group Distribution\" \/>\n<meta property=\"og:description\" content=\"R\u00e9f\u00e9rence : DS-PK1-E-WE Couleur : Blanc  Fr\u00e9quence : 868 MHz  Distance : 1200\u2009m (zone d\u00e9gag\u00e9e)  Interrupteur d&#039;alimentation : marche\/arr\u00eat  Buzzer : Pris en charge  Indicateur : 4 : d\u00e9faut (orange), enregistrement\/signal (rouge\/vert), armement (bleu), d\u00e9sarmement (vert) et alarme (rouge)  Cl\u00e9 : Touche num\u00e9rique : 0 \u00e0 9 et : *, #  Type de batterie : 4 piles AA  Dimensions (L x H x P) : 140 (5,50&quot;) x 86 (3,38&quot;) x 22 (0,87&quot;) mm\" \/>\n<meta property=\"og:url\" content=\"https:\/\/exciting-lichterman.217-160-28-49.plesk.page\/de\/produkt\/clavier-hikvision\/\" \/>\n<meta property=\"og:site_name\" content=\"K2group Distribution\" \/>\n<meta property=\"article:modified_time\" content=\"2023-05-30T14:54:57+00:00\" \/>\n<meta property=\"og:image\" content=\"https:\/\/exciting-lichterman.217-160-28-49.plesk.page\/wp-content\/uploads\/2022\/05\/DS-PK1-E-WE-01-scaled.webp\" \/>\n\t<meta property=\"og:image:width\" content=\"2560\" \/>\n\t<meta property=\"og:image:height\" content=\"2545\" \/>\n\t<meta property=\"og:image:type\" content=\"image\/webp\" \/>\n<meta name=\"twitter:card\" content=\"summary_large_image\" \/>\n<meta name=\"twitter:label1\" content=\"Gesch\u00e4tzte Lesezeit\" \/>\n\t<meta name=\"twitter:data1\" content=\"1\u00a0Minute\" \/>\n<script type=\"application\/ld+json\" class=\"yoast-schema-graph\">{\"@context\":\"https:\\\/\\\/schema.org\",\"@graph\":[{\"@type\":\"WebPage\",\"@id\":\"https:\\\/\\\/exciting-lichterman.217-160-28-49.plesk.page\\\/produit\\\/clavier-hikvision\\\/\",\"url\":\"https:\\\/\\\/exciting-lichterman.217-160-28-49.plesk.page\\\/produit\\\/clavier-hikvision\\\/\",\"name\":\"Clavier HIKVISION - K2group Distribution\",\"isPartOf\":{\"@id\":\"https:\\\/\\\/exciting-lichterman.217-160-28-49.plesk.page\\\/#website\"},\"primaryImageOfPage\":{\"@id\":\"https:\\\/\\\/exciting-lichterman.217-160-28-49.plesk.page\\\/produit\\\/clavier-hikvision\\\/#primaryimage\"},\"image\":{\"@id\":\"https:\\\/\\\/exciting-lichterman.217-160-28-49.plesk.page\\\/produit\\\/clavier-hikvision\\\/#primaryimage\"},\"thumbnailUrl\":\"https:\\\/\\\/exciting-lichterman.217-160-28-49.plesk.page\\\/wp-content\\\/uploads\\\/2022\\\/05\\\/DS-PK1-E-WE-01-scaled.webp\",\"datePublished\":\"2022-05-15T20:26:34+00:00\",\"dateModified\":\"2023-05-30T14:54:57+00:00\",\"breadcrumb\":{\"@id\":\"https:\\\/\\\/exciting-lichterman.217-160-28-49.plesk.page\\\/produit\\\/clavier-hikvision\\\/#breadcrumb\"},\"inLanguage\":\"de\",\"potentialAction\":[{\"@type\":\"ReadAction\",\"target\":[\"https:\\\/\\\/exciting-lichterman.217-160-28-49.plesk.page\\\/produit\\\/clavier-hikvision\\\/\"]}]},{\"@type\":\"ImageObject\",\"inLanguage\":\"de\",\"@id\":\"https:\\\/\\\/exciting-lichterman.217-160-28-49.plesk.page\\\/produit\\\/clavier-hikvision\\\/#primaryimage\",\"url\":\"https:\\\/\\\/exciting-lichterman.217-160-28-49.plesk.page\\\/wp-content\\\/uploads\\\/2022\\\/05\\\/DS-PK1-E-WE-01-scaled.webp\",\"contentUrl\":\"https:\\\/\\\/exciting-lichterman.217-160-28-49.plesk.page\\\/wp-content\\\/uploads\\\/2022\\\/05\\\/DS-PK1-E-WE-01-scaled.webp\",\"width\":2560,\"height\":2545},{\"@type\":\"BreadcrumbList\",\"@id\":\"https:\\\/\\\/exciting-lichterman.217-160-28-49.plesk.page\\\/produit\\\/clavier-hikvision\\\/#breadcrumb\",\"itemListElement\":[{\"@type\":\"ListItem\",\"position\":1,\"name\":\"Accueil\",\"item\":\"https:\\\/\\\/exciting-lichterman.217-160-28-49.plesk.page\\\/\"},{\"@type\":\"ListItem\",\"position\":2,\"name\":\"Boutique\",\"item\":\"https:\\\/\\\/exciting-lichterman.217-160-28-49.plesk.page\\\/boutique\\\/\"},{\"@type\":\"ListItem\",\"position\":3,\"name\":\"Clavier HIKVISION\"}]},{\"@type\":\"WebSite\",\"@id\":\"https:\\\/\\\/exciting-lichterman.217-160-28-49.plesk.page\\\/#website\",\"url\":\"https:\\\/\\\/exciting-lichterman.217-160-28-49.plesk.page\\\/\",\"name\":\"K2group Distribution\",\"description\":\"\",\"publisher\":{\"@id\":\"https:\\\/\\\/exciting-lichterman.217-160-28-49.plesk.page\\\/#organization\"},\"potentialAction\":[{\"@type\":\"SearchAction\",\"target\":{\"@type\":\"EntryPoint\",\"urlTemplate\":\"https:\\\/\\\/exciting-lichterman.217-160-28-49.plesk.page\\\/?s={search_term_string}\"},\"query-input\":{\"@type\":\"PropertyValueSpecification\",\"valueRequired\":true,\"valueName\":\"search_term_string\"}}],\"inLanguage\":\"de\"},{\"@type\":\"Organization\",\"@id\":\"https:\\\/\\\/exciting-lichterman.217-160-28-49.plesk.page\\\/#organization\",\"name\":\"K2group Distribution\",\"url\":\"https:\\\/\\\/exciting-lichterman.217-160-28-49.plesk.page\\\/\",\"logo\":{\"@type\":\"ImageObject\",\"inLanguage\":\"de\",\"@id\":\"https:\\\/\\\/exciting-lichterman.217-160-28-49.plesk.page\\\/#\\\/schema\\\/logo\\\/image\\\/\",\"url\":\"https:\\\/\\\/exciting-lichterman.217-160-28-49.plesk.page\\\/wp-content\\\/uploads\\\/2022\\\/04\\\/logo-K2.png\",\"contentUrl\":\"https:\\\/\\\/exciting-lichterman.217-160-28-49.plesk.page\\\/wp-content\\\/uploads\\\/2022\\\/04\\\/logo-K2.png\",\"width\":155,\"height\":66,\"caption\":\"K2group Distribution\"},\"image\":{\"@id\":\"https:\\\/\\\/exciting-lichterman.217-160-28-49.plesk.page\\\/#\\\/schema\\\/logo\\\/image\\\/\"}}]}<\/script>\n<!-- \/ Yoast SEO plugin. -->","yoast_head_json":{"title":"Clavier HIKVISION - K2group Distribution","robots":{"index":"noindex","follow":"follow","max-snippet":"max-snippet:-1","max-image-preview":"max-image-preview:large","max-video-preview":"max-video-preview:-1"},"og_locale":"de_DE","og_type":"article","og_title":"Clavier HIKVISION - K2group Distribution","og_description":"R\u00e9f\u00e9rence : DS-PK1-E-WE Couleur : Blanc  Fr\u00e9quence : 868 MHz  Distance : 1200\u2009m (zone d\u00e9gag\u00e9e)  Interrupteur d'alimentation : marche\/arr\u00eat  Buzzer : Pris en charge  Indicateur : 4 : d\u00e9faut (orange), enregistrement\/signal (rouge\/vert), armement (bleu), d\u00e9sarmement (vert) et alarme (rouge)  Cl\u00e9 : Touche num\u00e9rique : 0 \u00e0 9 et : *, #  Type de batterie : 4 piles AA  Dimensions (L x H x P) : 140 (5,50\") x 86 (3,38\") x 22 (0,87\") mm","og_url":"https:\/\/exciting-lichterman.217-160-28-49.plesk.page\/de\/produkt\/clavier-hikvision\/","og_site_name":"K2group Distribution","article_modified_time":"2023-05-30T14:54:57+00:00","og_image":[{"width":2560,"height":2545,"url":"https:\/\/exciting-lichterman.217-160-28-49.plesk.page\/wp-content\/uploads\/2022\/05\/DS-PK1-E-WE-01-scaled.webp","type":"image\/webp"}],"twitter_card":"summary_large_image","twitter_misc":{"Gesch\u00e4tzte Lesezeit":"1\u00a0Minute"},"schema":{"@context":"https:\/\/schema.org","@graph":[{"@type":"WebPage","@id":"https:\/\/exciting-lichterman.217-160-28-49.plesk.page\/produit\/clavier-hikvision\/","url":"https:\/\/exciting-lichterman.217-160-28-49.plesk.page\/produit\/clavier-hikvision\/","name":"Clavier HIKVISION - K2group Distribution","isPartOf":{"@id":"https:\/\/exciting-lichterman.217-160-28-49.plesk.page\/#website"},"primaryImageOfPage":{"@id":"https:\/\/exciting-lichterman.217-160-28-49.plesk.page\/produit\/clavier-hikvision\/#primaryimage"},"image":{"@id":"https:\/\/exciting-lichterman.217-160-28-49.plesk.page\/produit\/clavier-hikvision\/#primaryimage"},"thumbnailUrl":"https:\/\/exciting-lichterman.217-160-28-49.plesk.page\/wp-content\/uploads\/2022\/05\/DS-PK1-E-WE-01-scaled.webp","datePublished":"2022-05-15T20:26:34+00:00","dateModified":"2023-05-30T14:54:57+00:00","breadcrumb":{"@id":"https:\/\/exciting-lichterman.217-160-28-49.plesk.page\/produit\/clavier-hikvision\/#breadcrumb"},"inLanguage":"de","potentialAction":[{"@type":"ReadAction","target":["https:\/\/exciting-lichterman.217-160-28-49.plesk.page\/produit\/clavier-hikvision\/"]}]},{"@type":"ImageObject","inLanguage":"de","@id":"https:\/\/exciting-lichterman.217-160-28-49.plesk.page\/produit\/clavier-hikvision\/#primaryimage","url":"https:\/\/exciting-lichterman.217-160-28-49.plesk.page\/wp-content\/uploads\/2022\/05\/DS-PK1-E-WE-01-scaled.webp","contentUrl":"https:\/\/exciting-lichterman.217-160-28-49.plesk.page\/wp-content\/uploads\/2022\/05\/DS-PK1-E-WE-01-scaled.webp","width":2560,"height":2545},{"@type":"BreadcrumbList","@id":"https:\/\/exciting-lichterman.217-160-28-49.plesk.page\/produit\/clavier-hikvision\/#breadcrumb","itemListElement":[{"@type":"ListItem","position":1,"name":"Accueil","item":"https:\/\/exciting-lichterman.217-160-28-49.plesk.page\/"},{"@type":"ListItem","position":2,"name":"Boutique","item":"https:\/\/exciting-lichterman.217-160-28-49.plesk.page\/boutique\/"},{"@type":"ListItem","position":3,"name":"Clavier HIKVISION"}]},{"@type":"WebSite","@id":"https:\/\/exciting-lichterman.217-160-28-49.plesk.page\/#website","url":"https:\/\/exciting-lichterman.217-160-28-49.plesk.page\/","name":"K2group Distribution","description":"","publisher":{"@id":"https:\/\/exciting-lichterman.217-160-28-49.plesk.page\/#organization"},"potentialAction":[{"@type":"SearchAction","target":{"@type":"EntryPoint","urlTemplate":"https:\/\/exciting-lichterman.217-160-28-49.plesk.page\/?s={search_term_string}"},"query-input":{"@type":"PropertyValueSpecification","valueRequired":true,"valueName":"search_term_string"}}],"inLanguage":"de"},{"@type":"Organization","@id":"https:\/\/exciting-lichterman.217-160-28-49.plesk.page\/#organization","name":"K2group Distribution","url":"https:\/\/exciting-lichterman.217-160-28-49.plesk.page\/","logo":{"@type":"ImageObject","inLanguage":"de","@id":"https:\/\/exciting-lichterman.217-160-28-49.plesk.page\/#\/schema\/logo\/image\/","url":"https:\/\/exciting-lichterman.217-160-28-49.plesk.page\/wp-content\/uploads\/2022\/04\/logo-K2.png","contentUrl":"https:\/\/exciting-lichterman.217-160-28-49.plesk.page\/wp-content\/uploads\/2022\/04\/logo-K2.png","width":155,"height":66,"caption":"K2group Distribution"},"image":{"@id":"https:\/\/exciting-lichterman.217-160-28-49.plesk.page\/#\/schema\/logo\/image\/"}}]}},"_links":{"self":[{"href":"https:\/\/exciting-lichterman.217-160-28-49.plesk.page\/de\/wp-json\/wp\/v2\/product\/7903","targetHints":{"allow":["GET"]}}],"collection":[{"href":"https:\/\/exciting-lichterman.217-160-28-49.plesk.page\/de\/wp-json\/wp\/v2\/product"}],"about":[{"href":"https:\/\/exciting-lichterman.217-160-28-49.plesk.page\/de\/wp-json\/wp\/v2\/types\/product"}],"replies":[{"embeddable":true,"href":"https:\/\/exciting-lichterman.217-160-28-49.plesk.page\/de\/wp-json\/wp\/v2\/comments?post=7903"}],"version-history":[{"count":5,"href":"https:\/\/exciting-lichterman.217-160-28-49.plesk.page\/de\/wp-json\/wp\/v2\/product\/7903\/revisions"}],"predecessor-version":[{"id":17129,"href":"https:\/\/exciting-lichterman.217-160-28-49.plesk.page\/de\/wp-json\/wp\/v2\/product\/7903\/revisions\/17129"}],"wp:featuredmedia":[{"embeddable":true,"href":"https:\/\/exciting-lichterman.217-160-28-49.plesk.page\/de\/wp-json\/wp\/v2\/media\/7907"}],"wp:attachment":[{"href":"https:\/\/exciting-lichterman.217-160-28-49.plesk.page\/de\/wp-json\/wp\/v2\/media?parent=7903"}],"wp:term":[{"taxonomy":"product_brand","embeddable":true,"href":"https:\/\/exciting-lichterman.217-160-28-49.plesk.page\/de\/wp-json\/wp\/v2\/product_brand?post=7903"},{"taxonomy":"product_cat","embeddable":true,"href":"https:\/\/exciting-lichterman.217-160-28-49.plesk.page\/de\/wp-json\/wp\/v2\/product_cat?post=7903"},{"taxonomy":"product_tag","embeddable":true,"href":"https:\/\/exciting-lichterman.217-160-28-49.plesk.page\/de\/wp-json\/wp\/v2\/product_tag?post=7903"}],"curies":[{"name":"wp","href":"https:\/\/api.w.org\/{rel}","templated":true}]}}