{"id":7878,"date":"2022-05-15T20:21:06","date_gmt":"2022-05-15T20:21:06","guid":{"rendered":"https:\/\/practical-elbakyan.82-165-223-183.plesk.page\/?post_type=product&#038;p=7878"},"modified":"2023-05-29T10:41:38","modified_gmt":"2023-05-29T10:41:38","slug":"camera-cube-ip-4-mpxls-ff-2-8-mm","status":"publish","type":"product","link":"https:\/\/exciting-lichterman.217-160-28-49.plesk.page\/de\/produkt\/camera-cube-ip-4-mpxls-ff-2-8-mm\/","title":{"rendered":"Cam\u00e9ra Cube IP 4 MPXLS &#8211; FF 2.8 mm"},"content":{"rendered":"<h2 style=\"font-family:Poppins;font-size:14px; font-weight:400!important; line-height:2\">Il s&rsquo;agit d&rsquo;une cam\u00e9ra cube IP de 4 m\u00e9gapixels avec WIFI se caract\u00e9rise par sa haute performance et sa haute r\u00e9solution en niveau d&rsquo;imagerie.<\/h2>\n<p>Cette cam\u00e9ra HIKVISION fixe vous offre une exp\u00e9rience optimale en vous garantissant un enregistrement clair de jour comme de nuit gr\u00e2ce \u00e0 sa lentille focale fixe 2.8\u2009mm de 4 m\u00e9gapixels sur une distance de 10\u2009m et son microphone int\u00e9gr\u00e9.<\/p>","protected":false},"excerpt":{"rendered":"<ul>\n<li><strong>R\u00e9f\u00e9rence : DS-2CD2443G0-IW(2.8mm)(W)<\/strong><\/li>\n<li><span data-sheets-value=\"{&quot;1&quot;:2,&quot;2&quot;:&quot;Lens : 4 m\u00e9gapixels \\nDistance IR : 10 m\u00e8tres \\nWi-Fi : Disponible\\nCarte SD : Oui \\nType : Cam\u00e9ra fixe \\nCouleur : Noir et blanc \\nAlimentation : PoE\\nD\u00e9tection de mouvement : Disponible \\nAlarme de sabotage vid\u00e9o : Disponible\\nMicro : Int\u00e9gr\u00e9\\nHaut-Parleurs : Int\u00e9gr\u00e9s&quot;}\" data-sheets-userformat=\"{&quot;2&quot;:961,&quot;3&quot;:{&quot;1&quot;:0},&quot;9&quot;:1,&quot;10&quot;:1,&quot;11&quot;:4,&quot;12&quot;:0}\">R\u00e9solution : 4 m\u00e9gapixels<\/span><\/li>\n<li><span data-sheets-value=\"{&quot;1&quot;:2,&quot;2&quot;:&quot;Lens : 4 m\u00e9gapixels \\nDistance IR : 10 m\u00e8tres \\nWi-Fi : Disponible\\nCarte SD : Oui \\nType : Cam\u00e9ra fixe \\nCouleur : Noir et blanc \\nAlimentation : PoE\\nD\u00e9tection de mouvement : Disponible \\nAlarme de sabotage vid\u00e9o : Disponible\\nMicro : Int\u00e9gr\u00e9\\nHaut-Parleurs : Int\u00e9gr\u00e9s&quot;}\" data-sheets-userformat=\"{&quot;2&quot;:961,&quot;3&quot;:{&quot;1&quot;:0},&quot;9&quot;:1,&quot;10&quot;:1,&quot;11&quot;:4,&quot;12&quot;:0}\">Distance IR : 10 m\u00e8tres <\/span><\/li>\n<li><span data-sheets-value=\"{&quot;1&quot;:2,&quot;2&quot;:&quot;Lens : 4 m\u00e9gapixels \\nDistance IR : 10 m\u00e8tres \\nWi-Fi : Disponible\\nCarte SD : Oui \\nType : Cam\u00e9ra fixe \\nCouleur : Noir et blanc \\nAlimentation : PoE\\nD\u00e9tection de mouvement : Disponible \\nAlarme de sabotage vid\u00e9o : Disponible\\nMicro : Int\u00e9gr\u00e9\\nHaut-Parleurs : Int\u00e9gr\u00e9s&quot;}\" data-sheets-userformat=\"{&quot;2&quot;:961,&quot;3&quot;:{&quot;1&quot;:0},&quot;9&quot;:1,&quot;10&quot;:1,&quot;11&quot;:4,&quot;12&quot;:0}\">Wi-Fi : Disponible <\/span><\/li>\n<li><span data-sheets-value=\"{&quot;1&quot;:2,&quot;2&quot;:&quot;Lens : 4 m\u00e9gapixels \\nDistance IR : 10 m\u00e8tres \\nWi-Fi : Disponible\\nCarte SD : Oui \\nType : Cam\u00e9ra fixe \\nCouleur : Noir et blanc \\nAlimentation : PoE\\nD\u00e9tection de mouvement : Disponible \\nAlarme de sabotage vid\u00e9o : Disponible\\nMicro : Int\u00e9gr\u00e9\\nHaut-Parleurs : Int\u00e9gr\u00e9s&quot;}\" data-sheets-userformat=\"{&quot;2&quot;:961,&quot;3&quot;:{&quot;1&quot;:0},&quot;9&quot;:1,&quot;10&quot;:1,&quot;11&quot;:4,&quot;12&quot;:0}\">Carte SD : Oui <\/span><\/li>\n<li><span data-sheets-value=\"{&quot;1&quot;:2,&quot;2&quot;:&quot;Lens : 4 m\u00e9gapixels \\nDistance IR : 10 m\u00e8tres \\nWi-Fi : Disponible\\nCarte SD : Oui \\nType : Cam\u00e9ra fixe \\nCouleur : Noir et blanc \\nAlimentation : PoE\\nD\u00e9tection de mouvement : Disponible \\nAlarme de sabotage vid\u00e9o : Disponible\\nMicro : Int\u00e9gr\u00e9\\nHaut-Parleurs : Int\u00e9gr\u00e9s&quot;}\" data-sheets-userformat=\"{&quot;2&quot;:961,&quot;3&quot;:{&quot;1&quot;:0},&quot;9&quot;:1,&quot;10&quot;:1,&quot;11&quot;:4,&quot;12&quot;:0}\">Type : Cam\u00e9ra fixe <\/span><\/li>\n<li><span data-sheets-value=\"{&quot;1&quot;:2,&quot;2&quot;:&quot;Lens : 4 m\u00e9gapixels \\nDistance IR : 10 m\u00e8tres \\nWi-Fi : Disponible\\nCarte SD : Oui \\nType : Cam\u00e9ra fixe \\nCouleur : Noir et blanc \\nAlimentation : PoE\\nD\u00e9tection de mouvement : Disponible \\nAlarme de sabotage vid\u00e9o : Disponible\\nMicro : Int\u00e9gr\u00e9\\nHaut-Parleurs : Int\u00e9gr\u00e9s&quot;}\" data-sheets-userformat=\"{&quot;2&quot;:961,&quot;3&quot;:{&quot;1&quot;:0},&quot;9&quot;:1,&quot;10&quot;:1,&quot;11&quot;:4,&quot;12&quot;:0}\">Couleur : Noir et blanc <\/span><\/li>\n<li><span data-sheets-value=\"{&quot;1&quot;:2,&quot;2&quot;:&quot;Lens : 4 m\u00e9gapixels \\nDistance IR : 10 m\u00e8tres \\nWi-Fi : Disponible\\nCarte SD : Oui \\nType : Cam\u00e9ra fixe \\nCouleur : Noir et blanc \\nAlimentation : PoE\\nD\u00e9tection de mouvement : Disponible \\nAlarme de sabotage vid\u00e9o : Disponible\\nMicro : Int\u00e9gr\u00e9\\nHaut-Parleurs : Int\u00e9gr\u00e9s&quot;}\" data-sheets-userformat=\"{&quot;2&quot;:961,&quot;3&quot;:{&quot;1&quot;:0},&quot;9&quot;:1,&quot;10&quot;:1,&quot;11&quot;:4,&quot;12&quot;:0}\">Alimentation : PoE <\/span><\/li>\n<li><span data-sheets-value=\"{&quot;1&quot;:2,&quot;2&quot;:&quot;Lens : 4 m\u00e9gapixels \\nDistance IR : 10 m\u00e8tres \\nWi-Fi : Disponible\\nCarte SD : Oui \\nType : Cam\u00e9ra fixe \\nCouleur : Noir et blanc \\nAlimentation : PoE\\nD\u00e9tection de mouvement : Disponible \\nAlarme de sabotage vid\u00e9o : Disponible\\nMicro : Int\u00e9gr\u00e9\\nHaut-Parleurs : Int\u00e9gr\u00e9s&quot;}\" data-sheets-userformat=\"{&quot;2&quot;:961,&quot;3&quot;:{&quot;1&quot;:0},&quot;9&quot;:1,&quot;10&quot;:1,&quot;11&quot;:4,&quot;12&quot;:0}\">D\u00e9tection de mouvement : Disponible <\/span><\/li>\n<li><span data-sheets-value=\"{&quot;1&quot;:2,&quot;2&quot;:&quot;Lens : 4 m\u00e9gapixels \\nDistance IR : 10 m\u00e8tres \\nWi-Fi : Disponible\\nCarte SD : Oui \\nType : Cam\u00e9ra fixe \\nCouleur : Noir et blanc \\nAlimentation : PoE\\nD\u00e9tection de mouvement : Disponible \\nAlarme de sabotage vid\u00e9o : Disponible\\nMicro : Int\u00e9gr\u00e9\\nHaut-Parleurs : Int\u00e9gr\u00e9s&quot;}\" data-sheets-userformat=\"{&quot;2&quot;:961,&quot;3&quot;:{&quot;1&quot;:0},&quot;9&quot;:1,&quot;10&quot;:1,&quot;11&quot;:4,&quot;12&quot;:0}\">Alarme de sabotage vid\u00e9o : Disponible <\/span><\/li>\n<li><span data-sheets-value=\"{&quot;1&quot;:2,&quot;2&quot;:&quot;Lens : 4 m\u00e9gapixels \\nDistance IR : 10 m\u00e8tres \\nWi-Fi : Disponible\\nCarte SD : Oui \\nType : Cam\u00e9ra fixe \\nCouleur : Noir et blanc \\nAlimentation : PoE\\nD\u00e9tection de mouvement : Disponible \\nAlarme de sabotage vid\u00e9o : Disponible\\nMicro : Int\u00e9gr\u00e9\\nHaut-Parleurs : Int\u00e9gr\u00e9s&quot;}\" data-sheets-userformat=\"{&quot;2&quot;:961,&quot;3&quot;:{&quot;1&quot;:0},&quot;9&quot;:1,&quot;10&quot;:1,&quot;11&quot;:4,&quot;12&quot;:0}\">Micro : Int\u00e9gr\u00e9 <\/span><\/li>\n<li><span data-sheets-value=\"{&quot;1&quot;:2,&quot;2&quot;:&quot;Lens : 4 m\u00e9gapixels \\nDistance IR : 10 m\u00e8tres \\nWi-Fi : Disponible\\nCarte SD : Oui \\nType : Cam\u00e9ra fixe \\nCouleur : Noir et blanc \\nAlimentation : PoE\\nD\u00e9tection de mouvement : Disponible \\nAlarme de sabotage vid\u00e9o : Disponible\\nMicro : Int\u00e9gr\u00e9\\nHaut-Parleurs : Int\u00e9gr\u00e9s&quot;}\" data-sheets-userformat=\"{&quot;2&quot;:961,&quot;3&quot;:{&quot;1&quot;:0},&quot;9&quot;:1,&quot;10&quot;:1,&quot;11&quot;:4,&quot;12&quot;:0}\">Haut-Parleurs : Int\u00e9gr\u00e9s<\/span><\/li>\n<\/ul>","protected":false},"featured_media":7882,"comment_status":"open","ping_status":"closed","template":"","meta":{"_acf_changed":false},"product_brand":[],"product_cat":[390,715],"product_tag":[],"class_list":{"0":"post-7878","1":"product","2":"type-product","3":"status-publish","4":"has-post-thumbnail","6":"product_cat-alarmes-et-video","7":"product_cat-camera-ip","9":"first","10":"instock","11":"taxable","12":"shipping-taxable","13":"product-type-simple"},"acf":[],"yoast_head":"<!-- This site is optimized with the Yoast SEO plugin v27.4 - https:\/\/yoast.com\/product\/yoast-seo-wordpress\/ -->\n<title>Cam\u00e9ra Cube IP 4 MPXLS - FF 2.8 mm - K2group Distribution<\/title>\n<meta name=\"robots\" content=\"noindex, follow, max-snippet:-1, max-image-preview:large, max-video-preview:-1\" \/>\n<meta property=\"og:locale\" content=\"de_DE\" \/>\n<meta property=\"og:type\" content=\"article\" \/>\n<meta property=\"og:title\" content=\"Cam\u00e9ra Cube IP 4 MPXLS - FF 2.8 mm - K2group Distribution\" \/>\n<meta property=\"og:description\" content=\"R\u00e9f\u00e9rence : DS-2CD2443G0-IW(2.8mm)(W) R\u00e9solution : 4 m\u00e9gapixels Distance IR : 10 m\u00e8tres  Wi-Fi : Disponible  Carte SD : Oui  Type : Cam\u00e9ra fixe  Couleur : Noir et blanc  Alimentation : PoE  D\u00e9tection de mouvement : Disponible  Alarme de sabotage vid\u00e9o : Disponible  Micro : Int\u00e9gr\u00e9  Haut-Parleurs : Int\u00e9gr\u00e9s\" \/>\n<meta property=\"og:url\" content=\"https:\/\/exciting-lichterman.217-160-28-49.plesk.page\/de\/produkt\/camera-cube-ip-4-mpxls-ff-2-8-mm\/\" \/>\n<meta property=\"og:site_name\" content=\"K2group Distribution\" \/>\n<meta property=\"article:modified_time\" content=\"2023-05-29T10:41:38+00:00\" \/>\n<meta property=\"og:image\" content=\"https:\/\/exciting-lichterman.217-160-28-49.plesk.page\/wp-content\/uploads\/2022\/05\/DS-2CD2443G0-IW2.8mmW-01-scaled.webp\" \/>\n\t<meta property=\"og:image:width\" content=\"2560\" \/>\n\t<meta property=\"og:image:height\" content=\"2545\" \/>\n\t<meta property=\"og:image:type\" content=\"image\/webp\" \/>\n<meta name=\"twitter:card\" content=\"summary_large_image\" \/>\n<meta name=\"twitter:label1\" content=\"Gesch\u00e4tzte Lesezeit\" \/>\n\t<meta name=\"twitter:data1\" content=\"1\u00a0Minute\" \/>\n<script type=\"application\/ld+json\" class=\"yoast-schema-graph\">{\"@context\":\"https:\\\/\\\/schema.org\",\"@graph\":[{\"@type\":\"WebPage\",\"@id\":\"https:\\\/\\\/exciting-lichterman.217-160-28-49.plesk.page\\\/produit\\\/camera-cube-ip-4-mpxls-ff-2-8-mm\\\/\",\"url\":\"https:\\\/\\\/exciting-lichterman.217-160-28-49.plesk.page\\\/produit\\\/camera-cube-ip-4-mpxls-ff-2-8-mm\\\/\",\"name\":\"Cam\u00e9ra Cube IP 4 MPXLS - FF 2.8 mm - K2group Distribution\",\"isPartOf\":{\"@id\":\"https:\\\/\\\/exciting-lichterman.217-160-28-49.plesk.page\\\/#website\"},\"primaryImageOfPage\":{\"@id\":\"https:\\\/\\\/exciting-lichterman.217-160-28-49.plesk.page\\\/produit\\\/camera-cube-ip-4-mpxls-ff-2-8-mm\\\/#primaryimage\"},\"image\":{\"@id\":\"https:\\\/\\\/exciting-lichterman.217-160-28-49.plesk.page\\\/produit\\\/camera-cube-ip-4-mpxls-ff-2-8-mm\\\/#primaryimage\"},\"thumbnailUrl\":\"https:\\\/\\\/exciting-lichterman.217-160-28-49.plesk.page\\\/wp-content\\\/uploads\\\/2022\\\/05\\\/DS-2CD2443G0-IW2.8mmW-01-scaled.webp\",\"datePublished\":\"2022-05-15T20:21:06+00:00\",\"dateModified\":\"2023-05-29T10:41:38+00:00\",\"breadcrumb\":{\"@id\":\"https:\\\/\\\/exciting-lichterman.217-160-28-49.plesk.page\\\/produit\\\/camera-cube-ip-4-mpxls-ff-2-8-mm\\\/#breadcrumb\"},\"inLanguage\":\"de\",\"potentialAction\":[{\"@type\":\"ReadAction\",\"target\":[\"https:\\\/\\\/exciting-lichterman.217-160-28-49.plesk.page\\\/produit\\\/camera-cube-ip-4-mpxls-ff-2-8-mm\\\/\"]}]},{\"@type\":\"ImageObject\",\"inLanguage\":\"de\",\"@id\":\"https:\\\/\\\/exciting-lichterman.217-160-28-49.plesk.page\\\/produit\\\/camera-cube-ip-4-mpxls-ff-2-8-mm\\\/#primaryimage\",\"url\":\"https:\\\/\\\/exciting-lichterman.217-160-28-49.plesk.page\\\/wp-content\\\/uploads\\\/2022\\\/05\\\/DS-2CD2443G0-IW2.8mmW-01-scaled.webp\",\"contentUrl\":\"https:\\\/\\\/exciting-lichterman.217-160-28-49.plesk.page\\\/wp-content\\\/uploads\\\/2022\\\/05\\\/DS-2CD2443G0-IW2.8mmW-01-scaled.webp\",\"width\":2560,\"height\":2545},{\"@type\":\"BreadcrumbList\",\"@id\":\"https:\\\/\\\/exciting-lichterman.217-160-28-49.plesk.page\\\/produit\\\/camera-cube-ip-4-mpxls-ff-2-8-mm\\\/#breadcrumb\",\"itemListElement\":[{\"@type\":\"ListItem\",\"position\":1,\"name\":\"Accueil\",\"item\":\"https:\\\/\\\/exciting-lichterman.217-160-28-49.plesk.page\\\/\"},{\"@type\":\"ListItem\",\"position\":2,\"name\":\"Boutique\",\"item\":\"https:\\\/\\\/exciting-lichterman.217-160-28-49.plesk.page\\\/boutique\\\/\"},{\"@type\":\"ListItem\",\"position\":3,\"name\":\"Cam\u00e9ra Cube IP 4 MPXLS &#8211; FF 2.8 mm\"}]},{\"@type\":\"WebSite\",\"@id\":\"https:\\\/\\\/exciting-lichterman.217-160-28-49.plesk.page\\\/#website\",\"url\":\"https:\\\/\\\/exciting-lichterman.217-160-28-49.plesk.page\\\/\",\"name\":\"K2group Distribution\",\"description\":\"\",\"publisher\":{\"@id\":\"https:\\\/\\\/exciting-lichterman.217-160-28-49.plesk.page\\\/#organization\"},\"potentialAction\":[{\"@type\":\"SearchAction\",\"target\":{\"@type\":\"EntryPoint\",\"urlTemplate\":\"https:\\\/\\\/exciting-lichterman.217-160-28-49.plesk.page\\\/?s={search_term_string}\"},\"query-input\":{\"@type\":\"PropertyValueSpecification\",\"valueRequired\":true,\"valueName\":\"search_term_string\"}}],\"inLanguage\":\"de\"},{\"@type\":\"Organization\",\"@id\":\"https:\\\/\\\/exciting-lichterman.217-160-28-49.plesk.page\\\/#organization\",\"name\":\"K2group Distribution\",\"url\":\"https:\\\/\\\/exciting-lichterman.217-160-28-49.plesk.page\\\/\",\"logo\":{\"@type\":\"ImageObject\",\"inLanguage\":\"de\",\"@id\":\"https:\\\/\\\/exciting-lichterman.217-160-28-49.plesk.page\\\/#\\\/schema\\\/logo\\\/image\\\/\",\"url\":\"https:\\\/\\\/exciting-lichterman.217-160-28-49.plesk.page\\\/wp-content\\\/uploads\\\/2022\\\/04\\\/logo-K2.png\",\"contentUrl\":\"https:\\\/\\\/exciting-lichterman.217-160-28-49.plesk.page\\\/wp-content\\\/uploads\\\/2022\\\/04\\\/logo-K2.png\",\"width\":155,\"height\":66,\"caption\":\"K2group Distribution\"},\"image\":{\"@id\":\"https:\\\/\\\/exciting-lichterman.217-160-28-49.plesk.page\\\/#\\\/schema\\\/logo\\\/image\\\/\"}}]}<\/script>\n<!-- \/ Yoast SEO plugin. -->","yoast_head_json":{"title":"Cam\u00e9ra Cube IP 4 MPXLS - FF 2.8 mm - K2group Distribution","robots":{"index":"noindex","follow":"follow","max-snippet":"max-snippet:-1","max-image-preview":"max-image-preview:large","max-video-preview":"max-video-preview:-1"},"og_locale":"de_DE","og_type":"article","og_title":"Cam\u00e9ra Cube IP 4 MPXLS - FF 2.8 mm - K2group Distribution","og_description":"R\u00e9f\u00e9rence : DS-2CD2443G0-IW(2.8mm)(W) R\u00e9solution : 4 m\u00e9gapixels Distance IR : 10 m\u00e8tres  Wi-Fi : Disponible  Carte SD : Oui  Type : Cam\u00e9ra fixe  Couleur : Noir et blanc  Alimentation : PoE  D\u00e9tection de mouvement : Disponible  Alarme de sabotage vid\u00e9o : Disponible  Micro : Int\u00e9gr\u00e9  Haut-Parleurs : Int\u00e9gr\u00e9s","og_url":"https:\/\/exciting-lichterman.217-160-28-49.plesk.page\/de\/produkt\/camera-cube-ip-4-mpxls-ff-2-8-mm\/","og_site_name":"K2group Distribution","article_modified_time":"2023-05-29T10:41:38+00:00","og_image":[{"width":2560,"height":2545,"url":"https:\/\/exciting-lichterman.217-160-28-49.plesk.page\/wp-content\/uploads\/2022\/05\/DS-2CD2443G0-IW2.8mmW-01-scaled.webp","type":"image\/webp"}],"twitter_card":"summary_large_image","twitter_misc":{"Gesch\u00e4tzte Lesezeit":"1\u00a0Minute"},"schema":{"@context":"https:\/\/schema.org","@graph":[{"@type":"WebPage","@id":"https:\/\/exciting-lichterman.217-160-28-49.plesk.page\/produit\/camera-cube-ip-4-mpxls-ff-2-8-mm\/","url":"https:\/\/exciting-lichterman.217-160-28-49.plesk.page\/produit\/camera-cube-ip-4-mpxls-ff-2-8-mm\/","name":"Cam\u00e9ra Cube IP 4 MPXLS - FF 2.8 mm - K2group Distribution","isPartOf":{"@id":"https:\/\/exciting-lichterman.217-160-28-49.plesk.page\/#website"},"primaryImageOfPage":{"@id":"https:\/\/exciting-lichterman.217-160-28-49.plesk.page\/produit\/camera-cube-ip-4-mpxls-ff-2-8-mm\/#primaryimage"},"image":{"@id":"https:\/\/exciting-lichterman.217-160-28-49.plesk.page\/produit\/camera-cube-ip-4-mpxls-ff-2-8-mm\/#primaryimage"},"thumbnailUrl":"https:\/\/exciting-lichterman.217-160-28-49.plesk.page\/wp-content\/uploads\/2022\/05\/DS-2CD2443G0-IW2.8mmW-01-scaled.webp","datePublished":"2022-05-15T20:21:06+00:00","dateModified":"2023-05-29T10:41:38+00:00","breadcrumb":{"@id":"https:\/\/exciting-lichterman.217-160-28-49.plesk.page\/produit\/camera-cube-ip-4-mpxls-ff-2-8-mm\/#breadcrumb"},"inLanguage":"de","potentialAction":[{"@type":"ReadAction","target":["https:\/\/exciting-lichterman.217-160-28-49.plesk.page\/produit\/camera-cube-ip-4-mpxls-ff-2-8-mm\/"]}]},{"@type":"ImageObject","inLanguage":"de","@id":"https:\/\/exciting-lichterman.217-160-28-49.plesk.page\/produit\/camera-cube-ip-4-mpxls-ff-2-8-mm\/#primaryimage","url":"https:\/\/exciting-lichterman.217-160-28-49.plesk.page\/wp-content\/uploads\/2022\/05\/DS-2CD2443G0-IW2.8mmW-01-scaled.webp","contentUrl":"https:\/\/exciting-lichterman.217-160-28-49.plesk.page\/wp-content\/uploads\/2022\/05\/DS-2CD2443G0-IW2.8mmW-01-scaled.webp","width":2560,"height":2545},{"@type":"BreadcrumbList","@id":"https:\/\/exciting-lichterman.217-160-28-49.plesk.page\/produit\/camera-cube-ip-4-mpxls-ff-2-8-mm\/#breadcrumb","itemListElement":[{"@type":"ListItem","position":1,"name":"Accueil","item":"https:\/\/exciting-lichterman.217-160-28-49.plesk.page\/"},{"@type":"ListItem","position":2,"name":"Boutique","item":"https:\/\/exciting-lichterman.217-160-28-49.plesk.page\/boutique\/"},{"@type":"ListItem","position":3,"name":"Cam\u00e9ra Cube IP 4 MPXLS &#8211; FF 2.8 mm"}]},{"@type":"WebSite","@id":"https:\/\/exciting-lichterman.217-160-28-49.plesk.page\/#website","url":"https:\/\/exciting-lichterman.217-160-28-49.plesk.page\/","name":"K2group Distribution","description":"","publisher":{"@id":"https:\/\/exciting-lichterman.217-160-28-49.plesk.page\/#organization"},"potentialAction":[{"@type":"SearchAction","target":{"@type":"EntryPoint","urlTemplate":"https:\/\/exciting-lichterman.217-160-28-49.plesk.page\/?s={search_term_string}"},"query-input":{"@type":"PropertyValueSpecification","valueRequired":true,"valueName":"search_term_string"}}],"inLanguage":"de"},{"@type":"Organization","@id":"https:\/\/exciting-lichterman.217-160-28-49.plesk.page\/#organization","name":"K2group Distribution","url":"https:\/\/exciting-lichterman.217-160-28-49.plesk.page\/","logo":{"@type":"ImageObject","inLanguage":"de","@id":"https:\/\/exciting-lichterman.217-160-28-49.plesk.page\/#\/schema\/logo\/image\/","url":"https:\/\/exciting-lichterman.217-160-28-49.plesk.page\/wp-content\/uploads\/2022\/04\/logo-K2.png","contentUrl":"https:\/\/exciting-lichterman.217-160-28-49.plesk.page\/wp-content\/uploads\/2022\/04\/logo-K2.png","width":155,"height":66,"caption":"K2group Distribution"},"image":{"@id":"https:\/\/exciting-lichterman.217-160-28-49.plesk.page\/#\/schema\/logo\/image\/"}}]}},"_links":{"self":[{"href":"https:\/\/exciting-lichterman.217-160-28-49.plesk.page\/de\/wp-json\/wp\/v2\/product\/7878","targetHints":{"allow":["GET"]}}],"collection":[{"href":"https:\/\/exciting-lichterman.217-160-28-49.plesk.page\/de\/wp-json\/wp\/v2\/product"}],"about":[{"href":"https:\/\/exciting-lichterman.217-160-28-49.plesk.page\/de\/wp-json\/wp\/v2\/types\/product"}],"replies":[{"embeddable":true,"href":"https:\/\/exciting-lichterman.217-160-28-49.plesk.page\/de\/wp-json\/wp\/v2\/comments?post=7878"}],"version-history":[{"count":5,"href":"https:\/\/exciting-lichterman.217-160-28-49.plesk.page\/de\/wp-json\/wp\/v2\/product\/7878\/revisions"}],"predecessor-version":[{"id":16964,"href":"https:\/\/exciting-lichterman.217-160-28-49.plesk.page\/de\/wp-json\/wp\/v2\/product\/7878\/revisions\/16964"}],"wp:featuredmedia":[{"embeddable":true,"href":"https:\/\/exciting-lichterman.217-160-28-49.plesk.page\/de\/wp-json\/wp\/v2\/media\/7882"}],"wp:attachment":[{"href":"https:\/\/exciting-lichterman.217-160-28-49.plesk.page\/de\/wp-json\/wp\/v2\/media?parent=7878"}],"wp:term":[{"taxonomy":"product_brand","embeddable":true,"href":"https:\/\/exciting-lichterman.217-160-28-49.plesk.page\/de\/wp-json\/wp\/v2\/product_brand?post=7878"},{"taxonomy":"product_cat","embeddable":true,"href":"https:\/\/exciting-lichterman.217-160-28-49.plesk.page\/de\/wp-json\/wp\/v2\/product_cat?post=7878"},{"taxonomy":"product_tag","embeddable":true,"href":"https:\/\/exciting-lichterman.217-160-28-49.plesk.page\/de\/wp-json\/wp\/v2\/product_tag?post=7878"}],"curies":[{"name":"wp","href":"https:\/\/api.w.org\/{rel}","templated":true}]}}