{"id":4588,"date":"2021-07-16T10:18:18","date_gmt":"2021-07-16T10:18:18","guid":{"rendered":"https:\/\/practical-elbakyan.82-165-223-183.plesk.page\/index.php\/produit\/derouleur-de-c-ble-geniplac-ao-xb-500-1\/"},"modified":"2024-12-02T09:02:58","modified_gmt":"2024-12-02T09:02:58","slug":"derouleur-de-c-ble-geniplac-ao-xb-500-1","status":"publish","type":"product","link":"https:\/\/exciting-lichterman.217-160-28-49.plesk.page\/de\/produkt\/derouleur-de-c-ble-geniplac-ao-xb-500-1\/","title":{"rendered":"D\u00e9rouleur de cable GENIPLAC AO-XB 500"},"content":{"rendered":"<p>Le AO-XB 500 compact repr\u00e9sente un enrouleur et d\u00e9rouleur professionnel universel, adapt\u00e9 \u00e0 tous les types de c\u00e2bles et de conduits, tels que les c\u00e2bles \u00e0 \u00e2me, les anneaux de c\u00e2bles, les tourets de c\u00e2bles, les tuyaux vides, les cordes et les tourets \u00e0 c\u00e2bles.<br \/>\nAvec une capacit\u00e9 de charge allant jusqu&rsquo;\u00e0 800 kg, notre <strong>d\u00e9rouleur de cable<\/strong> GENIPLAC peut s&rsquo;adapter \u00e0 presque tous les types de tourets, ce qui en fait un choix polyvalent pour diverses applications. Sa capacit\u00e9 \u00e0 manipuler des charges aussi lourdes facilite grandement les travaux des techniciens de la fibre optique et des t\u00e9l\u00e9communications, en leur permettant de d\u00e9ployer rapidement et efficacement les c\u00e2bles n\u00e9cessaires \u00e0 leurs installations.<br \/>\nDot\u00e9 de 12 pieds d\u2019appui caoutchout\u00e9s, notre dispositif assure un support antid\u00e9rapant, id\u00e9al pour la protection des surfaces et des rev\u00eatements de sol d\u00e9j\u00e0 en place. Offrant une solution pratique et efficace pour la manipulation des c\u00e2bles, le d\u00e9rouleur est un choix optimal pour les professionnels soucieux de la qualit\u00e9 et de la s\u00e9curit\u00e9 de leurs op\u00e9rations.<\/p>","protected":false},"excerpt":{"rendered":"<h2 style=\"font-family:Poppins;font-size:14px; font-weight:400!important; line-height:2\">Le d\u00e9rouleur de cable AO-XB 500-1 est un appareil professionnel indispensable pour enrouler et d\u00e9rouler des tambours d&rsquo;entr\u00e9e et de sortie pour les diff\u00e9rents mod\u00e8les de c\u00e2bles de fibre optique et de tuyaux.<\/h2>\n<p><span style=\"font-size:14px\"> Il garantit un fonctionnement efficace sans c\u00e2bles emm\u00eal\u00e9s. Id\u00e9al pour les tourets \u00e0 c\u00e2ble endommag\u00e9s.<\/span><\/p>","protected":false},"featured_media":20624,"comment_status":"open","ping_status":"closed","template":"","meta":{"_acf_changed":false},"product_brand":[],"product_cat":[75,60],"product_tag":[],"class_list":{"0":"post-4588","1":"product","2":"type-product","3":"status-publish","4":"has-post-thumbnail","6":"product_cat-galets-derouleurs","7":"product_cat-tirage-aiguillage","9":"first","10":"instock","11":"taxable","12":"shipping-taxable","13":"purchasable","14":"product-type-simple"},"acf":[],"yoast_head":"<!-- This site is optimized with the Yoast SEO plugin v27.4 - https:\/\/yoast.com\/product\/yoast-seo-wordpress\/ -->\n<title>D\u00e9rouleur de cable GENIPLAC AO-XB 500 - K2group Distribution<\/title>\n<meta name=\"robots\" content=\"noindex, follow, max-snippet:-1, max-image-preview:large, max-video-preview:-1\" \/>\n<meta property=\"og:locale\" content=\"de_DE\" \/>\n<meta property=\"og:type\" content=\"article\" \/>\n<meta property=\"og:title\" content=\"D\u00e9rouleur de cable GENIPLAC AO-XB 500 - K2group Distribution\" \/>\n<meta property=\"og:description\" content=\"Le d\u00e9rouleur de cable AO-XB 500-1 est un appareil professionnel indispensable pour enrouler et d\u00e9rouler des tambours d&#039;entr\u00e9e et de sortie pour les diff\u00e9rents mod\u00e8les de c\u00e2bles de fibre optique et de tuyaux. Il garantit un fonctionnement efficace sans c\u00e2bles emm\u00eal\u00e9s. Id\u00e9al pour les tourets \u00e0 c\u00e2ble endommag\u00e9s.\" \/>\n<meta property=\"og:url\" content=\"https:\/\/exciting-lichterman.217-160-28-49.plesk.page\/de\/produkt\/derouleur-de-c-ble-geniplac-ao-xb-500-1\/\" \/>\n<meta property=\"og:site_name\" content=\"K2group Distribution\" \/>\n<meta property=\"article:modified_time\" content=\"2024-12-02T09:02:58+00:00\" \/>\n<meta property=\"og:image\" content=\"https:\/\/exciting-lichterman.217-160-28-49.plesk.page\/wp-content\/uploads\/2021\/07\/1359-DEROULEUR-DE-C-BLE-GENIPLAC-AO-XB-500-1.jpg\" \/>\n\t<meta property=\"og:image:width\" content=\"1006\" \/>\n\t<meta property=\"og:image:height\" content=\"1000\" \/>\n\t<meta property=\"og:image:type\" content=\"image\/jpeg\" \/>\n<meta name=\"twitter:card\" content=\"summary_large_image\" \/>\n<script type=\"application\/ld+json\" class=\"yoast-schema-graph\">{\"@context\":\"https:\\\/\\\/schema.org\",\"@graph\":[{\"@type\":\"WebPage\",\"@id\":\"https:\\\/\\\/exciting-lichterman.217-160-28-49.plesk.page\\\/produit\\\/derouleur-de-c-ble-geniplac-ao-xb-500-1\\\/\",\"url\":\"https:\\\/\\\/exciting-lichterman.217-160-28-49.plesk.page\\\/produit\\\/derouleur-de-c-ble-geniplac-ao-xb-500-1\\\/\",\"name\":\"D\u00e9rouleur de cable GENIPLAC AO-XB 500 - K2group Distribution\",\"isPartOf\":{\"@id\":\"https:\\\/\\\/exciting-lichterman.217-160-28-49.plesk.page\\\/#website\"},\"primaryImageOfPage\":{\"@id\":\"https:\\\/\\\/exciting-lichterman.217-160-28-49.plesk.page\\\/produit\\\/derouleur-de-c-ble-geniplac-ao-xb-500-1\\\/#primaryimage\"},\"image\":{\"@id\":\"https:\\\/\\\/exciting-lichterman.217-160-28-49.plesk.page\\\/produit\\\/derouleur-de-c-ble-geniplac-ao-xb-500-1\\\/#primaryimage\"},\"thumbnailUrl\":\"https:\\\/\\\/exciting-lichterman.217-160-28-49.plesk.page\\\/wp-content\\\/uploads\\\/2024\\\/03\\\/1359-DEROULEUR-DE-C-BLE-GENIPLAC-AO-XB-500-1.jpg\",\"datePublished\":\"2021-07-16T10:18:18+00:00\",\"dateModified\":\"2024-12-02T09:02:58+00:00\",\"breadcrumb\":{\"@id\":\"https:\\\/\\\/exciting-lichterman.217-160-28-49.plesk.page\\\/produit\\\/derouleur-de-c-ble-geniplac-ao-xb-500-1\\\/#breadcrumb\"},\"inLanguage\":\"de\",\"potentialAction\":[{\"@type\":\"ReadAction\",\"target\":[\"https:\\\/\\\/exciting-lichterman.217-160-28-49.plesk.page\\\/produit\\\/derouleur-de-c-ble-geniplac-ao-xb-500-1\\\/\"]}]},{\"@type\":\"ImageObject\",\"inLanguage\":\"de\",\"@id\":\"https:\\\/\\\/exciting-lichterman.217-160-28-49.plesk.page\\\/produit\\\/derouleur-de-c-ble-geniplac-ao-xb-500-1\\\/#primaryimage\",\"url\":\"https:\\\/\\\/exciting-lichterman.217-160-28-49.plesk.page\\\/wp-content\\\/uploads\\\/2024\\\/03\\\/1359-DEROULEUR-DE-C-BLE-GENIPLAC-AO-XB-500-1.jpg\",\"contentUrl\":\"https:\\\/\\\/exciting-lichterman.217-160-28-49.plesk.page\\\/wp-content\\\/uploads\\\/2024\\\/03\\\/1359-DEROULEUR-DE-C-BLE-GENIPLAC-AO-XB-500-1.jpg\",\"width\":1006,\"height\":1000},{\"@type\":\"BreadcrumbList\",\"@id\":\"https:\\\/\\\/exciting-lichterman.217-160-28-49.plesk.page\\\/produit\\\/derouleur-de-c-ble-geniplac-ao-xb-500-1\\\/#breadcrumb\",\"itemListElement\":[{\"@type\":\"ListItem\",\"position\":1,\"name\":\"Accueil\",\"item\":\"https:\\\/\\\/exciting-lichterman.217-160-28-49.plesk.page\\\/\"},{\"@type\":\"ListItem\",\"position\":2,\"name\":\"Boutique\",\"item\":\"https:\\\/\\\/exciting-lichterman.217-160-28-49.plesk.page\\\/boutique\\\/\"},{\"@type\":\"ListItem\",\"position\":3,\"name\":\"D\u00e9rouleur de cable GENIPLAC AO-XB 500\"}]},{\"@type\":\"WebSite\",\"@id\":\"https:\\\/\\\/exciting-lichterman.217-160-28-49.plesk.page\\\/#website\",\"url\":\"https:\\\/\\\/exciting-lichterman.217-160-28-49.plesk.page\\\/\",\"name\":\"K2group Distribution\",\"description\":\"\",\"publisher\":{\"@id\":\"https:\\\/\\\/exciting-lichterman.217-160-28-49.plesk.page\\\/#organization\"},\"potentialAction\":[{\"@type\":\"SearchAction\",\"target\":{\"@type\":\"EntryPoint\",\"urlTemplate\":\"https:\\\/\\\/exciting-lichterman.217-160-28-49.plesk.page\\\/?s={search_term_string}\"},\"query-input\":{\"@type\":\"PropertyValueSpecification\",\"valueRequired\":true,\"valueName\":\"search_term_string\"}}],\"inLanguage\":\"de\"},{\"@type\":\"Organization\",\"@id\":\"https:\\\/\\\/exciting-lichterman.217-160-28-49.plesk.page\\\/#organization\",\"name\":\"K2group Distribution\",\"url\":\"https:\\\/\\\/exciting-lichterman.217-160-28-49.plesk.page\\\/\",\"logo\":{\"@type\":\"ImageObject\",\"inLanguage\":\"de\",\"@id\":\"https:\\\/\\\/exciting-lichterman.217-160-28-49.plesk.page\\\/#\\\/schema\\\/logo\\\/image\\\/\",\"url\":\"https:\\\/\\\/exciting-lichterman.217-160-28-49.plesk.page\\\/wp-content\\\/uploads\\\/2022\\\/04\\\/logo-K2.png\",\"contentUrl\":\"https:\\\/\\\/exciting-lichterman.217-160-28-49.plesk.page\\\/wp-content\\\/uploads\\\/2022\\\/04\\\/logo-K2.png\",\"width\":155,\"height\":66,\"caption\":\"K2group Distribution\"},\"image\":{\"@id\":\"https:\\\/\\\/exciting-lichterman.217-160-28-49.plesk.page\\\/#\\\/schema\\\/logo\\\/image\\\/\"}}]}<\/script>\n<!-- \/ Yoast SEO plugin. -->","yoast_head_json":{"title":"D\u00e9rouleur de cable GENIPLAC AO-XB 500 - K2group Distribution","robots":{"index":"noindex","follow":"follow","max-snippet":"max-snippet:-1","max-image-preview":"max-image-preview:large","max-video-preview":"max-video-preview:-1"},"og_locale":"de_DE","og_type":"article","og_title":"D\u00e9rouleur de cable GENIPLAC AO-XB 500 - K2group Distribution","og_description":"Le d\u00e9rouleur de cable AO-XB 500-1 est un appareil professionnel indispensable pour enrouler et d\u00e9rouler des tambours d'entr\u00e9e et de sortie pour les diff\u00e9rents mod\u00e8les de c\u00e2bles de fibre optique et de tuyaux. Il garantit un fonctionnement efficace sans c\u00e2bles emm\u00eal\u00e9s. Id\u00e9al pour les tourets \u00e0 c\u00e2ble endommag\u00e9s.","og_url":"https:\/\/exciting-lichterman.217-160-28-49.plesk.page\/de\/produkt\/derouleur-de-c-ble-geniplac-ao-xb-500-1\/","og_site_name":"K2group Distribution","article_modified_time":"2024-12-02T09:02:58+00:00","og_image":[{"width":1006,"height":1000,"url":"https:\/\/exciting-lichterman.217-160-28-49.plesk.page\/wp-content\/uploads\/2021\/07\/1359-DEROULEUR-DE-C-BLE-GENIPLAC-AO-XB-500-1.jpg","type":"image\/jpeg"}],"twitter_card":"summary_large_image","schema":{"@context":"https:\/\/schema.org","@graph":[{"@type":"WebPage","@id":"https:\/\/exciting-lichterman.217-160-28-49.plesk.page\/produit\/derouleur-de-c-ble-geniplac-ao-xb-500-1\/","url":"https:\/\/exciting-lichterman.217-160-28-49.plesk.page\/produit\/derouleur-de-c-ble-geniplac-ao-xb-500-1\/","name":"D\u00e9rouleur de cable GENIPLAC AO-XB 500 - K2group Distribution","isPartOf":{"@id":"https:\/\/exciting-lichterman.217-160-28-49.plesk.page\/#website"},"primaryImageOfPage":{"@id":"https:\/\/exciting-lichterman.217-160-28-49.plesk.page\/produit\/derouleur-de-c-ble-geniplac-ao-xb-500-1\/#primaryimage"},"image":{"@id":"https:\/\/exciting-lichterman.217-160-28-49.plesk.page\/produit\/derouleur-de-c-ble-geniplac-ao-xb-500-1\/#primaryimage"},"thumbnailUrl":"https:\/\/exciting-lichterman.217-160-28-49.plesk.page\/wp-content\/uploads\/2024\/03\/1359-DEROULEUR-DE-C-BLE-GENIPLAC-AO-XB-500-1.jpg","datePublished":"2021-07-16T10:18:18+00:00","dateModified":"2024-12-02T09:02:58+00:00","breadcrumb":{"@id":"https:\/\/exciting-lichterman.217-160-28-49.plesk.page\/produit\/derouleur-de-c-ble-geniplac-ao-xb-500-1\/#breadcrumb"},"inLanguage":"de","potentialAction":[{"@type":"ReadAction","target":["https:\/\/exciting-lichterman.217-160-28-49.plesk.page\/produit\/derouleur-de-c-ble-geniplac-ao-xb-500-1\/"]}]},{"@type":"ImageObject","inLanguage":"de","@id":"https:\/\/exciting-lichterman.217-160-28-49.plesk.page\/produit\/derouleur-de-c-ble-geniplac-ao-xb-500-1\/#primaryimage","url":"https:\/\/exciting-lichterman.217-160-28-49.plesk.page\/wp-content\/uploads\/2024\/03\/1359-DEROULEUR-DE-C-BLE-GENIPLAC-AO-XB-500-1.jpg","contentUrl":"https:\/\/exciting-lichterman.217-160-28-49.plesk.page\/wp-content\/uploads\/2024\/03\/1359-DEROULEUR-DE-C-BLE-GENIPLAC-AO-XB-500-1.jpg","width":1006,"height":1000},{"@type":"BreadcrumbList","@id":"https:\/\/exciting-lichterman.217-160-28-49.plesk.page\/produit\/derouleur-de-c-ble-geniplac-ao-xb-500-1\/#breadcrumb","itemListElement":[{"@type":"ListItem","position":1,"name":"Accueil","item":"https:\/\/exciting-lichterman.217-160-28-49.plesk.page\/"},{"@type":"ListItem","position":2,"name":"Boutique","item":"https:\/\/exciting-lichterman.217-160-28-49.plesk.page\/boutique\/"},{"@type":"ListItem","position":3,"name":"D\u00e9rouleur de cable GENIPLAC AO-XB 500"}]},{"@type":"WebSite","@id":"https:\/\/exciting-lichterman.217-160-28-49.plesk.page\/#website","url":"https:\/\/exciting-lichterman.217-160-28-49.plesk.page\/","name":"K2group Distribution","description":"","publisher":{"@id":"https:\/\/exciting-lichterman.217-160-28-49.plesk.page\/#organization"},"potentialAction":[{"@type":"SearchAction","target":{"@type":"EntryPoint","urlTemplate":"https:\/\/exciting-lichterman.217-160-28-49.plesk.page\/?s={search_term_string}"},"query-input":{"@type":"PropertyValueSpecification","valueRequired":true,"valueName":"search_term_string"}}],"inLanguage":"de"},{"@type":"Organization","@id":"https:\/\/exciting-lichterman.217-160-28-49.plesk.page\/#organization","name":"K2group Distribution","url":"https:\/\/exciting-lichterman.217-160-28-49.plesk.page\/","logo":{"@type":"ImageObject","inLanguage":"de","@id":"https:\/\/exciting-lichterman.217-160-28-49.plesk.page\/#\/schema\/logo\/image\/","url":"https:\/\/exciting-lichterman.217-160-28-49.plesk.page\/wp-content\/uploads\/2022\/04\/logo-K2.png","contentUrl":"https:\/\/exciting-lichterman.217-160-28-49.plesk.page\/wp-content\/uploads\/2022\/04\/logo-K2.png","width":155,"height":66,"caption":"K2group Distribution"},"image":{"@id":"https:\/\/exciting-lichterman.217-160-28-49.plesk.page\/#\/schema\/logo\/image\/"}}]}},"_links":{"self":[{"href":"https:\/\/exciting-lichterman.217-160-28-49.plesk.page\/de\/wp-json\/wp\/v2\/product\/4588","targetHints":{"allow":["GET"]}}],"collection":[{"href":"https:\/\/exciting-lichterman.217-160-28-49.plesk.page\/de\/wp-json\/wp\/v2\/product"}],"about":[{"href":"https:\/\/exciting-lichterman.217-160-28-49.plesk.page\/de\/wp-json\/wp\/v2\/types\/product"}],"replies":[{"embeddable":true,"href":"https:\/\/exciting-lichterman.217-160-28-49.plesk.page\/de\/wp-json\/wp\/v2\/comments?post=4588"}],"version-history":[{"count":7,"href":"https:\/\/exciting-lichterman.217-160-28-49.plesk.page\/de\/wp-json\/wp\/v2\/product\/4588\/revisions"}],"predecessor-version":[{"id":20625,"href":"https:\/\/exciting-lichterman.217-160-28-49.plesk.page\/de\/wp-json\/wp\/v2\/product\/4588\/revisions\/20625"}],"wp:featuredmedia":[{"embeddable":true,"href":"https:\/\/exciting-lichterman.217-160-28-49.plesk.page\/de\/wp-json\/wp\/v2\/media\/20624"}],"wp:attachment":[{"href":"https:\/\/exciting-lichterman.217-160-28-49.plesk.page\/de\/wp-json\/wp\/v2\/media?parent=4588"}],"wp:term":[{"taxonomy":"product_brand","embeddable":true,"href":"https:\/\/exciting-lichterman.217-160-28-49.plesk.page\/de\/wp-json\/wp\/v2\/product_brand?post=4588"},{"taxonomy":"product_cat","embeddable":true,"href":"https:\/\/exciting-lichterman.217-160-28-49.plesk.page\/de\/wp-json\/wp\/v2\/product_cat?post=4588"},{"taxonomy":"product_tag","embeddable":true,"href":"https:\/\/exciting-lichterman.217-160-28-49.plesk.page\/de\/wp-json\/wp\/v2\/product_tag?post=4588"}],"curies":[{"name":"wp","href":"https:\/\/api.w.org\/{rel}","templated":true}]}}