{"id":4519,"date":"2021-06-25T17:07:28","date_gmt":"2021-06-25T17:07:28","guid":{"rendered":"https:\/\/practical-elbakyan.82-165-223-183.plesk.page\/index.php\/produit\/softshell-bicolore-3-couches-manches-amovibles-par-zip-authentic-hv\/"},"modified":"2024-12-02T09:03:01","modified_gmt":"2024-12-02T09:03:01","slug":"softshell-bicolore-3-couches-manches-amovibles-par-zip-authentic-hv","status":"publish","type":"product","link":"https:\/\/exciting-lichterman.217-160-28-49.plesk.page\/de\/produkt\/softshell-bicolore-3-couches-manches-amovibles-par-zip-authentic-hv\/","title":{"rendered":"Veste Softshell bicolore 3 couches &#8211; manches amovibles par zip &#8211; AUTHENTIC HV"},"content":{"rendered":"<p>Dot\u00e9e d&rsquo;une capuche amovible et ajustable, \u00e9quip\u00e9e d&rsquo;\u00e9lastiques avec stoppeurs, et est zipp\u00e9e et doubl\u00e9e d&rsquo;un filet jaune fluo pour une visibilit\u00e9 accrue sur le terrain tout en offrant une flexibilit\u00e9 adapt\u00e9e \u00e0 toutes les conditions m\u00e9t\u00e9orologiques. Les poignets ajustables par des pattes en PVC avec soufflet contrastant garantissent un ajustement parfait, tandis que les manches amovibles offrent une polyvalence exceptionnelle pour s&rsquo;adapter \u00e0 l&rsquo;\u00e9volution des conditions. Les empi\u00e8cements contrastants en bleu marine ajoutent une touche de style, tandis que le bas de manches contrastants, dans un coloris fonc\u00e9 moins salissant, assure une durabilit\u00e9 accrue.<\/p>\n<p>\u00c0 l&rsquo;int\u00e9rieur, vous trouverez une grande poche int\u00e9rieure avec un empi\u00e8cement et un zip spiral cach\u00e9 sous une patte du c\u00f4t\u00e9 droit, ainsi que des \u00e9l\u00e9ments distinctifs tels que le tab PVC avec le logo LMA du c\u00f4t\u00e9 droit, une broderie logo LMA du c\u00f4t\u00e9 gauche et une bande logo LMA \u00e0 l&rsquo;int\u00e9rieur du col au dos.<\/p>\n<p><strong>Sp\u00e9cifications<\/strong>:<\/p>\n<p>Soft Shell 3 couches &#8211; 300 g\/m\u00b2<\/p>\n<p>Couche 1 : 100% polyester<\/p>\n<p>Couche 2 : Membrane TPU : Respirabilit\u00e9 (MVP) : 800g\/m\u00b2\/24h<\/p>\n<p>Imperm\u00e9abilit\u00e9 (WR) : 5000 mm<\/p>\n<p>Couche 3 : Polaire : 100% polyester<\/p>","protected":false},"excerpt":{"rendered":"<h2 style=\"font-family:Poppins;font-size:14px; font-weight:400!important; line-height:2\">La veste softshell imperm\u00e9able bicolore 3 couches, fabriqu\u00e9e \u00e0 100% en polyester, combine fonctionnalit\u00e9 avanc\u00e9e et protection ultime pour vous accompagner tout au long de vos missions professionnelles dans le domaine de la t\u00e9l\u00e9communication.<\/h2>\n<p><span style=\"font-size:14px;line-height:2\">Ses bandes r\u00e9tror\u00e9fl\u00e9chissantes segment\u00e9es garantissent une visibilit\u00e9 maximale, assurant votre s\u00e9curit\u00e9 sur le terrain.<\/span><\/p>","protected":false},"featured_media":20601,"comment_status":"open","ping_status":"closed","template":"","meta":{"_acf_changed":false},"product_brand":[],"product_cat":[72,61],"product_tag":[],"class_list":{"0":"post-4519","1":"product","2":"type-product","3":"status-publish","4":"has-post-thumbnail","6":"product_cat-equipements-protection-individuel","7":"product_cat-securite-et-balisage","9":"first","10":"outofstock","11":"taxable","12":"shipping-taxable","13":"purchasable","14":"product-type-variable"},"acf":[],"yoast_head":"<!-- This site is optimized with the Yoast SEO plugin v27.4 - https:\/\/yoast.com\/product\/yoast-seo-wordpress\/ -->\n<title>Veste Softshell bicolore 3 couches - manches amovibles par zip - AUTHENTIC HV - K2group Distribution<\/title>\n<meta name=\"robots\" content=\"noindex, follow, max-snippet:-1, max-image-preview:large, max-video-preview:-1\" \/>\n<meta property=\"og:locale\" content=\"de_DE\" \/>\n<meta property=\"og:type\" content=\"article\" \/>\n<meta property=\"og:title\" content=\"Veste Softshell bicolore 3 couches - manches amovibles par zip - AUTHENTIC HV - K2group Distribution\" \/>\n<meta property=\"og:description\" content=\"La veste softshell imperm\u00e9able bicolore 3 couches, fabriqu\u00e9e \u00e0 100% en polyester, combine fonctionnalit\u00e9 avanc\u00e9e et protection ultime pour vous accompagner tout au long de vos missions professionnelles dans le domaine de la t\u00e9l\u00e9communication. Ses bandes r\u00e9tror\u00e9fl\u00e9chissantes segment\u00e9es garantissent une visibilit\u00e9 maximale, assurant votre s\u00e9curit\u00e9 sur le terrain.\" \/>\n<meta property=\"og:url\" content=\"https:\/\/exciting-lichterman.217-160-28-49.plesk.page\/de\/produkt\/softshell-bicolore-3-couches-manches-amovibles-par-zip-authentic-hv\/\" \/>\n<meta property=\"og:site_name\" content=\"K2group Distribution\" \/>\n<meta property=\"article:modified_time\" content=\"2024-12-02T09:03:01+00:00\" \/>\n<meta property=\"og:image\" content=\"https:\/\/exciting-lichterman.217-160-28-49.plesk.page\/wp-content\/uploads\/2021\/06\/1283-Softshell-bicolore-3-couches-manches-amovibles-par-zip-AUTHENTIC-HV-LMA.jpg\" \/>\n\t<meta property=\"og:image:width\" content=\"1006\" \/>\n\t<meta property=\"og:image:height\" content=\"1000\" \/>\n\t<meta property=\"og:image:type\" content=\"image\/jpeg\" \/>\n<meta name=\"twitter:card\" content=\"summary_large_image\" \/>\n<script type=\"application\/ld+json\" class=\"yoast-schema-graph\">{\"@context\":\"https:\\\/\\\/schema.org\",\"@graph\":[{\"@type\":\"WebPage\",\"@id\":\"https:\\\/\\\/exciting-lichterman.217-160-28-49.plesk.page\\\/produit\\\/softshell-bicolore-3-couches-manches-amovibles-par-zip-authentic-hv\\\/\",\"url\":\"https:\\\/\\\/exciting-lichterman.217-160-28-49.plesk.page\\\/produit\\\/softshell-bicolore-3-couches-manches-amovibles-par-zip-authentic-hv\\\/\",\"name\":\"Veste Softshell bicolore 3 couches - manches amovibles par zip - AUTHENTIC HV - K2group Distribution\",\"isPartOf\":{\"@id\":\"https:\\\/\\\/exciting-lichterman.217-160-28-49.plesk.page\\\/#website\"},\"primaryImageOfPage\":{\"@id\":\"https:\\\/\\\/exciting-lichterman.217-160-28-49.plesk.page\\\/produit\\\/softshell-bicolore-3-couches-manches-amovibles-par-zip-authentic-hv\\\/#primaryimage\"},\"image\":{\"@id\":\"https:\\\/\\\/exciting-lichterman.217-160-28-49.plesk.page\\\/produit\\\/softshell-bicolore-3-couches-manches-amovibles-par-zip-authentic-hv\\\/#primaryimage\"},\"thumbnailUrl\":\"https:\\\/\\\/exciting-lichterman.217-160-28-49.plesk.page\\\/wp-content\\\/uploads\\\/2024\\\/03\\\/1283-Softshell-bicolore-3-couches-manches-amovibles-par-zip-AUTHENTIC-HV-LMA.jpg\",\"datePublished\":\"2021-06-25T17:07:28+00:00\",\"dateModified\":\"2024-12-02T09:03:01+00:00\",\"breadcrumb\":{\"@id\":\"https:\\\/\\\/exciting-lichterman.217-160-28-49.plesk.page\\\/produit\\\/softshell-bicolore-3-couches-manches-amovibles-par-zip-authentic-hv\\\/#breadcrumb\"},\"inLanguage\":\"de\",\"potentialAction\":[{\"@type\":\"ReadAction\",\"target\":[\"https:\\\/\\\/exciting-lichterman.217-160-28-49.plesk.page\\\/produit\\\/softshell-bicolore-3-couches-manches-amovibles-par-zip-authentic-hv\\\/\"]}]},{\"@type\":\"ImageObject\",\"inLanguage\":\"de\",\"@id\":\"https:\\\/\\\/exciting-lichterman.217-160-28-49.plesk.page\\\/produit\\\/softshell-bicolore-3-couches-manches-amovibles-par-zip-authentic-hv\\\/#primaryimage\",\"url\":\"https:\\\/\\\/exciting-lichterman.217-160-28-49.plesk.page\\\/wp-content\\\/uploads\\\/2024\\\/03\\\/1283-Softshell-bicolore-3-couches-manches-amovibles-par-zip-AUTHENTIC-HV-LMA.jpg\",\"contentUrl\":\"https:\\\/\\\/exciting-lichterman.217-160-28-49.plesk.page\\\/wp-content\\\/uploads\\\/2024\\\/03\\\/1283-Softshell-bicolore-3-couches-manches-amovibles-par-zip-AUTHENTIC-HV-LMA.jpg\",\"width\":1006,\"height\":1000},{\"@type\":\"BreadcrumbList\",\"@id\":\"https:\\\/\\\/exciting-lichterman.217-160-28-49.plesk.page\\\/produit\\\/softshell-bicolore-3-couches-manches-amovibles-par-zip-authentic-hv\\\/#breadcrumb\",\"itemListElement\":[{\"@type\":\"ListItem\",\"position\":1,\"name\":\"Accueil\",\"item\":\"https:\\\/\\\/exciting-lichterman.217-160-28-49.plesk.page\\\/\"},{\"@type\":\"ListItem\",\"position\":2,\"name\":\"Boutique\",\"item\":\"https:\\\/\\\/exciting-lichterman.217-160-28-49.plesk.page\\\/boutique\\\/\"},{\"@type\":\"ListItem\",\"position\":3,\"name\":\"Veste Softshell bicolore 3 couches &#8211; manches amovibles par zip &#8211; AUTHENTIC HV\"}]},{\"@type\":\"WebSite\",\"@id\":\"https:\\\/\\\/exciting-lichterman.217-160-28-49.plesk.page\\\/#website\",\"url\":\"https:\\\/\\\/exciting-lichterman.217-160-28-49.plesk.page\\\/\",\"name\":\"K2group Distribution\",\"description\":\"\",\"publisher\":{\"@id\":\"https:\\\/\\\/exciting-lichterman.217-160-28-49.plesk.page\\\/#organization\"},\"potentialAction\":[{\"@type\":\"SearchAction\",\"target\":{\"@type\":\"EntryPoint\",\"urlTemplate\":\"https:\\\/\\\/exciting-lichterman.217-160-28-49.plesk.page\\\/?s={search_term_string}\"},\"query-input\":{\"@type\":\"PropertyValueSpecification\",\"valueRequired\":true,\"valueName\":\"search_term_string\"}}],\"inLanguage\":\"de\"},{\"@type\":\"Organization\",\"@id\":\"https:\\\/\\\/exciting-lichterman.217-160-28-49.plesk.page\\\/#organization\",\"name\":\"K2group Distribution\",\"url\":\"https:\\\/\\\/exciting-lichterman.217-160-28-49.plesk.page\\\/\",\"logo\":{\"@type\":\"ImageObject\",\"inLanguage\":\"de\",\"@id\":\"https:\\\/\\\/exciting-lichterman.217-160-28-49.plesk.page\\\/#\\\/schema\\\/logo\\\/image\\\/\",\"url\":\"https:\\\/\\\/exciting-lichterman.217-160-28-49.plesk.page\\\/wp-content\\\/uploads\\\/2022\\\/04\\\/logo-K2.png\",\"contentUrl\":\"https:\\\/\\\/exciting-lichterman.217-160-28-49.plesk.page\\\/wp-content\\\/uploads\\\/2022\\\/04\\\/logo-K2.png\",\"width\":155,\"height\":66,\"caption\":\"K2group Distribution\"},\"image\":{\"@id\":\"https:\\\/\\\/exciting-lichterman.217-160-28-49.plesk.page\\\/#\\\/schema\\\/logo\\\/image\\\/\"}}]}<\/script>\n<!-- \/ Yoast SEO plugin. -->","yoast_head_json":{"title":"Veste Softshell bicolore 3 couches - manches amovibles par zip - AUTHENTIC HV - K2group Distribution","robots":{"index":"noindex","follow":"follow","max-snippet":"max-snippet:-1","max-image-preview":"max-image-preview:large","max-video-preview":"max-video-preview:-1"},"og_locale":"de_DE","og_type":"article","og_title":"Veste Softshell bicolore 3 couches - manches amovibles par zip - AUTHENTIC HV - K2group Distribution","og_description":"La veste softshell imperm\u00e9able bicolore 3 couches, fabriqu\u00e9e \u00e0 100% en polyester, combine fonctionnalit\u00e9 avanc\u00e9e et protection ultime pour vous accompagner tout au long de vos missions professionnelles dans le domaine de la t\u00e9l\u00e9communication. Ses bandes r\u00e9tror\u00e9fl\u00e9chissantes segment\u00e9es garantissent une visibilit\u00e9 maximale, assurant votre s\u00e9curit\u00e9 sur le terrain.","og_url":"https:\/\/exciting-lichterman.217-160-28-49.plesk.page\/de\/produkt\/softshell-bicolore-3-couches-manches-amovibles-par-zip-authentic-hv\/","og_site_name":"K2group Distribution","article_modified_time":"2024-12-02T09:03:01+00:00","og_image":[{"width":1006,"height":1000,"url":"https:\/\/exciting-lichterman.217-160-28-49.plesk.page\/wp-content\/uploads\/2021\/06\/1283-Softshell-bicolore-3-couches-manches-amovibles-par-zip-AUTHENTIC-HV-LMA.jpg","type":"image\/jpeg"}],"twitter_card":"summary_large_image","schema":{"@context":"https:\/\/schema.org","@graph":[{"@type":"WebPage","@id":"https:\/\/exciting-lichterman.217-160-28-49.plesk.page\/produit\/softshell-bicolore-3-couches-manches-amovibles-par-zip-authentic-hv\/","url":"https:\/\/exciting-lichterman.217-160-28-49.plesk.page\/produit\/softshell-bicolore-3-couches-manches-amovibles-par-zip-authentic-hv\/","name":"Veste Softshell bicolore 3 couches - manches amovibles par zip - AUTHENTIC HV - K2group Distribution","isPartOf":{"@id":"https:\/\/exciting-lichterman.217-160-28-49.plesk.page\/#website"},"primaryImageOfPage":{"@id":"https:\/\/exciting-lichterman.217-160-28-49.plesk.page\/produit\/softshell-bicolore-3-couches-manches-amovibles-par-zip-authentic-hv\/#primaryimage"},"image":{"@id":"https:\/\/exciting-lichterman.217-160-28-49.plesk.page\/produit\/softshell-bicolore-3-couches-manches-amovibles-par-zip-authentic-hv\/#primaryimage"},"thumbnailUrl":"https:\/\/exciting-lichterman.217-160-28-49.plesk.page\/wp-content\/uploads\/2024\/03\/1283-Softshell-bicolore-3-couches-manches-amovibles-par-zip-AUTHENTIC-HV-LMA.jpg","datePublished":"2021-06-25T17:07:28+00:00","dateModified":"2024-12-02T09:03:01+00:00","breadcrumb":{"@id":"https:\/\/exciting-lichterman.217-160-28-49.plesk.page\/produit\/softshell-bicolore-3-couches-manches-amovibles-par-zip-authentic-hv\/#breadcrumb"},"inLanguage":"de","potentialAction":[{"@type":"ReadAction","target":["https:\/\/exciting-lichterman.217-160-28-49.plesk.page\/produit\/softshell-bicolore-3-couches-manches-amovibles-par-zip-authentic-hv\/"]}]},{"@type":"ImageObject","inLanguage":"de","@id":"https:\/\/exciting-lichterman.217-160-28-49.plesk.page\/produit\/softshell-bicolore-3-couches-manches-amovibles-par-zip-authentic-hv\/#primaryimage","url":"https:\/\/exciting-lichterman.217-160-28-49.plesk.page\/wp-content\/uploads\/2024\/03\/1283-Softshell-bicolore-3-couches-manches-amovibles-par-zip-AUTHENTIC-HV-LMA.jpg","contentUrl":"https:\/\/exciting-lichterman.217-160-28-49.plesk.page\/wp-content\/uploads\/2024\/03\/1283-Softshell-bicolore-3-couches-manches-amovibles-par-zip-AUTHENTIC-HV-LMA.jpg","width":1006,"height":1000},{"@type":"BreadcrumbList","@id":"https:\/\/exciting-lichterman.217-160-28-49.plesk.page\/produit\/softshell-bicolore-3-couches-manches-amovibles-par-zip-authentic-hv\/#breadcrumb","itemListElement":[{"@type":"ListItem","position":1,"name":"Accueil","item":"https:\/\/exciting-lichterman.217-160-28-49.plesk.page\/"},{"@type":"ListItem","position":2,"name":"Boutique","item":"https:\/\/exciting-lichterman.217-160-28-49.plesk.page\/boutique\/"},{"@type":"ListItem","position":3,"name":"Veste Softshell bicolore 3 couches &#8211; manches amovibles par zip &#8211; AUTHENTIC HV"}]},{"@type":"WebSite","@id":"https:\/\/exciting-lichterman.217-160-28-49.plesk.page\/#website","url":"https:\/\/exciting-lichterman.217-160-28-49.plesk.page\/","name":"K2group Distribution","description":"","publisher":{"@id":"https:\/\/exciting-lichterman.217-160-28-49.plesk.page\/#organization"},"potentialAction":[{"@type":"SearchAction","target":{"@type":"EntryPoint","urlTemplate":"https:\/\/exciting-lichterman.217-160-28-49.plesk.page\/?s={search_term_string}"},"query-input":{"@type":"PropertyValueSpecification","valueRequired":true,"valueName":"search_term_string"}}],"inLanguage":"de"},{"@type":"Organization","@id":"https:\/\/exciting-lichterman.217-160-28-49.plesk.page\/#organization","name":"K2group Distribution","url":"https:\/\/exciting-lichterman.217-160-28-49.plesk.page\/","logo":{"@type":"ImageObject","inLanguage":"de","@id":"https:\/\/exciting-lichterman.217-160-28-49.plesk.page\/#\/schema\/logo\/image\/","url":"https:\/\/exciting-lichterman.217-160-28-49.plesk.page\/wp-content\/uploads\/2022\/04\/logo-K2.png","contentUrl":"https:\/\/exciting-lichterman.217-160-28-49.plesk.page\/wp-content\/uploads\/2022\/04\/logo-K2.png","width":155,"height":66,"caption":"K2group Distribution"},"image":{"@id":"https:\/\/exciting-lichterman.217-160-28-49.plesk.page\/#\/schema\/logo\/image\/"}}]}},"_links":{"self":[{"href":"https:\/\/exciting-lichterman.217-160-28-49.plesk.page\/de\/wp-json\/wp\/v2\/product\/4519","targetHints":{"allow":["GET"]}}],"collection":[{"href":"https:\/\/exciting-lichterman.217-160-28-49.plesk.page\/de\/wp-json\/wp\/v2\/product"}],"about":[{"href":"https:\/\/exciting-lichterman.217-160-28-49.plesk.page\/de\/wp-json\/wp\/v2\/types\/product"}],"replies":[{"embeddable":true,"href":"https:\/\/exciting-lichterman.217-160-28-49.plesk.page\/de\/wp-json\/wp\/v2\/comments?post=4519"}],"version-history":[{"count":7,"href":"https:\/\/exciting-lichterman.217-160-28-49.plesk.page\/de\/wp-json\/wp\/v2\/product\/4519\/revisions"}],"predecessor-version":[{"id":20602,"href":"https:\/\/exciting-lichterman.217-160-28-49.plesk.page\/de\/wp-json\/wp\/v2\/product\/4519\/revisions\/20602"}],"wp:featuredmedia":[{"embeddable":true,"href":"https:\/\/exciting-lichterman.217-160-28-49.plesk.page\/de\/wp-json\/wp\/v2\/media\/20601"}],"wp:attachment":[{"href":"https:\/\/exciting-lichterman.217-160-28-49.plesk.page\/de\/wp-json\/wp\/v2\/media?parent=4519"}],"wp:term":[{"taxonomy":"product_brand","embeddable":true,"href":"https:\/\/exciting-lichterman.217-160-28-49.plesk.page\/de\/wp-json\/wp\/v2\/product_brand?post=4519"},{"taxonomy":"product_cat","embeddable":true,"href":"https:\/\/exciting-lichterman.217-160-28-49.plesk.page\/de\/wp-json\/wp\/v2\/product_cat?post=4519"},{"taxonomy":"product_tag","embeddable":true,"href":"https:\/\/exciting-lichterman.217-160-28-49.plesk.page\/de\/wp-json\/wp\/v2\/product_tag?post=4519"}],"curies":[{"name":"wp","href":"https:\/\/api.w.org\/{rel}","templated":true}]}}