{"id":4263,"date":"2021-02-02T11:04:29","date_gmt":"2021-02-02T11:04:29","guid":{"rendered":"https:\/\/practical-elbakyan.82-165-223-183.plesk.page\/index.php\/produit\/etabli-de-serrage-et-de-support-machine-master-700\/"},"modified":"2024-05-31T08:45:30","modified_gmt":"2024-05-31T08:45:30","slug":"etabli-de-serrage-et-de-support-machine-master-700","status":"publish","type":"product","link":"https:\/\/exciting-lichterman.217-160-28-49.plesk.page\/de\/produkt\/etabli-de-serrage-et-de-support-machine-master-700\/","title":{"rendered":"Etabli WOLFCRAFT MASTER 700"},"content":{"rendered":"<p>Pour les plus grandes ouvertures jusqu&rsquo;\u00e0 43,5 cm, utilisez les mors de serrage fournis. Pour un travail respectueux du dos, r\u00e9glez l&rsquo;\u00e9tabli Wolfcraft MASTER 700 \u00e0 votre taille gr\u00e2ce au r\u00e9glage en hauteur et en continu.<\/p>\n<p>Gr\u00e2ce au d\u00e9verrouillage d&rsquo;une main vous pouvez le plier pour obtenir un format tr\u00e8s compact de 18,5 x 96 cm &#8211; id\u00e9al pour un rangement peu encombrant dans l&rsquo;atelier ou \u00e0 la maison. La flexibilit\u00e9 est l&rsquo;atout phare de cet \u00e9tabli multifonction qui ne p\u00e8se que 14 kg, mais qui, gr\u00e2ce \u00e0 sa stabilit\u00e9 exceptionnelle, il peut supporter sans probl\u00e8me des charges atteignant 150 kg. Un \u00e9tabli polyvalent, 3 en 1, pour pouvoir parer \u00e0 tous les cas de figure.<\/p>","protected":false},"excerpt":{"rendered":"<h2 style=\"font-family:Poppins;font-size:14px; font-weight:400!important; line-height:2\">Que ce soit comme table de travail, de serrage ou de machine &#8211; l&rsquo;\u00e9tabli WOLFCRAFT MASTER 700 est difficile \u00e0 battre en mati\u00e8re de polyvalence et d&rsquo;ergonomie.<\/h2>\n<p>  <span style=\"font-size:14px;\">Vous pouvez basculer en continu le plateau MDF extensible de 19 mm d&rsquo;\u00e9paisseur entre 0\u00b0 et 70\u00b0. Il vous permet d&rsquo;installer une scie \u00e0 onglets ou un support de per\u00e7age en toute s\u00e9curit\u00e9.<\/span><\/p>","protected":false},"featured_media":4254,"comment_status":"open","ping_status":"closed","template":"","meta":{"_acf_changed":false},"product_brand":[],"product_cat":[78,65],"product_tag":[],"class_list":{"0":"post-4263","1":"product","2":"type-product","3":"status-publish","4":"has-post-thumbnail","6":"product_cat-etablis","7":"product_cat-outillages","9":"first","10":"outofstock","11":"taxable","12":"shipping-taxable","13":"purchasable","14":"product-type-simple"},"acf":[],"yoast_head":"<!-- This site is optimized with the Yoast SEO plugin v27.4 - https:\/\/yoast.com\/product\/yoast-seo-wordpress\/ -->\n<title>Etabli WOLFCRAFT MASTER 700 - K2group Distribution<\/title>\n<meta name=\"robots\" content=\"noindex, follow, max-snippet:-1, max-image-preview:large, max-video-preview:-1\" \/>\n<meta property=\"og:locale\" content=\"de_DE\" \/>\n<meta property=\"og:type\" content=\"article\" \/>\n<meta property=\"og:title\" content=\"Etabli WOLFCRAFT MASTER 700 - K2group Distribution\" \/>\n<meta property=\"og:description\" content=\"Que ce soit comme table de travail, de serrage ou de machine - l&#039;\u00e9tabli WOLFCRAFT MASTER 700 est difficile \u00e0 battre en mati\u00e8re de polyvalence et d&#039;ergonomie. Vous pouvez basculer en continu le plateau MDF extensible de 19 mm d&#039;\u00e9paisseur entre 0\u00b0 et 70\u00b0. Il vous permet d&#039;installer une scie \u00e0 onglets ou un support de per\u00e7age en toute s\u00e9curit\u00e9.\" \/>\n<meta property=\"og:url\" content=\"https:\/\/exciting-lichterman.217-160-28-49.plesk.page\/de\/produkt\/etabli-de-serrage-et-de-support-machine-master-700\/\" \/>\n<meta property=\"og:site_name\" content=\"K2group Distribution\" \/>\n<meta property=\"article:modified_time\" content=\"2024-05-31T08:45:30+00:00\" \/>\n<meta property=\"og:image\" content=\"https:\/\/exciting-lichterman.217-160-28-49.plesk.page\/wp-content\/uploads\/2021\/02\/964-Etabli-de-serrage-et-de-support-machine-MASTER-700-WOLFCRAFT.jpg\" \/>\n\t<meta property=\"og:image:width\" content=\"1006\" \/>\n\t<meta property=\"og:image:height\" content=\"1000\" \/>\n\t<meta property=\"og:image:type\" content=\"image\/jpeg\" \/>\n<meta name=\"twitter:card\" content=\"summary_large_image\" \/>\n<meta name=\"twitter:label1\" content=\"Gesch\u00e4tzte Lesezeit\" \/>\n\t<meta name=\"twitter:data1\" content=\"1\u00a0Minute\" \/>\n<script type=\"application\/ld+json\" class=\"yoast-schema-graph\">{\"@context\":\"https:\\\/\\\/schema.org\",\"@graph\":[{\"@type\":\"WebPage\",\"@id\":\"https:\\\/\\\/exciting-lichterman.217-160-28-49.plesk.page\\\/produit\\\/etabli-de-serrage-et-de-support-machine-master-700\\\/\",\"url\":\"https:\\\/\\\/exciting-lichterman.217-160-28-49.plesk.page\\\/produit\\\/etabli-de-serrage-et-de-support-machine-master-700\\\/\",\"name\":\"Etabli WOLFCRAFT MASTER 700 - K2group Distribution\",\"isPartOf\":{\"@id\":\"https:\\\/\\\/exciting-lichterman.217-160-28-49.plesk.page\\\/#website\"},\"primaryImageOfPage\":{\"@id\":\"https:\\\/\\\/exciting-lichterman.217-160-28-49.plesk.page\\\/produit\\\/etabli-de-serrage-et-de-support-machine-master-700\\\/#primaryimage\"},\"image\":{\"@id\":\"https:\\\/\\\/exciting-lichterman.217-160-28-49.plesk.page\\\/produit\\\/etabli-de-serrage-et-de-support-machine-master-700\\\/#primaryimage\"},\"thumbnailUrl\":\"https:\\\/\\\/exciting-lichterman.217-160-28-49.plesk.page\\\/wp-content\\\/uploads\\\/2021\\\/02\\\/964-Etabli-de-serrage-et-de-support-machine-MASTER-700-WOLFCRAFT.jpg\",\"datePublished\":\"2021-02-02T11:04:29+00:00\",\"dateModified\":\"2024-05-31T08:45:30+00:00\",\"breadcrumb\":{\"@id\":\"https:\\\/\\\/exciting-lichterman.217-160-28-49.plesk.page\\\/produit\\\/etabli-de-serrage-et-de-support-machine-master-700\\\/#breadcrumb\"},\"inLanguage\":\"de\",\"potentialAction\":[{\"@type\":\"ReadAction\",\"target\":[\"https:\\\/\\\/exciting-lichterman.217-160-28-49.plesk.page\\\/produit\\\/etabli-de-serrage-et-de-support-machine-master-700\\\/\"]}]},{\"@type\":\"ImageObject\",\"inLanguage\":\"de\",\"@id\":\"https:\\\/\\\/exciting-lichterman.217-160-28-49.plesk.page\\\/produit\\\/etabli-de-serrage-et-de-support-machine-master-700\\\/#primaryimage\",\"url\":\"https:\\\/\\\/exciting-lichterman.217-160-28-49.plesk.page\\\/wp-content\\\/uploads\\\/2021\\\/02\\\/964-Etabli-de-serrage-et-de-support-machine-MASTER-700-WOLFCRAFT.jpg\",\"contentUrl\":\"https:\\\/\\\/exciting-lichterman.217-160-28-49.plesk.page\\\/wp-content\\\/uploads\\\/2021\\\/02\\\/964-Etabli-de-serrage-et-de-support-machine-MASTER-700-WOLFCRAFT.jpg\",\"width\":1006,\"height\":1000,\"caption\":\"\u00c9tabli de serrage et de support machine MASTER 700 WOLFCRAFT\"},{\"@type\":\"BreadcrumbList\",\"@id\":\"https:\\\/\\\/exciting-lichterman.217-160-28-49.plesk.page\\\/produit\\\/etabli-de-serrage-et-de-support-machine-master-700\\\/#breadcrumb\",\"itemListElement\":[{\"@type\":\"ListItem\",\"position\":1,\"name\":\"Accueil\",\"item\":\"https:\\\/\\\/exciting-lichterman.217-160-28-49.plesk.page\\\/\"},{\"@type\":\"ListItem\",\"position\":2,\"name\":\"Boutique\",\"item\":\"https:\\\/\\\/exciting-lichterman.217-160-28-49.plesk.page\\\/boutique\\\/\"},{\"@type\":\"ListItem\",\"position\":3,\"name\":\"Etabli WOLFCRAFT MASTER 700\"}]},{\"@type\":\"WebSite\",\"@id\":\"https:\\\/\\\/exciting-lichterman.217-160-28-49.plesk.page\\\/#website\",\"url\":\"https:\\\/\\\/exciting-lichterman.217-160-28-49.plesk.page\\\/\",\"name\":\"K2group Distribution\",\"description\":\"\",\"publisher\":{\"@id\":\"https:\\\/\\\/exciting-lichterman.217-160-28-49.plesk.page\\\/#organization\"},\"potentialAction\":[{\"@type\":\"SearchAction\",\"target\":{\"@type\":\"EntryPoint\",\"urlTemplate\":\"https:\\\/\\\/exciting-lichterman.217-160-28-49.plesk.page\\\/?s={search_term_string}\"},\"query-input\":{\"@type\":\"PropertyValueSpecification\",\"valueRequired\":true,\"valueName\":\"search_term_string\"}}],\"inLanguage\":\"de\"},{\"@type\":\"Organization\",\"@id\":\"https:\\\/\\\/exciting-lichterman.217-160-28-49.plesk.page\\\/#organization\",\"name\":\"K2group Distribution\",\"url\":\"https:\\\/\\\/exciting-lichterman.217-160-28-49.plesk.page\\\/\",\"logo\":{\"@type\":\"ImageObject\",\"inLanguage\":\"de\",\"@id\":\"https:\\\/\\\/exciting-lichterman.217-160-28-49.plesk.page\\\/#\\\/schema\\\/logo\\\/image\\\/\",\"url\":\"https:\\\/\\\/exciting-lichterman.217-160-28-49.plesk.page\\\/wp-content\\\/uploads\\\/2022\\\/04\\\/logo-K2.png\",\"contentUrl\":\"https:\\\/\\\/exciting-lichterman.217-160-28-49.plesk.page\\\/wp-content\\\/uploads\\\/2022\\\/04\\\/logo-K2.png\",\"width\":155,\"height\":66,\"caption\":\"K2group Distribution\"},\"image\":{\"@id\":\"https:\\\/\\\/exciting-lichterman.217-160-28-49.plesk.page\\\/#\\\/schema\\\/logo\\\/image\\\/\"}}]}<\/script>\n<!-- \/ Yoast SEO plugin. -->","yoast_head_json":{"title":"Etabli WOLFCRAFT MASTER 700 - K2group Distribution","robots":{"index":"noindex","follow":"follow","max-snippet":"max-snippet:-1","max-image-preview":"max-image-preview:large","max-video-preview":"max-video-preview:-1"},"og_locale":"de_DE","og_type":"article","og_title":"Etabli WOLFCRAFT MASTER 700 - K2group Distribution","og_description":"Que ce soit comme table de travail, de serrage ou de machine - l'\u00e9tabli WOLFCRAFT MASTER 700 est difficile \u00e0 battre en mati\u00e8re de polyvalence et d'ergonomie. Vous pouvez basculer en continu le plateau MDF extensible de 19 mm d'\u00e9paisseur entre 0\u00b0 et 70\u00b0. Il vous permet d'installer une scie \u00e0 onglets ou un support de per\u00e7age en toute s\u00e9curit\u00e9.","og_url":"https:\/\/exciting-lichterman.217-160-28-49.plesk.page\/de\/produkt\/etabli-de-serrage-et-de-support-machine-master-700\/","og_site_name":"K2group Distribution","article_modified_time":"2024-05-31T08:45:30+00:00","og_image":[{"width":1006,"height":1000,"url":"https:\/\/exciting-lichterman.217-160-28-49.plesk.page\/wp-content\/uploads\/2021\/02\/964-Etabli-de-serrage-et-de-support-machine-MASTER-700-WOLFCRAFT.jpg","type":"image\/jpeg"}],"twitter_card":"summary_large_image","twitter_misc":{"Gesch\u00e4tzte Lesezeit":"1\u00a0Minute"},"schema":{"@context":"https:\/\/schema.org","@graph":[{"@type":"WebPage","@id":"https:\/\/exciting-lichterman.217-160-28-49.plesk.page\/produit\/etabli-de-serrage-et-de-support-machine-master-700\/","url":"https:\/\/exciting-lichterman.217-160-28-49.plesk.page\/produit\/etabli-de-serrage-et-de-support-machine-master-700\/","name":"Etabli WOLFCRAFT MASTER 700 - K2group Distribution","isPartOf":{"@id":"https:\/\/exciting-lichterman.217-160-28-49.plesk.page\/#website"},"primaryImageOfPage":{"@id":"https:\/\/exciting-lichterman.217-160-28-49.plesk.page\/produit\/etabli-de-serrage-et-de-support-machine-master-700\/#primaryimage"},"image":{"@id":"https:\/\/exciting-lichterman.217-160-28-49.plesk.page\/produit\/etabli-de-serrage-et-de-support-machine-master-700\/#primaryimage"},"thumbnailUrl":"https:\/\/exciting-lichterman.217-160-28-49.plesk.page\/wp-content\/uploads\/2021\/02\/964-Etabli-de-serrage-et-de-support-machine-MASTER-700-WOLFCRAFT.jpg","datePublished":"2021-02-02T11:04:29+00:00","dateModified":"2024-05-31T08:45:30+00:00","breadcrumb":{"@id":"https:\/\/exciting-lichterman.217-160-28-49.plesk.page\/produit\/etabli-de-serrage-et-de-support-machine-master-700\/#breadcrumb"},"inLanguage":"de","potentialAction":[{"@type":"ReadAction","target":["https:\/\/exciting-lichterman.217-160-28-49.plesk.page\/produit\/etabli-de-serrage-et-de-support-machine-master-700\/"]}]},{"@type":"ImageObject","inLanguage":"de","@id":"https:\/\/exciting-lichterman.217-160-28-49.plesk.page\/produit\/etabli-de-serrage-et-de-support-machine-master-700\/#primaryimage","url":"https:\/\/exciting-lichterman.217-160-28-49.plesk.page\/wp-content\/uploads\/2021\/02\/964-Etabli-de-serrage-et-de-support-machine-MASTER-700-WOLFCRAFT.jpg","contentUrl":"https:\/\/exciting-lichterman.217-160-28-49.plesk.page\/wp-content\/uploads\/2021\/02\/964-Etabli-de-serrage-et-de-support-machine-MASTER-700-WOLFCRAFT.jpg","width":1006,"height":1000,"caption":"\u00c9tabli de serrage et de support machine MASTER 700 WOLFCRAFT"},{"@type":"BreadcrumbList","@id":"https:\/\/exciting-lichterman.217-160-28-49.plesk.page\/produit\/etabli-de-serrage-et-de-support-machine-master-700\/#breadcrumb","itemListElement":[{"@type":"ListItem","position":1,"name":"Accueil","item":"https:\/\/exciting-lichterman.217-160-28-49.plesk.page\/"},{"@type":"ListItem","position":2,"name":"Boutique","item":"https:\/\/exciting-lichterman.217-160-28-49.plesk.page\/boutique\/"},{"@type":"ListItem","position":3,"name":"Etabli WOLFCRAFT MASTER 700"}]},{"@type":"WebSite","@id":"https:\/\/exciting-lichterman.217-160-28-49.plesk.page\/#website","url":"https:\/\/exciting-lichterman.217-160-28-49.plesk.page\/","name":"K2group Distribution","description":"","publisher":{"@id":"https:\/\/exciting-lichterman.217-160-28-49.plesk.page\/#organization"},"potentialAction":[{"@type":"SearchAction","target":{"@type":"EntryPoint","urlTemplate":"https:\/\/exciting-lichterman.217-160-28-49.plesk.page\/?s={search_term_string}"},"query-input":{"@type":"PropertyValueSpecification","valueRequired":true,"valueName":"search_term_string"}}],"inLanguage":"de"},{"@type":"Organization","@id":"https:\/\/exciting-lichterman.217-160-28-49.plesk.page\/#organization","name":"K2group Distribution","url":"https:\/\/exciting-lichterman.217-160-28-49.plesk.page\/","logo":{"@type":"ImageObject","inLanguage":"de","@id":"https:\/\/exciting-lichterman.217-160-28-49.plesk.page\/#\/schema\/logo\/image\/","url":"https:\/\/exciting-lichterman.217-160-28-49.plesk.page\/wp-content\/uploads\/2022\/04\/logo-K2.png","contentUrl":"https:\/\/exciting-lichterman.217-160-28-49.plesk.page\/wp-content\/uploads\/2022\/04\/logo-K2.png","width":155,"height":66,"caption":"K2group Distribution"},"image":{"@id":"https:\/\/exciting-lichterman.217-160-28-49.plesk.page\/#\/schema\/logo\/image\/"}}]}},"_links":{"self":[{"href":"https:\/\/exciting-lichterman.217-160-28-49.plesk.page\/de\/wp-json\/wp\/v2\/product\/4263","targetHints":{"allow":["GET"]}}],"collection":[{"href":"https:\/\/exciting-lichterman.217-160-28-49.plesk.page\/de\/wp-json\/wp\/v2\/product"}],"about":[{"href":"https:\/\/exciting-lichterman.217-160-28-49.plesk.page\/de\/wp-json\/wp\/v2\/types\/product"}],"replies":[{"embeddable":true,"href":"https:\/\/exciting-lichterman.217-160-28-49.plesk.page\/de\/wp-json\/wp\/v2\/comments?post=4263"}],"version-history":[{"count":11,"href":"https:\/\/exciting-lichterman.217-160-28-49.plesk.page\/de\/wp-json\/wp\/v2\/product\/4263\/revisions"}],"predecessor-version":[{"id":18412,"href":"https:\/\/exciting-lichterman.217-160-28-49.plesk.page\/de\/wp-json\/wp\/v2\/product\/4263\/revisions\/18412"}],"wp:featuredmedia":[{"embeddable":true,"href":"https:\/\/exciting-lichterman.217-160-28-49.plesk.page\/de\/wp-json\/wp\/v2\/media\/4254"}],"wp:attachment":[{"href":"https:\/\/exciting-lichterman.217-160-28-49.plesk.page\/de\/wp-json\/wp\/v2\/media?parent=4263"}],"wp:term":[{"taxonomy":"product_brand","embeddable":true,"href":"https:\/\/exciting-lichterman.217-160-28-49.plesk.page\/de\/wp-json\/wp\/v2\/product_brand?post=4263"},{"taxonomy":"product_cat","embeddable":true,"href":"https:\/\/exciting-lichterman.217-160-28-49.plesk.page\/de\/wp-json\/wp\/v2\/product_cat?post=4263"},{"taxonomy":"product_tag","embeddable":true,"href":"https:\/\/exciting-lichterman.217-160-28-49.plesk.page\/de\/wp-json\/wp\/v2\/product_tag?post=4263"}],"curies":[{"name":"wp","href":"https:\/\/api.w.org\/{rel}","templated":true}]}}