{"id":4253,"date":"2021-02-02T10:52:54","date_gmt":"2021-02-02T10:52:54","guid":{"rendered":"https:\/\/practical-elbakyan.82-165-223-183.plesk.page\/index.php\/produit\/etabli-de-serrage-et-de-bricolage-master-600\/"},"modified":"2024-05-31T08:45:30","modified_gmt":"2024-05-31T08:45:30","slug":"etabli-de-serrage-et-de-bricolage-master-600","status":"publish","type":"product","link":"https:\/\/exciting-lichterman.217-160-28-49.plesk.page\/de\/produkt\/etabli-de-serrage-et-de-bricolage-master-600\/","title":{"rendered":"Etabli WOLFCRAFT MASTER 600"},"content":{"rendered":"<p>Les 4 mors en plastique pour le serrage \u00e0 plat inclus ainsi que les 2 mors suppl\u00e9mentaires pour le serrage de pi\u00e8ces rondes maintiennent vos pi\u00e8ces en position de mani\u00e8re fiable. La rallonge fournie permet d&rsquo;agrandir le plateau en MDF massif de l&rsquo;\u00e9tabli en un rien de temps \u00e0 une taille impressionnante de 65 x 42 cm, ce qui signifie qu&rsquo;il peut \u00e9galement accueillir des pi\u00e8ces encore plus grandes.<\/p>\n<p>Vous pouvez \u00e9galement incliner le plateau de travail en continu jusqu&rsquo;\u00e0 65, ce qui fait du MASTER 600 un \u00e9tabli extr\u00eamement polyvalent. Le plateau gradu\u00e9 permet d&rsquo;ajuster les pi\u00e8ces sans m\u00e8tre pliant. Malgr\u00e9 sa capacit\u00e9 de charge \u00e9lev\u00e9e de 120 kg, le MASTER 600 ne p\u00e8se que 15 kg.<\/p>\n<p>Le pi\u00e8tement stable dispose d&rsquo;un syst\u00e8me de pliage rapide. Il est ainsi particuli\u00e8rement facile de le plier une fois le travail termin\u00e9 et de le ranger en \u00e9conomisant de l&rsquo;espace.<\/p>","protected":false},"excerpt":{"rendered":"<h2 style=\"font-family:Poppins;font-size:14px; font-weight:400!important; line-height:2\">L&rsquo;\u00e9tabli WOLFCRAFT MASTER 600 mobiles et r\u00e9glables en hauteur est indispensable pour r\u00e9aliser des travaux exigeants sur une surface relativement restreinte.<\/h2>\n<p> <span style=\"font-size:14px\">Il peut \u00eatre utilis\u00e9 comme table de serrage ou comme table de travail. La hauteur de travail de 78 \u00e0 95 cm, est ajustable \u00e0 la taille de votre corps gr\u00e2ce \u00e0 un m\u00e9canisme coulissant qui fonctionne sans \u00e0-coups.<\/span><\/p>","protected":false},"featured_media":4246,"comment_status":"open","ping_status":"closed","template":"","meta":{"_acf_changed":false},"product_brand":[],"product_cat":[78,65],"product_tag":[],"class_list":{"0":"post-4253","1":"product","2":"type-product","3":"status-publish","4":"has-post-thumbnail","6":"product_cat-etablis","7":"product_cat-outillages","9":"first","10":"outofstock","11":"taxable","12":"shipping-taxable","13":"purchasable","14":"product-type-simple"},"acf":[],"yoast_head":"<!-- This site is optimized with the Yoast SEO plugin v27.4 - https:\/\/yoast.com\/product\/yoast-seo-wordpress\/ -->\n<title>Etabli WOLFCRAFT MASTER 600 - K2group Distribution<\/title>\n<meta name=\"robots\" content=\"noindex, follow, max-snippet:-1, max-image-preview:large, max-video-preview:-1\" \/>\n<meta property=\"og:locale\" content=\"de_DE\" \/>\n<meta property=\"og:type\" content=\"article\" \/>\n<meta property=\"og:title\" content=\"Etabli WOLFCRAFT MASTER 600 - K2group Distribution\" \/>\n<meta property=\"og:description\" content=\"L&#039;\u00e9tabli WOLFCRAFT MASTER 600 mobiles et r\u00e9glables en hauteur est indispensable pour r\u00e9aliser des travaux exigeants sur une surface relativement restreinte. Il peut \u00eatre utilis\u00e9 comme table de serrage ou comme table de travail. La hauteur de travail de 78 \u00e0 95 cm, est ajustable \u00e0 la taille de votre corps gr\u00e2ce \u00e0 un m\u00e9canisme coulissant qui fonctionne sans \u00e0-coups.\" \/>\n<meta property=\"og:url\" content=\"https:\/\/exciting-lichterman.217-160-28-49.plesk.page\/de\/produkt\/etabli-de-serrage-et-de-bricolage-master-600\/\" \/>\n<meta property=\"og:site_name\" content=\"K2group Distribution\" \/>\n<meta property=\"article:modified_time\" content=\"2024-05-31T08:45:30+00:00\" \/>\n<meta property=\"og:image\" content=\"https:\/\/exciting-lichterman.217-160-28-49.plesk.page\/wp-content\/uploads\/2021\/02\/955-Etabli-de-serrage-et-de-bricolage-MASTER-600-WOLFCRAFT.jpg\" \/>\n\t<meta property=\"og:image:width\" content=\"1006\" \/>\n\t<meta property=\"og:image:height\" content=\"1000\" \/>\n\t<meta property=\"og:image:type\" content=\"image\/jpeg\" \/>\n<meta name=\"twitter:card\" content=\"summary_large_image\" \/>\n<meta name=\"twitter:label1\" content=\"Gesch\u00e4tzte Lesezeit\" \/>\n\t<meta name=\"twitter:data1\" content=\"1\u00a0Minute\" \/>\n<script type=\"application\/ld+json\" class=\"yoast-schema-graph\">{\"@context\":\"https:\\\/\\\/schema.org\",\"@graph\":[{\"@type\":\"WebPage\",\"@id\":\"https:\\\/\\\/exciting-lichterman.217-160-28-49.plesk.page\\\/produit\\\/etabli-de-serrage-et-de-bricolage-master-600\\\/\",\"url\":\"https:\\\/\\\/exciting-lichterman.217-160-28-49.plesk.page\\\/produit\\\/etabli-de-serrage-et-de-bricolage-master-600\\\/\",\"name\":\"Etabli WOLFCRAFT MASTER 600 - K2group Distribution\",\"isPartOf\":{\"@id\":\"https:\\\/\\\/exciting-lichterman.217-160-28-49.plesk.page\\\/#website\"},\"primaryImageOfPage\":{\"@id\":\"https:\\\/\\\/exciting-lichterman.217-160-28-49.plesk.page\\\/produit\\\/etabli-de-serrage-et-de-bricolage-master-600\\\/#primaryimage\"},\"image\":{\"@id\":\"https:\\\/\\\/exciting-lichterman.217-160-28-49.plesk.page\\\/produit\\\/etabli-de-serrage-et-de-bricolage-master-600\\\/#primaryimage\"},\"thumbnailUrl\":\"https:\\\/\\\/exciting-lichterman.217-160-28-49.plesk.page\\\/wp-content\\\/uploads\\\/2021\\\/02\\\/955-Etabli-de-serrage-et-de-bricolage-MASTER-600-WOLFCRAFT.jpg\",\"datePublished\":\"2021-02-02T10:52:54+00:00\",\"dateModified\":\"2024-05-31T08:45:30+00:00\",\"breadcrumb\":{\"@id\":\"https:\\\/\\\/exciting-lichterman.217-160-28-49.plesk.page\\\/produit\\\/etabli-de-serrage-et-de-bricolage-master-600\\\/#breadcrumb\"},\"inLanguage\":\"de\",\"potentialAction\":[{\"@type\":\"ReadAction\",\"target\":[\"https:\\\/\\\/exciting-lichterman.217-160-28-49.plesk.page\\\/produit\\\/etabli-de-serrage-et-de-bricolage-master-600\\\/\"]}]},{\"@type\":\"ImageObject\",\"inLanguage\":\"de\",\"@id\":\"https:\\\/\\\/exciting-lichterman.217-160-28-49.plesk.page\\\/produit\\\/etabli-de-serrage-et-de-bricolage-master-600\\\/#primaryimage\",\"url\":\"https:\\\/\\\/exciting-lichterman.217-160-28-49.plesk.page\\\/wp-content\\\/uploads\\\/2021\\\/02\\\/955-Etabli-de-serrage-et-de-bricolage-MASTER-600-WOLFCRAFT.jpg\",\"contentUrl\":\"https:\\\/\\\/exciting-lichterman.217-160-28-49.plesk.page\\\/wp-content\\\/uploads\\\/2021\\\/02\\\/955-Etabli-de-serrage-et-de-bricolage-MASTER-600-WOLFCRAFT.jpg\",\"width\":1006,\"height\":1000,\"caption\":\"Etabli de serrage et de bricolage MASTER 600 WOLFCRAFT\"},{\"@type\":\"BreadcrumbList\",\"@id\":\"https:\\\/\\\/exciting-lichterman.217-160-28-49.plesk.page\\\/produit\\\/etabli-de-serrage-et-de-bricolage-master-600\\\/#breadcrumb\",\"itemListElement\":[{\"@type\":\"ListItem\",\"position\":1,\"name\":\"Accueil\",\"item\":\"https:\\\/\\\/exciting-lichterman.217-160-28-49.plesk.page\\\/\"},{\"@type\":\"ListItem\",\"position\":2,\"name\":\"Boutique\",\"item\":\"https:\\\/\\\/exciting-lichterman.217-160-28-49.plesk.page\\\/boutique\\\/\"},{\"@type\":\"ListItem\",\"position\":3,\"name\":\"Etabli WOLFCRAFT MASTER 600\"}]},{\"@type\":\"WebSite\",\"@id\":\"https:\\\/\\\/exciting-lichterman.217-160-28-49.plesk.page\\\/#website\",\"url\":\"https:\\\/\\\/exciting-lichterman.217-160-28-49.plesk.page\\\/\",\"name\":\"K2group Distribution\",\"description\":\"\",\"publisher\":{\"@id\":\"https:\\\/\\\/exciting-lichterman.217-160-28-49.plesk.page\\\/#organization\"},\"potentialAction\":[{\"@type\":\"SearchAction\",\"target\":{\"@type\":\"EntryPoint\",\"urlTemplate\":\"https:\\\/\\\/exciting-lichterman.217-160-28-49.plesk.page\\\/?s={search_term_string}\"},\"query-input\":{\"@type\":\"PropertyValueSpecification\",\"valueRequired\":true,\"valueName\":\"search_term_string\"}}],\"inLanguage\":\"de\"},{\"@type\":\"Organization\",\"@id\":\"https:\\\/\\\/exciting-lichterman.217-160-28-49.plesk.page\\\/#organization\",\"name\":\"K2group Distribution\",\"url\":\"https:\\\/\\\/exciting-lichterman.217-160-28-49.plesk.page\\\/\",\"logo\":{\"@type\":\"ImageObject\",\"inLanguage\":\"de\",\"@id\":\"https:\\\/\\\/exciting-lichterman.217-160-28-49.plesk.page\\\/#\\\/schema\\\/logo\\\/image\\\/\",\"url\":\"https:\\\/\\\/exciting-lichterman.217-160-28-49.plesk.page\\\/wp-content\\\/uploads\\\/2022\\\/04\\\/logo-K2.png\",\"contentUrl\":\"https:\\\/\\\/exciting-lichterman.217-160-28-49.plesk.page\\\/wp-content\\\/uploads\\\/2022\\\/04\\\/logo-K2.png\",\"width\":155,\"height\":66,\"caption\":\"K2group Distribution\"},\"image\":{\"@id\":\"https:\\\/\\\/exciting-lichterman.217-160-28-49.plesk.page\\\/#\\\/schema\\\/logo\\\/image\\\/\"}}]}<\/script>\n<!-- \/ Yoast SEO plugin. -->","yoast_head_json":{"title":"Etabli WOLFCRAFT MASTER 600 - K2group Distribution","robots":{"index":"noindex","follow":"follow","max-snippet":"max-snippet:-1","max-image-preview":"max-image-preview:large","max-video-preview":"max-video-preview:-1"},"og_locale":"de_DE","og_type":"article","og_title":"Etabli WOLFCRAFT MASTER 600 - K2group Distribution","og_description":"L'\u00e9tabli WOLFCRAFT MASTER 600 mobiles et r\u00e9glables en hauteur est indispensable pour r\u00e9aliser des travaux exigeants sur une surface relativement restreinte. Il peut \u00eatre utilis\u00e9 comme table de serrage ou comme table de travail. La hauteur de travail de 78 \u00e0 95 cm, est ajustable \u00e0 la taille de votre corps gr\u00e2ce \u00e0 un m\u00e9canisme coulissant qui fonctionne sans \u00e0-coups.","og_url":"https:\/\/exciting-lichterman.217-160-28-49.plesk.page\/de\/produkt\/etabli-de-serrage-et-de-bricolage-master-600\/","og_site_name":"K2group Distribution","article_modified_time":"2024-05-31T08:45:30+00:00","og_image":[{"width":1006,"height":1000,"url":"https:\/\/exciting-lichterman.217-160-28-49.plesk.page\/wp-content\/uploads\/2021\/02\/955-Etabli-de-serrage-et-de-bricolage-MASTER-600-WOLFCRAFT.jpg","type":"image\/jpeg"}],"twitter_card":"summary_large_image","twitter_misc":{"Gesch\u00e4tzte Lesezeit":"1\u00a0Minute"},"schema":{"@context":"https:\/\/schema.org","@graph":[{"@type":"WebPage","@id":"https:\/\/exciting-lichterman.217-160-28-49.plesk.page\/produit\/etabli-de-serrage-et-de-bricolage-master-600\/","url":"https:\/\/exciting-lichterman.217-160-28-49.plesk.page\/produit\/etabli-de-serrage-et-de-bricolage-master-600\/","name":"Etabli WOLFCRAFT MASTER 600 - K2group Distribution","isPartOf":{"@id":"https:\/\/exciting-lichterman.217-160-28-49.plesk.page\/#website"},"primaryImageOfPage":{"@id":"https:\/\/exciting-lichterman.217-160-28-49.plesk.page\/produit\/etabli-de-serrage-et-de-bricolage-master-600\/#primaryimage"},"image":{"@id":"https:\/\/exciting-lichterman.217-160-28-49.plesk.page\/produit\/etabli-de-serrage-et-de-bricolage-master-600\/#primaryimage"},"thumbnailUrl":"https:\/\/exciting-lichterman.217-160-28-49.plesk.page\/wp-content\/uploads\/2021\/02\/955-Etabli-de-serrage-et-de-bricolage-MASTER-600-WOLFCRAFT.jpg","datePublished":"2021-02-02T10:52:54+00:00","dateModified":"2024-05-31T08:45:30+00:00","breadcrumb":{"@id":"https:\/\/exciting-lichterman.217-160-28-49.plesk.page\/produit\/etabli-de-serrage-et-de-bricolage-master-600\/#breadcrumb"},"inLanguage":"de","potentialAction":[{"@type":"ReadAction","target":["https:\/\/exciting-lichterman.217-160-28-49.plesk.page\/produit\/etabli-de-serrage-et-de-bricolage-master-600\/"]}]},{"@type":"ImageObject","inLanguage":"de","@id":"https:\/\/exciting-lichterman.217-160-28-49.plesk.page\/produit\/etabli-de-serrage-et-de-bricolage-master-600\/#primaryimage","url":"https:\/\/exciting-lichterman.217-160-28-49.plesk.page\/wp-content\/uploads\/2021\/02\/955-Etabli-de-serrage-et-de-bricolage-MASTER-600-WOLFCRAFT.jpg","contentUrl":"https:\/\/exciting-lichterman.217-160-28-49.plesk.page\/wp-content\/uploads\/2021\/02\/955-Etabli-de-serrage-et-de-bricolage-MASTER-600-WOLFCRAFT.jpg","width":1006,"height":1000,"caption":"Etabli de serrage et de bricolage MASTER 600 WOLFCRAFT"},{"@type":"BreadcrumbList","@id":"https:\/\/exciting-lichterman.217-160-28-49.plesk.page\/produit\/etabli-de-serrage-et-de-bricolage-master-600\/#breadcrumb","itemListElement":[{"@type":"ListItem","position":1,"name":"Accueil","item":"https:\/\/exciting-lichterman.217-160-28-49.plesk.page\/"},{"@type":"ListItem","position":2,"name":"Boutique","item":"https:\/\/exciting-lichterman.217-160-28-49.plesk.page\/boutique\/"},{"@type":"ListItem","position":3,"name":"Etabli WOLFCRAFT MASTER 600"}]},{"@type":"WebSite","@id":"https:\/\/exciting-lichterman.217-160-28-49.plesk.page\/#website","url":"https:\/\/exciting-lichterman.217-160-28-49.plesk.page\/","name":"K2group Distribution","description":"","publisher":{"@id":"https:\/\/exciting-lichterman.217-160-28-49.plesk.page\/#organization"},"potentialAction":[{"@type":"SearchAction","target":{"@type":"EntryPoint","urlTemplate":"https:\/\/exciting-lichterman.217-160-28-49.plesk.page\/?s={search_term_string}"},"query-input":{"@type":"PropertyValueSpecification","valueRequired":true,"valueName":"search_term_string"}}],"inLanguage":"de"},{"@type":"Organization","@id":"https:\/\/exciting-lichterman.217-160-28-49.plesk.page\/#organization","name":"K2group Distribution","url":"https:\/\/exciting-lichterman.217-160-28-49.plesk.page\/","logo":{"@type":"ImageObject","inLanguage":"de","@id":"https:\/\/exciting-lichterman.217-160-28-49.plesk.page\/#\/schema\/logo\/image\/","url":"https:\/\/exciting-lichterman.217-160-28-49.plesk.page\/wp-content\/uploads\/2022\/04\/logo-K2.png","contentUrl":"https:\/\/exciting-lichterman.217-160-28-49.plesk.page\/wp-content\/uploads\/2022\/04\/logo-K2.png","width":155,"height":66,"caption":"K2group Distribution"},"image":{"@id":"https:\/\/exciting-lichterman.217-160-28-49.plesk.page\/#\/schema\/logo\/image\/"}}]}},"_links":{"self":[{"href":"https:\/\/exciting-lichterman.217-160-28-49.plesk.page\/de\/wp-json\/wp\/v2\/product\/4253","targetHints":{"allow":["GET"]}}],"collection":[{"href":"https:\/\/exciting-lichterman.217-160-28-49.plesk.page\/de\/wp-json\/wp\/v2\/product"}],"about":[{"href":"https:\/\/exciting-lichterman.217-160-28-49.plesk.page\/de\/wp-json\/wp\/v2\/types\/product"}],"replies":[{"embeddable":true,"href":"https:\/\/exciting-lichterman.217-160-28-49.plesk.page\/de\/wp-json\/wp\/v2\/comments?post=4253"}],"version-history":[{"count":8,"href":"https:\/\/exciting-lichterman.217-160-28-49.plesk.page\/de\/wp-json\/wp\/v2\/product\/4253\/revisions"}],"predecessor-version":[{"id":18236,"href":"https:\/\/exciting-lichterman.217-160-28-49.plesk.page\/de\/wp-json\/wp\/v2\/product\/4253\/revisions\/18236"}],"wp:featuredmedia":[{"embeddable":true,"href":"https:\/\/exciting-lichterman.217-160-28-49.plesk.page\/de\/wp-json\/wp\/v2\/media\/4246"}],"wp:attachment":[{"href":"https:\/\/exciting-lichterman.217-160-28-49.plesk.page\/de\/wp-json\/wp\/v2\/media?parent=4253"}],"wp:term":[{"taxonomy":"product_brand","embeddable":true,"href":"https:\/\/exciting-lichterman.217-160-28-49.plesk.page\/de\/wp-json\/wp\/v2\/product_brand?post=4253"},{"taxonomy":"product_cat","embeddable":true,"href":"https:\/\/exciting-lichterman.217-160-28-49.plesk.page\/de\/wp-json\/wp\/v2\/product_cat?post=4253"},{"taxonomy":"product_tag","embeddable":true,"href":"https:\/\/exciting-lichterman.217-160-28-49.plesk.page\/de\/wp-json\/wp\/v2\/product_tag?post=4253"}],"curies":[{"name":"wp","href":"https:\/\/api.w.org\/{rel}","templated":true}]}}