{"id":3903,"date":"2020-10-28T14:22:38","date_gmt":"2020-10-28T14:22:38","guid":{"rendered":"https:\/\/practical-elbakyan.82-165-223-183.plesk.page\/index.php\/produit\/pinces-a-bec-demi-ronde-coude-ultimate\/"},"modified":"2024-12-02T09:02:44","modified_gmt":"2024-12-02T09:02:44","slug":"pinces-a-bec-demi-ronde-coude-ultimate","status":"publish","type":"product","link":"https:\/\/exciting-lichterman.217-160-28-49.plesk.page\/de\/produkt\/pinces-a-bec-demi-ronde-coude-ultimate\/","title":{"rendered":"Pinces \u00e0 bec demi-ronde coud\u00e9 ULTIMATE\u00ae"},"content":{"rendered":"<p>Ses m\u00e2choires dent\u00e9es avec partie coupante permettent une meilleure prise en main des mat\u00e9riaux, ainsi qu\u2019une capacit\u00e9 de coupe plus importante. Son bec coud\u00e9 \u00e0 45\u00b0 permet une utilisation plus pr\u00e9cise et plus facile, en permettant de travailler sur des surfaces difficiles d\u2019acc\u00e8s. Ainsi, ses poign\u00e9es bi-mati\u00e8re assurent un confort d\u2019utilisation optimal.<\/p>\n<p>Gr\u00e2ce \u00e0 sa finition chrom\u00e9e mate, cette pince offre un aspect professionnel et soign\u00e9, tout en b\u00e9n\u00e9ficiant d\u2019une protection efficace contre la corrosion. En outre, la fabrication en chrome vanadium, un mat\u00e9riau connu pour sa solidit\u00e9 et sa capacit\u00e9 \u00e0 r\u00e9sister \u00e0 l\u2019usure, conf\u00e8re \u00e0 cette pince une grande r\u00e9sistance et une dur\u00e9e de vie prolong\u00e9e.<\/p>","protected":false},"excerpt":{"rendered":"<h2 style=\"font-family:Poppins;font-size:14px; font-weight:400!important; line-height:2\">Nous mettons \u00e0 votre disposition la pince \u00e0 bec demi-ronde coud\u00e9, un outil incontournable pour les professionnels de t\u00e9l\u00e9com, qui se distingue par ses fonctionnalit\u00e9s avanc\u00e9es et sa grande r\u00e9sistance.<\/h2>","protected":false},"featured_media":20269,"comment_status":"open","ping_status":"closed","template":"","meta":{"_acf_changed":false},"product_brand":[],"product_cat":[70,65],"product_tag":[],"class_list":{"0":"post-3903","1":"product","2":"type-product","3":"status-publish","4":"has-post-thumbnail","6":"product_cat-outillage-a-main","7":"product_cat-outillages","9":"first","10":"instock","11":"taxable","12":"shipping-taxable","13":"purchasable","14":"product-type-simple"},"acf":[],"yoast_head":"<!-- This site is optimized with the Yoast SEO plugin v27.5 - https:\/\/yoast.com\/product\/yoast-seo-wordpress\/ -->\n<title>Pinces \u00e0 bec demi-ronde coud\u00e9 ULTIMATE\u00ae - K2group Distribution<\/title>\n<meta name=\"robots\" content=\"noindex, follow, max-snippet:-1, max-image-preview:large, max-video-preview:-1\" \/>\n<meta property=\"og:locale\" content=\"de_DE\" \/>\n<meta property=\"og:type\" content=\"article\" \/>\n<meta property=\"og:title\" content=\"Pinces \u00e0 bec demi-ronde coud\u00e9 ULTIMATE\u00ae - K2group Distribution\" \/>\n<meta property=\"og:description\" content=\"Nous mettons \u00e0 votre disposition la pince \u00e0 bec demi-ronde coud\u00e9, un outil incontournable pour les professionnels de t\u00e9l\u00e9com, qui se distingue par ses fonctionnalit\u00e9s avanc\u00e9es et sa grande r\u00e9sistance.\" \/>\n<meta property=\"og:url\" content=\"https:\/\/exciting-lichterman.217-160-28-49.plesk.page\/de\/produkt\/pinces-a-bec-demi-ronde-coude-ultimate\/\" \/>\n<meta property=\"og:site_name\" content=\"K2group Distribution\" \/>\n<meta property=\"article:modified_time\" content=\"2024-12-02T09:02:44+00:00\" \/>\n<meta property=\"og:image\" content=\"https:\/\/exciting-lichterman.217-160-28-49.plesk.page\/wp-content\/uploads\/2020\/10\/593-Pinces-a-bec-demi-ronde-coude-ULTIMATER.jpg\" \/>\n\t<meta property=\"og:image:width\" content=\"1006\" \/>\n\t<meta property=\"og:image:height\" content=\"1000\" \/>\n\t<meta property=\"og:image:type\" content=\"image\/jpeg\" \/>\n<meta name=\"twitter:card\" content=\"summary_large_image\" \/>\n<meta name=\"twitter:label1\" content=\"Gesch\u00e4tzte Lesezeit\" \/>\n\t<meta name=\"twitter:data1\" content=\"1\u00a0Minute\" \/>\n<script type=\"application\/ld+json\" class=\"yoast-schema-graph\">{\"@context\":\"https:\\\/\\\/schema.org\",\"@graph\":[{\"@type\":\"WebPage\",\"@id\":\"https:\\\/\\\/exciting-lichterman.217-160-28-49.plesk.page\\\/produit\\\/pinces-a-bec-demi-ronde-coude-ultimate\\\/\",\"url\":\"https:\\\/\\\/exciting-lichterman.217-160-28-49.plesk.page\\\/produit\\\/pinces-a-bec-demi-ronde-coude-ultimate\\\/\",\"name\":\"Pinces \u00e0 bec demi-ronde coud\u00e9 ULTIMATE\u00ae - K2group Distribution\",\"isPartOf\":{\"@id\":\"https:\\\/\\\/exciting-lichterman.217-160-28-49.plesk.page\\\/#website\"},\"primaryImageOfPage\":{\"@id\":\"https:\\\/\\\/exciting-lichterman.217-160-28-49.plesk.page\\\/produit\\\/pinces-a-bec-demi-ronde-coude-ultimate\\\/#primaryimage\"},\"image\":{\"@id\":\"https:\\\/\\\/exciting-lichterman.217-160-28-49.plesk.page\\\/produit\\\/pinces-a-bec-demi-ronde-coude-ultimate\\\/#primaryimage\"},\"thumbnailUrl\":\"https:\\\/\\\/exciting-lichterman.217-160-28-49.plesk.page\\\/wp-content\\\/uploads\\\/2024\\\/03\\\/593-Pinces-a-bec-demi-ronde-coude-ULTIMATER.jpg\",\"datePublished\":\"2020-10-28T14:22:38+00:00\",\"dateModified\":\"2024-12-02T09:02:44+00:00\",\"breadcrumb\":{\"@id\":\"https:\\\/\\\/exciting-lichterman.217-160-28-49.plesk.page\\\/produit\\\/pinces-a-bec-demi-ronde-coude-ultimate\\\/#breadcrumb\"},\"inLanguage\":\"de\",\"potentialAction\":[{\"@type\":\"ReadAction\",\"target\":[\"https:\\\/\\\/exciting-lichterman.217-160-28-49.plesk.page\\\/produit\\\/pinces-a-bec-demi-ronde-coude-ultimate\\\/\"]}]},{\"@type\":\"ImageObject\",\"inLanguage\":\"de\",\"@id\":\"https:\\\/\\\/exciting-lichterman.217-160-28-49.plesk.page\\\/produit\\\/pinces-a-bec-demi-ronde-coude-ultimate\\\/#primaryimage\",\"url\":\"https:\\\/\\\/exciting-lichterman.217-160-28-49.plesk.page\\\/wp-content\\\/uploads\\\/2024\\\/03\\\/593-Pinces-a-bec-demi-ronde-coude-ULTIMATER.jpg\",\"contentUrl\":\"https:\\\/\\\/exciting-lichterman.217-160-28-49.plesk.page\\\/wp-content\\\/uploads\\\/2024\\\/03\\\/593-Pinces-a-bec-demi-ronde-coude-ULTIMATER.jpg\",\"width\":1006,\"height\":1000},{\"@type\":\"BreadcrumbList\",\"@id\":\"https:\\\/\\\/exciting-lichterman.217-160-28-49.plesk.page\\\/produit\\\/pinces-a-bec-demi-ronde-coude-ultimate\\\/#breadcrumb\",\"itemListElement\":[{\"@type\":\"ListItem\",\"position\":1,\"name\":\"Accueil\",\"item\":\"https:\\\/\\\/exciting-lichterman.217-160-28-49.plesk.page\\\/\"},{\"@type\":\"ListItem\",\"position\":2,\"name\":\"Boutique\",\"item\":\"https:\\\/\\\/exciting-lichterman.217-160-28-49.plesk.page\\\/boutique\\\/\"},{\"@type\":\"ListItem\",\"position\":3,\"name\":\"Pinces \u00e0 bec demi-ronde coud\u00e9 ULTIMATE\u00ae\"}]},{\"@type\":\"WebSite\",\"@id\":\"https:\\\/\\\/exciting-lichterman.217-160-28-49.plesk.page\\\/#website\",\"url\":\"https:\\\/\\\/exciting-lichterman.217-160-28-49.plesk.page\\\/\",\"name\":\"K2group Distribution\",\"description\":\"\",\"publisher\":{\"@id\":\"https:\\\/\\\/exciting-lichterman.217-160-28-49.plesk.page\\\/#organization\"},\"potentialAction\":[{\"@type\":\"SearchAction\",\"target\":{\"@type\":\"EntryPoint\",\"urlTemplate\":\"https:\\\/\\\/exciting-lichterman.217-160-28-49.plesk.page\\\/?s={search_term_string}\"},\"query-input\":{\"@type\":\"PropertyValueSpecification\",\"valueRequired\":true,\"valueName\":\"search_term_string\"}}],\"inLanguage\":\"de\"},{\"@type\":\"Organization\",\"@id\":\"https:\\\/\\\/exciting-lichterman.217-160-28-49.plesk.page\\\/#organization\",\"name\":\"K2group Distribution\",\"url\":\"https:\\\/\\\/exciting-lichterman.217-160-28-49.plesk.page\\\/\",\"logo\":{\"@type\":\"ImageObject\",\"inLanguage\":\"de\",\"@id\":\"https:\\\/\\\/exciting-lichterman.217-160-28-49.plesk.page\\\/#\\\/schema\\\/logo\\\/image\\\/\",\"url\":\"https:\\\/\\\/exciting-lichterman.217-160-28-49.plesk.page\\\/wp-content\\\/uploads\\\/2022\\\/04\\\/logo-K2.png\",\"contentUrl\":\"https:\\\/\\\/exciting-lichterman.217-160-28-49.plesk.page\\\/wp-content\\\/uploads\\\/2022\\\/04\\\/logo-K2.png\",\"width\":155,\"height\":66,\"caption\":\"K2group Distribution\"},\"image\":{\"@id\":\"https:\\\/\\\/exciting-lichterman.217-160-28-49.plesk.page\\\/#\\\/schema\\\/logo\\\/image\\\/\"}}]}<\/script>\n<!-- \/ Yoast SEO plugin. -->","yoast_head_json":{"title":"Pinces \u00e0 bec demi-ronde coud\u00e9 ULTIMATE\u00ae - K2group Distribution","robots":{"index":"noindex","follow":"follow","max-snippet":"max-snippet:-1","max-image-preview":"max-image-preview:large","max-video-preview":"max-video-preview:-1"},"og_locale":"de_DE","og_type":"article","og_title":"Pinces \u00e0 bec demi-ronde coud\u00e9 ULTIMATE\u00ae - K2group Distribution","og_description":"Nous mettons \u00e0 votre disposition la pince \u00e0 bec demi-ronde coud\u00e9, un outil incontournable pour les professionnels de t\u00e9l\u00e9com, qui se distingue par ses fonctionnalit\u00e9s avanc\u00e9es et sa grande r\u00e9sistance.","og_url":"https:\/\/exciting-lichterman.217-160-28-49.plesk.page\/de\/produkt\/pinces-a-bec-demi-ronde-coude-ultimate\/","og_site_name":"K2group Distribution","article_modified_time":"2024-12-02T09:02:44+00:00","og_image":[{"width":1006,"height":1000,"url":"https:\/\/exciting-lichterman.217-160-28-49.plesk.page\/wp-content\/uploads\/2020\/10\/593-Pinces-a-bec-demi-ronde-coude-ULTIMATER.jpg","type":"image\/jpeg"}],"twitter_card":"summary_large_image","twitter_misc":{"Gesch\u00e4tzte Lesezeit":"1\u00a0Minute"},"schema":{"@context":"https:\/\/schema.org","@graph":[{"@type":"WebPage","@id":"https:\/\/exciting-lichterman.217-160-28-49.plesk.page\/produit\/pinces-a-bec-demi-ronde-coude-ultimate\/","url":"https:\/\/exciting-lichterman.217-160-28-49.plesk.page\/produit\/pinces-a-bec-demi-ronde-coude-ultimate\/","name":"Pinces \u00e0 bec demi-ronde coud\u00e9 ULTIMATE\u00ae - K2group Distribution","isPartOf":{"@id":"https:\/\/exciting-lichterman.217-160-28-49.plesk.page\/#website"},"primaryImageOfPage":{"@id":"https:\/\/exciting-lichterman.217-160-28-49.plesk.page\/produit\/pinces-a-bec-demi-ronde-coude-ultimate\/#primaryimage"},"image":{"@id":"https:\/\/exciting-lichterman.217-160-28-49.plesk.page\/produit\/pinces-a-bec-demi-ronde-coude-ultimate\/#primaryimage"},"thumbnailUrl":"https:\/\/exciting-lichterman.217-160-28-49.plesk.page\/wp-content\/uploads\/2024\/03\/593-Pinces-a-bec-demi-ronde-coude-ULTIMATER.jpg","datePublished":"2020-10-28T14:22:38+00:00","dateModified":"2024-12-02T09:02:44+00:00","breadcrumb":{"@id":"https:\/\/exciting-lichterman.217-160-28-49.plesk.page\/produit\/pinces-a-bec-demi-ronde-coude-ultimate\/#breadcrumb"},"inLanguage":"de","potentialAction":[{"@type":"ReadAction","target":["https:\/\/exciting-lichterman.217-160-28-49.plesk.page\/produit\/pinces-a-bec-demi-ronde-coude-ultimate\/"]}]},{"@type":"ImageObject","inLanguage":"de","@id":"https:\/\/exciting-lichterman.217-160-28-49.plesk.page\/produit\/pinces-a-bec-demi-ronde-coude-ultimate\/#primaryimage","url":"https:\/\/exciting-lichterman.217-160-28-49.plesk.page\/wp-content\/uploads\/2024\/03\/593-Pinces-a-bec-demi-ronde-coude-ULTIMATER.jpg","contentUrl":"https:\/\/exciting-lichterman.217-160-28-49.plesk.page\/wp-content\/uploads\/2024\/03\/593-Pinces-a-bec-demi-ronde-coude-ULTIMATER.jpg","width":1006,"height":1000},{"@type":"BreadcrumbList","@id":"https:\/\/exciting-lichterman.217-160-28-49.plesk.page\/produit\/pinces-a-bec-demi-ronde-coude-ultimate\/#breadcrumb","itemListElement":[{"@type":"ListItem","position":1,"name":"Accueil","item":"https:\/\/exciting-lichterman.217-160-28-49.plesk.page\/"},{"@type":"ListItem","position":2,"name":"Boutique","item":"https:\/\/exciting-lichterman.217-160-28-49.plesk.page\/boutique\/"},{"@type":"ListItem","position":3,"name":"Pinces \u00e0 bec demi-ronde coud\u00e9 ULTIMATE\u00ae"}]},{"@type":"WebSite","@id":"https:\/\/exciting-lichterman.217-160-28-49.plesk.page\/#website","url":"https:\/\/exciting-lichterman.217-160-28-49.plesk.page\/","name":"K2group Distribution","description":"","publisher":{"@id":"https:\/\/exciting-lichterman.217-160-28-49.plesk.page\/#organization"},"potentialAction":[{"@type":"SearchAction","target":{"@type":"EntryPoint","urlTemplate":"https:\/\/exciting-lichterman.217-160-28-49.plesk.page\/?s={search_term_string}"},"query-input":{"@type":"PropertyValueSpecification","valueRequired":true,"valueName":"search_term_string"}}],"inLanguage":"de"},{"@type":"Organization","@id":"https:\/\/exciting-lichterman.217-160-28-49.plesk.page\/#organization","name":"K2group Distribution","url":"https:\/\/exciting-lichterman.217-160-28-49.plesk.page\/","logo":{"@type":"ImageObject","inLanguage":"de","@id":"https:\/\/exciting-lichterman.217-160-28-49.plesk.page\/#\/schema\/logo\/image\/","url":"https:\/\/exciting-lichterman.217-160-28-49.plesk.page\/wp-content\/uploads\/2022\/04\/logo-K2.png","contentUrl":"https:\/\/exciting-lichterman.217-160-28-49.plesk.page\/wp-content\/uploads\/2022\/04\/logo-K2.png","width":155,"height":66,"caption":"K2group Distribution"},"image":{"@id":"https:\/\/exciting-lichterman.217-160-28-49.plesk.page\/#\/schema\/logo\/image\/"}}]}},"_links":{"self":[{"href":"https:\/\/exciting-lichterman.217-160-28-49.plesk.page\/de\/wp-json\/wp\/v2\/product\/3903","targetHints":{"allow":["GET"]}}],"collection":[{"href":"https:\/\/exciting-lichterman.217-160-28-49.plesk.page\/de\/wp-json\/wp\/v2\/product"}],"about":[{"href":"https:\/\/exciting-lichterman.217-160-28-49.plesk.page\/de\/wp-json\/wp\/v2\/types\/product"}],"replies":[{"embeddable":true,"href":"https:\/\/exciting-lichterman.217-160-28-49.plesk.page\/de\/wp-json\/wp\/v2\/comments?post=3903"}],"version-history":[{"count":3,"href":"https:\/\/exciting-lichterman.217-160-28-49.plesk.page\/de\/wp-json\/wp\/v2\/product\/3903\/revisions"}],"predecessor-version":[{"id":17124,"href":"https:\/\/exciting-lichterman.217-160-28-49.plesk.page\/de\/wp-json\/wp\/v2\/product\/3903\/revisions\/17124"}],"wp:featuredmedia":[{"embeddable":true,"href":"https:\/\/exciting-lichterman.217-160-28-49.plesk.page\/de\/wp-json\/wp\/v2\/media\/20269"}],"wp:attachment":[{"href":"https:\/\/exciting-lichterman.217-160-28-49.plesk.page\/de\/wp-json\/wp\/v2\/media?parent=3903"}],"wp:term":[{"taxonomy":"product_brand","embeddable":true,"href":"https:\/\/exciting-lichterman.217-160-28-49.plesk.page\/de\/wp-json\/wp\/v2\/product_brand?post=3903"},{"taxonomy":"product_cat","embeddable":true,"href":"https:\/\/exciting-lichterman.217-160-28-49.plesk.page\/de\/wp-json\/wp\/v2\/product_cat?post=3903"},{"taxonomy":"product_tag","embeddable":true,"href":"https:\/\/exciting-lichterman.217-160-28-49.plesk.page\/de\/wp-json\/wp\/v2\/product_tag?post=3903"}],"curies":[{"name":"wp","href":"https:\/\/api.w.org\/{rel}","templated":true}]}}