{"id":3892,"date":"2020-10-28T11:40:16","date_gmt":"2020-10-28T11:40:16","guid":{"rendered":"https:\/\/practical-elbakyan.82-165-223-183.plesk.page\/index.php\/produit\/jeu-de-cles-mixtes-droite-a-cliquet-gear-plus-sur-support\/"},"modified":"2024-12-02T09:02:41","modified_gmt":"2024-12-02T09:02:41","slug":"jeu-de-cles-mixtes-droite-a-cliquet-gear-plus-sur-support","status":"publish","type":"product","link":"https:\/\/exciting-lichterman.217-160-28-49.plesk.page\/de\/produkt\/jeu-de-cles-mixtes-droite-a-cliquet-gear-plus-sur-support\/","title":{"rendered":"Jeu de 10 cl\u00e9s mixtes droites \u00e0 cliquet GEAR plus &#8211; sur support"},"content":{"rendered":"<p>Avec la garantie de qualit\u00e9 de KS TOOLS, ces cl\u00e9s fabriqu\u00e9es en chrome vanadium avec une finition satin\u00e9e sont \u00e9quip\u00e9es d&rsquo;un cliquet r\u00e9versible \u00e0 72 dents pour une pr\u00e9cision exceptionnelle, ainsi que d&rsquo;une fourche et d&rsquo;un \u0153il inclin\u00e9s \u00e0 15\u00b0 pour une performance optimale et un confort accru.<\/p>\n<p><strong>Sp\u00e9cifications:<\/strong>\u00a0<\/p>\n<p>\u2022 Selon DIN 3113 \/ ISO 3318 \/ ISO 7738<\/p>\n<p>\u2022 Angle de fourche 15\u00b0<\/p>\n<p>\u2022 Cliquet 72 dents<\/p>\n<p>\u2022 Finition chrom\u00e9e satin\u00e9e<\/p>\n<p>\u2022 Chrome vanadium<\/p>","protected":false},"excerpt":{"rendered":"<h2 style=\"font-family:Poppins;font-size:14px; font-weight:400!important; line-height:2\">Le jeu de 10 cl\u00e9s mixtes droites \u00e0 cliquet GEAR plus\u00ae &#8211; sur support est un ensemble complet qui r\u00e9pond \u00e0 une vari\u00e9t\u00e9 de besoins.<\/h2>\n<p> <span style=\"font-size:14px;line-height:2\">Livr\u00e9 sur un double support astucieux qui facilite l&rsquo;acc\u00e8s et le rangement, ce jeu comprend 10 cl\u00e9s mixtes \u00e0 cliquet de 8 \u00e0 19 mm, couvrant un large \u00e9ventail de tailles, notamment 8, 10, 11, 12, 13, 14, 16, 17, 18 et 19 mm.<\/span> <\/p>","protected":false},"featured_media":20262,"comment_status":"open","ping_status":"closed","template":"","meta":{"_acf_changed":false},"product_brand":[],"product_cat":[70,65],"product_tag":[],"class_list":{"0":"post-3892","1":"product","2":"type-product","3":"status-publish","4":"has-post-thumbnail","6":"product_cat-outillage-a-main","7":"product_cat-outillages","9":"first","10":"instock","11":"taxable","12":"shipping-taxable","13":"purchasable","14":"product-type-simple"},"acf":[],"yoast_head":"<!-- This site is optimized with the Yoast SEO plugin v27.4 - https:\/\/yoast.com\/product\/yoast-seo-wordpress\/ -->\n<title>Jeu de 10 cl\u00e9s mixtes droites \u00e0 cliquet GEAR plus - sur support - K2group Distribution<\/title>\n<meta name=\"robots\" content=\"noindex, follow, max-snippet:-1, max-image-preview:large, max-video-preview:-1\" \/>\n<meta property=\"og:locale\" content=\"de_DE\" \/>\n<meta property=\"og:type\" content=\"article\" \/>\n<meta property=\"og:title\" content=\"Jeu de 10 cl\u00e9s mixtes droites \u00e0 cliquet GEAR plus - sur support - K2group Distribution\" \/>\n<meta property=\"og:description\" content=\"Le jeu de 10 cl\u00e9s mixtes droites \u00e0 cliquet GEAR plus\u00ae - sur support est un ensemble complet qui r\u00e9pond \u00e0 une vari\u00e9t\u00e9 de besoins. Livr\u00e9 sur un double support astucieux qui facilite l&#039;acc\u00e8s et le rangement, ce jeu comprend 10 cl\u00e9s mixtes \u00e0 cliquet de 8 \u00e0 19 mm, couvrant un large \u00e9ventail de tailles, notamment 8, 10, 11, 12, 13, 14, 16, 17, 18 et 19 mm.\" \/>\n<meta property=\"og:url\" content=\"https:\/\/exciting-lichterman.217-160-28-49.plesk.page\/de\/produkt\/jeu-de-cles-mixtes-droite-a-cliquet-gear-plus-sur-support\/\" \/>\n<meta property=\"og:site_name\" content=\"K2group Distribution\" \/>\n<meta property=\"article:modified_time\" content=\"2024-12-02T09:02:41+00:00\" \/>\n<meta property=\"og:image\" content=\"https:\/\/exciting-lichterman.217-160-28-49.plesk.page\/wp-content\/uploads\/2020\/10\/513-Jeu-de-cles-mixtes-droite-a-cliquet-GEAR-plusR-sur-support.jpg\" \/>\n\t<meta property=\"og:image:width\" content=\"1006\" \/>\n\t<meta property=\"og:image:height\" content=\"1000\" \/>\n\t<meta property=\"og:image:type\" content=\"image\/jpeg\" \/>\n<meta name=\"twitter:card\" content=\"summary_large_image\" \/>\n<meta name=\"twitter:label1\" content=\"Gesch\u00e4tzte Lesezeit\" \/>\n\t<meta name=\"twitter:data1\" content=\"1\u00a0Minute\" \/>\n<script type=\"application\/ld+json\" class=\"yoast-schema-graph\">{\"@context\":\"https:\\\/\\\/schema.org\",\"@graph\":[{\"@type\":\"WebPage\",\"@id\":\"https:\\\/\\\/exciting-lichterman.217-160-28-49.plesk.page\\\/produit\\\/jeu-de-cles-mixtes-droite-a-cliquet-gear-plus-sur-support\\\/\",\"url\":\"https:\\\/\\\/exciting-lichterman.217-160-28-49.plesk.page\\\/produit\\\/jeu-de-cles-mixtes-droite-a-cliquet-gear-plus-sur-support\\\/\",\"name\":\"Jeu de 10 cl\u00e9s mixtes droites \u00e0 cliquet GEAR plus - sur support - K2group Distribution\",\"isPartOf\":{\"@id\":\"https:\\\/\\\/exciting-lichterman.217-160-28-49.plesk.page\\\/#website\"},\"primaryImageOfPage\":{\"@id\":\"https:\\\/\\\/exciting-lichterman.217-160-28-49.plesk.page\\\/produit\\\/jeu-de-cles-mixtes-droite-a-cliquet-gear-plus-sur-support\\\/#primaryimage\"},\"image\":{\"@id\":\"https:\\\/\\\/exciting-lichterman.217-160-28-49.plesk.page\\\/produit\\\/jeu-de-cles-mixtes-droite-a-cliquet-gear-plus-sur-support\\\/#primaryimage\"},\"thumbnailUrl\":\"https:\\\/\\\/exciting-lichterman.217-160-28-49.plesk.page\\\/wp-content\\\/uploads\\\/2024\\\/03\\\/513-Jeu-de-cles-mixtes-droite-a-cliquet-GEAR-plusR-sur-support.jpg\",\"datePublished\":\"2020-10-28T11:40:16+00:00\",\"dateModified\":\"2024-12-02T09:02:41+00:00\",\"breadcrumb\":{\"@id\":\"https:\\\/\\\/exciting-lichterman.217-160-28-49.plesk.page\\\/produit\\\/jeu-de-cles-mixtes-droite-a-cliquet-gear-plus-sur-support\\\/#breadcrumb\"},\"inLanguage\":\"de\",\"potentialAction\":[{\"@type\":\"ReadAction\",\"target\":[\"https:\\\/\\\/exciting-lichterman.217-160-28-49.plesk.page\\\/produit\\\/jeu-de-cles-mixtes-droite-a-cliquet-gear-plus-sur-support\\\/\"]}]},{\"@type\":\"ImageObject\",\"inLanguage\":\"de\",\"@id\":\"https:\\\/\\\/exciting-lichterman.217-160-28-49.plesk.page\\\/produit\\\/jeu-de-cles-mixtes-droite-a-cliquet-gear-plus-sur-support\\\/#primaryimage\",\"url\":\"https:\\\/\\\/exciting-lichterman.217-160-28-49.plesk.page\\\/wp-content\\\/uploads\\\/2024\\\/03\\\/513-Jeu-de-cles-mixtes-droite-a-cliquet-GEAR-plusR-sur-support.jpg\",\"contentUrl\":\"https:\\\/\\\/exciting-lichterman.217-160-28-49.plesk.page\\\/wp-content\\\/uploads\\\/2024\\\/03\\\/513-Jeu-de-cles-mixtes-droite-a-cliquet-GEAR-plusR-sur-support.jpg\",\"width\":1006,\"height\":1000},{\"@type\":\"BreadcrumbList\",\"@id\":\"https:\\\/\\\/exciting-lichterman.217-160-28-49.plesk.page\\\/produit\\\/jeu-de-cles-mixtes-droite-a-cliquet-gear-plus-sur-support\\\/#breadcrumb\",\"itemListElement\":[{\"@type\":\"ListItem\",\"position\":1,\"name\":\"Accueil\",\"item\":\"https:\\\/\\\/exciting-lichterman.217-160-28-49.plesk.page\\\/\"},{\"@type\":\"ListItem\",\"position\":2,\"name\":\"Boutique\",\"item\":\"https:\\\/\\\/exciting-lichterman.217-160-28-49.plesk.page\\\/boutique\\\/\"},{\"@type\":\"ListItem\",\"position\":3,\"name\":\"Jeu de 10 cl\u00e9s mixtes droites \u00e0 cliquet GEAR plus &#8211; sur support\"}]},{\"@type\":\"WebSite\",\"@id\":\"https:\\\/\\\/exciting-lichterman.217-160-28-49.plesk.page\\\/#website\",\"url\":\"https:\\\/\\\/exciting-lichterman.217-160-28-49.plesk.page\\\/\",\"name\":\"K2group Distribution\",\"description\":\"\",\"publisher\":{\"@id\":\"https:\\\/\\\/exciting-lichterman.217-160-28-49.plesk.page\\\/#organization\"},\"potentialAction\":[{\"@type\":\"SearchAction\",\"target\":{\"@type\":\"EntryPoint\",\"urlTemplate\":\"https:\\\/\\\/exciting-lichterman.217-160-28-49.plesk.page\\\/?s={search_term_string}\"},\"query-input\":{\"@type\":\"PropertyValueSpecification\",\"valueRequired\":true,\"valueName\":\"search_term_string\"}}],\"inLanguage\":\"de\"},{\"@type\":\"Organization\",\"@id\":\"https:\\\/\\\/exciting-lichterman.217-160-28-49.plesk.page\\\/#organization\",\"name\":\"K2group Distribution\",\"url\":\"https:\\\/\\\/exciting-lichterman.217-160-28-49.plesk.page\\\/\",\"logo\":{\"@type\":\"ImageObject\",\"inLanguage\":\"de\",\"@id\":\"https:\\\/\\\/exciting-lichterman.217-160-28-49.plesk.page\\\/#\\\/schema\\\/logo\\\/image\\\/\",\"url\":\"https:\\\/\\\/exciting-lichterman.217-160-28-49.plesk.page\\\/wp-content\\\/uploads\\\/2022\\\/04\\\/logo-K2.png\",\"contentUrl\":\"https:\\\/\\\/exciting-lichterman.217-160-28-49.plesk.page\\\/wp-content\\\/uploads\\\/2022\\\/04\\\/logo-K2.png\",\"width\":155,\"height\":66,\"caption\":\"K2group Distribution\"},\"image\":{\"@id\":\"https:\\\/\\\/exciting-lichterman.217-160-28-49.plesk.page\\\/#\\\/schema\\\/logo\\\/image\\\/\"}}]}<\/script>\n<!-- \/ Yoast SEO plugin. -->","yoast_head_json":{"title":"Jeu de 10 cl\u00e9s mixtes droites \u00e0 cliquet GEAR plus - sur support - K2group Distribution","robots":{"index":"noindex","follow":"follow","max-snippet":"max-snippet:-1","max-image-preview":"max-image-preview:large","max-video-preview":"max-video-preview:-1"},"og_locale":"de_DE","og_type":"article","og_title":"Jeu de 10 cl\u00e9s mixtes droites \u00e0 cliquet GEAR plus - sur support - K2group Distribution","og_description":"Le jeu de 10 cl\u00e9s mixtes droites \u00e0 cliquet GEAR plus\u00ae - sur support est un ensemble complet qui r\u00e9pond \u00e0 une vari\u00e9t\u00e9 de besoins. Livr\u00e9 sur un double support astucieux qui facilite l'acc\u00e8s et le rangement, ce jeu comprend 10 cl\u00e9s mixtes \u00e0 cliquet de 8 \u00e0 19 mm, couvrant un large \u00e9ventail de tailles, notamment 8, 10, 11, 12, 13, 14, 16, 17, 18 et 19 mm.","og_url":"https:\/\/exciting-lichterman.217-160-28-49.plesk.page\/de\/produkt\/jeu-de-cles-mixtes-droite-a-cliquet-gear-plus-sur-support\/","og_site_name":"K2group Distribution","article_modified_time":"2024-12-02T09:02:41+00:00","og_image":[{"width":1006,"height":1000,"url":"https:\/\/exciting-lichterman.217-160-28-49.plesk.page\/wp-content\/uploads\/2020\/10\/513-Jeu-de-cles-mixtes-droite-a-cliquet-GEAR-plusR-sur-support.jpg","type":"image\/jpeg"}],"twitter_card":"summary_large_image","twitter_misc":{"Gesch\u00e4tzte Lesezeit":"1\u00a0Minute"},"schema":{"@context":"https:\/\/schema.org","@graph":[{"@type":"WebPage","@id":"https:\/\/exciting-lichterman.217-160-28-49.plesk.page\/produit\/jeu-de-cles-mixtes-droite-a-cliquet-gear-plus-sur-support\/","url":"https:\/\/exciting-lichterman.217-160-28-49.plesk.page\/produit\/jeu-de-cles-mixtes-droite-a-cliquet-gear-plus-sur-support\/","name":"Jeu de 10 cl\u00e9s mixtes droites \u00e0 cliquet GEAR plus - sur support - K2group Distribution","isPartOf":{"@id":"https:\/\/exciting-lichterman.217-160-28-49.plesk.page\/#website"},"primaryImageOfPage":{"@id":"https:\/\/exciting-lichterman.217-160-28-49.plesk.page\/produit\/jeu-de-cles-mixtes-droite-a-cliquet-gear-plus-sur-support\/#primaryimage"},"image":{"@id":"https:\/\/exciting-lichterman.217-160-28-49.plesk.page\/produit\/jeu-de-cles-mixtes-droite-a-cliquet-gear-plus-sur-support\/#primaryimage"},"thumbnailUrl":"https:\/\/exciting-lichterman.217-160-28-49.plesk.page\/wp-content\/uploads\/2024\/03\/513-Jeu-de-cles-mixtes-droite-a-cliquet-GEAR-plusR-sur-support.jpg","datePublished":"2020-10-28T11:40:16+00:00","dateModified":"2024-12-02T09:02:41+00:00","breadcrumb":{"@id":"https:\/\/exciting-lichterman.217-160-28-49.plesk.page\/produit\/jeu-de-cles-mixtes-droite-a-cliquet-gear-plus-sur-support\/#breadcrumb"},"inLanguage":"de","potentialAction":[{"@type":"ReadAction","target":["https:\/\/exciting-lichterman.217-160-28-49.plesk.page\/produit\/jeu-de-cles-mixtes-droite-a-cliquet-gear-plus-sur-support\/"]}]},{"@type":"ImageObject","inLanguage":"de","@id":"https:\/\/exciting-lichterman.217-160-28-49.plesk.page\/produit\/jeu-de-cles-mixtes-droite-a-cliquet-gear-plus-sur-support\/#primaryimage","url":"https:\/\/exciting-lichterman.217-160-28-49.plesk.page\/wp-content\/uploads\/2024\/03\/513-Jeu-de-cles-mixtes-droite-a-cliquet-GEAR-plusR-sur-support.jpg","contentUrl":"https:\/\/exciting-lichterman.217-160-28-49.plesk.page\/wp-content\/uploads\/2024\/03\/513-Jeu-de-cles-mixtes-droite-a-cliquet-GEAR-plusR-sur-support.jpg","width":1006,"height":1000},{"@type":"BreadcrumbList","@id":"https:\/\/exciting-lichterman.217-160-28-49.plesk.page\/produit\/jeu-de-cles-mixtes-droite-a-cliquet-gear-plus-sur-support\/#breadcrumb","itemListElement":[{"@type":"ListItem","position":1,"name":"Accueil","item":"https:\/\/exciting-lichterman.217-160-28-49.plesk.page\/"},{"@type":"ListItem","position":2,"name":"Boutique","item":"https:\/\/exciting-lichterman.217-160-28-49.plesk.page\/boutique\/"},{"@type":"ListItem","position":3,"name":"Jeu de 10 cl\u00e9s mixtes droites \u00e0 cliquet GEAR plus &#8211; sur support"}]},{"@type":"WebSite","@id":"https:\/\/exciting-lichterman.217-160-28-49.plesk.page\/#website","url":"https:\/\/exciting-lichterman.217-160-28-49.plesk.page\/","name":"K2group Distribution","description":"","publisher":{"@id":"https:\/\/exciting-lichterman.217-160-28-49.plesk.page\/#organization"},"potentialAction":[{"@type":"SearchAction","target":{"@type":"EntryPoint","urlTemplate":"https:\/\/exciting-lichterman.217-160-28-49.plesk.page\/?s={search_term_string}"},"query-input":{"@type":"PropertyValueSpecification","valueRequired":true,"valueName":"search_term_string"}}],"inLanguage":"de"},{"@type":"Organization","@id":"https:\/\/exciting-lichterman.217-160-28-49.plesk.page\/#organization","name":"K2group Distribution","url":"https:\/\/exciting-lichterman.217-160-28-49.plesk.page\/","logo":{"@type":"ImageObject","inLanguage":"de","@id":"https:\/\/exciting-lichterman.217-160-28-49.plesk.page\/#\/schema\/logo\/image\/","url":"https:\/\/exciting-lichterman.217-160-28-49.plesk.page\/wp-content\/uploads\/2022\/04\/logo-K2.png","contentUrl":"https:\/\/exciting-lichterman.217-160-28-49.plesk.page\/wp-content\/uploads\/2022\/04\/logo-K2.png","width":155,"height":66,"caption":"K2group Distribution"},"image":{"@id":"https:\/\/exciting-lichterman.217-160-28-49.plesk.page\/#\/schema\/logo\/image\/"}}]}},"_links":{"self":[{"href":"https:\/\/exciting-lichterman.217-160-28-49.plesk.page\/de\/wp-json\/wp\/v2\/product\/3892","targetHints":{"allow":["GET"]}}],"collection":[{"href":"https:\/\/exciting-lichterman.217-160-28-49.plesk.page\/de\/wp-json\/wp\/v2\/product"}],"about":[{"href":"https:\/\/exciting-lichterman.217-160-28-49.plesk.page\/de\/wp-json\/wp\/v2\/types\/product"}],"replies":[{"embeddable":true,"href":"https:\/\/exciting-lichterman.217-160-28-49.plesk.page\/de\/wp-json\/wp\/v2\/comments?post=3892"}],"version-history":[{"count":2,"href":"https:\/\/exciting-lichterman.217-160-28-49.plesk.page\/de\/wp-json\/wp\/v2\/product\/3892\/revisions"}],"predecessor-version":[{"id":20263,"href":"https:\/\/exciting-lichterman.217-160-28-49.plesk.page\/de\/wp-json\/wp\/v2\/product\/3892\/revisions\/20263"}],"wp:featuredmedia":[{"embeddable":true,"href":"https:\/\/exciting-lichterman.217-160-28-49.plesk.page\/de\/wp-json\/wp\/v2\/media\/20262"}],"wp:attachment":[{"href":"https:\/\/exciting-lichterman.217-160-28-49.plesk.page\/de\/wp-json\/wp\/v2\/media?parent=3892"}],"wp:term":[{"taxonomy":"product_brand","embeddable":true,"href":"https:\/\/exciting-lichterman.217-160-28-49.plesk.page\/de\/wp-json\/wp\/v2\/product_brand?post=3892"},{"taxonomy":"product_cat","embeddable":true,"href":"https:\/\/exciting-lichterman.217-160-28-49.plesk.page\/de\/wp-json\/wp\/v2\/product_cat?post=3892"},{"taxonomy":"product_tag","embeddable":true,"href":"https:\/\/exciting-lichterman.217-160-28-49.plesk.page\/de\/wp-json\/wp\/v2\/product_tag?post=3892"}],"curies":[{"name":"wp","href":"https:\/\/api.w.org\/{rel}","templated":true}]}}