{"id":3890,"date":"2020-10-28T11:36:59","date_gmt":"2020-10-28T11:36:59","guid":{"rendered":"https:\/\/practical-elbakyan.82-165-223-183.plesk.page\/index.php\/produit\/jeu-de-cles-mixtes-droites-a-cliquet-gearplus-sur-support\/"},"modified":"2024-12-02T09:02:41","modified_gmt":"2024-12-02T09:02:41","slug":"jeu-de-cles-mixtes-droites-a-cliquet-gearplus-sur-support","status":"publish","type":"product","link":"https:\/\/exciting-lichterman.217-160-28-49.plesk.page\/de\/produkt\/jeu-de-cles-mixtes-droites-a-cliquet-gearplus-sur-support\/","title":{"rendered":"Jeu de 5 cl\u00e9s mixtes droites \u00e0 cliquet GEAR plus &#8211; sur support"},"content":{"rendered":"<p>Leur construction en chrome vanadium garantit r\u00e9sistance et durabilit\u00e9. Conformes aux normes DIN 3113 \/ ISO 3318, ces cl\u00e9s sont inclin\u00e9es \u00e0 15\u00b0 pour un acc\u00e8s optimal.<\/p>\n<p><strong>Sp\u00e9cifications:<\/strong><\/p>\n<p>\u2022 Selon DIN 3113 \/ ISO 3318 \/ ISO 7738<\/p>\n<p>\u2022 Angle de fourche 15\u00b0<\/p>\n<p>\u2022 Cliquet 72 dents<\/p>\n<p>\u2022 Finition satin\u00e9e<\/p>\n<p>\u2022 Chrome vanadium<\/p>","protected":false},"excerpt":{"rendered":"<h2 style=\"font-family:Poppins;font-size:14px; font-weight:400!important; line-height:2\">Le jeu de  5 cl\u00e9s  mixtes droites \u00e0 cliquet GEARplus\u00ae &#8211; sur support est un ensemble polyvalent d&rsquo;outils essentiels qui vous offre une solution compl\u00e8te pour diverses t\u00e2ches.<\/h2>\n<p> <span style=\"font-size:14px;line-height:2\">Avec un m\u00e9canisme de cliquet pr\u00e9cis \u00e0 72 dents, ces cl\u00e9s permettent une rotation efficace dans un sens tout en restant fix\u00e9es \u00e0 la fixation.<\/span><\/p>","protected":false},"featured_media":20260,"comment_status":"open","ping_status":"closed","template":"","meta":{"_acf_changed":false},"product_brand":[],"product_cat":[70,65],"product_tag":[],"class_list":{"0":"post-3890","1":"product","2":"type-product","3":"status-publish","4":"has-post-thumbnail","6":"product_cat-outillage-a-main","7":"product_cat-outillages","9":"first","10":"instock","11":"taxable","12":"shipping-taxable","13":"purchasable","14":"product-type-simple"},"acf":[],"yoast_head":"<!-- This site is optimized with the Yoast SEO plugin v27.4 - https:\/\/yoast.com\/product\/yoast-seo-wordpress\/ -->\n<title>Jeu de 5 cl\u00e9s mixtes droites \u00e0 cliquet GEAR plus - sur support - K2group Distribution<\/title>\n<meta name=\"robots\" content=\"noindex, follow, max-snippet:-1, max-image-preview:large, max-video-preview:-1\" \/>\n<meta property=\"og:locale\" content=\"de_DE\" \/>\n<meta property=\"og:type\" content=\"article\" \/>\n<meta property=\"og:title\" content=\"Jeu de 5 cl\u00e9s mixtes droites \u00e0 cliquet GEAR plus - sur support - K2group Distribution\" \/>\n<meta property=\"og:description\" content=\"Le jeu de 5 cl\u00e9s mixtes droites \u00e0 cliquet GEARplus\u00ae - sur support est un ensemble polyvalent d&#039;outils essentiels qui vous offre une solution compl\u00e8te pour diverses t\u00e2ches. Avec un m\u00e9canisme de cliquet pr\u00e9cis \u00e0 72 dents, ces cl\u00e9s permettent une rotation efficace dans un sens tout en restant fix\u00e9es \u00e0 la fixation.\" \/>\n<meta property=\"og:url\" content=\"https:\/\/exciting-lichterman.217-160-28-49.plesk.page\/de\/produkt\/jeu-de-cles-mixtes-droites-a-cliquet-gearplus-sur-support\/\" \/>\n<meta property=\"og:site_name\" content=\"K2group Distribution\" \/>\n<meta property=\"article:modified_time\" content=\"2024-12-02T09:02:41+00:00\" \/>\n<meta property=\"og:image\" content=\"https:\/\/exciting-lichterman.217-160-28-49.plesk.page\/wp-content\/uploads\/2020\/10\/512-Jeu-de-cles-mixtes-droites-a-cliquet-GEARplusR-sur-support.jpg\" \/>\n\t<meta property=\"og:image:width\" content=\"1006\" \/>\n\t<meta property=\"og:image:height\" content=\"1000\" \/>\n\t<meta property=\"og:image:type\" content=\"image\/jpeg\" \/>\n<meta name=\"twitter:card\" content=\"summary_large_image\" \/>\n<meta name=\"twitter:label1\" content=\"Gesch\u00e4tzte Lesezeit\" \/>\n\t<meta name=\"twitter:data1\" content=\"1\u00a0Minute\" \/>\n<script type=\"application\/ld+json\" class=\"yoast-schema-graph\">{\"@context\":\"https:\\\/\\\/schema.org\",\"@graph\":[{\"@type\":\"WebPage\",\"@id\":\"https:\\\/\\\/exciting-lichterman.217-160-28-49.plesk.page\\\/produit\\\/jeu-de-cles-mixtes-droites-a-cliquet-gearplus-sur-support\\\/\",\"url\":\"https:\\\/\\\/exciting-lichterman.217-160-28-49.plesk.page\\\/produit\\\/jeu-de-cles-mixtes-droites-a-cliquet-gearplus-sur-support\\\/\",\"name\":\"Jeu de 5 cl\u00e9s mixtes droites \u00e0 cliquet GEAR plus - sur support - K2group Distribution\",\"isPartOf\":{\"@id\":\"https:\\\/\\\/exciting-lichterman.217-160-28-49.plesk.page\\\/#website\"},\"primaryImageOfPage\":{\"@id\":\"https:\\\/\\\/exciting-lichterman.217-160-28-49.plesk.page\\\/produit\\\/jeu-de-cles-mixtes-droites-a-cliquet-gearplus-sur-support\\\/#primaryimage\"},\"image\":{\"@id\":\"https:\\\/\\\/exciting-lichterman.217-160-28-49.plesk.page\\\/produit\\\/jeu-de-cles-mixtes-droites-a-cliquet-gearplus-sur-support\\\/#primaryimage\"},\"thumbnailUrl\":\"https:\\\/\\\/exciting-lichterman.217-160-28-49.plesk.page\\\/wp-content\\\/uploads\\\/2024\\\/03\\\/512-Jeu-de-cles-mixtes-droites-a-cliquet-GEARplusR-sur-support.jpg\",\"datePublished\":\"2020-10-28T11:36:59+00:00\",\"dateModified\":\"2024-12-02T09:02:41+00:00\",\"breadcrumb\":{\"@id\":\"https:\\\/\\\/exciting-lichterman.217-160-28-49.plesk.page\\\/produit\\\/jeu-de-cles-mixtes-droites-a-cliquet-gearplus-sur-support\\\/#breadcrumb\"},\"inLanguage\":\"de\",\"potentialAction\":[{\"@type\":\"ReadAction\",\"target\":[\"https:\\\/\\\/exciting-lichterman.217-160-28-49.plesk.page\\\/produit\\\/jeu-de-cles-mixtes-droites-a-cliquet-gearplus-sur-support\\\/\"]}]},{\"@type\":\"ImageObject\",\"inLanguage\":\"de\",\"@id\":\"https:\\\/\\\/exciting-lichterman.217-160-28-49.plesk.page\\\/produit\\\/jeu-de-cles-mixtes-droites-a-cliquet-gearplus-sur-support\\\/#primaryimage\",\"url\":\"https:\\\/\\\/exciting-lichterman.217-160-28-49.plesk.page\\\/wp-content\\\/uploads\\\/2024\\\/03\\\/512-Jeu-de-cles-mixtes-droites-a-cliquet-GEARplusR-sur-support.jpg\",\"contentUrl\":\"https:\\\/\\\/exciting-lichterman.217-160-28-49.plesk.page\\\/wp-content\\\/uploads\\\/2024\\\/03\\\/512-Jeu-de-cles-mixtes-droites-a-cliquet-GEARplusR-sur-support.jpg\",\"width\":1006,\"height\":1000},{\"@type\":\"BreadcrumbList\",\"@id\":\"https:\\\/\\\/exciting-lichterman.217-160-28-49.plesk.page\\\/produit\\\/jeu-de-cles-mixtes-droites-a-cliquet-gearplus-sur-support\\\/#breadcrumb\",\"itemListElement\":[{\"@type\":\"ListItem\",\"position\":1,\"name\":\"Accueil\",\"item\":\"https:\\\/\\\/exciting-lichterman.217-160-28-49.plesk.page\\\/\"},{\"@type\":\"ListItem\",\"position\":2,\"name\":\"Boutique\",\"item\":\"https:\\\/\\\/exciting-lichterman.217-160-28-49.plesk.page\\\/boutique\\\/\"},{\"@type\":\"ListItem\",\"position\":3,\"name\":\"Jeu de 5 cl\u00e9s mixtes droites \u00e0 cliquet GEAR plus &#8211; sur support\"}]},{\"@type\":\"WebSite\",\"@id\":\"https:\\\/\\\/exciting-lichterman.217-160-28-49.plesk.page\\\/#website\",\"url\":\"https:\\\/\\\/exciting-lichterman.217-160-28-49.plesk.page\\\/\",\"name\":\"K2group Distribution\",\"description\":\"\",\"publisher\":{\"@id\":\"https:\\\/\\\/exciting-lichterman.217-160-28-49.plesk.page\\\/#organization\"},\"potentialAction\":[{\"@type\":\"SearchAction\",\"target\":{\"@type\":\"EntryPoint\",\"urlTemplate\":\"https:\\\/\\\/exciting-lichterman.217-160-28-49.plesk.page\\\/?s={search_term_string}\"},\"query-input\":{\"@type\":\"PropertyValueSpecification\",\"valueRequired\":true,\"valueName\":\"search_term_string\"}}],\"inLanguage\":\"de\"},{\"@type\":\"Organization\",\"@id\":\"https:\\\/\\\/exciting-lichterman.217-160-28-49.plesk.page\\\/#organization\",\"name\":\"K2group Distribution\",\"url\":\"https:\\\/\\\/exciting-lichterman.217-160-28-49.plesk.page\\\/\",\"logo\":{\"@type\":\"ImageObject\",\"inLanguage\":\"de\",\"@id\":\"https:\\\/\\\/exciting-lichterman.217-160-28-49.plesk.page\\\/#\\\/schema\\\/logo\\\/image\\\/\",\"url\":\"https:\\\/\\\/exciting-lichterman.217-160-28-49.plesk.page\\\/wp-content\\\/uploads\\\/2022\\\/04\\\/logo-K2.png\",\"contentUrl\":\"https:\\\/\\\/exciting-lichterman.217-160-28-49.plesk.page\\\/wp-content\\\/uploads\\\/2022\\\/04\\\/logo-K2.png\",\"width\":155,\"height\":66,\"caption\":\"K2group Distribution\"},\"image\":{\"@id\":\"https:\\\/\\\/exciting-lichterman.217-160-28-49.plesk.page\\\/#\\\/schema\\\/logo\\\/image\\\/\"}}]}<\/script>\n<!-- \/ Yoast SEO plugin. -->","yoast_head_json":{"title":"Jeu de 5 cl\u00e9s mixtes droites \u00e0 cliquet GEAR plus - sur support - K2group Distribution","robots":{"index":"noindex","follow":"follow","max-snippet":"max-snippet:-1","max-image-preview":"max-image-preview:large","max-video-preview":"max-video-preview:-1"},"og_locale":"de_DE","og_type":"article","og_title":"Jeu de 5 cl\u00e9s mixtes droites \u00e0 cliquet GEAR plus - sur support - K2group Distribution","og_description":"Le jeu de 5 cl\u00e9s mixtes droites \u00e0 cliquet GEARplus\u00ae - sur support est un ensemble polyvalent d'outils essentiels qui vous offre une solution compl\u00e8te pour diverses t\u00e2ches. Avec un m\u00e9canisme de cliquet pr\u00e9cis \u00e0 72 dents, ces cl\u00e9s permettent une rotation efficace dans un sens tout en restant fix\u00e9es \u00e0 la fixation.","og_url":"https:\/\/exciting-lichterman.217-160-28-49.plesk.page\/de\/produkt\/jeu-de-cles-mixtes-droites-a-cliquet-gearplus-sur-support\/","og_site_name":"K2group Distribution","article_modified_time":"2024-12-02T09:02:41+00:00","og_image":[{"width":1006,"height":1000,"url":"https:\/\/exciting-lichterman.217-160-28-49.plesk.page\/wp-content\/uploads\/2020\/10\/512-Jeu-de-cles-mixtes-droites-a-cliquet-GEARplusR-sur-support.jpg","type":"image\/jpeg"}],"twitter_card":"summary_large_image","twitter_misc":{"Gesch\u00e4tzte Lesezeit":"1\u00a0Minute"},"schema":{"@context":"https:\/\/schema.org","@graph":[{"@type":"WebPage","@id":"https:\/\/exciting-lichterman.217-160-28-49.plesk.page\/produit\/jeu-de-cles-mixtes-droites-a-cliquet-gearplus-sur-support\/","url":"https:\/\/exciting-lichterman.217-160-28-49.plesk.page\/produit\/jeu-de-cles-mixtes-droites-a-cliquet-gearplus-sur-support\/","name":"Jeu de 5 cl\u00e9s mixtes droites \u00e0 cliquet GEAR plus - sur support - K2group Distribution","isPartOf":{"@id":"https:\/\/exciting-lichterman.217-160-28-49.plesk.page\/#website"},"primaryImageOfPage":{"@id":"https:\/\/exciting-lichterman.217-160-28-49.plesk.page\/produit\/jeu-de-cles-mixtes-droites-a-cliquet-gearplus-sur-support\/#primaryimage"},"image":{"@id":"https:\/\/exciting-lichterman.217-160-28-49.plesk.page\/produit\/jeu-de-cles-mixtes-droites-a-cliquet-gearplus-sur-support\/#primaryimage"},"thumbnailUrl":"https:\/\/exciting-lichterman.217-160-28-49.plesk.page\/wp-content\/uploads\/2024\/03\/512-Jeu-de-cles-mixtes-droites-a-cliquet-GEARplusR-sur-support.jpg","datePublished":"2020-10-28T11:36:59+00:00","dateModified":"2024-12-02T09:02:41+00:00","breadcrumb":{"@id":"https:\/\/exciting-lichterman.217-160-28-49.plesk.page\/produit\/jeu-de-cles-mixtes-droites-a-cliquet-gearplus-sur-support\/#breadcrumb"},"inLanguage":"de","potentialAction":[{"@type":"ReadAction","target":["https:\/\/exciting-lichterman.217-160-28-49.plesk.page\/produit\/jeu-de-cles-mixtes-droites-a-cliquet-gearplus-sur-support\/"]}]},{"@type":"ImageObject","inLanguage":"de","@id":"https:\/\/exciting-lichterman.217-160-28-49.plesk.page\/produit\/jeu-de-cles-mixtes-droites-a-cliquet-gearplus-sur-support\/#primaryimage","url":"https:\/\/exciting-lichterman.217-160-28-49.plesk.page\/wp-content\/uploads\/2024\/03\/512-Jeu-de-cles-mixtes-droites-a-cliquet-GEARplusR-sur-support.jpg","contentUrl":"https:\/\/exciting-lichterman.217-160-28-49.plesk.page\/wp-content\/uploads\/2024\/03\/512-Jeu-de-cles-mixtes-droites-a-cliquet-GEARplusR-sur-support.jpg","width":1006,"height":1000},{"@type":"BreadcrumbList","@id":"https:\/\/exciting-lichterman.217-160-28-49.plesk.page\/produit\/jeu-de-cles-mixtes-droites-a-cliquet-gearplus-sur-support\/#breadcrumb","itemListElement":[{"@type":"ListItem","position":1,"name":"Accueil","item":"https:\/\/exciting-lichterman.217-160-28-49.plesk.page\/"},{"@type":"ListItem","position":2,"name":"Boutique","item":"https:\/\/exciting-lichterman.217-160-28-49.plesk.page\/boutique\/"},{"@type":"ListItem","position":3,"name":"Jeu de 5 cl\u00e9s mixtes droites \u00e0 cliquet GEAR plus &#8211; sur support"}]},{"@type":"WebSite","@id":"https:\/\/exciting-lichterman.217-160-28-49.plesk.page\/#website","url":"https:\/\/exciting-lichterman.217-160-28-49.plesk.page\/","name":"K2group Distribution","description":"","publisher":{"@id":"https:\/\/exciting-lichterman.217-160-28-49.plesk.page\/#organization"},"potentialAction":[{"@type":"SearchAction","target":{"@type":"EntryPoint","urlTemplate":"https:\/\/exciting-lichterman.217-160-28-49.plesk.page\/?s={search_term_string}"},"query-input":{"@type":"PropertyValueSpecification","valueRequired":true,"valueName":"search_term_string"}}],"inLanguage":"de"},{"@type":"Organization","@id":"https:\/\/exciting-lichterman.217-160-28-49.plesk.page\/#organization","name":"K2group Distribution","url":"https:\/\/exciting-lichterman.217-160-28-49.plesk.page\/","logo":{"@type":"ImageObject","inLanguage":"de","@id":"https:\/\/exciting-lichterman.217-160-28-49.plesk.page\/#\/schema\/logo\/image\/","url":"https:\/\/exciting-lichterman.217-160-28-49.plesk.page\/wp-content\/uploads\/2022\/04\/logo-K2.png","contentUrl":"https:\/\/exciting-lichterman.217-160-28-49.plesk.page\/wp-content\/uploads\/2022\/04\/logo-K2.png","width":155,"height":66,"caption":"K2group Distribution"},"image":{"@id":"https:\/\/exciting-lichterman.217-160-28-49.plesk.page\/#\/schema\/logo\/image\/"}}]}},"_links":{"self":[{"href":"https:\/\/exciting-lichterman.217-160-28-49.plesk.page\/de\/wp-json\/wp\/v2\/product\/3890","targetHints":{"allow":["GET"]}}],"collection":[{"href":"https:\/\/exciting-lichterman.217-160-28-49.plesk.page\/de\/wp-json\/wp\/v2\/product"}],"about":[{"href":"https:\/\/exciting-lichterman.217-160-28-49.plesk.page\/de\/wp-json\/wp\/v2\/types\/product"}],"replies":[{"embeddable":true,"href":"https:\/\/exciting-lichterman.217-160-28-49.plesk.page\/de\/wp-json\/wp\/v2\/comments?post=3890"}],"version-history":[{"count":2,"href":"https:\/\/exciting-lichterman.217-160-28-49.plesk.page\/de\/wp-json\/wp\/v2\/product\/3890\/revisions"}],"predecessor-version":[{"id":20261,"href":"https:\/\/exciting-lichterman.217-160-28-49.plesk.page\/de\/wp-json\/wp\/v2\/product\/3890\/revisions\/20261"}],"wp:featuredmedia":[{"embeddable":true,"href":"https:\/\/exciting-lichterman.217-160-28-49.plesk.page\/de\/wp-json\/wp\/v2\/media\/20260"}],"wp:attachment":[{"href":"https:\/\/exciting-lichterman.217-160-28-49.plesk.page\/de\/wp-json\/wp\/v2\/media?parent=3890"}],"wp:term":[{"taxonomy":"product_brand","embeddable":true,"href":"https:\/\/exciting-lichterman.217-160-28-49.plesk.page\/de\/wp-json\/wp\/v2\/product_brand?post=3890"},{"taxonomy":"product_cat","embeddable":true,"href":"https:\/\/exciting-lichterman.217-160-28-49.plesk.page\/de\/wp-json\/wp\/v2\/product_cat?post=3890"},{"taxonomy":"product_tag","embeddable":true,"href":"https:\/\/exciting-lichterman.217-160-28-49.plesk.page\/de\/wp-json\/wp\/v2\/product_tag?post=3890"}],"curies":[{"name":"wp","href":"https:\/\/api.w.org\/{rel}","templated":true}]}}