{"id":3835,"date":"2020-10-13T11:43:15","date_gmt":"2020-10-13T11:43:15","guid":{"rendered":"https:\/\/practical-elbakyan.82-165-223-183.plesk.page\/index.php\/produit\/perforateur-sans-fil-sds-plus-te-4-a22\/"},"modified":"2024-05-31T08:45:29","modified_gmt":"2024-05-31T08:45:29","slug":"perforateur-sans-fil-sds-plus-te-4-a22","status":"publish","type":"product","link":"https:\/\/exciting-lichterman.217-160-28-49.plesk.page\/de\/produkt\/perforateur-sans-fil-sds-plus-te-4-a22\/","title":{"rendered":"Perforateur HILTI sans fil SDS-Plus TE 4-A22"},"content":{"rendered":"<p>Gr\u00e2ce \u00e0 sa construction robuste et sa conception sp\u00e9cifique, ce perforateur HILTI vous offre une performance \u00e9lev\u00e9e de forage sans fil. <\/p>\n<p>Ainsi, son rapport poids-puissance \u00e9lev\u00e9 et sa conception compacte permettent aux diff\u00e9rents utilisateurs de r\u00e9aliser leurs travaux de bricolage en toute simplicit\u00e9. <\/p>\n<p>De plus, le perforateur HILTI offre un per\u00e7age pratiquement sans poussi\u00e8re en combinaison avec le syst\u00e8me de r\u00e9cup\u00e9ration de poussi\u00e8re DRS-4-A. <\/p>\n<p>Fourni par un interrupteur \u00e9lectronique, cet outil vous offre un per\u00e7age pr\u00e9cis et de haute qualit\u00e9. <\/p>\n<p><strong>Sp\u00e9cifications:<\/strong><\/p>\n<p>\u2022Poign\u00e9e en D ergonomique pour une utilisation confortable sur de longues p\u00e9riodes<\/p>\n<p>\u2022Construction robuste et conception sp\u00e9cifique pour une performance \u00e9lev\u00e9e de forage sans fil<\/p>\n<p>\u2022Rapport poids-puissance \u00e9lev\u00e9 et conception compacte<\/p>\n<p>\u2022Per\u00e7age pratiquement sans poussi\u00e8re en combinaison avec le syst\u00e8me de r\u00e9cup\u00e9ration de poussi\u00e8re DRS-4-A<\/p>\n<p>\u2022Interrupteur \u00e9lectronique pour un per\u00e7age pr\u00e9cis<\/p>","protected":false},"excerpt":{"rendered":"<h2 style=\"font-family:Poppins;font-size:14px; font-weight:400!important; line-height:2\">Il s\u2019agit de Perforateur HILTI sans fil SDS-Plus TE 4-A22 utile pour tous types de bricolage. Dot\u00e9 d\u2019une poign\u00e9e en forme D ergonomique, cet outil permet de profiter d\u2019une utilisation confortable sur de longues p\u00e9riodes.<\/h2>","protected":false},"featured_media":3834,"comment_status":"open","ping_status":"closed","template":"","meta":{"_acf_changed":false},"product_brand":[],"product_cat":[73,65],"product_tag":[],"class_list":{"0":"post-3835","1":"product","2":"type-product","3":"status-publish","4":"has-post-thumbnail","6":"product_cat-outillage-electroportatif","7":"product_cat-outillages","9":"first","10":"outofstock","11":"taxable","12":"shipping-taxable","13":"purchasable","14":"product-type-simple"},"acf":[],"yoast_head":"<!-- This site is optimized with the Yoast SEO plugin v27.4 - https:\/\/yoast.com\/product\/yoast-seo-wordpress\/ -->\n<title>Perforateur HILTI sans fil SDS-Plus TE 4-A22 - K2group Distribution<\/title>\n<meta name=\"robots\" content=\"noindex, follow, max-snippet:-1, max-image-preview:large, max-video-preview:-1\" \/>\n<meta property=\"og:locale\" content=\"de_DE\" \/>\n<meta property=\"og:type\" content=\"article\" \/>\n<meta property=\"og:title\" content=\"Perforateur HILTI sans fil SDS-Plus TE 4-A22 - K2group Distribution\" \/>\n<meta property=\"og:description\" content=\"Il s\u2019agit de Perforateur HILTI sans fil SDS-Plus TE 4-A22 utile pour tous types de bricolage. Dot\u00e9 d\u2019une poign\u00e9e en forme D ergonomique, cet outil permet de profiter d\u2019une utilisation confortable sur de longues p\u00e9riodes.\" \/>\n<meta property=\"og:url\" content=\"https:\/\/exciting-lichterman.217-160-28-49.plesk.page\/de\/produkt\/perforateur-sans-fil-sds-plus-te-4-a22\/\" \/>\n<meta property=\"og:site_name\" content=\"K2group Distribution\" \/>\n<meta property=\"article:modified_time\" content=\"2024-05-31T08:45:29+00:00\" \/>\n<meta property=\"og:image\" content=\"https:\/\/exciting-lichterman.217-160-28-49.plesk.page\/wp-content\/uploads\/2020\/10\/503-Perforateur-sans-fil-SDS-Plus-TE-4-A22-HILTI.jpg\" \/>\n\t<meta property=\"og:image:width\" content=\"1006\" \/>\n\t<meta property=\"og:image:height\" content=\"1000\" \/>\n\t<meta property=\"og:image:type\" content=\"image\/jpeg\" \/>\n<meta name=\"twitter:card\" content=\"summary_large_image\" \/>\n<meta name=\"twitter:label1\" content=\"Gesch\u00e4tzte Lesezeit\" \/>\n\t<meta name=\"twitter:data1\" content=\"1\u00a0Minute\" \/>\n<script type=\"application\/ld+json\" class=\"yoast-schema-graph\">{\"@context\":\"https:\\\/\\\/schema.org\",\"@graph\":[{\"@type\":\"WebPage\",\"@id\":\"https:\\\/\\\/exciting-lichterman.217-160-28-49.plesk.page\\\/produit\\\/perforateur-sans-fil-sds-plus-te-4-a22\\\/\",\"url\":\"https:\\\/\\\/exciting-lichterman.217-160-28-49.plesk.page\\\/produit\\\/perforateur-sans-fil-sds-plus-te-4-a22\\\/\",\"name\":\"Perforateur HILTI sans fil SDS-Plus TE 4-A22 - K2group Distribution\",\"isPartOf\":{\"@id\":\"https:\\\/\\\/exciting-lichterman.217-160-28-49.plesk.page\\\/#website\"},\"primaryImageOfPage\":{\"@id\":\"https:\\\/\\\/exciting-lichterman.217-160-28-49.plesk.page\\\/produit\\\/perforateur-sans-fil-sds-plus-te-4-a22\\\/#primaryimage\"},\"image\":{\"@id\":\"https:\\\/\\\/exciting-lichterman.217-160-28-49.plesk.page\\\/produit\\\/perforateur-sans-fil-sds-plus-te-4-a22\\\/#primaryimage\"},\"thumbnailUrl\":\"https:\\\/\\\/exciting-lichterman.217-160-28-49.plesk.page\\\/wp-content\\\/uploads\\\/2020\\\/10\\\/503-Perforateur-sans-fil-SDS-Plus-TE-4-A22-HILTI.jpg\",\"datePublished\":\"2020-10-13T11:43:15+00:00\",\"dateModified\":\"2024-05-31T08:45:29+00:00\",\"breadcrumb\":{\"@id\":\"https:\\\/\\\/exciting-lichterman.217-160-28-49.plesk.page\\\/produit\\\/perforateur-sans-fil-sds-plus-te-4-a22\\\/#breadcrumb\"},\"inLanguage\":\"de\",\"potentialAction\":[{\"@type\":\"ReadAction\",\"target\":[\"https:\\\/\\\/exciting-lichterman.217-160-28-49.plesk.page\\\/produit\\\/perforateur-sans-fil-sds-plus-te-4-a22\\\/\"]}]},{\"@type\":\"ImageObject\",\"inLanguage\":\"de\",\"@id\":\"https:\\\/\\\/exciting-lichterman.217-160-28-49.plesk.page\\\/produit\\\/perforateur-sans-fil-sds-plus-te-4-a22\\\/#primaryimage\",\"url\":\"https:\\\/\\\/exciting-lichterman.217-160-28-49.plesk.page\\\/wp-content\\\/uploads\\\/2020\\\/10\\\/503-Perforateur-sans-fil-SDS-Plus-TE-4-A22-HILTI.jpg\",\"contentUrl\":\"https:\\\/\\\/exciting-lichterman.217-160-28-49.plesk.page\\\/wp-content\\\/uploads\\\/2020\\\/10\\\/503-Perforateur-sans-fil-SDS-Plus-TE-4-A22-HILTI.jpg\",\"width\":1006,\"height\":1000,\"caption\":\"Perforateur sans fil SDS-Plus TE 4-A22 HILTI\"},{\"@type\":\"BreadcrumbList\",\"@id\":\"https:\\\/\\\/exciting-lichterman.217-160-28-49.plesk.page\\\/produit\\\/perforateur-sans-fil-sds-plus-te-4-a22\\\/#breadcrumb\",\"itemListElement\":[{\"@type\":\"ListItem\",\"position\":1,\"name\":\"Accueil\",\"item\":\"https:\\\/\\\/exciting-lichterman.217-160-28-49.plesk.page\\\/\"},{\"@type\":\"ListItem\",\"position\":2,\"name\":\"Boutique\",\"item\":\"https:\\\/\\\/exciting-lichterman.217-160-28-49.plesk.page\\\/boutique\\\/\"},{\"@type\":\"ListItem\",\"position\":3,\"name\":\"Perforateur HILTI sans fil SDS-Plus TE 4-A22\"}]},{\"@type\":\"WebSite\",\"@id\":\"https:\\\/\\\/exciting-lichterman.217-160-28-49.plesk.page\\\/#website\",\"url\":\"https:\\\/\\\/exciting-lichterman.217-160-28-49.plesk.page\\\/\",\"name\":\"K2group Distribution\",\"description\":\"\",\"publisher\":{\"@id\":\"https:\\\/\\\/exciting-lichterman.217-160-28-49.plesk.page\\\/#organization\"},\"potentialAction\":[{\"@type\":\"SearchAction\",\"target\":{\"@type\":\"EntryPoint\",\"urlTemplate\":\"https:\\\/\\\/exciting-lichterman.217-160-28-49.plesk.page\\\/?s={search_term_string}\"},\"query-input\":{\"@type\":\"PropertyValueSpecification\",\"valueRequired\":true,\"valueName\":\"search_term_string\"}}],\"inLanguage\":\"de\"},{\"@type\":\"Organization\",\"@id\":\"https:\\\/\\\/exciting-lichterman.217-160-28-49.plesk.page\\\/#organization\",\"name\":\"K2group Distribution\",\"url\":\"https:\\\/\\\/exciting-lichterman.217-160-28-49.plesk.page\\\/\",\"logo\":{\"@type\":\"ImageObject\",\"inLanguage\":\"de\",\"@id\":\"https:\\\/\\\/exciting-lichterman.217-160-28-49.plesk.page\\\/#\\\/schema\\\/logo\\\/image\\\/\",\"url\":\"https:\\\/\\\/exciting-lichterman.217-160-28-49.plesk.page\\\/wp-content\\\/uploads\\\/2022\\\/04\\\/logo-K2.png\",\"contentUrl\":\"https:\\\/\\\/exciting-lichterman.217-160-28-49.plesk.page\\\/wp-content\\\/uploads\\\/2022\\\/04\\\/logo-K2.png\",\"width\":155,\"height\":66,\"caption\":\"K2group Distribution\"},\"image\":{\"@id\":\"https:\\\/\\\/exciting-lichterman.217-160-28-49.plesk.page\\\/#\\\/schema\\\/logo\\\/image\\\/\"}}]}<\/script>\n<!-- \/ Yoast SEO plugin. -->","yoast_head_json":{"title":"Perforateur HILTI sans fil SDS-Plus TE 4-A22 - K2group Distribution","robots":{"index":"noindex","follow":"follow","max-snippet":"max-snippet:-1","max-image-preview":"max-image-preview:large","max-video-preview":"max-video-preview:-1"},"og_locale":"de_DE","og_type":"article","og_title":"Perforateur HILTI sans fil SDS-Plus TE 4-A22 - K2group Distribution","og_description":"Il s\u2019agit de Perforateur HILTI sans fil SDS-Plus TE 4-A22 utile pour tous types de bricolage. Dot\u00e9 d\u2019une poign\u00e9e en forme D ergonomique, cet outil permet de profiter d\u2019une utilisation confortable sur de longues p\u00e9riodes.","og_url":"https:\/\/exciting-lichterman.217-160-28-49.plesk.page\/de\/produkt\/perforateur-sans-fil-sds-plus-te-4-a22\/","og_site_name":"K2group Distribution","article_modified_time":"2024-05-31T08:45:29+00:00","og_image":[{"width":1006,"height":1000,"url":"https:\/\/exciting-lichterman.217-160-28-49.plesk.page\/wp-content\/uploads\/2020\/10\/503-Perforateur-sans-fil-SDS-Plus-TE-4-A22-HILTI.jpg","type":"image\/jpeg"}],"twitter_card":"summary_large_image","twitter_misc":{"Gesch\u00e4tzte Lesezeit":"1\u00a0Minute"},"schema":{"@context":"https:\/\/schema.org","@graph":[{"@type":"WebPage","@id":"https:\/\/exciting-lichterman.217-160-28-49.plesk.page\/produit\/perforateur-sans-fil-sds-plus-te-4-a22\/","url":"https:\/\/exciting-lichterman.217-160-28-49.plesk.page\/produit\/perforateur-sans-fil-sds-plus-te-4-a22\/","name":"Perforateur HILTI sans fil SDS-Plus TE 4-A22 - K2group Distribution","isPartOf":{"@id":"https:\/\/exciting-lichterman.217-160-28-49.plesk.page\/#website"},"primaryImageOfPage":{"@id":"https:\/\/exciting-lichterman.217-160-28-49.plesk.page\/produit\/perforateur-sans-fil-sds-plus-te-4-a22\/#primaryimage"},"image":{"@id":"https:\/\/exciting-lichterman.217-160-28-49.plesk.page\/produit\/perforateur-sans-fil-sds-plus-te-4-a22\/#primaryimage"},"thumbnailUrl":"https:\/\/exciting-lichterman.217-160-28-49.plesk.page\/wp-content\/uploads\/2020\/10\/503-Perforateur-sans-fil-SDS-Plus-TE-4-A22-HILTI.jpg","datePublished":"2020-10-13T11:43:15+00:00","dateModified":"2024-05-31T08:45:29+00:00","breadcrumb":{"@id":"https:\/\/exciting-lichterman.217-160-28-49.plesk.page\/produit\/perforateur-sans-fil-sds-plus-te-4-a22\/#breadcrumb"},"inLanguage":"de","potentialAction":[{"@type":"ReadAction","target":["https:\/\/exciting-lichterman.217-160-28-49.plesk.page\/produit\/perforateur-sans-fil-sds-plus-te-4-a22\/"]}]},{"@type":"ImageObject","inLanguage":"de","@id":"https:\/\/exciting-lichterman.217-160-28-49.plesk.page\/produit\/perforateur-sans-fil-sds-plus-te-4-a22\/#primaryimage","url":"https:\/\/exciting-lichterman.217-160-28-49.plesk.page\/wp-content\/uploads\/2020\/10\/503-Perforateur-sans-fil-SDS-Plus-TE-4-A22-HILTI.jpg","contentUrl":"https:\/\/exciting-lichterman.217-160-28-49.plesk.page\/wp-content\/uploads\/2020\/10\/503-Perforateur-sans-fil-SDS-Plus-TE-4-A22-HILTI.jpg","width":1006,"height":1000,"caption":"Perforateur sans fil SDS-Plus TE 4-A22 HILTI"},{"@type":"BreadcrumbList","@id":"https:\/\/exciting-lichterman.217-160-28-49.plesk.page\/produit\/perforateur-sans-fil-sds-plus-te-4-a22\/#breadcrumb","itemListElement":[{"@type":"ListItem","position":1,"name":"Accueil","item":"https:\/\/exciting-lichterman.217-160-28-49.plesk.page\/"},{"@type":"ListItem","position":2,"name":"Boutique","item":"https:\/\/exciting-lichterman.217-160-28-49.plesk.page\/boutique\/"},{"@type":"ListItem","position":3,"name":"Perforateur HILTI sans fil SDS-Plus TE 4-A22"}]},{"@type":"WebSite","@id":"https:\/\/exciting-lichterman.217-160-28-49.plesk.page\/#website","url":"https:\/\/exciting-lichterman.217-160-28-49.plesk.page\/","name":"K2group Distribution","description":"","publisher":{"@id":"https:\/\/exciting-lichterman.217-160-28-49.plesk.page\/#organization"},"potentialAction":[{"@type":"SearchAction","target":{"@type":"EntryPoint","urlTemplate":"https:\/\/exciting-lichterman.217-160-28-49.plesk.page\/?s={search_term_string}"},"query-input":{"@type":"PropertyValueSpecification","valueRequired":true,"valueName":"search_term_string"}}],"inLanguage":"de"},{"@type":"Organization","@id":"https:\/\/exciting-lichterman.217-160-28-49.plesk.page\/#organization","name":"K2group Distribution","url":"https:\/\/exciting-lichterman.217-160-28-49.plesk.page\/","logo":{"@type":"ImageObject","inLanguage":"de","@id":"https:\/\/exciting-lichterman.217-160-28-49.plesk.page\/#\/schema\/logo\/image\/","url":"https:\/\/exciting-lichterman.217-160-28-49.plesk.page\/wp-content\/uploads\/2022\/04\/logo-K2.png","contentUrl":"https:\/\/exciting-lichterman.217-160-28-49.plesk.page\/wp-content\/uploads\/2022\/04\/logo-K2.png","width":155,"height":66,"caption":"K2group Distribution"},"image":{"@id":"https:\/\/exciting-lichterman.217-160-28-49.plesk.page\/#\/schema\/logo\/image\/"}}]}},"_links":{"self":[{"href":"https:\/\/exciting-lichterman.217-160-28-49.plesk.page\/de\/wp-json\/wp\/v2\/product\/3835","targetHints":{"allow":["GET"]}}],"collection":[{"href":"https:\/\/exciting-lichterman.217-160-28-49.plesk.page\/de\/wp-json\/wp\/v2\/product"}],"about":[{"href":"https:\/\/exciting-lichterman.217-160-28-49.plesk.page\/de\/wp-json\/wp\/v2\/types\/product"}],"replies":[{"embeddable":true,"href":"https:\/\/exciting-lichterman.217-160-28-49.plesk.page\/de\/wp-json\/wp\/v2\/comments?post=3835"}],"version-history":[{"count":8,"href":"https:\/\/exciting-lichterman.217-160-28-49.plesk.page\/de\/wp-json\/wp\/v2\/product\/3835\/revisions"}],"predecessor-version":[{"id":18193,"href":"https:\/\/exciting-lichterman.217-160-28-49.plesk.page\/de\/wp-json\/wp\/v2\/product\/3835\/revisions\/18193"}],"wp:featuredmedia":[{"embeddable":true,"href":"https:\/\/exciting-lichterman.217-160-28-49.plesk.page\/de\/wp-json\/wp\/v2\/media\/3834"}],"wp:attachment":[{"href":"https:\/\/exciting-lichterman.217-160-28-49.plesk.page\/de\/wp-json\/wp\/v2\/media?parent=3835"}],"wp:term":[{"taxonomy":"product_brand","embeddable":true,"href":"https:\/\/exciting-lichterman.217-160-28-49.plesk.page\/de\/wp-json\/wp\/v2\/product_brand?post=3835"},{"taxonomy":"product_cat","embeddable":true,"href":"https:\/\/exciting-lichterman.217-160-28-49.plesk.page\/de\/wp-json\/wp\/v2\/product_cat?post=3835"},{"taxonomy":"product_tag","embeddable":true,"href":"https:\/\/exciting-lichterman.217-160-28-49.plesk.page\/de\/wp-json\/wp\/v2\/product_tag?post=3835"}],"curies":[{"name":"wp","href":"https:\/\/api.w.org\/{rel}","templated":true}]}}