{"id":3810,"date":"2020-10-12T10:20:54","date_gmt":"2020-10-12T10:20:54","guid":{"rendered":"https:\/\/practical-elbakyan.82-165-223-183.plesk.page\/index.php\/produit\/jeu-de-9-cles-males-6-pans-tete-spherique-vis-abimees\/"},"modified":"2024-12-02T09:02:39","modified_gmt":"2024-12-02T09:02:39","slug":"jeu-de-9-cles-males-6-pans-tete-spherique-vis-abimees","status":"publish","type":"product","link":"https:\/\/exciting-lichterman.217-160-28-49.plesk.page\/de\/produkt\/jeu-de-9-cles-males-6-pans-tete-spherique-vis-abimees\/","title":{"rendered":"Jeu de 9 cl\u00e9s m\u00e2les 6 pans, t\u00eate sph\u00e9rique + vis abim\u00e9es"},"content":{"rendered":"<p>Chaque cl\u00e9 est sp\u00e9cialement con\u00e7ue pour s&rsquo;adapter aux empreintes de vis ab\u00eem\u00e9es, permettant ainsi un retrait ou un serrage efficace m\u00eame dans des conditions difficiles.<\/p>\n<p>La partie courte de chaque cl\u00e9 est sp\u00e9cialement con\u00e7ue pour s&rsquo;adapter aux empreintes de vis ab\u00eem\u00e9es, offrant une prise solide et s\u00e9curis\u00e9e. De plus, la partie longue de chaque cl\u00e9 est dot\u00e9e d&rsquo;une t\u00eate sph\u00e9rique. Cela permet une flexibilit\u00e9 accrue lors de l&rsquo;utilisation dans des espaces restreints ou des angles difficiles d&rsquo;acc\u00e8s. La t\u00eate sph\u00e9rique permet d&rsquo;ajuster l&rsquo;angle de travail, offrant une meilleure maniabilit\u00e9 et une plus grande facilit\u00e9 d&rsquo;utilisation.<\/p>\n<p>Cet ensemble de 9 cl\u00e9s est accompagn\u00e9 d&rsquo;un \u00e9tui de rangement pratique. L&rsquo;\u00e9tui vous permet de garder les cl\u00e9s organis\u00e9es et \u00e0 port\u00e9e de main, tout en les prot\u00e9geant contre la corrosion et les dommages.<\/p>\n<p><strong>Sp\u00e9cifications:<\/strong><\/p>\n<p>Id\u00e9als pour vis difficilement accessibles<\/p>","protected":false},"excerpt":{"rendered":"<h2 style=\"font-family:Poppins;font-size:14px; font-weight:400!important; line-height:2\">     Ce Jeu de 9 cl\u00e9s m\u00e2les 6 pans, un ensemble indispensable pour les situations o\u00f9 les vis sont endommag\u00e9es.<\/h2>\n<p style=\"font-family:Poppins;font-size:14px; font-weight:400!important; line-height:2\">    Ces cl\u00e9s sont conformes aux normes DIN \/ ISO 2936 et fabriqu\u00e9es en acier tremp\u00e9 ce qui offre une durabilit\u00e9 et une r\u00e9sistance exceptionnelle.<\/p>","protected":false},"featured_media":20222,"comment_status":"open","ping_status":"closed","template":"","meta":{"_acf_changed":false},"product_brand":[],"product_cat":[70,65],"product_tag":[],"class_list":{"0":"post-3810","1":"product","2":"type-product","3":"status-publish","4":"has-post-thumbnail","6":"product_cat-outillage-a-main","7":"product_cat-outillages","9":"first","10":"instock","11":"taxable","12":"shipping-taxable","13":"purchasable","14":"product-type-simple"},"acf":[],"yoast_head":"<!-- This site is optimized with the Yoast SEO plugin v27.4 - https:\/\/yoast.com\/product\/yoast-seo-wordpress\/ -->\n<title>Jeu de 9 cl\u00e9s m\u00e2les 6 pans, t\u00eate sph\u00e9rique + vis abim\u00e9es - K2group Distribution<\/title>\n<meta name=\"robots\" content=\"noindex, follow, max-snippet:-1, max-image-preview:large, max-video-preview:-1\" \/>\n<meta property=\"og:locale\" content=\"de_DE\" \/>\n<meta property=\"og:type\" content=\"article\" \/>\n<meta property=\"og:title\" content=\"Jeu de 9 cl\u00e9s m\u00e2les 6 pans, t\u00eate sph\u00e9rique + vis abim\u00e9es - K2group Distribution\" \/>\n<meta property=\"og:description\" content=\"Ce Jeu de 9 cl\u00e9s m\u00e2les 6 pans, un ensemble indispensable pour les situations o\u00f9 les vis sont endommag\u00e9es.   Ces cl\u00e9s sont conformes aux normes DIN \/ ISO 2936 et fabriqu\u00e9es en acier tremp\u00e9 ce qui offre une durabilit\u00e9 et une r\u00e9sistance exceptionnelle.\" \/>\n<meta property=\"og:url\" content=\"https:\/\/exciting-lichterman.217-160-28-49.plesk.page\/de\/produkt\/jeu-de-9-cles-males-6-pans-tete-spherique-vis-abimees\/\" \/>\n<meta property=\"og:site_name\" content=\"K2group Distribution\" \/>\n<meta property=\"article:modified_time\" content=\"2024-12-02T09:02:39+00:00\" \/>\n<meta property=\"og:image\" content=\"https:\/\/exciting-lichterman.217-160-28-49.plesk.page\/wp-content\/uploads\/2020\/10\/657-Jeu-de-9-cles-males-6-pans-KSTOOLS-tete-spherique-vis-abimees.jpg\" \/>\n\t<meta property=\"og:image:width\" content=\"1006\" \/>\n\t<meta property=\"og:image:height\" content=\"1000\" \/>\n\t<meta property=\"og:image:type\" content=\"image\/jpeg\" \/>\n<meta name=\"twitter:card\" content=\"summary_large_image\" \/>\n<meta name=\"twitter:label1\" content=\"Gesch\u00e4tzte Lesezeit\" \/>\n\t<meta name=\"twitter:data1\" content=\"1\u00a0Minute\" \/>\n<script type=\"application\/ld+json\" class=\"yoast-schema-graph\">{\"@context\":\"https:\\\/\\\/schema.org\",\"@graph\":[{\"@type\":\"WebPage\",\"@id\":\"https:\\\/\\\/exciting-lichterman.217-160-28-49.plesk.page\\\/produit\\\/jeu-de-9-cles-males-6-pans-tete-spherique-vis-abimees\\\/\",\"url\":\"https:\\\/\\\/exciting-lichterman.217-160-28-49.plesk.page\\\/produit\\\/jeu-de-9-cles-males-6-pans-tete-spherique-vis-abimees\\\/\",\"name\":\"Jeu de 9 cl\u00e9s m\u00e2les 6 pans, t\u00eate sph\u00e9rique + vis abim\u00e9es - K2group Distribution\",\"isPartOf\":{\"@id\":\"https:\\\/\\\/exciting-lichterman.217-160-28-49.plesk.page\\\/#website\"},\"primaryImageOfPage\":{\"@id\":\"https:\\\/\\\/exciting-lichterman.217-160-28-49.plesk.page\\\/produit\\\/jeu-de-9-cles-males-6-pans-tete-spherique-vis-abimees\\\/#primaryimage\"},\"image\":{\"@id\":\"https:\\\/\\\/exciting-lichterman.217-160-28-49.plesk.page\\\/produit\\\/jeu-de-9-cles-males-6-pans-tete-spherique-vis-abimees\\\/#primaryimage\"},\"thumbnailUrl\":\"https:\\\/\\\/exciting-lichterman.217-160-28-49.plesk.page\\\/wp-content\\\/uploads\\\/2024\\\/03\\\/657-Jeu-de-9-cles-males-6-pans-KSTOOLS-tete-spherique-vis-abimees.jpg\",\"datePublished\":\"2020-10-12T10:20:54+00:00\",\"dateModified\":\"2024-12-02T09:02:39+00:00\",\"breadcrumb\":{\"@id\":\"https:\\\/\\\/exciting-lichterman.217-160-28-49.plesk.page\\\/produit\\\/jeu-de-9-cles-males-6-pans-tete-spherique-vis-abimees\\\/#breadcrumb\"},\"inLanguage\":\"de\",\"potentialAction\":[{\"@type\":\"ReadAction\",\"target\":[\"https:\\\/\\\/exciting-lichterman.217-160-28-49.plesk.page\\\/produit\\\/jeu-de-9-cles-males-6-pans-tete-spherique-vis-abimees\\\/\"]}]},{\"@type\":\"ImageObject\",\"inLanguage\":\"de\",\"@id\":\"https:\\\/\\\/exciting-lichterman.217-160-28-49.plesk.page\\\/produit\\\/jeu-de-9-cles-males-6-pans-tete-spherique-vis-abimees\\\/#primaryimage\",\"url\":\"https:\\\/\\\/exciting-lichterman.217-160-28-49.plesk.page\\\/wp-content\\\/uploads\\\/2024\\\/03\\\/657-Jeu-de-9-cles-males-6-pans-KSTOOLS-tete-spherique-vis-abimees.jpg\",\"contentUrl\":\"https:\\\/\\\/exciting-lichterman.217-160-28-49.plesk.page\\\/wp-content\\\/uploads\\\/2024\\\/03\\\/657-Jeu-de-9-cles-males-6-pans-KSTOOLS-tete-spherique-vis-abimees.jpg\",\"width\":1006,\"height\":1000},{\"@type\":\"BreadcrumbList\",\"@id\":\"https:\\\/\\\/exciting-lichterman.217-160-28-49.plesk.page\\\/produit\\\/jeu-de-9-cles-males-6-pans-tete-spherique-vis-abimees\\\/#breadcrumb\",\"itemListElement\":[{\"@type\":\"ListItem\",\"position\":1,\"name\":\"Accueil\",\"item\":\"https:\\\/\\\/exciting-lichterman.217-160-28-49.plesk.page\\\/\"},{\"@type\":\"ListItem\",\"position\":2,\"name\":\"Boutique\",\"item\":\"https:\\\/\\\/exciting-lichterman.217-160-28-49.plesk.page\\\/boutique\\\/\"},{\"@type\":\"ListItem\",\"position\":3,\"name\":\"Jeu de 9 cl\u00e9s m\u00e2les 6 pans, t\u00eate sph\u00e9rique + vis abim\u00e9es\"}]},{\"@type\":\"WebSite\",\"@id\":\"https:\\\/\\\/exciting-lichterman.217-160-28-49.plesk.page\\\/#website\",\"url\":\"https:\\\/\\\/exciting-lichterman.217-160-28-49.plesk.page\\\/\",\"name\":\"K2group Distribution\",\"description\":\"\",\"publisher\":{\"@id\":\"https:\\\/\\\/exciting-lichterman.217-160-28-49.plesk.page\\\/#organization\"},\"potentialAction\":[{\"@type\":\"SearchAction\",\"target\":{\"@type\":\"EntryPoint\",\"urlTemplate\":\"https:\\\/\\\/exciting-lichterman.217-160-28-49.plesk.page\\\/?s={search_term_string}\"},\"query-input\":{\"@type\":\"PropertyValueSpecification\",\"valueRequired\":true,\"valueName\":\"search_term_string\"}}],\"inLanguage\":\"de\"},{\"@type\":\"Organization\",\"@id\":\"https:\\\/\\\/exciting-lichterman.217-160-28-49.plesk.page\\\/#organization\",\"name\":\"K2group Distribution\",\"url\":\"https:\\\/\\\/exciting-lichterman.217-160-28-49.plesk.page\\\/\",\"logo\":{\"@type\":\"ImageObject\",\"inLanguage\":\"de\",\"@id\":\"https:\\\/\\\/exciting-lichterman.217-160-28-49.plesk.page\\\/#\\\/schema\\\/logo\\\/image\\\/\",\"url\":\"https:\\\/\\\/exciting-lichterman.217-160-28-49.plesk.page\\\/wp-content\\\/uploads\\\/2022\\\/04\\\/logo-K2.png\",\"contentUrl\":\"https:\\\/\\\/exciting-lichterman.217-160-28-49.plesk.page\\\/wp-content\\\/uploads\\\/2022\\\/04\\\/logo-K2.png\",\"width\":155,\"height\":66,\"caption\":\"K2group Distribution\"},\"image\":{\"@id\":\"https:\\\/\\\/exciting-lichterman.217-160-28-49.plesk.page\\\/#\\\/schema\\\/logo\\\/image\\\/\"}}]}<\/script>\n<!-- \/ Yoast SEO plugin. -->","yoast_head_json":{"title":"Jeu de 9 cl\u00e9s m\u00e2les 6 pans, t\u00eate sph\u00e9rique + vis abim\u00e9es - K2group Distribution","robots":{"index":"noindex","follow":"follow","max-snippet":"max-snippet:-1","max-image-preview":"max-image-preview:large","max-video-preview":"max-video-preview:-1"},"og_locale":"de_DE","og_type":"article","og_title":"Jeu de 9 cl\u00e9s m\u00e2les 6 pans, t\u00eate sph\u00e9rique + vis abim\u00e9es - K2group Distribution","og_description":"Ce Jeu de 9 cl\u00e9s m\u00e2les 6 pans, un ensemble indispensable pour les situations o\u00f9 les vis sont endommag\u00e9es.   Ces cl\u00e9s sont conformes aux normes DIN \/ ISO 2936 et fabriqu\u00e9es en acier tremp\u00e9 ce qui offre une durabilit\u00e9 et une r\u00e9sistance exceptionnelle.","og_url":"https:\/\/exciting-lichterman.217-160-28-49.plesk.page\/de\/produkt\/jeu-de-9-cles-males-6-pans-tete-spherique-vis-abimees\/","og_site_name":"K2group Distribution","article_modified_time":"2024-12-02T09:02:39+00:00","og_image":[{"width":1006,"height":1000,"url":"https:\/\/exciting-lichterman.217-160-28-49.plesk.page\/wp-content\/uploads\/2020\/10\/657-Jeu-de-9-cles-males-6-pans-KSTOOLS-tete-spherique-vis-abimees.jpg","type":"image\/jpeg"}],"twitter_card":"summary_large_image","twitter_misc":{"Gesch\u00e4tzte Lesezeit":"1\u00a0Minute"},"schema":{"@context":"https:\/\/schema.org","@graph":[{"@type":"WebPage","@id":"https:\/\/exciting-lichterman.217-160-28-49.plesk.page\/produit\/jeu-de-9-cles-males-6-pans-tete-spherique-vis-abimees\/","url":"https:\/\/exciting-lichterman.217-160-28-49.plesk.page\/produit\/jeu-de-9-cles-males-6-pans-tete-spherique-vis-abimees\/","name":"Jeu de 9 cl\u00e9s m\u00e2les 6 pans, t\u00eate sph\u00e9rique + vis abim\u00e9es - K2group Distribution","isPartOf":{"@id":"https:\/\/exciting-lichterman.217-160-28-49.plesk.page\/#website"},"primaryImageOfPage":{"@id":"https:\/\/exciting-lichterman.217-160-28-49.plesk.page\/produit\/jeu-de-9-cles-males-6-pans-tete-spherique-vis-abimees\/#primaryimage"},"image":{"@id":"https:\/\/exciting-lichterman.217-160-28-49.plesk.page\/produit\/jeu-de-9-cles-males-6-pans-tete-spherique-vis-abimees\/#primaryimage"},"thumbnailUrl":"https:\/\/exciting-lichterman.217-160-28-49.plesk.page\/wp-content\/uploads\/2024\/03\/657-Jeu-de-9-cles-males-6-pans-KSTOOLS-tete-spherique-vis-abimees.jpg","datePublished":"2020-10-12T10:20:54+00:00","dateModified":"2024-12-02T09:02:39+00:00","breadcrumb":{"@id":"https:\/\/exciting-lichterman.217-160-28-49.plesk.page\/produit\/jeu-de-9-cles-males-6-pans-tete-spherique-vis-abimees\/#breadcrumb"},"inLanguage":"de","potentialAction":[{"@type":"ReadAction","target":["https:\/\/exciting-lichterman.217-160-28-49.plesk.page\/produit\/jeu-de-9-cles-males-6-pans-tete-spherique-vis-abimees\/"]}]},{"@type":"ImageObject","inLanguage":"de","@id":"https:\/\/exciting-lichterman.217-160-28-49.plesk.page\/produit\/jeu-de-9-cles-males-6-pans-tete-spherique-vis-abimees\/#primaryimage","url":"https:\/\/exciting-lichterman.217-160-28-49.plesk.page\/wp-content\/uploads\/2024\/03\/657-Jeu-de-9-cles-males-6-pans-KSTOOLS-tete-spherique-vis-abimees.jpg","contentUrl":"https:\/\/exciting-lichterman.217-160-28-49.plesk.page\/wp-content\/uploads\/2024\/03\/657-Jeu-de-9-cles-males-6-pans-KSTOOLS-tete-spherique-vis-abimees.jpg","width":1006,"height":1000},{"@type":"BreadcrumbList","@id":"https:\/\/exciting-lichterman.217-160-28-49.plesk.page\/produit\/jeu-de-9-cles-males-6-pans-tete-spherique-vis-abimees\/#breadcrumb","itemListElement":[{"@type":"ListItem","position":1,"name":"Accueil","item":"https:\/\/exciting-lichterman.217-160-28-49.plesk.page\/"},{"@type":"ListItem","position":2,"name":"Boutique","item":"https:\/\/exciting-lichterman.217-160-28-49.plesk.page\/boutique\/"},{"@type":"ListItem","position":3,"name":"Jeu de 9 cl\u00e9s m\u00e2les 6 pans, t\u00eate sph\u00e9rique + vis abim\u00e9es"}]},{"@type":"WebSite","@id":"https:\/\/exciting-lichterman.217-160-28-49.plesk.page\/#website","url":"https:\/\/exciting-lichterman.217-160-28-49.plesk.page\/","name":"K2group Distribution","description":"","publisher":{"@id":"https:\/\/exciting-lichterman.217-160-28-49.plesk.page\/#organization"},"potentialAction":[{"@type":"SearchAction","target":{"@type":"EntryPoint","urlTemplate":"https:\/\/exciting-lichterman.217-160-28-49.plesk.page\/?s={search_term_string}"},"query-input":{"@type":"PropertyValueSpecification","valueRequired":true,"valueName":"search_term_string"}}],"inLanguage":"de"},{"@type":"Organization","@id":"https:\/\/exciting-lichterman.217-160-28-49.plesk.page\/#organization","name":"K2group Distribution","url":"https:\/\/exciting-lichterman.217-160-28-49.plesk.page\/","logo":{"@type":"ImageObject","inLanguage":"de","@id":"https:\/\/exciting-lichterman.217-160-28-49.plesk.page\/#\/schema\/logo\/image\/","url":"https:\/\/exciting-lichterman.217-160-28-49.plesk.page\/wp-content\/uploads\/2022\/04\/logo-K2.png","contentUrl":"https:\/\/exciting-lichterman.217-160-28-49.plesk.page\/wp-content\/uploads\/2022\/04\/logo-K2.png","width":155,"height":66,"caption":"K2group Distribution"},"image":{"@id":"https:\/\/exciting-lichterman.217-160-28-49.plesk.page\/#\/schema\/logo\/image\/"}}]}},"_links":{"self":[{"href":"https:\/\/exciting-lichterman.217-160-28-49.plesk.page\/de\/wp-json\/wp\/v2\/product\/3810","targetHints":{"allow":["GET"]}}],"collection":[{"href":"https:\/\/exciting-lichterman.217-160-28-49.plesk.page\/de\/wp-json\/wp\/v2\/product"}],"about":[{"href":"https:\/\/exciting-lichterman.217-160-28-49.plesk.page\/de\/wp-json\/wp\/v2\/types\/product"}],"replies":[{"embeddable":true,"href":"https:\/\/exciting-lichterman.217-160-28-49.plesk.page\/de\/wp-json\/wp\/v2\/comments?post=3810"}],"version-history":[{"count":3,"href":"https:\/\/exciting-lichterman.217-160-28-49.plesk.page\/de\/wp-json\/wp\/v2\/product\/3810\/revisions"}],"predecessor-version":[{"id":18324,"href":"https:\/\/exciting-lichterman.217-160-28-49.plesk.page\/de\/wp-json\/wp\/v2\/product\/3810\/revisions\/18324"}],"wp:featuredmedia":[{"embeddable":true,"href":"https:\/\/exciting-lichterman.217-160-28-49.plesk.page\/de\/wp-json\/wp\/v2\/media\/20222"}],"wp:attachment":[{"href":"https:\/\/exciting-lichterman.217-160-28-49.plesk.page\/de\/wp-json\/wp\/v2\/media?parent=3810"}],"wp:term":[{"taxonomy":"product_brand","embeddable":true,"href":"https:\/\/exciting-lichterman.217-160-28-49.plesk.page\/de\/wp-json\/wp\/v2\/product_brand?post=3810"},{"taxonomy":"product_cat","embeddable":true,"href":"https:\/\/exciting-lichterman.217-160-28-49.plesk.page\/de\/wp-json\/wp\/v2\/product_cat?post=3810"},{"taxonomy":"product_tag","embeddable":true,"href":"https:\/\/exciting-lichterman.217-160-28-49.plesk.page\/de\/wp-json\/wp\/v2\/product_tag?post=3810"}],"curies":[{"name":"wp","href":"https:\/\/api.w.org\/{rel}","templated":true}]}}