{"id":3757,"date":"2020-10-09T16:16:49","date_gmt":"2020-10-09T16:16:49","guid":{"rendered":"https:\/\/practical-elbakyan.82-165-223-183.plesk.page\/index.php\/produit\/jeu-d-embouts-de-vissage-a-code-couleur-torsionpower-14-32-pcs\/"},"modified":"2024-12-02T09:02:36","modified_gmt":"2024-12-02T09:02:36","slug":"jeu-d-embouts-de-vissage-a-code-couleur-torsionpower-14-32-pcs","status":"publish","type":"product","link":"https:\/\/exciting-lichterman.217-160-28-49.plesk.page\/de\/produkt\/jeu-d-embouts-de-vissage-a-code-couleur-torsionpower-14-32-pcs\/","title":{"rendered":"Jeu d&#8217;embouts de vissage \u00e0 code couleur TORSIONpower\u00ae 1\/4, 32 pcs"},"content":{"rendered":"<p><strong>Sp\u00e9cifications:<\/strong><\/p>\n<p>\u2022 Entra\u00eenement 6 pans selon DIN 3126 \/ ISO 1173 &#8211; C 6,3<\/p>\n<p>\u2022 Pour une utilisation manuelle ou avec visseuse<\/p>\n<p>\u2022 Code couleur<\/p>\n<p>\u2022 Acier nickel\u00e9<\/p>\n<p>\u2022 Porte-embouts magn\u00e9tique \u00e0 verrouillage automatique 1\/4&Prime;<\/p>","protected":false},"excerpt":{"rendered":"<h2 style=\"font-family:Poppins;font-size:14px; font-weight:400!important; line-height:2\">\n<p>Le jeu d&#8217;embouts de vissage \u00e0 code couleur TORSION power dispose d&rsquo;un ensemble de 32 pi\u00e8ces de grande qualit\u00e9, rang\u00e9 dans un coffret robuste id\u00e9al pour  un vissage en s\u00e9rie rapide et efficace.<\/h2>\n<p><span style=\"font-size:14px;line-height:2\"><\/p>\n<p> Ce kit comprend aussi un porte-embouts magn\u00e9tique avec verrouillage automatique, offrant une manipulation pratique et s\u00e9curis\u00e9e. <\/span><\/p>","protected":false},"featured_media":20180,"comment_status":"open","ping_status":"closed","template":"","meta":{"_acf_changed":false},"product_brand":[],"product_cat":[70,65],"product_tag":[],"class_list":{"0":"post-3757","1":"product","2":"type-product","3":"status-publish","4":"has-post-thumbnail","6":"product_cat-outillage-a-main","7":"product_cat-outillages","9":"first","10":"instock","11":"taxable","12":"shipping-taxable","13":"purchasable","14":"product-type-simple"},"acf":[],"yoast_head":"<!-- This site is optimized with the Yoast SEO plugin v27.4 - https:\/\/yoast.com\/product\/yoast-seo-wordpress\/ -->\n<title>Jeu d&#039;embouts de vissage \u00e0 code couleur TORSIONpower\u00ae 1\/4, 32 pcs - K2group Distribution<\/title>\n<meta name=\"robots\" content=\"noindex, follow, max-snippet:-1, max-image-preview:large, max-video-preview:-1\" \/>\n<meta property=\"og:locale\" content=\"de_DE\" \/>\n<meta property=\"og:type\" content=\"article\" \/>\n<meta property=\"og:title\" content=\"Jeu d&#039;embouts de vissage \u00e0 code couleur TORSIONpower\u00ae 1\/4, 32 pcs - K2group Distribution\" \/>\n<meta property=\"og:description\" content=\"Le jeu d&#039;embouts de vissage \u00e0 code couleur TORSION power dispose d&#039;un ensemble de 32 pi\u00e8ces de grande qualit\u00e9, rang\u00e9 dans un coffret robuste id\u00e9al pour un vissage en s\u00e9rie rapide et efficace.     Ce kit comprend aussi un porte-embouts magn\u00e9tique avec verrouillage automatique, offrant une manipulation pratique et s\u00e9curis\u00e9e.\" \/>\n<meta property=\"og:url\" content=\"https:\/\/exciting-lichterman.217-160-28-49.plesk.page\/de\/produkt\/jeu-d-embouts-de-vissage-a-code-couleur-torsionpower-14-32-pcs\/\" \/>\n<meta property=\"og:site_name\" content=\"K2group Distribution\" \/>\n<meta property=\"article:modified_time\" content=\"2024-12-02T09:02:36+00:00\" \/>\n<meta property=\"og:image\" content=\"https:\/\/exciting-lichterman.217-160-28-49.plesk.page\/wp-content\/uploads\/2020\/10\/662-Jeu-dembouts-de-vissage-a-code-couleur-TORSIONpowerR-1_4-32-pcs.jpg\" \/>\n\t<meta property=\"og:image:width\" content=\"1006\" \/>\n\t<meta property=\"og:image:height\" content=\"1000\" \/>\n\t<meta property=\"og:image:type\" content=\"image\/jpeg\" \/>\n<meta name=\"twitter:card\" content=\"summary_large_image\" \/>\n<meta name=\"twitter:label1\" content=\"Gesch\u00e4tzte Lesezeit\" \/>\n\t<meta name=\"twitter:data1\" content=\"1\u00a0Minute\" \/>\n<script type=\"application\/ld+json\" class=\"yoast-schema-graph\">{\"@context\":\"https:\\\/\\\/schema.org\",\"@graph\":[{\"@type\":\"WebPage\",\"@id\":\"https:\\\/\\\/exciting-lichterman.217-160-28-49.plesk.page\\\/produit\\\/jeu-d-embouts-de-vissage-a-code-couleur-torsionpower-14-32-pcs\\\/\",\"url\":\"https:\\\/\\\/exciting-lichterman.217-160-28-49.plesk.page\\\/produit\\\/jeu-d-embouts-de-vissage-a-code-couleur-torsionpower-14-32-pcs\\\/\",\"name\":\"Jeu d'embouts de vissage \u00e0 code couleur TORSIONpower\u00ae 1\\\/4, 32 pcs - K2group Distribution\",\"isPartOf\":{\"@id\":\"https:\\\/\\\/exciting-lichterman.217-160-28-49.plesk.page\\\/#website\"},\"primaryImageOfPage\":{\"@id\":\"https:\\\/\\\/exciting-lichterman.217-160-28-49.plesk.page\\\/produit\\\/jeu-d-embouts-de-vissage-a-code-couleur-torsionpower-14-32-pcs\\\/#primaryimage\"},\"image\":{\"@id\":\"https:\\\/\\\/exciting-lichterman.217-160-28-49.plesk.page\\\/produit\\\/jeu-d-embouts-de-vissage-a-code-couleur-torsionpower-14-32-pcs\\\/#primaryimage\"},\"thumbnailUrl\":\"https:\\\/\\\/exciting-lichterman.217-160-28-49.plesk.page\\\/wp-content\\\/uploads\\\/2024\\\/03\\\/662-Jeu-dembouts-de-vissage-a-code-couleur-TORSIONpowerR-1_4-32-pcs.jpg\",\"datePublished\":\"2020-10-09T16:16:49+00:00\",\"dateModified\":\"2024-12-02T09:02:36+00:00\",\"breadcrumb\":{\"@id\":\"https:\\\/\\\/exciting-lichterman.217-160-28-49.plesk.page\\\/produit\\\/jeu-d-embouts-de-vissage-a-code-couleur-torsionpower-14-32-pcs\\\/#breadcrumb\"},\"inLanguage\":\"de\",\"potentialAction\":[{\"@type\":\"ReadAction\",\"target\":[\"https:\\\/\\\/exciting-lichterman.217-160-28-49.plesk.page\\\/produit\\\/jeu-d-embouts-de-vissage-a-code-couleur-torsionpower-14-32-pcs\\\/\"]}]},{\"@type\":\"ImageObject\",\"inLanguage\":\"de\",\"@id\":\"https:\\\/\\\/exciting-lichterman.217-160-28-49.plesk.page\\\/produit\\\/jeu-d-embouts-de-vissage-a-code-couleur-torsionpower-14-32-pcs\\\/#primaryimage\",\"url\":\"https:\\\/\\\/exciting-lichterman.217-160-28-49.plesk.page\\\/wp-content\\\/uploads\\\/2024\\\/03\\\/662-Jeu-dembouts-de-vissage-a-code-couleur-TORSIONpowerR-1_4-32-pcs.jpg\",\"contentUrl\":\"https:\\\/\\\/exciting-lichterman.217-160-28-49.plesk.page\\\/wp-content\\\/uploads\\\/2024\\\/03\\\/662-Jeu-dembouts-de-vissage-a-code-couleur-TORSIONpowerR-1_4-32-pcs.jpg\",\"width\":1006,\"height\":1000},{\"@type\":\"BreadcrumbList\",\"@id\":\"https:\\\/\\\/exciting-lichterman.217-160-28-49.plesk.page\\\/produit\\\/jeu-d-embouts-de-vissage-a-code-couleur-torsionpower-14-32-pcs\\\/#breadcrumb\",\"itemListElement\":[{\"@type\":\"ListItem\",\"position\":1,\"name\":\"Accueil\",\"item\":\"https:\\\/\\\/exciting-lichterman.217-160-28-49.plesk.page\\\/\"},{\"@type\":\"ListItem\",\"position\":2,\"name\":\"Boutique\",\"item\":\"https:\\\/\\\/exciting-lichterman.217-160-28-49.plesk.page\\\/boutique\\\/\"},{\"@type\":\"ListItem\",\"position\":3,\"name\":\"Jeu d&#8217;embouts de vissage \u00e0 code couleur TORSIONpower\u00ae 1\\\/4, 32 pcs\"}]},{\"@type\":\"WebSite\",\"@id\":\"https:\\\/\\\/exciting-lichterman.217-160-28-49.plesk.page\\\/#website\",\"url\":\"https:\\\/\\\/exciting-lichterman.217-160-28-49.plesk.page\\\/\",\"name\":\"K2group Distribution\",\"description\":\"\",\"publisher\":{\"@id\":\"https:\\\/\\\/exciting-lichterman.217-160-28-49.plesk.page\\\/#organization\"},\"potentialAction\":[{\"@type\":\"SearchAction\",\"target\":{\"@type\":\"EntryPoint\",\"urlTemplate\":\"https:\\\/\\\/exciting-lichterman.217-160-28-49.plesk.page\\\/?s={search_term_string}\"},\"query-input\":{\"@type\":\"PropertyValueSpecification\",\"valueRequired\":true,\"valueName\":\"search_term_string\"}}],\"inLanguage\":\"de\"},{\"@type\":\"Organization\",\"@id\":\"https:\\\/\\\/exciting-lichterman.217-160-28-49.plesk.page\\\/#organization\",\"name\":\"K2group Distribution\",\"url\":\"https:\\\/\\\/exciting-lichterman.217-160-28-49.plesk.page\\\/\",\"logo\":{\"@type\":\"ImageObject\",\"inLanguage\":\"de\",\"@id\":\"https:\\\/\\\/exciting-lichterman.217-160-28-49.plesk.page\\\/#\\\/schema\\\/logo\\\/image\\\/\",\"url\":\"https:\\\/\\\/exciting-lichterman.217-160-28-49.plesk.page\\\/wp-content\\\/uploads\\\/2022\\\/04\\\/logo-K2.png\",\"contentUrl\":\"https:\\\/\\\/exciting-lichterman.217-160-28-49.plesk.page\\\/wp-content\\\/uploads\\\/2022\\\/04\\\/logo-K2.png\",\"width\":155,\"height\":66,\"caption\":\"K2group Distribution\"},\"image\":{\"@id\":\"https:\\\/\\\/exciting-lichterman.217-160-28-49.plesk.page\\\/#\\\/schema\\\/logo\\\/image\\\/\"}}]}<\/script>\n<!-- \/ Yoast SEO plugin. -->","yoast_head_json":{"title":"Jeu d'embouts de vissage \u00e0 code couleur TORSIONpower\u00ae 1\/4, 32 pcs - K2group Distribution","robots":{"index":"noindex","follow":"follow","max-snippet":"max-snippet:-1","max-image-preview":"max-image-preview:large","max-video-preview":"max-video-preview:-1"},"og_locale":"de_DE","og_type":"article","og_title":"Jeu d'embouts de vissage \u00e0 code couleur TORSIONpower\u00ae 1\/4, 32 pcs - K2group Distribution","og_description":"Le jeu d'embouts de vissage \u00e0 code couleur TORSION power dispose d'un ensemble de 32 pi\u00e8ces de grande qualit\u00e9, rang\u00e9 dans un coffret robuste id\u00e9al pour un vissage en s\u00e9rie rapide et efficace.     Ce kit comprend aussi un porte-embouts magn\u00e9tique avec verrouillage automatique, offrant une manipulation pratique et s\u00e9curis\u00e9e.","og_url":"https:\/\/exciting-lichterman.217-160-28-49.plesk.page\/de\/produkt\/jeu-d-embouts-de-vissage-a-code-couleur-torsionpower-14-32-pcs\/","og_site_name":"K2group Distribution","article_modified_time":"2024-12-02T09:02:36+00:00","og_image":[{"width":1006,"height":1000,"url":"https:\/\/exciting-lichterman.217-160-28-49.plesk.page\/wp-content\/uploads\/2020\/10\/662-Jeu-dembouts-de-vissage-a-code-couleur-TORSIONpowerR-1_4-32-pcs.jpg","type":"image\/jpeg"}],"twitter_card":"summary_large_image","twitter_misc":{"Gesch\u00e4tzte Lesezeit":"1\u00a0Minute"},"schema":{"@context":"https:\/\/schema.org","@graph":[{"@type":"WebPage","@id":"https:\/\/exciting-lichterman.217-160-28-49.plesk.page\/produit\/jeu-d-embouts-de-vissage-a-code-couleur-torsionpower-14-32-pcs\/","url":"https:\/\/exciting-lichterman.217-160-28-49.plesk.page\/produit\/jeu-d-embouts-de-vissage-a-code-couleur-torsionpower-14-32-pcs\/","name":"Jeu d'embouts de vissage \u00e0 code couleur TORSIONpower\u00ae 1\/4, 32 pcs - K2group Distribution","isPartOf":{"@id":"https:\/\/exciting-lichterman.217-160-28-49.plesk.page\/#website"},"primaryImageOfPage":{"@id":"https:\/\/exciting-lichterman.217-160-28-49.plesk.page\/produit\/jeu-d-embouts-de-vissage-a-code-couleur-torsionpower-14-32-pcs\/#primaryimage"},"image":{"@id":"https:\/\/exciting-lichterman.217-160-28-49.plesk.page\/produit\/jeu-d-embouts-de-vissage-a-code-couleur-torsionpower-14-32-pcs\/#primaryimage"},"thumbnailUrl":"https:\/\/exciting-lichterman.217-160-28-49.plesk.page\/wp-content\/uploads\/2024\/03\/662-Jeu-dembouts-de-vissage-a-code-couleur-TORSIONpowerR-1_4-32-pcs.jpg","datePublished":"2020-10-09T16:16:49+00:00","dateModified":"2024-12-02T09:02:36+00:00","breadcrumb":{"@id":"https:\/\/exciting-lichterman.217-160-28-49.plesk.page\/produit\/jeu-d-embouts-de-vissage-a-code-couleur-torsionpower-14-32-pcs\/#breadcrumb"},"inLanguage":"de","potentialAction":[{"@type":"ReadAction","target":["https:\/\/exciting-lichterman.217-160-28-49.plesk.page\/produit\/jeu-d-embouts-de-vissage-a-code-couleur-torsionpower-14-32-pcs\/"]}]},{"@type":"ImageObject","inLanguage":"de","@id":"https:\/\/exciting-lichterman.217-160-28-49.plesk.page\/produit\/jeu-d-embouts-de-vissage-a-code-couleur-torsionpower-14-32-pcs\/#primaryimage","url":"https:\/\/exciting-lichterman.217-160-28-49.plesk.page\/wp-content\/uploads\/2024\/03\/662-Jeu-dembouts-de-vissage-a-code-couleur-TORSIONpowerR-1_4-32-pcs.jpg","contentUrl":"https:\/\/exciting-lichterman.217-160-28-49.plesk.page\/wp-content\/uploads\/2024\/03\/662-Jeu-dembouts-de-vissage-a-code-couleur-TORSIONpowerR-1_4-32-pcs.jpg","width":1006,"height":1000},{"@type":"BreadcrumbList","@id":"https:\/\/exciting-lichterman.217-160-28-49.plesk.page\/produit\/jeu-d-embouts-de-vissage-a-code-couleur-torsionpower-14-32-pcs\/#breadcrumb","itemListElement":[{"@type":"ListItem","position":1,"name":"Accueil","item":"https:\/\/exciting-lichterman.217-160-28-49.plesk.page\/"},{"@type":"ListItem","position":2,"name":"Boutique","item":"https:\/\/exciting-lichterman.217-160-28-49.plesk.page\/boutique\/"},{"@type":"ListItem","position":3,"name":"Jeu d&#8217;embouts de vissage \u00e0 code couleur TORSIONpower\u00ae 1\/4, 32 pcs"}]},{"@type":"WebSite","@id":"https:\/\/exciting-lichterman.217-160-28-49.plesk.page\/#website","url":"https:\/\/exciting-lichterman.217-160-28-49.plesk.page\/","name":"K2group Distribution","description":"","publisher":{"@id":"https:\/\/exciting-lichterman.217-160-28-49.plesk.page\/#organization"},"potentialAction":[{"@type":"SearchAction","target":{"@type":"EntryPoint","urlTemplate":"https:\/\/exciting-lichterman.217-160-28-49.plesk.page\/?s={search_term_string}"},"query-input":{"@type":"PropertyValueSpecification","valueRequired":true,"valueName":"search_term_string"}}],"inLanguage":"de"},{"@type":"Organization","@id":"https:\/\/exciting-lichterman.217-160-28-49.plesk.page\/#organization","name":"K2group Distribution","url":"https:\/\/exciting-lichterman.217-160-28-49.plesk.page\/","logo":{"@type":"ImageObject","inLanguage":"de","@id":"https:\/\/exciting-lichterman.217-160-28-49.plesk.page\/#\/schema\/logo\/image\/","url":"https:\/\/exciting-lichterman.217-160-28-49.plesk.page\/wp-content\/uploads\/2022\/04\/logo-K2.png","contentUrl":"https:\/\/exciting-lichterman.217-160-28-49.plesk.page\/wp-content\/uploads\/2022\/04\/logo-K2.png","width":155,"height":66,"caption":"K2group Distribution"},"image":{"@id":"https:\/\/exciting-lichterman.217-160-28-49.plesk.page\/#\/schema\/logo\/image\/"}}]}},"_links":{"self":[{"href":"https:\/\/exciting-lichterman.217-160-28-49.plesk.page\/de\/wp-json\/wp\/v2\/product\/3757","targetHints":{"allow":["GET"]}}],"collection":[{"href":"https:\/\/exciting-lichterman.217-160-28-49.plesk.page\/de\/wp-json\/wp\/v2\/product"}],"about":[{"href":"https:\/\/exciting-lichterman.217-160-28-49.plesk.page\/de\/wp-json\/wp\/v2\/types\/product"}],"replies":[{"embeddable":true,"href":"https:\/\/exciting-lichterman.217-160-28-49.plesk.page\/de\/wp-json\/wp\/v2\/comments?post=3757"}],"version-history":[{"count":2,"href":"https:\/\/exciting-lichterman.217-160-28-49.plesk.page\/de\/wp-json\/wp\/v2\/product\/3757\/revisions"}],"predecessor-version":[{"id":20181,"href":"https:\/\/exciting-lichterman.217-160-28-49.plesk.page\/de\/wp-json\/wp\/v2\/product\/3757\/revisions\/20181"}],"wp:featuredmedia":[{"embeddable":true,"href":"https:\/\/exciting-lichterman.217-160-28-49.plesk.page\/de\/wp-json\/wp\/v2\/media\/20180"}],"wp:attachment":[{"href":"https:\/\/exciting-lichterman.217-160-28-49.plesk.page\/de\/wp-json\/wp\/v2\/media?parent=3757"}],"wp:term":[{"taxonomy":"product_brand","embeddable":true,"href":"https:\/\/exciting-lichterman.217-160-28-49.plesk.page\/de\/wp-json\/wp\/v2\/product_brand?post=3757"},{"taxonomy":"product_cat","embeddable":true,"href":"https:\/\/exciting-lichterman.217-160-28-49.plesk.page\/de\/wp-json\/wp\/v2\/product_cat?post=3757"},{"taxonomy":"product_tag","embeddable":true,"href":"https:\/\/exciting-lichterman.217-160-28-49.plesk.page\/de\/wp-json\/wp\/v2\/product_tag?post=3757"}],"curies":[{"name":"wp","href":"https:\/\/api.w.org\/{rel}","templated":true}]}}