{"id":3376,"date":"2020-06-03T17:34:03","date_gmt":"2020-06-03T17:34:03","guid":{"rendered":"https:\/\/practical-elbakyan.82-165-223-183.plesk.page\/index.php\/produit\/gaine-fendue-blanchevertebleue-annelee-diametre-18mm-rouleau-30m\/"},"modified":"2024-12-02T09:02:21","modified_gmt":"2024-12-02T09:02:21","slug":"gaine-fendue-blanchevertebleue-annelee-diametre-18mm-rouleau-30m","status":"publish","type":"product","link":"https:\/\/exciting-lichterman.217-160-28-49.plesk.page\/de\/produkt\/gaine-fendue-blanchevertebleue-annelee-diametre-18mm-rouleau-30m\/","title":{"rendered":"Gaine fendue annel\u00e9e diam\u00e8tre 18mm Rouleau 30m \u00ab\u00a03 couleurs\u00a0\u00bb"},"content":{"rendered":"<p>Fabriqu\u00e9e d&rsquo;un mat\u00e9riau en polypropyl\u00e8ne (PP) de haute qualit\u00e9, qui est durable et r\u00e9sistant aux intemp\u00e9ries, cette gaine est con\u00e7ue avec une structure spirale renforc\u00e9e pour offrir une protection m\u00e9canique maximale contre l&rsquo;\u00e9crasement et les chocs lors d&rsquo;interventions sur les c\u00e2bles.<\/p>\n<p>Elle est \u00e9galement tr\u00e8s pratique car elle est fendue sur toute sa longueur, ce qui facilite l&rsquo;installation des c\u00e2bles et le rep\u00e9rage en cas de besoin. En effet, cette gaine est capable d&rsquo;ins\u00e9rer rapidement les c\u00e2bles et les faisceaux de mani\u00e8re \u00e0 \u00e9viter toute complication lors de l&rsquo;installation.<\/p>","protected":false},"excerpt":{"rendered":"<h2 style=\"font-family:Poppins;font-size:14px; font-weight:400!important; line-height:2\">Cette gaine fendue de diam\u00e8tre 18mm fourni en rouleau de 30m de longueur est principalement utilis\u00e9e pour la protection des c\u00e2bles de fibre optique et des faisceaux, en particulier dans les espaces confin\u00e9s tels que les chambres de c\u00e2blage.<\/h2>","protected":false},"featured_media":20010,"comment_status":"open","ping_status":"closed","template":"","meta":{"_acf_changed":false},"product_brand":[],"product_cat":[81,60],"product_tag":[],"class_list":{"0":"post-3376","1":"product","2":"type-product","3":"status-publish","4":"has-post-thumbnail","6":"product_cat-accessoires","7":"product_cat-tirage-aiguillage","9":"first","10":"outofstock","11":"taxable","12":"shipping-taxable","13":"product-type-variable"},"acf":[],"yoast_head":"<!-- This site is optimized with the Yoast SEO plugin v27.4 - https:\/\/yoast.com\/product\/yoast-seo-wordpress\/ -->\n<title>Gaine fendue annel\u00e9e diam\u00e8tre 18mm Rouleau 30m &quot;3 couleurs&quot; - K2group Distribution<\/title>\n<meta name=\"robots\" content=\"noindex, follow, max-snippet:-1, max-image-preview:large, max-video-preview:-1\" \/>\n<meta property=\"og:locale\" content=\"de_DE\" \/>\n<meta property=\"og:type\" content=\"article\" \/>\n<meta property=\"og:title\" content=\"Gaine fendue annel\u00e9e diam\u00e8tre 18mm Rouleau 30m &quot;3 couleurs&quot; - K2group Distribution\" \/>\n<meta property=\"og:description\" content=\"Cette gaine fendue de diam\u00e8tre 18mm fourni en rouleau de 30m de longueur est principalement utilis\u00e9e pour la protection des c\u00e2bles de fibre optique et des faisceaux, en particulier dans les espaces confin\u00e9s tels que les chambres de c\u00e2blage.\" \/>\n<meta property=\"og:url\" content=\"https:\/\/exciting-lichterman.217-160-28-49.plesk.page\/de\/produkt\/gaine-fendue-blanchevertebleue-annelee-diametre-18mm-rouleau-30m\/\" \/>\n<meta property=\"og:site_name\" content=\"K2group Distribution\" \/>\n<meta property=\"article:modified_time\" content=\"2024-12-02T09:02:21+00:00\" \/>\n<meta property=\"og:image\" content=\"https:\/\/exciting-lichterman.217-160-28-49.plesk.page\/wp-content\/uploads\/2020\/06\/53-Gaine-fendue-blanche-annelee-diametre-18mm-Rouleau-30m.jpg\" \/>\n\t<meta property=\"og:image:width\" content=\"1280\" \/>\n\t<meta property=\"og:image:height\" content=\"1280\" \/>\n\t<meta property=\"og:image:type\" content=\"image\/jpeg\" \/>\n<meta name=\"twitter:card\" content=\"summary_large_image\" \/>\n<meta name=\"twitter:label1\" content=\"Gesch\u00e4tzte Lesezeit\" \/>\n\t<meta name=\"twitter:data1\" content=\"1\u00a0Minute\" \/>\n<script type=\"application\/ld+json\" class=\"yoast-schema-graph\">{\"@context\":\"https:\\\/\\\/schema.org\",\"@graph\":[{\"@type\":\"WebPage\",\"@id\":\"https:\\\/\\\/exciting-lichterman.217-160-28-49.plesk.page\\\/produit\\\/gaine-fendue-blanchevertebleue-annelee-diametre-18mm-rouleau-30m\\\/\",\"url\":\"https:\\\/\\\/exciting-lichterman.217-160-28-49.plesk.page\\\/produit\\\/gaine-fendue-blanchevertebleue-annelee-diametre-18mm-rouleau-30m\\\/\",\"name\":\"Gaine fendue annel\u00e9e diam\u00e8tre 18mm Rouleau 30m \\\"3 couleurs\\\" - K2group Distribution\",\"isPartOf\":{\"@id\":\"https:\\\/\\\/exciting-lichterman.217-160-28-49.plesk.page\\\/#website\"},\"primaryImageOfPage\":{\"@id\":\"https:\\\/\\\/exciting-lichterman.217-160-28-49.plesk.page\\\/produit\\\/gaine-fendue-blanchevertebleue-annelee-diametre-18mm-rouleau-30m\\\/#primaryimage\"},\"image\":{\"@id\":\"https:\\\/\\\/exciting-lichterman.217-160-28-49.plesk.page\\\/produit\\\/gaine-fendue-blanchevertebleue-annelee-diametre-18mm-rouleau-30m\\\/#primaryimage\"},\"thumbnailUrl\":\"https:\\\/\\\/exciting-lichterman.217-160-28-49.plesk.page\\\/wp-content\\\/uploads\\\/2024\\\/03\\\/53-Gaine-fendue-blanche-annelee-diametre-18mm-Rouleau-30m.jpg\",\"datePublished\":\"2020-06-03T17:34:03+00:00\",\"dateModified\":\"2024-12-02T09:02:21+00:00\",\"breadcrumb\":{\"@id\":\"https:\\\/\\\/exciting-lichterman.217-160-28-49.plesk.page\\\/produit\\\/gaine-fendue-blanchevertebleue-annelee-diametre-18mm-rouleau-30m\\\/#breadcrumb\"},\"inLanguage\":\"de\",\"potentialAction\":[{\"@type\":\"ReadAction\",\"target\":[\"https:\\\/\\\/exciting-lichterman.217-160-28-49.plesk.page\\\/produit\\\/gaine-fendue-blanchevertebleue-annelee-diametre-18mm-rouleau-30m\\\/\"]}]},{\"@type\":\"ImageObject\",\"inLanguage\":\"de\",\"@id\":\"https:\\\/\\\/exciting-lichterman.217-160-28-49.plesk.page\\\/produit\\\/gaine-fendue-blanchevertebleue-annelee-diametre-18mm-rouleau-30m\\\/#primaryimage\",\"url\":\"https:\\\/\\\/exciting-lichterman.217-160-28-49.plesk.page\\\/wp-content\\\/uploads\\\/2024\\\/03\\\/53-Gaine-fendue-blanche-annelee-diametre-18mm-Rouleau-30m.jpg\",\"contentUrl\":\"https:\\\/\\\/exciting-lichterman.217-160-28-49.plesk.page\\\/wp-content\\\/uploads\\\/2024\\\/03\\\/53-Gaine-fendue-blanche-annelee-diametre-18mm-Rouleau-30m.jpg\",\"width\":1280,\"height\":1280},{\"@type\":\"BreadcrumbList\",\"@id\":\"https:\\\/\\\/exciting-lichterman.217-160-28-49.plesk.page\\\/produit\\\/gaine-fendue-blanchevertebleue-annelee-diametre-18mm-rouleau-30m\\\/#breadcrumb\",\"itemListElement\":[{\"@type\":\"ListItem\",\"position\":1,\"name\":\"Accueil\",\"item\":\"https:\\\/\\\/exciting-lichterman.217-160-28-49.plesk.page\\\/\"},{\"@type\":\"ListItem\",\"position\":2,\"name\":\"Boutique\",\"item\":\"https:\\\/\\\/exciting-lichterman.217-160-28-49.plesk.page\\\/boutique\\\/\"},{\"@type\":\"ListItem\",\"position\":3,\"name\":\"Gaine fendue annel\u00e9e diam\u00e8tre 18mm Rouleau 30m \u00ab\u00a03 couleurs\u00a0\u00bb\"}]},{\"@type\":\"WebSite\",\"@id\":\"https:\\\/\\\/exciting-lichterman.217-160-28-49.plesk.page\\\/#website\",\"url\":\"https:\\\/\\\/exciting-lichterman.217-160-28-49.plesk.page\\\/\",\"name\":\"K2group Distribution\",\"description\":\"\",\"publisher\":{\"@id\":\"https:\\\/\\\/exciting-lichterman.217-160-28-49.plesk.page\\\/#organization\"},\"potentialAction\":[{\"@type\":\"SearchAction\",\"target\":{\"@type\":\"EntryPoint\",\"urlTemplate\":\"https:\\\/\\\/exciting-lichterman.217-160-28-49.plesk.page\\\/?s={search_term_string}\"},\"query-input\":{\"@type\":\"PropertyValueSpecification\",\"valueRequired\":true,\"valueName\":\"search_term_string\"}}],\"inLanguage\":\"de\"},{\"@type\":\"Organization\",\"@id\":\"https:\\\/\\\/exciting-lichterman.217-160-28-49.plesk.page\\\/#organization\",\"name\":\"K2group Distribution\",\"url\":\"https:\\\/\\\/exciting-lichterman.217-160-28-49.plesk.page\\\/\",\"logo\":{\"@type\":\"ImageObject\",\"inLanguage\":\"de\",\"@id\":\"https:\\\/\\\/exciting-lichterman.217-160-28-49.plesk.page\\\/#\\\/schema\\\/logo\\\/image\\\/\",\"url\":\"https:\\\/\\\/exciting-lichterman.217-160-28-49.plesk.page\\\/wp-content\\\/uploads\\\/2022\\\/04\\\/logo-K2.png\",\"contentUrl\":\"https:\\\/\\\/exciting-lichterman.217-160-28-49.plesk.page\\\/wp-content\\\/uploads\\\/2022\\\/04\\\/logo-K2.png\",\"width\":155,\"height\":66,\"caption\":\"K2group Distribution\"},\"image\":{\"@id\":\"https:\\\/\\\/exciting-lichterman.217-160-28-49.plesk.page\\\/#\\\/schema\\\/logo\\\/image\\\/\"}}]}<\/script>\n<!-- \/ Yoast SEO plugin. -->","yoast_head_json":{"title":"Gaine fendue annel\u00e9e diam\u00e8tre 18mm Rouleau 30m \"3 couleurs\" - K2group Distribution","robots":{"index":"noindex","follow":"follow","max-snippet":"max-snippet:-1","max-image-preview":"max-image-preview:large","max-video-preview":"max-video-preview:-1"},"og_locale":"de_DE","og_type":"article","og_title":"Gaine fendue annel\u00e9e diam\u00e8tre 18mm Rouleau 30m \"3 couleurs\" - K2group Distribution","og_description":"Cette gaine fendue de diam\u00e8tre 18mm fourni en rouleau de 30m de longueur est principalement utilis\u00e9e pour la protection des c\u00e2bles de fibre optique et des faisceaux, en particulier dans les espaces confin\u00e9s tels que les chambres de c\u00e2blage.","og_url":"https:\/\/exciting-lichterman.217-160-28-49.plesk.page\/de\/produkt\/gaine-fendue-blanchevertebleue-annelee-diametre-18mm-rouleau-30m\/","og_site_name":"K2group Distribution","article_modified_time":"2024-12-02T09:02:21+00:00","og_image":[{"width":1280,"height":1280,"url":"https:\/\/exciting-lichterman.217-160-28-49.plesk.page\/wp-content\/uploads\/2020\/06\/53-Gaine-fendue-blanche-annelee-diametre-18mm-Rouleau-30m.jpg","type":"image\/jpeg"}],"twitter_card":"summary_large_image","twitter_misc":{"Gesch\u00e4tzte Lesezeit":"1\u00a0Minute"},"schema":{"@context":"https:\/\/schema.org","@graph":[{"@type":"WebPage","@id":"https:\/\/exciting-lichterman.217-160-28-49.plesk.page\/produit\/gaine-fendue-blanchevertebleue-annelee-diametre-18mm-rouleau-30m\/","url":"https:\/\/exciting-lichterman.217-160-28-49.plesk.page\/produit\/gaine-fendue-blanchevertebleue-annelee-diametre-18mm-rouleau-30m\/","name":"Gaine fendue annel\u00e9e diam\u00e8tre 18mm Rouleau 30m \"3 couleurs\" - K2group Distribution","isPartOf":{"@id":"https:\/\/exciting-lichterman.217-160-28-49.plesk.page\/#website"},"primaryImageOfPage":{"@id":"https:\/\/exciting-lichterman.217-160-28-49.plesk.page\/produit\/gaine-fendue-blanchevertebleue-annelee-diametre-18mm-rouleau-30m\/#primaryimage"},"image":{"@id":"https:\/\/exciting-lichterman.217-160-28-49.plesk.page\/produit\/gaine-fendue-blanchevertebleue-annelee-diametre-18mm-rouleau-30m\/#primaryimage"},"thumbnailUrl":"https:\/\/exciting-lichterman.217-160-28-49.plesk.page\/wp-content\/uploads\/2024\/03\/53-Gaine-fendue-blanche-annelee-diametre-18mm-Rouleau-30m.jpg","datePublished":"2020-06-03T17:34:03+00:00","dateModified":"2024-12-02T09:02:21+00:00","breadcrumb":{"@id":"https:\/\/exciting-lichterman.217-160-28-49.plesk.page\/produit\/gaine-fendue-blanchevertebleue-annelee-diametre-18mm-rouleau-30m\/#breadcrumb"},"inLanguage":"de","potentialAction":[{"@type":"ReadAction","target":["https:\/\/exciting-lichterman.217-160-28-49.plesk.page\/produit\/gaine-fendue-blanchevertebleue-annelee-diametre-18mm-rouleau-30m\/"]}]},{"@type":"ImageObject","inLanguage":"de","@id":"https:\/\/exciting-lichterman.217-160-28-49.plesk.page\/produit\/gaine-fendue-blanchevertebleue-annelee-diametre-18mm-rouleau-30m\/#primaryimage","url":"https:\/\/exciting-lichterman.217-160-28-49.plesk.page\/wp-content\/uploads\/2024\/03\/53-Gaine-fendue-blanche-annelee-diametre-18mm-Rouleau-30m.jpg","contentUrl":"https:\/\/exciting-lichterman.217-160-28-49.plesk.page\/wp-content\/uploads\/2024\/03\/53-Gaine-fendue-blanche-annelee-diametre-18mm-Rouleau-30m.jpg","width":1280,"height":1280},{"@type":"BreadcrumbList","@id":"https:\/\/exciting-lichterman.217-160-28-49.plesk.page\/produit\/gaine-fendue-blanchevertebleue-annelee-diametre-18mm-rouleau-30m\/#breadcrumb","itemListElement":[{"@type":"ListItem","position":1,"name":"Accueil","item":"https:\/\/exciting-lichterman.217-160-28-49.plesk.page\/"},{"@type":"ListItem","position":2,"name":"Boutique","item":"https:\/\/exciting-lichterman.217-160-28-49.plesk.page\/boutique\/"},{"@type":"ListItem","position":3,"name":"Gaine fendue annel\u00e9e diam\u00e8tre 18mm Rouleau 30m \u00ab\u00a03 couleurs\u00a0\u00bb"}]},{"@type":"WebSite","@id":"https:\/\/exciting-lichterman.217-160-28-49.plesk.page\/#website","url":"https:\/\/exciting-lichterman.217-160-28-49.plesk.page\/","name":"K2group Distribution","description":"","publisher":{"@id":"https:\/\/exciting-lichterman.217-160-28-49.plesk.page\/#organization"},"potentialAction":[{"@type":"SearchAction","target":{"@type":"EntryPoint","urlTemplate":"https:\/\/exciting-lichterman.217-160-28-49.plesk.page\/?s={search_term_string}"},"query-input":{"@type":"PropertyValueSpecification","valueRequired":true,"valueName":"search_term_string"}}],"inLanguage":"de"},{"@type":"Organization","@id":"https:\/\/exciting-lichterman.217-160-28-49.plesk.page\/#organization","name":"K2group Distribution","url":"https:\/\/exciting-lichterman.217-160-28-49.plesk.page\/","logo":{"@type":"ImageObject","inLanguage":"de","@id":"https:\/\/exciting-lichterman.217-160-28-49.plesk.page\/#\/schema\/logo\/image\/","url":"https:\/\/exciting-lichterman.217-160-28-49.plesk.page\/wp-content\/uploads\/2022\/04\/logo-K2.png","contentUrl":"https:\/\/exciting-lichterman.217-160-28-49.plesk.page\/wp-content\/uploads\/2022\/04\/logo-K2.png","width":155,"height":66,"caption":"K2group Distribution"},"image":{"@id":"https:\/\/exciting-lichterman.217-160-28-49.plesk.page\/#\/schema\/logo\/image\/"}}]}},"_links":{"self":[{"href":"https:\/\/exciting-lichterman.217-160-28-49.plesk.page\/de\/wp-json\/wp\/v2\/product\/3376","targetHints":{"allow":["GET"]}}],"collection":[{"href":"https:\/\/exciting-lichterman.217-160-28-49.plesk.page\/de\/wp-json\/wp\/v2\/product"}],"about":[{"href":"https:\/\/exciting-lichterman.217-160-28-49.plesk.page\/de\/wp-json\/wp\/v2\/types\/product"}],"replies":[{"embeddable":true,"href":"https:\/\/exciting-lichterman.217-160-28-49.plesk.page\/de\/wp-json\/wp\/v2\/comments?post=3376"}],"version-history":[{"count":5,"href":"https:\/\/exciting-lichterman.217-160-28-49.plesk.page\/de\/wp-json\/wp\/v2\/product\/3376\/revisions"}],"predecessor-version":[{"id":18043,"href":"https:\/\/exciting-lichterman.217-160-28-49.plesk.page\/de\/wp-json\/wp\/v2\/product\/3376\/revisions\/18043"}],"wp:featuredmedia":[{"embeddable":true,"href":"https:\/\/exciting-lichterman.217-160-28-49.plesk.page\/de\/wp-json\/wp\/v2\/media\/20010"}],"wp:attachment":[{"href":"https:\/\/exciting-lichterman.217-160-28-49.plesk.page\/de\/wp-json\/wp\/v2\/media?parent=3376"}],"wp:term":[{"taxonomy":"product_brand","embeddable":true,"href":"https:\/\/exciting-lichterman.217-160-28-49.plesk.page\/de\/wp-json\/wp\/v2\/product_brand?post=3376"},{"taxonomy":"product_cat","embeddable":true,"href":"https:\/\/exciting-lichterman.217-160-28-49.plesk.page\/de\/wp-json\/wp\/v2\/product_cat?post=3376"},{"taxonomy":"product_tag","embeddable":true,"href":"https:\/\/exciting-lichterman.217-160-28-49.plesk.page\/de\/wp-json\/wp\/v2\/product_tag?post=3376"}],"curies":[{"name":"wp","href":"https:\/\/api.w.org\/{rel}","templated":true}]}}