{"id":3358,"date":"2020-06-03T13:08:59","date_gmt":"2020-06-03T13:08:59","guid":{"rendered":"https:\/\/practical-elbakyan.82-165-223-183.plesk.page\/index.php\/produit\/aiguille-de-tirage-fibre-de-verre-11mm-lg-300m-sur-devidoir-a-roulettes\/"},"modified":"2024-12-02T09:02:15","modified_gmt":"2024-12-02T09:02:15","slug":"aiguille-de-tirage-fibre-de-verre-11mm-lg-300m-sur-devidoir-a-roulettes","status":"publish","type":"product","link":"https:\/\/exciting-lichterman.217-160-28-49.plesk.page\/de\/produkt\/aiguille-de-tirage-fibre-de-verre-11mm-lg-300m-sur-devidoir-a-roulettes\/","title":{"rendered":"Aiguille de tirage fibre de verre \u00d811mm_L 300m sur d\u00e9vidoir \u00e0 roulettes"},"content":{"rendered":"<p>Cette <strong>aiguille fibre optique 300m<\/strong> permet de tirer sans effort les c\u00e2bles optiques sur des parcours trac\u00e9s. Con\u00e7ue pour r\u00e9pondre aux exigences des chantiers d\u2019aiguillage et de tirage sur le r\u00e9seau de transport et de distribution. <\/p>\n<p>Son impressionnante longueur de 300 m\u00e8tres la rend particuli\u00e8rement adapt\u00e9e aux besoins de projets de grande envergure, o\u00f9 la pr\u00e9cision et la robustesse sont essentielles. Lorsqu&rsquo;il s&rsquo;agit de d\u00e9ployer des r\u00e9seaux de fibre optique, <strong>l\u2019aiguille 300m<\/strong> devient un atout inestimable, garantissant un tirage en toute s\u00e9curit\u00e9 et une installation efficace des c\u00e2bles optiques. <\/p>","protected":false},"excerpt":{"rendered":"<h2 style=\"font-family:Poppins;font-size:14px; font-weight:400!important; line-height:2\">L&rsquo;aiguille fibre optique 300 m\u00e8tres fabriqu\u00e9e avec une fibre de verre de haute qualit\u00e9, est l&rsquo;outil essentiel pour les professionnels de la t\u00e9l\u00e9communication et de la connectivit\u00e9 optique qui exigent le meilleur pour leurs projets.<\/h2>","protected":false},"featured_media":19993,"comment_status":"open","ping_status":"closed","template":"","meta":{"_acf_changed":false},"product_brand":[],"product_cat":[71,60],"product_tag":[],"class_list":{"0":"post-3358","1":"product","2":"type-product","3":"status-publish","4":"has-post-thumbnail","6":"product_cat-aiguilles-recharges","7":"product_cat-tirage-aiguillage","9":"first","10":"instock","11":"taxable","12":"shipping-taxable","13":"purchasable","14":"product-type-simple"},"acf":[],"yoast_head":"<!-- This site is optimized with the Yoast SEO plugin v27.4 - https:\/\/yoast.com\/product\/yoast-seo-wordpress\/ -->\n<title>Aiguille de tirage fibre de verre \u00d811mm_L 300m sur d\u00e9vidoir \u00e0 roulettes - K2group Distribution<\/title>\n<meta name=\"robots\" content=\"noindex, follow, max-snippet:-1, max-image-preview:large, max-video-preview:-1\" \/>\n<meta property=\"og:locale\" content=\"de_DE\" \/>\n<meta property=\"og:type\" content=\"article\" \/>\n<meta property=\"og:title\" content=\"Aiguille de tirage fibre de verre \u00d811mm_L 300m sur d\u00e9vidoir \u00e0 roulettes - K2group Distribution\" \/>\n<meta property=\"og:description\" content=\"L&#039;aiguille fibre optique 300 m\u00e8tres fabriqu\u00e9e avec une fibre de verre de haute qualit\u00e9, est l&#039;outil essentiel pour les professionnels de la t\u00e9l\u00e9communication et de la connectivit\u00e9 optique qui exigent le meilleur pour leurs projets.\" \/>\n<meta property=\"og:url\" content=\"https:\/\/exciting-lichterman.217-160-28-49.plesk.page\/de\/produkt\/aiguille-de-tirage-fibre-de-verre-11mm-lg-300m-sur-devidoir-a-roulettes\/\" \/>\n<meta property=\"og:site_name\" content=\"K2group Distribution\" \/>\n<meta property=\"article:modified_time\" content=\"2024-12-02T09:02:15+00:00\" \/>\n<meta property=\"og:image\" content=\"https:\/\/exciting-lichterman.217-160-28-49.plesk.page\/wp-content\/uploads\/2020\/06\/1234-Aiguille-de-tirage-fibre-de-verre-11mm-lg-300m-sur-devidoir-a-roulettes.jpg\" \/>\n\t<meta property=\"og:image:width\" content=\"1006\" \/>\n\t<meta property=\"og:image:height\" content=\"1000\" \/>\n\t<meta property=\"og:image:type\" content=\"image\/jpeg\" \/>\n<meta name=\"twitter:card\" content=\"summary_large_image\" \/>\n<script type=\"application\/ld+json\" class=\"yoast-schema-graph\">{\"@context\":\"https:\\\/\\\/schema.org\",\"@graph\":[{\"@type\":\"WebPage\",\"@id\":\"https:\\\/\\\/exciting-lichterman.217-160-28-49.plesk.page\\\/produit\\\/aiguille-de-tirage-fibre-de-verre-11mm-lg-300m-sur-devidoir-a-roulettes\\\/\",\"url\":\"https:\\\/\\\/exciting-lichterman.217-160-28-49.plesk.page\\\/produit\\\/aiguille-de-tirage-fibre-de-verre-11mm-lg-300m-sur-devidoir-a-roulettes\\\/\",\"name\":\"Aiguille de tirage fibre de verre \u00d811mm_L 300m sur d\u00e9vidoir \u00e0 roulettes - K2group Distribution\",\"isPartOf\":{\"@id\":\"https:\\\/\\\/exciting-lichterman.217-160-28-49.plesk.page\\\/#website\"},\"primaryImageOfPage\":{\"@id\":\"https:\\\/\\\/exciting-lichterman.217-160-28-49.plesk.page\\\/produit\\\/aiguille-de-tirage-fibre-de-verre-11mm-lg-300m-sur-devidoir-a-roulettes\\\/#primaryimage\"},\"image\":{\"@id\":\"https:\\\/\\\/exciting-lichterman.217-160-28-49.plesk.page\\\/produit\\\/aiguille-de-tirage-fibre-de-verre-11mm-lg-300m-sur-devidoir-a-roulettes\\\/#primaryimage\"},\"thumbnailUrl\":\"https:\\\/\\\/exciting-lichterman.217-160-28-49.plesk.page\\\/wp-content\\\/uploads\\\/2024\\\/03\\\/1234-Aiguille-de-tirage-fibre-de-verre-11mm-lg-300m-sur-devidoir-a-roulettes.jpg\",\"datePublished\":\"2020-06-03T13:08:59+00:00\",\"dateModified\":\"2024-12-02T09:02:15+00:00\",\"breadcrumb\":{\"@id\":\"https:\\\/\\\/exciting-lichterman.217-160-28-49.plesk.page\\\/produit\\\/aiguille-de-tirage-fibre-de-verre-11mm-lg-300m-sur-devidoir-a-roulettes\\\/#breadcrumb\"},\"inLanguage\":\"de\",\"potentialAction\":[{\"@type\":\"ReadAction\",\"target\":[\"https:\\\/\\\/exciting-lichterman.217-160-28-49.plesk.page\\\/produit\\\/aiguille-de-tirage-fibre-de-verre-11mm-lg-300m-sur-devidoir-a-roulettes\\\/\"]}]},{\"@type\":\"ImageObject\",\"inLanguage\":\"de\",\"@id\":\"https:\\\/\\\/exciting-lichterman.217-160-28-49.plesk.page\\\/produit\\\/aiguille-de-tirage-fibre-de-verre-11mm-lg-300m-sur-devidoir-a-roulettes\\\/#primaryimage\",\"url\":\"https:\\\/\\\/exciting-lichterman.217-160-28-49.plesk.page\\\/wp-content\\\/uploads\\\/2024\\\/03\\\/1234-Aiguille-de-tirage-fibre-de-verre-11mm-lg-300m-sur-devidoir-a-roulettes.jpg\",\"contentUrl\":\"https:\\\/\\\/exciting-lichterman.217-160-28-49.plesk.page\\\/wp-content\\\/uploads\\\/2024\\\/03\\\/1234-Aiguille-de-tirage-fibre-de-verre-11mm-lg-300m-sur-devidoir-a-roulettes.jpg\",\"width\":1006,\"height\":1000},{\"@type\":\"BreadcrumbList\",\"@id\":\"https:\\\/\\\/exciting-lichterman.217-160-28-49.plesk.page\\\/produit\\\/aiguille-de-tirage-fibre-de-verre-11mm-lg-300m-sur-devidoir-a-roulettes\\\/#breadcrumb\",\"itemListElement\":[{\"@type\":\"ListItem\",\"position\":1,\"name\":\"Accueil\",\"item\":\"https:\\\/\\\/exciting-lichterman.217-160-28-49.plesk.page\\\/\"},{\"@type\":\"ListItem\",\"position\":2,\"name\":\"Boutique\",\"item\":\"https:\\\/\\\/exciting-lichterman.217-160-28-49.plesk.page\\\/boutique\\\/\"},{\"@type\":\"ListItem\",\"position\":3,\"name\":\"Aiguille de tirage fibre de verre \u00d811mm_L 300m sur d\u00e9vidoir \u00e0 roulettes\"}]},{\"@type\":\"WebSite\",\"@id\":\"https:\\\/\\\/exciting-lichterman.217-160-28-49.plesk.page\\\/#website\",\"url\":\"https:\\\/\\\/exciting-lichterman.217-160-28-49.plesk.page\\\/\",\"name\":\"K2group Distribution\",\"description\":\"\",\"publisher\":{\"@id\":\"https:\\\/\\\/exciting-lichterman.217-160-28-49.plesk.page\\\/#organization\"},\"potentialAction\":[{\"@type\":\"SearchAction\",\"target\":{\"@type\":\"EntryPoint\",\"urlTemplate\":\"https:\\\/\\\/exciting-lichterman.217-160-28-49.plesk.page\\\/?s={search_term_string}\"},\"query-input\":{\"@type\":\"PropertyValueSpecification\",\"valueRequired\":true,\"valueName\":\"search_term_string\"}}],\"inLanguage\":\"de\"},{\"@type\":\"Organization\",\"@id\":\"https:\\\/\\\/exciting-lichterman.217-160-28-49.plesk.page\\\/#organization\",\"name\":\"K2group Distribution\",\"url\":\"https:\\\/\\\/exciting-lichterman.217-160-28-49.plesk.page\\\/\",\"logo\":{\"@type\":\"ImageObject\",\"inLanguage\":\"de\",\"@id\":\"https:\\\/\\\/exciting-lichterman.217-160-28-49.plesk.page\\\/#\\\/schema\\\/logo\\\/image\\\/\",\"url\":\"https:\\\/\\\/exciting-lichterman.217-160-28-49.plesk.page\\\/wp-content\\\/uploads\\\/2022\\\/04\\\/logo-K2.png\",\"contentUrl\":\"https:\\\/\\\/exciting-lichterman.217-160-28-49.plesk.page\\\/wp-content\\\/uploads\\\/2022\\\/04\\\/logo-K2.png\",\"width\":155,\"height\":66,\"caption\":\"K2group Distribution\"},\"image\":{\"@id\":\"https:\\\/\\\/exciting-lichterman.217-160-28-49.plesk.page\\\/#\\\/schema\\\/logo\\\/image\\\/\"}}]}<\/script>\n<!-- \/ Yoast SEO plugin. -->","yoast_head_json":{"title":"Aiguille de tirage fibre de verre \u00d811mm_L 300m sur d\u00e9vidoir \u00e0 roulettes - K2group Distribution","robots":{"index":"noindex","follow":"follow","max-snippet":"max-snippet:-1","max-image-preview":"max-image-preview:large","max-video-preview":"max-video-preview:-1"},"og_locale":"de_DE","og_type":"article","og_title":"Aiguille de tirage fibre de verre \u00d811mm_L 300m sur d\u00e9vidoir \u00e0 roulettes - K2group Distribution","og_description":"L'aiguille fibre optique 300 m\u00e8tres fabriqu\u00e9e avec une fibre de verre de haute qualit\u00e9, est l'outil essentiel pour les professionnels de la t\u00e9l\u00e9communication et de la connectivit\u00e9 optique qui exigent le meilleur pour leurs projets.","og_url":"https:\/\/exciting-lichterman.217-160-28-49.plesk.page\/de\/produkt\/aiguille-de-tirage-fibre-de-verre-11mm-lg-300m-sur-devidoir-a-roulettes\/","og_site_name":"K2group Distribution","article_modified_time":"2024-12-02T09:02:15+00:00","og_image":[{"width":1006,"height":1000,"url":"https:\/\/exciting-lichterman.217-160-28-49.plesk.page\/wp-content\/uploads\/2020\/06\/1234-Aiguille-de-tirage-fibre-de-verre-11mm-lg-300m-sur-devidoir-a-roulettes.jpg","type":"image\/jpeg"}],"twitter_card":"summary_large_image","schema":{"@context":"https:\/\/schema.org","@graph":[{"@type":"WebPage","@id":"https:\/\/exciting-lichterman.217-160-28-49.plesk.page\/produit\/aiguille-de-tirage-fibre-de-verre-11mm-lg-300m-sur-devidoir-a-roulettes\/","url":"https:\/\/exciting-lichterman.217-160-28-49.plesk.page\/produit\/aiguille-de-tirage-fibre-de-verre-11mm-lg-300m-sur-devidoir-a-roulettes\/","name":"Aiguille de tirage fibre de verre \u00d811mm_L 300m sur d\u00e9vidoir \u00e0 roulettes - K2group Distribution","isPartOf":{"@id":"https:\/\/exciting-lichterman.217-160-28-49.plesk.page\/#website"},"primaryImageOfPage":{"@id":"https:\/\/exciting-lichterman.217-160-28-49.plesk.page\/produit\/aiguille-de-tirage-fibre-de-verre-11mm-lg-300m-sur-devidoir-a-roulettes\/#primaryimage"},"image":{"@id":"https:\/\/exciting-lichterman.217-160-28-49.plesk.page\/produit\/aiguille-de-tirage-fibre-de-verre-11mm-lg-300m-sur-devidoir-a-roulettes\/#primaryimage"},"thumbnailUrl":"https:\/\/exciting-lichterman.217-160-28-49.plesk.page\/wp-content\/uploads\/2024\/03\/1234-Aiguille-de-tirage-fibre-de-verre-11mm-lg-300m-sur-devidoir-a-roulettes.jpg","datePublished":"2020-06-03T13:08:59+00:00","dateModified":"2024-12-02T09:02:15+00:00","breadcrumb":{"@id":"https:\/\/exciting-lichterman.217-160-28-49.plesk.page\/produit\/aiguille-de-tirage-fibre-de-verre-11mm-lg-300m-sur-devidoir-a-roulettes\/#breadcrumb"},"inLanguage":"de","potentialAction":[{"@type":"ReadAction","target":["https:\/\/exciting-lichterman.217-160-28-49.plesk.page\/produit\/aiguille-de-tirage-fibre-de-verre-11mm-lg-300m-sur-devidoir-a-roulettes\/"]}]},{"@type":"ImageObject","inLanguage":"de","@id":"https:\/\/exciting-lichterman.217-160-28-49.plesk.page\/produit\/aiguille-de-tirage-fibre-de-verre-11mm-lg-300m-sur-devidoir-a-roulettes\/#primaryimage","url":"https:\/\/exciting-lichterman.217-160-28-49.plesk.page\/wp-content\/uploads\/2024\/03\/1234-Aiguille-de-tirage-fibre-de-verre-11mm-lg-300m-sur-devidoir-a-roulettes.jpg","contentUrl":"https:\/\/exciting-lichterman.217-160-28-49.plesk.page\/wp-content\/uploads\/2024\/03\/1234-Aiguille-de-tirage-fibre-de-verre-11mm-lg-300m-sur-devidoir-a-roulettes.jpg","width":1006,"height":1000},{"@type":"BreadcrumbList","@id":"https:\/\/exciting-lichterman.217-160-28-49.plesk.page\/produit\/aiguille-de-tirage-fibre-de-verre-11mm-lg-300m-sur-devidoir-a-roulettes\/#breadcrumb","itemListElement":[{"@type":"ListItem","position":1,"name":"Accueil","item":"https:\/\/exciting-lichterman.217-160-28-49.plesk.page\/"},{"@type":"ListItem","position":2,"name":"Boutique","item":"https:\/\/exciting-lichterman.217-160-28-49.plesk.page\/boutique\/"},{"@type":"ListItem","position":3,"name":"Aiguille de tirage fibre de verre \u00d811mm_L 300m sur d\u00e9vidoir \u00e0 roulettes"}]},{"@type":"WebSite","@id":"https:\/\/exciting-lichterman.217-160-28-49.plesk.page\/#website","url":"https:\/\/exciting-lichterman.217-160-28-49.plesk.page\/","name":"K2group Distribution","description":"","publisher":{"@id":"https:\/\/exciting-lichterman.217-160-28-49.plesk.page\/#organization"},"potentialAction":[{"@type":"SearchAction","target":{"@type":"EntryPoint","urlTemplate":"https:\/\/exciting-lichterman.217-160-28-49.plesk.page\/?s={search_term_string}"},"query-input":{"@type":"PropertyValueSpecification","valueRequired":true,"valueName":"search_term_string"}}],"inLanguage":"de"},{"@type":"Organization","@id":"https:\/\/exciting-lichterman.217-160-28-49.plesk.page\/#organization","name":"K2group Distribution","url":"https:\/\/exciting-lichterman.217-160-28-49.plesk.page\/","logo":{"@type":"ImageObject","inLanguage":"de","@id":"https:\/\/exciting-lichterman.217-160-28-49.plesk.page\/#\/schema\/logo\/image\/","url":"https:\/\/exciting-lichterman.217-160-28-49.plesk.page\/wp-content\/uploads\/2022\/04\/logo-K2.png","contentUrl":"https:\/\/exciting-lichterman.217-160-28-49.plesk.page\/wp-content\/uploads\/2022\/04\/logo-K2.png","width":155,"height":66,"caption":"K2group Distribution"},"image":{"@id":"https:\/\/exciting-lichterman.217-160-28-49.plesk.page\/#\/schema\/logo\/image\/"}}]}},"_links":{"self":[{"href":"https:\/\/exciting-lichterman.217-160-28-49.plesk.page\/de\/wp-json\/wp\/v2\/product\/3358","targetHints":{"allow":["GET"]}}],"collection":[{"href":"https:\/\/exciting-lichterman.217-160-28-49.plesk.page\/de\/wp-json\/wp\/v2\/product"}],"about":[{"href":"https:\/\/exciting-lichterman.217-160-28-49.plesk.page\/de\/wp-json\/wp\/v2\/types\/product"}],"replies":[{"embeddable":true,"href":"https:\/\/exciting-lichterman.217-160-28-49.plesk.page\/de\/wp-json\/wp\/v2\/comments?post=3358"}],"version-history":[{"count":9,"href":"https:\/\/exciting-lichterman.217-160-28-49.plesk.page\/de\/wp-json\/wp\/v2\/product\/3358\/revisions"}],"predecessor-version":[{"id":19994,"href":"https:\/\/exciting-lichterman.217-160-28-49.plesk.page\/de\/wp-json\/wp\/v2\/product\/3358\/revisions\/19994"}],"wp:featuredmedia":[{"embeddable":true,"href":"https:\/\/exciting-lichterman.217-160-28-49.plesk.page\/de\/wp-json\/wp\/v2\/media\/19993"}],"wp:attachment":[{"href":"https:\/\/exciting-lichterman.217-160-28-49.plesk.page\/de\/wp-json\/wp\/v2\/media?parent=3358"}],"wp:term":[{"taxonomy":"product_brand","embeddable":true,"href":"https:\/\/exciting-lichterman.217-160-28-49.plesk.page\/de\/wp-json\/wp\/v2\/product_brand?post=3358"},{"taxonomy":"product_cat","embeddable":true,"href":"https:\/\/exciting-lichterman.217-160-28-49.plesk.page\/de\/wp-json\/wp\/v2\/product_cat?post=3358"},{"taxonomy":"product_tag","embeddable":true,"href":"https:\/\/exciting-lichterman.217-160-28-49.plesk.page\/de\/wp-json\/wp\/v2\/product_tag?post=3358"}],"curies":[{"name":"wp","href":"https:\/\/api.w.org\/{rel}","templated":true}]}}