{"id":3350,"date":"2020-06-03T13:04:24","date_gmt":"2020-06-03T13:04:24","guid":{"rendered":"https:\/\/practical-elbakyan.82-165-223-183.plesk.page\/index.php\/produit\/aiguille-de-tirage-fibre-de-verre-9mm-lg-150m-sur-devidoir-a-roulettes\/"},"modified":"2024-12-02T09:02:15","modified_gmt":"2024-12-02T09:02:15","slug":"aiguille-de-tirage-fibre-de-verre-9mm-lg-150m-sur-devidoir-a-roulettes","status":"publish","type":"product","link":"https:\/\/exciting-lichterman.217-160-28-49.plesk.page\/de\/produkt\/aiguille-de-tirage-fibre-de-verre-9mm-lg-150m-sur-devidoir-a-roulettes\/","title":{"rendered":"Aiguille tire fil \u00d89mm_L 150m sur d\u00e9vidoir \u00e0 roulettes"},"content":{"rendered":"<p><strong>L&rsquo;aiguille tire fil<\/strong> est con\u00e7ue pour r\u00e9pondre aux exigences des chantiers <strong>d&rsquo;aiguillage et de tirage<\/strong> sur le r\u00e9seau de transport et de distribution, ce qui en fait un outil id\u00e9al pour les professionnels de l&rsquo;industrie des t\u00e9l\u00e9communications et de la fibre optique. Elle est aussi dot\u00e9e d&rsquo;un rev\u00eatement lisse qui permet aux c\u00e2bles de glisser facilement lors du tirage, minimisant ainsi les frottements et les risques de dommages aux c\u00e2bles.<\/p>\n<p>Gr\u00e2ce \u00e0 sa conception ergonomique, <strong>l&rsquo;aiguille tire fil<\/strong> permet de tirer les c\u00e2bles sans effort, r\u00e9duisant ainsi la fatigue musculaire pour l&rsquo;op\u00e9rateur. Elle est \u00e9quip\u00e9e d&#8217;embouts de fixation solides et elle est muni d\u2019un frein pour faciliter le d\u00e9roulement en toute s\u00e9curit\u00e9 et par cons\u00e9quent offrir une grande polyvalence sur le chantier.<\/p>","protected":false},"excerpt":{"rendered":"<h2 style=\"font-family:Poppins;font-size:14px; font-weight:400!important; line-height:2\">L&rsquo;aiguille tire fil propos\u00e9e par K2 est un outil performant permettant de faciliter le tirage des c\u00e2bles optiques sur des parcours trac\u00e9s.<\/h2>\n<p> <span style=\"font-size:14px;line-height:2\">Elle est fabriqu\u00e9e \u00e0 base de mat\u00e9riaux de haute qualit\u00e9, notamment de la fibre de verre, ce qui la rend l\u00e9g\u00e8re, solide et durable.<\/span><\/p>","protected":false},"featured_media":19986,"comment_status":"open","ping_status":"closed","template":"","meta":{"_acf_changed":false},"product_brand":[],"product_cat":[71,60],"product_tag":[],"class_list":{"0":"post-3350","1":"product","2":"type-product","3":"status-publish","4":"has-post-thumbnail","6":"product_cat-aiguilles-recharges","7":"product_cat-tirage-aiguillage","9":"first","10":"instock","11":"taxable","12":"shipping-taxable","13":"purchasable","14":"product-type-simple"},"acf":[],"yoast_head":"<!-- This site is optimized with the Yoast SEO plugin v27.4 - https:\/\/yoast.com\/product\/yoast-seo-wordpress\/ -->\n<title>Aiguille tire fil \u00d89mm_L 150m sur d\u00e9vidoir \u00e0 roulettes - K2group Distribution<\/title>\n<meta name=\"robots\" content=\"noindex, follow, max-snippet:-1, max-image-preview:large, max-video-preview:-1\" \/>\n<meta property=\"og:locale\" content=\"de_DE\" \/>\n<meta property=\"og:type\" content=\"article\" \/>\n<meta property=\"og:title\" content=\"Aiguille tire fil \u00d89mm_L 150m sur d\u00e9vidoir \u00e0 roulettes - K2group Distribution\" \/>\n<meta property=\"og:description\" content=\"L&#039;aiguille tire fil propos\u00e9e par K2 est un outil performant permettant de faciliter le tirage des c\u00e2bles optiques sur des parcours trac\u00e9s. Elle est fabriqu\u00e9e \u00e0 base de mat\u00e9riaux de haute qualit\u00e9, notamment de la fibre de verre, ce qui la rend l\u00e9g\u00e8re, solide et durable.\" \/>\n<meta property=\"og:url\" content=\"https:\/\/exciting-lichterman.217-160-28-49.plesk.page\/de\/produkt\/aiguille-de-tirage-fibre-de-verre-9mm-lg-150m-sur-devidoir-a-roulettes\/\" \/>\n<meta property=\"og:site_name\" content=\"K2group Distribution\" \/>\n<meta property=\"article:modified_time\" content=\"2024-12-02T09:02:15+00:00\" \/>\n<meta property=\"og:image\" content=\"https:\/\/exciting-lichterman.217-160-28-49.plesk.page\/wp-content\/uploads\/2020\/06\/1228-Aiguille-de-tirage-fibre-de-verre-9mm-lg-150m-sur-devidoir-a-roulettes.jpg\" \/>\n\t<meta property=\"og:image:width\" content=\"1006\" \/>\n\t<meta property=\"og:image:height\" content=\"1000\" \/>\n\t<meta property=\"og:image:type\" content=\"image\/jpeg\" \/>\n<meta name=\"twitter:card\" content=\"summary_large_image\" \/>\n<meta name=\"twitter:label1\" content=\"Gesch\u00e4tzte Lesezeit\" \/>\n\t<meta name=\"twitter:data1\" content=\"1\u00a0Minute\" \/>\n<script type=\"application\/ld+json\" class=\"yoast-schema-graph\">{\"@context\":\"https:\\\/\\\/schema.org\",\"@graph\":[{\"@type\":\"WebPage\",\"@id\":\"https:\\\/\\\/exciting-lichterman.217-160-28-49.plesk.page\\\/produit\\\/aiguille-de-tirage-fibre-de-verre-9mm-lg-150m-sur-devidoir-a-roulettes\\\/\",\"url\":\"https:\\\/\\\/exciting-lichterman.217-160-28-49.plesk.page\\\/produit\\\/aiguille-de-tirage-fibre-de-verre-9mm-lg-150m-sur-devidoir-a-roulettes\\\/\",\"name\":\"Aiguille tire fil \u00d89mm_L 150m sur d\u00e9vidoir \u00e0 roulettes - K2group Distribution\",\"isPartOf\":{\"@id\":\"https:\\\/\\\/exciting-lichterman.217-160-28-49.plesk.page\\\/#website\"},\"primaryImageOfPage\":{\"@id\":\"https:\\\/\\\/exciting-lichterman.217-160-28-49.plesk.page\\\/produit\\\/aiguille-de-tirage-fibre-de-verre-9mm-lg-150m-sur-devidoir-a-roulettes\\\/#primaryimage\"},\"image\":{\"@id\":\"https:\\\/\\\/exciting-lichterman.217-160-28-49.plesk.page\\\/produit\\\/aiguille-de-tirage-fibre-de-verre-9mm-lg-150m-sur-devidoir-a-roulettes\\\/#primaryimage\"},\"thumbnailUrl\":\"https:\\\/\\\/exciting-lichterman.217-160-28-49.plesk.page\\\/wp-content\\\/uploads\\\/2024\\\/03\\\/1228-Aiguille-de-tirage-fibre-de-verre-9mm-lg-150m-sur-devidoir-a-roulettes.jpg\",\"datePublished\":\"2020-06-03T13:04:24+00:00\",\"dateModified\":\"2024-12-02T09:02:15+00:00\",\"breadcrumb\":{\"@id\":\"https:\\\/\\\/exciting-lichterman.217-160-28-49.plesk.page\\\/produit\\\/aiguille-de-tirage-fibre-de-verre-9mm-lg-150m-sur-devidoir-a-roulettes\\\/#breadcrumb\"},\"inLanguage\":\"de\",\"potentialAction\":[{\"@type\":\"ReadAction\",\"target\":[\"https:\\\/\\\/exciting-lichterman.217-160-28-49.plesk.page\\\/produit\\\/aiguille-de-tirage-fibre-de-verre-9mm-lg-150m-sur-devidoir-a-roulettes\\\/\"]}]},{\"@type\":\"ImageObject\",\"inLanguage\":\"de\",\"@id\":\"https:\\\/\\\/exciting-lichterman.217-160-28-49.plesk.page\\\/produit\\\/aiguille-de-tirage-fibre-de-verre-9mm-lg-150m-sur-devidoir-a-roulettes\\\/#primaryimage\",\"url\":\"https:\\\/\\\/exciting-lichterman.217-160-28-49.plesk.page\\\/wp-content\\\/uploads\\\/2024\\\/03\\\/1228-Aiguille-de-tirage-fibre-de-verre-9mm-lg-150m-sur-devidoir-a-roulettes.jpg\",\"contentUrl\":\"https:\\\/\\\/exciting-lichterman.217-160-28-49.plesk.page\\\/wp-content\\\/uploads\\\/2024\\\/03\\\/1228-Aiguille-de-tirage-fibre-de-verre-9mm-lg-150m-sur-devidoir-a-roulettes.jpg\",\"width\":1006,\"height\":1000},{\"@type\":\"BreadcrumbList\",\"@id\":\"https:\\\/\\\/exciting-lichterman.217-160-28-49.plesk.page\\\/produit\\\/aiguille-de-tirage-fibre-de-verre-9mm-lg-150m-sur-devidoir-a-roulettes\\\/#breadcrumb\",\"itemListElement\":[{\"@type\":\"ListItem\",\"position\":1,\"name\":\"Accueil\",\"item\":\"https:\\\/\\\/exciting-lichterman.217-160-28-49.plesk.page\\\/\"},{\"@type\":\"ListItem\",\"position\":2,\"name\":\"Boutique\",\"item\":\"https:\\\/\\\/exciting-lichterman.217-160-28-49.plesk.page\\\/boutique\\\/\"},{\"@type\":\"ListItem\",\"position\":3,\"name\":\"Aiguille tire fil \u00d89mm_L 150m sur d\u00e9vidoir \u00e0 roulettes\"}]},{\"@type\":\"WebSite\",\"@id\":\"https:\\\/\\\/exciting-lichterman.217-160-28-49.plesk.page\\\/#website\",\"url\":\"https:\\\/\\\/exciting-lichterman.217-160-28-49.plesk.page\\\/\",\"name\":\"K2group Distribution\",\"description\":\"\",\"publisher\":{\"@id\":\"https:\\\/\\\/exciting-lichterman.217-160-28-49.plesk.page\\\/#organization\"},\"potentialAction\":[{\"@type\":\"SearchAction\",\"target\":{\"@type\":\"EntryPoint\",\"urlTemplate\":\"https:\\\/\\\/exciting-lichterman.217-160-28-49.plesk.page\\\/?s={search_term_string}\"},\"query-input\":{\"@type\":\"PropertyValueSpecification\",\"valueRequired\":true,\"valueName\":\"search_term_string\"}}],\"inLanguage\":\"de\"},{\"@type\":\"Organization\",\"@id\":\"https:\\\/\\\/exciting-lichterman.217-160-28-49.plesk.page\\\/#organization\",\"name\":\"K2group Distribution\",\"url\":\"https:\\\/\\\/exciting-lichterman.217-160-28-49.plesk.page\\\/\",\"logo\":{\"@type\":\"ImageObject\",\"inLanguage\":\"de\",\"@id\":\"https:\\\/\\\/exciting-lichterman.217-160-28-49.plesk.page\\\/#\\\/schema\\\/logo\\\/image\\\/\",\"url\":\"https:\\\/\\\/exciting-lichterman.217-160-28-49.plesk.page\\\/wp-content\\\/uploads\\\/2022\\\/04\\\/logo-K2.png\",\"contentUrl\":\"https:\\\/\\\/exciting-lichterman.217-160-28-49.plesk.page\\\/wp-content\\\/uploads\\\/2022\\\/04\\\/logo-K2.png\",\"width\":155,\"height\":66,\"caption\":\"K2group Distribution\"},\"image\":{\"@id\":\"https:\\\/\\\/exciting-lichterman.217-160-28-49.plesk.page\\\/#\\\/schema\\\/logo\\\/image\\\/\"}}]}<\/script>\n<!-- \/ Yoast SEO plugin. -->","yoast_head_json":{"title":"Aiguille tire fil \u00d89mm_L 150m sur d\u00e9vidoir \u00e0 roulettes - K2group Distribution","robots":{"index":"noindex","follow":"follow","max-snippet":"max-snippet:-1","max-image-preview":"max-image-preview:large","max-video-preview":"max-video-preview:-1"},"og_locale":"de_DE","og_type":"article","og_title":"Aiguille tire fil \u00d89mm_L 150m sur d\u00e9vidoir \u00e0 roulettes - K2group Distribution","og_description":"L'aiguille tire fil propos\u00e9e par K2 est un outil performant permettant de faciliter le tirage des c\u00e2bles optiques sur des parcours trac\u00e9s. Elle est fabriqu\u00e9e \u00e0 base de mat\u00e9riaux de haute qualit\u00e9, notamment de la fibre de verre, ce qui la rend l\u00e9g\u00e8re, solide et durable.","og_url":"https:\/\/exciting-lichterman.217-160-28-49.plesk.page\/de\/produkt\/aiguille-de-tirage-fibre-de-verre-9mm-lg-150m-sur-devidoir-a-roulettes\/","og_site_name":"K2group Distribution","article_modified_time":"2024-12-02T09:02:15+00:00","og_image":[{"width":1006,"height":1000,"url":"https:\/\/exciting-lichterman.217-160-28-49.plesk.page\/wp-content\/uploads\/2020\/06\/1228-Aiguille-de-tirage-fibre-de-verre-9mm-lg-150m-sur-devidoir-a-roulettes.jpg","type":"image\/jpeg"}],"twitter_card":"summary_large_image","twitter_misc":{"Gesch\u00e4tzte Lesezeit":"1\u00a0Minute"},"schema":{"@context":"https:\/\/schema.org","@graph":[{"@type":"WebPage","@id":"https:\/\/exciting-lichterman.217-160-28-49.plesk.page\/produit\/aiguille-de-tirage-fibre-de-verre-9mm-lg-150m-sur-devidoir-a-roulettes\/","url":"https:\/\/exciting-lichterman.217-160-28-49.plesk.page\/produit\/aiguille-de-tirage-fibre-de-verre-9mm-lg-150m-sur-devidoir-a-roulettes\/","name":"Aiguille tire fil \u00d89mm_L 150m sur d\u00e9vidoir \u00e0 roulettes - K2group Distribution","isPartOf":{"@id":"https:\/\/exciting-lichterman.217-160-28-49.plesk.page\/#website"},"primaryImageOfPage":{"@id":"https:\/\/exciting-lichterman.217-160-28-49.plesk.page\/produit\/aiguille-de-tirage-fibre-de-verre-9mm-lg-150m-sur-devidoir-a-roulettes\/#primaryimage"},"image":{"@id":"https:\/\/exciting-lichterman.217-160-28-49.plesk.page\/produit\/aiguille-de-tirage-fibre-de-verre-9mm-lg-150m-sur-devidoir-a-roulettes\/#primaryimage"},"thumbnailUrl":"https:\/\/exciting-lichterman.217-160-28-49.plesk.page\/wp-content\/uploads\/2024\/03\/1228-Aiguille-de-tirage-fibre-de-verre-9mm-lg-150m-sur-devidoir-a-roulettes.jpg","datePublished":"2020-06-03T13:04:24+00:00","dateModified":"2024-12-02T09:02:15+00:00","breadcrumb":{"@id":"https:\/\/exciting-lichterman.217-160-28-49.plesk.page\/produit\/aiguille-de-tirage-fibre-de-verre-9mm-lg-150m-sur-devidoir-a-roulettes\/#breadcrumb"},"inLanguage":"de","potentialAction":[{"@type":"ReadAction","target":["https:\/\/exciting-lichterman.217-160-28-49.plesk.page\/produit\/aiguille-de-tirage-fibre-de-verre-9mm-lg-150m-sur-devidoir-a-roulettes\/"]}]},{"@type":"ImageObject","inLanguage":"de","@id":"https:\/\/exciting-lichterman.217-160-28-49.plesk.page\/produit\/aiguille-de-tirage-fibre-de-verre-9mm-lg-150m-sur-devidoir-a-roulettes\/#primaryimage","url":"https:\/\/exciting-lichterman.217-160-28-49.plesk.page\/wp-content\/uploads\/2024\/03\/1228-Aiguille-de-tirage-fibre-de-verre-9mm-lg-150m-sur-devidoir-a-roulettes.jpg","contentUrl":"https:\/\/exciting-lichterman.217-160-28-49.plesk.page\/wp-content\/uploads\/2024\/03\/1228-Aiguille-de-tirage-fibre-de-verre-9mm-lg-150m-sur-devidoir-a-roulettes.jpg","width":1006,"height":1000},{"@type":"BreadcrumbList","@id":"https:\/\/exciting-lichterman.217-160-28-49.plesk.page\/produit\/aiguille-de-tirage-fibre-de-verre-9mm-lg-150m-sur-devidoir-a-roulettes\/#breadcrumb","itemListElement":[{"@type":"ListItem","position":1,"name":"Accueil","item":"https:\/\/exciting-lichterman.217-160-28-49.plesk.page\/"},{"@type":"ListItem","position":2,"name":"Boutique","item":"https:\/\/exciting-lichterman.217-160-28-49.plesk.page\/boutique\/"},{"@type":"ListItem","position":3,"name":"Aiguille tire fil \u00d89mm_L 150m sur d\u00e9vidoir \u00e0 roulettes"}]},{"@type":"WebSite","@id":"https:\/\/exciting-lichterman.217-160-28-49.plesk.page\/#website","url":"https:\/\/exciting-lichterman.217-160-28-49.plesk.page\/","name":"K2group Distribution","description":"","publisher":{"@id":"https:\/\/exciting-lichterman.217-160-28-49.plesk.page\/#organization"},"potentialAction":[{"@type":"SearchAction","target":{"@type":"EntryPoint","urlTemplate":"https:\/\/exciting-lichterman.217-160-28-49.plesk.page\/?s={search_term_string}"},"query-input":{"@type":"PropertyValueSpecification","valueRequired":true,"valueName":"search_term_string"}}],"inLanguage":"de"},{"@type":"Organization","@id":"https:\/\/exciting-lichterman.217-160-28-49.plesk.page\/#organization","name":"K2group Distribution","url":"https:\/\/exciting-lichterman.217-160-28-49.plesk.page\/","logo":{"@type":"ImageObject","inLanguage":"de","@id":"https:\/\/exciting-lichterman.217-160-28-49.plesk.page\/#\/schema\/logo\/image\/","url":"https:\/\/exciting-lichterman.217-160-28-49.plesk.page\/wp-content\/uploads\/2022\/04\/logo-K2.png","contentUrl":"https:\/\/exciting-lichterman.217-160-28-49.plesk.page\/wp-content\/uploads\/2022\/04\/logo-K2.png","width":155,"height":66,"caption":"K2group Distribution"},"image":{"@id":"https:\/\/exciting-lichterman.217-160-28-49.plesk.page\/#\/schema\/logo\/image\/"}}]}},"_links":{"self":[{"href":"https:\/\/exciting-lichterman.217-160-28-49.plesk.page\/de\/wp-json\/wp\/v2\/product\/3350","targetHints":{"allow":["GET"]}}],"collection":[{"href":"https:\/\/exciting-lichterman.217-160-28-49.plesk.page\/de\/wp-json\/wp\/v2\/product"}],"about":[{"href":"https:\/\/exciting-lichterman.217-160-28-49.plesk.page\/de\/wp-json\/wp\/v2\/types\/product"}],"replies":[{"embeddable":true,"href":"https:\/\/exciting-lichterman.217-160-28-49.plesk.page\/de\/wp-json\/wp\/v2\/comments?post=3350"}],"version-history":[{"count":8,"href":"https:\/\/exciting-lichterman.217-160-28-49.plesk.page\/de\/wp-json\/wp\/v2\/product\/3350\/revisions"}],"predecessor-version":[{"id":19987,"href":"https:\/\/exciting-lichterman.217-160-28-49.plesk.page\/de\/wp-json\/wp\/v2\/product\/3350\/revisions\/19987"}],"wp:featuredmedia":[{"embeddable":true,"href":"https:\/\/exciting-lichterman.217-160-28-49.plesk.page\/de\/wp-json\/wp\/v2\/media\/19986"}],"wp:attachment":[{"href":"https:\/\/exciting-lichterman.217-160-28-49.plesk.page\/de\/wp-json\/wp\/v2\/media?parent=3350"}],"wp:term":[{"taxonomy":"product_brand","embeddable":true,"href":"https:\/\/exciting-lichterman.217-160-28-49.plesk.page\/de\/wp-json\/wp\/v2\/product_brand?post=3350"},{"taxonomy":"product_cat","embeddable":true,"href":"https:\/\/exciting-lichterman.217-160-28-49.plesk.page\/de\/wp-json\/wp\/v2\/product_cat?post=3350"},{"taxonomy":"product_tag","embeddable":true,"href":"https:\/\/exciting-lichterman.217-160-28-49.plesk.page\/de\/wp-json\/wp\/v2\/product_tag?post=3350"}],"curies":[{"name":"wp","href":"https:\/\/api.w.org\/{rel}","templated":true}]}}