{"id":21036,"date":"2024-03-18T09:50:29","date_gmt":"2024-03-18T09:50:29","guid":{"rendered":"https:\/\/exciting-lichterman.217-160-28-49.plesk.page\/?post_type=product&#038;p=21036"},"modified":"2024-03-18T09:53:25","modified_gmt":"2024-03-18T09:53:25","slug":"qualificateur-10g-cablage-passif-rj45-signaltek-pro-2","status":"publish","type":"product","link":"https:\/\/exciting-lichterman.217-160-28-49.plesk.page\/de\/produkt\/qualificateur-10g-cablage-passif-rj45-signaltek-pro-2\/","title":{"rendered":"Qualificateur  10G c\u00e2blage passif RJ45 SignalTEK PRO"},"content":{"rendered":"<h2 style=\"font-family:Poppins;font-size:14px; font-weight:400!important; line-height:2\">Le d\u00e9panneur et testeur de bande passante Ethernet SignalTEK 10G PRO est un outil efficace qui mesure la bande passante maximale du c\u00e2blage r\u00e9seau jusqu&rsquo;\u00e0 10 gigabits par seconde.<\/h2>\n<p>Cet \u00e9quipement performant permet aux utilisateurs de tester, d\u00e9panner et documenter les performances du r\u00e9seau et des c\u00e2bles de donn\u00e9es conform\u00e9ment aux normes Ethernet 10 Gigabit.<br \/>\nGr\u00e2ce \u00e0 sa connectivit\u00e9 Wi-Fi int\u00e9gr\u00e9e, il se connecte facilement au syst\u00e8me gratuit de gestion des tests AnyWARE Cloud, offrant une pr\u00e9-configuration pour \u00e9viter les erreurs sur site. De plus, Il dispose d&rsquo;une connectivit\u00e9 USB pour le transfert des donn\u00e9es de test. <\/p>\n<p>Le d\u00e9panneur propose des rapports PDF int\u00e9gr\u00e9s pour fournir une preuve de performance aux clients. Ainsi que son interface utilisateur est intuitive, simplifiant la configuration et l&rsquo;utilisation. <\/p>\n<p>Le SignalTEK 10G PRO est aussi dot\u00e9 d&rsquo;un \u00e9cran tactile haute r\u00e9solution r\u00e9sistant aux chocs, ce qui lui rend pratique \u00e0 utiliser. Ainsi, il est \u00e9quip\u00e9 d&rsquo;un haut-parleur de charge interne qui \u00e9met des tonalit\u00e9s audibles pour aider les utilisateurs lors des tests.<br \/>\nSa conception robuste avec un bo\u00eetier caoutchout\u00e9, un \u00e9cran prot\u00e9g\u00e9 et un port de mesure prot\u00e9g\u00e9 assure sa durabilit\u00e9. Outre, et pour un \u00e9tiquetage rapide et pr\u00e9cis, cet outil polyvalent et fiable offre la connectivit\u00e9 de l&rsquo;imprimante, permettant d&rsquo;envoyer facilement des identifiants d&rsquo;\u00e9tiquettes .<\/p>\n<p><strong>Contenu du kit <\/strong><br \/>\n1 ensemble d&rsquo;\u00e9crans\/t\u00e9l\u00e9commandes SignalTEK 10G avec test de fibre, 2 batteries Li-ion, 2 sangles de suspension, 2 alimentations, 2 c\u00e2bles de raccordement blind\u00e9s Cat 6A de 2m, 1 mallette de transport, 1 guide de r\u00e9f\u00e9rence rapide.<\/p>","protected":false},"excerpt":{"rendered":"<p>R\u00e9f\u00e9rence : 157003<br \/>\nMarque: Trend Networks<br \/>\nType : SignalTEK PRO<br \/>\nType d&rsquo;\u00e9quipement : Testeur et d\u00e9panneur r\u00e9seaux<br \/>\n\u00c9cran : \u00c9cran tactile haute r\u00e9solution<br \/>\nHaut-parleur : Oui<br \/>\nWIFI : Oui<\/p>","protected":false},"featured_media":21132,"comment_status":"open","ping_status":"closed","template":"","meta":{"_acf_changed":false},"product_brand":[],"product_cat":[1189,1096,67],"product_tag":[],"class_list":{"0":"post-21036","1":"product","2":"type-product","3":"status-publish","4":"has-post-thumbnail","6":"product_cat-certificateur-de-cablage","7":"product_cat-mesure-cuivre","8":"product_cat-test-mesure","10":"first","11":"instock","12":"taxable","13":"shipping-taxable","14":"product-type-simple"},"acf":[],"yoast_head":"<!-- This site is optimized with the Yoast SEO plugin v27.4 - https:\/\/yoast.com\/product\/yoast-seo-wordpress\/ -->\n<title>Qualificateur 10G c\u00e2blage passif RJ45 SignalTEK PRO - K2group Distribution<\/title>\n<meta name=\"robots\" content=\"noindex, follow, max-snippet:-1, max-image-preview:large, max-video-preview:-1\" \/>\n<meta property=\"og:locale\" content=\"de_DE\" \/>\n<meta property=\"og:type\" content=\"article\" \/>\n<meta property=\"og:title\" content=\"Qualificateur 10G c\u00e2blage passif RJ45 SignalTEK PRO - K2group Distribution\" \/>\n<meta property=\"og:description\" content=\"R\u00e9f\u00e9rence : 157003 Marque: Trend Networks Type : SignalTEK PRO Type d&#039;\u00e9quipement : Testeur et d\u00e9panneur r\u00e9seaux \u00c9cran : \u00c9cran tactile haute r\u00e9solution Haut-parleur : Oui WIFI : Oui\" \/>\n<meta property=\"og:url\" content=\"https:\/\/exciting-lichterman.217-160-28-49.plesk.page\/de\/produkt\/qualificateur-10g-cablage-passif-rj45-signaltek-pro-2\/\" \/>\n<meta property=\"og:site_name\" content=\"K2group Distribution\" \/>\n<meta property=\"article:modified_time\" content=\"2024-03-18T09:53:25+00:00\" \/>\n<meta name=\"twitter:card\" content=\"summary_large_image\" \/>\n<meta name=\"twitter:label1\" content=\"Gesch\u00e4tzte Lesezeit\" \/>\n\t<meta name=\"twitter:data1\" content=\"1\u00a0Minute\" \/>\n<script type=\"application\/ld+json\" class=\"yoast-schema-graph\">{\"@context\":\"https:\\\/\\\/schema.org\",\"@graph\":[{\"@type\":\"WebPage\",\"@id\":\"https:\\\/\\\/exciting-lichterman.217-160-28-49.plesk.page\\\/produit\\\/qualificateur-10g-cablage-passif-rj45-signaltek-pro-2\\\/\",\"url\":\"https:\\\/\\\/exciting-lichterman.217-160-28-49.plesk.page\\\/produit\\\/qualificateur-10g-cablage-passif-rj45-signaltek-pro-2\\\/\",\"name\":\"Qualificateur 10G c\u00e2blage passif RJ45 SignalTEK PRO - K2group Distribution\",\"isPartOf\":{\"@id\":\"https:\\\/\\\/exciting-lichterman.217-160-28-49.plesk.page\\\/#website\"},\"primaryImageOfPage\":{\"@id\":\"https:\\\/\\\/exciting-lichterman.217-160-28-49.plesk.page\\\/produit\\\/qualificateur-10g-cablage-passif-rj45-signaltek-pro-2\\\/#primaryimage\"},\"image\":{\"@id\":\"https:\\\/\\\/exciting-lichterman.217-160-28-49.plesk.page\\\/produit\\\/qualificateur-10g-cablage-passif-rj45-signaltek-pro-2\\\/#primaryimage\"},\"thumbnailUrl\":\"https:\\\/\\\/exciting-lichterman.217-160-28-49.plesk.page\\\/wp-content\\\/uploads\\\/2024\\\/03\\\/r157003-3.webp\",\"datePublished\":\"2024-03-18T09:50:29+00:00\",\"dateModified\":\"2024-03-18T09:53:25+00:00\",\"breadcrumb\":{\"@id\":\"https:\\\/\\\/exciting-lichterman.217-160-28-49.plesk.page\\\/produit\\\/qualificateur-10g-cablage-passif-rj45-signaltek-pro-2\\\/#breadcrumb\"},\"inLanguage\":\"de\",\"potentialAction\":[{\"@type\":\"ReadAction\",\"target\":[\"https:\\\/\\\/exciting-lichterman.217-160-28-49.plesk.page\\\/produit\\\/qualificateur-10g-cablage-passif-rj45-signaltek-pro-2\\\/\"]}]},{\"@type\":\"ImageObject\",\"inLanguage\":\"de\",\"@id\":\"https:\\\/\\\/exciting-lichterman.217-160-28-49.plesk.page\\\/produit\\\/qualificateur-10g-cablage-passif-rj45-signaltek-pro-2\\\/#primaryimage\",\"url\":\"https:\\\/\\\/exciting-lichterman.217-160-28-49.plesk.page\\\/wp-content\\\/uploads\\\/2024\\\/03\\\/r157003-3.webp\",\"contentUrl\":\"https:\\\/\\\/exciting-lichterman.217-160-28-49.plesk.page\\\/wp-content\\\/uploads\\\/2024\\\/03\\\/r157003-3.webp\",\"width\":2560,\"height\":2545},{\"@type\":\"BreadcrumbList\",\"@id\":\"https:\\\/\\\/exciting-lichterman.217-160-28-49.plesk.page\\\/produit\\\/qualificateur-10g-cablage-passif-rj45-signaltek-pro-2\\\/#breadcrumb\",\"itemListElement\":[{\"@type\":\"ListItem\",\"position\":1,\"name\":\"Accueil\",\"item\":\"https:\\\/\\\/exciting-lichterman.217-160-28-49.plesk.page\\\/\"},{\"@type\":\"ListItem\",\"position\":2,\"name\":\"Boutique\",\"item\":\"https:\\\/\\\/exciting-lichterman.217-160-28-49.plesk.page\\\/boutique\\\/\"},{\"@type\":\"ListItem\",\"position\":3,\"name\":\"Qualificateur 10G c\u00e2blage passif RJ45 SignalTEK PRO\"}]},{\"@type\":\"WebSite\",\"@id\":\"https:\\\/\\\/exciting-lichterman.217-160-28-49.plesk.page\\\/#website\",\"url\":\"https:\\\/\\\/exciting-lichterman.217-160-28-49.plesk.page\\\/\",\"name\":\"K2group Distribution\",\"description\":\"\",\"publisher\":{\"@id\":\"https:\\\/\\\/exciting-lichterman.217-160-28-49.plesk.page\\\/#organization\"},\"potentialAction\":[{\"@type\":\"SearchAction\",\"target\":{\"@type\":\"EntryPoint\",\"urlTemplate\":\"https:\\\/\\\/exciting-lichterman.217-160-28-49.plesk.page\\\/?s={search_term_string}\"},\"query-input\":{\"@type\":\"PropertyValueSpecification\",\"valueRequired\":true,\"valueName\":\"search_term_string\"}}],\"inLanguage\":\"de\"},{\"@type\":\"Organization\",\"@id\":\"https:\\\/\\\/exciting-lichterman.217-160-28-49.plesk.page\\\/#organization\",\"name\":\"K2group Distribution\",\"url\":\"https:\\\/\\\/exciting-lichterman.217-160-28-49.plesk.page\\\/\",\"logo\":{\"@type\":\"ImageObject\",\"inLanguage\":\"de\",\"@id\":\"https:\\\/\\\/exciting-lichterman.217-160-28-49.plesk.page\\\/#\\\/schema\\\/logo\\\/image\\\/\",\"url\":\"https:\\\/\\\/exciting-lichterman.217-160-28-49.plesk.page\\\/wp-content\\\/uploads\\\/2022\\\/04\\\/logo-K2.png\",\"contentUrl\":\"https:\\\/\\\/exciting-lichterman.217-160-28-49.plesk.page\\\/wp-content\\\/uploads\\\/2022\\\/04\\\/logo-K2.png\",\"width\":155,\"height\":66,\"caption\":\"K2group Distribution\"},\"image\":{\"@id\":\"https:\\\/\\\/exciting-lichterman.217-160-28-49.plesk.page\\\/#\\\/schema\\\/logo\\\/image\\\/\"}}]}<\/script>\n<!-- \/ Yoast SEO plugin. -->","yoast_head_json":{"title":"Qualificateur 10G c\u00e2blage passif RJ45 SignalTEK PRO - K2group Distribution","robots":{"index":"noindex","follow":"follow","max-snippet":"max-snippet:-1","max-image-preview":"max-image-preview:large","max-video-preview":"max-video-preview:-1"},"og_locale":"de_DE","og_type":"article","og_title":"Qualificateur 10G c\u00e2blage passif RJ45 SignalTEK PRO - K2group Distribution","og_description":"R\u00e9f\u00e9rence : 157003 Marque: Trend Networks Type : SignalTEK PRO Type d'\u00e9quipement : Testeur et d\u00e9panneur r\u00e9seaux \u00c9cran : \u00c9cran tactile haute r\u00e9solution Haut-parleur : Oui WIFI : Oui","og_url":"https:\/\/exciting-lichterman.217-160-28-49.plesk.page\/de\/produkt\/qualificateur-10g-cablage-passif-rj45-signaltek-pro-2\/","og_site_name":"K2group Distribution","article_modified_time":"2024-03-18T09:53:25+00:00","twitter_card":"summary_large_image","twitter_misc":{"Gesch\u00e4tzte Lesezeit":"1\u00a0Minute"},"schema":{"@context":"https:\/\/schema.org","@graph":[{"@type":"WebPage","@id":"https:\/\/exciting-lichterman.217-160-28-49.plesk.page\/produit\/qualificateur-10g-cablage-passif-rj45-signaltek-pro-2\/","url":"https:\/\/exciting-lichterman.217-160-28-49.plesk.page\/produit\/qualificateur-10g-cablage-passif-rj45-signaltek-pro-2\/","name":"Qualificateur 10G c\u00e2blage passif RJ45 SignalTEK PRO - K2group Distribution","isPartOf":{"@id":"https:\/\/exciting-lichterman.217-160-28-49.plesk.page\/#website"},"primaryImageOfPage":{"@id":"https:\/\/exciting-lichterman.217-160-28-49.plesk.page\/produit\/qualificateur-10g-cablage-passif-rj45-signaltek-pro-2\/#primaryimage"},"image":{"@id":"https:\/\/exciting-lichterman.217-160-28-49.plesk.page\/produit\/qualificateur-10g-cablage-passif-rj45-signaltek-pro-2\/#primaryimage"},"thumbnailUrl":"https:\/\/exciting-lichterman.217-160-28-49.plesk.page\/wp-content\/uploads\/2024\/03\/r157003-3.webp","datePublished":"2024-03-18T09:50:29+00:00","dateModified":"2024-03-18T09:53:25+00:00","breadcrumb":{"@id":"https:\/\/exciting-lichterman.217-160-28-49.plesk.page\/produit\/qualificateur-10g-cablage-passif-rj45-signaltek-pro-2\/#breadcrumb"},"inLanguage":"de","potentialAction":[{"@type":"ReadAction","target":["https:\/\/exciting-lichterman.217-160-28-49.plesk.page\/produit\/qualificateur-10g-cablage-passif-rj45-signaltek-pro-2\/"]}]},{"@type":"ImageObject","inLanguage":"de","@id":"https:\/\/exciting-lichterman.217-160-28-49.plesk.page\/produit\/qualificateur-10g-cablage-passif-rj45-signaltek-pro-2\/#primaryimage","url":"https:\/\/exciting-lichterman.217-160-28-49.plesk.page\/wp-content\/uploads\/2024\/03\/r157003-3.webp","contentUrl":"https:\/\/exciting-lichterman.217-160-28-49.plesk.page\/wp-content\/uploads\/2024\/03\/r157003-3.webp","width":2560,"height":2545},{"@type":"BreadcrumbList","@id":"https:\/\/exciting-lichterman.217-160-28-49.plesk.page\/produit\/qualificateur-10g-cablage-passif-rj45-signaltek-pro-2\/#breadcrumb","itemListElement":[{"@type":"ListItem","position":1,"name":"Accueil","item":"https:\/\/exciting-lichterman.217-160-28-49.plesk.page\/"},{"@type":"ListItem","position":2,"name":"Boutique","item":"https:\/\/exciting-lichterman.217-160-28-49.plesk.page\/boutique\/"},{"@type":"ListItem","position":3,"name":"Qualificateur 10G c\u00e2blage passif RJ45 SignalTEK PRO"}]},{"@type":"WebSite","@id":"https:\/\/exciting-lichterman.217-160-28-49.plesk.page\/#website","url":"https:\/\/exciting-lichterman.217-160-28-49.plesk.page\/","name":"K2group Distribution","description":"","publisher":{"@id":"https:\/\/exciting-lichterman.217-160-28-49.plesk.page\/#organization"},"potentialAction":[{"@type":"SearchAction","target":{"@type":"EntryPoint","urlTemplate":"https:\/\/exciting-lichterman.217-160-28-49.plesk.page\/?s={search_term_string}"},"query-input":{"@type":"PropertyValueSpecification","valueRequired":true,"valueName":"search_term_string"}}],"inLanguage":"de"},{"@type":"Organization","@id":"https:\/\/exciting-lichterman.217-160-28-49.plesk.page\/#organization","name":"K2group Distribution","url":"https:\/\/exciting-lichterman.217-160-28-49.plesk.page\/","logo":{"@type":"ImageObject","inLanguage":"de","@id":"https:\/\/exciting-lichterman.217-160-28-49.plesk.page\/#\/schema\/logo\/image\/","url":"https:\/\/exciting-lichterman.217-160-28-49.plesk.page\/wp-content\/uploads\/2022\/04\/logo-K2.png","contentUrl":"https:\/\/exciting-lichterman.217-160-28-49.plesk.page\/wp-content\/uploads\/2022\/04\/logo-K2.png","width":155,"height":66,"caption":"K2group Distribution"},"image":{"@id":"https:\/\/exciting-lichterman.217-160-28-49.plesk.page\/#\/schema\/logo\/image\/"}}]}},"_links":{"self":[{"href":"https:\/\/exciting-lichterman.217-160-28-49.plesk.page\/de\/wp-json\/wp\/v2\/product\/21036","targetHints":{"allow":["GET"]}}],"collection":[{"href":"https:\/\/exciting-lichterman.217-160-28-49.plesk.page\/de\/wp-json\/wp\/v2\/product"}],"about":[{"href":"https:\/\/exciting-lichterman.217-160-28-49.plesk.page\/de\/wp-json\/wp\/v2\/types\/product"}],"replies":[{"embeddable":true,"href":"https:\/\/exciting-lichterman.217-160-28-49.plesk.page\/de\/wp-json\/wp\/v2\/comments?post=21036"}],"version-history":[{"count":1,"href":"https:\/\/exciting-lichterman.217-160-28-49.plesk.page\/de\/wp-json\/wp\/v2\/product\/21036\/revisions"}],"predecessor-version":[{"id":21133,"href":"https:\/\/exciting-lichterman.217-160-28-49.plesk.page\/de\/wp-json\/wp\/v2\/product\/21036\/revisions\/21133"}],"wp:featuredmedia":[{"embeddable":true,"href":"https:\/\/exciting-lichterman.217-160-28-49.plesk.page\/de\/wp-json\/wp\/v2\/media\/21132"}],"wp:attachment":[{"href":"https:\/\/exciting-lichterman.217-160-28-49.plesk.page\/de\/wp-json\/wp\/v2\/media?parent=21036"}],"wp:term":[{"taxonomy":"product_brand","embeddable":true,"href":"https:\/\/exciting-lichterman.217-160-28-49.plesk.page\/de\/wp-json\/wp\/v2\/product_brand?post=21036"},{"taxonomy":"product_cat","embeddable":true,"href":"https:\/\/exciting-lichterman.217-160-28-49.plesk.page\/de\/wp-json\/wp\/v2\/product_cat?post=21036"},{"taxonomy":"product_tag","embeddable":true,"href":"https:\/\/exciting-lichterman.217-160-28-49.plesk.page\/de\/wp-json\/wp\/v2\/product_tag?post=21036"}],"curies":[{"name":"wp","href":"https:\/\/api.w.org\/{rel}","templated":true}]}}