{"id":21026,"date":"2024-03-18T09:50:08","date_gmt":"2024-03-18T09:50:08","guid":{"rendered":"https:\/\/exciting-lichterman.217-160-28-49.plesk.page\/?post_type=product&#038;p=21026"},"modified":"2024-03-18T09:53:15","modified_gmt":"2024-03-18T09:53:15","slug":"analyseur-1gb-s-reseaux-actifs-passifs-lanxplorer-2","status":"publish","type":"product","link":"https:\/\/exciting-lichterman.217-160-28-49.plesk.page\/de\/produkt\/analyseur-1gb-s-reseaux-actifs-passifs-lanxplorer-2\/","title":{"rendered":"Analyseur 1Gb\/s r\u00e9seaux actifs, passifs LANXPLORER"},"content":{"rendered":"<h2 style=\"font-size:14px\">K2 vous pr\u00e9sente son nouveau produit LanXPLORER PRO, l&rsquo;outil id\u00e9al en mati\u00e8re d&rsquo;analyse et de diagnostic des probl\u00e8mes li\u00e9s aux r\u00e9seaux, au c\u00e2blage et aux appareils Ethernet, permettant ainsi d&rsquo;offrir une solution compl\u00e8te et performante des r\u00e9seaux.<\/h2>\n<p>Gr\u00e2ce au LanXPLORER PRO, vous pouvez augmenter l&rsquo;efficacit\u00e9 de votre \u00e9quipe en identifiant et en r\u00e9solvant rapidement les probl\u00e8mes de c\u00e2blage. En fait, il se connecte directement au point d&rsquo;int\u00e9r\u00eat, ce qui permet une d\u00e9tection et un traitement rapides des probl\u00e8mes. <\/p>\n<p>Cet \u00e9quipement de r\u00e9seaux vous offre une analyse des performances de la bande passante, un test de charge PoE\/PoE+, un diagnostic du c\u00e2blage, un test de congestion du r\u00e9seau et une fonction de d\u00e9couverte du r\u00e9seau. De plus, il est \u00e9quip\u00e9 d&rsquo;une antenne Wi-Fi 5GHz et d&rsquo;un \u00e9cran tactile pour une utilisation pratique.<\/p>\n<p>Mais ce n&rsquo;est pas tout, le LanXPLORER PRO propose des rapports en temps r\u00e9el via l&rsquo;application mobile AnyWARE qui est disponible sur IOS et Android et donc, vous pouvez envoyer les fichiers PDF contenant les donn\u00e9es du r\u00e9seau par e-mail ou par votre m\u00e9thode de partage de donn\u00e9es pr\u00e9f\u00e9r\u00e9e.<\/p>\n<p><strong>Contenu du kit <\/strong><br \/>\n1 x LanXPLORER Pro, 1 x Terminaison active n\u00b01, 1 x antenne Wi-Fi 5 GHz et 2,4GHz, 1 x Batterie, 1 x Bloc alimentation\/chargeur secteur, 2 x Cordons RJ45 STP 30cm, 1 x Sacoche de transport, 1 x sonde amplificatrice, 1 x Kit de remplacement d\u2019inserts connecteurs RJ45, 1 x Adaptateur Wi-Fi pour l\u2019App.<\/p>","protected":false},"excerpt":{"rendered":"<p>R\u00e9f\u00e9rence : 150001<br \/>\nMarque: Trend Networks<br \/>\nType : LANXPLORER<br \/>\nType d&rsquo;\u00e9quipement : Analyseur de r\u00e9seaux<br \/>\nVie de la batterie : 5 heures<br \/>\nNombre Max de travaux : 30<br \/>\nLongueur Max : 150m<br \/>\nDimensions : 205 x 98 x 45mm<br \/>\nPoids : 0.475kg<\/p>","protected":false},"featured_media":21129,"comment_status":"open","ping_status":"closed","template":"","meta":{"_acf_changed":false},"product_brand":[],"product_cat":[1189,1096,67],"product_tag":[],"class_list":{"0":"post-21026","1":"product","2":"type-product","3":"status-publish","4":"has-post-thumbnail","6":"product_cat-certificateur-de-cablage","7":"product_cat-mesure-cuivre","8":"product_cat-test-mesure","10":"first","11":"instock","12":"taxable","13":"shipping-taxable","14":"product-type-simple"},"acf":[],"yoast_head":"<!-- This site is optimized with the Yoast SEO plugin v27.4 - https:\/\/yoast.com\/product\/yoast-seo-wordpress\/ -->\n<title>Analyseur 1Gb\/s r\u00e9seaux actifs, passifs LANXPLORER - K2group Distribution<\/title>\n<meta name=\"robots\" content=\"noindex, follow, max-snippet:-1, max-image-preview:large, max-video-preview:-1\" \/>\n<meta property=\"og:locale\" content=\"de_DE\" \/>\n<meta property=\"og:type\" content=\"article\" \/>\n<meta property=\"og:title\" content=\"Analyseur 1Gb\/s r\u00e9seaux actifs, passifs LANXPLORER - K2group Distribution\" \/>\n<meta property=\"og:description\" content=\"R\u00e9f\u00e9rence : 150001 Marque: Trend Networks Type : LANXPLORER Type d&#039;\u00e9quipement : Analyseur de r\u00e9seaux Vie de la batterie : 5 heures Nombre Max de travaux : 30 Longueur Max : 150m  Dimensions : 205 x 98 x 45mm Poids : 0.475kg\" \/>\n<meta property=\"og:url\" content=\"https:\/\/exciting-lichterman.217-160-28-49.plesk.page\/de\/produkt\/analyseur-1gb-s-reseaux-actifs-passifs-lanxplorer-2\/\" \/>\n<meta property=\"og:site_name\" content=\"K2group Distribution\" \/>\n<meta property=\"article:modified_time\" content=\"2024-03-18T09:53:15+00:00\" \/>\n<meta name=\"twitter:card\" content=\"summary_large_image\" \/>\n<meta name=\"twitter:label1\" content=\"Gesch\u00e4tzte Lesezeit\" \/>\n\t<meta name=\"twitter:data1\" content=\"1\u00a0Minute\" \/>\n<script type=\"application\/ld+json\" class=\"yoast-schema-graph\">{\"@context\":\"https:\\\/\\\/schema.org\",\"@graph\":[{\"@type\":\"WebPage\",\"@id\":\"https:\\\/\\\/exciting-lichterman.217-160-28-49.plesk.page\\\/produit\\\/analyseur-1gb-s-reseaux-actifs-passifs-lanxplorer-2\\\/\",\"url\":\"https:\\\/\\\/exciting-lichterman.217-160-28-49.plesk.page\\\/produit\\\/analyseur-1gb-s-reseaux-actifs-passifs-lanxplorer-2\\\/\",\"name\":\"Analyseur 1Gb\\\/s r\u00e9seaux actifs, passifs LANXPLORER - K2group Distribution\",\"isPartOf\":{\"@id\":\"https:\\\/\\\/exciting-lichterman.217-160-28-49.plesk.page\\\/#website\"},\"primaryImageOfPage\":{\"@id\":\"https:\\\/\\\/exciting-lichterman.217-160-28-49.plesk.page\\\/produit\\\/analyseur-1gb-s-reseaux-actifs-passifs-lanxplorer-2\\\/#primaryimage\"},\"image\":{\"@id\":\"https:\\\/\\\/exciting-lichterman.217-160-28-49.plesk.page\\\/produit\\\/analyseur-1gb-s-reseaux-actifs-passifs-lanxplorer-2\\\/#primaryimage\"},\"thumbnailUrl\":\"https:\\\/\\\/exciting-lichterman.217-160-28-49.plesk.page\\\/wp-content\\\/uploads\\\/2024\\\/03\\\/150001-1.webp\",\"datePublished\":\"2024-03-18T09:50:08+00:00\",\"dateModified\":\"2024-03-18T09:53:15+00:00\",\"breadcrumb\":{\"@id\":\"https:\\\/\\\/exciting-lichterman.217-160-28-49.plesk.page\\\/produit\\\/analyseur-1gb-s-reseaux-actifs-passifs-lanxplorer-2\\\/#breadcrumb\"},\"inLanguage\":\"de\",\"potentialAction\":[{\"@type\":\"ReadAction\",\"target\":[\"https:\\\/\\\/exciting-lichterman.217-160-28-49.plesk.page\\\/produit\\\/analyseur-1gb-s-reseaux-actifs-passifs-lanxplorer-2\\\/\"]}]},{\"@type\":\"ImageObject\",\"inLanguage\":\"de\",\"@id\":\"https:\\\/\\\/exciting-lichterman.217-160-28-49.plesk.page\\\/produit\\\/analyseur-1gb-s-reseaux-actifs-passifs-lanxplorer-2\\\/#primaryimage\",\"url\":\"https:\\\/\\\/exciting-lichterman.217-160-28-49.plesk.page\\\/wp-content\\\/uploads\\\/2024\\\/03\\\/150001-1.webp\",\"contentUrl\":\"https:\\\/\\\/exciting-lichterman.217-160-28-49.plesk.page\\\/wp-content\\\/uploads\\\/2024\\\/03\\\/150001-1.webp\",\"width\":2560,\"height\":2545},{\"@type\":\"BreadcrumbList\",\"@id\":\"https:\\\/\\\/exciting-lichterman.217-160-28-49.plesk.page\\\/produit\\\/analyseur-1gb-s-reseaux-actifs-passifs-lanxplorer-2\\\/#breadcrumb\",\"itemListElement\":[{\"@type\":\"ListItem\",\"position\":1,\"name\":\"Accueil\",\"item\":\"https:\\\/\\\/exciting-lichterman.217-160-28-49.plesk.page\\\/\"},{\"@type\":\"ListItem\",\"position\":2,\"name\":\"Boutique\",\"item\":\"https:\\\/\\\/exciting-lichterman.217-160-28-49.plesk.page\\\/boutique\\\/\"},{\"@type\":\"ListItem\",\"position\":3,\"name\":\"Analyseur 1Gb\\\/s r\u00e9seaux actifs, passifs LANXPLORER\"}]},{\"@type\":\"WebSite\",\"@id\":\"https:\\\/\\\/exciting-lichterman.217-160-28-49.plesk.page\\\/#website\",\"url\":\"https:\\\/\\\/exciting-lichterman.217-160-28-49.plesk.page\\\/\",\"name\":\"K2group Distribution\",\"description\":\"\",\"publisher\":{\"@id\":\"https:\\\/\\\/exciting-lichterman.217-160-28-49.plesk.page\\\/#organization\"},\"potentialAction\":[{\"@type\":\"SearchAction\",\"target\":{\"@type\":\"EntryPoint\",\"urlTemplate\":\"https:\\\/\\\/exciting-lichterman.217-160-28-49.plesk.page\\\/?s={search_term_string}\"},\"query-input\":{\"@type\":\"PropertyValueSpecification\",\"valueRequired\":true,\"valueName\":\"search_term_string\"}}],\"inLanguage\":\"de\"},{\"@type\":\"Organization\",\"@id\":\"https:\\\/\\\/exciting-lichterman.217-160-28-49.plesk.page\\\/#organization\",\"name\":\"K2group Distribution\",\"url\":\"https:\\\/\\\/exciting-lichterman.217-160-28-49.plesk.page\\\/\",\"logo\":{\"@type\":\"ImageObject\",\"inLanguage\":\"de\",\"@id\":\"https:\\\/\\\/exciting-lichterman.217-160-28-49.plesk.page\\\/#\\\/schema\\\/logo\\\/image\\\/\",\"url\":\"https:\\\/\\\/exciting-lichterman.217-160-28-49.plesk.page\\\/wp-content\\\/uploads\\\/2022\\\/04\\\/logo-K2.png\",\"contentUrl\":\"https:\\\/\\\/exciting-lichterman.217-160-28-49.plesk.page\\\/wp-content\\\/uploads\\\/2022\\\/04\\\/logo-K2.png\",\"width\":155,\"height\":66,\"caption\":\"K2group Distribution\"},\"image\":{\"@id\":\"https:\\\/\\\/exciting-lichterman.217-160-28-49.plesk.page\\\/#\\\/schema\\\/logo\\\/image\\\/\"}}]}<\/script>\n<!-- \/ Yoast SEO plugin. -->","yoast_head_json":{"title":"Analyseur 1Gb\/s r\u00e9seaux actifs, passifs LANXPLORER - K2group Distribution","robots":{"index":"noindex","follow":"follow","max-snippet":"max-snippet:-1","max-image-preview":"max-image-preview:large","max-video-preview":"max-video-preview:-1"},"og_locale":"de_DE","og_type":"article","og_title":"Analyseur 1Gb\/s r\u00e9seaux actifs, passifs LANXPLORER - K2group Distribution","og_description":"R\u00e9f\u00e9rence : 150001 Marque: Trend Networks Type : LANXPLORER Type d'\u00e9quipement : Analyseur de r\u00e9seaux Vie de la batterie : 5 heures Nombre Max de travaux : 30 Longueur Max : 150m  Dimensions : 205 x 98 x 45mm Poids : 0.475kg","og_url":"https:\/\/exciting-lichterman.217-160-28-49.plesk.page\/de\/produkt\/analyseur-1gb-s-reseaux-actifs-passifs-lanxplorer-2\/","og_site_name":"K2group Distribution","article_modified_time":"2024-03-18T09:53:15+00:00","twitter_card":"summary_large_image","twitter_misc":{"Gesch\u00e4tzte Lesezeit":"1\u00a0Minute"},"schema":{"@context":"https:\/\/schema.org","@graph":[{"@type":"WebPage","@id":"https:\/\/exciting-lichterman.217-160-28-49.plesk.page\/produit\/analyseur-1gb-s-reseaux-actifs-passifs-lanxplorer-2\/","url":"https:\/\/exciting-lichterman.217-160-28-49.plesk.page\/produit\/analyseur-1gb-s-reseaux-actifs-passifs-lanxplorer-2\/","name":"Analyseur 1Gb\/s r\u00e9seaux actifs, passifs LANXPLORER - K2group Distribution","isPartOf":{"@id":"https:\/\/exciting-lichterman.217-160-28-49.plesk.page\/#website"},"primaryImageOfPage":{"@id":"https:\/\/exciting-lichterman.217-160-28-49.plesk.page\/produit\/analyseur-1gb-s-reseaux-actifs-passifs-lanxplorer-2\/#primaryimage"},"image":{"@id":"https:\/\/exciting-lichterman.217-160-28-49.plesk.page\/produit\/analyseur-1gb-s-reseaux-actifs-passifs-lanxplorer-2\/#primaryimage"},"thumbnailUrl":"https:\/\/exciting-lichterman.217-160-28-49.plesk.page\/wp-content\/uploads\/2024\/03\/150001-1.webp","datePublished":"2024-03-18T09:50:08+00:00","dateModified":"2024-03-18T09:53:15+00:00","breadcrumb":{"@id":"https:\/\/exciting-lichterman.217-160-28-49.plesk.page\/produit\/analyseur-1gb-s-reseaux-actifs-passifs-lanxplorer-2\/#breadcrumb"},"inLanguage":"de","potentialAction":[{"@type":"ReadAction","target":["https:\/\/exciting-lichterman.217-160-28-49.plesk.page\/produit\/analyseur-1gb-s-reseaux-actifs-passifs-lanxplorer-2\/"]}]},{"@type":"ImageObject","inLanguage":"de","@id":"https:\/\/exciting-lichterman.217-160-28-49.plesk.page\/produit\/analyseur-1gb-s-reseaux-actifs-passifs-lanxplorer-2\/#primaryimage","url":"https:\/\/exciting-lichterman.217-160-28-49.plesk.page\/wp-content\/uploads\/2024\/03\/150001-1.webp","contentUrl":"https:\/\/exciting-lichterman.217-160-28-49.plesk.page\/wp-content\/uploads\/2024\/03\/150001-1.webp","width":2560,"height":2545},{"@type":"BreadcrumbList","@id":"https:\/\/exciting-lichterman.217-160-28-49.plesk.page\/produit\/analyseur-1gb-s-reseaux-actifs-passifs-lanxplorer-2\/#breadcrumb","itemListElement":[{"@type":"ListItem","position":1,"name":"Accueil","item":"https:\/\/exciting-lichterman.217-160-28-49.plesk.page\/"},{"@type":"ListItem","position":2,"name":"Boutique","item":"https:\/\/exciting-lichterman.217-160-28-49.plesk.page\/boutique\/"},{"@type":"ListItem","position":3,"name":"Analyseur 1Gb\/s r\u00e9seaux actifs, passifs LANXPLORER"}]},{"@type":"WebSite","@id":"https:\/\/exciting-lichterman.217-160-28-49.plesk.page\/#website","url":"https:\/\/exciting-lichterman.217-160-28-49.plesk.page\/","name":"K2group Distribution","description":"","publisher":{"@id":"https:\/\/exciting-lichterman.217-160-28-49.plesk.page\/#organization"},"potentialAction":[{"@type":"SearchAction","target":{"@type":"EntryPoint","urlTemplate":"https:\/\/exciting-lichterman.217-160-28-49.plesk.page\/?s={search_term_string}"},"query-input":{"@type":"PropertyValueSpecification","valueRequired":true,"valueName":"search_term_string"}}],"inLanguage":"de"},{"@type":"Organization","@id":"https:\/\/exciting-lichterman.217-160-28-49.plesk.page\/#organization","name":"K2group Distribution","url":"https:\/\/exciting-lichterman.217-160-28-49.plesk.page\/","logo":{"@type":"ImageObject","inLanguage":"de","@id":"https:\/\/exciting-lichterman.217-160-28-49.plesk.page\/#\/schema\/logo\/image\/","url":"https:\/\/exciting-lichterman.217-160-28-49.plesk.page\/wp-content\/uploads\/2022\/04\/logo-K2.png","contentUrl":"https:\/\/exciting-lichterman.217-160-28-49.plesk.page\/wp-content\/uploads\/2022\/04\/logo-K2.png","width":155,"height":66,"caption":"K2group Distribution"},"image":{"@id":"https:\/\/exciting-lichterman.217-160-28-49.plesk.page\/#\/schema\/logo\/image\/"}}]}},"_links":{"self":[{"href":"https:\/\/exciting-lichterman.217-160-28-49.plesk.page\/de\/wp-json\/wp\/v2\/product\/21026","targetHints":{"allow":["GET"]}}],"collection":[{"href":"https:\/\/exciting-lichterman.217-160-28-49.plesk.page\/de\/wp-json\/wp\/v2\/product"}],"about":[{"href":"https:\/\/exciting-lichterman.217-160-28-49.plesk.page\/de\/wp-json\/wp\/v2\/types\/product"}],"replies":[{"embeddable":true,"href":"https:\/\/exciting-lichterman.217-160-28-49.plesk.page\/de\/wp-json\/wp\/v2\/comments?post=21026"}],"version-history":[{"count":1,"href":"https:\/\/exciting-lichterman.217-160-28-49.plesk.page\/de\/wp-json\/wp\/v2\/product\/21026\/revisions"}],"predecessor-version":[{"id":21130,"href":"https:\/\/exciting-lichterman.217-160-28-49.plesk.page\/de\/wp-json\/wp\/v2\/product\/21026\/revisions\/21130"}],"wp:featuredmedia":[{"embeddable":true,"href":"https:\/\/exciting-lichterman.217-160-28-49.plesk.page\/de\/wp-json\/wp\/v2\/media\/21129"}],"wp:attachment":[{"href":"https:\/\/exciting-lichterman.217-160-28-49.plesk.page\/de\/wp-json\/wp\/v2\/media?parent=21026"}],"wp:term":[{"taxonomy":"product_brand","embeddable":true,"href":"https:\/\/exciting-lichterman.217-160-28-49.plesk.page\/de\/wp-json\/wp\/v2\/product_brand?post=21026"},{"taxonomy":"product_cat","embeddable":true,"href":"https:\/\/exciting-lichterman.217-160-28-49.plesk.page\/de\/wp-json\/wp\/v2\/product_cat?post=21026"},{"taxonomy":"product_tag","embeddable":true,"href":"https:\/\/exciting-lichterman.217-160-28-49.plesk.page\/de\/wp-json\/wp\/v2\/product_tag?post=21026"}],"curies":[{"name":"wp","href":"https:\/\/api.w.org\/{rel}","templated":true}]}}