{"id":21023,"date":"2024-03-18T09:50:08","date_gmt":"2024-03-18T09:50:08","guid":{"rendered":"https:\/\/exciting-lichterman.217-160-28-49.plesk.page\/?post_type=product&#038;p=21023"},"modified":"2024-03-18T09:52:47","modified_gmt":"2024-03-18T09:52:47","slug":"certificateurs-cablages-cuivre-pour-recettes-info-lantek-iv-s-500-2","status":"publish","type":"product","link":"https:\/\/exciting-lichterman.217-160-28-49.plesk.page\/de\/produkt\/certificateurs-cablages-cuivre-pour-recettes-info-lantek-iv-s-500-2\/","title":{"rendered":"Certificateurs c\u00e2blages cuivre pour \u00ab recettes info \u00bb LanTEK IV-S 500"},"content":{"rendered":"<h2 style=\"font-size:16px\">Le certificateur de c\u00e2bles LanTEK IV-S 500 MHz est un outil essentiel pour les professionnels des r\u00e9seaux qui repr\u00e9sente une avanc\u00e9e majeure dans l&rsquo;industrie de la certification de c\u00e2blage offrant ainsi, des gains de temps et une meilleure rentabilit\u00e9.<\/h2>\n<p>Gr\u00e2ce \u00e0 sa vitesse de test exceptionnelle de seulement 7 secondes \u00e0 500 MHz, le LanTEK IV-S vous permet d&rsquo;effectuer des tests de mani\u00e8re rapide et efficace, r\u00e9duisant ainsi les d\u00e9lais et augmentant la productivit\u00e9. De plus, il effectue automatiquement des autotests complets, incluant TCL, ELTCTL, le d\u00e9s\u00e9quilibre de r\u00e9sistance CC, le d\u00e9pannage Time Domain NEXT et le d\u00e9pannage Time Domain Return Loss, sans n\u00e9cessiter de temps de test suppl\u00e9mentaire.<\/p>\n<p>Avec une capacit\u00e9 de stockage interne pouvant atteindre 5000 tests, vous pouvez facilement enregistrer et g\u00e9rer vos r\u00e9sultats. Les adaptateurs de test robustes sont con\u00e7us pour prot\u00e9ger les connecteurs et \u00e9viter tout dommage potentiel. De plus, le LanTEK IV-S peut fonctionner \u00e0 partir de l&rsquo;alimentation secteur ou de la batterie, offrant une flexibilit\u00e9 d&rsquo;utilisation.<\/p>\n<p>L&rsquo;\u00e9cran couleur tactile capacitif haute r\u00e9solution facilite la navigation et l&rsquo;utilisation de l&rsquo;appareil, vous permettant d&rsquo;acc\u00e9der rapidement aux fonctionnalit\u00e9s n\u00e9cessaires. De plus, la connectivit\u00e9 Wi-Fi int\u00e9gr\u00e9e vous offre une option pratique pour transf\u00e9rer les donn\u00e9es et les rapports.<\/p>\n<p><strong>Contenu du kit <\/strong><br \/>\nLanTEK IV-S 500 \u2013 Certificateur de c\u00e2blage 500 Mhz Cat. 6A \/ ISO Classe EA et en dessous. Boitier principal &#038; le r\u00e9cepteur 2 batteries Li-ion, 2 alimentations chargeurs secteur universelles, 2 sangles, 1 guide de prise en main, 1 valise rigide, 2 adaptateurs Permanent Link VisiLINQ RJ45 Cat. 6A, 2 adaptateurs Channel RJ45 Cat. 6A<\/p>","protected":false},"excerpt":{"rendered":"<p>R\u00e9f\u00e9rence : R163008<br \/>\nMarque: Trend Networks<br \/>\nType : LanTEK IV-S 500<br \/>\nType d&rsquo;\u00e9quipement : Certificateur de c\u00e2blage 500<br \/>\nPuissance du processeur doubl\u00e9e : Double-c\u0153ur au lieu d\u2019un single classique<br \/>\nLe double de RAM : Interface utilisateur plus fluide<br \/>\nCapacit\u00e9 doubl\u00e9e de stockage des tests : M\u00e9moire de 5000 tests d\u00e9sormais, et 2500 avant<br \/>\nNouveau logiciel embarqu\u00e9 V 3.0 : Pour rapidit\u00e9 in\u00e9gal\u00e9e jusqu\u2019\u00e0 pr\u00e9sent<br \/>\nTemps de test de 7 secondes pour les tests : \u00c0 500 MHz<\/p>","protected":false},"featured_media":21115,"comment_status":"open","ping_status":"closed","template":"","meta":{"_acf_changed":false},"product_brand":[],"product_cat":[1189,1096,67],"product_tag":[],"class_list":{"0":"post-21023","1":"product","2":"type-product","3":"status-publish","4":"has-post-thumbnail","6":"product_cat-certificateur-de-cablage","7":"product_cat-mesure-cuivre","8":"product_cat-test-mesure","10":"first","11":"instock","12":"taxable","13":"shipping-taxable","14":"product-type-simple"},"acf":[],"yoast_head":"<!-- This site is optimized with the Yoast SEO plugin v27.4 - https:\/\/yoast.com\/product\/yoast-seo-wordpress\/ -->\n<title>Certificateurs c\u00e2blages cuivre pour \u00ab recettes info \u00bb LanTEK IV-S 500 - K2group Distribution<\/title>\n<meta name=\"robots\" content=\"noindex, follow, max-snippet:-1, max-image-preview:large, max-video-preview:-1\" \/>\n<meta property=\"og:locale\" content=\"de_DE\" \/>\n<meta property=\"og:type\" content=\"article\" \/>\n<meta property=\"og:title\" content=\"Certificateurs c\u00e2blages cuivre pour \u00ab recettes info \u00bb LanTEK IV-S 500 - K2group Distribution\" \/>\n<meta property=\"og:description\" content=\"R\u00e9f\u00e9rence : R163008 Marque: Trend Networks Type : LanTEK IV-S 500 Type d&#039;\u00e9quipement : Certificateur de c\u00e2blage 500  Puissance du processeur doubl\u00e9e : Double-c\u0153ur au lieu d\u2019un single classique Le double de RAM : Interface utilisateur plus fluide Capacit\u00e9 doubl\u00e9e de stockage des tests : M\u00e9moire de 5000 tests d\u00e9sormais, et 2500 avant Nouveau logiciel embarqu\u00e9 V 3.0 : Pour rapidit\u00e9 in\u00e9gal\u00e9e jusqu\u2019\u00e0 pr\u00e9sent Temps de test de 7 secondes pour les tests : \u00c0 500 MHz\" \/>\n<meta property=\"og:url\" content=\"https:\/\/exciting-lichterman.217-160-28-49.plesk.page\/de\/produkt\/certificateurs-cablages-cuivre-pour-recettes-info-lantek-iv-s-500-2\/\" \/>\n<meta property=\"og:site_name\" content=\"K2group Distribution\" \/>\n<meta property=\"article:modified_time\" content=\"2024-03-18T09:52:47+00:00\" \/>\n<meta name=\"twitter:card\" content=\"summary_large_image\" \/>\n<meta name=\"twitter:label1\" content=\"Gesch\u00e4tzte Lesezeit\" \/>\n\t<meta name=\"twitter:data1\" content=\"1\u00a0Minute\" \/>\n<script type=\"application\/ld+json\" class=\"yoast-schema-graph\">{\"@context\":\"https:\\\/\\\/schema.org\",\"@graph\":[{\"@type\":\"WebPage\",\"@id\":\"https:\\\/\\\/exciting-lichterman.217-160-28-49.plesk.page\\\/produit\\\/certificateurs-cablages-cuivre-pour-recettes-info-lantek-iv-s-500-2\\\/\",\"url\":\"https:\\\/\\\/exciting-lichterman.217-160-28-49.plesk.page\\\/produit\\\/certificateurs-cablages-cuivre-pour-recettes-info-lantek-iv-s-500-2\\\/\",\"name\":\"Certificateurs c\u00e2blages cuivre pour \u00ab recettes info \u00bb LanTEK IV-S 500 - K2group Distribution\",\"isPartOf\":{\"@id\":\"https:\\\/\\\/exciting-lichterman.217-160-28-49.plesk.page\\\/#website\"},\"primaryImageOfPage\":{\"@id\":\"https:\\\/\\\/exciting-lichterman.217-160-28-49.plesk.page\\\/produit\\\/certificateurs-cablages-cuivre-pour-recettes-info-lantek-iv-s-500-2\\\/#primaryimage\"},\"image\":{\"@id\":\"https:\\\/\\\/exciting-lichterman.217-160-28-49.plesk.page\\\/produit\\\/certificateurs-cablages-cuivre-pour-recettes-info-lantek-iv-s-500-2\\\/#primaryimage\"},\"thumbnailUrl\":\"https:\\\/\\\/exciting-lichterman.217-160-28-49.plesk.page\\\/wp-content\\\/uploads\\\/2024\\\/03\\\/r163008-1.webp\",\"datePublished\":\"2024-03-18T09:50:08+00:00\",\"dateModified\":\"2024-03-18T09:52:47+00:00\",\"breadcrumb\":{\"@id\":\"https:\\\/\\\/exciting-lichterman.217-160-28-49.plesk.page\\\/produit\\\/certificateurs-cablages-cuivre-pour-recettes-info-lantek-iv-s-500-2\\\/#breadcrumb\"},\"inLanguage\":\"de\",\"potentialAction\":[{\"@type\":\"ReadAction\",\"target\":[\"https:\\\/\\\/exciting-lichterman.217-160-28-49.plesk.page\\\/produit\\\/certificateurs-cablages-cuivre-pour-recettes-info-lantek-iv-s-500-2\\\/\"]}]},{\"@type\":\"ImageObject\",\"inLanguage\":\"de\",\"@id\":\"https:\\\/\\\/exciting-lichterman.217-160-28-49.plesk.page\\\/produit\\\/certificateurs-cablages-cuivre-pour-recettes-info-lantek-iv-s-500-2\\\/#primaryimage\",\"url\":\"https:\\\/\\\/exciting-lichterman.217-160-28-49.plesk.page\\\/wp-content\\\/uploads\\\/2024\\\/03\\\/r163008-1.webp\",\"contentUrl\":\"https:\\\/\\\/exciting-lichterman.217-160-28-49.plesk.page\\\/wp-content\\\/uploads\\\/2024\\\/03\\\/r163008-1.webp\",\"width\":2560,\"height\":2545},{\"@type\":\"BreadcrumbList\",\"@id\":\"https:\\\/\\\/exciting-lichterman.217-160-28-49.plesk.page\\\/produit\\\/certificateurs-cablages-cuivre-pour-recettes-info-lantek-iv-s-500-2\\\/#breadcrumb\",\"itemListElement\":[{\"@type\":\"ListItem\",\"position\":1,\"name\":\"Accueil\",\"item\":\"https:\\\/\\\/exciting-lichterman.217-160-28-49.plesk.page\\\/\"},{\"@type\":\"ListItem\",\"position\":2,\"name\":\"Boutique\",\"item\":\"https:\\\/\\\/exciting-lichterman.217-160-28-49.plesk.page\\\/boutique\\\/\"},{\"@type\":\"ListItem\",\"position\":3,\"name\":\"Certificateurs c\u00e2blages cuivre pour \u00ab recettes info \u00bb LanTEK IV-S 500\"}]},{\"@type\":\"WebSite\",\"@id\":\"https:\\\/\\\/exciting-lichterman.217-160-28-49.plesk.page\\\/#website\",\"url\":\"https:\\\/\\\/exciting-lichterman.217-160-28-49.plesk.page\\\/\",\"name\":\"K2group Distribution\",\"description\":\"\",\"publisher\":{\"@id\":\"https:\\\/\\\/exciting-lichterman.217-160-28-49.plesk.page\\\/#organization\"},\"potentialAction\":[{\"@type\":\"SearchAction\",\"target\":{\"@type\":\"EntryPoint\",\"urlTemplate\":\"https:\\\/\\\/exciting-lichterman.217-160-28-49.plesk.page\\\/?s={search_term_string}\"},\"query-input\":{\"@type\":\"PropertyValueSpecification\",\"valueRequired\":true,\"valueName\":\"search_term_string\"}}],\"inLanguage\":\"de\"},{\"@type\":\"Organization\",\"@id\":\"https:\\\/\\\/exciting-lichterman.217-160-28-49.plesk.page\\\/#organization\",\"name\":\"K2group Distribution\",\"url\":\"https:\\\/\\\/exciting-lichterman.217-160-28-49.plesk.page\\\/\",\"logo\":{\"@type\":\"ImageObject\",\"inLanguage\":\"de\",\"@id\":\"https:\\\/\\\/exciting-lichterman.217-160-28-49.plesk.page\\\/#\\\/schema\\\/logo\\\/image\\\/\",\"url\":\"https:\\\/\\\/exciting-lichterman.217-160-28-49.plesk.page\\\/wp-content\\\/uploads\\\/2022\\\/04\\\/logo-K2.png\",\"contentUrl\":\"https:\\\/\\\/exciting-lichterman.217-160-28-49.plesk.page\\\/wp-content\\\/uploads\\\/2022\\\/04\\\/logo-K2.png\",\"width\":155,\"height\":66,\"caption\":\"K2group Distribution\"},\"image\":{\"@id\":\"https:\\\/\\\/exciting-lichterman.217-160-28-49.plesk.page\\\/#\\\/schema\\\/logo\\\/image\\\/\"}}]}<\/script>\n<!-- \/ Yoast SEO plugin. -->","yoast_head_json":{"title":"Certificateurs c\u00e2blages cuivre pour \u00ab recettes info \u00bb LanTEK IV-S 500 - K2group Distribution","robots":{"index":"noindex","follow":"follow","max-snippet":"max-snippet:-1","max-image-preview":"max-image-preview:large","max-video-preview":"max-video-preview:-1"},"og_locale":"de_DE","og_type":"article","og_title":"Certificateurs c\u00e2blages cuivre pour \u00ab recettes info \u00bb LanTEK IV-S 500 - K2group Distribution","og_description":"R\u00e9f\u00e9rence : R163008 Marque: Trend Networks Type : LanTEK IV-S 500 Type d'\u00e9quipement : Certificateur de c\u00e2blage 500  Puissance du processeur doubl\u00e9e : Double-c\u0153ur au lieu d\u2019un single classique Le double de RAM : Interface utilisateur plus fluide Capacit\u00e9 doubl\u00e9e de stockage des tests : M\u00e9moire de 5000 tests d\u00e9sormais, et 2500 avant Nouveau logiciel embarqu\u00e9 V 3.0 : Pour rapidit\u00e9 in\u00e9gal\u00e9e jusqu\u2019\u00e0 pr\u00e9sent Temps de test de 7 secondes pour les tests : \u00c0 500 MHz","og_url":"https:\/\/exciting-lichterman.217-160-28-49.plesk.page\/de\/produkt\/certificateurs-cablages-cuivre-pour-recettes-info-lantek-iv-s-500-2\/","og_site_name":"K2group Distribution","article_modified_time":"2024-03-18T09:52:47+00:00","twitter_card":"summary_large_image","twitter_misc":{"Gesch\u00e4tzte Lesezeit":"1\u00a0Minute"},"schema":{"@context":"https:\/\/schema.org","@graph":[{"@type":"WebPage","@id":"https:\/\/exciting-lichterman.217-160-28-49.plesk.page\/produit\/certificateurs-cablages-cuivre-pour-recettes-info-lantek-iv-s-500-2\/","url":"https:\/\/exciting-lichterman.217-160-28-49.plesk.page\/produit\/certificateurs-cablages-cuivre-pour-recettes-info-lantek-iv-s-500-2\/","name":"Certificateurs c\u00e2blages cuivre pour \u00ab recettes info \u00bb LanTEK IV-S 500 - K2group Distribution","isPartOf":{"@id":"https:\/\/exciting-lichterman.217-160-28-49.plesk.page\/#website"},"primaryImageOfPage":{"@id":"https:\/\/exciting-lichterman.217-160-28-49.plesk.page\/produit\/certificateurs-cablages-cuivre-pour-recettes-info-lantek-iv-s-500-2\/#primaryimage"},"image":{"@id":"https:\/\/exciting-lichterman.217-160-28-49.plesk.page\/produit\/certificateurs-cablages-cuivre-pour-recettes-info-lantek-iv-s-500-2\/#primaryimage"},"thumbnailUrl":"https:\/\/exciting-lichterman.217-160-28-49.plesk.page\/wp-content\/uploads\/2024\/03\/r163008-1.webp","datePublished":"2024-03-18T09:50:08+00:00","dateModified":"2024-03-18T09:52:47+00:00","breadcrumb":{"@id":"https:\/\/exciting-lichterman.217-160-28-49.plesk.page\/produit\/certificateurs-cablages-cuivre-pour-recettes-info-lantek-iv-s-500-2\/#breadcrumb"},"inLanguage":"de","potentialAction":[{"@type":"ReadAction","target":["https:\/\/exciting-lichterman.217-160-28-49.plesk.page\/produit\/certificateurs-cablages-cuivre-pour-recettes-info-lantek-iv-s-500-2\/"]}]},{"@type":"ImageObject","inLanguage":"de","@id":"https:\/\/exciting-lichterman.217-160-28-49.plesk.page\/produit\/certificateurs-cablages-cuivre-pour-recettes-info-lantek-iv-s-500-2\/#primaryimage","url":"https:\/\/exciting-lichterman.217-160-28-49.plesk.page\/wp-content\/uploads\/2024\/03\/r163008-1.webp","contentUrl":"https:\/\/exciting-lichterman.217-160-28-49.plesk.page\/wp-content\/uploads\/2024\/03\/r163008-1.webp","width":2560,"height":2545},{"@type":"BreadcrumbList","@id":"https:\/\/exciting-lichterman.217-160-28-49.plesk.page\/produit\/certificateurs-cablages-cuivre-pour-recettes-info-lantek-iv-s-500-2\/#breadcrumb","itemListElement":[{"@type":"ListItem","position":1,"name":"Accueil","item":"https:\/\/exciting-lichterman.217-160-28-49.plesk.page\/"},{"@type":"ListItem","position":2,"name":"Boutique","item":"https:\/\/exciting-lichterman.217-160-28-49.plesk.page\/boutique\/"},{"@type":"ListItem","position":3,"name":"Certificateurs c\u00e2blages cuivre pour \u00ab recettes info \u00bb LanTEK IV-S 500"}]},{"@type":"WebSite","@id":"https:\/\/exciting-lichterman.217-160-28-49.plesk.page\/#website","url":"https:\/\/exciting-lichterman.217-160-28-49.plesk.page\/","name":"K2group Distribution","description":"","publisher":{"@id":"https:\/\/exciting-lichterman.217-160-28-49.plesk.page\/#organization"},"potentialAction":[{"@type":"SearchAction","target":{"@type":"EntryPoint","urlTemplate":"https:\/\/exciting-lichterman.217-160-28-49.plesk.page\/?s={search_term_string}"},"query-input":{"@type":"PropertyValueSpecification","valueRequired":true,"valueName":"search_term_string"}}],"inLanguage":"de"},{"@type":"Organization","@id":"https:\/\/exciting-lichterman.217-160-28-49.plesk.page\/#organization","name":"K2group Distribution","url":"https:\/\/exciting-lichterman.217-160-28-49.plesk.page\/","logo":{"@type":"ImageObject","inLanguage":"de","@id":"https:\/\/exciting-lichterman.217-160-28-49.plesk.page\/#\/schema\/logo\/image\/","url":"https:\/\/exciting-lichterman.217-160-28-49.plesk.page\/wp-content\/uploads\/2022\/04\/logo-K2.png","contentUrl":"https:\/\/exciting-lichterman.217-160-28-49.plesk.page\/wp-content\/uploads\/2022\/04\/logo-K2.png","width":155,"height":66,"caption":"K2group Distribution"},"image":{"@id":"https:\/\/exciting-lichterman.217-160-28-49.plesk.page\/#\/schema\/logo\/image\/"}}]}},"_links":{"self":[{"href":"https:\/\/exciting-lichterman.217-160-28-49.plesk.page\/de\/wp-json\/wp\/v2\/product\/21023","targetHints":{"allow":["GET"]}}],"collection":[{"href":"https:\/\/exciting-lichterman.217-160-28-49.plesk.page\/de\/wp-json\/wp\/v2\/product"}],"about":[{"href":"https:\/\/exciting-lichterman.217-160-28-49.plesk.page\/de\/wp-json\/wp\/v2\/types\/product"}],"replies":[{"embeddable":true,"href":"https:\/\/exciting-lichterman.217-160-28-49.plesk.page\/de\/wp-json\/wp\/v2\/comments?post=21023"}],"version-history":[{"count":1,"href":"https:\/\/exciting-lichterman.217-160-28-49.plesk.page\/de\/wp-json\/wp\/v2\/product\/21023\/revisions"}],"predecessor-version":[{"id":21116,"href":"https:\/\/exciting-lichterman.217-160-28-49.plesk.page\/de\/wp-json\/wp\/v2\/product\/21023\/revisions\/21116"}],"wp:featuredmedia":[{"embeddable":true,"href":"https:\/\/exciting-lichterman.217-160-28-49.plesk.page\/de\/wp-json\/wp\/v2\/media\/21115"}],"wp:attachment":[{"href":"https:\/\/exciting-lichterman.217-160-28-49.plesk.page\/de\/wp-json\/wp\/v2\/media?parent=21023"}],"wp:term":[{"taxonomy":"product_brand","embeddable":true,"href":"https:\/\/exciting-lichterman.217-160-28-49.plesk.page\/de\/wp-json\/wp\/v2\/product_brand?post=21023"},{"taxonomy":"product_cat","embeddable":true,"href":"https:\/\/exciting-lichterman.217-160-28-49.plesk.page\/de\/wp-json\/wp\/v2\/product_cat?post=21023"},{"taxonomy":"product_tag","embeddable":true,"href":"https:\/\/exciting-lichterman.217-160-28-49.plesk.page\/de\/wp-json\/wp\/v2\/product_tag?post=21023"}],"curies":[{"name":"wp","href":"https:\/\/api.w.org\/{rel}","templated":true}]}}