{"id":21022,"date":"2024-03-18T09:50:08","date_gmt":"2024-03-18T09:50:08","guid":{"rendered":"https:\/\/exciting-lichterman.217-160-28-49.plesk.page\/?post_type=product&#038;p=21022"},"modified":"2024-03-18T09:52:37","modified_gmt":"2024-03-18T09:52:37","slug":"qualificateur-10g-cablage-passif-rj45-signaltek-ct-2","status":"publish","type":"product","link":"https:\/\/exciting-lichterman.217-160-28-49.plesk.page\/de\/produkt\/qualificateur-10g-cablage-passif-rj45-signaltek-ct-2\/","title":{"rendered":"Qualificateur  10G c\u00e2blage passif RJ45 SignalTEK CT"},"content":{"rendered":"<h2 style=\"font-family:Poppins;font-size:14px; font-weight:400!important; line-height:2\">Le SignalTEK 10G CT est un outil puissant qui permet de mesurer la bande passante maximale du c\u00e2blage r\u00e9seau jusqu&rsquo;\u00e0 10 Gigabits par seconde. Gr\u00e2ce \u00e0 sa capacit\u00e9 \u00e0 simuler le trafic r\u00e9seau r\u00e9el, il offre aux utilisateurs la possibilit\u00e9 de tester, d\u00e9panner et documenter les performances du r\u00e9seau et des c\u00e2bles de donn\u00e9es, conform\u00e9ment aux normes Ethernet 10 Gigabit.<\/h2>\n<p>Il est dot\u00e9 d&rsquo;une connectivit\u00e9 Wi-Fi int\u00e9gr\u00e9e, ce qui permet une connexion transparente au syst\u00e8me gratuit de gestion des tests AnyWARE Cloud,  offrant diverses fonctionnalit\u00e9s telles que la pr\u00e9-configuration pour \u00e9liminer les erreurs sur site, une connectivit\u00e9 d&rsquo;imprimante d&rsquo;\u00e9tiquettes pour gagner du temps et la g\u00e9n\u00e9ration de rapports PDF de \u00ab\u00a0preuve de performance\u00a0\u00bb pour les clients.<\/p>\n<p>Le SignalTEK 10G CT offre \u00e9galement une fonction de recherche de partenaires qui fournit une tonalit\u00e9 audible et un indicateur visible lorsqu&rsquo;il est connect\u00e9 \u00e0 des unit\u00e9s distantes, facilitant ainsi le processus de localisation des probl\u00e8mes. Les rapports PDF int\u00e9gr\u00e9s permettent de g\u00e9n\u00e9rer des rapports directement depuis le SignalTEK 10G CT ou depuis AnyWARE Cloud, offrant ainsi une documentation claire des r\u00e9sultats de test.<\/p>\n<p>Outre, l&rsquo;interface utilisateur intuitive simplifie la configuration et l&rsquo;utilisation de l&rsquo;appareil, tandis que l&rsquo;\u00e9cran tactile haute r\u00e9solution r\u00e9sistant aux chocs facilite la navigation et la lecture des informations. Le haut-parleur de charge interne \u00e9met des tonalit\u00e9s audibles pour aider les utilisateurs lors des tests, tandis que la conception robuste avec bo\u00eetier caoutchout\u00e9, \u00e9cran prot\u00e9g\u00e9 et port de mesure prot\u00e9g\u00e9 garantit une durabilit\u00e9 et une r\u00e9sistance aux chocs.<\/p>\n<p><strong>Contenu du kit <\/strong><br \/>\n1 ensemble d&rsquo;\u00e9crans\/t\u00e9l\u00e9commandes SignalTEK 10G avec test, 2 batteries Li-ion, 2 sangles de suspension, 2 alimentations, 2 c\u00e2bles de raccordement blind\u00e9s Cat 6A de 2m, 1 mallette de transport, 1 guide de r\u00e9f\u00e9rence rapide<\/p>","protected":false},"excerpt":{"rendered":"<p>R\u00e9f\u00e9rence : 157000<br \/>\nMarque: Trend Networks<br \/>\nType : SignalTEK CT<br \/>\nType d&rsquo;\u00e9quipement : Testeur et qualificateur de c\u00e2ble<br \/>\nVitesse de liaison : 5Gb\/s<br \/>\nTension PoE : 52.00<br \/>\nAlimentation PoE : 25.50<\/p>","protected":false},"featured_media":21107,"comment_status":"open","ping_status":"closed","template":"","meta":{"_acf_changed":false},"product_brand":[],"product_cat":[1189,1096,67],"product_tag":[],"class_list":{"0":"post-21022","1":"product","2":"type-product","3":"status-publish","4":"has-post-thumbnail","6":"product_cat-certificateur-de-cablage","7":"product_cat-mesure-cuivre","8":"product_cat-test-mesure","10":"first","11":"instock","12":"taxable","13":"shipping-taxable","14":"product-type-simple"},"acf":[],"yoast_head":"<!-- This site is optimized with the Yoast SEO plugin v27.4 - https:\/\/yoast.com\/product\/yoast-seo-wordpress\/ -->\n<title>Qualificateur 10G c\u00e2blage passif RJ45 SignalTEK CT - K2group Distribution<\/title>\n<meta name=\"robots\" content=\"noindex, follow, max-snippet:-1, max-image-preview:large, max-video-preview:-1\" \/>\n<meta property=\"og:locale\" content=\"de_DE\" \/>\n<meta property=\"og:type\" content=\"article\" \/>\n<meta property=\"og:title\" content=\"Qualificateur 10G c\u00e2blage passif RJ45 SignalTEK CT - K2group Distribution\" \/>\n<meta property=\"og:description\" content=\"R\u00e9f\u00e9rence : 157000 Marque: Trend Networks Type : SignalTEK CT Type d&#039;\u00e9quipement : Testeur et qualificateur de c\u00e2ble Vitesse de liaison : 5Gb\/s Tension PoE : 52.00 Alimentation PoE : 25.50\" \/>\n<meta property=\"og:url\" content=\"https:\/\/exciting-lichterman.217-160-28-49.plesk.page\/de\/produkt\/qualificateur-10g-cablage-passif-rj45-signaltek-ct-2\/\" \/>\n<meta property=\"og:site_name\" content=\"K2group Distribution\" \/>\n<meta property=\"article:modified_time\" content=\"2024-03-18T09:52:37+00:00\" \/>\n<meta name=\"twitter:card\" content=\"summary_large_image\" \/>\n<meta name=\"twitter:label1\" content=\"Gesch\u00e4tzte Lesezeit\" \/>\n\t<meta name=\"twitter:data1\" content=\"2\u00a0Minuten\" \/>\n<script type=\"application\/ld+json\" class=\"yoast-schema-graph\">{\"@context\":\"https:\\\/\\\/schema.org\",\"@graph\":[{\"@type\":\"WebPage\",\"@id\":\"https:\\\/\\\/exciting-lichterman.217-160-28-49.plesk.page\\\/produit\\\/qualificateur-10g-cablage-passif-rj45-signaltek-ct-2\\\/\",\"url\":\"https:\\\/\\\/exciting-lichterman.217-160-28-49.plesk.page\\\/produit\\\/qualificateur-10g-cablage-passif-rj45-signaltek-ct-2\\\/\",\"name\":\"Qualificateur 10G c\u00e2blage passif RJ45 SignalTEK CT - K2group Distribution\",\"isPartOf\":{\"@id\":\"https:\\\/\\\/exciting-lichterman.217-160-28-49.plesk.page\\\/#website\"},\"primaryImageOfPage\":{\"@id\":\"https:\\\/\\\/exciting-lichterman.217-160-28-49.plesk.page\\\/produit\\\/qualificateur-10g-cablage-passif-rj45-signaltek-ct-2\\\/#primaryimage\"},\"image\":{\"@id\":\"https:\\\/\\\/exciting-lichterman.217-160-28-49.plesk.page\\\/produit\\\/qualificateur-10g-cablage-passif-rj45-signaltek-ct-2\\\/#primaryimage\"},\"thumbnailUrl\":\"https:\\\/\\\/exciting-lichterman.217-160-28-49.plesk.page\\\/wp-content\\\/uploads\\\/2024\\\/03\\\/r157000-4.webp\",\"datePublished\":\"2024-03-18T09:50:08+00:00\",\"dateModified\":\"2024-03-18T09:52:37+00:00\",\"breadcrumb\":{\"@id\":\"https:\\\/\\\/exciting-lichterman.217-160-28-49.plesk.page\\\/produit\\\/qualificateur-10g-cablage-passif-rj45-signaltek-ct-2\\\/#breadcrumb\"},\"inLanguage\":\"de\",\"potentialAction\":[{\"@type\":\"ReadAction\",\"target\":[\"https:\\\/\\\/exciting-lichterman.217-160-28-49.plesk.page\\\/produit\\\/qualificateur-10g-cablage-passif-rj45-signaltek-ct-2\\\/\"]}]},{\"@type\":\"ImageObject\",\"inLanguage\":\"de\",\"@id\":\"https:\\\/\\\/exciting-lichterman.217-160-28-49.plesk.page\\\/produit\\\/qualificateur-10g-cablage-passif-rj45-signaltek-ct-2\\\/#primaryimage\",\"url\":\"https:\\\/\\\/exciting-lichterman.217-160-28-49.plesk.page\\\/wp-content\\\/uploads\\\/2024\\\/03\\\/r157000-4.webp\",\"contentUrl\":\"https:\\\/\\\/exciting-lichterman.217-160-28-49.plesk.page\\\/wp-content\\\/uploads\\\/2024\\\/03\\\/r157000-4.webp\",\"width\":2560,\"height\":2545},{\"@type\":\"BreadcrumbList\",\"@id\":\"https:\\\/\\\/exciting-lichterman.217-160-28-49.plesk.page\\\/produit\\\/qualificateur-10g-cablage-passif-rj45-signaltek-ct-2\\\/#breadcrumb\",\"itemListElement\":[{\"@type\":\"ListItem\",\"position\":1,\"name\":\"Accueil\",\"item\":\"https:\\\/\\\/exciting-lichterman.217-160-28-49.plesk.page\\\/\"},{\"@type\":\"ListItem\",\"position\":2,\"name\":\"Boutique\",\"item\":\"https:\\\/\\\/exciting-lichterman.217-160-28-49.plesk.page\\\/boutique\\\/\"},{\"@type\":\"ListItem\",\"position\":3,\"name\":\"Qualificateur 10G c\u00e2blage passif RJ45 SignalTEK CT\"}]},{\"@type\":\"WebSite\",\"@id\":\"https:\\\/\\\/exciting-lichterman.217-160-28-49.plesk.page\\\/#website\",\"url\":\"https:\\\/\\\/exciting-lichterman.217-160-28-49.plesk.page\\\/\",\"name\":\"K2group Distribution\",\"description\":\"\",\"publisher\":{\"@id\":\"https:\\\/\\\/exciting-lichterman.217-160-28-49.plesk.page\\\/#organization\"},\"potentialAction\":[{\"@type\":\"SearchAction\",\"target\":{\"@type\":\"EntryPoint\",\"urlTemplate\":\"https:\\\/\\\/exciting-lichterman.217-160-28-49.plesk.page\\\/?s={search_term_string}\"},\"query-input\":{\"@type\":\"PropertyValueSpecification\",\"valueRequired\":true,\"valueName\":\"search_term_string\"}}],\"inLanguage\":\"de\"},{\"@type\":\"Organization\",\"@id\":\"https:\\\/\\\/exciting-lichterman.217-160-28-49.plesk.page\\\/#organization\",\"name\":\"K2group Distribution\",\"url\":\"https:\\\/\\\/exciting-lichterman.217-160-28-49.plesk.page\\\/\",\"logo\":{\"@type\":\"ImageObject\",\"inLanguage\":\"de\",\"@id\":\"https:\\\/\\\/exciting-lichterman.217-160-28-49.plesk.page\\\/#\\\/schema\\\/logo\\\/image\\\/\",\"url\":\"https:\\\/\\\/exciting-lichterman.217-160-28-49.plesk.page\\\/wp-content\\\/uploads\\\/2022\\\/04\\\/logo-K2.png\",\"contentUrl\":\"https:\\\/\\\/exciting-lichterman.217-160-28-49.plesk.page\\\/wp-content\\\/uploads\\\/2022\\\/04\\\/logo-K2.png\",\"width\":155,\"height\":66,\"caption\":\"K2group Distribution\"},\"image\":{\"@id\":\"https:\\\/\\\/exciting-lichterman.217-160-28-49.plesk.page\\\/#\\\/schema\\\/logo\\\/image\\\/\"}}]}<\/script>\n<!-- \/ Yoast SEO plugin. -->","yoast_head_json":{"title":"Qualificateur 10G c\u00e2blage passif RJ45 SignalTEK CT - K2group Distribution","robots":{"index":"noindex","follow":"follow","max-snippet":"max-snippet:-1","max-image-preview":"max-image-preview:large","max-video-preview":"max-video-preview:-1"},"og_locale":"de_DE","og_type":"article","og_title":"Qualificateur 10G c\u00e2blage passif RJ45 SignalTEK CT - K2group Distribution","og_description":"R\u00e9f\u00e9rence : 157000 Marque: Trend Networks Type : SignalTEK CT Type d'\u00e9quipement : Testeur et qualificateur de c\u00e2ble Vitesse de liaison : 5Gb\/s Tension PoE : 52.00 Alimentation PoE : 25.50","og_url":"https:\/\/exciting-lichterman.217-160-28-49.plesk.page\/de\/produkt\/qualificateur-10g-cablage-passif-rj45-signaltek-ct-2\/","og_site_name":"K2group Distribution","article_modified_time":"2024-03-18T09:52:37+00:00","twitter_card":"summary_large_image","twitter_misc":{"Gesch\u00e4tzte Lesezeit":"2\u00a0Minuten"},"schema":{"@context":"https:\/\/schema.org","@graph":[{"@type":"WebPage","@id":"https:\/\/exciting-lichterman.217-160-28-49.plesk.page\/produit\/qualificateur-10g-cablage-passif-rj45-signaltek-ct-2\/","url":"https:\/\/exciting-lichterman.217-160-28-49.plesk.page\/produit\/qualificateur-10g-cablage-passif-rj45-signaltek-ct-2\/","name":"Qualificateur 10G c\u00e2blage passif RJ45 SignalTEK CT - K2group Distribution","isPartOf":{"@id":"https:\/\/exciting-lichterman.217-160-28-49.plesk.page\/#website"},"primaryImageOfPage":{"@id":"https:\/\/exciting-lichterman.217-160-28-49.plesk.page\/produit\/qualificateur-10g-cablage-passif-rj45-signaltek-ct-2\/#primaryimage"},"image":{"@id":"https:\/\/exciting-lichterman.217-160-28-49.plesk.page\/produit\/qualificateur-10g-cablage-passif-rj45-signaltek-ct-2\/#primaryimage"},"thumbnailUrl":"https:\/\/exciting-lichterman.217-160-28-49.plesk.page\/wp-content\/uploads\/2024\/03\/r157000-4.webp","datePublished":"2024-03-18T09:50:08+00:00","dateModified":"2024-03-18T09:52:37+00:00","breadcrumb":{"@id":"https:\/\/exciting-lichterman.217-160-28-49.plesk.page\/produit\/qualificateur-10g-cablage-passif-rj45-signaltek-ct-2\/#breadcrumb"},"inLanguage":"de","potentialAction":[{"@type":"ReadAction","target":["https:\/\/exciting-lichterman.217-160-28-49.plesk.page\/produit\/qualificateur-10g-cablage-passif-rj45-signaltek-ct-2\/"]}]},{"@type":"ImageObject","inLanguage":"de","@id":"https:\/\/exciting-lichterman.217-160-28-49.plesk.page\/produit\/qualificateur-10g-cablage-passif-rj45-signaltek-ct-2\/#primaryimage","url":"https:\/\/exciting-lichterman.217-160-28-49.plesk.page\/wp-content\/uploads\/2024\/03\/r157000-4.webp","contentUrl":"https:\/\/exciting-lichterman.217-160-28-49.plesk.page\/wp-content\/uploads\/2024\/03\/r157000-4.webp","width":2560,"height":2545},{"@type":"BreadcrumbList","@id":"https:\/\/exciting-lichterman.217-160-28-49.plesk.page\/produit\/qualificateur-10g-cablage-passif-rj45-signaltek-ct-2\/#breadcrumb","itemListElement":[{"@type":"ListItem","position":1,"name":"Accueil","item":"https:\/\/exciting-lichterman.217-160-28-49.plesk.page\/"},{"@type":"ListItem","position":2,"name":"Boutique","item":"https:\/\/exciting-lichterman.217-160-28-49.plesk.page\/boutique\/"},{"@type":"ListItem","position":3,"name":"Qualificateur 10G c\u00e2blage passif RJ45 SignalTEK CT"}]},{"@type":"WebSite","@id":"https:\/\/exciting-lichterman.217-160-28-49.plesk.page\/#website","url":"https:\/\/exciting-lichterman.217-160-28-49.plesk.page\/","name":"K2group Distribution","description":"","publisher":{"@id":"https:\/\/exciting-lichterman.217-160-28-49.plesk.page\/#organization"},"potentialAction":[{"@type":"SearchAction","target":{"@type":"EntryPoint","urlTemplate":"https:\/\/exciting-lichterman.217-160-28-49.plesk.page\/?s={search_term_string}"},"query-input":{"@type":"PropertyValueSpecification","valueRequired":true,"valueName":"search_term_string"}}],"inLanguage":"de"},{"@type":"Organization","@id":"https:\/\/exciting-lichterman.217-160-28-49.plesk.page\/#organization","name":"K2group Distribution","url":"https:\/\/exciting-lichterman.217-160-28-49.plesk.page\/","logo":{"@type":"ImageObject","inLanguage":"de","@id":"https:\/\/exciting-lichterman.217-160-28-49.plesk.page\/#\/schema\/logo\/image\/","url":"https:\/\/exciting-lichterman.217-160-28-49.plesk.page\/wp-content\/uploads\/2022\/04\/logo-K2.png","contentUrl":"https:\/\/exciting-lichterman.217-160-28-49.plesk.page\/wp-content\/uploads\/2022\/04\/logo-K2.png","width":155,"height":66,"caption":"K2group Distribution"},"image":{"@id":"https:\/\/exciting-lichterman.217-160-28-49.plesk.page\/#\/schema\/logo\/image\/"}}]}},"_links":{"self":[{"href":"https:\/\/exciting-lichterman.217-160-28-49.plesk.page\/de\/wp-json\/wp\/v2\/product\/21022","targetHints":{"allow":["GET"]}}],"collection":[{"href":"https:\/\/exciting-lichterman.217-160-28-49.plesk.page\/de\/wp-json\/wp\/v2\/product"}],"about":[{"href":"https:\/\/exciting-lichterman.217-160-28-49.plesk.page\/de\/wp-json\/wp\/v2\/types\/product"}],"replies":[{"embeddable":true,"href":"https:\/\/exciting-lichterman.217-160-28-49.plesk.page\/de\/wp-json\/wp\/v2\/comments?post=21022"}],"version-history":[{"count":1,"href":"https:\/\/exciting-lichterman.217-160-28-49.plesk.page\/de\/wp-json\/wp\/v2\/product\/21022\/revisions"}],"predecessor-version":[{"id":21108,"href":"https:\/\/exciting-lichterman.217-160-28-49.plesk.page\/de\/wp-json\/wp\/v2\/product\/21022\/revisions\/21108"}],"wp:featuredmedia":[{"embeddable":true,"href":"https:\/\/exciting-lichterman.217-160-28-49.plesk.page\/de\/wp-json\/wp\/v2\/media\/21107"}],"wp:attachment":[{"href":"https:\/\/exciting-lichterman.217-160-28-49.plesk.page\/de\/wp-json\/wp\/v2\/media?parent=21022"}],"wp:term":[{"taxonomy":"product_brand","embeddable":true,"href":"https:\/\/exciting-lichterman.217-160-28-49.plesk.page\/de\/wp-json\/wp\/v2\/product_brand?post=21022"},{"taxonomy":"product_cat","embeddable":true,"href":"https:\/\/exciting-lichterman.217-160-28-49.plesk.page\/de\/wp-json\/wp\/v2\/product_cat?post=21022"},{"taxonomy":"product_tag","embeddable":true,"href":"https:\/\/exciting-lichterman.217-160-28-49.plesk.page\/de\/wp-json\/wp\/v2\/product_tag?post=21022"}],"curies":[{"name":"wp","href":"https:\/\/api.w.org\/{rel}","templated":true}]}}