{"id":21021,"date":"2024-03-18T09:50:08","date_gmt":"2024-03-18T09:50:08","guid":{"rendered":"https:\/\/exciting-lichterman.217-160-28-49.plesk.page\/?post_type=product&#038;p=21021"},"modified":"2024-03-18T09:52:24","modified_gmt":"2024-03-18T09:52:24","slug":"certificateurs-cablages-cuivre-pour-recettes-info-lantek-iv-s-3000-2","status":"publish","type":"product","link":"https:\/\/exciting-lichterman.217-160-28-49.plesk.page\/de\/produkt\/certificateurs-cablages-cuivre-pour-recettes-info-lantek-iv-s-3000-2\/","title":{"rendered":"Certificateurs c\u00e2blages cuivre pour \u00ab recettes info \u00bb LanTEK IV-S 3000"},"content":{"rendered":"<h2 style=\"font-size:16px\">Le certificateur de c\u00e2bles de donn\u00e9es en cuivre et en fibre LanTEK IV-S 3000 est l&rsquo;\u00e9quipement le plus puissant et le plus rapide en mati\u00e8re de certification de c\u00e2blage. Avec ses performances exceptionnelles, sa fiabilit\u00e9 in\u00e9gal\u00e9e et ses fonctionnalit\u00e9s avanc\u00e9es, il vous permet de gagner du temps et d&rsquo;assurer la qualit\u00e9 de vos installations.<\/h2>\n<p>Gr\u00e2ce \u00e0 son interface utilisateur intuitive et \u00e0 son \u00e9cran tactile haute r\u00e9solution, les ing\u00e9nieurs et les techniciens peuvent effectuer et enregistrer des tests Cat6A en seulement 7 secondes. Cette rapidit\u00e9 vous permet d&rsquo;optimiser votre efficacit\u00e9 et d&rsquo;accomplir davantage de t\u00e2ches en moins de temps. De plus, le LanTEK IV-S est capable de certifier des liaisons jusqu&rsquo;\u00e0 la norme Cat 8, y compris la mesure du TCL et du d\u00e9s\u00e9quilibre de r\u00e9sistance.<\/p>\n<p>En outre, les adaptateurs de liaison permanente VisiLINQ offrent une facilit\u00e9 d&rsquo;utilisation in\u00e9gal\u00e9e et am\u00e9liorent la productivit\u00e9, permettant aux utilisateurs d&rsquo;obtenir rapidement les r\u00e9sultats sans avoir \u00e0 manipuler les combin\u00e9s.<\/p>\n<p>Avec une capacit\u00e9 de balayage jusqu&rsquo;\u00e0 3000 MHz, le LanTEK IV-S est pr\u00eat \u00e0 faire face aux futures normes de test ISO et TIA ratifi\u00e9es.  Aussi, sa construction robuste garantit sa durabilit\u00e9, ce qui en fait un investissement fiable pour votre entreprise.<\/p>\n<p><strong>Contenu du kit <\/strong><br \/>\nCertificateur de c\u00e2ble LanTEK IV-S 3000MHz, \u00c9cran LanTEK IV\/combin\u00e9s \u00e0 distance, Batterie Li-ion (2), Univ. Adaptateur secteur (2), Sangle de suspension (2), R\u00e9f rapide. Guide, \u00e9tui de transport, Adaptateurs de liaison permanente CAT8 RJ45 VisiLINQ (2), Adaptateur de canal Cat8.1\/6A\/6\/5e RJ45 (2), TRADE163008 Reprise de n&rsquo;importe quel Cat5e (ou sup\u00e9rieur)<\/p>","protected":false},"excerpt":{"rendered":"<p>R\u00e9f\u00e9rence : R163009<br \/>\nMarque: Trend Networks<br \/>\nType : LanTEK IV-S 3000<br \/>\nType d&rsquo;\u00e9quipement : Certificateur de c\u00e2blage 3000<br \/>\nPuissance du processeur doubl\u00e9e : Double-c\u0153ur au lieu d\u2019un single classique<br \/>\nLe double de RAM : Interface utilisateur plus fluide<br \/>\nCapacit\u00e9 doubl\u00e9e de stockage des tests : M\u00e9moire de 5000 tests d\u00e9sormais, et 2500 avant<br \/>\nNouveau logiciel embarqu\u00e9 V 3.0 : Pour rapidit\u00e9 in\u00e9gal\u00e9e jusqu\u2019\u00e0 pr\u00e9sent<br \/>\nTemps de test de 25 secondes pour les tests : \u00c0 3000 MHz<\/p>","protected":false},"featured_media":21104,"comment_status":"open","ping_status":"closed","template":"","meta":{"_acf_changed":false},"product_brand":[],"product_cat":[1189,1096,67],"product_tag":[],"class_list":{"0":"post-21021","1":"product","2":"type-product","3":"status-publish","4":"has-post-thumbnail","6":"product_cat-certificateur-de-cablage","7":"product_cat-mesure-cuivre","8":"product_cat-test-mesure","10":"first","11":"instock","12":"taxable","13":"shipping-taxable","14":"product-type-simple"},"acf":[],"yoast_head":"<!-- This site is optimized with the Yoast SEO plugin v27.4 - https:\/\/yoast.com\/product\/yoast-seo-wordpress\/ -->\n<title>Certificateurs c\u00e2blages cuivre pour \u00ab recettes info \u00bb LanTEK IV-S 3000 - K2group Distribution<\/title>\n<meta name=\"robots\" content=\"noindex, follow, max-snippet:-1, max-image-preview:large, max-video-preview:-1\" \/>\n<meta property=\"og:locale\" content=\"de_DE\" \/>\n<meta property=\"og:type\" content=\"article\" \/>\n<meta property=\"og:title\" content=\"Certificateurs c\u00e2blages cuivre pour \u00ab recettes info \u00bb LanTEK IV-S 3000 - K2group Distribution\" \/>\n<meta property=\"og:description\" content=\"R\u00e9f\u00e9rence : R163009 Marque: Trend Networks Type : LanTEK IV-S 3000 Type d&#039;\u00e9quipement : Certificateur de c\u00e2blage 3000 Puissance du processeur doubl\u00e9e : Double-c\u0153ur au lieu d\u2019un single classique Le double de RAM : Interface utilisateur plus fluide Capacit\u00e9 doubl\u00e9e de stockage des tests : M\u00e9moire de 5000 tests d\u00e9sormais, et 2500 avant Nouveau logiciel embarqu\u00e9 V 3.0 : Pour rapidit\u00e9 in\u00e9gal\u00e9e jusqu\u2019\u00e0 pr\u00e9sent Temps de test de 25 secondes pour les tests : \u00c0 3000 MHz\" \/>\n<meta property=\"og:url\" content=\"https:\/\/exciting-lichterman.217-160-28-49.plesk.page\/de\/produkt\/certificateurs-cablages-cuivre-pour-recettes-info-lantek-iv-s-3000-2\/\" \/>\n<meta property=\"og:site_name\" content=\"K2group Distribution\" \/>\n<meta property=\"article:modified_time\" content=\"2024-03-18T09:52:24+00:00\" \/>\n<meta name=\"twitter:card\" content=\"summary_large_image\" \/>\n<meta name=\"twitter:label1\" content=\"Gesch\u00e4tzte Lesezeit\" \/>\n\t<meta name=\"twitter:data1\" content=\"1\u00a0Minute\" \/>\n<script type=\"application\/ld+json\" class=\"yoast-schema-graph\">{\"@context\":\"https:\\\/\\\/schema.org\",\"@graph\":[{\"@type\":\"WebPage\",\"@id\":\"https:\\\/\\\/exciting-lichterman.217-160-28-49.plesk.page\\\/produit\\\/certificateurs-cablages-cuivre-pour-recettes-info-lantek-iv-s-3000-2\\\/\",\"url\":\"https:\\\/\\\/exciting-lichterman.217-160-28-49.plesk.page\\\/produit\\\/certificateurs-cablages-cuivre-pour-recettes-info-lantek-iv-s-3000-2\\\/\",\"name\":\"Certificateurs c\u00e2blages cuivre pour \u00ab recettes info \u00bb LanTEK IV-S 3000 - K2group Distribution\",\"isPartOf\":{\"@id\":\"https:\\\/\\\/exciting-lichterman.217-160-28-49.plesk.page\\\/#website\"},\"primaryImageOfPage\":{\"@id\":\"https:\\\/\\\/exciting-lichterman.217-160-28-49.plesk.page\\\/produit\\\/certificateurs-cablages-cuivre-pour-recettes-info-lantek-iv-s-3000-2\\\/#primaryimage\"},\"image\":{\"@id\":\"https:\\\/\\\/exciting-lichterman.217-160-28-49.plesk.page\\\/produit\\\/certificateurs-cablages-cuivre-pour-recettes-info-lantek-iv-s-3000-2\\\/#primaryimage\"},\"thumbnailUrl\":\"https:\\\/\\\/exciting-lichterman.217-160-28-49.plesk.page\\\/wp-content\\\/uploads\\\/2024\\\/03\\\/r163009-1.webp\",\"datePublished\":\"2024-03-18T09:50:08+00:00\",\"dateModified\":\"2024-03-18T09:52:24+00:00\",\"breadcrumb\":{\"@id\":\"https:\\\/\\\/exciting-lichterman.217-160-28-49.plesk.page\\\/produit\\\/certificateurs-cablages-cuivre-pour-recettes-info-lantek-iv-s-3000-2\\\/#breadcrumb\"},\"inLanguage\":\"de\",\"potentialAction\":[{\"@type\":\"ReadAction\",\"target\":[\"https:\\\/\\\/exciting-lichterman.217-160-28-49.plesk.page\\\/produit\\\/certificateurs-cablages-cuivre-pour-recettes-info-lantek-iv-s-3000-2\\\/\"]}]},{\"@type\":\"ImageObject\",\"inLanguage\":\"de\",\"@id\":\"https:\\\/\\\/exciting-lichterman.217-160-28-49.plesk.page\\\/produit\\\/certificateurs-cablages-cuivre-pour-recettes-info-lantek-iv-s-3000-2\\\/#primaryimage\",\"url\":\"https:\\\/\\\/exciting-lichterman.217-160-28-49.plesk.page\\\/wp-content\\\/uploads\\\/2024\\\/03\\\/r163009-1.webp\",\"contentUrl\":\"https:\\\/\\\/exciting-lichterman.217-160-28-49.plesk.page\\\/wp-content\\\/uploads\\\/2024\\\/03\\\/r163009-1.webp\",\"width\":2560,\"height\":2545},{\"@type\":\"BreadcrumbList\",\"@id\":\"https:\\\/\\\/exciting-lichterman.217-160-28-49.plesk.page\\\/produit\\\/certificateurs-cablages-cuivre-pour-recettes-info-lantek-iv-s-3000-2\\\/#breadcrumb\",\"itemListElement\":[{\"@type\":\"ListItem\",\"position\":1,\"name\":\"Accueil\",\"item\":\"https:\\\/\\\/exciting-lichterman.217-160-28-49.plesk.page\\\/\"},{\"@type\":\"ListItem\",\"position\":2,\"name\":\"Boutique\",\"item\":\"https:\\\/\\\/exciting-lichterman.217-160-28-49.plesk.page\\\/boutique\\\/\"},{\"@type\":\"ListItem\",\"position\":3,\"name\":\"Certificateurs c\u00e2blages cuivre pour \u00ab recettes info \u00bb LanTEK IV-S 3000\"}]},{\"@type\":\"WebSite\",\"@id\":\"https:\\\/\\\/exciting-lichterman.217-160-28-49.plesk.page\\\/#website\",\"url\":\"https:\\\/\\\/exciting-lichterman.217-160-28-49.plesk.page\\\/\",\"name\":\"K2group Distribution\",\"description\":\"\",\"publisher\":{\"@id\":\"https:\\\/\\\/exciting-lichterman.217-160-28-49.plesk.page\\\/#organization\"},\"potentialAction\":[{\"@type\":\"SearchAction\",\"target\":{\"@type\":\"EntryPoint\",\"urlTemplate\":\"https:\\\/\\\/exciting-lichterman.217-160-28-49.plesk.page\\\/?s={search_term_string}\"},\"query-input\":{\"@type\":\"PropertyValueSpecification\",\"valueRequired\":true,\"valueName\":\"search_term_string\"}}],\"inLanguage\":\"de\"},{\"@type\":\"Organization\",\"@id\":\"https:\\\/\\\/exciting-lichterman.217-160-28-49.plesk.page\\\/#organization\",\"name\":\"K2group Distribution\",\"url\":\"https:\\\/\\\/exciting-lichterman.217-160-28-49.plesk.page\\\/\",\"logo\":{\"@type\":\"ImageObject\",\"inLanguage\":\"de\",\"@id\":\"https:\\\/\\\/exciting-lichterman.217-160-28-49.plesk.page\\\/#\\\/schema\\\/logo\\\/image\\\/\",\"url\":\"https:\\\/\\\/exciting-lichterman.217-160-28-49.plesk.page\\\/wp-content\\\/uploads\\\/2022\\\/04\\\/logo-K2.png\",\"contentUrl\":\"https:\\\/\\\/exciting-lichterman.217-160-28-49.plesk.page\\\/wp-content\\\/uploads\\\/2022\\\/04\\\/logo-K2.png\",\"width\":155,\"height\":66,\"caption\":\"K2group Distribution\"},\"image\":{\"@id\":\"https:\\\/\\\/exciting-lichterman.217-160-28-49.plesk.page\\\/#\\\/schema\\\/logo\\\/image\\\/\"}}]}<\/script>\n<!-- \/ Yoast SEO plugin. -->","yoast_head_json":{"title":"Certificateurs c\u00e2blages cuivre pour \u00ab recettes info \u00bb LanTEK IV-S 3000 - K2group Distribution","robots":{"index":"noindex","follow":"follow","max-snippet":"max-snippet:-1","max-image-preview":"max-image-preview:large","max-video-preview":"max-video-preview:-1"},"og_locale":"de_DE","og_type":"article","og_title":"Certificateurs c\u00e2blages cuivre pour \u00ab recettes info \u00bb LanTEK IV-S 3000 - K2group Distribution","og_description":"R\u00e9f\u00e9rence : R163009 Marque: Trend Networks Type : LanTEK IV-S 3000 Type d'\u00e9quipement : Certificateur de c\u00e2blage 3000 Puissance du processeur doubl\u00e9e : Double-c\u0153ur au lieu d\u2019un single classique Le double de RAM : Interface utilisateur plus fluide Capacit\u00e9 doubl\u00e9e de stockage des tests : M\u00e9moire de 5000 tests d\u00e9sormais, et 2500 avant Nouveau logiciel embarqu\u00e9 V 3.0 : Pour rapidit\u00e9 in\u00e9gal\u00e9e jusqu\u2019\u00e0 pr\u00e9sent Temps de test de 25 secondes pour les tests : \u00c0 3000 MHz","og_url":"https:\/\/exciting-lichterman.217-160-28-49.plesk.page\/de\/produkt\/certificateurs-cablages-cuivre-pour-recettes-info-lantek-iv-s-3000-2\/","og_site_name":"K2group Distribution","article_modified_time":"2024-03-18T09:52:24+00:00","twitter_card":"summary_large_image","twitter_misc":{"Gesch\u00e4tzte Lesezeit":"1\u00a0Minute"},"schema":{"@context":"https:\/\/schema.org","@graph":[{"@type":"WebPage","@id":"https:\/\/exciting-lichterman.217-160-28-49.plesk.page\/produit\/certificateurs-cablages-cuivre-pour-recettes-info-lantek-iv-s-3000-2\/","url":"https:\/\/exciting-lichterman.217-160-28-49.plesk.page\/produit\/certificateurs-cablages-cuivre-pour-recettes-info-lantek-iv-s-3000-2\/","name":"Certificateurs c\u00e2blages cuivre pour \u00ab recettes info \u00bb LanTEK IV-S 3000 - K2group Distribution","isPartOf":{"@id":"https:\/\/exciting-lichterman.217-160-28-49.plesk.page\/#website"},"primaryImageOfPage":{"@id":"https:\/\/exciting-lichterman.217-160-28-49.plesk.page\/produit\/certificateurs-cablages-cuivre-pour-recettes-info-lantek-iv-s-3000-2\/#primaryimage"},"image":{"@id":"https:\/\/exciting-lichterman.217-160-28-49.plesk.page\/produit\/certificateurs-cablages-cuivre-pour-recettes-info-lantek-iv-s-3000-2\/#primaryimage"},"thumbnailUrl":"https:\/\/exciting-lichterman.217-160-28-49.plesk.page\/wp-content\/uploads\/2024\/03\/r163009-1.webp","datePublished":"2024-03-18T09:50:08+00:00","dateModified":"2024-03-18T09:52:24+00:00","breadcrumb":{"@id":"https:\/\/exciting-lichterman.217-160-28-49.plesk.page\/produit\/certificateurs-cablages-cuivre-pour-recettes-info-lantek-iv-s-3000-2\/#breadcrumb"},"inLanguage":"de","potentialAction":[{"@type":"ReadAction","target":["https:\/\/exciting-lichterman.217-160-28-49.plesk.page\/produit\/certificateurs-cablages-cuivre-pour-recettes-info-lantek-iv-s-3000-2\/"]}]},{"@type":"ImageObject","inLanguage":"de","@id":"https:\/\/exciting-lichterman.217-160-28-49.plesk.page\/produit\/certificateurs-cablages-cuivre-pour-recettes-info-lantek-iv-s-3000-2\/#primaryimage","url":"https:\/\/exciting-lichterman.217-160-28-49.plesk.page\/wp-content\/uploads\/2024\/03\/r163009-1.webp","contentUrl":"https:\/\/exciting-lichterman.217-160-28-49.plesk.page\/wp-content\/uploads\/2024\/03\/r163009-1.webp","width":2560,"height":2545},{"@type":"BreadcrumbList","@id":"https:\/\/exciting-lichterman.217-160-28-49.plesk.page\/produit\/certificateurs-cablages-cuivre-pour-recettes-info-lantek-iv-s-3000-2\/#breadcrumb","itemListElement":[{"@type":"ListItem","position":1,"name":"Accueil","item":"https:\/\/exciting-lichterman.217-160-28-49.plesk.page\/"},{"@type":"ListItem","position":2,"name":"Boutique","item":"https:\/\/exciting-lichterman.217-160-28-49.plesk.page\/boutique\/"},{"@type":"ListItem","position":3,"name":"Certificateurs c\u00e2blages cuivre pour \u00ab recettes info \u00bb LanTEK IV-S 3000"}]},{"@type":"WebSite","@id":"https:\/\/exciting-lichterman.217-160-28-49.plesk.page\/#website","url":"https:\/\/exciting-lichterman.217-160-28-49.plesk.page\/","name":"K2group Distribution","description":"","publisher":{"@id":"https:\/\/exciting-lichterman.217-160-28-49.plesk.page\/#organization"},"potentialAction":[{"@type":"SearchAction","target":{"@type":"EntryPoint","urlTemplate":"https:\/\/exciting-lichterman.217-160-28-49.plesk.page\/?s={search_term_string}"},"query-input":{"@type":"PropertyValueSpecification","valueRequired":true,"valueName":"search_term_string"}}],"inLanguage":"de"},{"@type":"Organization","@id":"https:\/\/exciting-lichterman.217-160-28-49.plesk.page\/#organization","name":"K2group Distribution","url":"https:\/\/exciting-lichterman.217-160-28-49.plesk.page\/","logo":{"@type":"ImageObject","inLanguage":"de","@id":"https:\/\/exciting-lichterman.217-160-28-49.plesk.page\/#\/schema\/logo\/image\/","url":"https:\/\/exciting-lichterman.217-160-28-49.plesk.page\/wp-content\/uploads\/2022\/04\/logo-K2.png","contentUrl":"https:\/\/exciting-lichterman.217-160-28-49.plesk.page\/wp-content\/uploads\/2022\/04\/logo-K2.png","width":155,"height":66,"caption":"K2group Distribution"},"image":{"@id":"https:\/\/exciting-lichterman.217-160-28-49.plesk.page\/#\/schema\/logo\/image\/"}}]}},"_links":{"self":[{"href":"https:\/\/exciting-lichterman.217-160-28-49.plesk.page\/de\/wp-json\/wp\/v2\/product\/21021","targetHints":{"allow":["GET"]}}],"collection":[{"href":"https:\/\/exciting-lichterman.217-160-28-49.plesk.page\/de\/wp-json\/wp\/v2\/product"}],"about":[{"href":"https:\/\/exciting-lichterman.217-160-28-49.plesk.page\/de\/wp-json\/wp\/v2\/types\/product"}],"replies":[{"embeddable":true,"href":"https:\/\/exciting-lichterman.217-160-28-49.plesk.page\/de\/wp-json\/wp\/v2\/comments?post=21021"}],"version-history":[{"count":1,"href":"https:\/\/exciting-lichterman.217-160-28-49.plesk.page\/de\/wp-json\/wp\/v2\/product\/21021\/revisions"}],"predecessor-version":[{"id":21105,"href":"https:\/\/exciting-lichterman.217-160-28-49.plesk.page\/de\/wp-json\/wp\/v2\/product\/21021\/revisions\/21105"}],"wp:featuredmedia":[{"embeddable":true,"href":"https:\/\/exciting-lichterman.217-160-28-49.plesk.page\/de\/wp-json\/wp\/v2\/media\/21104"}],"wp:attachment":[{"href":"https:\/\/exciting-lichterman.217-160-28-49.plesk.page\/de\/wp-json\/wp\/v2\/media?parent=21021"}],"wp:term":[{"taxonomy":"product_brand","embeddable":true,"href":"https:\/\/exciting-lichterman.217-160-28-49.plesk.page\/de\/wp-json\/wp\/v2\/product_brand?post=21021"},{"taxonomy":"product_cat","embeddable":true,"href":"https:\/\/exciting-lichterman.217-160-28-49.plesk.page\/de\/wp-json\/wp\/v2\/product_cat?post=21021"},{"taxonomy":"product_tag","embeddable":true,"href":"https:\/\/exciting-lichterman.217-160-28-49.plesk.page\/de\/wp-json\/wp\/v2\/product_tag?post=21021"}],"curies":[{"name":"wp","href":"https:\/\/api.w.org\/{rel}","templated":true}]}}