{"id":20991,"date":"2024-03-18T09:49:15","date_gmt":"2024-03-18T09:49:15","guid":{"rendered":"https:\/\/exciting-lichterman.217-160-28-49.plesk.page\/?post_type=product&#038;p=20991"},"modified":"2024-03-18T09:51:30","modified_gmt":"2024-03-18T09:51:30","slug":"qualificateur-1g-cablage-passif-rj45-signal-tek-nt-2","status":"publish","type":"product","link":"https:\/\/exciting-lichterman.217-160-28-49.plesk.page\/de\/produkt\/qualificateur-1g-cablage-passif-rj45-signal-tek-nt-2\/","title":{"rendered":"Qualificateur  1G c\u00e2blage passif RJ45 Signal TEK NT"},"content":{"rendered":"<h2 style=\"font-family:Poppins;font-size:14px; font-weight:400!important; line-height:2\">Le testeur de c\u00e2ble r\u00e9seau SIGNALTEK NT est l&rsquo;outil id\u00e9al pour maintenir et d\u00e9panner les c\u00e2blages de donn\u00e9es et les r\u00e9seaux Ethernet. Dot\u00e9 d&rsquo;un \u00e9cran tactile LCD, il offre une interface conviviale et permet d&rsquo;am\u00e9liorer les performances et d&rsquo;atteindre des vitesses de transmission Ethernet haut d\u00e9bit.<\/h2>\n<p>Ce testeur vous permet aussi de tester les performances Gigabit sur le c\u00e2blage passif et les r\u00e9seaux actifs, de simuler le trafic de r\u00e9seau vid\u00e9o VoIP\/CCTV\/Web\/IP, et de v\u00e9rifier la vitesse de connexion, l&rsquo;ID de port, la commande ping, la commande traceroute et les protocoles IPv4\/IPv6.<\/p>\n<p>Avec le SIGNALTEK NT, vous pouvez fournir \u00e0 vos clients des rapports PDF pour prouver les performances du c\u00e2ble vous comme vous pouvez envoyer ces rapports depuis n&rsquo;importe o\u00f9 gr\u00e2ce \u00e0 l&rsquo;application Ideal Anyware.<\/p>\n<p>Vous pouvez \u00e9galement utiliser la fonction de clignotement du port de tra\u00e7age de c\u00e2ble pour visualiser les c\u00e2bles, afficher l&rsquo;ID de port de LLDP\/CDP pour simplifier le tra\u00e7age manuel des c\u00e2bles, et tester le c\u00e2ble en cuivre pour la connexion et la distance \u00e0 la d\u00e9faillance gr\u00e2ce \u00e0 la technologie TDR.<\/p>","protected":false},"excerpt":{"rendered":"<div class=\"ewa-rteLine\">R\u00e9f\u00e9rence : R156005<\/div>\n<div class=\"ewa-rteLine\">Marque: Trend Networks<\/div>\n<div class=\"ewa-rteLine\">Type : SIGNALTEK NT<\/div>\n<div class=\"ewa-rteLine\">Type de produit : Testeur de transmission r\u00e9seau<\/div>\n<div class=\"ewa-rteLine\">Type de connecteur : RJ45 \/ SFP \/ USB<\/div>\n<div class=\"ewa-rteLine\">Type d&rsquo;affichage : \u00c9cran tactile<\/div>\n<div class=\"ewa-rteLine\">Type de batterie : Rechargeables<\/div>\n<div class=\"ewa-rteLine\">Dur\u00e9e de vie des piles : 5 heures<\/div>\n<div class=\"ewa-rteLine\">Dimensions de l&#8217;emballage : 445 x 280 x 110mm<\/div>\n<div class=\"ewa-rteLine\">Poids brut (avec emballage) : 2800 gr<\/div>\n<div class=\"ewa-rteLine\">Num\u00e9ro des douanes : 9030400000<\/div>","protected":false},"featured_media":21079,"comment_status":"open","ping_status":"closed","template":"","meta":{"_acf_changed":false},"product_brand":[],"product_cat":[1189,1096,67],"product_tag":[],"class_list":{"0":"post-20991","1":"product","2":"type-product","3":"status-publish","4":"has-post-thumbnail","6":"product_cat-certificateur-de-cablage","7":"product_cat-mesure-cuivre","8":"product_cat-test-mesure","10":"first","11":"instock","12":"taxable","13":"shipping-taxable","14":"product-type-simple"},"acf":[],"yoast_head":"<!-- This site is optimized with the Yoast SEO plugin v27.4 - https:\/\/yoast.com\/product\/yoast-seo-wordpress\/ -->\n<title>Qualificateur 1G c\u00e2blage passif RJ45 Signal TEK NT - K2group Distribution<\/title>\n<meta name=\"robots\" content=\"noindex, follow, max-snippet:-1, max-image-preview:large, max-video-preview:-1\" \/>\n<meta property=\"og:locale\" content=\"de_DE\" \/>\n<meta property=\"og:type\" content=\"article\" \/>\n<meta property=\"og:title\" content=\"Qualificateur 1G c\u00e2blage passif RJ45 Signal TEK NT - K2group Distribution\" \/>\n<meta property=\"og:description\" content=\"R\u00e9f\u00e9rence : R156005 Marque: Trend Networks Type : SIGNALTEK NT Type de produit : Testeur de transmission r\u00e9seau Type de connecteur : RJ45 \/ SFP \/ USB Type d&#039;affichage : \u00c9cran tactile Type de batterie : Rechargeables Dur\u00e9e de vie des piles : 5 heures Dimensions de l&#039;emballage : 445 x 280 x 110mm Poids brut (avec emballage) : 2800 gr Num\u00e9ro des douanes : 9030400000\" \/>\n<meta property=\"og:url\" content=\"https:\/\/exciting-lichterman.217-160-28-49.plesk.page\/de\/produkt\/qualificateur-1g-cablage-passif-rj45-signal-tek-nt-2\/\" \/>\n<meta property=\"og:site_name\" content=\"K2group Distribution\" \/>\n<meta property=\"article:modified_time\" content=\"2024-03-18T09:51:30+00:00\" \/>\n<meta name=\"twitter:card\" content=\"summary_large_image\" \/>\n<meta name=\"twitter:label1\" content=\"Gesch\u00e4tzte Lesezeit\" \/>\n\t<meta name=\"twitter:data1\" content=\"1\u00a0Minute\" \/>\n<script type=\"application\/ld+json\" class=\"yoast-schema-graph\">{\"@context\":\"https:\\\/\\\/schema.org\",\"@graph\":[{\"@type\":\"WebPage\",\"@id\":\"https:\\\/\\\/exciting-lichterman.217-160-28-49.plesk.page\\\/produit\\\/qualificateur-1g-cablage-passif-rj45-signal-tek-nt-2\\\/\",\"url\":\"https:\\\/\\\/exciting-lichterman.217-160-28-49.plesk.page\\\/produit\\\/qualificateur-1g-cablage-passif-rj45-signal-tek-nt-2\\\/\",\"name\":\"Qualificateur 1G c\u00e2blage passif RJ45 Signal TEK NT - K2group Distribution\",\"isPartOf\":{\"@id\":\"https:\\\/\\\/exciting-lichterman.217-160-28-49.plesk.page\\\/#website\"},\"primaryImageOfPage\":{\"@id\":\"https:\\\/\\\/exciting-lichterman.217-160-28-49.plesk.page\\\/produit\\\/qualificateur-1g-cablage-passif-rj45-signal-tek-nt-2\\\/#primaryimage\"},\"image\":{\"@id\":\"https:\\\/\\\/exciting-lichterman.217-160-28-49.plesk.page\\\/produit\\\/qualificateur-1g-cablage-passif-rj45-signal-tek-nt-2\\\/#primaryimage\"},\"thumbnailUrl\":\"https:\\\/\\\/exciting-lichterman.217-160-28-49.plesk.page\\\/wp-content\\\/uploads\\\/2024\\\/03\\\/stnt_touchscreen_en_474by338-1.webp\",\"datePublished\":\"2024-03-18T09:49:15+00:00\",\"dateModified\":\"2024-03-18T09:51:30+00:00\",\"breadcrumb\":{\"@id\":\"https:\\\/\\\/exciting-lichterman.217-160-28-49.plesk.page\\\/produit\\\/qualificateur-1g-cablage-passif-rj45-signal-tek-nt-2\\\/#breadcrumb\"},\"inLanguage\":\"de\",\"potentialAction\":[{\"@type\":\"ReadAction\",\"target\":[\"https:\\\/\\\/exciting-lichterman.217-160-28-49.plesk.page\\\/produit\\\/qualificateur-1g-cablage-passif-rj45-signal-tek-nt-2\\\/\"]}]},{\"@type\":\"ImageObject\",\"inLanguage\":\"de\",\"@id\":\"https:\\\/\\\/exciting-lichterman.217-160-28-49.plesk.page\\\/produit\\\/qualificateur-1g-cablage-passif-rj45-signal-tek-nt-2\\\/#primaryimage\",\"url\":\"https:\\\/\\\/exciting-lichterman.217-160-28-49.plesk.page\\\/wp-content\\\/uploads\\\/2024\\\/03\\\/stnt_touchscreen_en_474by338-1.webp\",\"contentUrl\":\"https:\\\/\\\/exciting-lichterman.217-160-28-49.plesk.page\\\/wp-content\\\/uploads\\\/2024\\\/03\\\/stnt_touchscreen_en_474by338-1.webp\",\"width\":2560,\"height\":2545},{\"@type\":\"BreadcrumbList\",\"@id\":\"https:\\\/\\\/exciting-lichterman.217-160-28-49.plesk.page\\\/produit\\\/qualificateur-1g-cablage-passif-rj45-signal-tek-nt-2\\\/#breadcrumb\",\"itemListElement\":[{\"@type\":\"ListItem\",\"position\":1,\"name\":\"Accueil\",\"item\":\"https:\\\/\\\/exciting-lichterman.217-160-28-49.plesk.page\\\/\"},{\"@type\":\"ListItem\",\"position\":2,\"name\":\"Boutique\",\"item\":\"https:\\\/\\\/exciting-lichterman.217-160-28-49.plesk.page\\\/boutique\\\/\"},{\"@type\":\"ListItem\",\"position\":3,\"name\":\"Qualificateur 1G c\u00e2blage passif RJ45 Signal TEK NT\"}]},{\"@type\":\"WebSite\",\"@id\":\"https:\\\/\\\/exciting-lichterman.217-160-28-49.plesk.page\\\/#website\",\"url\":\"https:\\\/\\\/exciting-lichterman.217-160-28-49.plesk.page\\\/\",\"name\":\"K2group Distribution\",\"description\":\"\",\"publisher\":{\"@id\":\"https:\\\/\\\/exciting-lichterman.217-160-28-49.plesk.page\\\/#organization\"},\"potentialAction\":[{\"@type\":\"SearchAction\",\"target\":{\"@type\":\"EntryPoint\",\"urlTemplate\":\"https:\\\/\\\/exciting-lichterman.217-160-28-49.plesk.page\\\/?s={search_term_string}\"},\"query-input\":{\"@type\":\"PropertyValueSpecification\",\"valueRequired\":true,\"valueName\":\"search_term_string\"}}],\"inLanguage\":\"de\"},{\"@type\":\"Organization\",\"@id\":\"https:\\\/\\\/exciting-lichterman.217-160-28-49.plesk.page\\\/#organization\",\"name\":\"K2group Distribution\",\"url\":\"https:\\\/\\\/exciting-lichterman.217-160-28-49.plesk.page\\\/\",\"logo\":{\"@type\":\"ImageObject\",\"inLanguage\":\"de\",\"@id\":\"https:\\\/\\\/exciting-lichterman.217-160-28-49.plesk.page\\\/#\\\/schema\\\/logo\\\/image\\\/\",\"url\":\"https:\\\/\\\/exciting-lichterman.217-160-28-49.plesk.page\\\/wp-content\\\/uploads\\\/2022\\\/04\\\/logo-K2.png\",\"contentUrl\":\"https:\\\/\\\/exciting-lichterman.217-160-28-49.plesk.page\\\/wp-content\\\/uploads\\\/2022\\\/04\\\/logo-K2.png\",\"width\":155,\"height\":66,\"caption\":\"K2group Distribution\"},\"image\":{\"@id\":\"https:\\\/\\\/exciting-lichterman.217-160-28-49.plesk.page\\\/#\\\/schema\\\/logo\\\/image\\\/\"}}]}<\/script>\n<!-- \/ Yoast SEO plugin. -->","yoast_head_json":{"title":"Qualificateur 1G c\u00e2blage passif RJ45 Signal TEK NT - K2group Distribution","robots":{"index":"noindex","follow":"follow","max-snippet":"max-snippet:-1","max-image-preview":"max-image-preview:large","max-video-preview":"max-video-preview:-1"},"og_locale":"de_DE","og_type":"article","og_title":"Qualificateur 1G c\u00e2blage passif RJ45 Signal TEK NT - K2group Distribution","og_description":"R\u00e9f\u00e9rence : R156005 Marque: Trend Networks Type : SIGNALTEK NT Type de produit : Testeur de transmission r\u00e9seau Type de connecteur : RJ45 \/ SFP \/ USB Type d'affichage : \u00c9cran tactile Type de batterie : Rechargeables Dur\u00e9e de vie des piles : 5 heures Dimensions de l'emballage : 445 x 280 x 110mm Poids brut (avec emballage) : 2800 gr Num\u00e9ro des douanes : 9030400000","og_url":"https:\/\/exciting-lichterman.217-160-28-49.plesk.page\/de\/produkt\/qualificateur-1g-cablage-passif-rj45-signal-tek-nt-2\/","og_site_name":"K2group Distribution","article_modified_time":"2024-03-18T09:51:30+00:00","twitter_card":"summary_large_image","twitter_misc":{"Gesch\u00e4tzte Lesezeit":"1\u00a0Minute"},"schema":{"@context":"https:\/\/schema.org","@graph":[{"@type":"WebPage","@id":"https:\/\/exciting-lichterman.217-160-28-49.plesk.page\/produit\/qualificateur-1g-cablage-passif-rj45-signal-tek-nt-2\/","url":"https:\/\/exciting-lichterman.217-160-28-49.plesk.page\/produit\/qualificateur-1g-cablage-passif-rj45-signal-tek-nt-2\/","name":"Qualificateur 1G c\u00e2blage passif RJ45 Signal TEK NT - K2group Distribution","isPartOf":{"@id":"https:\/\/exciting-lichterman.217-160-28-49.plesk.page\/#website"},"primaryImageOfPage":{"@id":"https:\/\/exciting-lichterman.217-160-28-49.plesk.page\/produit\/qualificateur-1g-cablage-passif-rj45-signal-tek-nt-2\/#primaryimage"},"image":{"@id":"https:\/\/exciting-lichterman.217-160-28-49.plesk.page\/produit\/qualificateur-1g-cablage-passif-rj45-signal-tek-nt-2\/#primaryimage"},"thumbnailUrl":"https:\/\/exciting-lichterman.217-160-28-49.plesk.page\/wp-content\/uploads\/2024\/03\/stnt_touchscreen_en_474by338-1.webp","datePublished":"2024-03-18T09:49:15+00:00","dateModified":"2024-03-18T09:51:30+00:00","breadcrumb":{"@id":"https:\/\/exciting-lichterman.217-160-28-49.plesk.page\/produit\/qualificateur-1g-cablage-passif-rj45-signal-tek-nt-2\/#breadcrumb"},"inLanguage":"de","potentialAction":[{"@type":"ReadAction","target":["https:\/\/exciting-lichterman.217-160-28-49.plesk.page\/produit\/qualificateur-1g-cablage-passif-rj45-signal-tek-nt-2\/"]}]},{"@type":"ImageObject","inLanguage":"de","@id":"https:\/\/exciting-lichterman.217-160-28-49.plesk.page\/produit\/qualificateur-1g-cablage-passif-rj45-signal-tek-nt-2\/#primaryimage","url":"https:\/\/exciting-lichterman.217-160-28-49.plesk.page\/wp-content\/uploads\/2024\/03\/stnt_touchscreen_en_474by338-1.webp","contentUrl":"https:\/\/exciting-lichterman.217-160-28-49.plesk.page\/wp-content\/uploads\/2024\/03\/stnt_touchscreen_en_474by338-1.webp","width":2560,"height":2545},{"@type":"BreadcrumbList","@id":"https:\/\/exciting-lichterman.217-160-28-49.plesk.page\/produit\/qualificateur-1g-cablage-passif-rj45-signal-tek-nt-2\/#breadcrumb","itemListElement":[{"@type":"ListItem","position":1,"name":"Accueil","item":"https:\/\/exciting-lichterman.217-160-28-49.plesk.page\/"},{"@type":"ListItem","position":2,"name":"Boutique","item":"https:\/\/exciting-lichterman.217-160-28-49.plesk.page\/boutique\/"},{"@type":"ListItem","position":3,"name":"Qualificateur 1G c\u00e2blage passif RJ45 Signal TEK NT"}]},{"@type":"WebSite","@id":"https:\/\/exciting-lichterman.217-160-28-49.plesk.page\/#website","url":"https:\/\/exciting-lichterman.217-160-28-49.plesk.page\/","name":"K2group Distribution","description":"","publisher":{"@id":"https:\/\/exciting-lichterman.217-160-28-49.plesk.page\/#organization"},"potentialAction":[{"@type":"SearchAction","target":{"@type":"EntryPoint","urlTemplate":"https:\/\/exciting-lichterman.217-160-28-49.plesk.page\/?s={search_term_string}"},"query-input":{"@type":"PropertyValueSpecification","valueRequired":true,"valueName":"search_term_string"}}],"inLanguage":"de"},{"@type":"Organization","@id":"https:\/\/exciting-lichterman.217-160-28-49.plesk.page\/#organization","name":"K2group Distribution","url":"https:\/\/exciting-lichterman.217-160-28-49.plesk.page\/","logo":{"@type":"ImageObject","inLanguage":"de","@id":"https:\/\/exciting-lichterman.217-160-28-49.plesk.page\/#\/schema\/logo\/image\/","url":"https:\/\/exciting-lichterman.217-160-28-49.plesk.page\/wp-content\/uploads\/2022\/04\/logo-K2.png","contentUrl":"https:\/\/exciting-lichterman.217-160-28-49.plesk.page\/wp-content\/uploads\/2022\/04\/logo-K2.png","width":155,"height":66,"caption":"K2group Distribution"},"image":{"@id":"https:\/\/exciting-lichterman.217-160-28-49.plesk.page\/#\/schema\/logo\/image\/"}}]}},"_links":{"self":[{"href":"https:\/\/exciting-lichterman.217-160-28-49.plesk.page\/de\/wp-json\/wp\/v2\/product\/20991","targetHints":{"allow":["GET"]}}],"collection":[{"href":"https:\/\/exciting-lichterman.217-160-28-49.plesk.page\/de\/wp-json\/wp\/v2\/product"}],"about":[{"href":"https:\/\/exciting-lichterman.217-160-28-49.plesk.page\/de\/wp-json\/wp\/v2\/types\/product"}],"replies":[{"embeddable":true,"href":"https:\/\/exciting-lichterman.217-160-28-49.plesk.page\/de\/wp-json\/wp\/v2\/comments?post=20991"}],"version-history":[{"count":1,"href":"https:\/\/exciting-lichterman.217-160-28-49.plesk.page\/de\/wp-json\/wp\/v2\/product\/20991\/revisions"}],"predecessor-version":[{"id":21080,"href":"https:\/\/exciting-lichterman.217-160-28-49.plesk.page\/de\/wp-json\/wp\/v2\/product\/20991\/revisions\/21080"}],"wp:featuredmedia":[{"embeddable":true,"href":"https:\/\/exciting-lichterman.217-160-28-49.plesk.page\/de\/wp-json\/wp\/v2\/media\/21079"}],"wp:attachment":[{"href":"https:\/\/exciting-lichterman.217-160-28-49.plesk.page\/de\/wp-json\/wp\/v2\/media?parent=20991"}],"wp:term":[{"taxonomy":"product_brand","embeddable":true,"href":"https:\/\/exciting-lichterman.217-160-28-49.plesk.page\/de\/wp-json\/wp\/v2\/product_brand?post=20991"},{"taxonomy":"product_cat","embeddable":true,"href":"https:\/\/exciting-lichterman.217-160-28-49.plesk.page\/de\/wp-json\/wp\/v2\/product_cat?post=20991"},{"taxonomy":"product_tag","embeddable":true,"href":"https:\/\/exciting-lichterman.217-160-28-49.plesk.page\/de\/wp-json\/wp\/v2\/product_tag?post=20991"}],"curies":[{"name":"wp","href":"https:\/\/api.w.org\/{rel}","templated":true}]}}