{"id":20988,"date":"2024-03-18T09:49:15","date_gmt":"2024-03-18T09:49:15","guid":{"rendered":"https:\/\/exciting-lichterman.217-160-28-49.plesk.page\/?post_type=product&#038;p=20988"},"modified":"2024-03-18T09:50:55","modified_gmt":"2024-03-18T09:50:55","slug":"testeur-de-poe-90w-debits-10gb-s-continuites-2","status":"publish","type":"product","link":"https:\/\/exciting-lichterman.217-160-28-49.plesk.page\/de\/produkt\/testeur-de-poe-90w-debits-10gb-s-continuites-2\/","title":{"rendered":"Testeur de PoE 90W, d\u00e9bits 10Gb\/s, continuit\u00e9s"},"content":{"rendered":"<h2 style=\"font-family:Poppins;font-size:14px; font-weight:400!important; line-height:2\">\nLe testeur de PoE et de c\u00e2blages dot\u00e9 de la technologie Bluetooth est un outil id\u00e9al et puissant pour les professionnels de l&rsquo;installation et de la maintenance des r\u00e9seaux permettant de simplifier et acc\u00e9l\u00e9rer l&rsquo;installation, la maintenance et le d\u00e9pannage des r\u00e9seaux en utilisant la technologie PoE.<\/h2>\n<p>Avec le PoE Pro, vous gagnez un temps pr\u00e9cieux gr\u00e2ce \u00e0 ses fonctionnalit\u00e9s intuitives et \u00e0 sa connectivit\u00e9 Bluetooth. Il vous permet de r\u00e9aliser des tests complets et pr\u00e9cis sur le c\u00e2blage du r\u00e9seau et de la PoE. Gr\u00e2ce \u00e0 son interface conviviale et \u00e0 son \u00e9cran LCD r\u00e9tro\u00e9clair\u00e9, vous pouvez facilement visualiser les r\u00e9sultats des tests en temps r\u00e9el.<\/p>\n<p>Une des caract\u00e9ristiques uniques du PoE Pro est l&rsquo;application mobile gratuite AnyWARE. Cette application vous permet de stocker les r\u00e9sultats des tests en temps r\u00e9el sur votre appareil mobile. De plus, gr\u00e2ce \u00e0 la technologie Bluetooth, vous pouvez transf\u00e9rer rapidement ces donn\u00e9es sur AnyWARE Cloud, o\u00f9 des rapports professionnels en format PDF sont automatiquement g\u00e9n\u00e9r\u00e9s.<\/p>\n<p>L&rsquo;utilisation de l&rsquo;application AnyWARE et du Cloud facilite le suivi et la gestion des donn\u00e9es de test, vous permettant d&rsquo;acc\u00e9der \u00e0 vos r\u00e9sultats de test \u00e0 tout moment et de les partager facilement avec vos coll\u00e8gues ou clients.<\/p>\n<p>Robuste et r\u00e9sistant aux environnements de travail les plus exigeants, ce testeur dispose d&rsquo;une batterie rechargeable longue dur\u00e9e qui assure une utilisation prolong\u00e9e sur le terrain.<\/p>\n<p><strong>Contenu du kit<\/strong><br \/>\n1 x testeur, 1 x unit\u00e9 distante double port, 1 x unit\u00e9 distante coaxiale, 1 x pile alcaline, 1 x guide d&rsquo;utilisation multilingue, 2 x c\u00e2ble RJ45 vers pince crocodile 390 mm, 2 x c\u00e2ble blind\u00e9 RJ45 vers RJ45 150 mm, 2 x C\u00e2ble RJ12 vers RJ12 100 mm, 1 x prise de type F vers c\u00e2ble de prise de type F 230 mm, 1 x \u00e9pissure F-81, 1 x adaptateur BNC femelle vers m\u00e2le de type F, 1 x adaptateur BNC femelle vers femelle de type F, 1 x adaptateur RCA femelle vers type F m\u00e2le, 1 x adaptateur RCA femelle vers type F femelle, 1 x carte de c\u00e2blage portefeuille, 1 x \u00e9tui de transport.<\/p>","protected":false},"excerpt":{"rendered":"<p>R\u00e9f\u00e9rence : R158006<br \/>\nPays d&rsquo;origine : Malaisie (MY)<br \/>\nFabricant : Trend Networks<br \/>\nPoids brut (avec emballage) : 847 gramme<br \/>\nDimensions de l&#8217;emballage : 200x60x320mm<br \/>\nNum\u00e9ro des douanes : 9030400000<br \/>\nUNSPSC (v5.03) : 41113702<br \/>\nEAN : 5056310402046<\/p>","protected":false},"featured_media":21058,"comment_status":"open","ping_status":"closed","template":"","meta":{"_acf_changed":false},"product_brand":[],"product_cat":[1189,1096,67],"product_tag":[],"class_list":{"0":"post-20988","1":"product","2":"type-product","3":"status-publish","4":"has-post-thumbnail","6":"product_cat-certificateur-de-cablage","7":"product_cat-mesure-cuivre","8":"product_cat-test-mesure","10":"first","11":"instock","12":"taxable","13":"shipping-taxable","14":"product-type-simple"},"acf":[],"yoast_head":"<!-- This site is optimized with the Yoast SEO plugin v27.4 - https:\/\/yoast.com\/product\/yoast-seo-wordpress\/ -->\n<title>Testeur de PoE 90W, d\u00e9bits 10Gb\/s, continuit\u00e9s - K2group Distribution<\/title>\n<meta name=\"robots\" content=\"noindex, follow, max-snippet:-1, max-image-preview:large, max-video-preview:-1\" \/>\n<meta property=\"og:locale\" content=\"de_DE\" \/>\n<meta property=\"og:type\" content=\"article\" \/>\n<meta property=\"og:title\" content=\"Testeur de PoE 90W, d\u00e9bits 10Gb\/s, continuit\u00e9s - K2group Distribution\" \/>\n<meta property=\"og:description\" content=\"R\u00e9f\u00e9rence : R158006 Pays d&#039;origine : Malaisie (MY) Fabricant : Trend Networks Poids brut (avec emballage) : 847 gramme Dimensions de l&#039;emballage : 200x60x320mm Num\u00e9ro des douanes : 9030400000 UNSPSC (v5.03) : 41113702 EAN : 5056310402046\" \/>\n<meta property=\"og:url\" content=\"https:\/\/exciting-lichterman.217-160-28-49.plesk.page\/de\/produkt\/testeur-de-poe-90w-debits-10gb-s-continuites-2\/\" \/>\n<meta property=\"og:site_name\" content=\"K2group Distribution\" \/>\n<meta property=\"article:modified_time\" content=\"2024-03-18T09:50:55+00:00\" \/>\n<meta name=\"twitter:card\" content=\"summary_large_image\" \/>\n<meta name=\"twitter:label1\" content=\"Gesch\u00e4tzte Lesezeit\" \/>\n\t<meta name=\"twitter:data1\" content=\"2\u00a0Minuten\" \/>\n<script type=\"application\/ld+json\" class=\"yoast-schema-graph\">{\"@context\":\"https:\\\/\\\/schema.org\",\"@graph\":[{\"@type\":\"WebPage\",\"@id\":\"https:\\\/\\\/exciting-lichterman.217-160-28-49.plesk.page\\\/produit\\\/testeur-de-poe-90w-debits-10gb-s-continuites-2\\\/\",\"url\":\"https:\\\/\\\/exciting-lichterman.217-160-28-49.plesk.page\\\/produit\\\/testeur-de-poe-90w-debits-10gb-s-continuites-2\\\/\",\"name\":\"Testeur de PoE 90W, d\u00e9bits 10Gb\\\/s, continuit\u00e9s - K2group Distribution\",\"isPartOf\":{\"@id\":\"https:\\\/\\\/exciting-lichterman.217-160-28-49.plesk.page\\\/#website\"},\"primaryImageOfPage\":{\"@id\":\"https:\\\/\\\/exciting-lichterman.217-160-28-49.plesk.page\\\/produit\\\/testeur-de-poe-90w-debits-10gb-s-continuites-2\\\/#primaryimage\"},\"image\":{\"@id\":\"https:\\\/\\\/exciting-lichterman.217-160-28-49.plesk.page\\\/produit\\\/testeur-de-poe-90w-debits-10gb-s-continuites-2\\\/#primaryimage\"},\"thumbnailUrl\":\"https:\\\/\\\/exciting-lichterman.217-160-28-49.plesk.page\\\/wp-content\\\/uploads\\\/2024\\\/03\\\/r158006-1.webp\",\"datePublished\":\"2024-03-18T09:49:15+00:00\",\"dateModified\":\"2024-03-18T09:50:55+00:00\",\"breadcrumb\":{\"@id\":\"https:\\\/\\\/exciting-lichterman.217-160-28-49.plesk.page\\\/produit\\\/testeur-de-poe-90w-debits-10gb-s-continuites-2\\\/#breadcrumb\"},\"inLanguage\":\"de\",\"potentialAction\":[{\"@type\":\"ReadAction\",\"target\":[\"https:\\\/\\\/exciting-lichterman.217-160-28-49.plesk.page\\\/produit\\\/testeur-de-poe-90w-debits-10gb-s-continuites-2\\\/\"]}]},{\"@type\":\"ImageObject\",\"inLanguage\":\"de\",\"@id\":\"https:\\\/\\\/exciting-lichterman.217-160-28-49.plesk.page\\\/produit\\\/testeur-de-poe-90w-debits-10gb-s-continuites-2\\\/#primaryimage\",\"url\":\"https:\\\/\\\/exciting-lichterman.217-160-28-49.plesk.page\\\/wp-content\\\/uploads\\\/2024\\\/03\\\/r158006-1.webp\",\"contentUrl\":\"https:\\\/\\\/exciting-lichterman.217-160-28-49.plesk.page\\\/wp-content\\\/uploads\\\/2024\\\/03\\\/r158006-1.webp\",\"width\":2560,\"height\":2545},{\"@type\":\"BreadcrumbList\",\"@id\":\"https:\\\/\\\/exciting-lichterman.217-160-28-49.plesk.page\\\/produit\\\/testeur-de-poe-90w-debits-10gb-s-continuites-2\\\/#breadcrumb\",\"itemListElement\":[{\"@type\":\"ListItem\",\"position\":1,\"name\":\"Accueil\",\"item\":\"https:\\\/\\\/exciting-lichterman.217-160-28-49.plesk.page\\\/\"},{\"@type\":\"ListItem\",\"position\":2,\"name\":\"Boutique\",\"item\":\"https:\\\/\\\/exciting-lichterman.217-160-28-49.plesk.page\\\/boutique\\\/\"},{\"@type\":\"ListItem\",\"position\":3,\"name\":\"Testeur de PoE 90W, d\u00e9bits 10Gb\\\/s, continuit\u00e9s\"}]},{\"@type\":\"WebSite\",\"@id\":\"https:\\\/\\\/exciting-lichterman.217-160-28-49.plesk.page\\\/#website\",\"url\":\"https:\\\/\\\/exciting-lichterman.217-160-28-49.plesk.page\\\/\",\"name\":\"K2group Distribution\",\"description\":\"\",\"publisher\":{\"@id\":\"https:\\\/\\\/exciting-lichterman.217-160-28-49.plesk.page\\\/#organization\"},\"potentialAction\":[{\"@type\":\"SearchAction\",\"target\":{\"@type\":\"EntryPoint\",\"urlTemplate\":\"https:\\\/\\\/exciting-lichterman.217-160-28-49.plesk.page\\\/?s={search_term_string}\"},\"query-input\":{\"@type\":\"PropertyValueSpecification\",\"valueRequired\":true,\"valueName\":\"search_term_string\"}}],\"inLanguage\":\"de\"},{\"@type\":\"Organization\",\"@id\":\"https:\\\/\\\/exciting-lichterman.217-160-28-49.plesk.page\\\/#organization\",\"name\":\"K2group Distribution\",\"url\":\"https:\\\/\\\/exciting-lichterman.217-160-28-49.plesk.page\\\/\",\"logo\":{\"@type\":\"ImageObject\",\"inLanguage\":\"de\",\"@id\":\"https:\\\/\\\/exciting-lichterman.217-160-28-49.plesk.page\\\/#\\\/schema\\\/logo\\\/image\\\/\",\"url\":\"https:\\\/\\\/exciting-lichterman.217-160-28-49.plesk.page\\\/wp-content\\\/uploads\\\/2022\\\/04\\\/logo-K2.png\",\"contentUrl\":\"https:\\\/\\\/exciting-lichterman.217-160-28-49.plesk.page\\\/wp-content\\\/uploads\\\/2022\\\/04\\\/logo-K2.png\",\"width\":155,\"height\":66,\"caption\":\"K2group Distribution\"},\"image\":{\"@id\":\"https:\\\/\\\/exciting-lichterman.217-160-28-49.plesk.page\\\/#\\\/schema\\\/logo\\\/image\\\/\"}}]}<\/script>\n<!-- \/ Yoast SEO plugin. -->","yoast_head_json":{"title":"Testeur de PoE 90W, d\u00e9bits 10Gb\/s, continuit\u00e9s - K2group Distribution","robots":{"index":"noindex","follow":"follow","max-snippet":"max-snippet:-1","max-image-preview":"max-image-preview:large","max-video-preview":"max-video-preview:-1"},"og_locale":"de_DE","og_type":"article","og_title":"Testeur de PoE 90W, d\u00e9bits 10Gb\/s, continuit\u00e9s - K2group Distribution","og_description":"R\u00e9f\u00e9rence : R158006 Pays d'origine : Malaisie (MY) Fabricant : Trend Networks Poids brut (avec emballage) : 847 gramme Dimensions de l'emballage : 200x60x320mm Num\u00e9ro des douanes : 9030400000 UNSPSC (v5.03) : 41113702 EAN : 5056310402046","og_url":"https:\/\/exciting-lichterman.217-160-28-49.plesk.page\/de\/produkt\/testeur-de-poe-90w-debits-10gb-s-continuites-2\/","og_site_name":"K2group Distribution","article_modified_time":"2024-03-18T09:50:55+00:00","twitter_card":"summary_large_image","twitter_misc":{"Gesch\u00e4tzte Lesezeit":"2\u00a0Minuten"},"schema":{"@context":"https:\/\/schema.org","@graph":[{"@type":"WebPage","@id":"https:\/\/exciting-lichterman.217-160-28-49.plesk.page\/produit\/testeur-de-poe-90w-debits-10gb-s-continuites-2\/","url":"https:\/\/exciting-lichterman.217-160-28-49.plesk.page\/produit\/testeur-de-poe-90w-debits-10gb-s-continuites-2\/","name":"Testeur de PoE 90W, d\u00e9bits 10Gb\/s, continuit\u00e9s - K2group Distribution","isPartOf":{"@id":"https:\/\/exciting-lichterman.217-160-28-49.plesk.page\/#website"},"primaryImageOfPage":{"@id":"https:\/\/exciting-lichterman.217-160-28-49.plesk.page\/produit\/testeur-de-poe-90w-debits-10gb-s-continuites-2\/#primaryimage"},"image":{"@id":"https:\/\/exciting-lichterman.217-160-28-49.plesk.page\/produit\/testeur-de-poe-90w-debits-10gb-s-continuites-2\/#primaryimage"},"thumbnailUrl":"https:\/\/exciting-lichterman.217-160-28-49.plesk.page\/wp-content\/uploads\/2024\/03\/r158006-1.webp","datePublished":"2024-03-18T09:49:15+00:00","dateModified":"2024-03-18T09:50:55+00:00","breadcrumb":{"@id":"https:\/\/exciting-lichterman.217-160-28-49.plesk.page\/produit\/testeur-de-poe-90w-debits-10gb-s-continuites-2\/#breadcrumb"},"inLanguage":"de","potentialAction":[{"@type":"ReadAction","target":["https:\/\/exciting-lichterman.217-160-28-49.plesk.page\/produit\/testeur-de-poe-90w-debits-10gb-s-continuites-2\/"]}]},{"@type":"ImageObject","inLanguage":"de","@id":"https:\/\/exciting-lichterman.217-160-28-49.plesk.page\/produit\/testeur-de-poe-90w-debits-10gb-s-continuites-2\/#primaryimage","url":"https:\/\/exciting-lichterman.217-160-28-49.plesk.page\/wp-content\/uploads\/2024\/03\/r158006-1.webp","contentUrl":"https:\/\/exciting-lichterman.217-160-28-49.plesk.page\/wp-content\/uploads\/2024\/03\/r158006-1.webp","width":2560,"height":2545},{"@type":"BreadcrumbList","@id":"https:\/\/exciting-lichterman.217-160-28-49.plesk.page\/produit\/testeur-de-poe-90w-debits-10gb-s-continuites-2\/#breadcrumb","itemListElement":[{"@type":"ListItem","position":1,"name":"Accueil","item":"https:\/\/exciting-lichterman.217-160-28-49.plesk.page\/"},{"@type":"ListItem","position":2,"name":"Boutique","item":"https:\/\/exciting-lichterman.217-160-28-49.plesk.page\/boutique\/"},{"@type":"ListItem","position":3,"name":"Testeur de PoE 90W, d\u00e9bits 10Gb\/s, continuit\u00e9s"}]},{"@type":"WebSite","@id":"https:\/\/exciting-lichterman.217-160-28-49.plesk.page\/#website","url":"https:\/\/exciting-lichterman.217-160-28-49.plesk.page\/","name":"K2group Distribution","description":"","publisher":{"@id":"https:\/\/exciting-lichterman.217-160-28-49.plesk.page\/#organization"},"potentialAction":[{"@type":"SearchAction","target":{"@type":"EntryPoint","urlTemplate":"https:\/\/exciting-lichterman.217-160-28-49.plesk.page\/?s={search_term_string}"},"query-input":{"@type":"PropertyValueSpecification","valueRequired":true,"valueName":"search_term_string"}}],"inLanguage":"de"},{"@type":"Organization","@id":"https:\/\/exciting-lichterman.217-160-28-49.plesk.page\/#organization","name":"K2group Distribution","url":"https:\/\/exciting-lichterman.217-160-28-49.plesk.page\/","logo":{"@type":"ImageObject","inLanguage":"de","@id":"https:\/\/exciting-lichterman.217-160-28-49.plesk.page\/#\/schema\/logo\/image\/","url":"https:\/\/exciting-lichterman.217-160-28-49.plesk.page\/wp-content\/uploads\/2022\/04\/logo-K2.png","contentUrl":"https:\/\/exciting-lichterman.217-160-28-49.plesk.page\/wp-content\/uploads\/2022\/04\/logo-K2.png","width":155,"height":66,"caption":"K2group Distribution"},"image":{"@id":"https:\/\/exciting-lichterman.217-160-28-49.plesk.page\/#\/schema\/logo\/image\/"}}]}},"_links":{"self":[{"href":"https:\/\/exciting-lichterman.217-160-28-49.plesk.page\/de\/wp-json\/wp\/v2\/product\/20988","targetHints":{"allow":["GET"]}}],"collection":[{"href":"https:\/\/exciting-lichterman.217-160-28-49.plesk.page\/de\/wp-json\/wp\/v2\/product"}],"about":[{"href":"https:\/\/exciting-lichterman.217-160-28-49.plesk.page\/de\/wp-json\/wp\/v2\/types\/product"}],"replies":[{"embeddable":true,"href":"https:\/\/exciting-lichterman.217-160-28-49.plesk.page\/de\/wp-json\/wp\/v2\/comments?post=20988"}],"version-history":[{"count":1,"href":"https:\/\/exciting-lichterman.217-160-28-49.plesk.page\/de\/wp-json\/wp\/v2\/product\/20988\/revisions"}],"predecessor-version":[{"id":21059,"href":"https:\/\/exciting-lichterman.217-160-28-49.plesk.page\/de\/wp-json\/wp\/v2\/product\/20988\/revisions\/21059"}],"wp:featuredmedia":[{"embeddable":true,"href":"https:\/\/exciting-lichterman.217-160-28-49.plesk.page\/de\/wp-json\/wp\/v2\/media\/21058"}],"wp:attachment":[{"href":"https:\/\/exciting-lichterman.217-160-28-49.plesk.page\/de\/wp-json\/wp\/v2\/media?parent=20988"}],"wp:term":[{"taxonomy":"product_brand","embeddable":true,"href":"https:\/\/exciting-lichterman.217-160-28-49.plesk.page\/de\/wp-json\/wp\/v2\/product_brand?post=20988"},{"taxonomy":"product_cat","embeddable":true,"href":"https:\/\/exciting-lichterman.217-160-28-49.plesk.page\/de\/wp-json\/wp\/v2\/product_cat?post=20988"},{"taxonomy":"product_tag","embeddable":true,"href":"https:\/\/exciting-lichterman.217-160-28-49.plesk.page\/de\/wp-json\/wp\/v2\/product_tag?post=20988"}],"curies":[{"name":"wp","href":"https:\/\/api.w.org\/{rel}","templated":true}]}}