{"id":18551,"date":"2023-08-02T11:45:39","date_gmt":"2023-08-02T11:45:39","guid":{"rendered":"https:\/\/exciting-lichterman.217-160-28-49.plesk.page\/?post_type=product&#038;p=18551"},"modified":"2023-08-24T10:25:18","modified_gmt":"2023-08-24T10:25:18","slug":"mini-sonde-mpl9-33-9-mm-33-khz-m6-et-m5","status":"publish","type":"product","link":"https:\/\/exciting-lichterman.217-160-28-49.plesk.page\/de\/produkt\/mini-sonde-mpl9-33-9-mm-33-khz-m6-et-m5\/","title":{"rendered":"Mini sonde MPL9-33 (9 MM, 33 KHZ, M6 ET M5)"},"content":{"rendered":"<p>La construction du MPL9-33 comprend \u00e0 la fois l&rsquo;\u00e9metteur et le compartiment de la batterie, solidement connect\u00e9s ensemble. Gr\u00e2ce \u00e0 sa flexibilit\u00e9 semi-rigide, l&rsquo;appareil s&rsquo;adapte facilement aux courbes des tubes, aux joints et aux obstacles, permettant au constructeur d&rsquo;\u00e9valuer la capacit\u00e9 de l&rsquo;installation de nouveaux c\u00e2bles dans ces conduits. Le MPL9-33 est sp\u00e9cialement con\u00e7u pour \u00eatre utilis\u00e9 avec des conduits ayant un diam\u00e8tre int\u00e9rieur de 12 mm ou plus.<\/p>\n<p>L&rsquo;\u00e9metteur est dot\u00e9 d&rsquo;une lumi\u00e8re rouge clignotante \u00e0 son extr\u00e9mit\u00e9, indiquant son bon fonctionnement. Pour alimenter l&rsquo;appareil, une unit\u00e9 de batterie au lithium jetable offre une autonomie d&rsquo;environ 6 heures d&rsquo;utilisation continue. Compact, avec un diam\u00e8tre de 9,0 mm et une longueur totale de 137 mm (compartiment \u00e0 piles inclus), le MPL9-33 se positionne comme un outil performant et polyvalent pour les professionnels travaillant dans les domaines des c\u00e2bles et des conduits, leur permettant d&rsquo;accomplir leurs t\u00e2ches avec pr\u00e9cision.<\/p>","protected":false},"excerpt":{"rendered":"<h2 style=\"font-family:Poppins;font-size:14px; font-weight:400!important; line-height:2\">Le MPL9-33 est une sonde \u00e9mettrice flexible avec 9 mm de diam\u00e8tre sp\u00e9cialement con\u00e7ue pour traquer les microconduits et d\u00e9passer les blocages dans les tubes.<\/h2>","protected":false},"featured_media":18552,"comment_status":"open","ping_status":"closed","template":"","meta":{"_acf_changed":false},"product_brand":[],"product_cat":[1136,67],"product_tag":[],"class_list":{"0":"post-18551","1":"product","2":"type-product","3":"status-publish","4":"has-post-thumbnail","6":"product_cat-detection-de-reseaux-enterres","7":"product_cat-test-mesure","9":"first","10":"instock","11":"taxable","12":"shipping-taxable","13":"purchasable","14":"product-type-simple"},"acf":[],"yoast_head":"<!-- This site is optimized with the Yoast SEO plugin v27.4 - https:\/\/yoast.com\/product\/yoast-seo-wordpress\/ -->\n<title>Mini sonde MPL9-33 (9 MM, 33 KHZ, M6 ET M5) - K2group Distribution<\/title>\n<meta name=\"description\" content=\"Explorez les microconduits avec pr\u00e9cision gr\u00e2ce \u00e0 la mini sonde MPL9-33, con\u00e7ue pour d\u00e9passer les blocages dans les tubes avec sa flexibilit\u00e9.\" \/>\n<meta name=\"robots\" content=\"noindex, follow, max-snippet:-1, max-image-preview:large, max-video-preview:-1\" \/>\n<meta property=\"og:locale\" content=\"de_DE\" \/>\n<meta property=\"og:type\" content=\"article\" \/>\n<meta property=\"og:title\" content=\"Mini sonde MPL9-33 (9 MM, 33 KHZ, M6 ET M5) - K2group Distribution\" \/>\n<meta property=\"og:description\" content=\"Explorez les microconduits avec pr\u00e9cision gr\u00e2ce \u00e0 la mini sonde MPL9-33, con\u00e7ue pour d\u00e9passer les blocages dans les tubes avec sa flexibilit\u00e9.\" \/>\n<meta property=\"og:url\" content=\"https:\/\/exciting-lichterman.217-160-28-49.plesk.page\/de\/produkt\/mini-sonde-mpl9-33-9-mm-33-khz-m6-et-m5\/\" \/>\n<meta property=\"og:site_name\" content=\"K2group Distribution\" \/>\n<meta property=\"article:modified_time\" content=\"2023-08-24T10:25:18+00:00\" \/>\n<meta property=\"og:image\" content=\"https:\/\/exciting-lichterman.217-160-28-49.plesk.page\/wp-content\/uploads\/2023\/08\/1-3.jpg\" \/>\n\t<meta property=\"og:image:width\" content=\"2560\" \/>\n\t<meta property=\"og:image:height\" content=\"2545\" \/>\n\t<meta property=\"og:image:type\" content=\"image\/jpeg\" \/>\n<meta name=\"twitter:card\" content=\"summary_large_image\" \/>\n<meta name=\"twitter:label1\" content=\"Gesch\u00e4tzte Lesezeit\" \/>\n\t<meta name=\"twitter:data1\" content=\"1\u00a0Minute\" \/>\n<script type=\"application\/ld+json\" class=\"yoast-schema-graph\">{\"@context\":\"https:\\\/\\\/schema.org\",\"@graph\":[{\"@type\":\"WebPage\",\"@id\":\"https:\\\/\\\/exciting-lichterman.217-160-28-49.plesk.page\\\/produit\\\/mini-sonde-mpl9-33-9-mm-33-khz-m6-et-m5\\\/\",\"url\":\"https:\\\/\\\/exciting-lichterman.217-160-28-49.plesk.page\\\/produit\\\/mini-sonde-mpl9-33-9-mm-33-khz-m6-et-m5\\\/\",\"name\":\"Mini sonde MPL9-33 (9 MM, 33 KHZ, M6 ET M5) - K2group Distribution\",\"isPartOf\":{\"@id\":\"https:\\\/\\\/exciting-lichterman.217-160-28-49.plesk.page\\\/#website\"},\"primaryImageOfPage\":{\"@id\":\"https:\\\/\\\/exciting-lichterman.217-160-28-49.plesk.page\\\/produit\\\/mini-sonde-mpl9-33-9-mm-33-khz-m6-et-m5\\\/#primaryimage\"},\"image\":{\"@id\":\"https:\\\/\\\/exciting-lichterman.217-160-28-49.plesk.page\\\/produit\\\/mini-sonde-mpl9-33-9-mm-33-khz-m6-et-m5\\\/#primaryimage\"},\"thumbnailUrl\":\"https:\\\/\\\/exciting-lichterman.217-160-28-49.plesk.page\\\/wp-content\\\/uploads\\\/2023\\\/08\\\/1-3.jpg\",\"datePublished\":\"2023-08-02T11:45:39+00:00\",\"dateModified\":\"2023-08-24T10:25:18+00:00\",\"description\":\"Explorez les microconduits avec pr\u00e9cision gr\u00e2ce \u00e0 la mini sonde MPL9-33, con\u00e7ue pour d\u00e9passer les blocages dans les tubes avec sa flexibilit\u00e9.\",\"breadcrumb\":{\"@id\":\"https:\\\/\\\/exciting-lichterman.217-160-28-49.plesk.page\\\/produit\\\/mini-sonde-mpl9-33-9-mm-33-khz-m6-et-m5\\\/#breadcrumb\"},\"inLanguage\":\"de\",\"potentialAction\":[{\"@type\":\"ReadAction\",\"target\":[\"https:\\\/\\\/exciting-lichterman.217-160-28-49.plesk.page\\\/produit\\\/mini-sonde-mpl9-33-9-mm-33-khz-m6-et-m5\\\/\"]}]},{\"@type\":\"ImageObject\",\"inLanguage\":\"de\",\"@id\":\"https:\\\/\\\/exciting-lichterman.217-160-28-49.plesk.page\\\/produit\\\/mini-sonde-mpl9-33-9-mm-33-khz-m6-et-m5\\\/#primaryimage\",\"url\":\"https:\\\/\\\/exciting-lichterman.217-160-28-49.plesk.page\\\/wp-content\\\/uploads\\\/2023\\\/08\\\/1-3.jpg\",\"contentUrl\":\"https:\\\/\\\/exciting-lichterman.217-160-28-49.plesk.page\\\/wp-content\\\/uploads\\\/2023\\\/08\\\/1-3.jpg\",\"width\":2560,\"height\":2545},{\"@type\":\"BreadcrumbList\",\"@id\":\"https:\\\/\\\/exciting-lichterman.217-160-28-49.plesk.page\\\/produit\\\/mini-sonde-mpl9-33-9-mm-33-khz-m6-et-m5\\\/#breadcrumb\",\"itemListElement\":[{\"@type\":\"ListItem\",\"position\":1,\"name\":\"Accueil\",\"item\":\"https:\\\/\\\/exciting-lichterman.217-160-28-49.plesk.page\\\/\"},{\"@type\":\"ListItem\",\"position\":2,\"name\":\"Boutique\",\"item\":\"https:\\\/\\\/exciting-lichterman.217-160-28-49.plesk.page\\\/boutique\\\/\"},{\"@type\":\"ListItem\",\"position\":3,\"name\":\"Mini sonde MPL9-33 (9 MM, 33 KHZ, M6 ET M5)\"}]},{\"@type\":\"WebSite\",\"@id\":\"https:\\\/\\\/exciting-lichterman.217-160-28-49.plesk.page\\\/#website\",\"url\":\"https:\\\/\\\/exciting-lichterman.217-160-28-49.plesk.page\\\/\",\"name\":\"K2group Distribution\",\"description\":\"\",\"publisher\":{\"@id\":\"https:\\\/\\\/exciting-lichterman.217-160-28-49.plesk.page\\\/#organization\"},\"potentialAction\":[{\"@type\":\"SearchAction\",\"target\":{\"@type\":\"EntryPoint\",\"urlTemplate\":\"https:\\\/\\\/exciting-lichterman.217-160-28-49.plesk.page\\\/?s={search_term_string}\"},\"query-input\":{\"@type\":\"PropertyValueSpecification\",\"valueRequired\":true,\"valueName\":\"search_term_string\"}}],\"inLanguage\":\"de\"},{\"@type\":\"Organization\",\"@id\":\"https:\\\/\\\/exciting-lichterman.217-160-28-49.plesk.page\\\/#organization\",\"name\":\"K2group Distribution\",\"url\":\"https:\\\/\\\/exciting-lichterman.217-160-28-49.plesk.page\\\/\",\"logo\":{\"@type\":\"ImageObject\",\"inLanguage\":\"de\",\"@id\":\"https:\\\/\\\/exciting-lichterman.217-160-28-49.plesk.page\\\/#\\\/schema\\\/logo\\\/image\\\/\",\"url\":\"https:\\\/\\\/exciting-lichterman.217-160-28-49.plesk.page\\\/wp-content\\\/uploads\\\/2022\\\/04\\\/logo-K2.png\",\"contentUrl\":\"https:\\\/\\\/exciting-lichterman.217-160-28-49.plesk.page\\\/wp-content\\\/uploads\\\/2022\\\/04\\\/logo-K2.png\",\"width\":155,\"height\":66,\"caption\":\"K2group Distribution\"},\"image\":{\"@id\":\"https:\\\/\\\/exciting-lichterman.217-160-28-49.plesk.page\\\/#\\\/schema\\\/logo\\\/image\\\/\"}}]}<\/script>\n<!-- \/ Yoast SEO plugin. -->","yoast_head_json":{"title":"Mini sonde MPL9-33 (9 MM, 33 KHZ, M6 ET M5) - K2group Distribution","description":"Explorez les microconduits avec pr\u00e9cision gr\u00e2ce \u00e0 la mini sonde MPL9-33, con\u00e7ue pour d\u00e9passer les blocages dans les tubes avec sa flexibilit\u00e9.","robots":{"index":"noindex","follow":"follow","max-snippet":"max-snippet:-1","max-image-preview":"max-image-preview:large","max-video-preview":"max-video-preview:-1"},"og_locale":"de_DE","og_type":"article","og_title":"Mini sonde MPL9-33 (9 MM, 33 KHZ, M6 ET M5) - K2group Distribution","og_description":"Explorez les microconduits avec pr\u00e9cision gr\u00e2ce \u00e0 la mini sonde MPL9-33, con\u00e7ue pour d\u00e9passer les blocages dans les tubes avec sa flexibilit\u00e9.","og_url":"https:\/\/exciting-lichterman.217-160-28-49.plesk.page\/de\/produkt\/mini-sonde-mpl9-33-9-mm-33-khz-m6-et-m5\/","og_site_name":"K2group Distribution","article_modified_time":"2023-08-24T10:25:18+00:00","og_image":[{"width":2560,"height":2545,"url":"https:\/\/exciting-lichterman.217-160-28-49.plesk.page\/wp-content\/uploads\/2023\/08\/1-3.jpg","type":"image\/jpeg"}],"twitter_card":"summary_large_image","twitter_misc":{"Gesch\u00e4tzte Lesezeit":"1\u00a0Minute"},"schema":{"@context":"https:\/\/schema.org","@graph":[{"@type":"WebPage","@id":"https:\/\/exciting-lichterman.217-160-28-49.plesk.page\/produit\/mini-sonde-mpl9-33-9-mm-33-khz-m6-et-m5\/","url":"https:\/\/exciting-lichterman.217-160-28-49.plesk.page\/produit\/mini-sonde-mpl9-33-9-mm-33-khz-m6-et-m5\/","name":"Mini sonde MPL9-33 (9 MM, 33 KHZ, M6 ET M5) - K2group Distribution","isPartOf":{"@id":"https:\/\/exciting-lichterman.217-160-28-49.plesk.page\/#website"},"primaryImageOfPage":{"@id":"https:\/\/exciting-lichterman.217-160-28-49.plesk.page\/produit\/mini-sonde-mpl9-33-9-mm-33-khz-m6-et-m5\/#primaryimage"},"image":{"@id":"https:\/\/exciting-lichterman.217-160-28-49.plesk.page\/produit\/mini-sonde-mpl9-33-9-mm-33-khz-m6-et-m5\/#primaryimage"},"thumbnailUrl":"https:\/\/exciting-lichterman.217-160-28-49.plesk.page\/wp-content\/uploads\/2023\/08\/1-3.jpg","datePublished":"2023-08-02T11:45:39+00:00","dateModified":"2023-08-24T10:25:18+00:00","description":"Explorez les microconduits avec pr\u00e9cision gr\u00e2ce \u00e0 la mini sonde MPL9-33, con\u00e7ue pour d\u00e9passer les blocages dans les tubes avec sa flexibilit\u00e9.","breadcrumb":{"@id":"https:\/\/exciting-lichterman.217-160-28-49.plesk.page\/produit\/mini-sonde-mpl9-33-9-mm-33-khz-m6-et-m5\/#breadcrumb"},"inLanguage":"de","potentialAction":[{"@type":"ReadAction","target":["https:\/\/exciting-lichterman.217-160-28-49.plesk.page\/produit\/mini-sonde-mpl9-33-9-mm-33-khz-m6-et-m5\/"]}]},{"@type":"ImageObject","inLanguage":"de","@id":"https:\/\/exciting-lichterman.217-160-28-49.plesk.page\/produit\/mini-sonde-mpl9-33-9-mm-33-khz-m6-et-m5\/#primaryimage","url":"https:\/\/exciting-lichterman.217-160-28-49.plesk.page\/wp-content\/uploads\/2023\/08\/1-3.jpg","contentUrl":"https:\/\/exciting-lichterman.217-160-28-49.plesk.page\/wp-content\/uploads\/2023\/08\/1-3.jpg","width":2560,"height":2545},{"@type":"BreadcrumbList","@id":"https:\/\/exciting-lichterman.217-160-28-49.plesk.page\/produit\/mini-sonde-mpl9-33-9-mm-33-khz-m6-et-m5\/#breadcrumb","itemListElement":[{"@type":"ListItem","position":1,"name":"Accueil","item":"https:\/\/exciting-lichterman.217-160-28-49.plesk.page\/"},{"@type":"ListItem","position":2,"name":"Boutique","item":"https:\/\/exciting-lichterman.217-160-28-49.plesk.page\/boutique\/"},{"@type":"ListItem","position":3,"name":"Mini sonde MPL9-33 (9 MM, 33 KHZ, M6 ET M5)"}]},{"@type":"WebSite","@id":"https:\/\/exciting-lichterman.217-160-28-49.plesk.page\/#website","url":"https:\/\/exciting-lichterman.217-160-28-49.plesk.page\/","name":"K2group Distribution","description":"","publisher":{"@id":"https:\/\/exciting-lichterman.217-160-28-49.plesk.page\/#organization"},"potentialAction":[{"@type":"SearchAction","target":{"@type":"EntryPoint","urlTemplate":"https:\/\/exciting-lichterman.217-160-28-49.plesk.page\/?s={search_term_string}"},"query-input":{"@type":"PropertyValueSpecification","valueRequired":true,"valueName":"search_term_string"}}],"inLanguage":"de"},{"@type":"Organization","@id":"https:\/\/exciting-lichterman.217-160-28-49.plesk.page\/#organization","name":"K2group Distribution","url":"https:\/\/exciting-lichterman.217-160-28-49.plesk.page\/","logo":{"@type":"ImageObject","inLanguage":"de","@id":"https:\/\/exciting-lichterman.217-160-28-49.plesk.page\/#\/schema\/logo\/image\/","url":"https:\/\/exciting-lichterman.217-160-28-49.plesk.page\/wp-content\/uploads\/2022\/04\/logo-K2.png","contentUrl":"https:\/\/exciting-lichterman.217-160-28-49.plesk.page\/wp-content\/uploads\/2022\/04\/logo-K2.png","width":155,"height":66,"caption":"K2group Distribution"},"image":{"@id":"https:\/\/exciting-lichterman.217-160-28-49.plesk.page\/#\/schema\/logo\/image\/"}}]}},"_links":{"self":[{"href":"https:\/\/exciting-lichterman.217-160-28-49.plesk.page\/de\/wp-json\/wp\/v2\/product\/18551","targetHints":{"allow":["GET"]}}],"collection":[{"href":"https:\/\/exciting-lichterman.217-160-28-49.plesk.page\/de\/wp-json\/wp\/v2\/product"}],"about":[{"href":"https:\/\/exciting-lichterman.217-160-28-49.plesk.page\/de\/wp-json\/wp\/v2\/types\/product"}],"replies":[{"embeddable":true,"href":"https:\/\/exciting-lichterman.217-160-28-49.plesk.page\/de\/wp-json\/wp\/v2\/comments?post=18551"}],"version-history":[{"count":1,"href":"https:\/\/exciting-lichterman.217-160-28-49.plesk.page\/de\/wp-json\/wp\/v2\/product\/18551\/revisions"}],"predecessor-version":[{"id":18555,"href":"https:\/\/exciting-lichterman.217-160-28-49.plesk.page\/de\/wp-json\/wp\/v2\/product\/18551\/revisions\/18555"}],"wp:featuredmedia":[{"embeddable":true,"href":"https:\/\/exciting-lichterman.217-160-28-49.plesk.page\/de\/wp-json\/wp\/v2\/media\/18552"}],"wp:attachment":[{"href":"https:\/\/exciting-lichterman.217-160-28-49.plesk.page\/de\/wp-json\/wp\/v2\/media?parent=18551"}],"wp:term":[{"taxonomy":"product_brand","embeddable":true,"href":"https:\/\/exciting-lichterman.217-160-28-49.plesk.page\/de\/wp-json\/wp\/v2\/product_brand?post=18551"},{"taxonomy":"product_cat","embeddable":true,"href":"https:\/\/exciting-lichterman.217-160-28-49.plesk.page\/de\/wp-json\/wp\/v2\/product_cat?post=18551"},{"taxonomy":"product_tag","embeddable":true,"href":"https:\/\/exciting-lichterman.217-160-28-49.plesk.page\/de\/wp-json\/wp\/v2\/product_tag?post=18551"}],"curies":[{"name":"wp","href":"https:\/\/api.w.org\/{rel}","templated":true}]}}