{"id":18546,"date":"2023-08-02T11:34:27","date_gmt":"2023-08-02T11:34:27","guid":{"rendered":"https:\/\/exciting-lichterman.217-160-28-49.plesk.page\/?post_type=product&#038;p=18546"},"modified":"2023-08-18T14:01:47","modified_gmt":"2023-08-18T14:01:47","slug":"sonde-pl18-33-18-mm-33-khz-m12f-m10m-m6f","status":"publish","type":"product","link":"https:\/\/exciting-lichterman.217-160-28-49.plesk.page\/de\/produkt\/sonde-pl18-33-18-mm-33-khz-m12f-m10m-m6f\/","title":{"rendered":"Sonde PL18-33 (18 MM, 33 KHZ, M12F &#038; M10M &#038; M6F)"},"content":{"rendered":"<p>Son utilisation est simple, il suffit de la connecter \u00e0 un \u00e9metteur de tuyau en tournant le compartiment \u00e0 piles vers la section de l&rsquo;\u00e9metteur. Ensuite, on attache la sonde \u00e0 la tige de pouss\u00e9e (serpent) \u00e0 l&rsquo;aide du manchon filet\u00e9 du compartiment \u00e0 piles ou en utilisant du ruban adh\u00e9sif. Une fois fix\u00e9e, on la pousse dans le tuyau cible avec la tige de pouss\u00e9e.<br \/>\nPour s&rsquo;assurer de ne pas perdre le signal, surtout dans les pi\u00e8ces et les passages complexes, on suit la sonde \u00e0 l&rsquo;aide d&rsquo;un r\u00e9cepteur de traceur de c\u00e2ble pendant son d\u00e9placement. Cela permet de localiser pr\u00e9cis\u00e9ment les obstacles ou blocages possibles, d&rsquo;anticiper ainsi des creusements inutiles.<\/p>\n<p>La sonde est \u00e9quip\u00e9e d&rsquo;une LED rouge de mise sous tension \u00e0 son extr\u00e9mit\u00e9. Cette LED s&rsquo;\u00e9teint lorsque la batterie est faible, indiquant qu&rsquo;il est temps du chargeur. Ses dimensions compactes avec un diam\u00e8tre de 18,2 mm et une longueur de 85 mm (compartiment \u00e0 piles inclus) la rendent ais\u00e9e \u00e0 manipuler.<\/p>","protected":false},"excerpt":{"rendered":"<h2 style=\"font-family:Poppins;font-size:14px; font-weight:400!important; line-height:2\">La PL18-33 est une petite sonde \u00e9mettrice de tuyau con\u00e7u pour fonctionner avec plusieurs traceurs de c\u00e2ble et localisateurs de tuyau. En utilisant la fr\u00e9quence de tra\u00e7age de 33 kHz, la PL18-33 se r\u00e9v\u00e8le \u00eatre un outil pratique pour explorer les r\u00e9seaux souterrains avec facilit\u00e9 et pr\u00e9cision.<\/h2>","protected":false},"featured_media":18547,"comment_status":"open","ping_status":"closed","template":"","meta":{"_acf_changed":false},"product_brand":[],"product_cat":[1136,67],"product_tag":[],"class_list":{"0":"post-18546","1":"product","2":"type-product","3":"status-publish","4":"has-post-thumbnail","6":"product_cat-detection-de-reseaux-enterres","7":"product_cat-test-mesure","9":"first","10":"instock","11":"taxable","12":"shipping-taxable","13":"product-type-simple"},"acf":[],"yoast_head":"<!-- This site is optimized with the Yoast SEO plugin v27.4 - https:\/\/yoast.com\/product\/yoast-seo-wordpress\/ -->\n<title>Sonde PL18-33 (18 MM, 33 KHZ, M12F &amp; M10M &amp; M6F) - K2group Distribution<\/title>\n<meta name=\"description\" content=\"D\u00e9couvrez en profondeur les r\u00e9seaux souterrains avec pr\u00e9cision gr\u00e2ce \u00e0 la sonde PL18-33, con\u00e7ue pour une exploration facile avec divers traceurs de c\u00e2ble.\" \/>\n<meta name=\"robots\" content=\"noindex, follow, max-snippet:-1, max-image-preview:large, max-video-preview:-1\" \/>\n<meta property=\"og:locale\" content=\"de_DE\" \/>\n<meta property=\"og:type\" content=\"article\" \/>\n<meta property=\"og:title\" content=\"Sonde PL18-33 (18 MM, 33 KHZ, M12F &amp; M10M &amp; M6F) - K2group Distribution\" \/>\n<meta property=\"og:description\" content=\"D\u00e9couvrez en profondeur les r\u00e9seaux souterrains avec pr\u00e9cision gr\u00e2ce \u00e0 la sonde PL18-33, con\u00e7ue pour une exploration facile avec divers traceurs de c\u00e2ble.\" \/>\n<meta property=\"og:url\" content=\"https:\/\/exciting-lichterman.217-160-28-49.plesk.page\/de\/produkt\/sonde-pl18-33-18-mm-33-khz-m12f-m10m-m6f\/\" \/>\n<meta property=\"og:site_name\" content=\"K2group Distribution\" \/>\n<meta property=\"article:modified_time\" content=\"2023-08-18T14:01:47+00:00\" \/>\n<meta property=\"og:image\" content=\"https:\/\/exciting-lichterman.217-160-28-49.plesk.page\/wp-content\/uploads\/2023\/08\/1-2.jpg\" \/>\n\t<meta property=\"og:image:width\" content=\"2560\" \/>\n\t<meta property=\"og:image:height\" content=\"2545\" \/>\n\t<meta property=\"og:image:type\" content=\"image\/jpeg\" \/>\n<meta name=\"twitter:card\" content=\"summary_large_image\" \/>\n<meta name=\"twitter:label1\" content=\"Gesch\u00e4tzte Lesezeit\" \/>\n\t<meta name=\"twitter:data1\" content=\"1\u00a0Minute\" \/>\n<script type=\"application\/ld+json\" class=\"yoast-schema-graph\">{\"@context\":\"https:\\\/\\\/schema.org\",\"@graph\":[{\"@type\":\"WebPage\",\"@id\":\"https:\\\/\\\/exciting-lichterman.217-160-28-49.plesk.page\\\/produit\\\/sonde-pl18-33-18-mm-33-khz-m12f-m10m-m6f\\\/\",\"url\":\"https:\\\/\\\/exciting-lichterman.217-160-28-49.plesk.page\\\/produit\\\/sonde-pl18-33-18-mm-33-khz-m12f-m10m-m6f\\\/\",\"name\":\"Sonde PL18-33 (18 MM, 33 KHZ, M12F & M10M & M6F) - K2group Distribution\",\"isPartOf\":{\"@id\":\"https:\\\/\\\/exciting-lichterman.217-160-28-49.plesk.page\\\/#website\"},\"primaryImageOfPage\":{\"@id\":\"https:\\\/\\\/exciting-lichterman.217-160-28-49.plesk.page\\\/produit\\\/sonde-pl18-33-18-mm-33-khz-m12f-m10m-m6f\\\/#primaryimage\"},\"image\":{\"@id\":\"https:\\\/\\\/exciting-lichterman.217-160-28-49.plesk.page\\\/produit\\\/sonde-pl18-33-18-mm-33-khz-m12f-m10m-m6f\\\/#primaryimage\"},\"thumbnailUrl\":\"https:\\\/\\\/exciting-lichterman.217-160-28-49.plesk.page\\\/wp-content\\\/uploads\\\/2023\\\/08\\\/1-2.jpg\",\"datePublished\":\"2023-08-02T11:34:27+00:00\",\"dateModified\":\"2023-08-18T14:01:47+00:00\",\"description\":\"D\u00e9couvrez en profondeur les r\u00e9seaux souterrains avec pr\u00e9cision gr\u00e2ce \u00e0 la sonde PL18-33, con\u00e7ue pour une exploration facile avec divers traceurs de c\u00e2ble.\",\"breadcrumb\":{\"@id\":\"https:\\\/\\\/exciting-lichterman.217-160-28-49.plesk.page\\\/produit\\\/sonde-pl18-33-18-mm-33-khz-m12f-m10m-m6f\\\/#breadcrumb\"},\"inLanguage\":\"de\",\"potentialAction\":[{\"@type\":\"ReadAction\",\"target\":[\"https:\\\/\\\/exciting-lichterman.217-160-28-49.plesk.page\\\/produit\\\/sonde-pl18-33-18-mm-33-khz-m12f-m10m-m6f\\\/\"]}]},{\"@type\":\"ImageObject\",\"inLanguage\":\"de\",\"@id\":\"https:\\\/\\\/exciting-lichterman.217-160-28-49.plesk.page\\\/produit\\\/sonde-pl18-33-18-mm-33-khz-m12f-m10m-m6f\\\/#primaryimage\",\"url\":\"https:\\\/\\\/exciting-lichterman.217-160-28-49.plesk.page\\\/wp-content\\\/uploads\\\/2023\\\/08\\\/1-2.jpg\",\"contentUrl\":\"https:\\\/\\\/exciting-lichterman.217-160-28-49.plesk.page\\\/wp-content\\\/uploads\\\/2023\\\/08\\\/1-2.jpg\",\"width\":2560,\"height\":2545},{\"@type\":\"BreadcrumbList\",\"@id\":\"https:\\\/\\\/exciting-lichterman.217-160-28-49.plesk.page\\\/produit\\\/sonde-pl18-33-18-mm-33-khz-m12f-m10m-m6f\\\/#breadcrumb\",\"itemListElement\":[{\"@type\":\"ListItem\",\"position\":1,\"name\":\"Accueil\",\"item\":\"https:\\\/\\\/exciting-lichterman.217-160-28-49.plesk.page\\\/\"},{\"@type\":\"ListItem\",\"position\":2,\"name\":\"Boutique\",\"item\":\"https:\\\/\\\/exciting-lichterman.217-160-28-49.plesk.page\\\/boutique\\\/\"},{\"@type\":\"ListItem\",\"position\":3,\"name\":\"Sonde PL18-33 (18 MM, 33 KHZ, M12F &#038; M10M &#038; M6F)\"}]},{\"@type\":\"WebSite\",\"@id\":\"https:\\\/\\\/exciting-lichterman.217-160-28-49.plesk.page\\\/#website\",\"url\":\"https:\\\/\\\/exciting-lichterman.217-160-28-49.plesk.page\\\/\",\"name\":\"K2group Distribution\",\"description\":\"\",\"publisher\":{\"@id\":\"https:\\\/\\\/exciting-lichterman.217-160-28-49.plesk.page\\\/#organization\"},\"potentialAction\":[{\"@type\":\"SearchAction\",\"target\":{\"@type\":\"EntryPoint\",\"urlTemplate\":\"https:\\\/\\\/exciting-lichterman.217-160-28-49.plesk.page\\\/?s={search_term_string}\"},\"query-input\":{\"@type\":\"PropertyValueSpecification\",\"valueRequired\":true,\"valueName\":\"search_term_string\"}}],\"inLanguage\":\"de\"},{\"@type\":\"Organization\",\"@id\":\"https:\\\/\\\/exciting-lichterman.217-160-28-49.plesk.page\\\/#organization\",\"name\":\"K2group Distribution\",\"url\":\"https:\\\/\\\/exciting-lichterman.217-160-28-49.plesk.page\\\/\",\"logo\":{\"@type\":\"ImageObject\",\"inLanguage\":\"de\",\"@id\":\"https:\\\/\\\/exciting-lichterman.217-160-28-49.plesk.page\\\/#\\\/schema\\\/logo\\\/image\\\/\",\"url\":\"https:\\\/\\\/exciting-lichterman.217-160-28-49.plesk.page\\\/wp-content\\\/uploads\\\/2022\\\/04\\\/logo-K2.png\",\"contentUrl\":\"https:\\\/\\\/exciting-lichterman.217-160-28-49.plesk.page\\\/wp-content\\\/uploads\\\/2022\\\/04\\\/logo-K2.png\",\"width\":155,\"height\":66,\"caption\":\"K2group Distribution\"},\"image\":{\"@id\":\"https:\\\/\\\/exciting-lichterman.217-160-28-49.plesk.page\\\/#\\\/schema\\\/logo\\\/image\\\/\"}}]}<\/script>\n<!-- \/ Yoast SEO plugin. -->","yoast_head_json":{"title":"Sonde PL18-33 (18 MM, 33 KHZ, M12F & M10M & M6F) - K2group Distribution","description":"D\u00e9couvrez en profondeur les r\u00e9seaux souterrains avec pr\u00e9cision gr\u00e2ce \u00e0 la sonde PL18-33, con\u00e7ue pour une exploration facile avec divers traceurs de c\u00e2ble.","robots":{"index":"noindex","follow":"follow","max-snippet":"max-snippet:-1","max-image-preview":"max-image-preview:large","max-video-preview":"max-video-preview:-1"},"og_locale":"de_DE","og_type":"article","og_title":"Sonde PL18-33 (18 MM, 33 KHZ, M12F & M10M & M6F) - K2group Distribution","og_description":"D\u00e9couvrez en profondeur les r\u00e9seaux souterrains avec pr\u00e9cision gr\u00e2ce \u00e0 la sonde PL18-33, con\u00e7ue pour une exploration facile avec divers traceurs de c\u00e2ble.","og_url":"https:\/\/exciting-lichterman.217-160-28-49.plesk.page\/de\/produkt\/sonde-pl18-33-18-mm-33-khz-m12f-m10m-m6f\/","og_site_name":"K2group Distribution","article_modified_time":"2023-08-18T14:01:47+00:00","og_image":[{"width":2560,"height":2545,"url":"https:\/\/exciting-lichterman.217-160-28-49.plesk.page\/wp-content\/uploads\/2023\/08\/1-2.jpg","type":"image\/jpeg"}],"twitter_card":"summary_large_image","twitter_misc":{"Gesch\u00e4tzte Lesezeit":"1\u00a0Minute"},"schema":{"@context":"https:\/\/schema.org","@graph":[{"@type":"WebPage","@id":"https:\/\/exciting-lichterman.217-160-28-49.plesk.page\/produit\/sonde-pl18-33-18-mm-33-khz-m12f-m10m-m6f\/","url":"https:\/\/exciting-lichterman.217-160-28-49.plesk.page\/produit\/sonde-pl18-33-18-mm-33-khz-m12f-m10m-m6f\/","name":"Sonde PL18-33 (18 MM, 33 KHZ, M12F & M10M & M6F) - K2group Distribution","isPartOf":{"@id":"https:\/\/exciting-lichterman.217-160-28-49.plesk.page\/#website"},"primaryImageOfPage":{"@id":"https:\/\/exciting-lichterman.217-160-28-49.plesk.page\/produit\/sonde-pl18-33-18-mm-33-khz-m12f-m10m-m6f\/#primaryimage"},"image":{"@id":"https:\/\/exciting-lichterman.217-160-28-49.plesk.page\/produit\/sonde-pl18-33-18-mm-33-khz-m12f-m10m-m6f\/#primaryimage"},"thumbnailUrl":"https:\/\/exciting-lichterman.217-160-28-49.plesk.page\/wp-content\/uploads\/2023\/08\/1-2.jpg","datePublished":"2023-08-02T11:34:27+00:00","dateModified":"2023-08-18T14:01:47+00:00","description":"D\u00e9couvrez en profondeur les r\u00e9seaux souterrains avec pr\u00e9cision gr\u00e2ce \u00e0 la sonde PL18-33, con\u00e7ue pour une exploration facile avec divers traceurs de c\u00e2ble.","breadcrumb":{"@id":"https:\/\/exciting-lichterman.217-160-28-49.plesk.page\/produit\/sonde-pl18-33-18-mm-33-khz-m12f-m10m-m6f\/#breadcrumb"},"inLanguage":"de","potentialAction":[{"@type":"ReadAction","target":["https:\/\/exciting-lichterman.217-160-28-49.plesk.page\/produit\/sonde-pl18-33-18-mm-33-khz-m12f-m10m-m6f\/"]}]},{"@type":"ImageObject","inLanguage":"de","@id":"https:\/\/exciting-lichterman.217-160-28-49.plesk.page\/produit\/sonde-pl18-33-18-mm-33-khz-m12f-m10m-m6f\/#primaryimage","url":"https:\/\/exciting-lichterman.217-160-28-49.plesk.page\/wp-content\/uploads\/2023\/08\/1-2.jpg","contentUrl":"https:\/\/exciting-lichterman.217-160-28-49.plesk.page\/wp-content\/uploads\/2023\/08\/1-2.jpg","width":2560,"height":2545},{"@type":"BreadcrumbList","@id":"https:\/\/exciting-lichterman.217-160-28-49.plesk.page\/produit\/sonde-pl18-33-18-mm-33-khz-m12f-m10m-m6f\/#breadcrumb","itemListElement":[{"@type":"ListItem","position":1,"name":"Accueil","item":"https:\/\/exciting-lichterman.217-160-28-49.plesk.page\/"},{"@type":"ListItem","position":2,"name":"Boutique","item":"https:\/\/exciting-lichterman.217-160-28-49.plesk.page\/boutique\/"},{"@type":"ListItem","position":3,"name":"Sonde PL18-33 (18 MM, 33 KHZ, M12F &#038; M10M &#038; M6F)"}]},{"@type":"WebSite","@id":"https:\/\/exciting-lichterman.217-160-28-49.plesk.page\/#website","url":"https:\/\/exciting-lichterman.217-160-28-49.plesk.page\/","name":"K2group Distribution","description":"","publisher":{"@id":"https:\/\/exciting-lichterman.217-160-28-49.plesk.page\/#organization"},"potentialAction":[{"@type":"SearchAction","target":{"@type":"EntryPoint","urlTemplate":"https:\/\/exciting-lichterman.217-160-28-49.plesk.page\/?s={search_term_string}"},"query-input":{"@type":"PropertyValueSpecification","valueRequired":true,"valueName":"search_term_string"}}],"inLanguage":"de"},{"@type":"Organization","@id":"https:\/\/exciting-lichterman.217-160-28-49.plesk.page\/#organization","name":"K2group Distribution","url":"https:\/\/exciting-lichterman.217-160-28-49.plesk.page\/","logo":{"@type":"ImageObject","inLanguage":"de","@id":"https:\/\/exciting-lichterman.217-160-28-49.plesk.page\/#\/schema\/logo\/image\/","url":"https:\/\/exciting-lichterman.217-160-28-49.plesk.page\/wp-content\/uploads\/2022\/04\/logo-K2.png","contentUrl":"https:\/\/exciting-lichterman.217-160-28-49.plesk.page\/wp-content\/uploads\/2022\/04\/logo-K2.png","width":155,"height":66,"caption":"K2group Distribution"},"image":{"@id":"https:\/\/exciting-lichterman.217-160-28-49.plesk.page\/#\/schema\/logo\/image\/"}}]}},"_links":{"self":[{"href":"https:\/\/exciting-lichterman.217-160-28-49.plesk.page\/de\/wp-json\/wp\/v2\/product\/18546","targetHints":{"allow":["GET"]}}],"collection":[{"href":"https:\/\/exciting-lichterman.217-160-28-49.plesk.page\/de\/wp-json\/wp\/v2\/product"}],"about":[{"href":"https:\/\/exciting-lichterman.217-160-28-49.plesk.page\/de\/wp-json\/wp\/v2\/types\/product"}],"replies":[{"embeddable":true,"href":"https:\/\/exciting-lichterman.217-160-28-49.plesk.page\/de\/wp-json\/wp\/v2\/comments?post=18546"}],"version-history":[{"count":1,"href":"https:\/\/exciting-lichterman.217-160-28-49.plesk.page\/de\/wp-json\/wp\/v2\/product\/18546\/revisions"}],"predecessor-version":[{"id":18550,"href":"https:\/\/exciting-lichterman.217-160-28-49.plesk.page\/de\/wp-json\/wp\/v2\/product\/18546\/revisions\/18550"}],"wp:featuredmedia":[{"embeddable":true,"href":"https:\/\/exciting-lichterman.217-160-28-49.plesk.page\/de\/wp-json\/wp\/v2\/media\/18547"}],"wp:attachment":[{"href":"https:\/\/exciting-lichterman.217-160-28-49.plesk.page\/de\/wp-json\/wp\/v2\/media?parent=18546"}],"wp:term":[{"taxonomy":"product_brand","embeddable":true,"href":"https:\/\/exciting-lichterman.217-160-28-49.plesk.page\/de\/wp-json\/wp\/v2\/product_brand?post=18546"},{"taxonomy":"product_cat","embeddable":true,"href":"https:\/\/exciting-lichterman.217-160-28-49.plesk.page\/de\/wp-json\/wp\/v2\/product_cat?post=18546"},{"taxonomy":"product_tag","embeddable":true,"href":"https:\/\/exciting-lichterman.217-160-28-49.plesk.page\/de\/wp-json\/wp\/v2\/product_tag?post=18546"}],"curies":[{"name":"wp","href":"https:\/\/api.w.org\/{rel}","templated":true}]}}