{"id":18538,"date":"2023-08-02T11:28:01","date_gmt":"2023-08-02T11:28:01","guid":{"rendered":"https:\/\/exciting-lichterman.217-160-28-49.plesk.page\/?post_type=product&#038;p=18538"},"modified":"2023-08-18T13:50:29","modified_gmt":"2023-08-18T13:50:29","slug":"detecteur-de-precision-pour-sondes-et-tetes-de-camera","status":"publish","type":"product","link":"https:\/\/exciting-lichterman.217-160-28-49.plesk.page\/de\/produkt\/detecteur-de-precision-pour-sondes-et-tetes-de-camera\/","title":{"rendered":"D\u00e9tecteur de pr\u00e9cision pour sondes et t\u00eates de cam\u00e9ra"},"content":{"rendered":"<p>Gr\u00e2ce \u00e0 ce d\u00e9tecteur, les \u00e9crasements de fourreaux ou les chemins inhabituels de r\u00e9seau T\u00e9l\u00e9com ne seront plus un probl\u00e8me. Il suffit d&rsquo;envoyer la sonde, d&rsquo;allumer le r\u00e9cepteur VIVAX vLoc3-CAM et de suivre la fl\u00e8che \u00e0 l&rsquo;\u00e9cran. La profondeur de la sonde s&rsquo;affiche instantan\u00e9ment, vous indiquant o\u00f9 creuser sans difficult\u00e9.<\/p>\n<p>L&rsquo;utilisation du vLoc3-CAM est tr\u00e8s simple, il vous suffit d&rsquo;allumer le r\u00e9cepteur et de suivre les informations claires \u00e0 l&rsquo;\u00e9cran couleur. Avec son mode \u00ab\u00a0sonde\u00a0\u00bb, VIVAX propose une m\u00e9thode de localisation r\u00e9volutionnaire pour ces \u00e9metteurs, rendant le processus encore plus facile.<\/p>\n<p>En plus de sa simplicit\u00e9 d&rsquo;utilisation, le vLoc3-Cam est fourni avec une fr\u00e9quence de 33kHz, id\u00e9ale pour d\u00e9tecter le jonc de l&rsquo;aiguille ou la cam\u00e9ra, ainsi que les canalisations d&rsquo;eau et de gaz. De plus, cette fr\u00e9quence est parfaite pour rep\u00e9rer des fils traceurs de faible diam\u00e8tre non mis \u00e0 la terre, en induisant des signaux \u00e0 travers le sol sur des r\u00e9seaux o\u00f9 une connexion directe n&rsquo;est pas possible.<\/p>\n<p>Le vLoc3-Cam est livr\u00e9 avec deux types de sondes pour r\u00e9pondre \u00e0 vos besoins de d\u00e9tection. Vous avez une sonde autonome, ainsi qu&rsquo;une sonde avec ressort et piles BR535 x 10 pi\u00e8ces pour sonde V9. <\/p>","protected":false},"excerpt":{"rendered":"<h2 style=\"font-family:Poppins;font-size:14px; font-weight:400!important; line-height:2\">Le vLoc3-CAM est un d\u00e9tecteur de r\u00e9seaux id\u00e9al pour les prestataires de localisation de r\u00e9seaux T\u00e9l\u00e9com. Cet outil est \u00e9quip\u00e9 d&rsquo;une sonde \u00e9mettrice (en option) et d&rsquo;un d\u00e9tecteur pour faciliter la d\u00e9tection.<\/h2>","protected":false},"featured_media":18539,"comment_status":"open","ping_status":"closed","template":"","meta":{"_acf_changed":false},"product_brand":[],"product_cat":[1136,67],"product_tag":[],"class_list":{"0":"post-18538","1":"product","2":"type-product","3":"status-publish","4":"has-post-thumbnail","6":"product_cat-detection-de-reseaux-enterres","7":"product_cat-test-mesure","9":"first","10":"instock","11":"taxable","12":"shipping-taxable","13":"product-type-simple"},"acf":[],"yoast_head":"<!-- This site is optimized with the Yoast SEO plugin v27.4 - https:\/\/yoast.com\/product\/yoast-seo-wordpress\/ -->\n<title>D\u00e9tecteur de pr\u00e9cision pour sondes et t\u00eates de cam\u00e9ra - K2group Distribution<\/title>\n<meta name=\"description\" content=\"Optimisez la localisation des r\u00e9seaux avec le d\u00e9tecteur vLoc3-CAM pour sondes et t\u00eates de cam\u00e9ra. Pr\u00e9cision et simplicit\u00e9 pour des inspections sans difficult\u00e9.\" \/>\n<meta name=\"robots\" content=\"noindex, follow, max-snippet:-1, max-image-preview:large, max-video-preview:-1\" \/>\n<meta property=\"og:locale\" content=\"de_DE\" \/>\n<meta property=\"og:type\" content=\"article\" \/>\n<meta property=\"og:title\" content=\"D\u00e9tecteur de pr\u00e9cision pour sondes et t\u00eates de cam\u00e9ra - K2group Distribution\" \/>\n<meta property=\"og:description\" content=\"Optimisez la localisation des r\u00e9seaux avec le d\u00e9tecteur vLoc3-CAM pour sondes et t\u00eates de cam\u00e9ra. Pr\u00e9cision et simplicit\u00e9 pour des inspections sans difficult\u00e9.\" \/>\n<meta property=\"og:url\" content=\"https:\/\/exciting-lichterman.217-160-28-49.plesk.page\/de\/produkt\/detecteur-de-precision-pour-sondes-et-tetes-de-camera\/\" \/>\n<meta property=\"og:site_name\" content=\"K2group Distribution\" \/>\n<meta property=\"article:modified_time\" content=\"2023-08-18T13:50:29+00:00\" \/>\n<meta property=\"og:image\" content=\"https:\/\/exciting-lichterman.217-160-28-49.plesk.page\/wp-content\/uploads\/2023\/08\/5-1.jpg\" \/>\n\t<meta property=\"og:image:width\" content=\"2560\" \/>\n\t<meta property=\"og:image:height\" content=\"2545\" \/>\n\t<meta property=\"og:image:type\" content=\"image\/jpeg\" \/>\n<meta name=\"twitter:card\" content=\"summary_large_image\" \/>\n<meta name=\"twitter:label1\" content=\"Gesch\u00e4tzte Lesezeit\" \/>\n\t<meta name=\"twitter:data1\" content=\"2\u00a0Minuten\" \/>\n<script type=\"application\/ld+json\" class=\"yoast-schema-graph\">{\"@context\":\"https:\\\/\\\/schema.org\",\"@graph\":[{\"@type\":\"WebPage\",\"@id\":\"https:\\\/\\\/exciting-lichterman.217-160-28-49.plesk.page\\\/produit\\\/detecteur-de-precision-pour-sondes-et-tetes-de-camera\\\/\",\"url\":\"https:\\\/\\\/exciting-lichterman.217-160-28-49.plesk.page\\\/produit\\\/detecteur-de-precision-pour-sondes-et-tetes-de-camera\\\/\",\"name\":\"D\u00e9tecteur de pr\u00e9cision pour sondes et t\u00eates de cam\u00e9ra - K2group Distribution\",\"isPartOf\":{\"@id\":\"https:\\\/\\\/exciting-lichterman.217-160-28-49.plesk.page\\\/#website\"},\"primaryImageOfPage\":{\"@id\":\"https:\\\/\\\/exciting-lichterman.217-160-28-49.plesk.page\\\/produit\\\/detecteur-de-precision-pour-sondes-et-tetes-de-camera\\\/#primaryimage\"},\"image\":{\"@id\":\"https:\\\/\\\/exciting-lichterman.217-160-28-49.plesk.page\\\/produit\\\/detecteur-de-precision-pour-sondes-et-tetes-de-camera\\\/#primaryimage\"},\"thumbnailUrl\":\"https:\\\/\\\/exciting-lichterman.217-160-28-49.plesk.page\\\/wp-content\\\/uploads\\\/2023\\\/08\\\/5-1.jpg\",\"datePublished\":\"2023-08-02T11:28:01+00:00\",\"dateModified\":\"2023-08-18T13:50:29+00:00\",\"description\":\"Optimisez la localisation des r\u00e9seaux avec le d\u00e9tecteur vLoc3-CAM pour sondes et t\u00eates de cam\u00e9ra. Pr\u00e9cision et simplicit\u00e9 pour des inspections sans difficult\u00e9.\",\"breadcrumb\":{\"@id\":\"https:\\\/\\\/exciting-lichterman.217-160-28-49.plesk.page\\\/produit\\\/detecteur-de-precision-pour-sondes-et-tetes-de-camera\\\/#breadcrumb\"},\"inLanguage\":\"de\",\"potentialAction\":[{\"@type\":\"ReadAction\",\"target\":[\"https:\\\/\\\/exciting-lichterman.217-160-28-49.plesk.page\\\/produit\\\/detecteur-de-precision-pour-sondes-et-tetes-de-camera\\\/\"]}]},{\"@type\":\"ImageObject\",\"inLanguage\":\"de\",\"@id\":\"https:\\\/\\\/exciting-lichterman.217-160-28-49.plesk.page\\\/produit\\\/detecteur-de-precision-pour-sondes-et-tetes-de-camera\\\/#primaryimage\",\"url\":\"https:\\\/\\\/exciting-lichterman.217-160-28-49.plesk.page\\\/wp-content\\\/uploads\\\/2023\\\/08\\\/5-1.jpg\",\"contentUrl\":\"https:\\\/\\\/exciting-lichterman.217-160-28-49.plesk.page\\\/wp-content\\\/uploads\\\/2023\\\/08\\\/5-1.jpg\",\"width\":2560,\"height\":2545},{\"@type\":\"BreadcrumbList\",\"@id\":\"https:\\\/\\\/exciting-lichterman.217-160-28-49.plesk.page\\\/produit\\\/detecteur-de-precision-pour-sondes-et-tetes-de-camera\\\/#breadcrumb\",\"itemListElement\":[{\"@type\":\"ListItem\",\"position\":1,\"name\":\"Accueil\",\"item\":\"https:\\\/\\\/exciting-lichterman.217-160-28-49.plesk.page\\\/\"},{\"@type\":\"ListItem\",\"position\":2,\"name\":\"Boutique\",\"item\":\"https:\\\/\\\/exciting-lichterman.217-160-28-49.plesk.page\\\/boutique\\\/\"},{\"@type\":\"ListItem\",\"position\":3,\"name\":\"D\u00e9tecteur de pr\u00e9cision pour sondes et t\u00eates de cam\u00e9ra\"}]},{\"@type\":\"WebSite\",\"@id\":\"https:\\\/\\\/exciting-lichterman.217-160-28-49.plesk.page\\\/#website\",\"url\":\"https:\\\/\\\/exciting-lichterman.217-160-28-49.plesk.page\\\/\",\"name\":\"K2group Distribution\",\"description\":\"\",\"publisher\":{\"@id\":\"https:\\\/\\\/exciting-lichterman.217-160-28-49.plesk.page\\\/#organization\"},\"potentialAction\":[{\"@type\":\"SearchAction\",\"target\":{\"@type\":\"EntryPoint\",\"urlTemplate\":\"https:\\\/\\\/exciting-lichterman.217-160-28-49.plesk.page\\\/?s={search_term_string}\"},\"query-input\":{\"@type\":\"PropertyValueSpecification\",\"valueRequired\":true,\"valueName\":\"search_term_string\"}}],\"inLanguage\":\"de\"},{\"@type\":\"Organization\",\"@id\":\"https:\\\/\\\/exciting-lichterman.217-160-28-49.plesk.page\\\/#organization\",\"name\":\"K2group Distribution\",\"url\":\"https:\\\/\\\/exciting-lichterman.217-160-28-49.plesk.page\\\/\",\"logo\":{\"@type\":\"ImageObject\",\"inLanguage\":\"de\",\"@id\":\"https:\\\/\\\/exciting-lichterman.217-160-28-49.plesk.page\\\/#\\\/schema\\\/logo\\\/image\\\/\",\"url\":\"https:\\\/\\\/exciting-lichterman.217-160-28-49.plesk.page\\\/wp-content\\\/uploads\\\/2022\\\/04\\\/logo-K2.png\",\"contentUrl\":\"https:\\\/\\\/exciting-lichterman.217-160-28-49.plesk.page\\\/wp-content\\\/uploads\\\/2022\\\/04\\\/logo-K2.png\",\"width\":155,\"height\":66,\"caption\":\"K2group Distribution\"},\"image\":{\"@id\":\"https:\\\/\\\/exciting-lichterman.217-160-28-49.plesk.page\\\/#\\\/schema\\\/logo\\\/image\\\/\"}}]}<\/script>\n<!-- \/ Yoast SEO plugin. -->","yoast_head_json":{"title":"D\u00e9tecteur de pr\u00e9cision pour sondes et t\u00eates de cam\u00e9ra - K2group Distribution","description":"Optimisez la localisation des r\u00e9seaux avec le d\u00e9tecteur vLoc3-CAM pour sondes et t\u00eates de cam\u00e9ra. Pr\u00e9cision et simplicit\u00e9 pour des inspections sans difficult\u00e9.","robots":{"index":"noindex","follow":"follow","max-snippet":"max-snippet:-1","max-image-preview":"max-image-preview:large","max-video-preview":"max-video-preview:-1"},"og_locale":"de_DE","og_type":"article","og_title":"D\u00e9tecteur de pr\u00e9cision pour sondes et t\u00eates de cam\u00e9ra - K2group Distribution","og_description":"Optimisez la localisation des r\u00e9seaux avec le d\u00e9tecteur vLoc3-CAM pour sondes et t\u00eates de cam\u00e9ra. Pr\u00e9cision et simplicit\u00e9 pour des inspections sans difficult\u00e9.","og_url":"https:\/\/exciting-lichterman.217-160-28-49.plesk.page\/de\/produkt\/detecteur-de-precision-pour-sondes-et-tetes-de-camera\/","og_site_name":"K2group Distribution","article_modified_time":"2023-08-18T13:50:29+00:00","og_image":[{"width":2560,"height":2545,"url":"https:\/\/exciting-lichterman.217-160-28-49.plesk.page\/wp-content\/uploads\/2023\/08\/5-1.jpg","type":"image\/jpeg"}],"twitter_card":"summary_large_image","twitter_misc":{"Gesch\u00e4tzte Lesezeit":"2\u00a0Minuten"},"schema":{"@context":"https:\/\/schema.org","@graph":[{"@type":"WebPage","@id":"https:\/\/exciting-lichterman.217-160-28-49.plesk.page\/produit\/detecteur-de-precision-pour-sondes-et-tetes-de-camera\/","url":"https:\/\/exciting-lichterman.217-160-28-49.plesk.page\/produit\/detecteur-de-precision-pour-sondes-et-tetes-de-camera\/","name":"D\u00e9tecteur de pr\u00e9cision pour sondes et t\u00eates de cam\u00e9ra - K2group Distribution","isPartOf":{"@id":"https:\/\/exciting-lichterman.217-160-28-49.plesk.page\/#website"},"primaryImageOfPage":{"@id":"https:\/\/exciting-lichterman.217-160-28-49.plesk.page\/produit\/detecteur-de-precision-pour-sondes-et-tetes-de-camera\/#primaryimage"},"image":{"@id":"https:\/\/exciting-lichterman.217-160-28-49.plesk.page\/produit\/detecteur-de-precision-pour-sondes-et-tetes-de-camera\/#primaryimage"},"thumbnailUrl":"https:\/\/exciting-lichterman.217-160-28-49.plesk.page\/wp-content\/uploads\/2023\/08\/5-1.jpg","datePublished":"2023-08-02T11:28:01+00:00","dateModified":"2023-08-18T13:50:29+00:00","description":"Optimisez la localisation des r\u00e9seaux avec le d\u00e9tecteur vLoc3-CAM pour sondes et t\u00eates de cam\u00e9ra. Pr\u00e9cision et simplicit\u00e9 pour des inspections sans difficult\u00e9.","breadcrumb":{"@id":"https:\/\/exciting-lichterman.217-160-28-49.plesk.page\/produit\/detecteur-de-precision-pour-sondes-et-tetes-de-camera\/#breadcrumb"},"inLanguage":"de","potentialAction":[{"@type":"ReadAction","target":["https:\/\/exciting-lichterman.217-160-28-49.plesk.page\/produit\/detecteur-de-precision-pour-sondes-et-tetes-de-camera\/"]}]},{"@type":"ImageObject","inLanguage":"de","@id":"https:\/\/exciting-lichterman.217-160-28-49.plesk.page\/produit\/detecteur-de-precision-pour-sondes-et-tetes-de-camera\/#primaryimage","url":"https:\/\/exciting-lichterman.217-160-28-49.plesk.page\/wp-content\/uploads\/2023\/08\/5-1.jpg","contentUrl":"https:\/\/exciting-lichterman.217-160-28-49.plesk.page\/wp-content\/uploads\/2023\/08\/5-1.jpg","width":2560,"height":2545},{"@type":"BreadcrumbList","@id":"https:\/\/exciting-lichterman.217-160-28-49.plesk.page\/produit\/detecteur-de-precision-pour-sondes-et-tetes-de-camera\/#breadcrumb","itemListElement":[{"@type":"ListItem","position":1,"name":"Accueil","item":"https:\/\/exciting-lichterman.217-160-28-49.plesk.page\/"},{"@type":"ListItem","position":2,"name":"Boutique","item":"https:\/\/exciting-lichterman.217-160-28-49.plesk.page\/boutique\/"},{"@type":"ListItem","position":3,"name":"D\u00e9tecteur de pr\u00e9cision pour sondes et t\u00eates de cam\u00e9ra"}]},{"@type":"WebSite","@id":"https:\/\/exciting-lichterman.217-160-28-49.plesk.page\/#website","url":"https:\/\/exciting-lichterman.217-160-28-49.plesk.page\/","name":"K2group Distribution","description":"","publisher":{"@id":"https:\/\/exciting-lichterman.217-160-28-49.plesk.page\/#organization"},"potentialAction":[{"@type":"SearchAction","target":{"@type":"EntryPoint","urlTemplate":"https:\/\/exciting-lichterman.217-160-28-49.plesk.page\/?s={search_term_string}"},"query-input":{"@type":"PropertyValueSpecification","valueRequired":true,"valueName":"search_term_string"}}],"inLanguage":"de"},{"@type":"Organization","@id":"https:\/\/exciting-lichterman.217-160-28-49.plesk.page\/#organization","name":"K2group Distribution","url":"https:\/\/exciting-lichterman.217-160-28-49.plesk.page\/","logo":{"@type":"ImageObject","inLanguage":"de","@id":"https:\/\/exciting-lichterman.217-160-28-49.plesk.page\/#\/schema\/logo\/image\/","url":"https:\/\/exciting-lichterman.217-160-28-49.plesk.page\/wp-content\/uploads\/2022\/04\/logo-K2.png","contentUrl":"https:\/\/exciting-lichterman.217-160-28-49.plesk.page\/wp-content\/uploads\/2022\/04\/logo-K2.png","width":155,"height":66,"caption":"K2group Distribution"},"image":{"@id":"https:\/\/exciting-lichterman.217-160-28-49.plesk.page\/#\/schema\/logo\/image\/"}}]}},"_links":{"self":[{"href":"https:\/\/exciting-lichterman.217-160-28-49.plesk.page\/de\/wp-json\/wp\/v2\/product\/18538","targetHints":{"allow":["GET"]}}],"collection":[{"href":"https:\/\/exciting-lichterman.217-160-28-49.plesk.page\/de\/wp-json\/wp\/v2\/product"}],"about":[{"href":"https:\/\/exciting-lichterman.217-160-28-49.plesk.page\/de\/wp-json\/wp\/v2\/types\/product"}],"replies":[{"embeddable":true,"href":"https:\/\/exciting-lichterman.217-160-28-49.plesk.page\/de\/wp-json\/wp\/v2\/comments?post=18538"}],"version-history":[{"count":1,"href":"https:\/\/exciting-lichterman.217-160-28-49.plesk.page\/de\/wp-json\/wp\/v2\/product\/18538\/revisions"}],"predecessor-version":[{"id":18545,"href":"https:\/\/exciting-lichterman.217-160-28-49.plesk.page\/de\/wp-json\/wp\/v2\/product\/18538\/revisions\/18545"}],"wp:featuredmedia":[{"embeddable":true,"href":"https:\/\/exciting-lichterman.217-160-28-49.plesk.page\/de\/wp-json\/wp\/v2\/media\/18539"}],"wp:attachment":[{"href":"https:\/\/exciting-lichterman.217-160-28-49.plesk.page\/de\/wp-json\/wp\/v2\/media?parent=18538"}],"wp:term":[{"taxonomy":"product_brand","embeddable":true,"href":"https:\/\/exciting-lichterman.217-160-28-49.plesk.page\/de\/wp-json\/wp\/v2\/product_brand?post=18538"},{"taxonomy":"product_cat","embeddable":true,"href":"https:\/\/exciting-lichterman.217-160-28-49.plesk.page\/de\/wp-json\/wp\/v2\/product_cat?post=18538"},{"taxonomy":"product_tag","embeddable":true,"href":"https:\/\/exciting-lichterman.217-160-28-49.plesk.page\/de\/wp-json\/wp\/v2\/product_tag?post=18538"}],"curies":[{"name":"wp","href":"https:\/\/api.w.org\/{rel}","templated":true}]}}