{"id":16482,"date":"2023-05-22T16:29:35","date_gmt":"2023-05-22T16:29:35","guid":{"rendered":"https:\/\/exciting-lichterman.217-160-28-49.plesk.page\/?post_type=product&#038;p=16482"},"modified":"2023-05-22T16:31:17","modified_gmt":"2023-05-22T16:31:17","slug":"qualificateur-10g-cablage-passif-rj45-signaltek-nt","status":"publish","type":"product","link":"https:\/\/exciting-lichterman.217-160-28-49.plesk.page\/de\/produkt\/qualificateur-10g-cablage-passif-rj45-signaltek-nt\/","title":{"rendered":"Qualificateur  10G c\u00e2blage passif RJ45 SignalTEK NT"},"content":{"rendered":"<h2 style=\"font-family:Poppins;font-size:14px; font-weight:400!important; line-height:2\">Le SignalTEK 10G NT est \u00e0 la fois un d\u00e9panneur Ethernet et un testeur de bande passante, offrant des fonctionnalit\u00e9s avanc\u00e9es pour les r\u00e9seaux. Il b\u00e9n\u00e9ficie d&rsquo;une connectivit\u00e9 compl\u00e8te, avec une connexion Wi-Fi au syst\u00e8me de gestion AnyWARE Cloud et une connexion USB pour le transfert des donn\u00e9es de test.<\/h2>\n<p>Cet appareil propose une fonction de recherche de partenaire, \u00e9mettant une tonalit\u00e9 audible et affichant un indicateur visible lorsqu&rsquo;il est connect\u00e9 \u00e0 des unit\u00e9s distantes. De plus et avec ses rapports PDF int\u00e9gr\u00e9s, le SignalTEK 10G NT permet de g\u00e9n\u00e9rer directement des rapports depuis l&rsquo;appareil lui-m\u00eame ou depuis le Cloud. Les utilisateurs peuvent ainsi fournir facilement une preuve de performance \u00e0 leurs clients.<\/p>\n<p>Le SignalTEK 10G NT est dot\u00e9 non seulement d&rsquo;un \u00e9cran tactile haute r\u00e9solution r\u00e9sistant aux chocs, offrant une exp\u00e9rience d&rsquo;utilisation conviviale et durable, mais il est \u00e9quip\u00e9 \u00e9galement d&rsquo;un haut-parleur de charge interne qui \u00e9met des tonalit\u00e9s audibles pour aider les utilisateurs lors des tests. <\/p>\n<p>Sa conception robuste, avec un bo\u00eetier caoutchout\u00e9, un \u00e9cran prot\u00e9g\u00e9 et un port de mesure prot\u00e9g\u00e9, garantit sa durabilit\u00e9 et sa r\u00e9sistance dans des environnements de travail vari\u00e9s. Aussi, la connectivit\u00e9 des imprimantes d&rsquo;\u00e9tiquettes permet d&rsquo;envoyer facilement les identifiants d&rsquo;\u00e9tiquettes aux imprimantes, simplifiant ainsi l&rsquo;\u00e9tiquetage rapide et pr\u00e9cis lors des tests.<\/p>\n<p><strong>Contenu du kit <\/strong><br \/>\nSignalTEK 10G. Combin\u00e9s d&rsquo;affichage\/t\u00e9l\u00e9commande SignalTEK 10G, batterie Li-ion (2), sangle de suspension (2), Quick Ref. Guide, \u00e9tui de transport, alimentation (2), c\u00e2bles de raccordement blind\u00e9s Cat 6A de 2 m (2).<\/p>","protected":false},"excerpt":{"rendered":"<p>R\u00e9f\u00e9rence : 157002<br \/>\nMarque: Trend Networks<br \/>\nType : SignalTEK NT<br \/>\nType d&rsquo;\u00e9quipement : Testeur et d\u00e9panneur r\u00e9seaux<br \/>\n\u00c9cran : Tactile<br \/>\nHaut parleur : Oui<br \/>\nWIFI : Oui<br \/>\nPuissance maximale : Jusqu&rsquo;\u00e0 90 watts<\/p>","protected":false},"featured_media":16485,"comment_status":"open","ping_status":"closed","template":"","meta":{"_acf_changed":false},"product_brand":[],"product_cat":[1096,67],"product_tag":[],"class_list":{"0":"post-16482","1":"product","2":"type-product","3":"status-publish","4":"has-post-thumbnail","6":"product_cat-mesure-cuivre","7":"product_cat-test-mesure","9":"first","10":"instock","11":"taxable","12":"shipping-taxable","13":"product-type-simple"},"acf":[],"yoast_head":"<!-- This site is optimized with the Yoast SEO plugin v27.4 - https:\/\/yoast.com\/product\/yoast-seo-wordpress\/ -->\n<title>Qualificateur 10G c\u00e2blage passif RJ45 SignalTEK NT - K2group Distribution<\/title>\n<meta name=\"robots\" content=\"noindex, follow, max-snippet:-1, max-image-preview:large, max-video-preview:-1\" \/>\n<meta property=\"og:locale\" content=\"de_DE\" \/>\n<meta property=\"og:type\" content=\"article\" \/>\n<meta property=\"og:title\" content=\"Qualificateur 10G c\u00e2blage passif RJ45 SignalTEK NT - K2group Distribution\" \/>\n<meta property=\"og:description\" content=\"R\u00e9f\u00e9rence : 157002 Marque: Trend Networks Type : SignalTEK NT Type d&#039;\u00e9quipement : Testeur et d\u00e9panneur r\u00e9seaux \u00c9cran : Tactile Haut parleur : Oui WIFI : Oui Puissance maximale : Jusqu&#039;\u00e0 90 watts\" \/>\n<meta property=\"og:url\" content=\"https:\/\/exciting-lichterman.217-160-28-49.plesk.page\/de\/produkt\/qualificateur-10g-cablage-passif-rj45-signaltek-nt\/\" \/>\n<meta property=\"og:site_name\" content=\"K2group Distribution\" \/>\n<meta property=\"article:modified_time\" content=\"2023-05-22T16:31:17+00:00\" \/>\n<meta property=\"og:image\" content=\"https:\/\/exciting-lichterman.217-160-28-49.plesk.page\/wp-content\/uploads\/2023\/05\/r157002-3.webp\" \/>\n\t<meta property=\"og:image:width\" content=\"2560\" \/>\n\t<meta property=\"og:image:height\" content=\"2545\" \/>\n\t<meta property=\"og:image:type\" content=\"image\/webp\" \/>\n<meta name=\"twitter:card\" content=\"summary_large_image\" \/>\n<script type=\"application\/ld+json\" class=\"yoast-schema-graph\">{\"@context\":\"https:\\\/\\\/schema.org\",\"@graph\":[{\"@type\":\"WebPage\",\"@id\":\"https:\\\/\\\/exciting-lichterman.217-160-28-49.plesk.page\\\/produit\\\/qualificateur-10g-cablage-passif-rj45-signaltek-nt\\\/\",\"url\":\"https:\\\/\\\/exciting-lichterman.217-160-28-49.plesk.page\\\/produit\\\/qualificateur-10g-cablage-passif-rj45-signaltek-nt\\\/\",\"name\":\"Qualificateur 10G c\u00e2blage passif RJ45 SignalTEK NT - K2group Distribution\",\"isPartOf\":{\"@id\":\"https:\\\/\\\/exciting-lichterman.217-160-28-49.plesk.page\\\/#website\"},\"primaryImageOfPage\":{\"@id\":\"https:\\\/\\\/exciting-lichterman.217-160-28-49.plesk.page\\\/produit\\\/qualificateur-10g-cablage-passif-rj45-signaltek-nt\\\/#primaryimage\"},\"image\":{\"@id\":\"https:\\\/\\\/exciting-lichterman.217-160-28-49.plesk.page\\\/produit\\\/qualificateur-10g-cablage-passif-rj45-signaltek-nt\\\/#primaryimage\"},\"thumbnailUrl\":\"https:\\\/\\\/exciting-lichterman.217-160-28-49.plesk.page\\\/wp-content\\\/uploads\\\/2023\\\/05\\\/r157002-3.webp\",\"datePublished\":\"2023-05-22T16:29:35+00:00\",\"dateModified\":\"2023-05-22T16:31:17+00:00\",\"breadcrumb\":{\"@id\":\"https:\\\/\\\/exciting-lichterman.217-160-28-49.plesk.page\\\/produit\\\/qualificateur-10g-cablage-passif-rj45-signaltek-nt\\\/#breadcrumb\"},\"inLanguage\":\"de\",\"potentialAction\":[{\"@type\":\"ReadAction\",\"target\":[\"https:\\\/\\\/exciting-lichterman.217-160-28-49.plesk.page\\\/produit\\\/qualificateur-10g-cablage-passif-rj45-signaltek-nt\\\/\"]}]},{\"@type\":\"ImageObject\",\"inLanguage\":\"de\",\"@id\":\"https:\\\/\\\/exciting-lichterman.217-160-28-49.plesk.page\\\/produit\\\/qualificateur-10g-cablage-passif-rj45-signaltek-nt\\\/#primaryimage\",\"url\":\"https:\\\/\\\/exciting-lichterman.217-160-28-49.plesk.page\\\/wp-content\\\/uploads\\\/2023\\\/05\\\/r157002-3.webp\",\"contentUrl\":\"https:\\\/\\\/exciting-lichterman.217-160-28-49.plesk.page\\\/wp-content\\\/uploads\\\/2023\\\/05\\\/r157002-3.webp\",\"width\":2560,\"height\":2545},{\"@type\":\"BreadcrumbList\",\"@id\":\"https:\\\/\\\/exciting-lichterman.217-160-28-49.plesk.page\\\/produit\\\/qualificateur-10g-cablage-passif-rj45-signaltek-nt\\\/#breadcrumb\",\"itemListElement\":[{\"@type\":\"ListItem\",\"position\":1,\"name\":\"Accueil\",\"item\":\"https:\\\/\\\/exciting-lichterman.217-160-28-49.plesk.page\\\/\"},{\"@type\":\"ListItem\",\"position\":2,\"name\":\"Boutique\",\"item\":\"https:\\\/\\\/exciting-lichterman.217-160-28-49.plesk.page\\\/boutique\\\/\"},{\"@type\":\"ListItem\",\"position\":3,\"name\":\"Qualificateur 10G c\u00e2blage passif RJ45 SignalTEK NT\"}]},{\"@type\":\"WebSite\",\"@id\":\"https:\\\/\\\/exciting-lichterman.217-160-28-49.plesk.page\\\/#website\",\"url\":\"https:\\\/\\\/exciting-lichterman.217-160-28-49.plesk.page\\\/\",\"name\":\"K2group Distribution\",\"description\":\"\",\"publisher\":{\"@id\":\"https:\\\/\\\/exciting-lichterman.217-160-28-49.plesk.page\\\/#organization\"},\"potentialAction\":[{\"@type\":\"SearchAction\",\"target\":{\"@type\":\"EntryPoint\",\"urlTemplate\":\"https:\\\/\\\/exciting-lichterman.217-160-28-49.plesk.page\\\/?s={search_term_string}\"},\"query-input\":{\"@type\":\"PropertyValueSpecification\",\"valueRequired\":true,\"valueName\":\"search_term_string\"}}],\"inLanguage\":\"de\"},{\"@type\":\"Organization\",\"@id\":\"https:\\\/\\\/exciting-lichterman.217-160-28-49.plesk.page\\\/#organization\",\"name\":\"K2group Distribution\",\"url\":\"https:\\\/\\\/exciting-lichterman.217-160-28-49.plesk.page\\\/\",\"logo\":{\"@type\":\"ImageObject\",\"inLanguage\":\"de\",\"@id\":\"https:\\\/\\\/exciting-lichterman.217-160-28-49.plesk.page\\\/#\\\/schema\\\/logo\\\/image\\\/\",\"url\":\"https:\\\/\\\/exciting-lichterman.217-160-28-49.plesk.page\\\/wp-content\\\/uploads\\\/2022\\\/04\\\/logo-K2.png\",\"contentUrl\":\"https:\\\/\\\/exciting-lichterman.217-160-28-49.plesk.page\\\/wp-content\\\/uploads\\\/2022\\\/04\\\/logo-K2.png\",\"width\":155,\"height\":66,\"caption\":\"K2group Distribution\"},\"image\":{\"@id\":\"https:\\\/\\\/exciting-lichterman.217-160-28-49.plesk.page\\\/#\\\/schema\\\/logo\\\/image\\\/\"}}]}<\/script>\n<!-- \/ Yoast SEO plugin. -->","yoast_head_json":{"title":"Qualificateur 10G c\u00e2blage passif RJ45 SignalTEK NT - K2group Distribution","robots":{"index":"noindex","follow":"follow","max-snippet":"max-snippet:-1","max-image-preview":"max-image-preview:large","max-video-preview":"max-video-preview:-1"},"og_locale":"de_DE","og_type":"article","og_title":"Qualificateur 10G c\u00e2blage passif RJ45 SignalTEK NT - K2group Distribution","og_description":"R\u00e9f\u00e9rence : 157002 Marque: Trend Networks Type : SignalTEK NT Type d'\u00e9quipement : Testeur et d\u00e9panneur r\u00e9seaux \u00c9cran : Tactile Haut parleur : Oui WIFI : Oui Puissance maximale : Jusqu'\u00e0 90 watts","og_url":"https:\/\/exciting-lichterman.217-160-28-49.plesk.page\/de\/produkt\/qualificateur-10g-cablage-passif-rj45-signaltek-nt\/","og_site_name":"K2group Distribution","article_modified_time":"2023-05-22T16:31:17+00:00","og_image":[{"width":2560,"height":2545,"url":"https:\/\/exciting-lichterman.217-160-28-49.plesk.page\/wp-content\/uploads\/2023\/05\/r157002-3.webp","type":"image\/webp"}],"twitter_card":"summary_large_image","schema":{"@context":"https:\/\/schema.org","@graph":[{"@type":"WebPage","@id":"https:\/\/exciting-lichterman.217-160-28-49.plesk.page\/produit\/qualificateur-10g-cablage-passif-rj45-signaltek-nt\/","url":"https:\/\/exciting-lichterman.217-160-28-49.plesk.page\/produit\/qualificateur-10g-cablage-passif-rj45-signaltek-nt\/","name":"Qualificateur 10G c\u00e2blage passif RJ45 SignalTEK NT - K2group Distribution","isPartOf":{"@id":"https:\/\/exciting-lichterman.217-160-28-49.plesk.page\/#website"},"primaryImageOfPage":{"@id":"https:\/\/exciting-lichterman.217-160-28-49.plesk.page\/produit\/qualificateur-10g-cablage-passif-rj45-signaltek-nt\/#primaryimage"},"image":{"@id":"https:\/\/exciting-lichterman.217-160-28-49.plesk.page\/produit\/qualificateur-10g-cablage-passif-rj45-signaltek-nt\/#primaryimage"},"thumbnailUrl":"https:\/\/exciting-lichterman.217-160-28-49.plesk.page\/wp-content\/uploads\/2023\/05\/r157002-3.webp","datePublished":"2023-05-22T16:29:35+00:00","dateModified":"2023-05-22T16:31:17+00:00","breadcrumb":{"@id":"https:\/\/exciting-lichterman.217-160-28-49.plesk.page\/produit\/qualificateur-10g-cablage-passif-rj45-signaltek-nt\/#breadcrumb"},"inLanguage":"de","potentialAction":[{"@type":"ReadAction","target":["https:\/\/exciting-lichterman.217-160-28-49.plesk.page\/produit\/qualificateur-10g-cablage-passif-rj45-signaltek-nt\/"]}]},{"@type":"ImageObject","inLanguage":"de","@id":"https:\/\/exciting-lichterman.217-160-28-49.plesk.page\/produit\/qualificateur-10g-cablage-passif-rj45-signaltek-nt\/#primaryimage","url":"https:\/\/exciting-lichterman.217-160-28-49.plesk.page\/wp-content\/uploads\/2023\/05\/r157002-3.webp","contentUrl":"https:\/\/exciting-lichterman.217-160-28-49.plesk.page\/wp-content\/uploads\/2023\/05\/r157002-3.webp","width":2560,"height":2545},{"@type":"BreadcrumbList","@id":"https:\/\/exciting-lichterman.217-160-28-49.plesk.page\/produit\/qualificateur-10g-cablage-passif-rj45-signaltek-nt\/#breadcrumb","itemListElement":[{"@type":"ListItem","position":1,"name":"Accueil","item":"https:\/\/exciting-lichterman.217-160-28-49.plesk.page\/"},{"@type":"ListItem","position":2,"name":"Boutique","item":"https:\/\/exciting-lichterman.217-160-28-49.plesk.page\/boutique\/"},{"@type":"ListItem","position":3,"name":"Qualificateur 10G c\u00e2blage passif RJ45 SignalTEK NT"}]},{"@type":"WebSite","@id":"https:\/\/exciting-lichterman.217-160-28-49.plesk.page\/#website","url":"https:\/\/exciting-lichterman.217-160-28-49.plesk.page\/","name":"K2group Distribution","description":"","publisher":{"@id":"https:\/\/exciting-lichterman.217-160-28-49.plesk.page\/#organization"},"potentialAction":[{"@type":"SearchAction","target":{"@type":"EntryPoint","urlTemplate":"https:\/\/exciting-lichterman.217-160-28-49.plesk.page\/?s={search_term_string}"},"query-input":{"@type":"PropertyValueSpecification","valueRequired":true,"valueName":"search_term_string"}}],"inLanguage":"de"},{"@type":"Organization","@id":"https:\/\/exciting-lichterman.217-160-28-49.plesk.page\/#organization","name":"K2group Distribution","url":"https:\/\/exciting-lichterman.217-160-28-49.plesk.page\/","logo":{"@type":"ImageObject","inLanguage":"de","@id":"https:\/\/exciting-lichterman.217-160-28-49.plesk.page\/#\/schema\/logo\/image\/","url":"https:\/\/exciting-lichterman.217-160-28-49.plesk.page\/wp-content\/uploads\/2022\/04\/logo-K2.png","contentUrl":"https:\/\/exciting-lichterman.217-160-28-49.plesk.page\/wp-content\/uploads\/2022\/04\/logo-K2.png","width":155,"height":66,"caption":"K2group Distribution"},"image":{"@id":"https:\/\/exciting-lichterman.217-160-28-49.plesk.page\/#\/schema\/logo\/image\/"}}]}},"_links":{"self":[{"href":"https:\/\/exciting-lichterman.217-160-28-49.plesk.page\/de\/wp-json\/wp\/v2\/product\/16482","targetHints":{"allow":["GET"]}}],"collection":[{"href":"https:\/\/exciting-lichterman.217-160-28-49.plesk.page\/de\/wp-json\/wp\/v2\/product"}],"about":[{"href":"https:\/\/exciting-lichterman.217-160-28-49.plesk.page\/de\/wp-json\/wp\/v2\/types\/product"}],"replies":[{"embeddable":true,"href":"https:\/\/exciting-lichterman.217-160-28-49.plesk.page\/de\/wp-json\/wp\/v2\/comments?post=16482"}],"version-history":[{"count":1,"href":"https:\/\/exciting-lichterman.217-160-28-49.plesk.page\/de\/wp-json\/wp\/v2\/product\/16482\/revisions"}],"predecessor-version":[{"id":16486,"href":"https:\/\/exciting-lichterman.217-160-28-49.plesk.page\/de\/wp-json\/wp\/v2\/product\/16482\/revisions\/16486"}],"wp:featuredmedia":[{"embeddable":true,"href":"https:\/\/exciting-lichterman.217-160-28-49.plesk.page\/de\/wp-json\/wp\/v2\/media\/16485"}],"wp:attachment":[{"href":"https:\/\/exciting-lichterman.217-160-28-49.plesk.page\/de\/wp-json\/wp\/v2\/media?parent=16482"}],"wp:term":[{"taxonomy":"product_brand","embeddable":true,"href":"https:\/\/exciting-lichterman.217-160-28-49.plesk.page\/de\/wp-json\/wp\/v2\/product_brand?post=16482"},{"taxonomy":"product_cat","embeddable":true,"href":"https:\/\/exciting-lichterman.217-160-28-49.plesk.page\/de\/wp-json\/wp\/v2\/product_cat?post=16482"},{"taxonomy":"product_tag","embeddable":true,"href":"https:\/\/exciting-lichterman.217-160-28-49.plesk.page\/de\/wp-json\/wp\/v2\/product_tag?post=16482"}],"curies":[{"name":"wp","href":"https:\/\/api.w.org\/{rel}","templated":true}]}}