{"id":16453,"date":"2023-05-22T16:22:14","date_gmt":"2023-05-22T16:22:14","guid":{"rendered":"https:\/\/exciting-lichterman.217-160-28-49.plesk.page\/?post_type=product&#038;p=16453"},"modified":"2023-05-22T16:24:30","modified_gmt":"2023-05-22T16:24:30","slug":"qualificateur-1g-cablage-passif-rj45-signaltek-ct","status":"publish","type":"product","link":"https:\/\/exciting-lichterman.217-160-28-49.plesk.page\/de\/produkt\/qualificateur-1g-cablage-passif-rj45-signaltek-ct\/","title":{"rendered":"Qualificateur 1G  c\u00e2blage passif RJ45 SignalTEK CT"},"content":{"rendered":"<h2 style=\"font-family:Poppins;font-size:14px; font-weight:400!important; line-height:2\">Le SignalTEK CT est un appareil haute technologie dot\u00e9 de fonctionnalit\u00e9s avanc\u00e9es telles que le tra\u00e7age de localisation de d\u00e9faut TDR et la fonction Advanced Wire Mapping. Ce testeur rend le d\u00e9pannage extr\u00eamement simple, offrant une manipulation facile et pratique.<\/h2>\n<p>L&rsquo;une des caract\u00e9ristiques cl\u00e9s de ce testeur est sa capacit\u00e9 \u00e0 g\u00e9n\u00e9rer automatiquement des rapports PDF. Ces rapports peuvent \u00eatre t\u00e9l\u00e9charg\u00e9s sur une cl\u00e9 USB sans avoir besoin d&rsquo;un ordinateur, ce qui facilite le partage des r\u00e9sultats avec d&rsquo;autres parties prenantes.<\/p>\n<p>Le SIGNALTEK CT \u00e9met un rapport PDF qui atteste que les c\u00e2bles de donn\u00e9es install\u00e9s sont enti\u00e8rement fonctionnels et exempts d&rsquo;erreurs, confirmant ainsi les r\u00e9sultats corrects du c\u00e2blage.<\/p>\n<p>Cet outil dispose d&rsquo;une interface de communication RJ45 et USB, offrant une connectivit\u00e9 pratique pour les tests et les transferts de donn\u00e9es. De plus, il ne n\u00e9cessite aucun \u00e9talonnage, ce qui le rend pr\u00eat \u00e0 l&#8217;emploi instantan\u00e9ment et \u00e9conomise du temps.<\/p>\n<p>De plus, il est id\u00e9al pour diverses applications, notamment le test de qualit\u00e9 de l&rsquo;infrastructure r\u00e9seau dans les t\u00e9l\u00e9communications, la d\u00e9tection de continuit\u00e9 dans les c\u00e2bles r\u00e9seau ou les fils, la d\u00e9tection de connexions bris\u00e9es entre les diff\u00e9rents n\u0153uds d&rsquo;un r\u00e9seau, et le tra\u00e7age de c\u00e2bles \u00e0 travers les cloisons s\u00e8ches, le bois et d&rsquo;autres bo\u00eetiers. <\/p>","protected":false},"excerpt":{"rendered":"<p>R\u00e9f\u00e9rence : R156006<br \/>\nMarque: Trend Networks<br \/>\nType : SignalTEK CT<br \/>\nType d&rsquo;\u00e9quipement : Testeur de c\u00e2ble<br \/>\nSource d&rsquo;alimentation : Batterie, Alimentation<br \/>\nType de batterie : NiMH<br \/>\nAutonomie de la batterie : 5 h<br \/>\nType d&rsquo;affichage : LCD &#8211; tactile<br \/>\nDimensions : 175 x 80 x 40mm<br \/>\nPoids : 400g<\/p>","protected":false},"featured_media":16458,"comment_status":"open","ping_status":"closed","template":"","meta":{"_acf_changed":false},"product_brand":[],"product_cat":[1096,67],"product_tag":[],"class_list":{"0":"post-16453","1":"product","2":"type-product","3":"status-publish","4":"has-post-thumbnail","6":"product_cat-mesure-cuivre","7":"product_cat-test-mesure","9":"first","10":"instock","11":"taxable","12":"shipping-taxable","13":"product-type-simple"},"acf":[],"yoast_head":"<!-- This site is optimized with the Yoast SEO plugin v27.4 - https:\/\/yoast.com\/product\/yoast-seo-wordpress\/ -->\n<title>Qualificateur 1G c\u00e2blage passif RJ45 SignalTEK CT - K2group Distribution<\/title>\n<meta name=\"robots\" content=\"noindex, follow, max-snippet:-1, max-image-preview:large, max-video-preview:-1\" \/>\n<meta property=\"og:locale\" content=\"de_DE\" \/>\n<meta property=\"og:type\" content=\"article\" \/>\n<meta property=\"og:title\" content=\"Qualificateur 1G c\u00e2blage passif RJ45 SignalTEK CT - K2group Distribution\" \/>\n<meta property=\"og:description\" content=\"R\u00e9f\u00e9rence : R156006 Marque: Trend Networks Type : SignalTEK CT  Type d&#039;\u00e9quipement : Testeur de c\u00e2ble Source d&#039;alimentation : Batterie, Alimentation Type de batterie : NiMH Autonomie de la batterie : 5 h Type d&#039;affichage : LCD - tactile Dimensions : 175 x 80 x 40mm Poids : 400g\" \/>\n<meta property=\"og:url\" content=\"https:\/\/exciting-lichterman.217-160-28-49.plesk.page\/de\/produkt\/qualificateur-1g-cablage-passif-rj45-signaltek-ct\/\" \/>\n<meta property=\"og:site_name\" content=\"K2group Distribution\" \/>\n<meta property=\"article:modified_time\" content=\"2023-05-22T16:24:30+00:00\" \/>\n<meta property=\"og:image\" content=\"https:\/\/exciting-lichterman.217-160-28-49.plesk.page\/wp-content\/uploads\/2023\/05\/r156006-1.webp\" \/>\n\t<meta property=\"og:image:width\" content=\"2560\" \/>\n\t<meta property=\"og:image:height\" content=\"2545\" \/>\n\t<meta property=\"og:image:type\" content=\"image\/webp\" \/>\n<meta name=\"twitter:card\" content=\"summary_large_image\" \/>\n<meta name=\"twitter:label1\" content=\"Gesch\u00e4tzte Lesezeit\" \/>\n\t<meta name=\"twitter:data1\" content=\"2\u00a0Minuten\" \/>\n<script type=\"application\/ld+json\" class=\"yoast-schema-graph\">{\"@context\":\"https:\\\/\\\/schema.org\",\"@graph\":[{\"@type\":\"WebPage\",\"@id\":\"https:\\\/\\\/exciting-lichterman.217-160-28-49.plesk.page\\\/produit\\\/qualificateur-1g-cablage-passif-rj45-signaltek-ct\\\/\",\"url\":\"https:\\\/\\\/exciting-lichterman.217-160-28-49.plesk.page\\\/produit\\\/qualificateur-1g-cablage-passif-rj45-signaltek-ct\\\/\",\"name\":\"Qualificateur 1G c\u00e2blage passif RJ45 SignalTEK CT - K2group Distribution\",\"isPartOf\":{\"@id\":\"https:\\\/\\\/exciting-lichterman.217-160-28-49.plesk.page\\\/#website\"},\"primaryImageOfPage\":{\"@id\":\"https:\\\/\\\/exciting-lichterman.217-160-28-49.plesk.page\\\/produit\\\/qualificateur-1g-cablage-passif-rj45-signaltek-ct\\\/#primaryimage\"},\"image\":{\"@id\":\"https:\\\/\\\/exciting-lichterman.217-160-28-49.plesk.page\\\/produit\\\/qualificateur-1g-cablage-passif-rj45-signaltek-ct\\\/#primaryimage\"},\"thumbnailUrl\":\"https:\\\/\\\/exciting-lichterman.217-160-28-49.plesk.page\\\/wp-content\\\/uploads\\\/2023\\\/05\\\/r156006-1.webp\",\"datePublished\":\"2023-05-22T16:22:14+00:00\",\"dateModified\":\"2023-05-22T16:24:30+00:00\",\"breadcrumb\":{\"@id\":\"https:\\\/\\\/exciting-lichterman.217-160-28-49.plesk.page\\\/produit\\\/qualificateur-1g-cablage-passif-rj45-signaltek-ct\\\/#breadcrumb\"},\"inLanguage\":\"de\",\"potentialAction\":[{\"@type\":\"ReadAction\",\"target\":[\"https:\\\/\\\/exciting-lichterman.217-160-28-49.plesk.page\\\/produit\\\/qualificateur-1g-cablage-passif-rj45-signaltek-ct\\\/\"]}]},{\"@type\":\"ImageObject\",\"inLanguage\":\"de\",\"@id\":\"https:\\\/\\\/exciting-lichterman.217-160-28-49.plesk.page\\\/produit\\\/qualificateur-1g-cablage-passif-rj45-signaltek-ct\\\/#primaryimage\",\"url\":\"https:\\\/\\\/exciting-lichterman.217-160-28-49.plesk.page\\\/wp-content\\\/uploads\\\/2023\\\/05\\\/r156006-1.webp\",\"contentUrl\":\"https:\\\/\\\/exciting-lichterman.217-160-28-49.plesk.page\\\/wp-content\\\/uploads\\\/2023\\\/05\\\/r156006-1.webp\",\"width\":2560,\"height\":2545},{\"@type\":\"BreadcrumbList\",\"@id\":\"https:\\\/\\\/exciting-lichterman.217-160-28-49.plesk.page\\\/produit\\\/qualificateur-1g-cablage-passif-rj45-signaltek-ct\\\/#breadcrumb\",\"itemListElement\":[{\"@type\":\"ListItem\",\"position\":1,\"name\":\"Accueil\",\"item\":\"https:\\\/\\\/exciting-lichterman.217-160-28-49.plesk.page\\\/\"},{\"@type\":\"ListItem\",\"position\":2,\"name\":\"Boutique\",\"item\":\"https:\\\/\\\/exciting-lichterman.217-160-28-49.plesk.page\\\/boutique\\\/\"},{\"@type\":\"ListItem\",\"position\":3,\"name\":\"Qualificateur 1G c\u00e2blage passif RJ45 SignalTEK CT\"}]},{\"@type\":\"WebSite\",\"@id\":\"https:\\\/\\\/exciting-lichterman.217-160-28-49.plesk.page\\\/#website\",\"url\":\"https:\\\/\\\/exciting-lichterman.217-160-28-49.plesk.page\\\/\",\"name\":\"K2group Distribution\",\"description\":\"\",\"publisher\":{\"@id\":\"https:\\\/\\\/exciting-lichterman.217-160-28-49.plesk.page\\\/#organization\"},\"potentialAction\":[{\"@type\":\"SearchAction\",\"target\":{\"@type\":\"EntryPoint\",\"urlTemplate\":\"https:\\\/\\\/exciting-lichterman.217-160-28-49.plesk.page\\\/?s={search_term_string}\"},\"query-input\":{\"@type\":\"PropertyValueSpecification\",\"valueRequired\":true,\"valueName\":\"search_term_string\"}}],\"inLanguage\":\"de\"},{\"@type\":\"Organization\",\"@id\":\"https:\\\/\\\/exciting-lichterman.217-160-28-49.plesk.page\\\/#organization\",\"name\":\"K2group Distribution\",\"url\":\"https:\\\/\\\/exciting-lichterman.217-160-28-49.plesk.page\\\/\",\"logo\":{\"@type\":\"ImageObject\",\"inLanguage\":\"de\",\"@id\":\"https:\\\/\\\/exciting-lichterman.217-160-28-49.plesk.page\\\/#\\\/schema\\\/logo\\\/image\\\/\",\"url\":\"https:\\\/\\\/exciting-lichterman.217-160-28-49.plesk.page\\\/wp-content\\\/uploads\\\/2022\\\/04\\\/logo-K2.png\",\"contentUrl\":\"https:\\\/\\\/exciting-lichterman.217-160-28-49.plesk.page\\\/wp-content\\\/uploads\\\/2022\\\/04\\\/logo-K2.png\",\"width\":155,\"height\":66,\"caption\":\"K2group Distribution\"},\"image\":{\"@id\":\"https:\\\/\\\/exciting-lichterman.217-160-28-49.plesk.page\\\/#\\\/schema\\\/logo\\\/image\\\/\"}}]}<\/script>\n<!-- \/ Yoast SEO plugin. -->","yoast_head_json":{"title":"Qualificateur 1G c\u00e2blage passif RJ45 SignalTEK CT - K2group Distribution","robots":{"index":"noindex","follow":"follow","max-snippet":"max-snippet:-1","max-image-preview":"max-image-preview:large","max-video-preview":"max-video-preview:-1"},"og_locale":"de_DE","og_type":"article","og_title":"Qualificateur 1G c\u00e2blage passif RJ45 SignalTEK CT - K2group Distribution","og_description":"R\u00e9f\u00e9rence : R156006 Marque: Trend Networks Type : SignalTEK CT  Type d'\u00e9quipement : Testeur de c\u00e2ble Source d'alimentation : Batterie, Alimentation Type de batterie : NiMH Autonomie de la batterie : 5 h Type d'affichage : LCD - tactile Dimensions : 175 x 80 x 40mm Poids : 400g","og_url":"https:\/\/exciting-lichterman.217-160-28-49.plesk.page\/de\/produkt\/qualificateur-1g-cablage-passif-rj45-signaltek-ct\/","og_site_name":"K2group Distribution","article_modified_time":"2023-05-22T16:24:30+00:00","og_image":[{"width":2560,"height":2545,"url":"https:\/\/exciting-lichterman.217-160-28-49.plesk.page\/wp-content\/uploads\/2023\/05\/r156006-1.webp","type":"image\/webp"}],"twitter_card":"summary_large_image","twitter_misc":{"Gesch\u00e4tzte Lesezeit":"2\u00a0Minuten"},"schema":{"@context":"https:\/\/schema.org","@graph":[{"@type":"WebPage","@id":"https:\/\/exciting-lichterman.217-160-28-49.plesk.page\/produit\/qualificateur-1g-cablage-passif-rj45-signaltek-ct\/","url":"https:\/\/exciting-lichterman.217-160-28-49.plesk.page\/produit\/qualificateur-1g-cablage-passif-rj45-signaltek-ct\/","name":"Qualificateur 1G c\u00e2blage passif RJ45 SignalTEK CT - K2group Distribution","isPartOf":{"@id":"https:\/\/exciting-lichterman.217-160-28-49.plesk.page\/#website"},"primaryImageOfPage":{"@id":"https:\/\/exciting-lichterman.217-160-28-49.plesk.page\/produit\/qualificateur-1g-cablage-passif-rj45-signaltek-ct\/#primaryimage"},"image":{"@id":"https:\/\/exciting-lichterman.217-160-28-49.plesk.page\/produit\/qualificateur-1g-cablage-passif-rj45-signaltek-ct\/#primaryimage"},"thumbnailUrl":"https:\/\/exciting-lichterman.217-160-28-49.plesk.page\/wp-content\/uploads\/2023\/05\/r156006-1.webp","datePublished":"2023-05-22T16:22:14+00:00","dateModified":"2023-05-22T16:24:30+00:00","breadcrumb":{"@id":"https:\/\/exciting-lichterman.217-160-28-49.plesk.page\/produit\/qualificateur-1g-cablage-passif-rj45-signaltek-ct\/#breadcrumb"},"inLanguage":"de","potentialAction":[{"@type":"ReadAction","target":["https:\/\/exciting-lichterman.217-160-28-49.plesk.page\/produit\/qualificateur-1g-cablage-passif-rj45-signaltek-ct\/"]}]},{"@type":"ImageObject","inLanguage":"de","@id":"https:\/\/exciting-lichterman.217-160-28-49.plesk.page\/produit\/qualificateur-1g-cablage-passif-rj45-signaltek-ct\/#primaryimage","url":"https:\/\/exciting-lichterman.217-160-28-49.plesk.page\/wp-content\/uploads\/2023\/05\/r156006-1.webp","contentUrl":"https:\/\/exciting-lichterman.217-160-28-49.plesk.page\/wp-content\/uploads\/2023\/05\/r156006-1.webp","width":2560,"height":2545},{"@type":"BreadcrumbList","@id":"https:\/\/exciting-lichterman.217-160-28-49.plesk.page\/produit\/qualificateur-1g-cablage-passif-rj45-signaltek-ct\/#breadcrumb","itemListElement":[{"@type":"ListItem","position":1,"name":"Accueil","item":"https:\/\/exciting-lichterman.217-160-28-49.plesk.page\/"},{"@type":"ListItem","position":2,"name":"Boutique","item":"https:\/\/exciting-lichterman.217-160-28-49.plesk.page\/boutique\/"},{"@type":"ListItem","position":3,"name":"Qualificateur 1G c\u00e2blage passif RJ45 SignalTEK CT"}]},{"@type":"WebSite","@id":"https:\/\/exciting-lichterman.217-160-28-49.plesk.page\/#website","url":"https:\/\/exciting-lichterman.217-160-28-49.plesk.page\/","name":"K2group Distribution","description":"","publisher":{"@id":"https:\/\/exciting-lichterman.217-160-28-49.plesk.page\/#organization"},"potentialAction":[{"@type":"SearchAction","target":{"@type":"EntryPoint","urlTemplate":"https:\/\/exciting-lichterman.217-160-28-49.plesk.page\/?s={search_term_string}"},"query-input":{"@type":"PropertyValueSpecification","valueRequired":true,"valueName":"search_term_string"}}],"inLanguage":"de"},{"@type":"Organization","@id":"https:\/\/exciting-lichterman.217-160-28-49.plesk.page\/#organization","name":"K2group Distribution","url":"https:\/\/exciting-lichterman.217-160-28-49.plesk.page\/","logo":{"@type":"ImageObject","inLanguage":"de","@id":"https:\/\/exciting-lichterman.217-160-28-49.plesk.page\/#\/schema\/logo\/image\/","url":"https:\/\/exciting-lichterman.217-160-28-49.plesk.page\/wp-content\/uploads\/2022\/04\/logo-K2.png","contentUrl":"https:\/\/exciting-lichterman.217-160-28-49.plesk.page\/wp-content\/uploads\/2022\/04\/logo-K2.png","width":155,"height":66,"caption":"K2group Distribution"},"image":{"@id":"https:\/\/exciting-lichterman.217-160-28-49.plesk.page\/#\/schema\/logo\/image\/"}}]}},"_links":{"self":[{"href":"https:\/\/exciting-lichterman.217-160-28-49.plesk.page\/de\/wp-json\/wp\/v2\/product\/16453","targetHints":{"allow":["GET"]}}],"collection":[{"href":"https:\/\/exciting-lichterman.217-160-28-49.plesk.page\/de\/wp-json\/wp\/v2\/product"}],"about":[{"href":"https:\/\/exciting-lichterman.217-160-28-49.plesk.page\/de\/wp-json\/wp\/v2\/types\/product"}],"replies":[{"embeddable":true,"href":"https:\/\/exciting-lichterman.217-160-28-49.plesk.page\/de\/wp-json\/wp\/v2\/comments?post=16453"}],"version-history":[{"count":2,"href":"https:\/\/exciting-lichterman.217-160-28-49.plesk.page\/de\/wp-json\/wp\/v2\/product\/16453\/revisions"}],"predecessor-version":[{"id":16464,"href":"https:\/\/exciting-lichterman.217-160-28-49.plesk.page\/de\/wp-json\/wp\/v2\/product\/16453\/revisions\/16464"}],"wp:featuredmedia":[{"embeddable":true,"href":"https:\/\/exciting-lichterman.217-160-28-49.plesk.page\/de\/wp-json\/wp\/v2\/media\/16458"}],"wp:attachment":[{"href":"https:\/\/exciting-lichterman.217-160-28-49.plesk.page\/de\/wp-json\/wp\/v2\/media?parent=16453"}],"wp:term":[{"taxonomy":"product_brand","embeddable":true,"href":"https:\/\/exciting-lichterman.217-160-28-49.plesk.page\/de\/wp-json\/wp\/v2\/product_brand?post=16453"},{"taxonomy":"product_cat","embeddable":true,"href":"https:\/\/exciting-lichterman.217-160-28-49.plesk.page\/de\/wp-json\/wp\/v2\/product_cat?post=16453"},{"taxonomy":"product_tag","embeddable":true,"href":"https:\/\/exciting-lichterman.217-160-28-49.plesk.page\/de\/wp-json\/wp\/v2\/product_tag?post=16453"}],"curies":[{"name":"wp","href":"https:\/\/api.w.org\/{rel}","templated":true}]}}