{"id":16448,"date":"2023-05-22T16:20:27","date_gmt":"2023-05-22T16:20:27","guid":{"rendered":"https:\/\/exciting-lichterman.217-160-28-49.plesk.page\/?post_type=product&#038;p=16448"},"modified":"2023-05-22T16:23:47","modified_gmt":"2023-05-22T16:23:47","slug":"verificateur-cablages-et-reseaux-navitek-nt-ie","status":"publish","type":"product","link":"https:\/\/exciting-lichterman.217-160-28-49.plesk.page\/de\/produkt\/verificateur-cablages-et-reseaux-navitek-nt-ie\/","title":{"rendered":"V\u00e9rificateur c\u00e2blages et r\u00e9seaux Navitek NT IE"},"content":{"rendered":"<h2 style=\"font-family:Poppins;font-size:14px; font-weight:400!important; line-height:2\">\nLe NaviTEK IE est un testeur polyvalent con\u00e7u pour simplifier la mise en service, la maintenance pr\u00e9ventive et le d\u00e9pannage des r\u00e9seaux Ethernet industriels ainsi que des r\u00e9seaux IP Ethernet traditionnels. Gr\u00e2ce \u00e0 cet outil, vous pouvez effectuer des v\u00e9rifications syst\u00e8me, d\u00e9couvrir automatiquement le c\u00e2blage, configurer les \u00e9quipements et r\u00e9soudre les probl\u00e8mes de connectivit\u00e9.<\/h2>\n<p>En appuyant simplement sur un bouton, le NaviTEK IE d\u00e9tecte les d\u00e9fauts de c\u00e2blage cuivre, configure les n\u0153uds du r\u00e9seau, analyse la sant\u00e9 du r\u00e9seau pour pr\u00e9venir les d\u00e9faillances, localise les \u00e9quipements actifs et d\u00e9tecte les dispositifs ind\u00e9sirables. Il g\u00e9n\u00e8re ensuite des rapports de tests au format PDF pour une validation compl\u00e8te de la mise en service, et ces rapports peuvent \u00eatre facilement partag\u00e9s avec vos coll\u00e8gues ou clients via l&rsquo;application mobile gratuite TREND AnyWARE.<\/p>\n<p>Avec le NaviTEK IE, vous disposez d&rsquo;un outil complet pour assurer la fiabilit\u00e9 et la performance de vos r\u00e9seaux Ethernet industriels et traditionnels. Il vous permet de d\u00e9tecter les probl\u00e8mes rapidement, de configurer les n\u0153uds efficacement, de pr\u00e9venir les d\u00e9faillances et de g\u00e9n\u00e9rer des rapports professionnels pour vos clients finaux. Gr\u00e2ce \u00e0 l&rsquo;application TREND AnyWARE, vous pouvez \u00e9galement partager ces rapports avec les personnes concern\u00e9es en toute simplicit\u00e9.<\/p>\n<p><strong>Contenu du kit <\/strong><br \/>\n1 x testeur NaviTEK IE x terminaison RJ45 (N\u00b01), x 1 batterie rechargeable d\u00e9montable, 1 x chargeur secteur\/alimentation, 2 x cordons RJ45\/RJ45 de 30cm, 2 x cordons RJ45\/M12 &#8211; codage D (4fils) de 1m (R\u00e9f. du kit : R151058), 1 x guide de prise en main, 1 x valise de transport, 1 x adaptateur Wi-Fi en USB<\/p>","protected":false},"excerpt":{"rendered":"<p>R\u00e9f\u00e9rence : R151010<br \/>\nType : NaviTEK NT IE<br \/>\nMarque: Trend Networks<br \/>\nSource d&rsquo;\u00e9nergie : Aliment\u00e9 par pile<br \/>\nLongueur max mesur\u00e9e : 181 m\/593 ft.<br \/>\nNb max de tests : 5000<br \/>\nNb max de projets : 50<br \/>\nAutonomie : 5 heures<br \/>\nDimensions : 40 x 80 x 175 mm<br \/>\nPoids : 400 g<\/p>","protected":false},"featured_media":16454,"comment_status":"open","ping_status":"closed","template":"","meta":{"_acf_changed":false},"product_brand":[],"product_cat":[1096,67],"product_tag":[],"class_list":{"0":"post-16448","1":"product","2":"type-product","3":"status-publish","4":"has-post-thumbnail","6":"product_cat-mesure-cuivre","7":"product_cat-test-mesure","9":"first","10":"instock","11":"taxable","12":"shipping-taxable","13":"product-type-simple"},"acf":[],"yoast_head":"<!-- This site is optimized with the Yoast SEO plugin v27.4 - https:\/\/yoast.com\/product\/yoast-seo-wordpress\/ -->\n<title>V\u00e9rificateur c\u00e2blages et r\u00e9seaux Navitek NT IE - K2group Distribution<\/title>\n<meta name=\"robots\" content=\"noindex, follow, max-snippet:-1, max-image-preview:large, max-video-preview:-1\" \/>\n<meta property=\"og:locale\" content=\"de_DE\" \/>\n<meta property=\"og:type\" content=\"article\" \/>\n<meta property=\"og:title\" content=\"V\u00e9rificateur c\u00e2blages et r\u00e9seaux Navitek NT IE - K2group Distribution\" \/>\n<meta property=\"og:description\" content=\"R\u00e9f\u00e9rence : R151010 Type : NaviTEK NT IE Marque: Trend Networks Source d&#039;\u00e9nergie : Aliment\u00e9 par pile Longueur max mesur\u00e9e : 181 m\/593 ft. Nb max de tests : 5000 Nb max de projets : 50 Autonomie : 5 heures Dimensions : 40 x 80 x 175 mm Poids : 400 g\" \/>\n<meta property=\"og:url\" content=\"https:\/\/exciting-lichterman.217-160-28-49.plesk.page\/de\/produkt\/verificateur-cablages-et-reseaux-navitek-nt-ie\/\" \/>\n<meta property=\"og:site_name\" content=\"K2group Distribution\" \/>\n<meta property=\"article:modified_time\" content=\"2023-05-22T16:23:47+00:00\" \/>\n<meta property=\"og:image\" content=\"https:\/\/exciting-lichterman.217-160-28-49.plesk.page\/wp-content\/uploads\/2023\/05\/R151010-2.webp\" \/>\n\t<meta property=\"og:image:width\" content=\"2560\" \/>\n\t<meta property=\"og:image:height\" content=\"2545\" \/>\n\t<meta property=\"og:image:type\" content=\"image\/webp\" \/>\n<meta name=\"twitter:card\" content=\"summary_large_image\" \/>\n<script type=\"application\/ld+json\" class=\"yoast-schema-graph\">{\"@context\":\"https:\\\/\\\/schema.org\",\"@graph\":[{\"@type\":\"WebPage\",\"@id\":\"https:\\\/\\\/exciting-lichterman.217-160-28-49.plesk.page\\\/produit\\\/verificateur-cablages-et-reseaux-navitek-nt-ie\\\/\",\"url\":\"https:\\\/\\\/exciting-lichterman.217-160-28-49.plesk.page\\\/produit\\\/verificateur-cablages-et-reseaux-navitek-nt-ie\\\/\",\"name\":\"V\u00e9rificateur c\u00e2blages et r\u00e9seaux Navitek NT IE - K2group Distribution\",\"isPartOf\":{\"@id\":\"https:\\\/\\\/exciting-lichterman.217-160-28-49.plesk.page\\\/#website\"},\"primaryImageOfPage\":{\"@id\":\"https:\\\/\\\/exciting-lichterman.217-160-28-49.plesk.page\\\/produit\\\/verificateur-cablages-et-reseaux-navitek-nt-ie\\\/#primaryimage\"},\"image\":{\"@id\":\"https:\\\/\\\/exciting-lichterman.217-160-28-49.plesk.page\\\/produit\\\/verificateur-cablages-et-reseaux-navitek-nt-ie\\\/#primaryimage\"},\"thumbnailUrl\":\"https:\\\/\\\/exciting-lichterman.217-160-28-49.plesk.page\\\/wp-content\\\/uploads\\\/2023\\\/05\\\/R151010-2.webp\",\"datePublished\":\"2023-05-22T16:20:27+00:00\",\"dateModified\":\"2023-05-22T16:23:47+00:00\",\"breadcrumb\":{\"@id\":\"https:\\\/\\\/exciting-lichterman.217-160-28-49.plesk.page\\\/produit\\\/verificateur-cablages-et-reseaux-navitek-nt-ie\\\/#breadcrumb\"},\"inLanguage\":\"de\",\"potentialAction\":[{\"@type\":\"ReadAction\",\"target\":[\"https:\\\/\\\/exciting-lichterman.217-160-28-49.plesk.page\\\/produit\\\/verificateur-cablages-et-reseaux-navitek-nt-ie\\\/\"]}]},{\"@type\":\"ImageObject\",\"inLanguage\":\"de\",\"@id\":\"https:\\\/\\\/exciting-lichterman.217-160-28-49.plesk.page\\\/produit\\\/verificateur-cablages-et-reseaux-navitek-nt-ie\\\/#primaryimage\",\"url\":\"https:\\\/\\\/exciting-lichterman.217-160-28-49.plesk.page\\\/wp-content\\\/uploads\\\/2023\\\/05\\\/R151010-2.webp\",\"contentUrl\":\"https:\\\/\\\/exciting-lichterman.217-160-28-49.plesk.page\\\/wp-content\\\/uploads\\\/2023\\\/05\\\/R151010-2.webp\",\"width\":2560,\"height\":2545},{\"@type\":\"BreadcrumbList\",\"@id\":\"https:\\\/\\\/exciting-lichterman.217-160-28-49.plesk.page\\\/produit\\\/verificateur-cablages-et-reseaux-navitek-nt-ie\\\/#breadcrumb\",\"itemListElement\":[{\"@type\":\"ListItem\",\"position\":1,\"name\":\"Accueil\",\"item\":\"https:\\\/\\\/exciting-lichterman.217-160-28-49.plesk.page\\\/\"},{\"@type\":\"ListItem\",\"position\":2,\"name\":\"Boutique\",\"item\":\"https:\\\/\\\/exciting-lichterman.217-160-28-49.plesk.page\\\/boutique\\\/\"},{\"@type\":\"ListItem\",\"position\":3,\"name\":\"V\u00e9rificateur c\u00e2blages et r\u00e9seaux Navitek NT IE\"}]},{\"@type\":\"WebSite\",\"@id\":\"https:\\\/\\\/exciting-lichterman.217-160-28-49.plesk.page\\\/#website\",\"url\":\"https:\\\/\\\/exciting-lichterman.217-160-28-49.plesk.page\\\/\",\"name\":\"K2group Distribution\",\"description\":\"\",\"publisher\":{\"@id\":\"https:\\\/\\\/exciting-lichterman.217-160-28-49.plesk.page\\\/#organization\"},\"potentialAction\":[{\"@type\":\"SearchAction\",\"target\":{\"@type\":\"EntryPoint\",\"urlTemplate\":\"https:\\\/\\\/exciting-lichterman.217-160-28-49.plesk.page\\\/?s={search_term_string}\"},\"query-input\":{\"@type\":\"PropertyValueSpecification\",\"valueRequired\":true,\"valueName\":\"search_term_string\"}}],\"inLanguage\":\"de\"},{\"@type\":\"Organization\",\"@id\":\"https:\\\/\\\/exciting-lichterman.217-160-28-49.plesk.page\\\/#organization\",\"name\":\"K2group Distribution\",\"url\":\"https:\\\/\\\/exciting-lichterman.217-160-28-49.plesk.page\\\/\",\"logo\":{\"@type\":\"ImageObject\",\"inLanguage\":\"de\",\"@id\":\"https:\\\/\\\/exciting-lichterman.217-160-28-49.plesk.page\\\/#\\\/schema\\\/logo\\\/image\\\/\",\"url\":\"https:\\\/\\\/exciting-lichterman.217-160-28-49.plesk.page\\\/wp-content\\\/uploads\\\/2022\\\/04\\\/logo-K2.png\",\"contentUrl\":\"https:\\\/\\\/exciting-lichterman.217-160-28-49.plesk.page\\\/wp-content\\\/uploads\\\/2022\\\/04\\\/logo-K2.png\",\"width\":155,\"height\":66,\"caption\":\"K2group Distribution\"},\"image\":{\"@id\":\"https:\\\/\\\/exciting-lichterman.217-160-28-49.plesk.page\\\/#\\\/schema\\\/logo\\\/image\\\/\"}}]}<\/script>\n<!-- \/ Yoast SEO plugin. -->","yoast_head_json":{"title":"V\u00e9rificateur c\u00e2blages et r\u00e9seaux Navitek NT IE - K2group Distribution","robots":{"index":"noindex","follow":"follow","max-snippet":"max-snippet:-1","max-image-preview":"max-image-preview:large","max-video-preview":"max-video-preview:-1"},"og_locale":"de_DE","og_type":"article","og_title":"V\u00e9rificateur c\u00e2blages et r\u00e9seaux Navitek NT IE - K2group Distribution","og_description":"R\u00e9f\u00e9rence : R151010 Type : NaviTEK NT IE Marque: Trend Networks Source d'\u00e9nergie : Aliment\u00e9 par pile Longueur max mesur\u00e9e : 181 m\/593 ft. Nb max de tests : 5000 Nb max de projets : 50 Autonomie : 5 heures Dimensions : 40 x 80 x 175 mm Poids : 400 g","og_url":"https:\/\/exciting-lichterman.217-160-28-49.plesk.page\/de\/produkt\/verificateur-cablages-et-reseaux-navitek-nt-ie\/","og_site_name":"K2group Distribution","article_modified_time":"2023-05-22T16:23:47+00:00","og_image":[{"width":2560,"height":2545,"url":"https:\/\/exciting-lichterman.217-160-28-49.plesk.page\/wp-content\/uploads\/2023\/05\/R151010-2.webp","type":"image\/webp"}],"twitter_card":"summary_large_image","schema":{"@context":"https:\/\/schema.org","@graph":[{"@type":"WebPage","@id":"https:\/\/exciting-lichterman.217-160-28-49.plesk.page\/produit\/verificateur-cablages-et-reseaux-navitek-nt-ie\/","url":"https:\/\/exciting-lichterman.217-160-28-49.plesk.page\/produit\/verificateur-cablages-et-reseaux-navitek-nt-ie\/","name":"V\u00e9rificateur c\u00e2blages et r\u00e9seaux Navitek NT IE - K2group Distribution","isPartOf":{"@id":"https:\/\/exciting-lichterman.217-160-28-49.plesk.page\/#website"},"primaryImageOfPage":{"@id":"https:\/\/exciting-lichterman.217-160-28-49.plesk.page\/produit\/verificateur-cablages-et-reseaux-navitek-nt-ie\/#primaryimage"},"image":{"@id":"https:\/\/exciting-lichterman.217-160-28-49.plesk.page\/produit\/verificateur-cablages-et-reseaux-navitek-nt-ie\/#primaryimage"},"thumbnailUrl":"https:\/\/exciting-lichterman.217-160-28-49.plesk.page\/wp-content\/uploads\/2023\/05\/R151010-2.webp","datePublished":"2023-05-22T16:20:27+00:00","dateModified":"2023-05-22T16:23:47+00:00","breadcrumb":{"@id":"https:\/\/exciting-lichterman.217-160-28-49.plesk.page\/produit\/verificateur-cablages-et-reseaux-navitek-nt-ie\/#breadcrumb"},"inLanguage":"de","potentialAction":[{"@type":"ReadAction","target":["https:\/\/exciting-lichterman.217-160-28-49.plesk.page\/produit\/verificateur-cablages-et-reseaux-navitek-nt-ie\/"]}]},{"@type":"ImageObject","inLanguage":"de","@id":"https:\/\/exciting-lichterman.217-160-28-49.plesk.page\/produit\/verificateur-cablages-et-reseaux-navitek-nt-ie\/#primaryimage","url":"https:\/\/exciting-lichterman.217-160-28-49.plesk.page\/wp-content\/uploads\/2023\/05\/R151010-2.webp","contentUrl":"https:\/\/exciting-lichterman.217-160-28-49.plesk.page\/wp-content\/uploads\/2023\/05\/R151010-2.webp","width":2560,"height":2545},{"@type":"BreadcrumbList","@id":"https:\/\/exciting-lichterman.217-160-28-49.plesk.page\/produit\/verificateur-cablages-et-reseaux-navitek-nt-ie\/#breadcrumb","itemListElement":[{"@type":"ListItem","position":1,"name":"Accueil","item":"https:\/\/exciting-lichterman.217-160-28-49.plesk.page\/"},{"@type":"ListItem","position":2,"name":"Boutique","item":"https:\/\/exciting-lichterman.217-160-28-49.plesk.page\/boutique\/"},{"@type":"ListItem","position":3,"name":"V\u00e9rificateur c\u00e2blages et r\u00e9seaux Navitek NT IE"}]},{"@type":"WebSite","@id":"https:\/\/exciting-lichterman.217-160-28-49.plesk.page\/#website","url":"https:\/\/exciting-lichterman.217-160-28-49.plesk.page\/","name":"K2group Distribution","description":"","publisher":{"@id":"https:\/\/exciting-lichterman.217-160-28-49.plesk.page\/#organization"},"potentialAction":[{"@type":"SearchAction","target":{"@type":"EntryPoint","urlTemplate":"https:\/\/exciting-lichterman.217-160-28-49.plesk.page\/?s={search_term_string}"},"query-input":{"@type":"PropertyValueSpecification","valueRequired":true,"valueName":"search_term_string"}}],"inLanguage":"de"},{"@type":"Organization","@id":"https:\/\/exciting-lichterman.217-160-28-49.plesk.page\/#organization","name":"K2group Distribution","url":"https:\/\/exciting-lichterman.217-160-28-49.plesk.page\/","logo":{"@type":"ImageObject","inLanguage":"de","@id":"https:\/\/exciting-lichterman.217-160-28-49.plesk.page\/#\/schema\/logo\/image\/","url":"https:\/\/exciting-lichterman.217-160-28-49.plesk.page\/wp-content\/uploads\/2022\/04\/logo-K2.png","contentUrl":"https:\/\/exciting-lichterman.217-160-28-49.plesk.page\/wp-content\/uploads\/2022\/04\/logo-K2.png","width":155,"height":66,"caption":"K2group Distribution"},"image":{"@id":"https:\/\/exciting-lichterman.217-160-28-49.plesk.page\/#\/schema\/logo\/image\/"}}]}},"_links":{"self":[{"href":"https:\/\/exciting-lichterman.217-160-28-49.plesk.page\/de\/wp-json\/wp\/v2\/product\/16448","targetHints":{"allow":["GET"]}}],"collection":[{"href":"https:\/\/exciting-lichterman.217-160-28-49.plesk.page\/de\/wp-json\/wp\/v2\/product"}],"about":[{"href":"https:\/\/exciting-lichterman.217-160-28-49.plesk.page\/de\/wp-json\/wp\/v2\/types\/product"}],"replies":[{"embeddable":true,"href":"https:\/\/exciting-lichterman.217-160-28-49.plesk.page\/de\/wp-json\/wp\/v2\/comments?post=16448"}],"version-history":[{"count":1,"href":"https:\/\/exciting-lichterman.217-160-28-49.plesk.page\/de\/wp-json\/wp\/v2\/product\/16448\/revisions"}],"predecessor-version":[{"id":16460,"href":"https:\/\/exciting-lichterman.217-160-28-49.plesk.page\/de\/wp-json\/wp\/v2\/product\/16448\/revisions\/16460"}],"wp:featuredmedia":[{"embeddable":true,"href":"https:\/\/exciting-lichterman.217-160-28-49.plesk.page\/de\/wp-json\/wp\/v2\/media\/16454"}],"wp:attachment":[{"href":"https:\/\/exciting-lichterman.217-160-28-49.plesk.page\/de\/wp-json\/wp\/v2\/media?parent=16448"}],"wp:term":[{"taxonomy":"product_brand","embeddable":true,"href":"https:\/\/exciting-lichterman.217-160-28-49.plesk.page\/de\/wp-json\/wp\/v2\/product_brand?post=16448"},{"taxonomy":"product_cat","embeddable":true,"href":"https:\/\/exciting-lichterman.217-160-28-49.plesk.page\/de\/wp-json\/wp\/v2\/product_cat?post=16448"},{"taxonomy":"product_tag","embeddable":true,"href":"https:\/\/exciting-lichterman.217-160-28-49.plesk.page\/de\/wp-json\/wp\/v2\/product_tag?post=16448"}],"curies":[{"name":"wp","href":"https:\/\/api.w.org\/{rel}","templated":true}]}}