{"id":16444,"date":"2023-05-22T16:17:47","date_gmt":"2023-05-22T16:17:47","guid":{"rendered":"https:\/\/exciting-lichterman.217-160-28-49.plesk.page\/?post_type=product&#038;p=16444"},"modified":"2023-05-22T16:21:50","modified_gmt":"2023-05-22T16:21:50","slug":"certificateurs-cablages-cuivre-pour-recettes-info-lantek-iii-500","status":"publish","type":"product","link":"https:\/\/exciting-lichterman.217-160-28-49.plesk.page\/de\/produkt\/certificateurs-cablages-cuivre-pour-recettes-info-lantek-iii-500\/","title":{"rendered":"Certificateurs c\u00e2blages cuivre pour \u00ab recettes info \u00bb LanTEK III-500"},"content":{"rendered":"<h2 style=\"font-size:16px\">Le LanTEK III est un certificateur de c\u00e2blage pratique et polyvalent, dot\u00e9 de fonctionnalit\u00e9s avanc\u00e9es et con\u00e7u pour simplifier les tests et les certifications. Gr\u00e2ce \u00e0 l&rsquo;application gratuite IDEAL AnyWARE, les techniciens sur le terrain peuvent partager les r\u00e9sultats de leurs tests avec leurs coll\u00e8gues ou clients, ce qui favorise une collaboration efficace et permet de respecter les d\u00e9lais et les budgets.<\/h2>\n<p>Ce certificateur offre de nouvelles fonctionnalit\u00e9s de d\u00e9pannage qui permettent de gagner du temps et de l&rsquo;argent, notamment la localisation des connexions cach\u00e9es, des \u00e9pissures et des d\u00e9fauts sur les liens gr\u00e2ce aux mesures des pertes par retour (TDRL) et des ph\u00e9nom\u00e8nes de paradiaphonies (TDX).<\/p>\n<p>Il est \u00e9galement \u00e9quip\u00e9 d&rsquo;un adaptateur Permanent Link \u00e9conomique qui permet de remplacer les contacts RJ45, r\u00e9duisant ainsi les co\u00fbts d&rsquo;exploitation et les temps d&rsquo;immobilisation.<\/p>\n<p>Les nouveaux modules fibre optique FiberTEK III sont disponibles pour les mod\u00e8les 500 MHz et 1000 MHz, permettant une certification du c\u00e2blage fibre de niveau 1 sans avoir besoin d&rsquo;utiliser des testeurs fibre suppl\u00e9mentaires.<\/p>\n<p>Le LanTEK III se distingue \u00e9galement par sa longue autonomie de batterie, offrant jusqu&rsquo;\u00e0 18 heures de tests continus sans interruption, ce qui garantit une utilisation prolong\u00e9e sur le terrain.<\/p>\n<p><strong>Contenu du kit <\/strong><br \/>\nCertificateur de c\u00e2ble 500 MHz. TIA\/EIA Cat\u00e9gorie 6A\/ ISO Class EA. LanTEK III unit\u00e9s principale\/distante, Batterie Li-ion (2), adaptateur d&rsquo;alimentation universel (2), C\u00e2ble USB, \u00e9couteur (2), bandouli\u00e8re(2), guide de prise en main, valise de transport, adaptateur USB Wi-Fi , adaptateurs de lien permanent CAT6ARJ45 (2).<\/p>","protected":false},"excerpt":{"rendered":"<p>R\u00e9f\u00e9rence : R161003<br \/>\nMarque: Trend Networks<br \/>\nType : LanTEK III-500<br \/>\nType d&rsquo;\u00e9quipement : Certificateur de c\u00e2blage<\/p>","protected":false},"featured_media":16449,"comment_status":"open","ping_status":"closed","template":"","meta":{"_acf_changed":false},"product_brand":[],"product_cat":[1096,67],"product_tag":[],"class_list":{"0":"post-16444","1":"product","2":"type-product","3":"status-publish","4":"has-post-thumbnail","6":"product_cat-mesure-cuivre","7":"product_cat-test-mesure","9":"first","10":"instock","11":"taxable","12":"shipping-taxable","13":"product-type-simple"},"acf":[],"yoast_head":"<!-- This site is optimized with the Yoast SEO plugin v27.4 - https:\/\/yoast.com\/product\/yoast-seo-wordpress\/ -->\n<title>Certificateurs c\u00e2blages cuivre pour \u00ab recettes info \u00bb LanTEK III-500 - K2group Distribution<\/title>\n<meta name=\"robots\" content=\"noindex, follow, max-snippet:-1, max-image-preview:large, max-video-preview:-1\" \/>\n<meta property=\"og:locale\" content=\"de_DE\" \/>\n<meta property=\"og:type\" content=\"article\" \/>\n<meta property=\"og:title\" content=\"Certificateurs c\u00e2blages cuivre pour \u00ab recettes info \u00bb LanTEK III-500 - K2group Distribution\" \/>\n<meta property=\"og:description\" content=\"R\u00e9f\u00e9rence : R161003 Marque: Trend Networks Type : LanTEK III-500 Type d&#039;\u00e9quipement : Certificateur de c\u00e2blage\" \/>\n<meta property=\"og:url\" content=\"https:\/\/exciting-lichterman.217-160-28-49.plesk.page\/de\/produkt\/certificateurs-cablages-cuivre-pour-recettes-info-lantek-iii-500\/\" \/>\n<meta property=\"og:site_name\" content=\"K2group Distribution\" \/>\n<meta property=\"article:modified_time\" content=\"2023-05-22T16:21:50+00:00\" \/>\n<meta property=\"og:image\" content=\"https:\/\/exciting-lichterman.217-160-28-49.plesk.page\/wp-content\/uploads\/2023\/05\/r161003-3.webp\" \/>\n\t<meta property=\"og:image:width\" content=\"2560\" \/>\n\t<meta property=\"og:image:height\" content=\"2545\" \/>\n\t<meta property=\"og:image:type\" content=\"image\/webp\" \/>\n<meta name=\"twitter:card\" content=\"summary_large_image\" \/>\n<meta name=\"twitter:label1\" content=\"Gesch\u00e4tzte Lesezeit\" \/>\n\t<meta name=\"twitter:data1\" content=\"2\u00a0Minuten\" \/>\n<script type=\"application\/ld+json\" class=\"yoast-schema-graph\">{\"@context\":\"https:\\\/\\\/schema.org\",\"@graph\":[{\"@type\":\"WebPage\",\"@id\":\"https:\\\/\\\/exciting-lichterman.217-160-28-49.plesk.page\\\/produit\\\/certificateurs-cablages-cuivre-pour-recettes-info-lantek-iii-500\\\/\",\"url\":\"https:\\\/\\\/exciting-lichterman.217-160-28-49.plesk.page\\\/produit\\\/certificateurs-cablages-cuivre-pour-recettes-info-lantek-iii-500\\\/\",\"name\":\"Certificateurs c\u00e2blages cuivre pour \u00ab recettes info \u00bb LanTEK III-500 - K2group Distribution\",\"isPartOf\":{\"@id\":\"https:\\\/\\\/exciting-lichterman.217-160-28-49.plesk.page\\\/#website\"},\"primaryImageOfPage\":{\"@id\":\"https:\\\/\\\/exciting-lichterman.217-160-28-49.plesk.page\\\/produit\\\/certificateurs-cablages-cuivre-pour-recettes-info-lantek-iii-500\\\/#primaryimage\"},\"image\":{\"@id\":\"https:\\\/\\\/exciting-lichterman.217-160-28-49.plesk.page\\\/produit\\\/certificateurs-cablages-cuivre-pour-recettes-info-lantek-iii-500\\\/#primaryimage\"},\"thumbnailUrl\":\"https:\\\/\\\/exciting-lichterman.217-160-28-49.plesk.page\\\/wp-content\\\/uploads\\\/2023\\\/05\\\/r161003-3.webp\",\"datePublished\":\"2023-05-22T16:17:47+00:00\",\"dateModified\":\"2023-05-22T16:21:50+00:00\",\"breadcrumb\":{\"@id\":\"https:\\\/\\\/exciting-lichterman.217-160-28-49.plesk.page\\\/produit\\\/certificateurs-cablages-cuivre-pour-recettes-info-lantek-iii-500\\\/#breadcrumb\"},\"inLanguage\":\"de\",\"potentialAction\":[{\"@type\":\"ReadAction\",\"target\":[\"https:\\\/\\\/exciting-lichterman.217-160-28-49.plesk.page\\\/produit\\\/certificateurs-cablages-cuivre-pour-recettes-info-lantek-iii-500\\\/\"]}]},{\"@type\":\"ImageObject\",\"inLanguage\":\"de\",\"@id\":\"https:\\\/\\\/exciting-lichterman.217-160-28-49.plesk.page\\\/produit\\\/certificateurs-cablages-cuivre-pour-recettes-info-lantek-iii-500\\\/#primaryimage\",\"url\":\"https:\\\/\\\/exciting-lichterman.217-160-28-49.plesk.page\\\/wp-content\\\/uploads\\\/2023\\\/05\\\/r161003-3.webp\",\"contentUrl\":\"https:\\\/\\\/exciting-lichterman.217-160-28-49.plesk.page\\\/wp-content\\\/uploads\\\/2023\\\/05\\\/r161003-3.webp\",\"width\":2560,\"height\":2545},{\"@type\":\"BreadcrumbList\",\"@id\":\"https:\\\/\\\/exciting-lichterman.217-160-28-49.plesk.page\\\/produit\\\/certificateurs-cablages-cuivre-pour-recettes-info-lantek-iii-500\\\/#breadcrumb\",\"itemListElement\":[{\"@type\":\"ListItem\",\"position\":1,\"name\":\"Accueil\",\"item\":\"https:\\\/\\\/exciting-lichterman.217-160-28-49.plesk.page\\\/\"},{\"@type\":\"ListItem\",\"position\":2,\"name\":\"Boutique\",\"item\":\"https:\\\/\\\/exciting-lichterman.217-160-28-49.plesk.page\\\/boutique\\\/\"},{\"@type\":\"ListItem\",\"position\":3,\"name\":\"Certificateurs c\u00e2blages cuivre pour \u00ab recettes info \u00bb LanTEK III-500\"}]},{\"@type\":\"WebSite\",\"@id\":\"https:\\\/\\\/exciting-lichterman.217-160-28-49.plesk.page\\\/#website\",\"url\":\"https:\\\/\\\/exciting-lichterman.217-160-28-49.plesk.page\\\/\",\"name\":\"K2group Distribution\",\"description\":\"\",\"publisher\":{\"@id\":\"https:\\\/\\\/exciting-lichterman.217-160-28-49.plesk.page\\\/#organization\"},\"potentialAction\":[{\"@type\":\"SearchAction\",\"target\":{\"@type\":\"EntryPoint\",\"urlTemplate\":\"https:\\\/\\\/exciting-lichterman.217-160-28-49.plesk.page\\\/?s={search_term_string}\"},\"query-input\":{\"@type\":\"PropertyValueSpecification\",\"valueRequired\":true,\"valueName\":\"search_term_string\"}}],\"inLanguage\":\"de\"},{\"@type\":\"Organization\",\"@id\":\"https:\\\/\\\/exciting-lichterman.217-160-28-49.plesk.page\\\/#organization\",\"name\":\"K2group Distribution\",\"url\":\"https:\\\/\\\/exciting-lichterman.217-160-28-49.plesk.page\\\/\",\"logo\":{\"@type\":\"ImageObject\",\"inLanguage\":\"de\",\"@id\":\"https:\\\/\\\/exciting-lichterman.217-160-28-49.plesk.page\\\/#\\\/schema\\\/logo\\\/image\\\/\",\"url\":\"https:\\\/\\\/exciting-lichterman.217-160-28-49.plesk.page\\\/wp-content\\\/uploads\\\/2022\\\/04\\\/logo-K2.png\",\"contentUrl\":\"https:\\\/\\\/exciting-lichterman.217-160-28-49.plesk.page\\\/wp-content\\\/uploads\\\/2022\\\/04\\\/logo-K2.png\",\"width\":155,\"height\":66,\"caption\":\"K2group Distribution\"},\"image\":{\"@id\":\"https:\\\/\\\/exciting-lichterman.217-160-28-49.plesk.page\\\/#\\\/schema\\\/logo\\\/image\\\/\"}}]}<\/script>\n<!-- \/ Yoast SEO plugin. -->","yoast_head_json":{"title":"Certificateurs c\u00e2blages cuivre pour \u00ab recettes info \u00bb LanTEK III-500 - K2group Distribution","robots":{"index":"noindex","follow":"follow","max-snippet":"max-snippet:-1","max-image-preview":"max-image-preview:large","max-video-preview":"max-video-preview:-1"},"og_locale":"de_DE","og_type":"article","og_title":"Certificateurs c\u00e2blages cuivre pour \u00ab recettes info \u00bb LanTEK III-500 - K2group Distribution","og_description":"R\u00e9f\u00e9rence : R161003 Marque: Trend Networks Type : LanTEK III-500 Type d'\u00e9quipement : Certificateur de c\u00e2blage","og_url":"https:\/\/exciting-lichterman.217-160-28-49.plesk.page\/de\/produkt\/certificateurs-cablages-cuivre-pour-recettes-info-lantek-iii-500\/","og_site_name":"K2group Distribution","article_modified_time":"2023-05-22T16:21:50+00:00","og_image":[{"width":2560,"height":2545,"url":"https:\/\/exciting-lichterman.217-160-28-49.plesk.page\/wp-content\/uploads\/2023\/05\/r161003-3.webp","type":"image\/webp"}],"twitter_card":"summary_large_image","twitter_misc":{"Gesch\u00e4tzte Lesezeit":"2\u00a0Minuten"},"schema":{"@context":"https:\/\/schema.org","@graph":[{"@type":"WebPage","@id":"https:\/\/exciting-lichterman.217-160-28-49.plesk.page\/produit\/certificateurs-cablages-cuivre-pour-recettes-info-lantek-iii-500\/","url":"https:\/\/exciting-lichterman.217-160-28-49.plesk.page\/produit\/certificateurs-cablages-cuivre-pour-recettes-info-lantek-iii-500\/","name":"Certificateurs c\u00e2blages cuivre pour \u00ab recettes info \u00bb LanTEK III-500 - K2group Distribution","isPartOf":{"@id":"https:\/\/exciting-lichterman.217-160-28-49.plesk.page\/#website"},"primaryImageOfPage":{"@id":"https:\/\/exciting-lichterman.217-160-28-49.plesk.page\/produit\/certificateurs-cablages-cuivre-pour-recettes-info-lantek-iii-500\/#primaryimage"},"image":{"@id":"https:\/\/exciting-lichterman.217-160-28-49.plesk.page\/produit\/certificateurs-cablages-cuivre-pour-recettes-info-lantek-iii-500\/#primaryimage"},"thumbnailUrl":"https:\/\/exciting-lichterman.217-160-28-49.plesk.page\/wp-content\/uploads\/2023\/05\/r161003-3.webp","datePublished":"2023-05-22T16:17:47+00:00","dateModified":"2023-05-22T16:21:50+00:00","breadcrumb":{"@id":"https:\/\/exciting-lichterman.217-160-28-49.plesk.page\/produit\/certificateurs-cablages-cuivre-pour-recettes-info-lantek-iii-500\/#breadcrumb"},"inLanguage":"de","potentialAction":[{"@type":"ReadAction","target":["https:\/\/exciting-lichterman.217-160-28-49.plesk.page\/produit\/certificateurs-cablages-cuivre-pour-recettes-info-lantek-iii-500\/"]}]},{"@type":"ImageObject","inLanguage":"de","@id":"https:\/\/exciting-lichterman.217-160-28-49.plesk.page\/produit\/certificateurs-cablages-cuivre-pour-recettes-info-lantek-iii-500\/#primaryimage","url":"https:\/\/exciting-lichterman.217-160-28-49.plesk.page\/wp-content\/uploads\/2023\/05\/r161003-3.webp","contentUrl":"https:\/\/exciting-lichterman.217-160-28-49.plesk.page\/wp-content\/uploads\/2023\/05\/r161003-3.webp","width":2560,"height":2545},{"@type":"BreadcrumbList","@id":"https:\/\/exciting-lichterman.217-160-28-49.plesk.page\/produit\/certificateurs-cablages-cuivre-pour-recettes-info-lantek-iii-500\/#breadcrumb","itemListElement":[{"@type":"ListItem","position":1,"name":"Accueil","item":"https:\/\/exciting-lichterman.217-160-28-49.plesk.page\/"},{"@type":"ListItem","position":2,"name":"Boutique","item":"https:\/\/exciting-lichterman.217-160-28-49.plesk.page\/boutique\/"},{"@type":"ListItem","position":3,"name":"Certificateurs c\u00e2blages cuivre pour \u00ab recettes info \u00bb LanTEK III-500"}]},{"@type":"WebSite","@id":"https:\/\/exciting-lichterman.217-160-28-49.plesk.page\/#website","url":"https:\/\/exciting-lichterman.217-160-28-49.plesk.page\/","name":"K2group Distribution","description":"","publisher":{"@id":"https:\/\/exciting-lichterman.217-160-28-49.plesk.page\/#organization"},"potentialAction":[{"@type":"SearchAction","target":{"@type":"EntryPoint","urlTemplate":"https:\/\/exciting-lichterman.217-160-28-49.plesk.page\/?s={search_term_string}"},"query-input":{"@type":"PropertyValueSpecification","valueRequired":true,"valueName":"search_term_string"}}],"inLanguage":"de"},{"@type":"Organization","@id":"https:\/\/exciting-lichterman.217-160-28-49.plesk.page\/#organization","name":"K2group Distribution","url":"https:\/\/exciting-lichterman.217-160-28-49.plesk.page\/","logo":{"@type":"ImageObject","inLanguage":"de","@id":"https:\/\/exciting-lichterman.217-160-28-49.plesk.page\/#\/schema\/logo\/image\/","url":"https:\/\/exciting-lichterman.217-160-28-49.plesk.page\/wp-content\/uploads\/2022\/04\/logo-K2.png","contentUrl":"https:\/\/exciting-lichterman.217-160-28-49.plesk.page\/wp-content\/uploads\/2022\/04\/logo-K2.png","width":155,"height":66,"caption":"K2group Distribution"},"image":{"@id":"https:\/\/exciting-lichterman.217-160-28-49.plesk.page\/#\/schema\/logo\/image\/"}}]}},"_links":{"self":[{"href":"https:\/\/exciting-lichterman.217-160-28-49.plesk.page\/de\/wp-json\/wp\/v2\/product\/16444","targetHints":{"allow":["GET"]}}],"collection":[{"href":"https:\/\/exciting-lichterman.217-160-28-49.plesk.page\/de\/wp-json\/wp\/v2\/product"}],"about":[{"href":"https:\/\/exciting-lichterman.217-160-28-49.plesk.page\/de\/wp-json\/wp\/v2\/types\/product"}],"replies":[{"embeddable":true,"href":"https:\/\/exciting-lichterman.217-160-28-49.plesk.page\/de\/wp-json\/wp\/v2\/comments?post=16444"}],"version-history":[{"count":1,"href":"https:\/\/exciting-lichterman.217-160-28-49.plesk.page\/de\/wp-json\/wp\/v2\/product\/16444\/revisions"}],"predecessor-version":[{"id":16446,"href":"https:\/\/exciting-lichterman.217-160-28-49.plesk.page\/de\/wp-json\/wp\/v2\/product\/16444\/revisions\/16446"}],"wp:featuredmedia":[{"embeddable":true,"href":"https:\/\/exciting-lichterman.217-160-28-49.plesk.page\/de\/wp-json\/wp\/v2\/media\/16449"}],"wp:attachment":[{"href":"https:\/\/exciting-lichterman.217-160-28-49.plesk.page\/de\/wp-json\/wp\/v2\/media?parent=16444"}],"wp:term":[{"taxonomy":"product_brand","embeddable":true,"href":"https:\/\/exciting-lichterman.217-160-28-49.plesk.page\/de\/wp-json\/wp\/v2\/product_brand?post=16444"},{"taxonomy":"product_cat","embeddable":true,"href":"https:\/\/exciting-lichterman.217-160-28-49.plesk.page\/de\/wp-json\/wp\/v2\/product_cat?post=16444"},{"taxonomy":"product_tag","embeddable":true,"href":"https:\/\/exciting-lichterman.217-160-28-49.plesk.page\/de\/wp-json\/wp\/v2\/product_tag?post=16444"}],"curies":[{"name":"wp","href":"https:\/\/api.w.org\/{rel}","templated":true}]}}