{"id":16431,"date":"2023-05-22T16:14:06","date_gmt":"2023-05-22T16:14:06","guid":{"rendered":"https:\/\/exciting-lichterman.217-160-28-49.plesk.page\/?post_type=product&#038;p=16431"},"modified":"2023-05-22T16:40:25","modified_gmt":"2023-05-22T16:40:25","slug":"verificateur-cablages-et-reseaux-navitek-nt-pro","status":"publish","type":"product","link":"https:\/\/exciting-lichterman.217-160-28-49.plesk.page\/de\/produkt\/verificateur-cablages-et-reseaux-navitek-nt-pro\/","title":{"rendered":"V\u00e9rificateur c\u00e2blages et r\u00e9seaux Navitek NT Pro"},"content":{"rendered":"<h2 style=\"font-family:Poppins;font-size:14px; font-weight:400!important; line-height:2\">\nLe NaviTEK NT Pro est un v\u00e9rificateur de r\u00e9seaux et c\u00e2blages cuivre et fibre optique offrant des fonctionnalit\u00e9s avanc\u00e9es pour le d\u00e9pannage et la maintenance des r\u00e9seaux actifs et passifs. Dot\u00e9 d&rsquo;un \u00e9cran couleur tactile am\u00e9lior\u00e9, il permet de localiser et de r\u00e9soudre les probl\u00e8mes de connectivit\u00e9 plus rapidement que jamais.<\/h2>\n<p>Avec le NaviTEK NT Pro, vous pouvez effectuer des tests de c\u00e2blage avec sch\u00e9ma d\u00e9taill\u00e9, ce qui facilite l&rsquo;identification des erreurs et la localisation pr\u00e9cise des d\u00e9fauts tels que les coupures et les courts-circuits gr\u00e2ce \u00e0 la fonction TDR (Time Domain Reflectometer). De plus, il propose une gamme compl\u00e8te de fonctionnalit\u00e9s telles que la prise en charge d&rsquo;IPv4 et IPv6, la d\u00e9tection de la PoE\/PoE+, les tests Ping et Traceroute, et bien plus encore.<\/p>\n<p>Les connecteurs RJ45 du NaviTEK NT Pro sont rempla\u00e7ables par l&rsquo;utilisateur, ce qui permet de r\u00e9duire les co\u00fbts de fonctionnement et de maintenir l&rsquo;appareil pr\u00eat \u00e0 fonctionner en tout temps. Sa conception robuste et compacte le rend id\u00e9al pour une utilisation sur le terrain, m\u00eame dans des environnements exigeants.<\/p>\n<p>En outre, le NaviTEK NT Pro dispose d&rsquo;une m\u00e9moire interne pouvant stocker plus de 5000 rapports de test, offrant ainsi une capacit\u00e9 de stockage g\u00e9n\u00e9reuse pour vos donn\u00e9es de test tout en permettant de garder une trace de vos r\u00e9sultats et de les partager avec vos coll\u00e8gues et clients.<\/p>","protected":false},"excerpt":{"rendered":"<p>R\u00e9f\u00e9rence : R151006<br \/>\nType : NaviTEK NT Pro<br \/>\nMarque: Trend Networks<br \/>\nSource d&rsquo;\u00e9nergie : Aliment\u00e9 par pile<br \/>\nLongueur max mesur\u00e9e : 181 m\/593 ft.<br \/>\nNb max de tests : 5000<br \/>\nNb max de projets : 50<br \/>\nAutonomie : 5 heures<br \/>\nDimensions : 40 x 80 x 175 mm<br \/>\nPoids : 400 g<\/p>","protected":false},"featured_media":16443,"comment_status":"open","ping_status":"closed","template":"","meta":{"_acf_changed":false},"product_brand":[],"product_cat":[1096,67],"product_tag":[],"class_list":{"0":"post-16431","1":"product","2":"type-product","3":"status-publish","4":"has-post-thumbnail","6":"product_cat-mesure-cuivre","7":"product_cat-test-mesure","9":"first","10":"instock","11":"taxable","12":"shipping-taxable","13":"product-type-simple"},"acf":[],"yoast_head":"<!-- This site is optimized with the Yoast SEO plugin v27.4 - https:\/\/yoast.com\/product\/yoast-seo-wordpress\/ -->\n<title>V\u00e9rificateur c\u00e2blages et r\u00e9seaux Navitek NT Pro - K2group Distribution<\/title>\n<meta name=\"robots\" content=\"noindex, follow, max-snippet:-1, max-image-preview:large, max-video-preview:-1\" \/>\n<meta property=\"og:locale\" content=\"de_DE\" \/>\n<meta property=\"og:type\" content=\"article\" \/>\n<meta property=\"og:title\" content=\"V\u00e9rificateur c\u00e2blages et r\u00e9seaux Navitek NT Pro - K2group Distribution\" \/>\n<meta property=\"og:description\" content=\"R\u00e9f\u00e9rence : R151006 Type : NaviTEK NT Pro Marque: Trend Networks Source d&#039;\u00e9nergie : Aliment\u00e9 par pile Longueur max mesur\u00e9e : 181 m\/593 ft. Nb max de tests : 5000 Nb max de projets : 50 Autonomie : 5 heures Dimensions : 40 x 80 x 175 mm Poids : 400 g\" \/>\n<meta property=\"og:url\" content=\"https:\/\/exciting-lichterman.217-160-28-49.plesk.page\/de\/produkt\/verificateur-cablages-et-reseaux-navitek-nt-pro\/\" \/>\n<meta property=\"og:site_name\" content=\"K2group Distribution\" \/>\n<meta property=\"article:modified_time\" content=\"2023-05-22T16:40:25+00:00\" \/>\n<meta property=\"og:image\" content=\"https:\/\/exciting-lichterman.217-160-28-49.plesk.page\/wp-content\/uploads\/2023\/05\/R151006-3.webp\" \/>\n\t<meta property=\"og:image:width\" content=\"2560\" \/>\n\t<meta property=\"og:image:height\" content=\"2545\" \/>\n\t<meta property=\"og:image:type\" content=\"image\/webp\" \/>\n<meta name=\"twitter:card\" content=\"summary_large_image\" \/>\n<meta name=\"twitter:label1\" content=\"Gesch\u00e4tzte Lesezeit\" \/>\n\t<meta name=\"twitter:data1\" content=\"2\u00a0Minuten\" \/>\n<script type=\"application\/ld+json\" class=\"yoast-schema-graph\">{\"@context\":\"https:\\\/\\\/schema.org\",\"@graph\":[{\"@type\":\"WebPage\",\"@id\":\"https:\\\/\\\/exciting-lichterman.217-160-28-49.plesk.page\\\/produit\\\/verificateur-cablages-et-reseaux-navitek-nt-pro\\\/\",\"url\":\"https:\\\/\\\/exciting-lichterman.217-160-28-49.plesk.page\\\/produit\\\/verificateur-cablages-et-reseaux-navitek-nt-pro\\\/\",\"name\":\"V\u00e9rificateur c\u00e2blages et r\u00e9seaux Navitek NT Pro - K2group Distribution\",\"isPartOf\":{\"@id\":\"https:\\\/\\\/exciting-lichterman.217-160-28-49.plesk.page\\\/#website\"},\"primaryImageOfPage\":{\"@id\":\"https:\\\/\\\/exciting-lichterman.217-160-28-49.plesk.page\\\/produit\\\/verificateur-cablages-et-reseaux-navitek-nt-pro\\\/#primaryimage\"},\"image\":{\"@id\":\"https:\\\/\\\/exciting-lichterman.217-160-28-49.plesk.page\\\/produit\\\/verificateur-cablages-et-reseaux-navitek-nt-pro\\\/#primaryimage\"},\"thumbnailUrl\":\"https:\\\/\\\/exciting-lichterman.217-160-28-49.plesk.page\\\/wp-content\\\/uploads\\\/2023\\\/05\\\/R151006-3.webp\",\"datePublished\":\"2023-05-22T16:14:06+00:00\",\"dateModified\":\"2023-05-22T16:40:25+00:00\",\"breadcrumb\":{\"@id\":\"https:\\\/\\\/exciting-lichterman.217-160-28-49.plesk.page\\\/produit\\\/verificateur-cablages-et-reseaux-navitek-nt-pro\\\/#breadcrumb\"},\"inLanguage\":\"de\",\"potentialAction\":[{\"@type\":\"ReadAction\",\"target\":[\"https:\\\/\\\/exciting-lichterman.217-160-28-49.plesk.page\\\/produit\\\/verificateur-cablages-et-reseaux-navitek-nt-pro\\\/\"]}]},{\"@type\":\"ImageObject\",\"inLanguage\":\"de\",\"@id\":\"https:\\\/\\\/exciting-lichterman.217-160-28-49.plesk.page\\\/produit\\\/verificateur-cablages-et-reseaux-navitek-nt-pro\\\/#primaryimage\",\"url\":\"https:\\\/\\\/exciting-lichterman.217-160-28-49.plesk.page\\\/wp-content\\\/uploads\\\/2023\\\/05\\\/R151006-3.webp\",\"contentUrl\":\"https:\\\/\\\/exciting-lichterman.217-160-28-49.plesk.page\\\/wp-content\\\/uploads\\\/2023\\\/05\\\/R151006-3.webp\",\"width\":2560,\"height\":2545},{\"@type\":\"BreadcrumbList\",\"@id\":\"https:\\\/\\\/exciting-lichterman.217-160-28-49.plesk.page\\\/produit\\\/verificateur-cablages-et-reseaux-navitek-nt-pro\\\/#breadcrumb\",\"itemListElement\":[{\"@type\":\"ListItem\",\"position\":1,\"name\":\"Accueil\",\"item\":\"https:\\\/\\\/exciting-lichterman.217-160-28-49.plesk.page\\\/\"},{\"@type\":\"ListItem\",\"position\":2,\"name\":\"Boutique\",\"item\":\"https:\\\/\\\/exciting-lichterman.217-160-28-49.plesk.page\\\/boutique\\\/\"},{\"@type\":\"ListItem\",\"position\":3,\"name\":\"V\u00e9rificateur c\u00e2blages et r\u00e9seaux Navitek NT Pro\"}]},{\"@type\":\"WebSite\",\"@id\":\"https:\\\/\\\/exciting-lichterman.217-160-28-49.plesk.page\\\/#website\",\"url\":\"https:\\\/\\\/exciting-lichterman.217-160-28-49.plesk.page\\\/\",\"name\":\"K2group Distribution\",\"description\":\"\",\"publisher\":{\"@id\":\"https:\\\/\\\/exciting-lichterman.217-160-28-49.plesk.page\\\/#organization\"},\"potentialAction\":[{\"@type\":\"SearchAction\",\"target\":{\"@type\":\"EntryPoint\",\"urlTemplate\":\"https:\\\/\\\/exciting-lichterman.217-160-28-49.plesk.page\\\/?s={search_term_string}\"},\"query-input\":{\"@type\":\"PropertyValueSpecification\",\"valueRequired\":true,\"valueName\":\"search_term_string\"}}],\"inLanguage\":\"de\"},{\"@type\":\"Organization\",\"@id\":\"https:\\\/\\\/exciting-lichterman.217-160-28-49.plesk.page\\\/#organization\",\"name\":\"K2group Distribution\",\"url\":\"https:\\\/\\\/exciting-lichterman.217-160-28-49.plesk.page\\\/\",\"logo\":{\"@type\":\"ImageObject\",\"inLanguage\":\"de\",\"@id\":\"https:\\\/\\\/exciting-lichterman.217-160-28-49.plesk.page\\\/#\\\/schema\\\/logo\\\/image\\\/\",\"url\":\"https:\\\/\\\/exciting-lichterman.217-160-28-49.plesk.page\\\/wp-content\\\/uploads\\\/2022\\\/04\\\/logo-K2.png\",\"contentUrl\":\"https:\\\/\\\/exciting-lichterman.217-160-28-49.plesk.page\\\/wp-content\\\/uploads\\\/2022\\\/04\\\/logo-K2.png\",\"width\":155,\"height\":66,\"caption\":\"K2group Distribution\"},\"image\":{\"@id\":\"https:\\\/\\\/exciting-lichterman.217-160-28-49.plesk.page\\\/#\\\/schema\\\/logo\\\/image\\\/\"}}]}<\/script>\n<!-- \/ Yoast SEO plugin. -->","yoast_head_json":{"title":"V\u00e9rificateur c\u00e2blages et r\u00e9seaux Navitek NT Pro - K2group Distribution","robots":{"index":"noindex","follow":"follow","max-snippet":"max-snippet:-1","max-image-preview":"max-image-preview:large","max-video-preview":"max-video-preview:-1"},"og_locale":"de_DE","og_type":"article","og_title":"V\u00e9rificateur c\u00e2blages et r\u00e9seaux Navitek NT Pro - K2group Distribution","og_description":"R\u00e9f\u00e9rence : R151006 Type : NaviTEK NT Pro Marque: Trend Networks Source d'\u00e9nergie : Aliment\u00e9 par pile Longueur max mesur\u00e9e : 181 m\/593 ft. Nb max de tests : 5000 Nb max de projets : 50 Autonomie : 5 heures Dimensions : 40 x 80 x 175 mm Poids : 400 g","og_url":"https:\/\/exciting-lichterman.217-160-28-49.plesk.page\/de\/produkt\/verificateur-cablages-et-reseaux-navitek-nt-pro\/","og_site_name":"K2group Distribution","article_modified_time":"2023-05-22T16:40:25+00:00","og_image":[{"width":2560,"height":2545,"url":"https:\/\/exciting-lichterman.217-160-28-49.plesk.page\/wp-content\/uploads\/2023\/05\/R151006-3.webp","type":"image\/webp"}],"twitter_card":"summary_large_image","twitter_misc":{"Gesch\u00e4tzte Lesezeit":"2\u00a0Minuten"},"schema":{"@context":"https:\/\/schema.org","@graph":[{"@type":"WebPage","@id":"https:\/\/exciting-lichterman.217-160-28-49.plesk.page\/produit\/verificateur-cablages-et-reseaux-navitek-nt-pro\/","url":"https:\/\/exciting-lichterman.217-160-28-49.plesk.page\/produit\/verificateur-cablages-et-reseaux-navitek-nt-pro\/","name":"V\u00e9rificateur c\u00e2blages et r\u00e9seaux Navitek NT Pro - K2group Distribution","isPartOf":{"@id":"https:\/\/exciting-lichterman.217-160-28-49.plesk.page\/#website"},"primaryImageOfPage":{"@id":"https:\/\/exciting-lichterman.217-160-28-49.plesk.page\/produit\/verificateur-cablages-et-reseaux-navitek-nt-pro\/#primaryimage"},"image":{"@id":"https:\/\/exciting-lichterman.217-160-28-49.plesk.page\/produit\/verificateur-cablages-et-reseaux-navitek-nt-pro\/#primaryimage"},"thumbnailUrl":"https:\/\/exciting-lichterman.217-160-28-49.plesk.page\/wp-content\/uploads\/2023\/05\/R151006-3.webp","datePublished":"2023-05-22T16:14:06+00:00","dateModified":"2023-05-22T16:40:25+00:00","breadcrumb":{"@id":"https:\/\/exciting-lichterman.217-160-28-49.plesk.page\/produit\/verificateur-cablages-et-reseaux-navitek-nt-pro\/#breadcrumb"},"inLanguage":"de","potentialAction":[{"@type":"ReadAction","target":["https:\/\/exciting-lichterman.217-160-28-49.plesk.page\/produit\/verificateur-cablages-et-reseaux-navitek-nt-pro\/"]}]},{"@type":"ImageObject","inLanguage":"de","@id":"https:\/\/exciting-lichterman.217-160-28-49.plesk.page\/produit\/verificateur-cablages-et-reseaux-navitek-nt-pro\/#primaryimage","url":"https:\/\/exciting-lichterman.217-160-28-49.plesk.page\/wp-content\/uploads\/2023\/05\/R151006-3.webp","contentUrl":"https:\/\/exciting-lichterman.217-160-28-49.plesk.page\/wp-content\/uploads\/2023\/05\/R151006-3.webp","width":2560,"height":2545},{"@type":"BreadcrumbList","@id":"https:\/\/exciting-lichterman.217-160-28-49.plesk.page\/produit\/verificateur-cablages-et-reseaux-navitek-nt-pro\/#breadcrumb","itemListElement":[{"@type":"ListItem","position":1,"name":"Accueil","item":"https:\/\/exciting-lichterman.217-160-28-49.plesk.page\/"},{"@type":"ListItem","position":2,"name":"Boutique","item":"https:\/\/exciting-lichterman.217-160-28-49.plesk.page\/boutique\/"},{"@type":"ListItem","position":3,"name":"V\u00e9rificateur c\u00e2blages et r\u00e9seaux Navitek NT Pro"}]},{"@type":"WebSite","@id":"https:\/\/exciting-lichterman.217-160-28-49.plesk.page\/#website","url":"https:\/\/exciting-lichterman.217-160-28-49.plesk.page\/","name":"K2group Distribution","description":"","publisher":{"@id":"https:\/\/exciting-lichterman.217-160-28-49.plesk.page\/#organization"},"potentialAction":[{"@type":"SearchAction","target":{"@type":"EntryPoint","urlTemplate":"https:\/\/exciting-lichterman.217-160-28-49.plesk.page\/?s={search_term_string}"},"query-input":{"@type":"PropertyValueSpecification","valueRequired":true,"valueName":"search_term_string"}}],"inLanguage":"de"},{"@type":"Organization","@id":"https:\/\/exciting-lichterman.217-160-28-49.plesk.page\/#organization","name":"K2group Distribution","url":"https:\/\/exciting-lichterman.217-160-28-49.plesk.page\/","logo":{"@type":"ImageObject","inLanguage":"de","@id":"https:\/\/exciting-lichterman.217-160-28-49.plesk.page\/#\/schema\/logo\/image\/","url":"https:\/\/exciting-lichterman.217-160-28-49.plesk.page\/wp-content\/uploads\/2022\/04\/logo-K2.png","contentUrl":"https:\/\/exciting-lichterman.217-160-28-49.plesk.page\/wp-content\/uploads\/2022\/04\/logo-K2.png","width":155,"height":66,"caption":"K2group Distribution"},"image":{"@id":"https:\/\/exciting-lichterman.217-160-28-49.plesk.page\/#\/schema\/logo\/image\/"}}]}},"_links":{"self":[{"href":"https:\/\/exciting-lichterman.217-160-28-49.plesk.page\/de\/wp-json\/wp\/v2\/product\/16431","targetHints":{"allow":["GET"]}}],"collection":[{"href":"https:\/\/exciting-lichterman.217-160-28-49.plesk.page\/de\/wp-json\/wp\/v2\/product"}],"about":[{"href":"https:\/\/exciting-lichterman.217-160-28-49.plesk.page\/de\/wp-json\/wp\/v2\/types\/product"}],"replies":[{"embeddable":true,"href":"https:\/\/exciting-lichterman.217-160-28-49.plesk.page\/de\/wp-json\/wp\/v2\/comments?post=16431"}],"version-history":[{"count":1,"href":"https:\/\/exciting-lichterman.217-160-28-49.plesk.page\/de\/wp-json\/wp\/v2\/product\/16431\/revisions"}],"predecessor-version":[{"id":16447,"href":"https:\/\/exciting-lichterman.217-160-28-49.plesk.page\/de\/wp-json\/wp\/v2\/product\/16431\/revisions\/16447"}],"wp:featuredmedia":[{"embeddable":true,"href":"https:\/\/exciting-lichterman.217-160-28-49.plesk.page\/de\/wp-json\/wp\/v2\/media\/16443"}],"wp:attachment":[{"href":"https:\/\/exciting-lichterman.217-160-28-49.plesk.page\/de\/wp-json\/wp\/v2\/media?parent=16431"}],"wp:term":[{"taxonomy":"product_brand","embeddable":true,"href":"https:\/\/exciting-lichterman.217-160-28-49.plesk.page\/de\/wp-json\/wp\/v2\/product_brand?post=16431"},{"taxonomy":"product_cat","embeddable":true,"href":"https:\/\/exciting-lichterman.217-160-28-49.plesk.page\/de\/wp-json\/wp\/v2\/product_cat?post=16431"},{"taxonomy":"product_tag","embeddable":true,"href":"https:\/\/exciting-lichterman.217-160-28-49.plesk.page\/de\/wp-json\/wp\/v2\/product_tag?post=16431"}],"curies":[{"name":"wp","href":"https:\/\/api.w.org\/{rel}","templated":true}]}}