{"id":16422,"date":"2023-05-22T16:09:44","date_gmt":"2023-05-22T16:09:44","guid":{"rendered":"https:\/\/exciting-lichterman.217-160-28-49.plesk.page\/?post_type=product&#038;p=16422"},"modified":"2023-05-22T16:17:13","modified_gmt":"2023-05-22T16:17:13","slug":"testeur-videoprotection-ip-analogique-memoire-securitest-ip","status":"publish","type":"product","link":"https:\/\/exciting-lichterman.217-160-28-49.plesk.page\/de\/produkt\/testeur-videoprotection-ip-analogique-memoire-securitest-ip\/","title":{"rendered":"Testeur Vid\u00e9oprotection IP &#038; analogique SecuriTEST IP"},"content":{"rendered":"<h2 style=\"font-size: 16px;\">Le SecuriTEST IP de TREND NETWORKS est un testeur sp\u00e9cialement con\u00e7u pour l&rsquo;installation et le d\u00e9pannage de r\u00e9seaux de cam\u00e9ras num\u00e9riques IP, coaxiales HD et analogiques CCTV. Cet appareil \u00ab\u00a0\u00a0\u00bbtout-en-un\u00a0\u00bb\u00a0\u00bb offre une solution compl\u00e8te en permettant d&rsquo;alimenter les cam\u00e9ras, de les configurer, de les visualiser et d&rsquo;\u00e9diter des rapports directement.<\/h2>\n<p>Gr\u00e2ce \u00e0 ses multiples interfaces, telles que les RJ45, BNC ou Wi-Fi, le SecuriTEST IP peut \u00eatre connect\u00e9 \u00e0 diff\u00e9rents types de cam\u00e9ras. Il offre \u00e9galement une alimentation pour les cam\u00e9ras gr\u00e2ce \u00e0 sa batterie interne Li-Ion de 12V ou via le PoE\/PoE+ (jusqu&rsquo;\u00e0 24 watts), \u00e9liminant ainsi le besoin d&rsquo;alimentations externes.<\/p>\n<p>La fonction exclusive QuickIP\u2122 permet une connexion rapide aux cam\u00e9ras IP et une configuration facile, m\u00eame pour les installateurs moins exp\u00e9riment\u00e9s. Il est possible d&rsquo;effectuer une configuration compl\u00e8te de la cam\u00e9ra, y compris les orientations, la mise au point, les r\u00e9glages PTZ et les param\u00e8tres r\u00e9seau.<\/p>\n<p>Le testeur permet \u00e9galement d&rsquo;\u00e9diter des rapports au format PDF directement sur l&rsquo;appareil, avec des captures d&rsquo;\u00e9cran vid\u00e9o qui attestent de l&rsquo;installation correcte et des param\u00e8tres des cam\u00e9ras. Cela permet de dissiper les doutes et de fournir des preuves tangibles de la qualit\u00e9 de l&rsquo;installation.<\/p>\n<p>En plus de ses fonctionnalit\u00e9s de configuration et d&rsquo;\u00e9dition de rapports, le SecuriTEST IP offre des outils de test de qualit\u00e9 du c\u00e2blage et de d\u00e9pannage sur r\u00e9seau actif, ce qui permet de diagnostiquer rapidement les probl\u00e8mes et d&rsquo;optimiser la performance du r\u00e9seau.\u00a0\u00bb<\/p>\n<p><strong>Contenu du kit<\/strong><br \/>\nSecuriTEST IP \u2013 Testeur de cam\u00e9ras num\u00e9riques IP, coaxiales HD, analogiques CCTV, 1 x sacoche souple, 1 x sangle de cou, 1 x sangle \u00e0 main pour le testeur et 1 x sangle pour la sacoche, 1 x alimentation\/chargeur secteur, 1 x sonde amplificatrice \/ terminaison RJ45, 1 x cordon RJ45 Cat 5e UTP de 3m, 1 x cordon coaxial BNC de 3m, 1 cordon d\u2019alimentation 12V DC de 3m avec connecteurs 2,5 \/ 3,5mm, 2 x blocs interfaces RS485 femelles, 1 x cordon RS485 de 0,5m femelle vers deux clips, 1 x cordon audio jack de 0,5 m vers deux clips, 1 x guide de r\u00e9f\u00e9rence rapide, 1 x carte MicroSD de 8GB et son lecteur\/adaptateur vers sortie USB<\/p>","protected":false},"excerpt":{"rendered":"<p>R\u00e9f\u00e9rence : R171000<br \/>\nMarque: Trend Networks<br \/>\nType : SecuriTEST IP<br \/>\nType d&rsquo;\u00e9quipement : Testeur de cam\u00e9ra de vid\u00e9osurveillance<\/p>","protected":false},"featured_media":16434,"comment_status":"open","ping_status":"closed","template":"","meta":{"_acf_changed":false},"product_brand":[],"product_cat":[1096,67],"product_tag":[],"class_list":{"0":"post-16422","1":"product","2":"type-product","3":"status-publish","4":"has-post-thumbnail","6":"product_cat-mesure-cuivre","7":"product_cat-test-mesure","9":"first","10":"instock","11":"taxable","12":"shipping-taxable","13":"product-type-simple"},"acf":[],"yoast_head":"<!-- This site is optimized with the Yoast SEO plugin v27.4 - https:\/\/yoast.com\/product\/yoast-seo-wordpress\/ -->\n<title>Testeur Vid\u00e9oprotection IP &amp; analogique SecuriTEST IP - K2group Distribution<\/title>\n<meta name=\"robots\" content=\"noindex, follow, max-snippet:-1, max-image-preview:large, max-video-preview:-1\" \/>\n<meta property=\"og:locale\" content=\"de_DE\" \/>\n<meta property=\"og:type\" content=\"article\" \/>\n<meta property=\"og:title\" content=\"Testeur Vid\u00e9oprotection IP &amp; analogique SecuriTEST IP - K2group Distribution\" \/>\n<meta property=\"og:description\" content=\"R\u00e9f\u00e9rence : R171000 Marque: Trend Networks Type : SecuriTEST IP Type d&#039;\u00e9quipement : Testeur de cam\u00e9ra de vid\u00e9osurveillance\" \/>\n<meta property=\"og:url\" content=\"https:\/\/exciting-lichterman.217-160-28-49.plesk.page\/de\/produkt\/testeur-videoprotection-ip-analogique-memoire-securitest-ip\/\" \/>\n<meta property=\"og:site_name\" content=\"K2group Distribution\" \/>\n<meta property=\"article:modified_time\" content=\"2023-05-22T16:17:13+00:00\" \/>\n<meta property=\"og:image\" content=\"https:\/\/exciting-lichterman.217-160-28-49.plesk.page\/wp-content\/uploads\/2023\/05\/Securitest_IP_connections-1.webp\" \/>\n\t<meta property=\"og:image:width\" content=\"2560\" \/>\n\t<meta property=\"og:image:height\" content=\"2545\" \/>\n\t<meta property=\"og:image:type\" content=\"image\/webp\" \/>\n<meta name=\"twitter:card\" content=\"summary_large_image\" \/>\n<meta name=\"twitter:label1\" content=\"Gesch\u00e4tzte Lesezeit\" \/>\n\t<meta name=\"twitter:data1\" content=\"2\u00a0Minuten\" \/>\n<script type=\"application\/ld+json\" class=\"yoast-schema-graph\">{\"@context\":\"https:\\\/\\\/schema.org\",\"@graph\":[{\"@type\":\"WebPage\",\"@id\":\"https:\\\/\\\/exciting-lichterman.217-160-28-49.plesk.page\\\/produit\\\/testeur-videoprotection-ip-analogique-memoire-securitest-ip\\\/\",\"url\":\"https:\\\/\\\/exciting-lichterman.217-160-28-49.plesk.page\\\/produit\\\/testeur-videoprotection-ip-analogique-memoire-securitest-ip\\\/\",\"name\":\"Testeur Vid\u00e9oprotection IP & analogique SecuriTEST IP - K2group Distribution\",\"isPartOf\":{\"@id\":\"https:\\\/\\\/exciting-lichterman.217-160-28-49.plesk.page\\\/#website\"},\"primaryImageOfPage\":{\"@id\":\"https:\\\/\\\/exciting-lichterman.217-160-28-49.plesk.page\\\/produit\\\/testeur-videoprotection-ip-analogique-memoire-securitest-ip\\\/#primaryimage\"},\"image\":{\"@id\":\"https:\\\/\\\/exciting-lichterman.217-160-28-49.plesk.page\\\/produit\\\/testeur-videoprotection-ip-analogique-memoire-securitest-ip\\\/#primaryimage\"},\"thumbnailUrl\":\"https:\\\/\\\/exciting-lichterman.217-160-28-49.plesk.page\\\/wp-content\\\/uploads\\\/2023\\\/05\\\/Securitest_IP_connections-1.webp\",\"datePublished\":\"2023-05-22T16:09:44+00:00\",\"dateModified\":\"2023-05-22T16:17:13+00:00\",\"breadcrumb\":{\"@id\":\"https:\\\/\\\/exciting-lichterman.217-160-28-49.plesk.page\\\/produit\\\/testeur-videoprotection-ip-analogique-memoire-securitest-ip\\\/#breadcrumb\"},\"inLanguage\":\"de\",\"potentialAction\":[{\"@type\":\"ReadAction\",\"target\":[\"https:\\\/\\\/exciting-lichterman.217-160-28-49.plesk.page\\\/produit\\\/testeur-videoprotection-ip-analogique-memoire-securitest-ip\\\/\"]}]},{\"@type\":\"ImageObject\",\"inLanguage\":\"de\",\"@id\":\"https:\\\/\\\/exciting-lichterman.217-160-28-49.plesk.page\\\/produit\\\/testeur-videoprotection-ip-analogique-memoire-securitest-ip\\\/#primaryimage\",\"url\":\"https:\\\/\\\/exciting-lichterman.217-160-28-49.plesk.page\\\/wp-content\\\/uploads\\\/2023\\\/05\\\/Securitest_IP_connections-1.webp\",\"contentUrl\":\"https:\\\/\\\/exciting-lichterman.217-160-28-49.plesk.page\\\/wp-content\\\/uploads\\\/2023\\\/05\\\/Securitest_IP_connections-1.webp\",\"width\":2560,\"height\":2545},{\"@type\":\"BreadcrumbList\",\"@id\":\"https:\\\/\\\/exciting-lichterman.217-160-28-49.plesk.page\\\/produit\\\/testeur-videoprotection-ip-analogique-memoire-securitest-ip\\\/#breadcrumb\",\"itemListElement\":[{\"@type\":\"ListItem\",\"position\":1,\"name\":\"Accueil\",\"item\":\"https:\\\/\\\/exciting-lichterman.217-160-28-49.plesk.page\\\/\"},{\"@type\":\"ListItem\",\"position\":2,\"name\":\"Boutique\",\"item\":\"https:\\\/\\\/exciting-lichterman.217-160-28-49.plesk.page\\\/boutique\\\/\"},{\"@type\":\"ListItem\",\"position\":3,\"name\":\"Testeur Vid\u00e9oprotection IP &#038; analogique SecuriTEST IP\"}]},{\"@type\":\"WebSite\",\"@id\":\"https:\\\/\\\/exciting-lichterman.217-160-28-49.plesk.page\\\/#website\",\"url\":\"https:\\\/\\\/exciting-lichterman.217-160-28-49.plesk.page\\\/\",\"name\":\"K2group Distribution\",\"description\":\"\",\"publisher\":{\"@id\":\"https:\\\/\\\/exciting-lichterman.217-160-28-49.plesk.page\\\/#organization\"},\"potentialAction\":[{\"@type\":\"SearchAction\",\"target\":{\"@type\":\"EntryPoint\",\"urlTemplate\":\"https:\\\/\\\/exciting-lichterman.217-160-28-49.plesk.page\\\/?s={search_term_string}\"},\"query-input\":{\"@type\":\"PropertyValueSpecification\",\"valueRequired\":true,\"valueName\":\"search_term_string\"}}],\"inLanguage\":\"de\"},{\"@type\":\"Organization\",\"@id\":\"https:\\\/\\\/exciting-lichterman.217-160-28-49.plesk.page\\\/#organization\",\"name\":\"K2group Distribution\",\"url\":\"https:\\\/\\\/exciting-lichterman.217-160-28-49.plesk.page\\\/\",\"logo\":{\"@type\":\"ImageObject\",\"inLanguage\":\"de\",\"@id\":\"https:\\\/\\\/exciting-lichterman.217-160-28-49.plesk.page\\\/#\\\/schema\\\/logo\\\/image\\\/\",\"url\":\"https:\\\/\\\/exciting-lichterman.217-160-28-49.plesk.page\\\/wp-content\\\/uploads\\\/2022\\\/04\\\/logo-K2.png\",\"contentUrl\":\"https:\\\/\\\/exciting-lichterman.217-160-28-49.plesk.page\\\/wp-content\\\/uploads\\\/2022\\\/04\\\/logo-K2.png\",\"width\":155,\"height\":66,\"caption\":\"K2group Distribution\"},\"image\":{\"@id\":\"https:\\\/\\\/exciting-lichterman.217-160-28-49.plesk.page\\\/#\\\/schema\\\/logo\\\/image\\\/\"}}]}<\/script>\n<!-- \/ Yoast SEO plugin. -->","yoast_head_json":{"title":"Testeur Vid\u00e9oprotection IP & analogique SecuriTEST IP - K2group Distribution","robots":{"index":"noindex","follow":"follow","max-snippet":"max-snippet:-1","max-image-preview":"max-image-preview:large","max-video-preview":"max-video-preview:-1"},"og_locale":"de_DE","og_type":"article","og_title":"Testeur Vid\u00e9oprotection IP & analogique SecuriTEST IP - K2group Distribution","og_description":"R\u00e9f\u00e9rence : R171000 Marque: Trend Networks Type : SecuriTEST IP Type d'\u00e9quipement : Testeur de cam\u00e9ra de vid\u00e9osurveillance","og_url":"https:\/\/exciting-lichterman.217-160-28-49.plesk.page\/de\/produkt\/testeur-videoprotection-ip-analogique-memoire-securitest-ip\/","og_site_name":"K2group Distribution","article_modified_time":"2023-05-22T16:17:13+00:00","og_image":[{"width":2560,"height":2545,"url":"https:\/\/exciting-lichterman.217-160-28-49.plesk.page\/wp-content\/uploads\/2023\/05\/Securitest_IP_connections-1.webp","type":"image\/webp"}],"twitter_card":"summary_large_image","twitter_misc":{"Gesch\u00e4tzte Lesezeit":"2\u00a0Minuten"},"schema":{"@context":"https:\/\/schema.org","@graph":[{"@type":"WebPage","@id":"https:\/\/exciting-lichterman.217-160-28-49.plesk.page\/produit\/testeur-videoprotection-ip-analogique-memoire-securitest-ip\/","url":"https:\/\/exciting-lichterman.217-160-28-49.plesk.page\/produit\/testeur-videoprotection-ip-analogique-memoire-securitest-ip\/","name":"Testeur Vid\u00e9oprotection IP & analogique SecuriTEST IP - K2group Distribution","isPartOf":{"@id":"https:\/\/exciting-lichterman.217-160-28-49.plesk.page\/#website"},"primaryImageOfPage":{"@id":"https:\/\/exciting-lichterman.217-160-28-49.plesk.page\/produit\/testeur-videoprotection-ip-analogique-memoire-securitest-ip\/#primaryimage"},"image":{"@id":"https:\/\/exciting-lichterman.217-160-28-49.plesk.page\/produit\/testeur-videoprotection-ip-analogique-memoire-securitest-ip\/#primaryimage"},"thumbnailUrl":"https:\/\/exciting-lichterman.217-160-28-49.plesk.page\/wp-content\/uploads\/2023\/05\/Securitest_IP_connections-1.webp","datePublished":"2023-05-22T16:09:44+00:00","dateModified":"2023-05-22T16:17:13+00:00","breadcrumb":{"@id":"https:\/\/exciting-lichterman.217-160-28-49.plesk.page\/produit\/testeur-videoprotection-ip-analogique-memoire-securitest-ip\/#breadcrumb"},"inLanguage":"de","potentialAction":[{"@type":"ReadAction","target":["https:\/\/exciting-lichterman.217-160-28-49.plesk.page\/produit\/testeur-videoprotection-ip-analogique-memoire-securitest-ip\/"]}]},{"@type":"ImageObject","inLanguage":"de","@id":"https:\/\/exciting-lichterman.217-160-28-49.plesk.page\/produit\/testeur-videoprotection-ip-analogique-memoire-securitest-ip\/#primaryimage","url":"https:\/\/exciting-lichterman.217-160-28-49.plesk.page\/wp-content\/uploads\/2023\/05\/Securitest_IP_connections-1.webp","contentUrl":"https:\/\/exciting-lichterman.217-160-28-49.plesk.page\/wp-content\/uploads\/2023\/05\/Securitest_IP_connections-1.webp","width":2560,"height":2545},{"@type":"BreadcrumbList","@id":"https:\/\/exciting-lichterman.217-160-28-49.plesk.page\/produit\/testeur-videoprotection-ip-analogique-memoire-securitest-ip\/#breadcrumb","itemListElement":[{"@type":"ListItem","position":1,"name":"Accueil","item":"https:\/\/exciting-lichterman.217-160-28-49.plesk.page\/"},{"@type":"ListItem","position":2,"name":"Boutique","item":"https:\/\/exciting-lichterman.217-160-28-49.plesk.page\/boutique\/"},{"@type":"ListItem","position":3,"name":"Testeur Vid\u00e9oprotection IP &#038; analogique SecuriTEST IP"}]},{"@type":"WebSite","@id":"https:\/\/exciting-lichterman.217-160-28-49.plesk.page\/#website","url":"https:\/\/exciting-lichterman.217-160-28-49.plesk.page\/","name":"K2group Distribution","description":"","publisher":{"@id":"https:\/\/exciting-lichterman.217-160-28-49.plesk.page\/#organization"},"potentialAction":[{"@type":"SearchAction","target":{"@type":"EntryPoint","urlTemplate":"https:\/\/exciting-lichterman.217-160-28-49.plesk.page\/?s={search_term_string}"},"query-input":{"@type":"PropertyValueSpecification","valueRequired":true,"valueName":"search_term_string"}}],"inLanguage":"de"},{"@type":"Organization","@id":"https:\/\/exciting-lichterman.217-160-28-49.plesk.page\/#organization","name":"K2group Distribution","url":"https:\/\/exciting-lichterman.217-160-28-49.plesk.page\/","logo":{"@type":"ImageObject","inLanguage":"de","@id":"https:\/\/exciting-lichterman.217-160-28-49.plesk.page\/#\/schema\/logo\/image\/","url":"https:\/\/exciting-lichterman.217-160-28-49.plesk.page\/wp-content\/uploads\/2022\/04\/logo-K2.png","contentUrl":"https:\/\/exciting-lichterman.217-160-28-49.plesk.page\/wp-content\/uploads\/2022\/04\/logo-K2.png","width":155,"height":66,"caption":"K2group Distribution"},"image":{"@id":"https:\/\/exciting-lichterman.217-160-28-49.plesk.page\/#\/schema\/logo\/image\/"}}]}},"_links":{"self":[{"href":"https:\/\/exciting-lichterman.217-160-28-49.plesk.page\/de\/wp-json\/wp\/v2\/product\/16422","targetHints":{"allow":["GET"]}}],"collection":[{"href":"https:\/\/exciting-lichterman.217-160-28-49.plesk.page\/de\/wp-json\/wp\/v2\/product"}],"about":[{"href":"https:\/\/exciting-lichterman.217-160-28-49.plesk.page\/de\/wp-json\/wp\/v2\/types\/product"}],"replies":[{"embeddable":true,"href":"https:\/\/exciting-lichterman.217-160-28-49.plesk.page\/de\/wp-json\/wp\/v2\/comments?post=16422"}],"version-history":[{"count":4,"href":"https:\/\/exciting-lichterman.217-160-28-49.plesk.page\/de\/wp-json\/wp\/v2\/product\/16422\/revisions"}],"predecessor-version":[{"id":16428,"href":"https:\/\/exciting-lichterman.217-160-28-49.plesk.page\/de\/wp-json\/wp\/v2\/product\/16422\/revisions\/16428"}],"wp:featuredmedia":[{"embeddable":true,"href":"https:\/\/exciting-lichterman.217-160-28-49.plesk.page\/de\/wp-json\/wp\/v2\/media\/16434"}],"wp:attachment":[{"href":"https:\/\/exciting-lichterman.217-160-28-49.plesk.page\/de\/wp-json\/wp\/v2\/media?parent=16422"}],"wp:term":[{"taxonomy":"product_brand","embeddable":true,"href":"https:\/\/exciting-lichterman.217-160-28-49.plesk.page\/de\/wp-json\/wp\/v2\/product_brand?post=16422"},{"taxonomy":"product_cat","embeddable":true,"href":"https:\/\/exciting-lichterman.217-160-28-49.plesk.page\/de\/wp-json\/wp\/v2\/product_cat?post=16422"},{"taxonomy":"product_tag","embeddable":true,"href":"https:\/\/exciting-lichterman.217-160-28-49.plesk.page\/de\/wp-json\/wp\/v2\/product_tag?post=16422"}],"curies":[{"name":"wp","href":"https:\/\/api.w.org\/{rel}","templated":true}]}}