{"id":16421,"date":"2023-05-22T16:08:23","date_gmt":"2023-05-22T16:08:23","guid":{"rendered":"https:\/\/exciting-lichterman.217-160-28-49.plesk.page\/?post_type=product&#038;p=16421"},"modified":"2023-05-22T16:13:33","modified_gmt":"2023-05-22T16:13:33","slug":"verificateur-cablages-et-reseaux-navitek-nt-plus","status":"publish","type":"product","link":"https:\/\/exciting-lichterman.217-160-28-49.plesk.page\/de\/produkt\/verificateur-cablages-et-reseaux-navitek-nt-plus\/","title":{"rendered":"V\u00e9rificateur c\u00e2blages et r\u00e9seaux Navitek NT Plus"},"content":{"rendered":"<h2 style=\"font-family:Poppins;font-size:14px; font-weight:400!important; line-height:2\">\nLe NaviTEK NT est un testeur de r\u00e9seau tout-en-un con\u00e7u pour r\u00e9pondre aux besoins des techniciens r\u00e9seau d&rsquo;aujourd&rsquo;hui. Il offre une gamme compl\u00e8te de fonctionnalit\u00e9s de test et de d\u00e9pannage, le tout dans un appareil portable.<\/h2>\n<p>Avec le NaviTEK NT, vous disposez d&rsquo;interfaces de test pour les r\u00e9seaux cuivre et fibre, ce qui vous permet de travailler sur diff\u00e9rentes infrastructures. Vous pouvez rapidement d\u00e9tecter les informations de liaison et IP, y compris le duplex, la vitesse, l&rsquo;ID de port, le VLAN, le DNS, le DHCP, l&rsquo;\u00e9tat de la passerelle et l&rsquo;adresse IP, pour r\u00e9soudre rapidement les probl\u00e8mes de connectivit\u00e9.<\/p>\n<p>Ce testeur vous permet \u00e9galement de d\u00e9tecter les services tels que RNIS, POTS et PoE, offrant ainsi une visibilit\u00e9 compl\u00e8te sur les services disponibles sur le r\u00e9seau. De plus, vous pouvez effectuer une cartographie pr\u00e9cise des c\u00e2bles, mesurer la longueur et d\u00e9tecter les d\u00e9fauts, simplifiant ainsi l&rsquo;identification et la r\u00e9solution des probl\u00e8mes de c\u00e2blage.<\/p>\n<p>Gr\u00e2ce \u00e0 sa conception robuste et compacte, le NaviTEK NT est parfaitement adapt\u00e9 \u00e0 une utilisation dans des espaces confin\u00e9s. De plus, il est r\u00e9sistant aux attaques de virus et de logiciels malveillants, garantissant ainsi la s\u00e9curit\u00e9 de vos donn\u00e9es et de votre r\u00e9seau.<\/p>\n<p><strong>Contenu du kit <\/strong><br \/>\n1 x Testeur avec \u00e9cran tactile NaviTEK NT PLUS, 1 x unit\u00e9 distante n\u00b01, 1 x batterie rechargeable, 1 x bloc d\u2019alimentation secteur, 2 x c\u00e2bles RJ45 STP de 30cm, 1 x prise en main, 1 x valise de transport, 1x adaptateur USB Wi-Fi<\/p>","protected":false},"excerpt":{"rendered":"<p>R\u00e9f\u00e9rence : R151005<br \/>\nType : NaviTEK NT<br \/>\nApprobation de s\u00e9curit\u00e9 : CE<br \/>\nInterfaces E\/S : USB<br \/>\nStockage : M\u00e9moire interne<br \/>\nNum\u00e9ro ECCN : EAR99<br \/>\nTension d&rsquo;alimentation : Aliment\u00e9 par pile<br \/>\nPays d&rsquo;origine : Malaisie<br \/>\nVie de la batterie : 5 heures<br \/>\nDimensions : 175 x 80 x 40mm<br \/>\nPoids : 0,4 kg<\/p>","protected":false},"featured_media":16426,"comment_status":"open","ping_status":"closed","template":"","meta":{"_acf_changed":false},"product_brand":[],"product_cat":[1096,67],"product_tag":[],"class_list":{"0":"post-16421","1":"product","2":"type-product","3":"status-publish","4":"has-post-thumbnail","6":"product_cat-mesure-cuivre","7":"product_cat-test-mesure","9":"first","10":"instock","11":"taxable","12":"shipping-taxable","13":"product-type-simple"},"acf":[],"yoast_head":"<!-- This site is optimized with the Yoast SEO plugin v27.4 - https:\/\/yoast.com\/product\/yoast-seo-wordpress\/ -->\n<title>V\u00e9rificateur c\u00e2blages et r\u00e9seaux Navitek NT Plus - K2group Distribution<\/title>\n<meta name=\"robots\" content=\"noindex, follow, max-snippet:-1, max-image-preview:large, max-video-preview:-1\" \/>\n<meta property=\"og:locale\" content=\"de_DE\" \/>\n<meta property=\"og:type\" content=\"article\" \/>\n<meta property=\"og:title\" content=\"V\u00e9rificateur c\u00e2blages et r\u00e9seaux Navitek NT Plus - K2group Distribution\" \/>\n<meta property=\"og:description\" content=\"R\u00e9f\u00e9rence : R151005 Type : NaviTEK NT Approbation de s\u00e9curit\u00e9 : CE Interfaces E\/S : USB Stockage : M\u00e9moire interne Num\u00e9ro ECCN : EAR99 Tension d&#039;alimentation : Aliment\u00e9 par pile Pays d&#039;origine : Malaisie Vie de la batterie : 5 heures Dimensions : 175 x 80 x 40mm Poids : 0,4 kg\" \/>\n<meta property=\"og:url\" content=\"https:\/\/exciting-lichterman.217-160-28-49.plesk.page\/de\/produkt\/verificateur-cablages-et-reseaux-navitek-nt-plus\/\" \/>\n<meta property=\"og:site_name\" content=\"K2group Distribution\" \/>\n<meta property=\"article:modified_time\" content=\"2023-05-22T16:13:33+00:00\" \/>\n<meta property=\"og:image\" content=\"https:\/\/exciting-lichterman.217-160-28-49.plesk.page\/wp-content\/uploads\/2023\/05\/R151005-1.webp\" \/>\n\t<meta property=\"og:image:width\" content=\"2560\" \/>\n\t<meta property=\"og:image:height\" content=\"2545\" \/>\n\t<meta property=\"og:image:type\" content=\"image\/webp\" \/>\n<meta name=\"twitter:card\" content=\"summary_large_image\" \/>\n<script type=\"application\/ld+json\" class=\"yoast-schema-graph\">{\"@context\":\"https:\\\/\\\/schema.org\",\"@graph\":[{\"@type\":\"WebPage\",\"@id\":\"https:\\\/\\\/exciting-lichterman.217-160-28-49.plesk.page\\\/produit\\\/verificateur-cablages-et-reseaux-navitek-nt-plus\\\/\",\"url\":\"https:\\\/\\\/exciting-lichterman.217-160-28-49.plesk.page\\\/produit\\\/verificateur-cablages-et-reseaux-navitek-nt-plus\\\/\",\"name\":\"V\u00e9rificateur c\u00e2blages et r\u00e9seaux Navitek NT Plus - K2group Distribution\",\"isPartOf\":{\"@id\":\"https:\\\/\\\/exciting-lichterman.217-160-28-49.plesk.page\\\/#website\"},\"primaryImageOfPage\":{\"@id\":\"https:\\\/\\\/exciting-lichterman.217-160-28-49.plesk.page\\\/produit\\\/verificateur-cablages-et-reseaux-navitek-nt-plus\\\/#primaryimage\"},\"image\":{\"@id\":\"https:\\\/\\\/exciting-lichterman.217-160-28-49.plesk.page\\\/produit\\\/verificateur-cablages-et-reseaux-navitek-nt-plus\\\/#primaryimage\"},\"thumbnailUrl\":\"https:\\\/\\\/exciting-lichterman.217-160-28-49.plesk.page\\\/wp-content\\\/uploads\\\/2023\\\/05\\\/R151005-1.webp\",\"datePublished\":\"2023-05-22T16:08:23+00:00\",\"dateModified\":\"2023-05-22T16:13:33+00:00\",\"breadcrumb\":{\"@id\":\"https:\\\/\\\/exciting-lichterman.217-160-28-49.plesk.page\\\/produit\\\/verificateur-cablages-et-reseaux-navitek-nt-plus\\\/#breadcrumb\"},\"inLanguage\":\"de\",\"potentialAction\":[{\"@type\":\"ReadAction\",\"target\":[\"https:\\\/\\\/exciting-lichterman.217-160-28-49.plesk.page\\\/produit\\\/verificateur-cablages-et-reseaux-navitek-nt-plus\\\/\"]}]},{\"@type\":\"ImageObject\",\"inLanguage\":\"de\",\"@id\":\"https:\\\/\\\/exciting-lichterman.217-160-28-49.plesk.page\\\/produit\\\/verificateur-cablages-et-reseaux-navitek-nt-plus\\\/#primaryimage\",\"url\":\"https:\\\/\\\/exciting-lichterman.217-160-28-49.plesk.page\\\/wp-content\\\/uploads\\\/2023\\\/05\\\/R151005-1.webp\",\"contentUrl\":\"https:\\\/\\\/exciting-lichterman.217-160-28-49.plesk.page\\\/wp-content\\\/uploads\\\/2023\\\/05\\\/R151005-1.webp\",\"width\":2560,\"height\":2545},{\"@type\":\"BreadcrumbList\",\"@id\":\"https:\\\/\\\/exciting-lichterman.217-160-28-49.plesk.page\\\/produit\\\/verificateur-cablages-et-reseaux-navitek-nt-plus\\\/#breadcrumb\",\"itemListElement\":[{\"@type\":\"ListItem\",\"position\":1,\"name\":\"Accueil\",\"item\":\"https:\\\/\\\/exciting-lichterman.217-160-28-49.plesk.page\\\/\"},{\"@type\":\"ListItem\",\"position\":2,\"name\":\"Boutique\",\"item\":\"https:\\\/\\\/exciting-lichterman.217-160-28-49.plesk.page\\\/boutique\\\/\"},{\"@type\":\"ListItem\",\"position\":3,\"name\":\"V\u00e9rificateur c\u00e2blages et r\u00e9seaux Navitek NT Plus\"}]},{\"@type\":\"WebSite\",\"@id\":\"https:\\\/\\\/exciting-lichterman.217-160-28-49.plesk.page\\\/#website\",\"url\":\"https:\\\/\\\/exciting-lichterman.217-160-28-49.plesk.page\\\/\",\"name\":\"K2group Distribution\",\"description\":\"\",\"publisher\":{\"@id\":\"https:\\\/\\\/exciting-lichterman.217-160-28-49.plesk.page\\\/#organization\"},\"potentialAction\":[{\"@type\":\"SearchAction\",\"target\":{\"@type\":\"EntryPoint\",\"urlTemplate\":\"https:\\\/\\\/exciting-lichterman.217-160-28-49.plesk.page\\\/?s={search_term_string}\"},\"query-input\":{\"@type\":\"PropertyValueSpecification\",\"valueRequired\":true,\"valueName\":\"search_term_string\"}}],\"inLanguage\":\"de\"},{\"@type\":\"Organization\",\"@id\":\"https:\\\/\\\/exciting-lichterman.217-160-28-49.plesk.page\\\/#organization\",\"name\":\"K2group Distribution\",\"url\":\"https:\\\/\\\/exciting-lichterman.217-160-28-49.plesk.page\\\/\",\"logo\":{\"@type\":\"ImageObject\",\"inLanguage\":\"de\",\"@id\":\"https:\\\/\\\/exciting-lichterman.217-160-28-49.plesk.page\\\/#\\\/schema\\\/logo\\\/image\\\/\",\"url\":\"https:\\\/\\\/exciting-lichterman.217-160-28-49.plesk.page\\\/wp-content\\\/uploads\\\/2022\\\/04\\\/logo-K2.png\",\"contentUrl\":\"https:\\\/\\\/exciting-lichterman.217-160-28-49.plesk.page\\\/wp-content\\\/uploads\\\/2022\\\/04\\\/logo-K2.png\",\"width\":155,\"height\":66,\"caption\":\"K2group Distribution\"},\"image\":{\"@id\":\"https:\\\/\\\/exciting-lichterman.217-160-28-49.plesk.page\\\/#\\\/schema\\\/logo\\\/image\\\/\"}}]}<\/script>\n<!-- \/ Yoast SEO plugin. -->","yoast_head_json":{"title":"V\u00e9rificateur c\u00e2blages et r\u00e9seaux Navitek NT Plus - K2group Distribution","robots":{"index":"noindex","follow":"follow","max-snippet":"max-snippet:-1","max-image-preview":"max-image-preview:large","max-video-preview":"max-video-preview:-1"},"og_locale":"de_DE","og_type":"article","og_title":"V\u00e9rificateur c\u00e2blages et r\u00e9seaux Navitek NT Plus - K2group Distribution","og_description":"R\u00e9f\u00e9rence : R151005 Type : NaviTEK NT Approbation de s\u00e9curit\u00e9 : CE Interfaces E\/S : USB Stockage : M\u00e9moire interne Num\u00e9ro ECCN : EAR99 Tension d'alimentation : Aliment\u00e9 par pile Pays d'origine : Malaisie Vie de la batterie : 5 heures Dimensions : 175 x 80 x 40mm Poids : 0,4 kg","og_url":"https:\/\/exciting-lichterman.217-160-28-49.plesk.page\/de\/produkt\/verificateur-cablages-et-reseaux-navitek-nt-plus\/","og_site_name":"K2group Distribution","article_modified_time":"2023-05-22T16:13:33+00:00","og_image":[{"width":2560,"height":2545,"url":"https:\/\/exciting-lichterman.217-160-28-49.plesk.page\/wp-content\/uploads\/2023\/05\/R151005-1.webp","type":"image\/webp"}],"twitter_card":"summary_large_image","schema":{"@context":"https:\/\/schema.org","@graph":[{"@type":"WebPage","@id":"https:\/\/exciting-lichterman.217-160-28-49.plesk.page\/produit\/verificateur-cablages-et-reseaux-navitek-nt-plus\/","url":"https:\/\/exciting-lichterman.217-160-28-49.plesk.page\/produit\/verificateur-cablages-et-reseaux-navitek-nt-plus\/","name":"V\u00e9rificateur c\u00e2blages et r\u00e9seaux Navitek NT Plus - K2group Distribution","isPartOf":{"@id":"https:\/\/exciting-lichterman.217-160-28-49.plesk.page\/#website"},"primaryImageOfPage":{"@id":"https:\/\/exciting-lichterman.217-160-28-49.plesk.page\/produit\/verificateur-cablages-et-reseaux-navitek-nt-plus\/#primaryimage"},"image":{"@id":"https:\/\/exciting-lichterman.217-160-28-49.plesk.page\/produit\/verificateur-cablages-et-reseaux-navitek-nt-plus\/#primaryimage"},"thumbnailUrl":"https:\/\/exciting-lichterman.217-160-28-49.plesk.page\/wp-content\/uploads\/2023\/05\/R151005-1.webp","datePublished":"2023-05-22T16:08:23+00:00","dateModified":"2023-05-22T16:13:33+00:00","breadcrumb":{"@id":"https:\/\/exciting-lichterman.217-160-28-49.plesk.page\/produit\/verificateur-cablages-et-reseaux-navitek-nt-plus\/#breadcrumb"},"inLanguage":"de","potentialAction":[{"@type":"ReadAction","target":["https:\/\/exciting-lichterman.217-160-28-49.plesk.page\/produit\/verificateur-cablages-et-reseaux-navitek-nt-plus\/"]}]},{"@type":"ImageObject","inLanguage":"de","@id":"https:\/\/exciting-lichterman.217-160-28-49.plesk.page\/produit\/verificateur-cablages-et-reseaux-navitek-nt-plus\/#primaryimage","url":"https:\/\/exciting-lichterman.217-160-28-49.plesk.page\/wp-content\/uploads\/2023\/05\/R151005-1.webp","contentUrl":"https:\/\/exciting-lichterman.217-160-28-49.plesk.page\/wp-content\/uploads\/2023\/05\/R151005-1.webp","width":2560,"height":2545},{"@type":"BreadcrumbList","@id":"https:\/\/exciting-lichterman.217-160-28-49.plesk.page\/produit\/verificateur-cablages-et-reseaux-navitek-nt-plus\/#breadcrumb","itemListElement":[{"@type":"ListItem","position":1,"name":"Accueil","item":"https:\/\/exciting-lichterman.217-160-28-49.plesk.page\/"},{"@type":"ListItem","position":2,"name":"Boutique","item":"https:\/\/exciting-lichterman.217-160-28-49.plesk.page\/boutique\/"},{"@type":"ListItem","position":3,"name":"V\u00e9rificateur c\u00e2blages et r\u00e9seaux Navitek NT Plus"}]},{"@type":"WebSite","@id":"https:\/\/exciting-lichterman.217-160-28-49.plesk.page\/#website","url":"https:\/\/exciting-lichterman.217-160-28-49.plesk.page\/","name":"K2group Distribution","description":"","publisher":{"@id":"https:\/\/exciting-lichterman.217-160-28-49.plesk.page\/#organization"},"potentialAction":[{"@type":"SearchAction","target":{"@type":"EntryPoint","urlTemplate":"https:\/\/exciting-lichterman.217-160-28-49.plesk.page\/?s={search_term_string}"},"query-input":{"@type":"PropertyValueSpecification","valueRequired":true,"valueName":"search_term_string"}}],"inLanguage":"de"},{"@type":"Organization","@id":"https:\/\/exciting-lichterman.217-160-28-49.plesk.page\/#organization","name":"K2group Distribution","url":"https:\/\/exciting-lichterman.217-160-28-49.plesk.page\/","logo":{"@type":"ImageObject","inLanguage":"de","@id":"https:\/\/exciting-lichterman.217-160-28-49.plesk.page\/#\/schema\/logo\/image\/","url":"https:\/\/exciting-lichterman.217-160-28-49.plesk.page\/wp-content\/uploads\/2022\/04\/logo-K2.png","contentUrl":"https:\/\/exciting-lichterman.217-160-28-49.plesk.page\/wp-content\/uploads\/2022\/04\/logo-K2.png","width":155,"height":66,"caption":"K2group Distribution"},"image":{"@id":"https:\/\/exciting-lichterman.217-160-28-49.plesk.page\/#\/schema\/logo\/image\/"}}]}},"_links":{"self":[{"href":"https:\/\/exciting-lichterman.217-160-28-49.plesk.page\/de\/wp-json\/wp\/v2\/product\/16421","targetHints":{"allow":["GET"]}}],"collection":[{"href":"https:\/\/exciting-lichterman.217-160-28-49.plesk.page\/de\/wp-json\/wp\/v2\/product"}],"about":[{"href":"https:\/\/exciting-lichterman.217-160-28-49.plesk.page\/de\/wp-json\/wp\/v2\/types\/product"}],"replies":[{"embeddable":true,"href":"https:\/\/exciting-lichterman.217-160-28-49.plesk.page\/de\/wp-json\/wp\/v2\/comments?post=16421"}],"version-history":[{"count":1,"href":"https:\/\/exciting-lichterman.217-160-28-49.plesk.page\/de\/wp-json\/wp\/v2\/product\/16421\/revisions"}],"predecessor-version":[{"id":16429,"href":"https:\/\/exciting-lichterman.217-160-28-49.plesk.page\/de\/wp-json\/wp\/v2\/product\/16421\/revisions\/16429"}],"wp:featuredmedia":[{"embeddable":true,"href":"https:\/\/exciting-lichterman.217-160-28-49.plesk.page\/de\/wp-json\/wp\/v2\/media\/16426"}],"wp:attachment":[{"href":"https:\/\/exciting-lichterman.217-160-28-49.plesk.page\/de\/wp-json\/wp\/v2\/media?parent=16421"}],"wp:term":[{"taxonomy":"product_brand","embeddable":true,"href":"https:\/\/exciting-lichterman.217-160-28-49.plesk.page\/de\/wp-json\/wp\/v2\/product_brand?post=16421"},{"taxonomy":"product_cat","embeddable":true,"href":"https:\/\/exciting-lichterman.217-160-28-49.plesk.page\/de\/wp-json\/wp\/v2\/product_cat?post=16421"},{"taxonomy":"product_tag","embeddable":true,"href":"https:\/\/exciting-lichterman.217-160-28-49.plesk.page\/de\/wp-json\/wp\/v2\/product_tag?post=16421"}],"curies":[{"name":"wp","href":"https:\/\/api.w.org\/{rel}","templated":true}]}}