{"id":12643,"date":"2022-08-30T08:56:25","date_gmt":"2022-08-30T08:56:25","guid":{"rendered":"https:\/\/practical-elbakyan.82-165-223-183.plesk.page\/?post_type=product&#038;p=12643"},"modified":"2023-06-01T10:02:22","modified_gmt":"2023-06-01T10:02:22","slug":"ds-kis701-noir","status":"publish","type":"product","link":"https:\/\/exciting-lichterman.217-160-28-49.plesk.page\/de\/produkt\/ds-kis701-noir\/","title":{"rendered":"Kit interphone vid\u00e9o HIKVISION Noir"},"content":{"rendered":"<h2 style=\"font-family:Poppins;font-size:14px; font-weight:400!important; line-height:2\">  K2 vous propose son nouveau kit \u201cSyst\u00e8me vid\u00e9ophone \u00e0 deux fils HIKVISION avec un \u00e9cran tactile de 7 pouces et un contr\u00f4leur\u201d qui convient parfaitement aux domiciles ainsi qu\u2019aux petits bureaux et qui permet de connecter et d&rsquo;alimenter jusqu&rsquo;\u00e0 9 groupes d&rsquo;appareils. <\/h2>\n<p> Notre kit d\u2019interphone compos\u00e9 de produits d\u2019excellente qualit\u00e9 fonctionne convenablement gr\u00e2ce \u00e0 l\u2019application Hik-Connect qui permet la connexion aux dispositifs mobiles, ainsi au contr\u00f4leur qui est \u00e9galement id\u00e9al pour connecter le syst\u00e8me de vid\u00e9ophone au r\u00e9seau LAN et via celui-ci \u00e0 l\u2019Internet.<\/p>","protected":false},"excerpt":{"rendered":"<ul>\n<li><strong>R\u00e9f\u00e9rence : DS-KIS701\/NOIR<\/strong><\/li>\n<li><strong>Interphone Vid\u00e9o :<\/strong><\/li>\n<li>Transducteur : 2.1 Mpx CMOS<\/li>\n<li>M\u00e9thode de compression d&rsquo;images : H.264<\/li>\n<li>Temp\u00e9rature de travail : -30 \u00b0C &#8230; 60 \u00b0C<\/li>\n<li>Alimentation : 24 V DC &#8211; par l&rsquo;interm\u00e9diaire de DS-KAD709<\/li>\n<li>Boitier : En m\u00e9tal, R\u00e9sistant \u00e0 l&rsquo;eau<\/li>\n<li>Couleur : Argent\u00e9<\/li>\n<li>Classe d\u2019\u00e9tanch\u00e9it\u00e9 : IP65<\/li>\n<li>Poids : 0.79 Kg<\/li>\n<li>Dimensions : 169 x 110 x 52 mm<\/li>\n<li><strong> Panel Interne :<\/strong><\/li>\n<li>\u00c9cran : 7 \u00a0\u00bb &#8211; \u00e9cran tactile capacitif<\/li>\n<li>R\u00e9solution : 1024 x 600<\/li>\n<li>Prise de carte m\u00e9moire : Prise en charge des cartes Micro SD jusqu\u2019\u00e0 32GB<\/li>\n<li>Acc\u00e8s du t\u00e9l\u00e9phone portable : Android \/ iOS (iPhone) Application gratuite<\/li>\n<li>Alimentation : 24 V DC &#8211; par l&rsquo;interm\u00e9diaire de DS-KAD709<\/li>\n<li>Couleur : Noir<\/li>\n<li>Poids : 0.512 Kg<\/li>\n<li>Dimensions : 196 x 133 x 21 mm<\/li>\n<li><strong>Bo\u00eetier :<\/strong><\/li>\n<li>Type de bo\u00eetier : Mural<\/li>\n<li>Mati\u00e8re de fabrication : M\u00e9tal<\/li>\n<li>Dimensions int\u00e9rieures : 160 x 101 x 37 mm<\/li>\n<li>Dimensions ext\u00e9rieures : 162 x 103 x 38 mm<\/li>\n<li><strong> Contr\u00f4leur <\/strong><strong>:<\/strong><\/li>\n<li>Interface de r\u00e9seau : RJ45 &#8211; 10\/100 Base-T<\/li>\n<li>Nombre d\u2019appareils pris en charge : max. 9 pcs<\/li>\n<li>Alimentation : 24 V DC ( chargeur fourni )<\/li>\n<li>Bo\u00eetier : Plastic, montage sur une rail DIN, TS-35<\/li>\n<li>Poids : 0.20 Kg<\/li>\n<li>Dimensions : 110 x 112 x 66 mm<\/li>\n<\/ul>","protected":false},"featured_media":13049,"comment_status":"open","ping_status":"closed","template":"","meta":{"_acf_changed":false},"product_brand":[],"product_cat":[717,390,722],"product_tag":[],"class_list":{"0":"post-12643","1":"product","2":"type-product","3":"status-publish","4":"has-post-thumbnail","6":"product_cat-accessoires-ip","7":"product_cat-alarmes-et-video","8":"product_cat-portier","10":"first","11":"instock","12":"taxable","13":"shipping-taxable","14":"product-type-simple"},"acf":[],"yoast_head":"<!-- This site is optimized with the Yoast SEO plugin v27.4 - https:\/\/yoast.com\/product\/yoast-seo-wordpress\/ -->\n<title>Kit interphone vid\u00e9o HIKVISION Noir - K2group Distribution<\/title>\n<meta name=\"robots\" content=\"noindex, follow, max-snippet:-1, max-image-preview:large, max-video-preview:-1\" \/>\n<meta property=\"og:locale\" content=\"de_DE\" \/>\n<meta property=\"og:type\" content=\"article\" \/>\n<meta property=\"og:title\" content=\"Kit interphone vid\u00e9o HIKVISION Noir - K2group Distribution\" \/>\n<meta property=\"og:description\" content=\"R\u00e9f\u00e9rence : DS-KIS701\/NOIR  Interphone Vid\u00e9o :  Transducteur : 2.1 Mpx CMOS  M\u00e9thode de compression d&#039;images : H.264  Temp\u00e9rature de travail : -30 \u00b0C ... 60 \u00b0C  Alimentation : 24 V DC - par l&#039;interm\u00e9diaire de DS-KAD709  Boitier : En m\u00e9tal, R\u00e9sistant \u00e0 l&#039;eau  Couleur : Argent\u00e9  Classe d\u2019\u00e9tanch\u00e9it\u00e9 : IP65  Poids : 0.79 Kg  Dimensions : 169 x 110 x 52 mm   Panel Interne :  \u00c9cran : 7 &quot; - \u00e9cran tactile capacitif  R\u00e9solution : 1024 x 600  Prise de carte m\u00e9moire : Prise en charge des cartes Micro SD jusqu\u2019\u00e0 32GB  Acc\u00e8s du t\u00e9l\u00e9phone portable : Android \/ iOS (iPhone) Application gratuite  Alimentation : 24 V DC - par l&#039;interm\u00e9diaire de DS-KAD709  Couleur : Noir  Poids : 0.512 Kg  Dimensions : 196 x 133 x 21 mm  Bo\u00eetier :  Type de bo\u00eetier : Mural  Mati\u00e8re de fabrication : M\u00e9tal  Dimensions int\u00e9rieures : 160 x 101 x 37 mm  Dimensions ext\u00e9rieures : 162 x 103 x 38 mm   Contr\u00f4leur :  Interface de r\u00e9seau : RJ45 - 10\/100 Base-T  Nombre d\u2019appareils pris en charge : max. 9 pcs  Alimentation : 24 V DC ( chargeur fourni )  Bo\u00eetier : Plastic, montage sur une rail DIN, TS-35  Poids : 0.20 Kg  Dimensions : 110 x 112 x 66 mm\" \/>\n<meta property=\"og:url\" content=\"https:\/\/exciting-lichterman.217-160-28-49.plesk.page\/de\/produkt\/ds-kis701-noir\/\" \/>\n<meta property=\"og:site_name\" content=\"K2group Distribution\" \/>\n<meta property=\"article:modified_time\" content=\"2023-06-01T10:02:22+00:00\" \/>\n<meta property=\"og:image\" content=\"https:\/\/exciting-lichterman.217-160-28-49.plesk.page\/wp-content\/uploads\/2022\/08\/DS-KIS701-NOIR-01-scaled.webp\" \/>\n\t<meta property=\"og:image:width\" content=\"2560\" \/>\n\t<meta property=\"og:image:height\" content=\"2545\" \/>\n\t<meta property=\"og:image:type\" content=\"image\/webp\" \/>\n<meta name=\"twitter:card\" content=\"summary_large_image\" \/>\n<meta name=\"twitter:label1\" content=\"Gesch\u00e4tzte Lesezeit\" \/>\n\t<meta name=\"twitter:data1\" content=\"1\u00a0Minute\" \/>\n<script type=\"application\/ld+json\" class=\"yoast-schema-graph\">{\"@context\":\"https:\\\/\\\/schema.org\",\"@graph\":[{\"@type\":\"WebPage\",\"@id\":\"https:\\\/\\\/exciting-lichterman.217-160-28-49.plesk.page\\\/produit\\\/ds-kis701-noir\\\/\",\"url\":\"https:\\\/\\\/exciting-lichterman.217-160-28-49.plesk.page\\\/produit\\\/ds-kis701-noir\\\/\",\"name\":\"Kit interphone vid\u00e9o HIKVISION Noir - K2group Distribution\",\"isPartOf\":{\"@id\":\"https:\\\/\\\/exciting-lichterman.217-160-28-49.plesk.page\\\/#website\"},\"primaryImageOfPage\":{\"@id\":\"https:\\\/\\\/exciting-lichterman.217-160-28-49.plesk.page\\\/produit\\\/ds-kis701-noir\\\/#primaryimage\"},\"image\":{\"@id\":\"https:\\\/\\\/exciting-lichterman.217-160-28-49.plesk.page\\\/produit\\\/ds-kis701-noir\\\/#primaryimage\"},\"thumbnailUrl\":\"https:\\\/\\\/exciting-lichterman.217-160-28-49.plesk.page\\\/wp-content\\\/uploads\\\/2022\\\/08\\\/DS-KIS701-NOIR-01-scaled.webp\",\"datePublished\":\"2022-08-30T08:56:25+00:00\",\"dateModified\":\"2023-06-01T10:02:22+00:00\",\"breadcrumb\":{\"@id\":\"https:\\\/\\\/exciting-lichterman.217-160-28-49.plesk.page\\\/produit\\\/ds-kis701-noir\\\/#breadcrumb\"},\"inLanguage\":\"de\",\"potentialAction\":[{\"@type\":\"ReadAction\",\"target\":[\"https:\\\/\\\/exciting-lichterman.217-160-28-49.plesk.page\\\/produit\\\/ds-kis701-noir\\\/\"]}]},{\"@type\":\"ImageObject\",\"inLanguage\":\"de\",\"@id\":\"https:\\\/\\\/exciting-lichterman.217-160-28-49.plesk.page\\\/produit\\\/ds-kis701-noir\\\/#primaryimage\",\"url\":\"https:\\\/\\\/exciting-lichterman.217-160-28-49.plesk.page\\\/wp-content\\\/uploads\\\/2022\\\/08\\\/DS-KIS701-NOIR-01-scaled.webp\",\"contentUrl\":\"https:\\\/\\\/exciting-lichterman.217-160-28-49.plesk.page\\\/wp-content\\\/uploads\\\/2022\\\/08\\\/DS-KIS701-NOIR-01-scaled.webp\",\"width\":2560,\"height\":2545},{\"@type\":\"BreadcrumbList\",\"@id\":\"https:\\\/\\\/exciting-lichterman.217-160-28-49.plesk.page\\\/produit\\\/ds-kis701-noir\\\/#breadcrumb\",\"itemListElement\":[{\"@type\":\"ListItem\",\"position\":1,\"name\":\"Accueil\",\"item\":\"https:\\\/\\\/exciting-lichterman.217-160-28-49.plesk.page\\\/\"},{\"@type\":\"ListItem\",\"position\":2,\"name\":\"Boutique\",\"item\":\"https:\\\/\\\/exciting-lichterman.217-160-28-49.plesk.page\\\/boutique\\\/\"},{\"@type\":\"ListItem\",\"position\":3,\"name\":\"Kit interphone vid\u00e9o HIKVISION Noir\"}]},{\"@type\":\"WebSite\",\"@id\":\"https:\\\/\\\/exciting-lichterman.217-160-28-49.plesk.page\\\/#website\",\"url\":\"https:\\\/\\\/exciting-lichterman.217-160-28-49.plesk.page\\\/\",\"name\":\"K2group Distribution\",\"description\":\"\",\"publisher\":{\"@id\":\"https:\\\/\\\/exciting-lichterman.217-160-28-49.plesk.page\\\/#organization\"},\"potentialAction\":[{\"@type\":\"SearchAction\",\"target\":{\"@type\":\"EntryPoint\",\"urlTemplate\":\"https:\\\/\\\/exciting-lichterman.217-160-28-49.plesk.page\\\/?s={search_term_string}\"},\"query-input\":{\"@type\":\"PropertyValueSpecification\",\"valueRequired\":true,\"valueName\":\"search_term_string\"}}],\"inLanguage\":\"de\"},{\"@type\":\"Organization\",\"@id\":\"https:\\\/\\\/exciting-lichterman.217-160-28-49.plesk.page\\\/#organization\",\"name\":\"K2group Distribution\",\"url\":\"https:\\\/\\\/exciting-lichterman.217-160-28-49.plesk.page\\\/\",\"logo\":{\"@type\":\"ImageObject\",\"inLanguage\":\"de\",\"@id\":\"https:\\\/\\\/exciting-lichterman.217-160-28-49.plesk.page\\\/#\\\/schema\\\/logo\\\/image\\\/\",\"url\":\"https:\\\/\\\/exciting-lichterman.217-160-28-49.plesk.page\\\/wp-content\\\/uploads\\\/2022\\\/04\\\/logo-K2.png\",\"contentUrl\":\"https:\\\/\\\/exciting-lichterman.217-160-28-49.plesk.page\\\/wp-content\\\/uploads\\\/2022\\\/04\\\/logo-K2.png\",\"width\":155,\"height\":66,\"caption\":\"K2group Distribution\"},\"image\":{\"@id\":\"https:\\\/\\\/exciting-lichterman.217-160-28-49.plesk.page\\\/#\\\/schema\\\/logo\\\/image\\\/\"}}]}<\/script>\n<!-- \/ Yoast SEO plugin. -->","yoast_head_json":{"title":"Kit interphone vid\u00e9o HIKVISION Noir - K2group Distribution","robots":{"index":"noindex","follow":"follow","max-snippet":"max-snippet:-1","max-image-preview":"max-image-preview:large","max-video-preview":"max-video-preview:-1"},"og_locale":"de_DE","og_type":"article","og_title":"Kit interphone vid\u00e9o HIKVISION Noir - K2group Distribution","og_description":"R\u00e9f\u00e9rence : DS-KIS701\/NOIR  Interphone Vid\u00e9o :  Transducteur : 2.1 Mpx CMOS  M\u00e9thode de compression d'images : H.264  Temp\u00e9rature de travail : -30 \u00b0C ... 60 \u00b0C  Alimentation : 24 V DC - par l'interm\u00e9diaire de DS-KAD709  Boitier : En m\u00e9tal, R\u00e9sistant \u00e0 l'eau  Couleur : Argent\u00e9  Classe d\u2019\u00e9tanch\u00e9it\u00e9 : IP65  Poids : 0.79 Kg  Dimensions : 169 x 110 x 52 mm   Panel Interne :  \u00c9cran : 7 \" - \u00e9cran tactile capacitif  R\u00e9solution : 1024 x 600  Prise de carte m\u00e9moire : Prise en charge des cartes Micro SD jusqu\u2019\u00e0 32GB  Acc\u00e8s du t\u00e9l\u00e9phone portable : Android \/ iOS (iPhone) Application gratuite  Alimentation : 24 V DC - par l'interm\u00e9diaire de DS-KAD709  Couleur : Noir  Poids : 0.512 Kg  Dimensions : 196 x 133 x 21 mm  Bo\u00eetier :  Type de bo\u00eetier : Mural  Mati\u00e8re de fabrication : M\u00e9tal  Dimensions int\u00e9rieures : 160 x 101 x 37 mm  Dimensions ext\u00e9rieures : 162 x 103 x 38 mm   Contr\u00f4leur :  Interface de r\u00e9seau : RJ45 - 10\/100 Base-T  Nombre d\u2019appareils pris en charge : max. 9 pcs  Alimentation : 24 V DC ( chargeur fourni )  Bo\u00eetier : Plastic, montage sur une rail DIN, TS-35  Poids : 0.20 Kg  Dimensions : 110 x 112 x 66 mm","og_url":"https:\/\/exciting-lichterman.217-160-28-49.plesk.page\/de\/produkt\/ds-kis701-noir\/","og_site_name":"K2group Distribution","article_modified_time":"2023-06-01T10:02:22+00:00","og_image":[{"width":2560,"height":2545,"url":"https:\/\/exciting-lichterman.217-160-28-49.plesk.page\/wp-content\/uploads\/2022\/08\/DS-KIS701-NOIR-01-scaled.webp","type":"image\/webp"}],"twitter_card":"summary_large_image","twitter_misc":{"Gesch\u00e4tzte Lesezeit":"1\u00a0Minute"},"schema":{"@context":"https:\/\/schema.org","@graph":[{"@type":"WebPage","@id":"https:\/\/exciting-lichterman.217-160-28-49.plesk.page\/produit\/ds-kis701-noir\/","url":"https:\/\/exciting-lichterman.217-160-28-49.plesk.page\/produit\/ds-kis701-noir\/","name":"Kit interphone vid\u00e9o HIKVISION Noir - K2group Distribution","isPartOf":{"@id":"https:\/\/exciting-lichterman.217-160-28-49.plesk.page\/#website"},"primaryImageOfPage":{"@id":"https:\/\/exciting-lichterman.217-160-28-49.plesk.page\/produit\/ds-kis701-noir\/#primaryimage"},"image":{"@id":"https:\/\/exciting-lichterman.217-160-28-49.plesk.page\/produit\/ds-kis701-noir\/#primaryimage"},"thumbnailUrl":"https:\/\/exciting-lichterman.217-160-28-49.plesk.page\/wp-content\/uploads\/2022\/08\/DS-KIS701-NOIR-01-scaled.webp","datePublished":"2022-08-30T08:56:25+00:00","dateModified":"2023-06-01T10:02:22+00:00","breadcrumb":{"@id":"https:\/\/exciting-lichterman.217-160-28-49.plesk.page\/produit\/ds-kis701-noir\/#breadcrumb"},"inLanguage":"de","potentialAction":[{"@type":"ReadAction","target":["https:\/\/exciting-lichterman.217-160-28-49.plesk.page\/produit\/ds-kis701-noir\/"]}]},{"@type":"ImageObject","inLanguage":"de","@id":"https:\/\/exciting-lichterman.217-160-28-49.plesk.page\/produit\/ds-kis701-noir\/#primaryimage","url":"https:\/\/exciting-lichterman.217-160-28-49.plesk.page\/wp-content\/uploads\/2022\/08\/DS-KIS701-NOIR-01-scaled.webp","contentUrl":"https:\/\/exciting-lichterman.217-160-28-49.plesk.page\/wp-content\/uploads\/2022\/08\/DS-KIS701-NOIR-01-scaled.webp","width":2560,"height":2545},{"@type":"BreadcrumbList","@id":"https:\/\/exciting-lichterman.217-160-28-49.plesk.page\/produit\/ds-kis701-noir\/#breadcrumb","itemListElement":[{"@type":"ListItem","position":1,"name":"Accueil","item":"https:\/\/exciting-lichterman.217-160-28-49.plesk.page\/"},{"@type":"ListItem","position":2,"name":"Boutique","item":"https:\/\/exciting-lichterman.217-160-28-49.plesk.page\/boutique\/"},{"@type":"ListItem","position":3,"name":"Kit interphone vid\u00e9o HIKVISION Noir"}]},{"@type":"WebSite","@id":"https:\/\/exciting-lichterman.217-160-28-49.plesk.page\/#website","url":"https:\/\/exciting-lichterman.217-160-28-49.plesk.page\/","name":"K2group Distribution","description":"","publisher":{"@id":"https:\/\/exciting-lichterman.217-160-28-49.plesk.page\/#organization"},"potentialAction":[{"@type":"SearchAction","target":{"@type":"EntryPoint","urlTemplate":"https:\/\/exciting-lichterman.217-160-28-49.plesk.page\/?s={search_term_string}"},"query-input":{"@type":"PropertyValueSpecification","valueRequired":true,"valueName":"search_term_string"}}],"inLanguage":"de"},{"@type":"Organization","@id":"https:\/\/exciting-lichterman.217-160-28-49.plesk.page\/#organization","name":"K2group Distribution","url":"https:\/\/exciting-lichterman.217-160-28-49.plesk.page\/","logo":{"@type":"ImageObject","inLanguage":"de","@id":"https:\/\/exciting-lichterman.217-160-28-49.plesk.page\/#\/schema\/logo\/image\/","url":"https:\/\/exciting-lichterman.217-160-28-49.plesk.page\/wp-content\/uploads\/2022\/04\/logo-K2.png","contentUrl":"https:\/\/exciting-lichterman.217-160-28-49.plesk.page\/wp-content\/uploads\/2022\/04\/logo-K2.png","width":155,"height":66,"caption":"K2group Distribution"},"image":{"@id":"https:\/\/exciting-lichterman.217-160-28-49.plesk.page\/#\/schema\/logo\/image\/"}}]}},"_links":{"self":[{"href":"https:\/\/exciting-lichterman.217-160-28-49.plesk.page\/de\/wp-json\/wp\/v2\/product\/12643","targetHints":{"allow":["GET"]}}],"collection":[{"href":"https:\/\/exciting-lichterman.217-160-28-49.plesk.page\/de\/wp-json\/wp\/v2\/product"}],"about":[{"href":"https:\/\/exciting-lichterman.217-160-28-49.plesk.page\/de\/wp-json\/wp\/v2\/types\/product"}],"replies":[{"embeddable":true,"href":"https:\/\/exciting-lichterman.217-160-28-49.plesk.page\/de\/wp-json\/wp\/v2\/comments?post=12643"}],"version-history":[{"count":5,"href":"https:\/\/exciting-lichterman.217-160-28-49.plesk.page\/de\/wp-json\/wp\/v2\/product\/12643\/revisions"}],"predecessor-version":[{"id":17625,"href":"https:\/\/exciting-lichterman.217-160-28-49.plesk.page\/de\/wp-json\/wp\/v2\/product\/12643\/revisions\/17625"}],"wp:featuredmedia":[{"embeddable":true,"href":"https:\/\/exciting-lichterman.217-160-28-49.plesk.page\/de\/wp-json\/wp\/v2\/media\/13049"}],"wp:attachment":[{"href":"https:\/\/exciting-lichterman.217-160-28-49.plesk.page\/de\/wp-json\/wp\/v2\/media?parent=12643"}],"wp:term":[{"taxonomy":"product_brand","embeddable":true,"href":"https:\/\/exciting-lichterman.217-160-28-49.plesk.page\/de\/wp-json\/wp\/v2\/product_brand?post=12643"},{"taxonomy":"product_cat","embeddable":true,"href":"https:\/\/exciting-lichterman.217-160-28-49.plesk.page\/de\/wp-json\/wp\/v2\/product_cat?post=12643"},{"taxonomy":"product_tag","embeddable":true,"href":"https:\/\/exciting-lichterman.217-160-28-49.plesk.page\/de\/wp-json\/wp\/v2\/product_tag?post=12643"}],"curies":[{"name":"wp","href":"https:\/\/api.w.org\/{rel}","templated":true}]}}