{"id":12519,"date":"2022-08-25T17:45:22","date_gmt":"2022-08-25T17:45:22","guid":{"rendered":"https:\/\/practical-elbakyan.82-165-223-183.plesk.page\/?post_type=product&#038;p=12519"},"modified":"2023-05-30T16:43:26","modified_gmt":"2023-05-30T16:43:26","slug":"tube-ip-4k-vf-2-8-12mm-3","status":"publish","type":"product","link":"https:\/\/exciting-lichterman.217-160-28-49.plesk.page\/de\/produkt\/tube-ip-4k-vf-2-8-12mm-3\/","title":{"rendered":"Tube IP &#8211; 4K &#8211; VF &#8211; 2.8 &#8211; 12mm"},"content":{"rendered":"<h2 style=\"font-family:Poppins;font-size:14px; font-weight:400!important; line-height:2\">La cam\u00e9ra iDS-2CD7A86G0-IZHSY de Hikvision est un appareil Bullet \u00e0 focale variable dot\u00e9e d\u2019une longueur varifocale de 2,8 mm \u00e0 12 mm et d\u2019une r\u00e9solution de 8 MP.<\/h2>\n<p>Cette cam\u00e9ra est con\u00e7ue sp\u00e9cialement pour capturer les plaques d\u2019immatriculation avec une pr\u00e9cision de 98\u2009%, ainsi que pour d\u00e9tecter et classer les personnes et les v\u00e9hicules avec une plus grande pr\u00e9cision par rapport \u00e0 d\u2019autres objets.<\/p>","protected":false},"excerpt":{"rendered":"<ul>\n<li><strong>R\u00e9f\u00e9rence : iDS-2CD7A86G0-IZHSY(2.8-12mm)<\/strong><\/li>\n<li>Taille du capteur : 1\/1.8. Progressive Scan CMOS<\/li>\n<li>Couleur : Blanc<\/li>\n<li>R\u00e9solution : 3840 \u00d7 2160<\/li>\n<li>Ouverture : F1.2 \u00e0 F2.5<\/li>\n<li>Objectif : 2.8-12 mm<\/li>\n<li>Port\u00e9e IR : 50 m<\/li>\n<li>Jour\/Nuit : IR cut filter<\/li>\n<li>Techniques de compression : H.265+\/H.265\/H.264+\/ H.264\/MJPEG<\/li>\n<li>Alarme I\/O : 2 \/ 2 (max. 24 Vdc, 1 A)<\/li>\n<li>Angle de vision : Hor. 112.3\u00b0~41.2\u00b0, Vert. 58\u00b0~23.1\u00b0, diag. 137.3\u00b0~47.3\u00b0<\/li>\n<li>Tension\/Puissance : 12 Vdc \/ 1.33 A \/ max. 16 W<\/li>\n<li>PoE : (802.3at, 42.5V-57V), 0.43 A \u00e0 0.31 A, max. 18.0 W<\/li>\n<li>Indice de protection : IP67<\/li>\n<li>Dimensions : 405 \u00d7 190 \u00d7 180 mm<\/li>\n<li>Poids : 1920 gr<\/li>\n<\/ul>","protected":false},"featured_media":12520,"comment_status":"open","ping_status":"closed","template":"","meta":{"_acf_changed":false},"product_brand":[],"product_cat":[390,715],"product_tag":[],"class_list":{"0":"post-12519","1":"product","2":"type-product","3":"status-publish","4":"has-post-thumbnail","6":"product_cat-alarmes-et-video","7":"product_cat-camera-ip","9":"first","10":"instock","11":"taxable","12":"shipping-taxable","13":"product-type-simple"},"acf":[],"yoast_head":"<!-- This site is optimized with the Yoast SEO plugin v27.4 - https:\/\/yoast.com\/product\/yoast-seo-wordpress\/ -->\n<title>Tube IP - 4K - VF - 2.8 - 12mm - K2group Distribution<\/title>\n<meta name=\"robots\" content=\"noindex, follow, max-snippet:-1, max-image-preview:large, max-video-preview:-1\" \/>\n<meta property=\"og:locale\" content=\"de_DE\" \/>\n<meta property=\"og:type\" content=\"article\" \/>\n<meta property=\"og:title\" content=\"Tube IP - 4K - VF - 2.8 - 12mm - K2group Distribution\" \/>\n<meta property=\"og:description\" content=\"R\u00e9f\u00e9rence : iDS-2CD7A86G0-IZHSY(2.8-12mm)  Taille du capteur : 1\/1.8. Progressive Scan CMOS  Couleur : Blanc  R\u00e9solution : 3840 \u00d7 2160  Ouverture : F1.2 \u00e0 F2.5  Objectif : 2.8-12 mm  Port\u00e9e IR : 50 m  Jour\/Nuit : IR cut filter  Techniques de compression : H.265+\/H.265\/H.264+\/ H.264\/MJPEG  Alarme I\/O : 2 \/ 2 (max. 24 Vdc, 1 A)  Angle de vision : Hor. 112.3\u00b0~41.2\u00b0, Vert. 58\u00b0~23.1\u00b0, diag. 137.3\u00b0~47.3\u00b0  Tension\/Puissance : 12 Vdc \/ 1.33 A \/ max. 16 W  PoE : (802.3at, 42.5V-57V), 0.43 A \u00e0 0.31 A, max. 18.0 W  Indice de protection : IP67  Dimensions : 405 \u00d7 190 \u00d7 180 mm  Poids : 1920 gr\" \/>\n<meta property=\"og:url\" content=\"https:\/\/exciting-lichterman.217-160-28-49.plesk.page\/de\/produkt\/tube-ip-4k-vf-2-8-12mm-3\/\" \/>\n<meta property=\"og:site_name\" content=\"K2group Distribution\" \/>\n<meta property=\"article:modified_time\" content=\"2023-05-30T16:43:26+00:00\" \/>\n<meta property=\"og:image\" content=\"https:\/\/exciting-lichterman.217-160-28-49.plesk.page\/wp-content\/uploads\/2022\/08\/iDS-2CD7A86G0-IZHSY2.8-12mm-03-scaled.webp\" \/>\n\t<meta property=\"og:image:width\" content=\"2560\" \/>\n\t<meta property=\"og:image:height\" content=\"2545\" \/>\n\t<meta property=\"og:image:type\" content=\"image\/webp\" \/>\n<meta name=\"twitter:card\" content=\"summary_large_image\" \/>\n<meta name=\"twitter:label1\" content=\"Gesch\u00e4tzte Lesezeit\" \/>\n\t<meta name=\"twitter:data1\" content=\"1\u00a0Minute\" \/>\n<script type=\"application\/ld+json\" class=\"yoast-schema-graph\">{\"@context\":\"https:\\\/\\\/schema.org\",\"@graph\":[{\"@type\":\"WebPage\",\"@id\":\"https:\\\/\\\/exciting-lichterman.217-160-28-49.plesk.page\\\/produit\\\/tube-ip-4k-vf-2-8-12mm-3\\\/\",\"url\":\"https:\\\/\\\/exciting-lichterman.217-160-28-49.plesk.page\\\/produit\\\/tube-ip-4k-vf-2-8-12mm-3\\\/\",\"name\":\"Tube IP - 4K - VF - 2.8 - 12mm - K2group Distribution\",\"isPartOf\":{\"@id\":\"https:\\\/\\\/exciting-lichterman.217-160-28-49.plesk.page\\\/#website\"},\"primaryImageOfPage\":{\"@id\":\"https:\\\/\\\/exciting-lichterman.217-160-28-49.plesk.page\\\/produit\\\/tube-ip-4k-vf-2-8-12mm-3\\\/#primaryimage\"},\"image\":{\"@id\":\"https:\\\/\\\/exciting-lichterman.217-160-28-49.plesk.page\\\/produit\\\/tube-ip-4k-vf-2-8-12mm-3\\\/#primaryimage\"},\"thumbnailUrl\":\"https:\\\/\\\/exciting-lichterman.217-160-28-49.plesk.page\\\/wp-content\\\/uploads\\\/2022\\\/08\\\/iDS-2CD7A86G0-IZHSY2.8-12mm-03-scaled.webp\",\"datePublished\":\"2022-08-25T17:45:22+00:00\",\"dateModified\":\"2023-05-30T16:43:26+00:00\",\"breadcrumb\":{\"@id\":\"https:\\\/\\\/exciting-lichterman.217-160-28-49.plesk.page\\\/produit\\\/tube-ip-4k-vf-2-8-12mm-3\\\/#breadcrumb\"},\"inLanguage\":\"de\",\"potentialAction\":[{\"@type\":\"ReadAction\",\"target\":[\"https:\\\/\\\/exciting-lichterman.217-160-28-49.plesk.page\\\/produit\\\/tube-ip-4k-vf-2-8-12mm-3\\\/\"]}]},{\"@type\":\"ImageObject\",\"inLanguage\":\"de\",\"@id\":\"https:\\\/\\\/exciting-lichterman.217-160-28-49.plesk.page\\\/produit\\\/tube-ip-4k-vf-2-8-12mm-3\\\/#primaryimage\",\"url\":\"https:\\\/\\\/exciting-lichterman.217-160-28-49.plesk.page\\\/wp-content\\\/uploads\\\/2022\\\/08\\\/iDS-2CD7A86G0-IZHSY2.8-12mm-03-scaled.webp\",\"contentUrl\":\"https:\\\/\\\/exciting-lichterman.217-160-28-49.plesk.page\\\/wp-content\\\/uploads\\\/2022\\\/08\\\/iDS-2CD7A86G0-IZHSY2.8-12mm-03-scaled.webp\",\"width\":2560,\"height\":2545},{\"@type\":\"BreadcrumbList\",\"@id\":\"https:\\\/\\\/exciting-lichterman.217-160-28-49.plesk.page\\\/produit\\\/tube-ip-4k-vf-2-8-12mm-3\\\/#breadcrumb\",\"itemListElement\":[{\"@type\":\"ListItem\",\"position\":1,\"name\":\"Accueil\",\"item\":\"https:\\\/\\\/exciting-lichterman.217-160-28-49.plesk.page\\\/\"},{\"@type\":\"ListItem\",\"position\":2,\"name\":\"Boutique\",\"item\":\"https:\\\/\\\/exciting-lichterman.217-160-28-49.plesk.page\\\/boutique\\\/\"},{\"@type\":\"ListItem\",\"position\":3,\"name\":\"Tube IP &#8211; 4K &#8211; VF &#8211; 2.8 &#8211; 12mm\"}]},{\"@type\":\"WebSite\",\"@id\":\"https:\\\/\\\/exciting-lichterman.217-160-28-49.plesk.page\\\/#website\",\"url\":\"https:\\\/\\\/exciting-lichterman.217-160-28-49.plesk.page\\\/\",\"name\":\"K2group Distribution\",\"description\":\"\",\"publisher\":{\"@id\":\"https:\\\/\\\/exciting-lichterman.217-160-28-49.plesk.page\\\/#organization\"},\"potentialAction\":[{\"@type\":\"SearchAction\",\"target\":{\"@type\":\"EntryPoint\",\"urlTemplate\":\"https:\\\/\\\/exciting-lichterman.217-160-28-49.plesk.page\\\/?s={search_term_string}\"},\"query-input\":{\"@type\":\"PropertyValueSpecification\",\"valueRequired\":true,\"valueName\":\"search_term_string\"}}],\"inLanguage\":\"de\"},{\"@type\":\"Organization\",\"@id\":\"https:\\\/\\\/exciting-lichterman.217-160-28-49.plesk.page\\\/#organization\",\"name\":\"K2group Distribution\",\"url\":\"https:\\\/\\\/exciting-lichterman.217-160-28-49.plesk.page\\\/\",\"logo\":{\"@type\":\"ImageObject\",\"inLanguage\":\"de\",\"@id\":\"https:\\\/\\\/exciting-lichterman.217-160-28-49.plesk.page\\\/#\\\/schema\\\/logo\\\/image\\\/\",\"url\":\"https:\\\/\\\/exciting-lichterman.217-160-28-49.plesk.page\\\/wp-content\\\/uploads\\\/2022\\\/04\\\/logo-K2.png\",\"contentUrl\":\"https:\\\/\\\/exciting-lichterman.217-160-28-49.plesk.page\\\/wp-content\\\/uploads\\\/2022\\\/04\\\/logo-K2.png\",\"width\":155,\"height\":66,\"caption\":\"K2group Distribution\"},\"image\":{\"@id\":\"https:\\\/\\\/exciting-lichterman.217-160-28-49.plesk.page\\\/#\\\/schema\\\/logo\\\/image\\\/\"}}]}<\/script>\n<!-- \/ Yoast SEO plugin. -->","yoast_head_json":{"title":"Tube IP - 4K - VF - 2.8 - 12mm - K2group Distribution","robots":{"index":"noindex","follow":"follow","max-snippet":"max-snippet:-1","max-image-preview":"max-image-preview:large","max-video-preview":"max-video-preview:-1"},"og_locale":"de_DE","og_type":"article","og_title":"Tube IP - 4K - VF - 2.8 - 12mm - K2group Distribution","og_description":"R\u00e9f\u00e9rence : iDS-2CD7A86G0-IZHSY(2.8-12mm)  Taille du capteur : 1\/1.8. Progressive Scan CMOS  Couleur : Blanc  R\u00e9solution : 3840 \u00d7 2160  Ouverture : F1.2 \u00e0 F2.5  Objectif : 2.8-12 mm  Port\u00e9e IR : 50 m  Jour\/Nuit : IR cut filter  Techniques de compression : H.265+\/H.265\/H.264+\/ H.264\/MJPEG  Alarme I\/O : 2 \/ 2 (max. 24 Vdc, 1 A)  Angle de vision : Hor. 112.3\u00b0~41.2\u00b0, Vert. 58\u00b0~23.1\u00b0, diag. 137.3\u00b0~47.3\u00b0  Tension\/Puissance : 12 Vdc \/ 1.33 A \/ max. 16 W  PoE : (802.3at, 42.5V-57V), 0.43 A \u00e0 0.31 A, max. 18.0 W  Indice de protection : IP67  Dimensions : 405 \u00d7 190 \u00d7 180 mm  Poids : 1920 gr","og_url":"https:\/\/exciting-lichterman.217-160-28-49.plesk.page\/de\/produkt\/tube-ip-4k-vf-2-8-12mm-3\/","og_site_name":"K2group Distribution","article_modified_time":"2023-05-30T16:43:26+00:00","og_image":[{"width":2560,"height":2545,"url":"https:\/\/exciting-lichterman.217-160-28-49.plesk.page\/wp-content\/uploads\/2022\/08\/iDS-2CD7A86G0-IZHSY2.8-12mm-03-scaled.webp","type":"image\/webp"}],"twitter_card":"summary_large_image","twitter_misc":{"Gesch\u00e4tzte Lesezeit":"1\u00a0Minute"},"schema":{"@context":"https:\/\/schema.org","@graph":[{"@type":"WebPage","@id":"https:\/\/exciting-lichterman.217-160-28-49.plesk.page\/produit\/tube-ip-4k-vf-2-8-12mm-3\/","url":"https:\/\/exciting-lichterman.217-160-28-49.plesk.page\/produit\/tube-ip-4k-vf-2-8-12mm-3\/","name":"Tube IP - 4K - VF - 2.8 - 12mm - K2group Distribution","isPartOf":{"@id":"https:\/\/exciting-lichterman.217-160-28-49.plesk.page\/#website"},"primaryImageOfPage":{"@id":"https:\/\/exciting-lichterman.217-160-28-49.plesk.page\/produit\/tube-ip-4k-vf-2-8-12mm-3\/#primaryimage"},"image":{"@id":"https:\/\/exciting-lichterman.217-160-28-49.plesk.page\/produit\/tube-ip-4k-vf-2-8-12mm-3\/#primaryimage"},"thumbnailUrl":"https:\/\/exciting-lichterman.217-160-28-49.plesk.page\/wp-content\/uploads\/2022\/08\/iDS-2CD7A86G0-IZHSY2.8-12mm-03-scaled.webp","datePublished":"2022-08-25T17:45:22+00:00","dateModified":"2023-05-30T16:43:26+00:00","breadcrumb":{"@id":"https:\/\/exciting-lichterman.217-160-28-49.plesk.page\/produit\/tube-ip-4k-vf-2-8-12mm-3\/#breadcrumb"},"inLanguage":"de","potentialAction":[{"@type":"ReadAction","target":["https:\/\/exciting-lichterman.217-160-28-49.plesk.page\/produit\/tube-ip-4k-vf-2-8-12mm-3\/"]}]},{"@type":"ImageObject","inLanguage":"de","@id":"https:\/\/exciting-lichterman.217-160-28-49.plesk.page\/produit\/tube-ip-4k-vf-2-8-12mm-3\/#primaryimage","url":"https:\/\/exciting-lichterman.217-160-28-49.plesk.page\/wp-content\/uploads\/2022\/08\/iDS-2CD7A86G0-IZHSY2.8-12mm-03-scaled.webp","contentUrl":"https:\/\/exciting-lichterman.217-160-28-49.plesk.page\/wp-content\/uploads\/2022\/08\/iDS-2CD7A86G0-IZHSY2.8-12mm-03-scaled.webp","width":2560,"height":2545},{"@type":"BreadcrumbList","@id":"https:\/\/exciting-lichterman.217-160-28-49.plesk.page\/produit\/tube-ip-4k-vf-2-8-12mm-3\/#breadcrumb","itemListElement":[{"@type":"ListItem","position":1,"name":"Accueil","item":"https:\/\/exciting-lichterman.217-160-28-49.plesk.page\/"},{"@type":"ListItem","position":2,"name":"Boutique","item":"https:\/\/exciting-lichterman.217-160-28-49.plesk.page\/boutique\/"},{"@type":"ListItem","position":3,"name":"Tube IP &#8211; 4K &#8211; VF &#8211; 2.8 &#8211; 12mm"}]},{"@type":"WebSite","@id":"https:\/\/exciting-lichterman.217-160-28-49.plesk.page\/#website","url":"https:\/\/exciting-lichterman.217-160-28-49.plesk.page\/","name":"K2group Distribution","description":"","publisher":{"@id":"https:\/\/exciting-lichterman.217-160-28-49.plesk.page\/#organization"},"potentialAction":[{"@type":"SearchAction","target":{"@type":"EntryPoint","urlTemplate":"https:\/\/exciting-lichterman.217-160-28-49.plesk.page\/?s={search_term_string}"},"query-input":{"@type":"PropertyValueSpecification","valueRequired":true,"valueName":"search_term_string"}}],"inLanguage":"de"},{"@type":"Organization","@id":"https:\/\/exciting-lichterman.217-160-28-49.plesk.page\/#organization","name":"K2group Distribution","url":"https:\/\/exciting-lichterman.217-160-28-49.plesk.page\/","logo":{"@type":"ImageObject","inLanguage":"de","@id":"https:\/\/exciting-lichterman.217-160-28-49.plesk.page\/#\/schema\/logo\/image\/","url":"https:\/\/exciting-lichterman.217-160-28-49.plesk.page\/wp-content\/uploads\/2022\/04\/logo-K2.png","contentUrl":"https:\/\/exciting-lichterman.217-160-28-49.plesk.page\/wp-content\/uploads\/2022\/04\/logo-K2.png","width":155,"height":66,"caption":"K2group Distribution"},"image":{"@id":"https:\/\/exciting-lichterman.217-160-28-49.plesk.page\/#\/schema\/logo\/image\/"}}]}},"_links":{"self":[{"href":"https:\/\/exciting-lichterman.217-160-28-49.plesk.page\/de\/wp-json\/wp\/v2\/product\/12519","targetHints":{"allow":["GET"]}}],"collection":[{"href":"https:\/\/exciting-lichterman.217-160-28-49.plesk.page\/de\/wp-json\/wp\/v2\/product"}],"about":[{"href":"https:\/\/exciting-lichterman.217-160-28-49.plesk.page\/de\/wp-json\/wp\/v2\/types\/product"}],"replies":[{"embeddable":true,"href":"https:\/\/exciting-lichterman.217-160-28-49.plesk.page\/de\/wp-json\/wp\/v2\/comments?post=12519"}],"version-history":[{"count":4,"href":"https:\/\/exciting-lichterman.217-160-28-49.plesk.page\/de\/wp-json\/wp\/v2\/product\/12519\/revisions"}],"predecessor-version":[{"id":17230,"href":"https:\/\/exciting-lichterman.217-160-28-49.plesk.page\/de\/wp-json\/wp\/v2\/product\/12519\/revisions\/17230"}],"wp:featuredmedia":[{"embeddable":true,"href":"https:\/\/exciting-lichterman.217-160-28-49.plesk.page\/de\/wp-json\/wp\/v2\/media\/12520"}],"wp:attachment":[{"href":"https:\/\/exciting-lichterman.217-160-28-49.plesk.page\/de\/wp-json\/wp\/v2\/media?parent=12519"}],"wp:term":[{"taxonomy":"product_brand","embeddable":true,"href":"https:\/\/exciting-lichterman.217-160-28-49.plesk.page\/de\/wp-json\/wp\/v2\/product_brand?post=12519"},{"taxonomy":"product_cat","embeddable":true,"href":"https:\/\/exciting-lichterman.217-160-28-49.plesk.page\/de\/wp-json\/wp\/v2\/product_cat?post=12519"},{"taxonomy":"product_tag","embeddable":true,"href":"https:\/\/exciting-lichterman.217-160-28-49.plesk.page\/de\/wp-json\/wp\/v2\/product_tag?post=12519"}],"curies":[{"name":"wp","href":"https:\/\/api.w.org\/{rel}","templated":true}]}}