{"id":12514,"date":"2022-08-25T17:39:48","date_gmt":"2022-08-25T17:39:48","guid":{"rendered":"https:\/\/practical-elbakyan.82-165-223-183.plesk.page\/?post_type=product&#038;p=12514"},"modified":"2023-05-30T16:42:46","modified_gmt":"2023-05-30T16:42:46","slug":"tube-ip-4k-vf-2-8-12mm-2","status":"publish","type":"product","link":"https:\/\/exciting-lichterman.217-160-28-49.plesk.page\/de\/produkt\/tube-ip-4k-vf-2-8-12mm-2\/","title":{"rendered":"Tube IP &#8211; 4K &#8211; VF &#8211; 2.8 &#8211; 12mm"},"content":{"rendered":"<h2 style=\"font-family:Poppins;font-size:14px; font-weight:400!important; line-height:2\">K2 met \u00e0 votre disposition la nouvelle cam\u00e9ra mod\u00e8le Bullet Varifocale DeepinView 8MP +IR 50m de Hikvision qui assure un haut niveau de surveillance et de s\u00e9curit\u00e9.<\/h2>\n<p>Sa technologie DarkFighter lui permet de capturer des images claires et de haute qualit\u00e9 en basses lumi\u00e8res et m\u00eame dans des lieux t\u00e9n\u00e8bres. Ainsi, notre cam\u00e9ra opte pour une technologie de compression H.265+ efficace permettant d\u2019\u00e9conomiser la bande passante et le stockage.<\/p>\n<p>De plus, cette cam\u00e9ra peut \u00eatre mont\u00e9e \u00e0 l\u2019ext\u00e9rieur puisqu\u2019elle r\u00e9siste fortement \u00e0 l\u2019eau et \u00e0 la poussi\u00e8re.<\/p>","protected":false},"excerpt":{"rendered":"<ul>\n<li><strong>R\u00e9f\u00e9rence : iDS-2CD7A86G0-IZHS(2.8-12mm)<\/strong><\/li>\n<li>Capteur D&rsquo;image : CMOS \u00e0 balayage progressif 1\/1,8&Prime;<\/li>\n<li>Max. R\u00e9solution : 3840 \u00d7 2160<\/li>\n<li>Ouverture : F1.2 \u00e0 F2.5<\/li>\n<li>Longueur Focale Et FOV : horizontal 112,3\u00b0 \u00e0 41,2\u00b0, vertical 58\u00b0 \u00e0 23,1\u00b0, diagonal 137,3\u00b0 \u00e0 47,3\u00b0<\/li>\n<li>Recadrage Cible : Oui<\/li>\n<li>Type Audio : Son mono<\/li>\n<li>Pouvoir : 12 VCC \u00b1 20 %, 1,19 A, max. 14,28 W, bornier \u00e0 trois conducteurs<\/li>\n<li>PoE : 802.3at, Type 2, Classe 4, 42,5 V \u00e0 57 V), 0,396 A \u00e0 0, 295 A, max. 16,8W<\/li>\n<li>Dimension : Sans -Y : \u00d8144 \u00d7 347 mm \/ Avec -Y : \u00d8140 \u00d7 351 mm<\/li>\n<\/ul>","protected":false},"featured_media":12515,"comment_status":"open","ping_status":"closed","template":"","meta":{"_acf_changed":false},"product_brand":[],"product_cat":[390,715],"product_tag":[],"class_list":{"0":"post-12514","1":"product","2":"type-product","3":"status-publish","4":"has-post-thumbnail","6":"product_cat-alarmes-et-video","7":"product_cat-camera-ip","9":"first","10":"instock","11":"taxable","12":"shipping-taxable","13":"product-type-simple"},"acf":[],"yoast_head":"<!-- This site is optimized with the Yoast SEO plugin v27.4 - https:\/\/yoast.com\/product\/yoast-seo-wordpress\/ -->\n<title>Tube IP - 4K - VF - 2.8 - 12mm - K2group Distribution<\/title>\n<meta name=\"robots\" content=\"noindex, follow, max-snippet:-1, max-image-preview:large, max-video-preview:-1\" \/>\n<meta property=\"og:locale\" content=\"de_DE\" \/>\n<meta property=\"og:type\" content=\"article\" \/>\n<meta property=\"og:title\" content=\"Tube IP - 4K - VF - 2.8 - 12mm - K2group Distribution\" \/>\n<meta property=\"og:description\" content=\"R\u00e9f\u00e9rence : iDS-2CD7A86G0-IZHS(2.8-12mm)  Capteur D&#039;image : CMOS \u00e0 balayage progressif 1\/1,8&quot;  Max. R\u00e9solution : 3840 \u00d7 2160  Ouverture : F1.2 \u00e0 F2.5  Longueur Focale Et FOV : horizontal 112,3\u00b0 \u00e0 41,2\u00b0, vertical 58\u00b0 \u00e0 23,1\u00b0, diagonal 137,3\u00b0 \u00e0 47,3\u00b0  Recadrage Cible : Oui  Type Audio : Son mono  Pouvoir : 12 VCC \u00b1 20 %, 1,19 A, max. 14,28 W, bornier \u00e0 trois conducteurs  PoE : 802.3at, Type 2, Classe 4, 42,5 V \u00e0 57 V), 0,396 A \u00e0 0, 295 A, max. 16,8W  Dimension : Sans -Y : \u00d8144 \u00d7 347 mm \/ Avec -Y : \u00d8140 \u00d7 351 mm\" \/>\n<meta property=\"og:url\" content=\"https:\/\/exciting-lichterman.217-160-28-49.plesk.page\/de\/produkt\/tube-ip-4k-vf-2-8-12mm-2\/\" \/>\n<meta property=\"og:site_name\" content=\"K2group Distribution\" \/>\n<meta property=\"article:modified_time\" content=\"2023-05-30T16:42:46+00:00\" \/>\n<meta property=\"og:image\" content=\"https:\/\/exciting-lichterman.217-160-28-49.plesk.page\/wp-content\/uploads\/2022\/08\/iDS-2CD7A86G0-IZHS2.8-12mm-03-scaled.webp\" \/>\n\t<meta property=\"og:image:width\" content=\"2560\" \/>\n\t<meta property=\"og:image:height\" content=\"2545\" \/>\n\t<meta property=\"og:image:type\" content=\"image\/webp\" \/>\n<meta name=\"twitter:card\" content=\"summary_large_image\" \/>\n<meta name=\"twitter:label1\" content=\"Gesch\u00e4tzte Lesezeit\" \/>\n\t<meta name=\"twitter:data1\" content=\"1\u00a0Minute\" \/>\n<script type=\"application\/ld+json\" class=\"yoast-schema-graph\">{\"@context\":\"https:\\\/\\\/schema.org\",\"@graph\":[{\"@type\":\"WebPage\",\"@id\":\"https:\\\/\\\/exciting-lichterman.217-160-28-49.plesk.page\\\/produit\\\/tube-ip-4k-vf-2-8-12mm-2\\\/\",\"url\":\"https:\\\/\\\/exciting-lichterman.217-160-28-49.plesk.page\\\/produit\\\/tube-ip-4k-vf-2-8-12mm-2\\\/\",\"name\":\"Tube IP - 4K - VF - 2.8 - 12mm - K2group Distribution\",\"isPartOf\":{\"@id\":\"https:\\\/\\\/exciting-lichterman.217-160-28-49.plesk.page\\\/#website\"},\"primaryImageOfPage\":{\"@id\":\"https:\\\/\\\/exciting-lichterman.217-160-28-49.plesk.page\\\/produit\\\/tube-ip-4k-vf-2-8-12mm-2\\\/#primaryimage\"},\"image\":{\"@id\":\"https:\\\/\\\/exciting-lichterman.217-160-28-49.plesk.page\\\/produit\\\/tube-ip-4k-vf-2-8-12mm-2\\\/#primaryimage\"},\"thumbnailUrl\":\"https:\\\/\\\/exciting-lichterman.217-160-28-49.plesk.page\\\/wp-content\\\/uploads\\\/2022\\\/08\\\/iDS-2CD7A86G0-IZHS2.8-12mm-03-scaled.webp\",\"datePublished\":\"2022-08-25T17:39:48+00:00\",\"dateModified\":\"2023-05-30T16:42:46+00:00\",\"breadcrumb\":{\"@id\":\"https:\\\/\\\/exciting-lichterman.217-160-28-49.plesk.page\\\/produit\\\/tube-ip-4k-vf-2-8-12mm-2\\\/#breadcrumb\"},\"inLanguage\":\"de\",\"potentialAction\":[{\"@type\":\"ReadAction\",\"target\":[\"https:\\\/\\\/exciting-lichterman.217-160-28-49.plesk.page\\\/produit\\\/tube-ip-4k-vf-2-8-12mm-2\\\/\"]}]},{\"@type\":\"ImageObject\",\"inLanguage\":\"de\",\"@id\":\"https:\\\/\\\/exciting-lichterman.217-160-28-49.plesk.page\\\/produit\\\/tube-ip-4k-vf-2-8-12mm-2\\\/#primaryimage\",\"url\":\"https:\\\/\\\/exciting-lichterman.217-160-28-49.plesk.page\\\/wp-content\\\/uploads\\\/2022\\\/08\\\/iDS-2CD7A86G0-IZHS2.8-12mm-03-scaled.webp\",\"contentUrl\":\"https:\\\/\\\/exciting-lichterman.217-160-28-49.plesk.page\\\/wp-content\\\/uploads\\\/2022\\\/08\\\/iDS-2CD7A86G0-IZHS2.8-12mm-03-scaled.webp\",\"width\":2560,\"height\":2545},{\"@type\":\"BreadcrumbList\",\"@id\":\"https:\\\/\\\/exciting-lichterman.217-160-28-49.plesk.page\\\/produit\\\/tube-ip-4k-vf-2-8-12mm-2\\\/#breadcrumb\",\"itemListElement\":[{\"@type\":\"ListItem\",\"position\":1,\"name\":\"Accueil\",\"item\":\"https:\\\/\\\/exciting-lichterman.217-160-28-49.plesk.page\\\/\"},{\"@type\":\"ListItem\",\"position\":2,\"name\":\"Boutique\",\"item\":\"https:\\\/\\\/exciting-lichterman.217-160-28-49.plesk.page\\\/boutique\\\/\"},{\"@type\":\"ListItem\",\"position\":3,\"name\":\"Tube IP &#8211; 4K &#8211; VF &#8211; 2.8 &#8211; 12mm\"}]},{\"@type\":\"WebSite\",\"@id\":\"https:\\\/\\\/exciting-lichterman.217-160-28-49.plesk.page\\\/#website\",\"url\":\"https:\\\/\\\/exciting-lichterman.217-160-28-49.plesk.page\\\/\",\"name\":\"K2group Distribution\",\"description\":\"\",\"publisher\":{\"@id\":\"https:\\\/\\\/exciting-lichterman.217-160-28-49.plesk.page\\\/#organization\"},\"potentialAction\":[{\"@type\":\"SearchAction\",\"target\":{\"@type\":\"EntryPoint\",\"urlTemplate\":\"https:\\\/\\\/exciting-lichterman.217-160-28-49.plesk.page\\\/?s={search_term_string}\"},\"query-input\":{\"@type\":\"PropertyValueSpecification\",\"valueRequired\":true,\"valueName\":\"search_term_string\"}}],\"inLanguage\":\"de\"},{\"@type\":\"Organization\",\"@id\":\"https:\\\/\\\/exciting-lichterman.217-160-28-49.plesk.page\\\/#organization\",\"name\":\"K2group Distribution\",\"url\":\"https:\\\/\\\/exciting-lichterman.217-160-28-49.plesk.page\\\/\",\"logo\":{\"@type\":\"ImageObject\",\"inLanguage\":\"de\",\"@id\":\"https:\\\/\\\/exciting-lichterman.217-160-28-49.plesk.page\\\/#\\\/schema\\\/logo\\\/image\\\/\",\"url\":\"https:\\\/\\\/exciting-lichterman.217-160-28-49.plesk.page\\\/wp-content\\\/uploads\\\/2022\\\/04\\\/logo-K2.png\",\"contentUrl\":\"https:\\\/\\\/exciting-lichterman.217-160-28-49.plesk.page\\\/wp-content\\\/uploads\\\/2022\\\/04\\\/logo-K2.png\",\"width\":155,\"height\":66,\"caption\":\"K2group Distribution\"},\"image\":{\"@id\":\"https:\\\/\\\/exciting-lichterman.217-160-28-49.plesk.page\\\/#\\\/schema\\\/logo\\\/image\\\/\"}}]}<\/script>\n<!-- \/ Yoast SEO plugin. -->","yoast_head_json":{"title":"Tube IP - 4K - VF - 2.8 - 12mm - K2group Distribution","robots":{"index":"noindex","follow":"follow","max-snippet":"max-snippet:-1","max-image-preview":"max-image-preview:large","max-video-preview":"max-video-preview:-1"},"og_locale":"de_DE","og_type":"article","og_title":"Tube IP - 4K - VF - 2.8 - 12mm - K2group Distribution","og_description":"R\u00e9f\u00e9rence : iDS-2CD7A86G0-IZHS(2.8-12mm)  Capteur D'image : CMOS \u00e0 balayage progressif 1\/1,8\"  Max. R\u00e9solution : 3840 \u00d7 2160  Ouverture : F1.2 \u00e0 F2.5  Longueur Focale Et FOV : horizontal 112,3\u00b0 \u00e0 41,2\u00b0, vertical 58\u00b0 \u00e0 23,1\u00b0, diagonal 137,3\u00b0 \u00e0 47,3\u00b0  Recadrage Cible : Oui  Type Audio : Son mono  Pouvoir : 12 VCC \u00b1 20 %, 1,19 A, max. 14,28 W, bornier \u00e0 trois conducteurs  PoE : 802.3at, Type 2, Classe 4, 42,5 V \u00e0 57 V), 0,396 A \u00e0 0, 295 A, max. 16,8W  Dimension : Sans -Y : \u00d8144 \u00d7 347 mm \/ Avec -Y : \u00d8140 \u00d7 351 mm","og_url":"https:\/\/exciting-lichterman.217-160-28-49.plesk.page\/de\/produkt\/tube-ip-4k-vf-2-8-12mm-2\/","og_site_name":"K2group Distribution","article_modified_time":"2023-05-30T16:42:46+00:00","og_image":[{"width":2560,"height":2545,"url":"https:\/\/exciting-lichterman.217-160-28-49.plesk.page\/wp-content\/uploads\/2022\/08\/iDS-2CD7A86G0-IZHS2.8-12mm-03-scaled.webp","type":"image\/webp"}],"twitter_card":"summary_large_image","twitter_misc":{"Gesch\u00e4tzte Lesezeit":"1\u00a0Minute"},"schema":{"@context":"https:\/\/schema.org","@graph":[{"@type":"WebPage","@id":"https:\/\/exciting-lichterman.217-160-28-49.plesk.page\/produit\/tube-ip-4k-vf-2-8-12mm-2\/","url":"https:\/\/exciting-lichterman.217-160-28-49.plesk.page\/produit\/tube-ip-4k-vf-2-8-12mm-2\/","name":"Tube IP - 4K - VF - 2.8 - 12mm - K2group Distribution","isPartOf":{"@id":"https:\/\/exciting-lichterman.217-160-28-49.plesk.page\/#website"},"primaryImageOfPage":{"@id":"https:\/\/exciting-lichterman.217-160-28-49.plesk.page\/produit\/tube-ip-4k-vf-2-8-12mm-2\/#primaryimage"},"image":{"@id":"https:\/\/exciting-lichterman.217-160-28-49.plesk.page\/produit\/tube-ip-4k-vf-2-8-12mm-2\/#primaryimage"},"thumbnailUrl":"https:\/\/exciting-lichterman.217-160-28-49.plesk.page\/wp-content\/uploads\/2022\/08\/iDS-2CD7A86G0-IZHS2.8-12mm-03-scaled.webp","datePublished":"2022-08-25T17:39:48+00:00","dateModified":"2023-05-30T16:42:46+00:00","breadcrumb":{"@id":"https:\/\/exciting-lichterman.217-160-28-49.plesk.page\/produit\/tube-ip-4k-vf-2-8-12mm-2\/#breadcrumb"},"inLanguage":"de","potentialAction":[{"@type":"ReadAction","target":["https:\/\/exciting-lichterman.217-160-28-49.plesk.page\/produit\/tube-ip-4k-vf-2-8-12mm-2\/"]}]},{"@type":"ImageObject","inLanguage":"de","@id":"https:\/\/exciting-lichterman.217-160-28-49.plesk.page\/produit\/tube-ip-4k-vf-2-8-12mm-2\/#primaryimage","url":"https:\/\/exciting-lichterman.217-160-28-49.plesk.page\/wp-content\/uploads\/2022\/08\/iDS-2CD7A86G0-IZHS2.8-12mm-03-scaled.webp","contentUrl":"https:\/\/exciting-lichterman.217-160-28-49.plesk.page\/wp-content\/uploads\/2022\/08\/iDS-2CD7A86G0-IZHS2.8-12mm-03-scaled.webp","width":2560,"height":2545},{"@type":"BreadcrumbList","@id":"https:\/\/exciting-lichterman.217-160-28-49.plesk.page\/produit\/tube-ip-4k-vf-2-8-12mm-2\/#breadcrumb","itemListElement":[{"@type":"ListItem","position":1,"name":"Accueil","item":"https:\/\/exciting-lichterman.217-160-28-49.plesk.page\/"},{"@type":"ListItem","position":2,"name":"Boutique","item":"https:\/\/exciting-lichterman.217-160-28-49.plesk.page\/boutique\/"},{"@type":"ListItem","position":3,"name":"Tube IP &#8211; 4K &#8211; VF &#8211; 2.8 &#8211; 12mm"}]},{"@type":"WebSite","@id":"https:\/\/exciting-lichterman.217-160-28-49.plesk.page\/#website","url":"https:\/\/exciting-lichterman.217-160-28-49.plesk.page\/","name":"K2group Distribution","description":"","publisher":{"@id":"https:\/\/exciting-lichterman.217-160-28-49.plesk.page\/#organization"},"potentialAction":[{"@type":"SearchAction","target":{"@type":"EntryPoint","urlTemplate":"https:\/\/exciting-lichterman.217-160-28-49.plesk.page\/?s={search_term_string}"},"query-input":{"@type":"PropertyValueSpecification","valueRequired":true,"valueName":"search_term_string"}}],"inLanguage":"de"},{"@type":"Organization","@id":"https:\/\/exciting-lichterman.217-160-28-49.plesk.page\/#organization","name":"K2group Distribution","url":"https:\/\/exciting-lichterman.217-160-28-49.plesk.page\/","logo":{"@type":"ImageObject","inLanguage":"de","@id":"https:\/\/exciting-lichterman.217-160-28-49.plesk.page\/#\/schema\/logo\/image\/","url":"https:\/\/exciting-lichterman.217-160-28-49.plesk.page\/wp-content\/uploads\/2022\/04\/logo-K2.png","contentUrl":"https:\/\/exciting-lichterman.217-160-28-49.plesk.page\/wp-content\/uploads\/2022\/04\/logo-K2.png","width":155,"height":66,"caption":"K2group Distribution"},"image":{"@id":"https:\/\/exciting-lichterman.217-160-28-49.plesk.page\/#\/schema\/logo\/image\/"}}]}},"_links":{"self":[{"href":"https:\/\/exciting-lichterman.217-160-28-49.plesk.page\/de\/wp-json\/wp\/v2\/product\/12514","targetHints":{"allow":["GET"]}}],"collection":[{"href":"https:\/\/exciting-lichterman.217-160-28-49.plesk.page\/de\/wp-json\/wp\/v2\/product"}],"about":[{"href":"https:\/\/exciting-lichterman.217-160-28-49.plesk.page\/de\/wp-json\/wp\/v2\/types\/product"}],"replies":[{"embeddable":true,"href":"https:\/\/exciting-lichterman.217-160-28-49.plesk.page\/de\/wp-json\/wp\/v2\/comments?post=12514"}],"version-history":[{"count":4,"href":"https:\/\/exciting-lichterman.217-160-28-49.plesk.page\/de\/wp-json\/wp\/v2\/product\/12514\/revisions"}],"predecessor-version":[{"id":17229,"href":"https:\/\/exciting-lichterman.217-160-28-49.plesk.page\/de\/wp-json\/wp\/v2\/product\/12514\/revisions\/17229"}],"wp:featuredmedia":[{"embeddable":true,"href":"https:\/\/exciting-lichterman.217-160-28-49.plesk.page\/de\/wp-json\/wp\/v2\/media\/12515"}],"wp:attachment":[{"href":"https:\/\/exciting-lichterman.217-160-28-49.plesk.page\/de\/wp-json\/wp\/v2\/media?parent=12514"}],"wp:term":[{"taxonomy":"product_brand","embeddable":true,"href":"https:\/\/exciting-lichterman.217-160-28-49.plesk.page\/de\/wp-json\/wp\/v2\/product_brand?post=12514"},{"taxonomy":"product_cat","embeddable":true,"href":"https:\/\/exciting-lichterman.217-160-28-49.plesk.page\/de\/wp-json\/wp\/v2\/product_cat?post=12514"},{"taxonomy":"product_tag","embeddable":true,"href":"https:\/\/exciting-lichterman.217-160-28-49.plesk.page\/de\/wp-json\/wp\/v2\/product_tag?post=12514"}],"curies":[{"name":"wp","href":"https:\/\/api.w.org\/{rel}","templated":true}]}}