{"id":12509,"date":"2022-08-25T17:35:25","date_gmt":"2022-08-25T17:35:25","guid":{"rendered":"https:\/\/practical-elbakyan.82-165-223-183.plesk.page\/?post_type=product&#038;p=12509"},"modified":"2023-05-30T16:40:03","modified_gmt":"2023-05-30T16:40:03","slug":"tube-ip-4k-vf-2-7-13-5mm","status":"publish","type":"product","link":"https:\/\/exciting-lichterman.217-160-28-49.plesk.page\/de\/produkt\/tube-ip-4k-vf-2-7-13-5mm\/","title":{"rendered":"Tube IP &#8211; 4K &#8211; VF &#8211; 2.7 &#8211; 13.5mm"},"content":{"rendered":"<h2 style=\"font-family:Poppins;font-size:14px; font-weight:400!important; line-height:2\">Il s\u2019agit de la cam\u00e9ra r\u00e9seau bullet varifocale AcuSense 8 MP de Hikvision dot\u00e9e d\u2019une lentille varifocale motoris\u00e9e pour une installation facile et une surveillance optimale.<\/h2>\n<p>Sa technologie AcuSense apporte des alarmes de classification de cible humaine ou de v\u00e9hicule aux appareils frontaux et principaux, ainsi que sa technologie DNR 3D offre une excellente qualit\u00e9 d\u2019images claires et nettes.<\/p>","protected":false},"excerpt":{"rendered":"<ul>\n<li><strong>R\u00e9f\u00e9rence : DS-2CD3686G2-IZS(2.7-13.5mm)(C)<\/strong><\/li>\n<li>Couleur : Blanc<\/li>\n<li>R\u00e9solution : 8 MP (4K)<\/li>\n<li>Capteur D&rsquo;image : CMOS \u00e0 balayage progressif 1\/1,8&Prime;<\/li>\n<li>Max. R\u00e9solution : 3840 \u00d7 2160<\/li>\n<li>Min. \u00c9clairage : Couleur : 0,003 Lux @ (F1.4, AGC ON), N\/B : 0 Lux avec IR<\/li>\n<li>Jour Nuit : Filtre anti-IR<\/li>\n<li>R\u00e9glage De L&rsquo;angle : Panoramique : 0\u00b0 \u00e0 355\u00b0, inclinaison : 0\u00b0 \u00e0 90\u00b0, rotation : 0\u00b0 \u00e0 360\u00b0<\/li>\n<li>Type De Lentille : Objectif varifocal, objectif motoris\u00e9, 2,7 \u00e0 13,5 mm et 7 \u00e0 35 mm en option<\/li>\n<li>Longueur Focale Et FOV : horizontal 108\u00b0 \u00e0 46\u00b0, vertical 58\u00b0 \u00e0 26\u00b0, diagonal 127\u00b0 \u00e0 52\u00b0<\/li>\n<li>Alarme : 1 entr\u00e9e, 1 sortie (max. 24 Vcc\/24 Vca, 1 A)<\/li>\n<li>Dimension : \u00d8144,1 mm \u00d7 345,7 mm (\u00d85,67&Prime; \u00d7 13,6&Prime;)<\/li>\n<li>Pouvoir : 12 VCC \u00b1 25 %, 1,08 A, max. 13 W, bornier \u00e0 deux conducteurs \/ PoE : 802.3at, Classe 4, 42,5 V \u00e0 57 V, 0,36 A \u00e0 0,27 A, max. 15W<\/li>\n<\/ul>","protected":false},"featured_media":12510,"comment_status":"open","ping_status":"closed","template":"","meta":{"_acf_changed":false},"product_brand":[],"product_cat":[390,715],"product_tag":[],"class_list":{"0":"post-12509","1":"product","2":"type-product","3":"status-publish","4":"has-post-thumbnail","6":"product_cat-alarmes-et-video","7":"product_cat-camera-ip","9":"first","10":"instock","11":"taxable","12":"shipping-taxable","13":"product-type-simple"},"acf":[],"yoast_head":"<!-- This site is optimized with the Yoast SEO plugin v27.4 - https:\/\/yoast.com\/product\/yoast-seo-wordpress\/ -->\n<title>Tube IP - 4K - VF - 2.7 - 13.5mm - K2group Distribution<\/title>\n<meta name=\"robots\" content=\"noindex, follow, max-snippet:-1, max-image-preview:large, max-video-preview:-1\" \/>\n<meta property=\"og:locale\" content=\"de_DE\" \/>\n<meta property=\"og:type\" content=\"article\" \/>\n<meta property=\"og:title\" content=\"Tube IP - 4K - VF - 2.7 - 13.5mm - K2group Distribution\" \/>\n<meta property=\"og:description\" content=\"R\u00e9f\u00e9rence : DS-2CD3686G2-IZS(2.7-13.5mm)(C)  Couleur : Blanc  R\u00e9solution : 8 MP (4K)  Capteur D&#039;image : CMOS \u00e0 balayage progressif 1\/1,8&quot;  Max. R\u00e9solution : 3840 \u00d7 2160  Min. \u00c9clairage : Couleur : 0,003 Lux @ (F1.4, AGC ON), N\/B : 0 Lux avec IR  Jour Nuit : Filtre anti-IR  R\u00e9glage De L&#039;angle : Panoramique : 0\u00b0 \u00e0 355\u00b0, inclinaison : 0\u00b0 \u00e0 90\u00b0, rotation : 0\u00b0 \u00e0 360\u00b0  Type De Lentille : Objectif varifocal, objectif motoris\u00e9, 2,7 \u00e0 13,5 mm et 7 \u00e0 35 mm en option  Longueur Focale Et FOV : horizontal 108\u00b0 \u00e0 46\u00b0, vertical 58\u00b0 \u00e0 26\u00b0, diagonal 127\u00b0 \u00e0 52\u00b0  Alarme : 1 entr\u00e9e, 1 sortie (max. 24 Vcc\/24 Vca, 1 A)  Dimension : \u00d8144,1 mm \u00d7 345,7 mm (\u00d85,67&quot; \u00d7 13,6&quot;)  Pouvoir : 12 VCC \u00b1 25 %, 1,08 A, max. 13 W, bornier \u00e0 deux conducteurs \/ PoE : 802.3at, Classe 4, 42,5 V \u00e0 57 V, 0,36 A \u00e0 0,27 A, max. 15W\" \/>\n<meta property=\"og:url\" content=\"https:\/\/exciting-lichterman.217-160-28-49.plesk.page\/de\/produkt\/tube-ip-4k-vf-2-7-13-5mm\/\" \/>\n<meta property=\"og:site_name\" content=\"K2group Distribution\" \/>\n<meta property=\"article:modified_time\" content=\"2023-05-30T16:40:03+00:00\" \/>\n<meta property=\"og:image\" content=\"https:\/\/exciting-lichterman.217-160-28-49.plesk.page\/wp-content\/uploads\/2022\/08\/DS-2CD3686G2-IZS2.7-13.5mmC-03-scaled.webp\" \/>\n\t<meta property=\"og:image:width\" content=\"2560\" \/>\n\t<meta property=\"og:image:height\" content=\"2545\" \/>\n\t<meta property=\"og:image:type\" content=\"image\/webp\" \/>\n<meta name=\"twitter:card\" content=\"summary_large_image\" \/>\n<meta name=\"twitter:label1\" content=\"Gesch\u00e4tzte Lesezeit\" \/>\n\t<meta name=\"twitter:data1\" content=\"1\u00a0Minute\" \/>\n<script type=\"application\/ld+json\" class=\"yoast-schema-graph\">{\"@context\":\"https:\\\/\\\/schema.org\",\"@graph\":[{\"@type\":\"WebPage\",\"@id\":\"https:\\\/\\\/exciting-lichterman.217-160-28-49.plesk.page\\\/produit\\\/tube-ip-4k-vf-2-7-13-5mm\\\/\",\"url\":\"https:\\\/\\\/exciting-lichterman.217-160-28-49.plesk.page\\\/produit\\\/tube-ip-4k-vf-2-7-13-5mm\\\/\",\"name\":\"Tube IP - 4K - VF - 2.7 - 13.5mm - K2group Distribution\",\"isPartOf\":{\"@id\":\"https:\\\/\\\/exciting-lichterman.217-160-28-49.plesk.page\\\/#website\"},\"primaryImageOfPage\":{\"@id\":\"https:\\\/\\\/exciting-lichterman.217-160-28-49.plesk.page\\\/produit\\\/tube-ip-4k-vf-2-7-13-5mm\\\/#primaryimage\"},\"image\":{\"@id\":\"https:\\\/\\\/exciting-lichterman.217-160-28-49.plesk.page\\\/produit\\\/tube-ip-4k-vf-2-7-13-5mm\\\/#primaryimage\"},\"thumbnailUrl\":\"https:\\\/\\\/exciting-lichterman.217-160-28-49.plesk.page\\\/wp-content\\\/uploads\\\/2022\\\/08\\\/DS-2CD3686G2-IZS2.7-13.5mmC-03-scaled.webp\",\"datePublished\":\"2022-08-25T17:35:25+00:00\",\"dateModified\":\"2023-05-30T16:40:03+00:00\",\"breadcrumb\":{\"@id\":\"https:\\\/\\\/exciting-lichterman.217-160-28-49.plesk.page\\\/produit\\\/tube-ip-4k-vf-2-7-13-5mm\\\/#breadcrumb\"},\"inLanguage\":\"de\",\"potentialAction\":[{\"@type\":\"ReadAction\",\"target\":[\"https:\\\/\\\/exciting-lichterman.217-160-28-49.plesk.page\\\/produit\\\/tube-ip-4k-vf-2-7-13-5mm\\\/\"]}]},{\"@type\":\"ImageObject\",\"inLanguage\":\"de\",\"@id\":\"https:\\\/\\\/exciting-lichterman.217-160-28-49.plesk.page\\\/produit\\\/tube-ip-4k-vf-2-7-13-5mm\\\/#primaryimage\",\"url\":\"https:\\\/\\\/exciting-lichterman.217-160-28-49.plesk.page\\\/wp-content\\\/uploads\\\/2022\\\/08\\\/DS-2CD3686G2-IZS2.7-13.5mmC-03-scaled.webp\",\"contentUrl\":\"https:\\\/\\\/exciting-lichterman.217-160-28-49.plesk.page\\\/wp-content\\\/uploads\\\/2022\\\/08\\\/DS-2CD3686G2-IZS2.7-13.5mmC-03-scaled.webp\",\"width\":2560,\"height\":2545},{\"@type\":\"BreadcrumbList\",\"@id\":\"https:\\\/\\\/exciting-lichterman.217-160-28-49.plesk.page\\\/produit\\\/tube-ip-4k-vf-2-7-13-5mm\\\/#breadcrumb\",\"itemListElement\":[{\"@type\":\"ListItem\",\"position\":1,\"name\":\"Accueil\",\"item\":\"https:\\\/\\\/exciting-lichterman.217-160-28-49.plesk.page\\\/\"},{\"@type\":\"ListItem\",\"position\":2,\"name\":\"Boutique\",\"item\":\"https:\\\/\\\/exciting-lichterman.217-160-28-49.plesk.page\\\/boutique\\\/\"},{\"@type\":\"ListItem\",\"position\":3,\"name\":\"Tube IP &#8211; 4K &#8211; VF &#8211; 2.7 &#8211; 13.5mm\"}]},{\"@type\":\"WebSite\",\"@id\":\"https:\\\/\\\/exciting-lichterman.217-160-28-49.plesk.page\\\/#website\",\"url\":\"https:\\\/\\\/exciting-lichterman.217-160-28-49.plesk.page\\\/\",\"name\":\"K2group Distribution\",\"description\":\"\",\"publisher\":{\"@id\":\"https:\\\/\\\/exciting-lichterman.217-160-28-49.plesk.page\\\/#organization\"},\"potentialAction\":[{\"@type\":\"SearchAction\",\"target\":{\"@type\":\"EntryPoint\",\"urlTemplate\":\"https:\\\/\\\/exciting-lichterman.217-160-28-49.plesk.page\\\/?s={search_term_string}\"},\"query-input\":{\"@type\":\"PropertyValueSpecification\",\"valueRequired\":true,\"valueName\":\"search_term_string\"}}],\"inLanguage\":\"de\"},{\"@type\":\"Organization\",\"@id\":\"https:\\\/\\\/exciting-lichterman.217-160-28-49.plesk.page\\\/#organization\",\"name\":\"K2group Distribution\",\"url\":\"https:\\\/\\\/exciting-lichterman.217-160-28-49.plesk.page\\\/\",\"logo\":{\"@type\":\"ImageObject\",\"inLanguage\":\"de\",\"@id\":\"https:\\\/\\\/exciting-lichterman.217-160-28-49.plesk.page\\\/#\\\/schema\\\/logo\\\/image\\\/\",\"url\":\"https:\\\/\\\/exciting-lichterman.217-160-28-49.plesk.page\\\/wp-content\\\/uploads\\\/2022\\\/04\\\/logo-K2.png\",\"contentUrl\":\"https:\\\/\\\/exciting-lichterman.217-160-28-49.plesk.page\\\/wp-content\\\/uploads\\\/2022\\\/04\\\/logo-K2.png\",\"width\":155,\"height\":66,\"caption\":\"K2group Distribution\"},\"image\":{\"@id\":\"https:\\\/\\\/exciting-lichterman.217-160-28-49.plesk.page\\\/#\\\/schema\\\/logo\\\/image\\\/\"}}]}<\/script>\n<!-- \/ Yoast SEO plugin. -->","yoast_head_json":{"title":"Tube IP - 4K - VF - 2.7 - 13.5mm - K2group Distribution","robots":{"index":"noindex","follow":"follow","max-snippet":"max-snippet:-1","max-image-preview":"max-image-preview:large","max-video-preview":"max-video-preview:-1"},"og_locale":"de_DE","og_type":"article","og_title":"Tube IP - 4K - VF - 2.7 - 13.5mm - K2group Distribution","og_description":"R\u00e9f\u00e9rence : DS-2CD3686G2-IZS(2.7-13.5mm)(C)  Couleur : Blanc  R\u00e9solution : 8 MP (4K)  Capteur D'image : CMOS \u00e0 balayage progressif 1\/1,8\"  Max. R\u00e9solution : 3840 \u00d7 2160  Min. \u00c9clairage : Couleur : 0,003 Lux @ (F1.4, AGC ON), N\/B : 0 Lux avec IR  Jour Nuit : Filtre anti-IR  R\u00e9glage De L'angle : Panoramique : 0\u00b0 \u00e0 355\u00b0, inclinaison : 0\u00b0 \u00e0 90\u00b0, rotation : 0\u00b0 \u00e0 360\u00b0  Type De Lentille : Objectif varifocal, objectif motoris\u00e9, 2,7 \u00e0 13,5 mm et 7 \u00e0 35 mm en option  Longueur Focale Et FOV : horizontal 108\u00b0 \u00e0 46\u00b0, vertical 58\u00b0 \u00e0 26\u00b0, diagonal 127\u00b0 \u00e0 52\u00b0  Alarme : 1 entr\u00e9e, 1 sortie (max. 24 Vcc\/24 Vca, 1 A)  Dimension : \u00d8144,1 mm \u00d7 345,7 mm (\u00d85,67\" \u00d7 13,6\")  Pouvoir : 12 VCC \u00b1 25 %, 1,08 A, max. 13 W, bornier \u00e0 deux conducteurs \/ PoE : 802.3at, Classe 4, 42,5 V \u00e0 57 V, 0,36 A \u00e0 0,27 A, max. 15W","og_url":"https:\/\/exciting-lichterman.217-160-28-49.plesk.page\/de\/produkt\/tube-ip-4k-vf-2-7-13-5mm\/","og_site_name":"K2group Distribution","article_modified_time":"2023-05-30T16:40:03+00:00","og_image":[{"width":2560,"height":2545,"url":"https:\/\/exciting-lichterman.217-160-28-49.plesk.page\/wp-content\/uploads\/2022\/08\/DS-2CD3686G2-IZS2.7-13.5mmC-03-scaled.webp","type":"image\/webp"}],"twitter_card":"summary_large_image","twitter_misc":{"Gesch\u00e4tzte Lesezeit":"1\u00a0Minute"},"schema":{"@context":"https:\/\/schema.org","@graph":[{"@type":"WebPage","@id":"https:\/\/exciting-lichterman.217-160-28-49.plesk.page\/produit\/tube-ip-4k-vf-2-7-13-5mm\/","url":"https:\/\/exciting-lichterman.217-160-28-49.plesk.page\/produit\/tube-ip-4k-vf-2-7-13-5mm\/","name":"Tube IP - 4K - VF - 2.7 - 13.5mm - K2group Distribution","isPartOf":{"@id":"https:\/\/exciting-lichterman.217-160-28-49.plesk.page\/#website"},"primaryImageOfPage":{"@id":"https:\/\/exciting-lichterman.217-160-28-49.plesk.page\/produit\/tube-ip-4k-vf-2-7-13-5mm\/#primaryimage"},"image":{"@id":"https:\/\/exciting-lichterman.217-160-28-49.plesk.page\/produit\/tube-ip-4k-vf-2-7-13-5mm\/#primaryimage"},"thumbnailUrl":"https:\/\/exciting-lichterman.217-160-28-49.plesk.page\/wp-content\/uploads\/2022\/08\/DS-2CD3686G2-IZS2.7-13.5mmC-03-scaled.webp","datePublished":"2022-08-25T17:35:25+00:00","dateModified":"2023-05-30T16:40:03+00:00","breadcrumb":{"@id":"https:\/\/exciting-lichterman.217-160-28-49.plesk.page\/produit\/tube-ip-4k-vf-2-7-13-5mm\/#breadcrumb"},"inLanguage":"de","potentialAction":[{"@type":"ReadAction","target":["https:\/\/exciting-lichterman.217-160-28-49.plesk.page\/produit\/tube-ip-4k-vf-2-7-13-5mm\/"]}]},{"@type":"ImageObject","inLanguage":"de","@id":"https:\/\/exciting-lichterman.217-160-28-49.plesk.page\/produit\/tube-ip-4k-vf-2-7-13-5mm\/#primaryimage","url":"https:\/\/exciting-lichterman.217-160-28-49.plesk.page\/wp-content\/uploads\/2022\/08\/DS-2CD3686G2-IZS2.7-13.5mmC-03-scaled.webp","contentUrl":"https:\/\/exciting-lichterman.217-160-28-49.plesk.page\/wp-content\/uploads\/2022\/08\/DS-2CD3686G2-IZS2.7-13.5mmC-03-scaled.webp","width":2560,"height":2545},{"@type":"BreadcrumbList","@id":"https:\/\/exciting-lichterman.217-160-28-49.plesk.page\/produit\/tube-ip-4k-vf-2-7-13-5mm\/#breadcrumb","itemListElement":[{"@type":"ListItem","position":1,"name":"Accueil","item":"https:\/\/exciting-lichterman.217-160-28-49.plesk.page\/"},{"@type":"ListItem","position":2,"name":"Boutique","item":"https:\/\/exciting-lichterman.217-160-28-49.plesk.page\/boutique\/"},{"@type":"ListItem","position":3,"name":"Tube IP &#8211; 4K &#8211; VF &#8211; 2.7 &#8211; 13.5mm"}]},{"@type":"WebSite","@id":"https:\/\/exciting-lichterman.217-160-28-49.plesk.page\/#website","url":"https:\/\/exciting-lichterman.217-160-28-49.plesk.page\/","name":"K2group Distribution","description":"","publisher":{"@id":"https:\/\/exciting-lichterman.217-160-28-49.plesk.page\/#organization"},"potentialAction":[{"@type":"SearchAction","target":{"@type":"EntryPoint","urlTemplate":"https:\/\/exciting-lichterman.217-160-28-49.plesk.page\/?s={search_term_string}"},"query-input":{"@type":"PropertyValueSpecification","valueRequired":true,"valueName":"search_term_string"}}],"inLanguage":"de"},{"@type":"Organization","@id":"https:\/\/exciting-lichterman.217-160-28-49.plesk.page\/#organization","name":"K2group Distribution","url":"https:\/\/exciting-lichterman.217-160-28-49.plesk.page\/","logo":{"@type":"ImageObject","inLanguage":"de","@id":"https:\/\/exciting-lichterman.217-160-28-49.plesk.page\/#\/schema\/logo\/image\/","url":"https:\/\/exciting-lichterman.217-160-28-49.plesk.page\/wp-content\/uploads\/2022\/04\/logo-K2.png","contentUrl":"https:\/\/exciting-lichterman.217-160-28-49.plesk.page\/wp-content\/uploads\/2022\/04\/logo-K2.png","width":155,"height":66,"caption":"K2group Distribution"},"image":{"@id":"https:\/\/exciting-lichterman.217-160-28-49.plesk.page\/#\/schema\/logo\/image\/"}}]}},"_links":{"self":[{"href":"https:\/\/exciting-lichterman.217-160-28-49.plesk.page\/de\/wp-json\/wp\/v2\/product\/12509","targetHints":{"allow":["GET"]}}],"collection":[{"href":"https:\/\/exciting-lichterman.217-160-28-49.plesk.page\/de\/wp-json\/wp\/v2\/product"}],"about":[{"href":"https:\/\/exciting-lichterman.217-160-28-49.plesk.page\/de\/wp-json\/wp\/v2\/types\/product"}],"replies":[{"embeddable":true,"href":"https:\/\/exciting-lichterman.217-160-28-49.plesk.page\/de\/wp-json\/wp\/v2\/comments?post=12509"}],"version-history":[{"count":4,"href":"https:\/\/exciting-lichterman.217-160-28-49.plesk.page\/de\/wp-json\/wp\/v2\/product\/12509\/revisions"}],"predecessor-version":[{"id":17226,"href":"https:\/\/exciting-lichterman.217-160-28-49.plesk.page\/de\/wp-json\/wp\/v2\/product\/12509\/revisions\/17226"}],"wp:featuredmedia":[{"embeddable":true,"href":"https:\/\/exciting-lichterman.217-160-28-49.plesk.page\/de\/wp-json\/wp\/v2\/media\/12510"}],"wp:attachment":[{"href":"https:\/\/exciting-lichterman.217-160-28-49.plesk.page\/de\/wp-json\/wp\/v2\/media?parent=12509"}],"wp:term":[{"taxonomy":"product_brand","embeddable":true,"href":"https:\/\/exciting-lichterman.217-160-28-49.plesk.page\/de\/wp-json\/wp\/v2\/product_brand?post=12509"},{"taxonomy":"product_cat","embeddable":true,"href":"https:\/\/exciting-lichterman.217-160-28-49.plesk.page\/de\/wp-json\/wp\/v2\/product_cat?post=12509"},{"taxonomy":"product_tag","embeddable":true,"href":"https:\/\/exciting-lichterman.217-160-28-49.plesk.page\/de\/wp-json\/wp\/v2\/product_tag?post=12509"}],"curies":[{"name":"wp","href":"https:\/\/api.w.org\/{rel}","templated":true}]}}