{"id":12506,"date":"2022-08-25T17:31:24","date_gmt":"2022-08-25T17:31:24","guid":{"rendered":"https:\/\/practical-elbakyan.82-165-223-183.plesk.page\/?post_type=product&#038;p=12506"},"modified":"2023-05-30T16:59:12","modified_gmt":"2023-05-30T16:59:12","slug":"tube-ip-4-mplxs-vf-zoom-x4-2","status":"publish","type":"product","link":"https:\/\/exciting-lichterman.217-160-28-49.plesk.page\/de\/produkt\/tube-ip-4-mplxs-vf-zoom-x4-2\/","title":{"rendered":"Tube IP &#8211; 4 MPLXS &#8211; VF &#8211; Zoom X4"},"content":{"rendered":"<h2 style=\"font-family:Poppins;font-size:14px; font-weight:400!important; line-height:2\">Il s\u2019agit d\u2019une cam\u00e9ra varifocale motoris\u00e9e anticorrosion dot\u00e9e d\u2019une r\u00e9solution de 4 MP qui est con\u00e7ue sp\u00e9cialement pour la lecture et la capture de plaque d\u2019immatriculation des v\u00e9hicules.<\/h2>\n<p>Cette cam\u00e9ra est id\u00e9ale pour les surveillances nocturnes discr\u00e8tes gr\u00e2ce \u00e0 sa nouvelle technologie d\u2019am\u00e9lioration de la vision DarkFighter qui lui permet d\u2019obtenir une qualit\u00e9 tr\u00e8s haute d\u2019imagerie, ainsi qu&rsquo;une bonne qualit\u00e9 de couleur \u00e0 des niveaux de luminosit\u00e9 assez faibles.<\/p>","protected":false},"excerpt":{"rendered":"<ul>\n<li><strong>R\u00e9f\u00e9rence : iDS-2CD7A46G0-IZHSY(8-32mm)<\/strong><\/li>\n<li>Mati\u00e8re : Corps en alliage d\u2019aluminium<\/li>\n<li>R\u00e9solution Max : 2560 x 1440<\/li>\n<li>Capteur d&rsquo;image : CMOS \u00e0 balayage progressif 1\/1,8\u2033<\/li>\n<li>\u00c9clairage : Couleur : 0,0005 lux @ (F1.2, AGC activ\u00e9)<\/li>\n<li>Longueur focale : 2,8 \u00e0 12 mm<\/li>\n<li>Courant dominant : 50 Hz : 50 ips<\/li>\n<li>Type d&rsquo;audio : Son mono<\/li>\n<li>Source de courant : 12 VCC \u00b1 20 %<\/li>\n<li>Poids : 1950 g<\/li>\n<li>Longueur Focale Et FOV 8 \u00e0 32 mm : Champ de vision horizontal : 42,5\u00b0 \u00e0 15,1\u00b0<\/li>\n<li>Champ de vision vertical : 23,3\u00b0 \u00e0 8,64\u00b0<\/li>\n<li>Champ de vision diagonal : 49,6\u00b0 \u00e0 17,3\u00b0<\/li>\n<li>Dimension : Sans -Y : \u00d8144 \u00d7 347 mm \/ Avec -Y : \u00d8140 \u00d7 351 mm<\/li>\n<\/ul>","protected":false},"featured_media":12507,"comment_status":"open","ping_status":"closed","template":"","meta":{"_acf_changed":false},"product_brand":[],"product_cat":[390,715],"product_tag":[],"class_list":{"0":"post-12506","1":"product","2":"type-product","3":"status-publish","4":"has-post-thumbnail","6":"product_cat-alarmes-et-video","7":"product_cat-camera-ip","9":"first","10":"instock","11":"taxable","12":"shipping-taxable","13":"product-type-simple"},"acf":[],"yoast_head":"<!-- This site is optimized with the Yoast SEO plugin v27.4 - https:\/\/yoast.com\/product\/yoast-seo-wordpress\/ -->\n<title>Tube IP - 4 MPLXS - VF - Zoom X4 - K2group Distribution<\/title>\n<meta name=\"robots\" content=\"noindex, follow, max-snippet:-1, max-image-preview:large, max-video-preview:-1\" \/>\n<meta property=\"og:locale\" content=\"de_DE\" \/>\n<meta property=\"og:type\" content=\"article\" \/>\n<meta property=\"og:title\" content=\"Tube IP - 4 MPLXS - VF - Zoom X4 - K2group Distribution\" \/>\n<meta property=\"og:description\" content=\"R\u00e9f\u00e9rence : iDS-2CD7A46G0-IZHSY(8-32mm)  Mati\u00e8re : Corps en alliage d\u2019aluminium  R\u00e9solution Max : 2560 x 1440  Capteur d&#039;image : CMOS \u00e0 balayage progressif 1\/1,8\u2033  \u00c9clairage : Couleur : 0,0005 lux @ (F1.2, AGC activ\u00e9)  Longueur focale : 2,8 \u00e0 12 mm  Courant dominant : 50 Hz : 50 ips  Type d&#039;audio : Son mono  Source de courant : 12 VCC \u00b1 20 %  Poids : 1950 g  Longueur Focale Et FOV 8 \u00e0 32 mm : Champ de vision horizontal : 42,5\u00b0 \u00e0 15,1\u00b0  Champ de vision vertical : 23,3\u00b0 \u00e0 8,64\u00b0  Champ de vision diagonal : 49,6\u00b0 \u00e0 17,3\u00b0  Dimension : Sans -Y : \u00d8144 \u00d7 347 mm \/ Avec -Y : \u00d8140 \u00d7 351 mm\" \/>\n<meta property=\"og:url\" content=\"https:\/\/exciting-lichterman.217-160-28-49.plesk.page\/de\/produkt\/tube-ip-4-mplxs-vf-zoom-x4-2\/\" \/>\n<meta property=\"og:site_name\" content=\"K2group Distribution\" \/>\n<meta property=\"article:modified_time\" content=\"2023-05-30T16:59:12+00:00\" \/>\n<meta property=\"og:image\" content=\"https:\/\/exciting-lichterman.217-160-28-49.plesk.page\/wp-content\/uploads\/2022\/08\/iDS-2CD7A46G0-IZHSY8-32mm-01-scaled.webp\" \/>\n\t<meta property=\"og:image:width\" content=\"2560\" \/>\n\t<meta property=\"og:image:height\" content=\"2545\" \/>\n\t<meta property=\"og:image:type\" content=\"image\/webp\" \/>\n<meta name=\"twitter:card\" content=\"summary_large_image\" \/>\n<meta name=\"twitter:label1\" content=\"Gesch\u00e4tzte Lesezeit\" \/>\n\t<meta name=\"twitter:data1\" content=\"1\u00a0Minute\" \/>\n<script type=\"application\/ld+json\" class=\"yoast-schema-graph\">{\"@context\":\"https:\\\/\\\/schema.org\",\"@graph\":[{\"@type\":\"WebPage\",\"@id\":\"https:\\\/\\\/exciting-lichterman.217-160-28-49.plesk.page\\\/produit\\\/tube-ip-4-mplxs-vf-zoom-x4-2\\\/\",\"url\":\"https:\\\/\\\/exciting-lichterman.217-160-28-49.plesk.page\\\/produit\\\/tube-ip-4-mplxs-vf-zoom-x4-2\\\/\",\"name\":\"Tube IP - 4 MPLXS - VF - Zoom X4 - K2group Distribution\",\"isPartOf\":{\"@id\":\"https:\\\/\\\/exciting-lichterman.217-160-28-49.plesk.page\\\/#website\"},\"primaryImageOfPage\":{\"@id\":\"https:\\\/\\\/exciting-lichterman.217-160-28-49.plesk.page\\\/produit\\\/tube-ip-4-mplxs-vf-zoom-x4-2\\\/#primaryimage\"},\"image\":{\"@id\":\"https:\\\/\\\/exciting-lichterman.217-160-28-49.plesk.page\\\/produit\\\/tube-ip-4-mplxs-vf-zoom-x4-2\\\/#primaryimage\"},\"thumbnailUrl\":\"https:\\\/\\\/exciting-lichterman.217-160-28-49.plesk.page\\\/wp-content\\\/uploads\\\/2022\\\/08\\\/iDS-2CD7A46G0-IZHSY8-32mm-01-scaled.webp\",\"datePublished\":\"2022-08-25T17:31:24+00:00\",\"dateModified\":\"2023-05-30T16:59:12+00:00\",\"breadcrumb\":{\"@id\":\"https:\\\/\\\/exciting-lichterman.217-160-28-49.plesk.page\\\/produit\\\/tube-ip-4-mplxs-vf-zoom-x4-2\\\/#breadcrumb\"},\"inLanguage\":\"de\",\"potentialAction\":[{\"@type\":\"ReadAction\",\"target\":[\"https:\\\/\\\/exciting-lichterman.217-160-28-49.plesk.page\\\/produit\\\/tube-ip-4-mplxs-vf-zoom-x4-2\\\/\"]}]},{\"@type\":\"ImageObject\",\"inLanguage\":\"de\",\"@id\":\"https:\\\/\\\/exciting-lichterman.217-160-28-49.plesk.page\\\/produit\\\/tube-ip-4-mplxs-vf-zoom-x4-2\\\/#primaryimage\",\"url\":\"https:\\\/\\\/exciting-lichterman.217-160-28-49.plesk.page\\\/wp-content\\\/uploads\\\/2022\\\/08\\\/iDS-2CD7A46G0-IZHSY8-32mm-01-scaled.webp\",\"contentUrl\":\"https:\\\/\\\/exciting-lichterman.217-160-28-49.plesk.page\\\/wp-content\\\/uploads\\\/2022\\\/08\\\/iDS-2CD7A46G0-IZHSY8-32mm-01-scaled.webp\",\"width\":2560,\"height\":2545},{\"@type\":\"BreadcrumbList\",\"@id\":\"https:\\\/\\\/exciting-lichterman.217-160-28-49.plesk.page\\\/produit\\\/tube-ip-4-mplxs-vf-zoom-x4-2\\\/#breadcrumb\",\"itemListElement\":[{\"@type\":\"ListItem\",\"position\":1,\"name\":\"Accueil\",\"item\":\"https:\\\/\\\/exciting-lichterman.217-160-28-49.plesk.page\\\/\"},{\"@type\":\"ListItem\",\"position\":2,\"name\":\"Boutique\",\"item\":\"https:\\\/\\\/exciting-lichterman.217-160-28-49.plesk.page\\\/boutique\\\/\"},{\"@type\":\"ListItem\",\"position\":3,\"name\":\"Tube IP &#8211; 4 MPLXS &#8211; VF &#8211; Zoom X4\"}]},{\"@type\":\"WebSite\",\"@id\":\"https:\\\/\\\/exciting-lichterman.217-160-28-49.plesk.page\\\/#website\",\"url\":\"https:\\\/\\\/exciting-lichterman.217-160-28-49.plesk.page\\\/\",\"name\":\"K2group Distribution\",\"description\":\"\",\"publisher\":{\"@id\":\"https:\\\/\\\/exciting-lichterman.217-160-28-49.plesk.page\\\/#organization\"},\"potentialAction\":[{\"@type\":\"SearchAction\",\"target\":{\"@type\":\"EntryPoint\",\"urlTemplate\":\"https:\\\/\\\/exciting-lichterman.217-160-28-49.plesk.page\\\/?s={search_term_string}\"},\"query-input\":{\"@type\":\"PropertyValueSpecification\",\"valueRequired\":true,\"valueName\":\"search_term_string\"}}],\"inLanguage\":\"de\"},{\"@type\":\"Organization\",\"@id\":\"https:\\\/\\\/exciting-lichterman.217-160-28-49.plesk.page\\\/#organization\",\"name\":\"K2group Distribution\",\"url\":\"https:\\\/\\\/exciting-lichterman.217-160-28-49.plesk.page\\\/\",\"logo\":{\"@type\":\"ImageObject\",\"inLanguage\":\"de\",\"@id\":\"https:\\\/\\\/exciting-lichterman.217-160-28-49.plesk.page\\\/#\\\/schema\\\/logo\\\/image\\\/\",\"url\":\"https:\\\/\\\/exciting-lichterman.217-160-28-49.plesk.page\\\/wp-content\\\/uploads\\\/2022\\\/04\\\/logo-K2.png\",\"contentUrl\":\"https:\\\/\\\/exciting-lichterman.217-160-28-49.plesk.page\\\/wp-content\\\/uploads\\\/2022\\\/04\\\/logo-K2.png\",\"width\":155,\"height\":66,\"caption\":\"K2group Distribution\"},\"image\":{\"@id\":\"https:\\\/\\\/exciting-lichterman.217-160-28-49.plesk.page\\\/#\\\/schema\\\/logo\\\/image\\\/\"}}]}<\/script>\n<!-- \/ Yoast SEO plugin. -->","yoast_head_json":{"title":"Tube IP - 4 MPLXS - VF - Zoom X4 - K2group Distribution","robots":{"index":"noindex","follow":"follow","max-snippet":"max-snippet:-1","max-image-preview":"max-image-preview:large","max-video-preview":"max-video-preview:-1"},"og_locale":"de_DE","og_type":"article","og_title":"Tube IP - 4 MPLXS - VF - Zoom X4 - K2group Distribution","og_description":"R\u00e9f\u00e9rence : iDS-2CD7A46G0-IZHSY(8-32mm)  Mati\u00e8re : Corps en alliage d\u2019aluminium  R\u00e9solution Max : 2560 x 1440  Capteur d'image : CMOS \u00e0 balayage progressif 1\/1,8\u2033  \u00c9clairage : Couleur : 0,0005 lux @ (F1.2, AGC activ\u00e9)  Longueur focale : 2,8 \u00e0 12 mm  Courant dominant : 50 Hz : 50 ips  Type d'audio : Son mono  Source de courant : 12 VCC \u00b1 20 %  Poids : 1950 g  Longueur Focale Et FOV 8 \u00e0 32 mm : Champ de vision horizontal : 42,5\u00b0 \u00e0 15,1\u00b0  Champ de vision vertical : 23,3\u00b0 \u00e0 8,64\u00b0  Champ de vision diagonal : 49,6\u00b0 \u00e0 17,3\u00b0  Dimension : Sans -Y : \u00d8144 \u00d7 347 mm \/ Avec -Y : \u00d8140 \u00d7 351 mm","og_url":"https:\/\/exciting-lichterman.217-160-28-49.plesk.page\/de\/produkt\/tube-ip-4-mplxs-vf-zoom-x4-2\/","og_site_name":"K2group Distribution","article_modified_time":"2023-05-30T16:59:12+00:00","og_image":[{"width":2560,"height":2545,"url":"https:\/\/exciting-lichterman.217-160-28-49.plesk.page\/wp-content\/uploads\/2022\/08\/iDS-2CD7A46G0-IZHSY8-32mm-01-scaled.webp","type":"image\/webp"}],"twitter_card":"summary_large_image","twitter_misc":{"Gesch\u00e4tzte Lesezeit":"1\u00a0Minute"},"schema":{"@context":"https:\/\/schema.org","@graph":[{"@type":"WebPage","@id":"https:\/\/exciting-lichterman.217-160-28-49.plesk.page\/produit\/tube-ip-4-mplxs-vf-zoom-x4-2\/","url":"https:\/\/exciting-lichterman.217-160-28-49.plesk.page\/produit\/tube-ip-4-mplxs-vf-zoom-x4-2\/","name":"Tube IP - 4 MPLXS - VF - Zoom X4 - K2group Distribution","isPartOf":{"@id":"https:\/\/exciting-lichterman.217-160-28-49.plesk.page\/#website"},"primaryImageOfPage":{"@id":"https:\/\/exciting-lichterman.217-160-28-49.plesk.page\/produit\/tube-ip-4-mplxs-vf-zoom-x4-2\/#primaryimage"},"image":{"@id":"https:\/\/exciting-lichterman.217-160-28-49.plesk.page\/produit\/tube-ip-4-mplxs-vf-zoom-x4-2\/#primaryimage"},"thumbnailUrl":"https:\/\/exciting-lichterman.217-160-28-49.plesk.page\/wp-content\/uploads\/2022\/08\/iDS-2CD7A46G0-IZHSY8-32mm-01-scaled.webp","datePublished":"2022-08-25T17:31:24+00:00","dateModified":"2023-05-30T16:59:12+00:00","breadcrumb":{"@id":"https:\/\/exciting-lichterman.217-160-28-49.plesk.page\/produit\/tube-ip-4-mplxs-vf-zoom-x4-2\/#breadcrumb"},"inLanguage":"de","potentialAction":[{"@type":"ReadAction","target":["https:\/\/exciting-lichterman.217-160-28-49.plesk.page\/produit\/tube-ip-4-mplxs-vf-zoom-x4-2\/"]}]},{"@type":"ImageObject","inLanguage":"de","@id":"https:\/\/exciting-lichterman.217-160-28-49.plesk.page\/produit\/tube-ip-4-mplxs-vf-zoom-x4-2\/#primaryimage","url":"https:\/\/exciting-lichterman.217-160-28-49.plesk.page\/wp-content\/uploads\/2022\/08\/iDS-2CD7A46G0-IZHSY8-32mm-01-scaled.webp","contentUrl":"https:\/\/exciting-lichterman.217-160-28-49.plesk.page\/wp-content\/uploads\/2022\/08\/iDS-2CD7A46G0-IZHSY8-32mm-01-scaled.webp","width":2560,"height":2545},{"@type":"BreadcrumbList","@id":"https:\/\/exciting-lichterman.217-160-28-49.plesk.page\/produit\/tube-ip-4-mplxs-vf-zoom-x4-2\/#breadcrumb","itemListElement":[{"@type":"ListItem","position":1,"name":"Accueil","item":"https:\/\/exciting-lichterman.217-160-28-49.plesk.page\/"},{"@type":"ListItem","position":2,"name":"Boutique","item":"https:\/\/exciting-lichterman.217-160-28-49.plesk.page\/boutique\/"},{"@type":"ListItem","position":3,"name":"Tube IP &#8211; 4 MPLXS &#8211; VF &#8211; Zoom X4"}]},{"@type":"WebSite","@id":"https:\/\/exciting-lichterman.217-160-28-49.plesk.page\/#website","url":"https:\/\/exciting-lichterman.217-160-28-49.plesk.page\/","name":"K2group Distribution","description":"","publisher":{"@id":"https:\/\/exciting-lichterman.217-160-28-49.plesk.page\/#organization"},"potentialAction":[{"@type":"SearchAction","target":{"@type":"EntryPoint","urlTemplate":"https:\/\/exciting-lichterman.217-160-28-49.plesk.page\/?s={search_term_string}"},"query-input":{"@type":"PropertyValueSpecification","valueRequired":true,"valueName":"search_term_string"}}],"inLanguage":"de"},{"@type":"Organization","@id":"https:\/\/exciting-lichterman.217-160-28-49.plesk.page\/#organization","name":"K2group Distribution","url":"https:\/\/exciting-lichterman.217-160-28-49.plesk.page\/","logo":{"@type":"ImageObject","inLanguage":"de","@id":"https:\/\/exciting-lichterman.217-160-28-49.plesk.page\/#\/schema\/logo\/image\/","url":"https:\/\/exciting-lichterman.217-160-28-49.plesk.page\/wp-content\/uploads\/2022\/04\/logo-K2.png","contentUrl":"https:\/\/exciting-lichterman.217-160-28-49.plesk.page\/wp-content\/uploads\/2022\/04\/logo-K2.png","width":155,"height":66,"caption":"K2group Distribution"},"image":{"@id":"https:\/\/exciting-lichterman.217-160-28-49.plesk.page\/#\/schema\/logo\/image\/"}}]}},"_links":{"self":[{"href":"https:\/\/exciting-lichterman.217-160-28-49.plesk.page\/de\/wp-json\/wp\/v2\/product\/12506","targetHints":{"allow":["GET"]}}],"collection":[{"href":"https:\/\/exciting-lichterman.217-160-28-49.plesk.page\/de\/wp-json\/wp\/v2\/product"}],"about":[{"href":"https:\/\/exciting-lichterman.217-160-28-49.plesk.page\/de\/wp-json\/wp\/v2\/types\/product"}],"replies":[{"embeddable":true,"href":"https:\/\/exciting-lichterman.217-160-28-49.plesk.page\/de\/wp-json\/wp\/v2\/comments?post=12506"}],"version-history":[{"count":6,"href":"https:\/\/exciting-lichterman.217-160-28-49.plesk.page\/de\/wp-json\/wp\/v2\/product\/12506\/revisions"}],"predecessor-version":[{"id":17266,"href":"https:\/\/exciting-lichterman.217-160-28-49.plesk.page\/de\/wp-json\/wp\/v2\/product\/12506\/revisions\/17266"}],"wp:featuredmedia":[{"embeddable":true,"href":"https:\/\/exciting-lichterman.217-160-28-49.plesk.page\/de\/wp-json\/wp\/v2\/media\/12507"}],"wp:attachment":[{"href":"https:\/\/exciting-lichterman.217-160-28-49.plesk.page\/de\/wp-json\/wp\/v2\/media?parent=12506"}],"wp:term":[{"taxonomy":"product_brand","embeddable":true,"href":"https:\/\/exciting-lichterman.217-160-28-49.plesk.page\/de\/wp-json\/wp\/v2\/product_brand?post=12506"},{"taxonomy":"product_cat","embeddable":true,"href":"https:\/\/exciting-lichterman.217-160-28-49.plesk.page\/de\/wp-json\/wp\/v2\/product_cat?post=12506"},{"taxonomy":"product_tag","embeddable":true,"href":"https:\/\/exciting-lichterman.217-160-28-49.plesk.page\/de\/wp-json\/wp\/v2\/product_tag?post=12506"}],"curies":[{"name":"wp","href":"https:\/\/api.w.org\/{rel}","templated":true}]}}