{"id":12495,"date":"2022-08-25T17:11:00","date_gmt":"2022-08-25T17:11:00","guid":{"rendered":"https:\/\/practical-elbakyan.82-165-223-183.plesk.page\/?post_type=product&#038;p=12495"},"modified":"2023-05-31T08:53:02","modified_gmt":"2023-05-31T08:53:02","slug":"terminal-visiteur-2","status":"publish","type":"product","link":"https:\/\/exciting-lichterman.217-160-28-49.plesk.page\/de\/produkt\/terminal-visiteur-2\/","title":{"rendered":"Terminal visiteur"},"content":{"rendered":"<h2 style=\"font-family:Poppins;font-size:14px; font-weight:400!important; line-height:2\">Il s\u2019agit d\u2019un terminal de contr\u00f4le des visiteurs Hikvision \u00e0 double \u00e9cran de 10,1 pouces disposant d\u2019un syst\u00e8me d\u2019exploitation Android 7.1.2, con\u00e7u pour enregistrer et collecter les informations des visiteurs.<\/h2>\n<p>Dot\u00e9 d\u2019un fonctionnement hors ligne et en r\u00e9seau, ce terminal est l\u2019outil id\u00e9al qui permet de stocker jusqu&rsquo;\u00e0 130 000 d\u2019enregistrements de visiteurs durant la journ\u00e9e en cours en temps r\u00e9el.<\/p>","protected":false},"excerpt":{"rendered":"<ul>\n<li><strong>R\u00e9f\u00e9rence : DS-K5032-D<\/strong><\/li>\n<li>Syst\u00e8me d&rsquo;exploitation : Andro\u00efd 7.1.2<\/li>\n<li>Dimensions : 291 x 270 x 185mm<\/li>\n<li>Alimentation : 12VDC\/3A<\/li>\n<li>R\u00e9solution : 1280 \u00d7 800<\/li>\n<li>Nombre de pixels : 2 MP<\/li>\n<li>Nombre de lentilles : 2<\/li>\n<li>Taille pour l&rsquo;administrateur : \u00c9cran tactile LCD de 10,1 pouces<\/li>\n<li>Taille pour le visiteur : \u00c9cran visiteur de 10,1 pouces<\/li>\n<li>Sortie audio : Haut-parleur int\u00e9gr\u00e9<\/li>\n<li>Temp\u00e9rature de fonctionnement : -10 \u00b0C \u00e0 +50 \u00b0C<\/li>\n<li>Humidit\u00e9 de fonctionnement : 10% &#8211; 90%<\/li>\n<\/ul>","protected":false},"featured_media":12496,"comment_status":"open","ping_status":"closed","template":"","meta":{"_acf_changed":false},"product_brand":[],"product_cat":[717,390,723,722],"product_tag":[],"class_list":{"0":"post-12495","1":"product","2":"type-product","3":"status-publish","4":"has-post-thumbnail","6":"product_cat-accessoires-ip","7":"product_cat-alarmes-et-video","8":"product_cat-controle-dacces","9":"product_cat-portier","11":"first","12":"instock","13":"taxable","14":"shipping-taxable","15":"product-type-simple"},"acf":[],"yoast_head":"<!-- This site is optimized with the Yoast SEO plugin v27.4 - https:\/\/yoast.com\/product\/yoast-seo-wordpress\/ -->\n<title>Terminal visiteur - K2group Distribution<\/title>\n<meta name=\"robots\" content=\"noindex, follow, max-snippet:-1, max-image-preview:large, max-video-preview:-1\" \/>\n<meta property=\"og:locale\" content=\"de_DE\" \/>\n<meta property=\"og:type\" content=\"article\" \/>\n<meta property=\"og:title\" content=\"Terminal visiteur - K2group Distribution\" \/>\n<meta property=\"og:description\" content=\"R\u00e9f\u00e9rence : DS-K5032-D  Syst\u00e8me d&#039;exploitation : Andro\u00efd 7.1.2  Dimensions : 291 x 270 x 185mm  Alimentation : 12VDC\/3A  R\u00e9solution : 1280 \u00d7 800  Nombre de pixels : 2 MP  Nombre de lentilles : 2  Taille pour l&#039;administrateur : \u00c9cran tactile LCD de 10,1 pouces  Taille pour le visiteur : \u00c9cran visiteur de 10,1 pouces  Sortie audio : Haut-parleur int\u00e9gr\u00e9  Temp\u00e9rature de fonctionnement : -10 \u00b0C \u00e0 +50 \u00b0C  Humidit\u00e9 de fonctionnement : 10% - 90%\" \/>\n<meta property=\"og:url\" content=\"https:\/\/exciting-lichterman.217-160-28-49.plesk.page\/de\/produkt\/terminal-visiteur-2\/\" \/>\n<meta property=\"og:site_name\" content=\"K2group Distribution\" \/>\n<meta property=\"article:modified_time\" content=\"2023-05-31T08:53:02+00:00\" \/>\n<meta property=\"og:image\" content=\"https:\/\/exciting-lichterman.217-160-28-49.plesk.page\/wp-content\/uploads\/2022\/08\/DS-K5032-D-03-scaled.webp\" \/>\n\t<meta property=\"og:image:width\" content=\"2560\" \/>\n\t<meta property=\"og:image:height\" content=\"2545\" \/>\n\t<meta property=\"og:image:type\" content=\"image\/webp\" \/>\n<meta name=\"twitter:card\" content=\"summary_large_image\" \/>\n<meta name=\"twitter:label1\" content=\"Gesch\u00e4tzte Lesezeit\" \/>\n\t<meta name=\"twitter:data1\" content=\"1\u00a0Minute\" \/>\n<script type=\"application\/ld+json\" class=\"yoast-schema-graph\">{\"@context\":\"https:\\\/\\\/schema.org\",\"@graph\":[{\"@type\":\"WebPage\",\"@id\":\"https:\\\/\\\/exciting-lichterman.217-160-28-49.plesk.page\\\/produit\\\/terminal-visiteur-2\\\/\",\"url\":\"https:\\\/\\\/exciting-lichterman.217-160-28-49.plesk.page\\\/produit\\\/terminal-visiteur-2\\\/\",\"name\":\"Terminal visiteur - K2group Distribution\",\"isPartOf\":{\"@id\":\"https:\\\/\\\/exciting-lichterman.217-160-28-49.plesk.page\\\/#website\"},\"primaryImageOfPage\":{\"@id\":\"https:\\\/\\\/exciting-lichterman.217-160-28-49.plesk.page\\\/produit\\\/terminal-visiteur-2\\\/#primaryimage\"},\"image\":{\"@id\":\"https:\\\/\\\/exciting-lichterman.217-160-28-49.plesk.page\\\/produit\\\/terminal-visiteur-2\\\/#primaryimage\"},\"thumbnailUrl\":\"https:\\\/\\\/exciting-lichterman.217-160-28-49.plesk.page\\\/wp-content\\\/uploads\\\/2022\\\/08\\\/DS-K5032-D-03-scaled.webp\",\"datePublished\":\"2022-08-25T17:11:00+00:00\",\"dateModified\":\"2023-05-31T08:53:02+00:00\",\"breadcrumb\":{\"@id\":\"https:\\\/\\\/exciting-lichterman.217-160-28-49.plesk.page\\\/produit\\\/terminal-visiteur-2\\\/#breadcrumb\"},\"inLanguage\":\"de\",\"potentialAction\":[{\"@type\":\"ReadAction\",\"target\":[\"https:\\\/\\\/exciting-lichterman.217-160-28-49.plesk.page\\\/produit\\\/terminal-visiteur-2\\\/\"]}]},{\"@type\":\"ImageObject\",\"inLanguage\":\"de\",\"@id\":\"https:\\\/\\\/exciting-lichterman.217-160-28-49.plesk.page\\\/produit\\\/terminal-visiteur-2\\\/#primaryimage\",\"url\":\"https:\\\/\\\/exciting-lichterman.217-160-28-49.plesk.page\\\/wp-content\\\/uploads\\\/2022\\\/08\\\/DS-K5032-D-03-scaled.webp\",\"contentUrl\":\"https:\\\/\\\/exciting-lichterman.217-160-28-49.plesk.page\\\/wp-content\\\/uploads\\\/2022\\\/08\\\/DS-K5032-D-03-scaled.webp\",\"width\":2560,\"height\":2545},{\"@type\":\"BreadcrumbList\",\"@id\":\"https:\\\/\\\/exciting-lichterman.217-160-28-49.plesk.page\\\/produit\\\/terminal-visiteur-2\\\/#breadcrumb\",\"itemListElement\":[{\"@type\":\"ListItem\",\"position\":1,\"name\":\"Accueil\",\"item\":\"https:\\\/\\\/exciting-lichterman.217-160-28-49.plesk.page\\\/\"},{\"@type\":\"ListItem\",\"position\":2,\"name\":\"Boutique\",\"item\":\"https:\\\/\\\/exciting-lichterman.217-160-28-49.plesk.page\\\/boutique\\\/\"},{\"@type\":\"ListItem\",\"position\":3,\"name\":\"Terminal visiteur\"}]},{\"@type\":\"WebSite\",\"@id\":\"https:\\\/\\\/exciting-lichterman.217-160-28-49.plesk.page\\\/#website\",\"url\":\"https:\\\/\\\/exciting-lichterman.217-160-28-49.plesk.page\\\/\",\"name\":\"K2group Distribution\",\"description\":\"\",\"publisher\":{\"@id\":\"https:\\\/\\\/exciting-lichterman.217-160-28-49.plesk.page\\\/#organization\"},\"potentialAction\":[{\"@type\":\"SearchAction\",\"target\":{\"@type\":\"EntryPoint\",\"urlTemplate\":\"https:\\\/\\\/exciting-lichterman.217-160-28-49.plesk.page\\\/?s={search_term_string}\"},\"query-input\":{\"@type\":\"PropertyValueSpecification\",\"valueRequired\":true,\"valueName\":\"search_term_string\"}}],\"inLanguage\":\"de\"},{\"@type\":\"Organization\",\"@id\":\"https:\\\/\\\/exciting-lichterman.217-160-28-49.plesk.page\\\/#organization\",\"name\":\"K2group Distribution\",\"url\":\"https:\\\/\\\/exciting-lichterman.217-160-28-49.plesk.page\\\/\",\"logo\":{\"@type\":\"ImageObject\",\"inLanguage\":\"de\",\"@id\":\"https:\\\/\\\/exciting-lichterman.217-160-28-49.plesk.page\\\/#\\\/schema\\\/logo\\\/image\\\/\",\"url\":\"https:\\\/\\\/exciting-lichterman.217-160-28-49.plesk.page\\\/wp-content\\\/uploads\\\/2022\\\/04\\\/logo-K2.png\",\"contentUrl\":\"https:\\\/\\\/exciting-lichterman.217-160-28-49.plesk.page\\\/wp-content\\\/uploads\\\/2022\\\/04\\\/logo-K2.png\",\"width\":155,\"height\":66,\"caption\":\"K2group Distribution\"},\"image\":{\"@id\":\"https:\\\/\\\/exciting-lichterman.217-160-28-49.plesk.page\\\/#\\\/schema\\\/logo\\\/image\\\/\"}}]}<\/script>\n<!-- \/ Yoast SEO plugin. -->","yoast_head_json":{"title":"Terminal visiteur - K2group Distribution","robots":{"index":"noindex","follow":"follow","max-snippet":"max-snippet:-1","max-image-preview":"max-image-preview:large","max-video-preview":"max-video-preview:-1"},"og_locale":"de_DE","og_type":"article","og_title":"Terminal visiteur - K2group Distribution","og_description":"R\u00e9f\u00e9rence : DS-K5032-D  Syst\u00e8me d'exploitation : Andro\u00efd 7.1.2  Dimensions : 291 x 270 x 185mm  Alimentation : 12VDC\/3A  R\u00e9solution : 1280 \u00d7 800  Nombre de pixels : 2 MP  Nombre de lentilles : 2  Taille pour l'administrateur : \u00c9cran tactile LCD de 10,1 pouces  Taille pour le visiteur : \u00c9cran visiteur de 10,1 pouces  Sortie audio : Haut-parleur int\u00e9gr\u00e9  Temp\u00e9rature de fonctionnement : -10 \u00b0C \u00e0 +50 \u00b0C  Humidit\u00e9 de fonctionnement : 10% - 90%","og_url":"https:\/\/exciting-lichterman.217-160-28-49.plesk.page\/de\/produkt\/terminal-visiteur-2\/","og_site_name":"K2group Distribution","article_modified_time":"2023-05-31T08:53:02+00:00","og_image":[{"width":2560,"height":2545,"url":"https:\/\/exciting-lichterman.217-160-28-49.plesk.page\/wp-content\/uploads\/2022\/08\/DS-K5032-D-03-scaled.webp","type":"image\/webp"}],"twitter_card":"summary_large_image","twitter_misc":{"Gesch\u00e4tzte Lesezeit":"1\u00a0Minute"},"schema":{"@context":"https:\/\/schema.org","@graph":[{"@type":"WebPage","@id":"https:\/\/exciting-lichterman.217-160-28-49.plesk.page\/produit\/terminal-visiteur-2\/","url":"https:\/\/exciting-lichterman.217-160-28-49.plesk.page\/produit\/terminal-visiteur-2\/","name":"Terminal visiteur - K2group Distribution","isPartOf":{"@id":"https:\/\/exciting-lichterman.217-160-28-49.plesk.page\/#website"},"primaryImageOfPage":{"@id":"https:\/\/exciting-lichterman.217-160-28-49.plesk.page\/produit\/terminal-visiteur-2\/#primaryimage"},"image":{"@id":"https:\/\/exciting-lichterman.217-160-28-49.plesk.page\/produit\/terminal-visiteur-2\/#primaryimage"},"thumbnailUrl":"https:\/\/exciting-lichterman.217-160-28-49.plesk.page\/wp-content\/uploads\/2022\/08\/DS-K5032-D-03-scaled.webp","datePublished":"2022-08-25T17:11:00+00:00","dateModified":"2023-05-31T08:53:02+00:00","breadcrumb":{"@id":"https:\/\/exciting-lichterman.217-160-28-49.plesk.page\/produit\/terminal-visiteur-2\/#breadcrumb"},"inLanguage":"de","potentialAction":[{"@type":"ReadAction","target":["https:\/\/exciting-lichterman.217-160-28-49.plesk.page\/produit\/terminal-visiteur-2\/"]}]},{"@type":"ImageObject","inLanguage":"de","@id":"https:\/\/exciting-lichterman.217-160-28-49.plesk.page\/produit\/terminal-visiteur-2\/#primaryimage","url":"https:\/\/exciting-lichterman.217-160-28-49.plesk.page\/wp-content\/uploads\/2022\/08\/DS-K5032-D-03-scaled.webp","contentUrl":"https:\/\/exciting-lichterman.217-160-28-49.plesk.page\/wp-content\/uploads\/2022\/08\/DS-K5032-D-03-scaled.webp","width":2560,"height":2545},{"@type":"BreadcrumbList","@id":"https:\/\/exciting-lichterman.217-160-28-49.plesk.page\/produit\/terminal-visiteur-2\/#breadcrumb","itemListElement":[{"@type":"ListItem","position":1,"name":"Accueil","item":"https:\/\/exciting-lichterman.217-160-28-49.plesk.page\/"},{"@type":"ListItem","position":2,"name":"Boutique","item":"https:\/\/exciting-lichterman.217-160-28-49.plesk.page\/boutique\/"},{"@type":"ListItem","position":3,"name":"Terminal visiteur"}]},{"@type":"WebSite","@id":"https:\/\/exciting-lichterman.217-160-28-49.plesk.page\/#website","url":"https:\/\/exciting-lichterman.217-160-28-49.plesk.page\/","name":"K2group Distribution","description":"","publisher":{"@id":"https:\/\/exciting-lichterman.217-160-28-49.plesk.page\/#organization"},"potentialAction":[{"@type":"SearchAction","target":{"@type":"EntryPoint","urlTemplate":"https:\/\/exciting-lichterman.217-160-28-49.plesk.page\/?s={search_term_string}"},"query-input":{"@type":"PropertyValueSpecification","valueRequired":true,"valueName":"search_term_string"}}],"inLanguage":"de"},{"@type":"Organization","@id":"https:\/\/exciting-lichterman.217-160-28-49.plesk.page\/#organization","name":"K2group Distribution","url":"https:\/\/exciting-lichterman.217-160-28-49.plesk.page\/","logo":{"@type":"ImageObject","inLanguage":"de","@id":"https:\/\/exciting-lichterman.217-160-28-49.plesk.page\/#\/schema\/logo\/image\/","url":"https:\/\/exciting-lichterman.217-160-28-49.plesk.page\/wp-content\/uploads\/2022\/04\/logo-K2.png","contentUrl":"https:\/\/exciting-lichterman.217-160-28-49.plesk.page\/wp-content\/uploads\/2022\/04\/logo-K2.png","width":155,"height":66,"caption":"K2group Distribution"},"image":{"@id":"https:\/\/exciting-lichterman.217-160-28-49.plesk.page\/#\/schema\/logo\/image\/"}}]}},"_links":{"self":[{"href":"https:\/\/exciting-lichterman.217-160-28-49.plesk.page\/de\/wp-json\/wp\/v2\/product\/12495","targetHints":{"allow":["GET"]}}],"collection":[{"href":"https:\/\/exciting-lichterman.217-160-28-49.plesk.page\/de\/wp-json\/wp\/v2\/product"}],"about":[{"href":"https:\/\/exciting-lichterman.217-160-28-49.plesk.page\/de\/wp-json\/wp\/v2\/types\/product"}],"replies":[{"embeddable":true,"href":"https:\/\/exciting-lichterman.217-160-28-49.plesk.page\/de\/wp-json\/wp\/v2\/comments?post=12495"}],"version-history":[{"count":4,"href":"https:\/\/exciting-lichterman.217-160-28-49.plesk.page\/de\/wp-json\/wp\/v2\/product\/12495\/revisions"}],"predecessor-version":[{"id":17306,"href":"https:\/\/exciting-lichterman.217-160-28-49.plesk.page\/de\/wp-json\/wp\/v2\/product\/12495\/revisions\/17306"}],"wp:featuredmedia":[{"embeddable":true,"href":"https:\/\/exciting-lichterman.217-160-28-49.plesk.page\/de\/wp-json\/wp\/v2\/media\/12496"}],"wp:attachment":[{"href":"https:\/\/exciting-lichterman.217-160-28-49.plesk.page\/de\/wp-json\/wp\/v2\/media?parent=12495"}],"wp:term":[{"taxonomy":"product_brand","embeddable":true,"href":"https:\/\/exciting-lichterman.217-160-28-49.plesk.page\/de\/wp-json\/wp\/v2\/product_brand?post=12495"},{"taxonomy":"product_cat","embeddable":true,"href":"https:\/\/exciting-lichterman.217-160-28-49.plesk.page\/de\/wp-json\/wp\/v2\/product_cat?post=12495"},{"taxonomy":"product_tag","embeddable":true,"href":"https:\/\/exciting-lichterman.217-160-28-49.plesk.page\/de\/wp-json\/wp\/v2\/product_tag?post=12495"}],"curies":[{"name":"wp","href":"https:\/\/api.w.org\/{rel}","templated":true}]}}