{"id":12484,"date":"2022-08-25T16:45:48","date_gmt":"2022-08-25T16:45:48","guid":{"rendered":"https:\/\/practical-elbakyan.82-165-223-183.plesk.page\/?post_type=product&#038;p=12484"},"modified":"2023-06-01T10:50:45","modified_gmt":"2023-06-01T10:50:45","slug":"structure-de-controle-hybride-san","status":"publish","type":"product","link":"https:\/\/exciting-lichterman.217-160-28-49.plesk.page\/de\/produkt\/structure-de-controle-hybride-san\/","title":{"rendered":"Structure de contr\u00f4le HYBRIDE \/ SAN"},"content":{"rendered":"<h2 style=\"font-family:Poppins;font-size:14px; font-weight:400!important; line-height:2\">Le stockage de contr\u00f4leur unique \u00e0 16 emplacements est une plate-forme mat\u00e9rielle \u00e9conomique et stable permettant un stockage direct consid\u00e9rable sp\u00e9cialis\u00e9 dans la surveillance.<\/h2>\n<p>Cette interface utilisateur \u00e9conome en \u00e9nergie et conviviale assure une protection avanc\u00e9e des donn\u00e9es (sauvegarde synchrone des informations cl\u00e9s dans les disques du syst\u00e8me).<\/p>","protected":false},"excerpt":{"rendered":"<ul>\n<li><strong>R\u00e9f\u00e9rence : DS-A81016S(B)<\/strong><\/li>\n<li>Interface D&rsquo;alarme : 1<\/li>\n<li>Interface R\u00e9seau De Gestion : 1 interface Ethernet 1000M<\/li>\n<li>HDMI : 2<\/li>\n<li>Fente Pour Disque Dur : 16<\/li>\n<li>Prise En Charge Du Disque Dur : Simple, RAID (disque dur d&rsquo;entreprise)<\/li>\n<li>RAID : RAID0, 1, 3, 5, 6, 10, 50, JBOD, disque de secours<\/li>\n<li>Mode Streaming Direct : Vid\u00e9o (2 Mbps) + Image : Enregistrement + lecture 320 canaux<\/li>\n<li>Mode IPSAN : Enregistrement + lecture 180 canaux<\/li>\n<li>Performances Vid\u00e9o : 320<\/li>\n<li>Performances D&rsquo;image : 320<\/li>\n<li>Structure : Contr\u00f4leur unique<\/li>\n<li>Processeur : Un contr\u00f4leur (processeur multic\u0153ur 64 bits)<\/li>\n<li>Cache : 4 Go (extensible \u00e0 32 Go)<\/li>\n<\/ul>","protected":false},"featured_media":0,"comment_status":"open","ping_status":"closed","template":"","meta":{"_acf_changed":false},"product_brand":[],"product_cat":[390],"product_tag":[],"class_list":{"0":"post-12484","1":"product","2":"type-product","3":"status-publish","5":"product_cat-alarmes-et-video","7":"first","8":"instock","9":"taxable","10":"shipping-taxable","11":"product-type-simple"},"acf":[],"yoast_head":"<!-- This site is optimized with the Yoast SEO plugin v27.4 - https:\/\/yoast.com\/product\/yoast-seo-wordpress\/ -->\n<title>Structure de contr\u00f4le HYBRIDE \/ SAN - K2group Distribution<\/title>\n<meta name=\"robots\" content=\"noindex, follow, max-snippet:-1, max-image-preview:large, max-video-preview:-1\" \/>\n<meta property=\"og:locale\" content=\"de_DE\" \/>\n<meta property=\"og:type\" content=\"article\" \/>\n<meta property=\"og:title\" content=\"Structure de contr\u00f4le HYBRIDE \/ SAN - K2group Distribution\" \/>\n<meta property=\"og:description\" content=\"R\u00e9f\u00e9rence : DS-A81016S(B)  Interface D&#039;alarme : 1  Interface R\u00e9seau De Gestion : 1 interface Ethernet 1000M  HDMI : 2  Fente Pour Disque Dur : 16  Prise En Charge Du Disque Dur : Simple, RAID (disque dur d&#039;entreprise)  RAID : RAID0, 1, 3, 5, 6, 10, 50, JBOD, disque de secours  Mode Streaming Direct : Vid\u00e9o (2 Mbps) + Image : Enregistrement + lecture 320 canaux  Mode IPSAN : Enregistrement + lecture 180 canaux  Performances Vid\u00e9o : 320  Performances D&#039;image : 320  Structure : Contr\u00f4leur unique  Processeur : Un contr\u00f4leur (processeur multic\u0153ur 64 bits)  Cache : 4 Go (extensible \u00e0 32 Go)\" \/>\n<meta property=\"og:url\" content=\"https:\/\/exciting-lichterman.217-160-28-49.plesk.page\/de\/produkt\/structure-de-controle-hybride-san\/\" \/>\n<meta property=\"og:site_name\" content=\"K2group Distribution\" \/>\n<meta property=\"article:modified_time\" content=\"2023-06-01T10:50:45+00:00\" \/>\n<meta name=\"twitter:card\" content=\"summary_large_image\" \/>\n<meta name=\"twitter:label1\" content=\"Gesch\u00e4tzte Lesezeit\" \/>\n\t<meta name=\"twitter:data1\" content=\"1\u00a0Minute\" \/>\n<script type=\"application\/ld+json\" class=\"yoast-schema-graph\">{\"@context\":\"https:\\\/\\\/schema.org\",\"@graph\":[{\"@type\":\"WebPage\",\"@id\":\"https:\\\/\\\/exciting-lichterman.217-160-28-49.plesk.page\\\/produit\\\/structure-de-controle-hybride-san\\\/\",\"url\":\"https:\\\/\\\/exciting-lichterman.217-160-28-49.plesk.page\\\/produit\\\/structure-de-controle-hybride-san\\\/\",\"name\":\"Structure de contr\u00f4le HYBRIDE \\\/ SAN - K2group Distribution\",\"isPartOf\":{\"@id\":\"https:\\\/\\\/exciting-lichterman.217-160-28-49.plesk.page\\\/#website\"},\"datePublished\":\"2022-08-25T16:45:48+00:00\",\"dateModified\":\"2023-06-01T10:50:45+00:00\",\"breadcrumb\":{\"@id\":\"https:\\\/\\\/exciting-lichterman.217-160-28-49.plesk.page\\\/produit\\\/structure-de-controle-hybride-san\\\/#breadcrumb\"},\"inLanguage\":\"de\",\"potentialAction\":[{\"@type\":\"ReadAction\",\"target\":[\"https:\\\/\\\/exciting-lichterman.217-160-28-49.plesk.page\\\/produit\\\/structure-de-controle-hybride-san\\\/\"]}]},{\"@type\":\"BreadcrumbList\",\"@id\":\"https:\\\/\\\/exciting-lichterman.217-160-28-49.plesk.page\\\/produit\\\/structure-de-controle-hybride-san\\\/#breadcrumb\",\"itemListElement\":[{\"@type\":\"ListItem\",\"position\":1,\"name\":\"Accueil\",\"item\":\"https:\\\/\\\/exciting-lichterman.217-160-28-49.plesk.page\\\/\"},{\"@type\":\"ListItem\",\"position\":2,\"name\":\"Boutique\",\"item\":\"https:\\\/\\\/exciting-lichterman.217-160-28-49.plesk.page\\\/boutique\\\/\"},{\"@type\":\"ListItem\",\"position\":3,\"name\":\"Structure de contr\u00f4le HYBRIDE \\\/ SAN\"}]},{\"@type\":\"WebSite\",\"@id\":\"https:\\\/\\\/exciting-lichterman.217-160-28-49.plesk.page\\\/#website\",\"url\":\"https:\\\/\\\/exciting-lichterman.217-160-28-49.plesk.page\\\/\",\"name\":\"K2group Distribution\",\"description\":\"\",\"publisher\":{\"@id\":\"https:\\\/\\\/exciting-lichterman.217-160-28-49.plesk.page\\\/#organization\"},\"potentialAction\":[{\"@type\":\"SearchAction\",\"target\":{\"@type\":\"EntryPoint\",\"urlTemplate\":\"https:\\\/\\\/exciting-lichterman.217-160-28-49.plesk.page\\\/?s={search_term_string}\"},\"query-input\":{\"@type\":\"PropertyValueSpecification\",\"valueRequired\":true,\"valueName\":\"search_term_string\"}}],\"inLanguage\":\"de\"},{\"@type\":\"Organization\",\"@id\":\"https:\\\/\\\/exciting-lichterman.217-160-28-49.plesk.page\\\/#organization\",\"name\":\"K2group Distribution\",\"url\":\"https:\\\/\\\/exciting-lichterman.217-160-28-49.plesk.page\\\/\",\"logo\":{\"@type\":\"ImageObject\",\"inLanguage\":\"de\",\"@id\":\"https:\\\/\\\/exciting-lichterman.217-160-28-49.plesk.page\\\/#\\\/schema\\\/logo\\\/image\\\/\",\"url\":\"https:\\\/\\\/exciting-lichterman.217-160-28-49.plesk.page\\\/wp-content\\\/uploads\\\/2022\\\/04\\\/logo-K2.png\",\"contentUrl\":\"https:\\\/\\\/exciting-lichterman.217-160-28-49.plesk.page\\\/wp-content\\\/uploads\\\/2022\\\/04\\\/logo-K2.png\",\"width\":155,\"height\":66,\"caption\":\"K2group Distribution\"},\"image\":{\"@id\":\"https:\\\/\\\/exciting-lichterman.217-160-28-49.plesk.page\\\/#\\\/schema\\\/logo\\\/image\\\/\"}}]}<\/script>\n<!-- \/ Yoast SEO plugin. -->","yoast_head_json":{"title":"Structure de contr\u00f4le HYBRIDE \/ SAN - K2group Distribution","robots":{"index":"noindex","follow":"follow","max-snippet":"max-snippet:-1","max-image-preview":"max-image-preview:large","max-video-preview":"max-video-preview:-1"},"og_locale":"de_DE","og_type":"article","og_title":"Structure de contr\u00f4le HYBRIDE \/ SAN - K2group Distribution","og_description":"R\u00e9f\u00e9rence : DS-A81016S(B)  Interface D'alarme : 1  Interface R\u00e9seau De Gestion : 1 interface Ethernet 1000M  HDMI : 2  Fente Pour Disque Dur : 16  Prise En Charge Du Disque Dur : Simple, RAID (disque dur d'entreprise)  RAID : RAID0, 1, 3, 5, 6, 10, 50, JBOD, disque de secours  Mode Streaming Direct : Vid\u00e9o (2 Mbps) + Image : Enregistrement + lecture 320 canaux  Mode IPSAN : Enregistrement + lecture 180 canaux  Performances Vid\u00e9o : 320  Performances D'image : 320  Structure : Contr\u00f4leur unique  Processeur : Un contr\u00f4leur (processeur multic\u0153ur 64 bits)  Cache : 4 Go (extensible \u00e0 32 Go)","og_url":"https:\/\/exciting-lichterman.217-160-28-49.plesk.page\/de\/produkt\/structure-de-controle-hybride-san\/","og_site_name":"K2group Distribution","article_modified_time":"2023-06-01T10:50:45+00:00","twitter_card":"summary_large_image","twitter_misc":{"Gesch\u00e4tzte Lesezeit":"1\u00a0Minute"},"schema":{"@context":"https:\/\/schema.org","@graph":[{"@type":"WebPage","@id":"https:\/\/exciting-lichterman.217-160-28-49.plesk.page\/produit\/structure-de-controle-hybride-san\/","url":"https:\/\/exciting-lichterman.217-160-28-49.plesk.page\/produit\/structure-de-controle-hybride-san\/","name":"Structure de contr\u00f4le HYBRIDE \/ SAN - K2group Distribution","isPartOf":{"@id":"https:\/\/exciting-lichterman.217-160-28-49.plesk.page\/#website"},"datePublished":"2022-08-25T16:45:48+00:00","dateModified":"2023-06-01T10:50:45+00:00","breadcrumb":{"@id":"https:\/\/exciting-lichterman.217-160-28-49.plesk.page\/produit\/structure-de-controle-hybride-san\/#breadcrumb"},"inLanguage":"de","potentialAction":[{"@type":"ReadAction","target":["https:\/\/exciting-lichterman.217-160-28-49.plesk.page\/produit\/structure-de-controle-hybride-san\/"]}]},{"@type":"BreadcrumbList","@id":"https:\/\/exciting-lichterman.217-160-28-49.plesk.page\/produit\/structure-de-controle-hybride-san\/#breadcrumb","itemListElement":[{"@type":"ListItem","position":1,"name":"Accueil","item":"https:\/\/exciting-lichterman.217-160-28-49.plesk.page\/"},{"@type":"ListItem","position":2,"name":"Boutique","item":"https:\/\/exciting-lichterman.217-160-28-49.plesk.page\/boutique\/"},{"@type":"ListItem","position":3,"name":"Structure de contr\u00f4le HYBRIDE \/ SAN"}]},{"@type":"WebSite","@id":"https:\/\/exciting-lichterman.217-160-28-49.plesk.page\/#website","url":"https:\/\/exciting-lichterman.217-160-28-49.plesk.page\/","name":"K2group Distribution","description":"","publisher":{"@id":"https:\/\/exciting-lichterman.217-160-28-49.plesk.page\/#organization"},"potentialAction":[{"@type":"SearchAction","target":{"@type":"EntryPoint","urlTemplate":"https:\/\/exciting-lichterman.217-160-28-49.plesk.page\/?s={search_term_string}"},"query-input":{"@type":"PropertyValueSpecification","valueRequired":true,"valueName":"search_term_string"}}],"inLanguage":"de"},{"@type":"Organization","@id":"https:\/\/exciting-lichterman.217-160-28-49.plesk.page\/#organization","name":"K2group Distribution","url":"https:\/\/exciting-lichterman.217-160-28-49.plesk.page\/","logo":{"@type":"ImageObject","inLanguage":"de","@id":"https:\/\/exciting-lichterman.217-160-28-49.plesk.page\/#\/schema\/logo\/image\/","url":"https:\/\/exciting-lichterman.217-160-28-49.plesk.page\/wp-content\/uploads\/2022\/04\/logo-K2.png","contentUrl":"https:\/\/exciting-lichterman.217-160-28-49.plesk.page\/wp-content\/uploads\/2022\/04\/logo-K2.png","width":155,"height":66,"caption":"K2group Distribution"},"image":{"@id":"https:\/\/exciting-lichterman.217-160-28-49.plesk.page\/#\/schema\/logo\/image\/"}}]}},"_links":{"self":[{"href":"https:\/\/exciting-lichterman.217-160-28-49.plesk.page\/de\/wp-json\/wp\/v2\/product\/12484","targetHints":{"allow":["GET"]}}],"collection":[{"href":"https:\/\/exciting-lichterman.217-160-28-49.plesk.page\/de\/wp-json\/wp\/v2\/product"}],"about":[{"href":"https:\/\/exciting-lichterman.217-160-28-49.plesk.page\/de\/wp-json\/wp\/v2\/types\/product"}],"replies":[{"embeddable":true,"href":"https:\/\/exciting-lichterman.217-160-28-49.plesk.page\/de\/wp-json\/wp\/v2\/comments?post=12484"}],"version-history":[{"count":4,"href":"https:\/\/exciting-lichterman.217-160-28-49.plesk.page\/de\/wp-json\/wp\/v2\/product\/12484\/revisions"}],"predecessor-version":[{"id":17730,"href":"https:\/\/exciting-lichterman.217-160-28-49.plesk.page\/de\/wp-json\/wp\/v2\/product\/12484\/revisions\/17730"}],"wp:attachment":[{"href":"https:\/\/exciting-lichterman.217-160-28-49.plesk.page\/de\/wp-json\/wp\/v2\/media?parent=12484"}],"wp:term":[{"taxonomy":"product_brand","embeddable":true,"href":"https:\/\/exciting-lichterman.217-160-28-49.plesk.page\/de\/wp-json\/wp\/v2\/product_brand?post=12484"},{"taxonomy":"product_cat","embeddable":true,"href":"https:\/\/exciting-lichterman.217-160-28-49.plesk.page\/de\/wp-json\/wp\/v2\/product_cat?post=12484"},{"taxonomy":"product_tag","embeddable":true,"href":"https:\/\/exciting-lichterman.217-160-28-49.plesk.page\/de\/wp-json\/wp\/v2\/product_tag?post=12484"}],"curies":[{"name":"wp","href":"https:\/\/api.w.org\/{rel}","templated":true}]}}