{"id":12151,"date":"2022-08-17T15:22:19","date_gmt":"2022-08-17T15:22:19","guid":{"rendered":"https:\/\/practical-elbakyan.82-165-223-183.plesk.page\/?post_type=product&#038;p=12151"},"modified":"2023-06-01T10:37:14","modified_gmt":"2023-06-01T10:37:14","slug":"enregistreur-nvr-ip-8-entrees-4","status":"publish","type":"product","link":"https:\/\/exciting-lichterman.217-160-28-49.plesk.page\/de\/produkt\/enregistreur-nvr-ip-8-entrees-4\/","title":{"rendered":"Enregistreur NVR IP &#8211; 8 entr\u00e9es"},"content":{"rendered":"<h2 style=\"font-family:Poppins;font-size:14px; font-weight:400!important; line-height:2\">  L&rsquo;enregistreur num\u00e9rique Hikvision DS-7616NI-I2\/16P est un \u00e9quipement de vid\u00e9osurveillance haute performance qui permet d&rsquo;enregistrer et de visualiser en temps r\u00e9el jusqu&rsquo;\u00e0 16 cam\u00e9ras IP de qualit\u00e9 4K ou inf\u00e9rieure via les ports PoE.<\/h2>\n<p>  Gr\u00e2ce \u00e0 cette technologie, l&rsquo;alimentation \u00e9lectrique est directement achemin\u00e9e par les c\u00e2bles RJ45, ce qui facilite grandement l&rsquo;installation et la maintenance des cam\u00e9ras.<\/p>\n<p>Cet enregistreur est dot\u00e9 aussi des performances sup\u00e9rieures aux autres mod\u00e8les de la gamme DS-7600, avec notamment un affichage natif en 4K, des d\u00e9bits r\u00e9seau plus \u00e9lev\u00e9s, ainsi qu&rsquo;un processeur de nouvelle g\u00e9n\u00e9ration plus rapide. Il est compatible avec les codecs H265, H265+, H264, H264+ et MPEG4, garantissant ainsi une grande flexibilit\u00e9 en termes de formats d&rsquo;enregistrement.<\/p>\n<p>En outre, ce DS-7616NI-I2\/16P prend en charge les cam\u00e9ras IP Hikvision et les cam\u00e9ras tierces avec protocole ONVIF, tout en offrant la possibilit\u00e9 de g\u00e9rer diff\u00e9rents types de cam\u00e9ras, tels que les cam\u00e9ras de lecture de plaques d&rsquo;immatriculation, les cam\u00e9ras de comptage de personnes, les cam\u00e9ras thermiques, etc.<\/p>","protected":false},"excerpt":{"rendered":"<ul>\n<li><strong>R\u00e9f\u00e9rence : DS-7616NI-I2\/16P<\/strong><\/li>\n<li>Compression vid\u00e9o : H.265+\/H.265\/H.264+\/H.264\/MPEG4<\/li>\n<li>Sortie Audio : 1 canal, RCA (Lin\u00e9aire, 1 K\u03a9)<\/li>\n<li>SATA : 2 interfaces SATA<\/li>\n<li>Capacit\u00e9 : Jusqu&rsquo;\u00e0 10 To de capacit\u00e9 pour chaque disque dur<\/li>\n<li>Interface USB : Panneau avant : 1 \u00d7 USB 2.0 ; Panneau arri\u00e8re : 1 \u00d7 USB 3.0<\/li>\n<li>Entr\u00e9e \/ Sortie d&rsquo;alarme : 4 \/ 1<\/li>\n<li>Alimentation : 100 \u00e0 240 VCA, 50 \u00e0 60 Hz<\/li>\n<li>Dimensions (L \u00d7 P \u00d7 H) : 385 \u00d7 315 \u00d7 52 mm<\/li>\n<li>Poids : \u2264 3 Kg<\/li>\n<\/ul>","protected":false},"featured_media":12152,"comment_status":"open","ping_status":"closed","template":"","meta":{"_acf_changed":false},"product_brand":[],"product_cat":[390,716],"product_tag":[],"class_list":{"0":"post-12151","1":"product","2":"type-product","3":"status-publish","4":"has-post-thumbnail","6":"product_cat-alarmes-et-video","7":"product_cat-nvr","9":"first","10":"instock","11":"taxable","12":"shipping-taxable","13":"product-type-simple"},"acf":[],"yoast_head":"<!-- This site is optimized with the Yoast SEO plugin v27.4 - https:\/\/yoast.com\/product\/yoast-seo-wordpress\/ -->\n<title>Enregistreur NVR IP - 8 entr\u00e9es - K2group Distribution<\/title>\n<meta name=\"robots\" content=\"noindex, follow, max-snippet:-1, max-image-preview:large, max-video-preview:-1\" \/>\n<meta property=\"og:locale\" content=\"de_DE\" \/>\n<meta property=\"og:type\" content=\"article\" \/>\n<meta property=\"og:title\" content=\"Enregistreur NVR IP - 8 entr\u00e9es - K2group Distribution\" \/>\n<meta property=\"og:description\" content=\"R\u00e9f\u00e9rence : DS-7616NI-I2\/16P  Compression vid\u00e9o : H.265+\/H.265\/H.264+\/H.264\/MPEG4  Sortie Audio : 1 canal, RCA (Lin\u00e9aire, 1 K\u03a9)  SATA : 2 interfaces SATA  Capacit\u00e9 : Jusqu&#039;\u00e0 10 To de capacit\u00e9 pour chaque disque dur  Interface USB : Panneau avant : 1 \u00d7 USB 2.0 ; Panneau arri\u00e8re : 1 \u00d7 USB 3.0  Entr\u00e9e \/ Sortie d&#039;alarme : 4 \/ 1  Alimentation : 100 \u00e0 240 VCA, 50 \u00e0 60 Hz  Dimensions (L \u00d7 P \u00d7 H) : 385 \u00d7 315 \u00d7 52 mm  Poids : \u2264 3 Kg\" \/>\n<meta property=\"og:url\" content=\"https:\/\/exciting-lichterman.217-160-28-49.plesk.page\/de\/produkt\/enregistreur-nvr-ip-8-entrees-4\/\" \/>\n<meta property=\"og:site_name\" content=\"K2group Distribution\" \/>\n<meta property=\"article:modified_time\" content=\"2023-06-01T10:37:14+00:00\" \/>\n<meta property=\"og:image\" content=\"https:\/\/exciting-lichterman.217-160-28-49.plesk.page\/wp-content\/uploads\/2022\/08\/DS-7616NI-I2-16P-01-scaled.webp\" \/>\n\t<meta property=\"og:image:width\" content=\"2560\" \/>\n\t<meta property=\"og:image:height\" content=\"2545\" \/>\n\t<meta property=\"og:image:type\" content=\"image\/webp\" \/>\n<meta name=\"twitter:card\" content=\"summary_large_image\" \/>\n<meta name=\"twitter:label1\" content=\"Gesch\u00e4tzte Lesezeit\" \/>\n\t<meta name=\"twitter:data1\" content=\"1\u00a0Minute\" \/>\n<script type=\"application\/ld+json\" class=\"yoast-schema-graph\">{\"@context\":\"https:\\\/\\\/schema.org\",\"@graph\":[{\"@type\":\"WebPage\",\"@id\":\"https:\\\/\\\/exciting-lichterman.217-160-28-49.plesk.page\\\/produit\\\/enregistreur-nvr-ip-8-entrees-4\\\/\",\"url\":\"https:\\\/\\\/exciting-lichterman.217-160-28-49.plesk.page\\\/produit\\\/enregistreur-nvr-ip-8-entrees-4\\\/\",\"name\":\"Enregistreur NVR IP - 8 entr\u00e9es - K2group Distribution\",\"isPartOf\":{\"@id\":\"https:\\\/\\\/exciting-lichterman.217-160-28-49.plesk.page\\\/#website\"},\"primaryImageOfPage\":{\"@id\":\"https:\\\/\\\/exciting-lichterman.217-160-28-49.plesk.page\\\/produit\\\/enregistreur-nvr-ip-8-entrees-4\\\/#primaryimage\"},\"image\":{\"@id\":\"https:\\\/\\\/exciting-lichterman.217-160-28-49.plesk.page\\\/produit\\\/enregistreur-nvr-ip-8-entrees-4\\\/#primaryimage\"},\"thumbnailUrl\":\"https:\\\/\\\/exciting-lichterman.217-160-28-49.plesk.page\\\/wp-content\\\/uploads\\\/2022\\\/08\\\/DS-7616NI-I2-16P-01-scaled.webp\",\"datePublished\":\"2022-08-17T15:22:19+00:00\",\"dateModified\":\"2023-06-01T10:37:14+00:00\",\"breadcrumb\":{\"@id\":\"https:\\\/\\\/exciting-lichterman.217-160-28-49.plesk.page\\\/produit\\\/enregistreur-nvr-ip-8-entrees-4\\\/#breadcrumb\"},\"inLanguage\":\"de\",\"potentialAction\":[{\"@type\":\"ReadAction\",\"target\":[\"https:\\\/\\\/exciting-lichterman.217-160-28-49.plesk.page\\\/produit\\\/enregistreur-nvr-ip-8-entrees-4\\\/\"]}]},{\"@type\":\"ImageObject\",\"inLanguage\":\"de\",\"@id\":\"https:\\\/\\\/exciting-lichterman.217-160-28-49.plesk.page\\\/produit\\\/enregistreur-nvr-ip-8-entrees-4\\\/#primaryimage\",\"url\":\"https:\\\/\\\/exciting-lichterman.217-160-28-49.plesk.page\\\/wp-content\\\/uploads\\\/2022\\\/08\\\/DS-7616NI-I2-16P-01-scaled.webp\",\"contentUrl\":\"https:\\\/\\\/exciting-lichterman.217-160-28-49.plesk.page\\\/wp-content\\\/uploads\\\/2022\\\/08\\\/DS-7616NI-I2-16P-01-scaled.webp\",\"width\":2560,\"height\":2545},{\"@type\":\"BreadcrumbList\",\"@id\":\"https:\\\/\\\/exciting-lichterman.217-160-28-49.plesk.page\\\/produit\\\/enregistreur-nvr-ip-8-entrees-4\\\/#breadcrumb\",\"itemListElement\":[{\"@type\":\"ListItem\",\"position\":1,\"name\":\"Accueil\",\"item\":\"https:\\\/\\\/exciting-lichterman.217-160-28-49.plesk.page\\\/\"},{\"@type\":\"ListItem\",\"position\":2,\"name\":\"Boutique\",\"item\":\"https:\\\/\\\/exciting-lichterman.217-160-28-49.plesk.page\\\/boutique\\\/\"},{\"@type\":\"ListItem\",\"position\":3,\"name\":\"Enregistreur NVR IP &#8211; 8 entr\u00e9es\"}]},{\"@type\":\"WebSite\",\"@id\":\"https:\\\/\\\/exciting-lichterman.217-160-28-49.plesk.page\\\/#website\",\"url\":\"https:\\\/\\\/exciting-lichterman.217-160-28-49.plesk.page\\\/\",\"name\":\"K2group Distribution\",\"description\":\"\",\"publisher\":{\"@id\":\"https:\\\/\\\/exciting-lichterman.217-160-28-49.plesk.page\\\/#organization\"},\"potentialAction\":[{\"@type\":\"SearchAction\",\"target\":{\"@type\":\"EntryPoint\",\"urlTemplate\":\"https:\\\/\\\/exciting-lichterman.217-160-28-49.plesk.page\\\/?s={search_term_string}\"},\"query-input\":{\"@type\":\"PropertyValueSpecification\",\"valueRequired\":true,\"valueName\":\"search_term_string\"}}],\"inLanguage\":\"de\"},{\"@type\":\"Organization\",\"@id\":\"https:\\\/\\\/exciting-lichterman.217-160-28-49.plesk.page\\\/#organization\",\"name\":\"K2group Distribution\",\"url\":\"https:\\\/\\\/exciting-lichterman.217-160-28-49.plesk.page\\\/\",\"logo\":{\"@type\":\"ImageObject\",\"inLanguage\":\"de\",\"@id\":\"https:\\\/\\\/exciting-lichterman.217-160-28-49.plesk.page\\\/#\\\/schema\\\/logo\\\/image\\\/\",\"url\":\"https:\\\/\\\/exciting-lichterman.217-160-28-49.plesk.page\\\/wp-content\\\/uploads\\\/2022\\\/04\\\/logo-K2.png\",\"contentUrl\":\"https:\\\/\\\/exciting-lichterman.217-160-28-49.plesk.page\\\/wp-content\\\/uploads\\\/2022\\\/04\\\/logo-K2.png\",\"width\":155,\"height\":66,\"caption\":\"K2group Distribution\"},\"image\":{\"@id\":\"https:\\\/\\\/exciting-lichterman.217-160-28-49.plesk.page\\\/#\\\/schema\\\/logo\\\/image\\\/\"}}]}<\/script>\n<!-- \/ Yoast SEO plugin. -->","yoast_head_json":{"title":"Enregistreur NVR IP - 8 entr\u00e9es - K2group Distribution","robots":{"index":"noindex","follow":"follow","max-snippet":"max-snippet:-1","max-image-preview":"max-image-preview:large","max-video-preview":"max-video-preview:-1"},"og_locale":"de_DE","og_type":"article","og_title":"Enregistreur NVR IP - 8 entr\u00e9es - K2group Distribution","og_description":"R\u00e9f\u00e9rence : DS-7616NI-I2\/16P  Compression vid\u00e9o : H.265+\/H.265\/H.264+\/H.264\/MPEG4  Sortie Audio : 1 canal, RCA (Lin\u00e9aire, 1 K\u03a9)  SATA : 2 interfaces SATA  Capacit\u00e9 : Jusqu'\u00e0 10 To de capacit\u00e9 pour chaque disque dur  Interface USB : Panneau avant : 1 \u00d7 USB 2.0 ; Panneau arri\u00e8re : 1 \u00d7 USB 3.0  Entr\u00e9e \/ Sortie d'alarme : 4 \/ 1  Alimentation : 100 \u00e0 240 VCA, 50 \u00e0 60 Hz  Dimensions (L \u00d7 P \u00d7 H) : 385 \u00d7 315 \u00d7 52 mm  Poids : \u2264 3 Kg","og_url":"https:\/\/exciting-lichterman.217-160-28-49.plesk.page\/de\/produkt\/enregistreur-nvr-ip-8-entrees-4\/","og_site_name":"K2group Distribution","article_modified_time":"2023-06-01T10:37:14+00:00","og_image":[{"width":2560,"height":2545,"url":"https:\/\/exciting-lichterman.217-160-28-49.plesk.page\/wp-content\/uploads\/2022\/08\/DS-7616NI-I2-16P-01-scaled.webp","type":"image\/webp"}],"twitter_card":"summary_large_image","twitter_misc":{"Gesch\u00e4tzte Lesezeit":"1\u00a0Minute"},"schema":{"@context":"https:\/\/schema.org","@graph":[{"@type":"WebPage","@id":"https:\/\/exciting-lichterman.217-160-28-49.plesk.page\/produit\/enregistreur-nvr-ip-8-entrees-4\/","url":"https:\/\/exciting-lichterman.217-160-28-49.plesk.page\/produit\/enregistreur-nvr-ip-8-entrees-4\/","name":"Enregistreur NVR IP - 8 entr\u00e9es - K2group Distribution","isPartOf":{"@id":"https:\/\/exciting-lichterman.217-160-28-49.plesk.page\/#website"},"primaryImageOfPage":{"@id":"https:\/\/exciting-lichterman.217-160-28-49.plesk.page\/produit\/enregistreur-nvr-ip-8-entrees-4\/#primaryimage"},"image":{"@id":"https:\/\/exciting-lichterman.217-160-28-49.plesk.page\/produit\/enregistreur-nvr-ip-8-entrees-4\/#primaryimage"},"thumbnailUrl":"https:\/\/exciting-lichterman.217-160-28-49.plesk.page\/wp-content\/uploads\/2022\/08\/DS-7616NI-I2-16P-01-scaled.webp","datePublished":"2022-08-17T15:22:19+00:00","dateModified":"2023-06-01T10:37:14+00:00","breadcrumb":{"@id":"https:\/\/exciting-lichterman.217-160-28-49.plesk.page\/produit\/enregistreur-nvr-ip-8-entrees-4\/#breadcrumb"},"inLanguage":"de","potentialAction":[{"@type":"ReadAction","target":["https:\/\/exciting-lichterman.217-160-28-49.plesk.page\/produit\/enregistreur-nvr-ip-8-entrees-4\/"]}]},{"@type":"ImageObject","inLanguage":"de","@id":"https:\/\/exciting-lichterman.217-160-28-49.plesk.page\/produit\/enregistreur-nvr-ip-8-entrees-4\/#primaryimage","url":"https:\/\/exciting-lichterman.217-160-28-49.plesk.page\/wp-content\/uploads\/2022\/08\/DS-7616NI-I2-16P-01-scaled.webp","contentUrl":"https:\/\/exciting-lichterman.217-160-28-49.plesk.page\/wp-content\/uploads\/2022\/08\/DS-7616NI-I2-16P-01-scaled.webp","width":2560,"height":2545},{"@type":"BreadcrumbList","@id":"https:\/\/exciting-lichterman.217-160-28-49.plesk.page\/produit\/enregistreur-nvr-ip-8-entrees-4\/#breadcrumb","itemListElement":[{"@type":"ListItem","position":1,"name":"Accueil","item":"https:\/\/exciting-lichterman.217-160-28-49.plesk.page\/"},{"@type":"ListItem","position":2,"name":"Boutique","item":"https:\/\/exciting-lichterman.217-160-28-49.plesk.page\/boutique\/"},{"@type":"ListItem","position":3,"name":"Enregistreur NVR IP &#8211; 8 entr\u00e9es"}]},{"@type":"WebSite","@id":"https:\/\/exciting-lichterman.217-160-28-49.plesk.page\/#website","url":"https:\/\/exciting-lichterman.217-160-28-49.plesk.page\/","name":"K2group Distribution","description":"","publisher":{"@id":"https:\/\/exciting-lichterman.217-160-28-49.plesk.page\/#organization"},"potentialAction":[{"@type":"SearchAction","target":{"@type":"EntryPoint","urlTemplate":"https:\/\/exciting-lichterman.217-160-28-49.plesk.page\/?s={search_term_string}"},"query-input":{"@type":"PropertyValueSpecification","valueRequired":true,"valueName":"search_term_string"}}],"inLanguage":"de"},{"@type":"Organization","@id":"https:\/\/exciting-lichterman.217-160-28-49.plesk.page\/#organization","name":"K2group Distribution","url":"https:\/\/exciting-lichterman.217-160-28-49.plesk.page\/","logo":{"@type":"ImageObject","inLanguage":"de","@id":"https:\/\/exciting-lichterman.217-160-28-49.plesk.page\/#\/schema\/logo\/image\/","url":"https:\/\/exciting-lichterman.217-160-28-49.plesk.page\/wp-content\/uploads\/2022\/04\/logo-K2.png","contentUrl":"https:\/\/exciting-lichterman.217-160-28-49.plesk.page\/wp-content\/uploads\/2022\/04\/logo-K2.png","width":155,"height":66,"caption":"K2group Distribution"},"image":{"@id":"https:\/\/exciting-lichterman.217-160-28-49.plesk.page\/#\/schema\/logo\/image\/"}}]}},"_links":{"self":[{"href":"https:\/\/exciting-lichterman.217-160-28-49.plesk.page\/de\/wp-json\/wp\/v2\/product\/12151","targetHints":{"allow":["GET"]}}],"collection":[{"href":"https:\/\/exciting-lichterman.217-160-28-49.plesk.page\/de\/wp-json\/wp\/v2\/product"}],"about":[{"href":"https:\/\/exciting-lichterman.217-160-28-49.plesk.page\/de\/wp-json\/wp\/v2\/types\/product"}],"replies":[{"embeddable":true,"href":"https:\/\/exciting-lichterman.217-160-28-49.plesk.page\/de\/wp-json\/wp\/v2\/comments?post=12151"}],"version-history":[{"count":5,"href":"https:\/\/exciting-lichterman.217-160-28-49.plesk.page\/de\/wp-json\/wp\/v2\/product\/12151\/revisions"}],"predecessor-version":[{"id":17690,"href":"https:\/\/exciting-lichterman.217-160-28-49.plesk.page\/de\/wp-json\/wp\/v2\/product\/12151\/revisions\/17690"}],"wp:featuredmedia":[{"embeddable":true,"href":"https:\/\/exciting-lichterman.217-160-28-49.plesk.page\/de\/wp-json\/wp\/v2\/media\/12152"}],"wp:attachment":[{"href":"https:\/\/exciting-lichterman.217-160-28-49.plesk.page\/de\/wp-json\/wp\/v2\/media?parent=12151"}],"wp:term":[{"taxonomy":"product_brand","embeddable":true,"href":"https:\/\/exciting-lichterman.217-160-28-49.plesk.page\/de\/wp-json\/wp\/v2\/product_brand?post=12151"},{"taxonomy":"product_cat","embeddable":true,"href":"https:\/\/exciting-lichterman.217-160-28-49.plesk.page\/de\/wp-json\/wp\/v2\/product_cat?post=12151"},{"taxonomy":"product_tag","embeddable":true,"href":"https:\/\/exciting-lichterman.217-160-28-49.plesk.page\/de\/wp-json\/wp\/v2\/product_tag?post=12151"}],"curies":[{"name":"wp","href":"https:\/\/api.w.org\/{rel}","templated":true}]}}