{"id":12116,"date":"2022-08-16T17:04:54","date_gmt":"2022-08-16T17:04:54","guid":{"rendered":"https:\/\/practical-elbakyan.82-165-223-183.plesk.page\/?post_type=product&#038;p=12116"},"modified":"2023-06-01T10:36:07","modified_gmt":"2023-06-01T10:36:07","slug":"enregistreur-nvr-ip-4-entrees-2","status":"publish","type":"product","link":"https:\/\/exciting-lichterman.217-160-28-49.plesk.page\/de\/produkt\/enregistreur-nvr-ip-4-entrees-2\/","title":{"rendered":"Enregistreur  NVR IP &#8211; 4 entr\u00e9es"},"content":{"rendered":"<h2 style=\"font-family:Poppins;font-size:14px; font-weight:400!important; line-height:2\">   Le DS-7604NI-K1\/W de Hikvision est un enregistreur NVR IP POE puissant qui offre une surveillance vid\u00e9o de qualit\u00e9 sup\u00e9rieure pour les petites entreprises et les particuliers. <\/h2>\n<p>Gr\u00e2ce \u00e0 sa capacit\u00e9 de connecter jusqu&rsquo;\u00e0 4 cam\u00e9ras IP, il est id\u00e9al pour les espaces de surveillance de taille moyenne, tels que les magasins, les bureaux ou les r\u00e9sidences.<br \/>\nCet enregistreur prend en charge le d\u00e9codage des formats vid\u00e9o H.265+\/H.265\/H.264+\/H.264, offrant une qualit\u00e9 d&rsquo;image exceptionnelle et une compression de donn\u00e9es efficace. Il est \u00e9galement capable d&rsquo;afficher, de stocker et de lire en direct des vid\u00e9os en haute d\u00e9finition jusqu&rsquo;\u00e0 4K, garantissant une surveillance vid\u00e9o de qualit\u00e9 sup\u00e9rieure.<\/p>\n<p>Avec une capacit\u00e9 de d\u00e9codage de 4 canaux \u00e0 1080p, l&rsquo;enregistreur permet une surveillance en temps r\u00e9el fluide et de haute qualit\u00e9. Il dispose \u00e9galement d&rsquo;un disque dur pour l&rsquo;enregistrement vid\u00e9o en continu, fournissant une solution de stockage facile et fiable pour les donn\u00e9es de surveillance.<br \/>\nIl est facile \u00e0 installer gr\u00e2ce \u00e0 une connexion sans fil automatique, ce qui permet une installation rapide et il peut \u00eatre facilement g\u00e9r\u00e9 via l&rsquo;application Hik-Connect, permettant un contr\u00f4le pratique et \u00e0 distance de la surveillance vid\u00e9o.<\/p>","protected":false},"excerpt":{"rendered":"<ul>\n<li><strong>R\u00e9f\u00e9rence : DS-7604NI-K1\/W<\/strong><\/li>\n<li>Compression vid\u00e9o : H.265 +, H.265, H.264 +, H.264<\/li>\n<li>Type RAID : Non<\/li>\n<li>SATA : 1 interface SATA<\/li>\n<li>Capacit\u00e9 : Jusqu&rsquo;\u00e0 6 To de capacit\u00e9 pour chaque disque<\/li>\n<li>Interface USB : Panneau arri\u00e8re : 2 \u00d7 USB 2.0<\/li>\n<li>Alimentation : 12 Vcc<\/li>\n<li>Dimensions (L \u00d7 P \u00d7 H) : 205 \u00d7 205 \u00d7 45 mm<\/li>\n<li>Poids : \u2264 1 Kg<\/li>\n<\/ul>","protected":false},"featured_media":12122,"comment_status":"open","ping_status":"closed","template":"","meta":{"_acf_changed":false},"product_brand":[],"product_cat":[390,716],"product_tag":[],"class_list":{"0":"post-12116","1":"product","2":"type-product","3":"status-publish","4":"has-post-thumbnail","6":"product_cat-alarmes-et-video","7":"product_cat-nvr","9":"first","10":"instock","11":"taxable","12":"shipping-taxable","13":"product-type-simple"},"acf":[],"yoast_head":"<!-- This site is optimized with the Yoast SEO plugin v27.4 - https:\/\/yoast.com\/product\/yoast-seo-wordpress\/ -->\n<title>Enregistreur NVR IP - 4 entr\u00e9es - K2group Distribution<\/title>\n<meta name=\"robots\" content=\"noindex, follow, max-snippet:-1, max-image-preview:large, max-video-preview:-1\" \/>\n<meta property=\"og:locale\" content=\"de_DE\" \/>\n<meta property=\"og:type\" content=\"article\" \/>\n<meta property=\"og:title\" content=\"Enregistreur NVR IP - 4 entr\u00e9es - K2group Distribution\" \/>\n<meta property=\"og:description\" content=\"R\u00e9f\u00e9rence : DS-7604NI-K1\/W  Compression vid\u00e9o : H.265 +, H.265, H.264 +, H.264  Type RAID : Non  SATA : 1 interface SATA  Capacit\u00e9 : Jusqu&#039;\u00e0 6 To de capacit\u00e9 pour chaque disque  Interface USB : Panneau arri\u00e8re : 2 \u00d7 USB 2.0  Alimentation : 12 Vcc  Dimensions (L \u00d7 P \u00d7 H) : 205 \u00d7 205 \u00d7 45 mm  Poids : \u2264 1 Kg\" \/>\n<meta property=\"og:url\" content=\"https:\/\/exciting-lichterman.217-160-28-49.plesk.page\/de\/produkt\/enregistreur-nvr-ip-4-entrees-2\/\" \/>\n<meta property=\"og:site_name\" content=\"K2group Distribution\" \/>\n<meta property=\"article:modified_time\" content=\"2023-06-01T10:36:07+00:00\" \/>\n<meta property=\"og:image\" content=\"https:\/\/exciting-lichterman.217-160-28-49.plesk.page\/wp-content\/uploads\/2022\/08\/DS-7604NI-K1-W-01-scaled.webp\" \/>\n\t<meta property=\"og:image:width\" content=\"2560\" \/>\n\t<meta property=\"og:image:height\" content=\"2545\" \/>\n\t<meta property=\"og:image:type\" content=\"image\/webp\" \/>\n<meta name=\"twitter:card\" content=\"summary_large_image\" \/>\n<meta name=\"twitter:label1\" content=\"Gesch\u00e4tzte Lesezeit\" \/>\n\t<meta name=\"twitter:data1\" content=\"1\u00a0Minute\" \/>\n<script type=\"application\/ld+json\" class=\"yoast-schema-graph\">{\"@context\":\"https:\\\/\\\/schema.org\",\"@graph\":[{\"@type\":\"WebPage\",\"@id\":\"https:\\\/\\\/exciting-lichterman.217-160-28-49.plesk.page\\\/produit\\\/enregistreur-nvr-ip-4-entrees-2\\\/\",\"url\":\"https:\\\/\\\/exciting-lichterman.217-160-28-49.plesk.page\\\/produit\\\/enregistreur-nvr-ip-4-entrees-2\\\/\",\"name\":\"Enregistreur NVR IP - 4 entr\u00e9es - K2group Distribution\",\"isPartOf\":{\"@id\":\"https:\\\/\\\/exciting-lichterman.217-160-28-49.plesk.page\\\/#website\"},\"primaryImageOfPage\":{\"@id\":\"https:\\\/\\\/exciting-lichterman.217-160-28-49.plesk.page\\\/produit\\\/enregistreur-nvr-ip-4-entrees-2\\\/#primaryimage\"},\"image\":{\"@id\":\"https:\\\/\\\/exciting-lichterman.217-160-28-49.plesk.page\\\/produit\\\/enregistreur-nvr-ip-4-entrees-2\\\/#primaryimage\"},\"thumbnailUrl\":\"https:\\\/\\\/exciting-lichterman.217-160-28-49.plesk.page\\\/wp-content\\\/uploads\\\/2022\\\/08\\\/DS-7604NI-K1-W-01-scaled.webp\",\"datePublished\":\"2022-08-16T17:04:54+00:00\",\"dateModified\":\"2023-06-01T10:36:07+00:00\",\"breadcrumb\":{\"@id\":\"https:\\\/\\\/exciting-lichterman.217-160-28-49.plesk.page\\\/produit\\\/enregistreur-nvr-ip-4-entrees-2\\\/#breadcrumb\"},\"inLanguage\":\"de\",\"potentialAction\":[{\"@type\":\"ReadAction\",\"target\":[\"https:\\\/\\\/exciting-lichterman.217-160-28-49.plesk.page\\\/produit\\\/enregistreur-nvr-ip-4-entrees-2\\\/\"]}]},{\"@type\":\"ImageObject\",\"inLanguage\":\"de\",\"@id\":\"https:\\\/\\\/exciting-lichterman.217-160-28-49.plesk.page\\\/produit\\\/enregistreur-nvr-ip-4-entrees-2\\\/#primaryimage\",\"url\":\"https:\\\/\\\/exciting-lichterman.217-160-28-49.plesk.page\\\/wp-content\\\/uploads\\\/2022\\\/08\\\/DS-7604NI-K1-W-01-scaled.webp\",\"contentUrl\":\"https:\\\/\\\/exciting-lichterman.217-160-28-49.plesk.page\\\/wp-content\\\/uploads\\\/2022\\\/08\\\/DS-7604NI-K1-W-01-scaled.webp\",\"width\":2560,\"height\":2545},{\"@type\":\"BreadcrumbList\",\"@id\":\"https:\\\/\\\/exciting-lichterman.217-160-28-49.plesk.page\\\/produit\\\/enregistreur-nvr-ip-4-entrees-2\\\/#breadcrumb\",\"itemListElement\":[{\"@type\":\"ListItem\",\"position\":1,\"name\":\"Accueil\",\"item\":\"https:\\\/\\\/exciting-lichterman.217-160-28-49.plesk.page\\\/\"},{\"@type\":\"ListItem\",\"position\":2,\"name\":\"Boutique\",\"item\":\"https:\\\/\\\/exciting-lichterman.217-160-28-49.plesk.page\\\/boutique\\\/\"},{\"@type\":\"ListItem\",\"position\":3,\"name\":\"Enregistreur NVR IP &#8211; 4 entr\u00e9es\"}]},{\"@type\":\"WebSite\",\"@id\":\"https:\\\/\\\/exciting-lichterman.217-160-28-49.plesk.page\\\/#website\",\"url\":\"https:\\\/\\\/exciting-lichterman.217-160-28-49.plesk.page\\\/\",\"name\":\"K2group Distribution\",\"description\":\"\",\"publisher\":{\"@id\":\"https:\\\/\\\/exciting-lichterman.217-160-28-49.plesk.page\\\/#organization\"},\"potentialAction\":[{\"@type\":\"SearchAction\",\"target\":{\"@type\":\"EntryPoint\",\"urlTemplate\":\"https:\\\/\\\/exciting-lichterman.217-160-28-49.plesk.page\\\/?s={search_term_string}\"},\"query-input\":{\"@type\":\"PropertyValueSpecification\",\"valueRequired\":true,\"valueName\":\"search_term_string\"}}],\"inLanguage\":\"de\"},{\"@type\":\"Organization\",\"@id\":\"https:\\\/\\\/exciting-lichterman.217-160-28-49.plesk.page\\\/#organization\",\"name\":\"K2group Distribution\",\"url\":\"https:\\\/\\\/exciting-lichterman.217-160-28-49.plesk.page\\\/\",\"logo\":{\"@type\":\"ImageObject\",\"inLanguage\":\"de\",\"@id\":\"https:\\\/\\\/exciting-lichterman.217-160-28-49.plesk.page\\\/#\\\/schema\\\/logo\\\/image\\\/\",\"url\":\"https:\\\/\\\/exciting-lichterman.217-160-28-49.plesk.page\\\/wp-content\\\/uploads\\\/2022\\\/04\\\/logo-K2.png\",\"contentUrl\":\"https:\\\/\\\/exciting-lichterman.217-160-28-49.plesk.page\\\/wp-content\\\/uploads\\\/2022\\\/04\\\/logo-K2.png\",\"width\":155,\"height\":66,\"caption\":\"K2group Distribution\"},\"image\":{\"@id\":\"https:\\\/\\\/exciting-lichterman.217-160-28-49.plesk.page\\\/#\\\/schema\\\/logo\\\/image\\\/\"}}]}<\/script>\n<!-- \/ Yoast SEO plugin. -->","yoast_head_json":{"title":"Enregistreur NVR IP - 4 entr\u00e9es - K2group Distribution","robots":{"index":"noindex","follow":"follow","max-snippet":"max-snippet:-1","max-image-preview":"max-image-preview:large","max-video-preview":"max-video-preview:-1"},"og_locale":"de_DE","og_type":"article","og_title":"Enregistreur NVR IP - 4 entr\u00e9es - K2group Distribution","og_description":"R\u00e9f\u00e9rence : DS-7604NI-K1\/W  Compression vid\u00e9o : H.265 +, H.265, H.264 +, H.264  Type RAID : Non  SATA : 1 interface SATA  Capacit\u00e9 : Jusqu'\u00e0 6 To de capacit\u00e9 pour chaque disque  Interface USB : Panneau arri\u00e8re : 2 \u00d7 USB 2.0  Alimentation : 12 Vcc  Dimensions (L \u00d7 P \u00d7 H) : 205 \u00d7 205 \u00d7 45 mm  Poids : \u2264 1 Kg","og_url":"https:\/\/exciting-lichterman.217-160-28-49.plesk.page\/de\/produkt\/enregistreur-nvr-ip-4-entrees-2\/","og_site_name":"K2group Distribution","article_modified_time":"2023-06-01T10:36:07+00:00","og_image":[{"width":2560,"height":2545,"url":"https:\/\/exciting-lichterman.217-160-28-49.plesk.page\/wp-content\/uploads\/2022\/08\/DS-7604NI-K1-W-01-scaled.webp","type":"image\/webp"}],"twitter_card":"summary_large_image","twitter_misc":{"Gesch\u00e4tzte Lesezeit":"1\u00a0Minute"},"schema":{"@context":"https:\/\/schema.org","@graph":[{"@type":"WebPage","@id":"https:\/\/exciting-lichterman.217-160-28-49.plesk.page\/produit\/enregistreur-nvr-ip-4-entrees-2\/","url":"https:\/\/exciting-lichterman.217-160-28-49.plesk.page\/produit\/enregistreur-nvr-ip-4-entrees-2\/","name":"Enregistreur NVR IP - 4 entr\u00e9es - K2group Distribution","isPartOf":{"@id":"https:\/\/exciting-lichterman.217-160-28-49.plesk.page\/#website"},"primaryImageOfPage":{"@id":"https:\/\/exciting-lichterman.217-160-28-49.plesk.page\/produit\/enregistreur-nvr-ip-4-entrees-2\/#primaryimage"},"image":{"@id":"https:\/\/exciting-lichterman.217-160-28-49.plesk.page\/produit\/enregistreur-nvr-ip-4-entrees-2\/#primaryimage"},"thumbnailUrl":"https:\/\/exciting-lichterman.217-160-28-49.plesk.page\/wp-content\/uploads\/2022\/08\/DS-7604NI-K1-W-01-scaled.webp","datePublished":"2022-08-16T17:04:54+00:00","dateModified":"2023-06-01T10:36:07+00:00","breadcrumb":{"@id":"https:\/\/exciting-lichterman.217-160-28-49.plesk.page\/produit\/enregistreur-nvr-ip-4-entrees-2\/#breadcrumb"},"inLanguage":"de","potentialAction":[{"@type":"ReadAction","target":["https:\/\/exciting-lichterman.217-160-28-49.plesk.page\/produit\/enregistreur-nvr-ip-4-entrees-2\/"]}]},{"@type":"ImageObject","inLanguage":"de","@id":"https:\/\/exciting-lichterman.217-160-28-49.plesk.page\/produit\/enregistreur-nvr-ip-4-entrees-2\/#primaryimage","url":"https:\/\/exciting-lichterman.217-160-28-49.plesk.page\/wp-content\/uploads\/2022\/08\/DS-7604NI-K1-W-01-scaled.webp","contentUrl":"https:\/\/exciting-lichterman.217-160-28-49.plesk.page\/wp-content\/uploads\/2022\/08\/DS-7604NI-K1-W-01-scaled.webp","width":2560,"height":2545},{"@type":"BreadcrumbList","@id":"https:\/\/exciting-lichterman.217-160-28-49.plesk.page\/produit\/enregistreur-nvr-ip-4-entrees-2\/#breadcrumb","itemListElement":[{"@type":"ListItem","position":1,"name":"Accueil","item":"https:\/\/exciting-lichterman.217-160-28-49.plesk.page\/"},{"@type":"ListItem","position":2,"name":"Boutique","item":"https:\/\/exciting-lichterman.217-160-28-49.plesk.page\/boutique\/"},{"@type":"ListItem","position":3,"name":"Enregistreur NVR IP &#8211; 4 entr\u00e9es"}]},{"@type":"WebSite","@id":"https:\/\/exciting-lichterman.217-160-28-49.plesk.page\/#website","url":"https:\/\/exciting-lichterman.217-160-28-49.plesk.page\/","name":"K2group Distribution","description":"","publisher":{"@id":"https:\/\/exciting-lichterman.217-160-28-49.plesk.page\/#organization"},"potentialAction":[{"@type":"SearchAction","target":{"@type":"EntryPoint","urlTemplate":"https:\/\/exciting-lichterman.217-160-28-49.plesk.page\/?s={search_term_string}"},"query-input":{"@type":"PropertyValueSpecification","valueRequired":true,"valueName":"search_term_string"}}],"inLanguage":"de"},{"@type":"Organization","@id":"https:\/\/exciting-lichterman.217-160-28-49.plesk.page\/#organization","name":"K2group Distribution","url":"https:\/\/exciting-lichterman.217-160-28-49.plesk.page\/","logo":{"@type":"ImageObject","inLanguage":"de","@id":"https:\/\/exciting-lichterman.217-160-28-49.plesk.page\/#\/schema\/logo\/image\/","url":"https:\/\/exciting-lichterman.217-160-28-49.plesk.page\/wp-content\/uploads\/2022\/04\/logo-K2.png","contentUrl":"https:\/\/exciting-lichterman.217-160-28-49.plesk.page\/wp-content\/uploads\/2022\/04\/logo-K2.png","width":155,"height":66,"caption":"K2group Distribution"},"image":{"@id":"https:\/\/exciting-lichterman.217-160-28-49.plesk.page\/#\/schema\/logo\/image\/"}}]}},"_links":{"self":[{"href":"https:\/\/exciting-lichterman.217-160-28-49.plesk.page\/de\/wp-json\/wp\/v2\/product\/12116","targetHints":{"allow":["GET"]}}],"collection":[{"href":"https:\/\/exciting-lichterman.217-160-28-49.plesk.page\/de\/wp-json\/wp\/v2\/product"}],"about":[{"href":"https:\/\/exciting-lichterman.217-160-28-49.plesk.page\/de\/wp-json\/wp\/v2\/types\/product"}],"replies":[{"embeddable":true,"href":"https:\/\/exciting-lichterman.217-160-28-49.plesk.page\/de\/wp-json\/wp\/v2\/comments?post=12116"}],"version-history":[{"count":4,"href":"https:\/\/exciting-lichterman.217-160-28-49.plesk.page\/de\/wp-json\/wp\/v2\/product\/12116\/revisions"}],"predecessor-version":[{"id":17684,"href":"https:\/\/exciting-lichterman.217-160-28-49.plesk.page\/de\/wp-json\/wp\/v2\/product\/12116\/revisions\/17684"}],"wp:featuredmedia":[{"embeddable":true,"href":"https:\/\/exciting-lichterman.217-160-28-49.plesk.page\/de\/wp-json\/wp\/v2\/media\/12122"}],"wp:attachment":[{"href":"https:\/\/exciting-lichterman.217-160-28-49.plesk.page\/de\/wp-json\/wp\/v2\/media?parent=12116"}],"wp:term":[{"taxonomy":"product_brand","embeddable":true,"href":"https:\/\/exciting-lichterman.217-160-28-49.plesk.page\/de\/wp-json\/wp\/v2\/product_brand?post=12116"},{"taxonomy":"product_cat","embeddable":true,"href":"https:\/\/exciting-lichterman.217-160-28-49.plesk.page\/de\/wp-json\/wp\/v2\/product_cat?post=12116"},{"taxonomy":"product_tag","embeddable":true,"href":"https:\/\/exciting-lichterman.217-160-28-49.plesk.page\/de\/wp-json\/wp\/v2\/product_tag?post=12116"}],"curies":[{"name":"wp","href":"https:\/\/api.w.org\/{rel}","templated":true}]}}