{"id":12103,"date":"2022-08-16T16:49:54","date_gmt":"2022-08-16T16:49:54","guid":{"rendered":"https:\/\/practical-elbakyan.82-165-223-183.plesk.page\/?post_type=product&#038;p=12103"},"modified":"2023-06-01T10:33:47","modified_gmt":"2023-06-01T10:33:47","slug":"enregistreur-nvr-ip-32-entrees-6","status":"publish","type":"product","link":"https:\/\/exciting-lichterman.217-160-28-49.plesk.page\/de\/produkt\/enregistreur-nvr-ip-32-entrees-6\/","title":{"rendered":"Enregistreur NVR IP &#8211; 32 entr\u00e9es"},"content":{"rendered":"<h2 style=\"font-family:Poppins;font-size:14px; font-weight:400!important; line-height:2\">  L&rsquo;enregistreur NVR IP POE mod\u00e8le DS-9632NI-I16 de HIKvision est un \u00e9quipement performant pour la surveillance vid\u00e9o en r\u00e9seau. Gr\u00e2ce \u00e0 sa capacit\u00e9 de connecter jusqu&rsquo;\u00e0 32 cam\u00e9ras IP, il offre une grande flexibilit\u00e9 pour r\u00e9pondre \u00e0 diff\u00e9rents besoins de surveillance.<\/h2>\n<p>Avec une bande passante entrante pouvant atteindre 320 Mbps (ou 200 Mbps avec RAID activ\u00e9), cet enregistreur garantit une connectivit\u00e9 stable pour toutes les cam\u00e9ras connect\u00e9es. Il dispose \u00e9galement de 2 interfaces HDMI et 2 interfaces VGA pour une lecture de sources diff\u00e9rentes, ainsi que de 16 HDD pour un enregistrement vid\u00e9o continu.<br \/>\nDe plus, il prend en charge les cam\u00e9ras sp\u00e9cialis\u00e9es telles que les cam\u00e9ras de comptage de personnes, les cam\u00e9ras ANPR (reconnaissance automatique des plaques d&rsquo;immatriculation) et les cam\u00e9ras fisheye.<br \/>\nDot\u00e9 d&rsquo;une technologie de streaming avanc\u00e9e, cet enregistreur permet une visualisation en direct fluide m\u00eame dans des conditions de r\u00e9seau m\u00e9diocres. Ainsi, il prend en charge les disques de secours RAID 0, 1, 5, 6, 10 et N+1 pour un stockage de donn\u00e9es encore plus fiable et efficace, ce qui permet d&rsquo;\u00e9viter efficacement les risques de perte de donn\u00e9es.<\/p>","protected":false},"excerpt":{"rendered":"<ul>\n<li><strong>R\u00e9f\u00e9rence : DS-9632NI-I16<\/strong><\/li>\n<li>Compression vid\u00e9o : H.265\/H.265+\/H.264\/H.264+\/MPEG4<\/li>\n<li>Type RAID : RAID0, RAID1, RAID5, RAID6 et RAID10 (au moins 4 To pour chaque disque dur)<\/li>\n<li>SATA : 16 interfaces SATA prenant en charge la connexion \u00e0 chaud<\/li>\n<li>ESATA : 1 interface eSATA<\/li>\n<li>Capacit\u00e9 : Jusqu&rsquo;\u00e0 10 To de capacit\u00e9 pour chaque disque<\/li>\n<li>Sortie Audio : 2 canaux, RCA (Lin\u00e9aire, 1 K\u03a9)<\/li>\n<li>R\u00e9solution D&rsquo;enregistrement : 32 MP\/24 MP\/12 MP\/8 MP\/6 MP\/5 MP\/4 MP\/3 MP\/1080p\/UXGA\/720p\/VGA\/4CIF\/DCIF \/2CIF\/CIF\/QCIF<\/li>\n<li>Interface USB : Panneau avant : 2 \u00d7 USB 2.0 ; Panneau arri\u00e8re : 1 \u00d7 USB 3.0<\/li>\n<li>Alimentation : 100 \u00e0 240 VCA, 50 \u00e0 60 Hz<\/li>\n<li>Dimensions (L \u00d7 P \u00d7 H) : 445 \u00d7 496 \u00d7 146 mm<\/li>\n<li>Poids : \u2264 12,5 Kg<\/li>\n<\/ul>","protected":false},"featured_media":12104,"comment_status":"open","ping_status":"closed","template":"","meta":{"_acf_changed":false},"product_brand":[],"product_cat":[390,716],"product_tag":[],"class_list":{"0":"post-12103","1":"product","2":"type-product","3":"status-publish","4":"has-post-thumbnail","6":"product_cat-alarmes-et-video","7":"product_cat-nvr","9":"first","10":"instock","11":"taxable","12":"shipping-taxable","13":"product-type-simple"},"acf":[],"yoast_head":"<!-- This site is optimized with the Yoast SEO plugin v27.4 - https:\/\/yoast.com\/product\/yoast-seo-wordpress\/ -->\n<title>Enregistreur NVR IP - 32 entr\u00e9es - K2group Distribution<\/title>\n<meta name=\"robots\" content=\"noindex, follow, max-snippet:-1, max-image-preview:large, max-video-preview:-1\" \/>\n<meta property=\"og:locale\" content=\"de_DE\" \/>\n<meta property=\"og:type\" content=\"article\" \/>\n<meta property=\"og:title\" content=\"Enregistreur NVR IP - 32 entr\u00e9es - K2group Distribution\" \/>\n<meta property=\"og:description\" content=\"R\u00e9f\u00e9rence : DS-9632NI-I16  Compression vid\u00e9o : H.265\/H.265+\/H.264\/H.264+\/MPEG4  Type RAID : RAID0, RAID1, RAID5, RAID6 et RAID10 (au moins 4 To pour chaque disque dur)  SATA : 16 interfaces SATA prenant en charge la connexion \u00e0 chaud  ESATA : 1 interface eSATA  Capacit\u00e9 : Jusqu&#039;\u00e0 10 To de capacit\u00e9 pour chaque disque  Sortie Audio : 2 canaux, RCA (Lin\u00e9aire, 1 K\u03a9)  R\u00e9solution D&#039;enregistrement : 32 MP\/24 MP\/12 MP\/8 MP\/6 MP\/5 MP\/4 MP\/3 MP\/1080p\/UXGA\/720p\/VGA\/4CIF\/DCIF \/2CIF\/CIF\/QCIF  Interface USB : Panneau avant : 2 \u00d7 USB 2.0 ; Panneau arri\u00e8re : 1 \u00d7 USB 3.0  Alimentation : 100 \u00e0 240 VCA, 50 \u00e0 60 Hz  Dimensions (L \u00d7 P \u00d7 H) : 445 \u00d7 496 \u00d7 146 mm  Poids : \u2264 12,5 Kg\" \/>\n<meta property=\"og:url\" content=\"https:\/\/exciting-lichterman.217-160-28-49.plesk.page\/de\/produkt\/enregistreur-nvr-ip-32-entrees-6\/\" \/>\n<meta property=\"og:site_name\" content=\"K2group Distribution\" \/>\n<meta property=\"article:modified_time\" content=\"2023-06-01T10:33:47+00:00\" \/>\n<meta property=\"og:image\" content=\"https:\/\/exciting-lichterman.217-160-28-49.plesk.page\/wp-content\/uploads\/2022\/08\/DS-9632NI-I16-01-scaled.webp\" \/>\n\t<meta property=\"og:image:width\" content=\"2560\" \/>\n\t<meta property=\"og:image:height\" content=\"2545\" \/>\n\t<meta property=\"og:image:type\" content=\"image\/webp\" \/>\n<meta name=\"twitter:card\" content=\"summary_large_image\" \/>\n<meta name=\"twitter:label1\" content=\"Gesch\u00e4tzte Lesezeit\" \/>\n\t<meta name=\"twitter:data1\" content=\"1\u00a0Minute\" \/>\n<script type=\"application\/ld+json\" class=\"yoast-schema-graph\">{\"@context\":\"https:\\\/\\\/schema.org\",\"@graph\":[{\"@type\":\"WebPage\",\"@id\":\"https:\\\/\\\/exciting-lichterman.217-160-28-49.plesk.page\\\/produit\\\/enregistreur-nvr-ip-32-entrees-6\\\/\",\"url\":\"https:\\\/\\\/exciting-lichterman.217-160-28-49.plesk.page\\\/produit\\\/enregistreur-nvr-ip-32-entrees-6\\\/\",\"name\":\"Enregistreur NVR IP - 32 entr\u00e9es - K2group Distribution\",\"isPartOf\":{\"@id\":\"https:\\\/\\\/exciting-lichterman.217-160-28-49.plesk.page\\\/#website\"},\"primaryImageOfPage\":{\"@id\":\"https:\\\/\\\/exciting-lichterman.217-160-28-49.plesk.page\\\/produit\\\/enregistreur-nvr-ip-32-entrees-6\\\/#primaryimage\"},\"image\":{\"@id\":\"https:\\\/\\\/exciting-lichterman.217-160-28-49.plesk.page\\\/produit\\\/enregistreur-nvr-ip-32-entrees-6\\\/#primaryimage\"},\"thumbnailUrl\":\"https:\\\/\\\/exciting-lichterman.217-160-28-49.plesk.page\\\/wp-content\\\/uploads\\\/2022\\\/08\\\/DS-9632NI-I16-01-scaled.webp\",\"datePublished\":\"2022-08-16T16:49:54+00:00\",\"dateModified\":\"2023-06-01T10:33:47+00:00\",\"breadcrumb\":{\"@id\":\"https:\\\/\\\/exciting-lichterman.217-160-28-49.plesk.page\\\/produit\\\/enregistreur-nvr-ip-32-entrees-6\\\/#breadcrumb\"},\"inLanguage\":\"de\",\"potentialAction\":[{\"@type\":\"ReadAction\",\"target\":[\"https:\\\/\\\/exciting-lichterman.217-160-28-49.plesk.page\\\/produit\\\/enregistreur-nvr-ip-32-entrees-6\\\/\"]}]},{\"@type\":\"ImageObject\",\"inLanguage\":\"de\",\"@id\":\"https:\\\/\\\/exciting-lichterman.217-160-28-49.plesk.page\\\/produit\\\/enregistreur-nvr-ip-32-entrees-6\\\/#primaryimage\",\"url\":\"https:\\\/\\\/exciting-lichterman.217-160-28-49.plesk.page\\\/wp-content\\\/uploads\\\/2022\\\/08\\\/DS-9632NI-I16-01-scaled.webp\",\"contentUrl\":\"https:\\\/\\\/exciting-lichterman.217-160-28-49.plesk.page\\\/wp-content\\\/uploads\\\/2022\\\/08\\\/DS-9632NI-I16-01-scaled.webp\",\"width\":2560,\"height\":2545},{\"@type\":\"BreadcrumbList\",\"@id\":\"https:\\\/\\\/exciting-lichterman.217-160-28-49.plesk.page\\\/produit\\\/enregistreur-nvr-ip-32-entrees-6\\\/#breadcrumb\",\"itemListElement\":[{\"@type\":\"ListItem\",\"position\":1,\"name\":\"Accueil\",\"item\":\"https:\\\/\\\/exciting-lichterman.217-160-28-49.plesk.page\\\/\"},{\"@type\":\"ListItem\",\"position\":2,\"name\":\"Boutique\",\"item\":\"https:\\\/\\\/exciting-lichterman.217-160-28-49.plesk.page\\\/boutique\\\/\"},{\"@type\":\"ListItem\",\"position\":3,\"name\":\"Enregistreur NVR IP &#8211; 32 entr\u00e9es\"}]},{\"@type\":\"WebSite\",\"@id\":\"https:\\\/\\\/exciting-lichterman.217-160-28-49.plesk.page\\\/#website\",\"url\":\"https:\\\/\\\/exciting-lichterman.217-160-28-49.plesk.page\\\/\",\"name\":\"K2group Distribution\",\"description\":\"\",\"publisher\":{\"@id\":\"https:\\\/\\\/exciting-lichterman.217-160-28-49.plesk.page\\\/#organization\"},\"potentialAction\":[{\"@type\":\"SearchAction\",\"target\":{\"@type\":\"EntryPoint\",\"urlTemplate\":\"https:\\\/\\\/exciting-lichterman.217-160-28-49.plesk.page\\\/?s={search_term_string}\"},\"query-input\":{\"@type\":\"PropertyValueSpecification\",\"valueRequired\":true,\"valueName\":\"search_term_string\"}}],\"inLanguage\":\"de\"},{\"@type\":\"Organization\",\"@id\":\"https:\\\/\\\/exciting-lichterman.217-160-28-49.plesk.page\\\/#organization\",\"name\":\"K2group Distribution\",\"url\":\"https:\\\/\\\/exciting-lichterman.217-160-28-49.plesk.page\\\/\",\"logo\":{\"@type\":\"ImageObject\",\"inLanguage\":\"de\",\"@id\":\"https:\\\/\\\/exciting-lichterman.217-160-28-49.plesk.page\\\/#\\\/schema\\\/logo\\\/image\\\/\",\"url\":\"https:\\\/\\\/exciting-lichterman.217-160-28-49.plesk.page\\\/wp-content\\\/uploads\\\/2022\\\/04\\\/logo-K2.png\",\"contentUrl\":\"https:\\\/\\\/exciting-lichterman.217-160-28-49.plesk.page\\\/wp-content\\\/uploads\\\/2022\\\/04\\\/logo-K2.png\",\"width\":155,\"height\":66,\"caption\":\"K2group Distribution\"},\"image\":{\"@id\":\"https:\\\/\\\/exciting-lichterman.217-160-28-49.plesk.page\\\/#\\\/schema\\\/logo\\\/image\\\/\"}}]}<\/script>\n<!-- \/ Yoast SEO plugin. -->","yoast_head_json":{"title":"Enregistreur NVR IP - 32 entr\u00e9es - K2group Distribution","robots":{"index":"noindex","follow":"follow","max-snippet":"max-snippet:-1","max-image-preview":"max-image-preview:large","max-video-preview":"max-video-preview:-1"},"og_locale":"de_DE","og_type":"article","og_title":"Enregistreur NVR IP - 32 entr\u00e9es - K2group Distribution","og_description":"R\u00e9f\u00e9rence : DS-9632NI-I16  Compression vid\u00e9o : H.265\/H.265+\/H.264\/H.264+\/MPEG4  Type RAID : RAID0, RAID1, RAID5, RAID6 et RAID10 (au moins 4 To pour chaque disque dur)  SATA : 16 interfaces SATA prenant en charge la connexion \u00e0 chaud  ESATA : 1 interface eSATA  Capacit\u00e9 : Jusqu'\u00e0 10 To de capacit\u00e9 pour chaque disque  Sortie Audio : 2 canaux, RCA (Lin\u00e9aire, 1 K\u03a9)  R\u00e9solution D'enregistrement : 32 MP\/24 MP\/12 MP\/8 MP\/6 MP\/5 MP\/4 MP\/3 MP\/1080p\/UXGA\/720p\/VGA\/4CIF\/DCIF \/2CIF\/CIF\/QCIF  Interface USB : Panneau avant : 2 \u00d7 USB 2.0 ; Panneau arri\u00e8re : 1 \u00d7 USB 3.0  Alimentation : 100 \u00e0 240 VCA, 50 \u00e0 60 Hz  Dimensions (L \u00d7 P \u00d7 H) : 445 \u00d7 496 \u00d7 146 mm  Poids : \u2264 12,5 Kg","og_url":"https:\/\/exciting-lichterman.217-160-28-49.plesk.page\/de\/produkt\/enregistreur-nvr-ip-32-entrees-6\/","og_site_name":"K2group Distribution","article_modified_time":"2023-06-01T10:33:47+00:00","og_image":[{"width":2560,"height":2545,"url":"https:\/\/exciting-lichterman.217-160-28-49.plesk.page\/wp-content\/uploads\/2022\/08\/DS-9632NI-I16-01-scaled.webp","type":"image\/webp"}],"twitter_card":"summary_large_image","twitter_misc":{"Gesch\u00e4tzte Lesezeit":"1\u00a0Minute"},"schema":{"@context":"https:\/\/schema.org","@graph":[{"@type":"WebPage","@id":"https:\/\/exciting-lichterman.217-160-28-49.plesk.page\/produit\/enregistreur-nvr-ip-32-entrees-6\/","url":"https:\/\/exciting-lichterman.217-160-28-49.plesk.page\/produit\/enregistreur-nvr-ip-32-entrees-6\/","name":"Enregistreur NVR IP - 32 entr\u00e9es - K2group Distribution","isPartOf":{"@id":"https:\/\/exciting-lichterman.217-160-28-49.plesk.page\/#website"},"primaryImageOfPage":{"@id":"https:\/\/exciting-lichterman.217-160-28-49.plesk.page\/produit\/enregistreur-nvr-ip-32-entrees-6\/#primaryimage"},"image":{"@id":"https:\/\/exciting-lichterman.217-160-28-49.plesk.page\/produit\/enregistreur-nvr-ip-32-entrees-6\/#primaryimage"},"thumbnailUrl":"https:\/\/exciting-lichterman.217-160-28-49.plesk.page\/wp-content\/uploads\/2022\/08\/DS-9632NI-I16-01-scaled.webp","datePublished":"2022-08-16T16:49:54+00:00","dateModified":"2023-06-01T10:33:47+00:00","breadcrumb":{"@id":"https:\/\/exciting-lichterman.217-160-28-49.plesk.page\/produit\/enregistreur-nvr-ip-32-entrees-6\/#breadcrumb"},"inLanguage":"de","potentialAction":[{"@type":"ReadAction","target":["https:\/\/exciting-lichterman.217-160-28-49.plesk.page\/produit\/enregistreur-nvr-ip-32-entrees-6\/"]}]},{"@type":"ImageObject","inLanguage":"de","@id":"https:\/\/exciting-lichterman.217-160-28-49.plesk.page\/produit\/enregistreur-nvr-ip-32-entrees-6\/#primaryimage","url":"https:\/\/exciting-lichterman.217-160-28-49.plesk.page\/wp-content\/uploads\/2022\/08\/DS-9632NI-I16-01-scaled.webp","contentUrl":"https:\/\/exciting-lichterman.217-160-28-49.plesk.page\/wp-content\/uploads\/2022\/08\/DS-9632NI-I16-01-scaled.webp","width":2560,"height":2545},{"@type":"BreadcrumbList","@id":"https:\/\/exciting-lichterman.217-160-28-49.plesk.page\/produit\/enregistreur-nvr-ip-32-entrees-6\/#breadcrumb","itemListElement":[{"@type":"ListItem","position":1,"name":"Accueil","item":"https:\/\/exciting-lichterman.217-160-28-49.plesk.page\/"},{"@type":"ListItem","position":2,"name":"Boutique","item":"https:\/\/exciting-lichterman.217-160-28-49.plesk.page\/boutique\/"},{"@type":"ListItem","position":3,"name":"Enregistreur NVR IP &#8211; 32 entr\u00e9es"}]},{"@type":"WebSite","@id":"https:\/\/exciting-lichterman.217-160-28-49.plesk.page\/#website","url":"https:\/\/exciting-lichterman.217-160-28-49.plesk.page\/","name":"K2group Distribution","description":"","publisher":{"@id":"https:\/\/exciting-lichterman.217-160-28-49.plesk.page\/#organization"},"potentialAction":[{"@type":"SearchAction","target":{"@type":"EntryPoint","urlTemplate":"https:\/\/exciting-lichterman.217-160-28-49.plesk.page\/?s={search_term_string}"},"query-input":{"@type":"PropertyValueSpecification","valueRequired":true,"valueName":"search_term_string"}}],"inLanguage":"de"},{"@type":"Organization","@id":"https:\/\/exciting-lichterman.217-160-28-49.plesk.page\/#organization","name":"K2group Distribution","url":"https:\/\/exciting-lichterman.217-160-28-49.plesk.page\/","logo":{"@type":"ImageObject","inLanguage":"de","@id":"https:\/\/exciting-lichterman.217-160-28-49.plesk.page\/#\/schema\/logo\/image\/","url":"https:\/\/exciting-lichterman.217-160-28-49.plesk.page\/wp-content\/uploads\/2022\/04\/logo-K2.png","contentUrl":"https:\/\/exciting-lichterman.217-160-28-49.plesk.page\/wp-content\/uploads\/2022\/04\/logo-K2.png","width":155,"height":66,"caption":"K2group Distribution"},"image":{"@id":"https:\/\/exciting-lichterman.217-160-28-49.plesk.page\/#\/schema\/logo\/image\/"}}]}},"_links":{"self":[{"href":"https:\/\/exciting-lichterman.217-160-28-49.plesk.page\/de\/wp-json\/wp\/v2\/product\/12103","targetHints":{"allow":["GET"]}}],"collection":[{"href":"https:\/\/exciting-lichterman.217-160-28-49.plesk.page\/de\/wp-json\/wp\/v2\/product"}],"about":[{"href":"https:\/\/exciting-lichterman.217-160-28-49.plesk.page\/de\/wp-json\/wp\/v2\/types\/product"}],"replies":[{"embeddable":true,"href":"https:\/\/exciting-lichterman.217-160-28-49.plesk.page\/de\/wp-json\/wp\/v2\/comments?post=12103"}],"version-history":[{"count":4,"href":"https:\/\/exciting-lichterman.217-160-28-49.plesk.page\/de\/wp-json\/wp\/v2\/product\/12103\/revisions"}],"predecessor-version":[{"id":17677,"href":"https:\/\/exciting-lichterman.217-160-28-49.plesk.page\/de\/wp-json\/wp\/v2\/product\/12103\/revisions\/17677"}],"wp:featuredmedia":[{"embeddable":true,"href":"https:\/\/exciting-lichterman.217-160-28-49.plesk.page\/de\/wp-json\/wp\/v2\/media\/12104"}],"wp:attachment":[{"href":"https:\/\/exciting-lichterman.217-160-28-49.plesk.page\/de\/wp-json\/wp\/v2\/media?parent=12103"}],"wp:term":[{"taxonomy":"product_brand","embeddable":true,"href":"https:\/\/exciting-lichterman.217-160-28-49.plesk.page\/de\/wp-json\/wp\/v2\/product_brand?post=12103"},{"taxonomy":"product_cat","embeddable":true,"href":"https:\/\/exciting-lichterman.217-160-28-49.plesk.page\/de\/wp-json\/wp\/v2\/product_cat?post=12103"},{"taxonomy":"product_tag","embeddable":true,"href":"https:\/\/exciting-lichterman.217-160-28-49.plesk.page\/de\/wp-json\/wp\/v2\/product_tag?post=12103"}],"curies":[{"name":"wp","href":"https:\/\/api.w.org\/{rel}","templated":true}]}}