{"id":12096,"date":"2022-08-16T16:39:42","date_gmt":"2022-08-16T16:39:42","guid":{"rendered":"https:\/\/practical-elbakyan.82-165-223-183.plesk.page\/?post_type=product&#038;p=12096"},"modified":"2023-05-31T09:19:04","modified_gmt":"2023-05-31T09:19:04","slug":"switch-ip-2-fils-pour-ds-kd8003-ime2-2","status":"publish","type":"product","link":"https:\/\/exciting-lichterman.217-160-28-49.plesk.page\/de\/produkt\/switch-ip-2-fils-pour-ds-kd8003-ime2-2\/","title":{"rendered":"Switch IP 2 fils pour DS-KD8003-IME2"},"content":{"rendered":"<h2 style=\"font-family:Poppins;font-size:14px; font-weight:400!important; line-height:2\">Le Switch IP \u00e0 2 fils pour DS-KD8003-IME2 est un dispositif de commutation de haute qualit\u00e9 con\u00e7u pour connecter les cam\u00e9ras de surveillance Hikvision \u00e0 un r\u00e9seau IP.<\/h2>\n<p>Il permet de transmettre des images vid\u00e9o et des donn\u00e9es de la cam\u00e9ra \u00e0 un enregistreur vid\u00e9o num\u00e9rique (NVR) ou \u00e0 un serveur de surveillance \u00e0 distance via une connexion Ethernet.<br \/>\nCe switch utilise la technique \u00ab\u00a0alimentation par Ethernet\u00a0\u00bb (PoE) pour alimenter la cam\u00e9ra \u00e0 travers les m\u00eames fils qui transmettent les donn\u00e9es de la cam\u00e9ra, ce qui signifie que vous n&rsquo;avez besoin que de deux fils pour connecter la cam\u00e9ra au switch.<\/p>\n<p>Il est con\u00e7u \u00e9galement pour \u00eatre utilis\u00e9 dans des environnements int\u00e9rieurs et ext\u00e9rieurs et il est \u00e9quip\u00e9 de fonctionnalit\u00e9s avanc\u00e9es telles que la d\u00e9tection de mouvement, l&rsquo;analyse vid\u00e9o, et la compression vid\u00e9o pour une meilleure qualit\u00e9 de l&rsquo;image.<br \/>\nIl est compatible avec les protocoles de r\u00e9seau courants, ce qui le rend facile \u00e0 int\u00e9grer dans un syst\u00e8me de surveillance existant.<\/p>","protected":false},"excerpt":{"rendered":"<ul>\n<li><strong>R\u00e9f\u00e9rence : DS-KAD706-S<\/strong><\/li>\n<li>Type De Produit : Distributeur 2 fils<\/li>\n<li>Interface R\u00e9seau : 1, RJ45 (terminal r\u00e9serv\u00e9 1 canal et 1 pour l&rsquo;acc\u00e8s WAN)<\/li>\n<li>Interface \u00c0 Deux Fils : 6 canaux pour l&rsquo;\u00e9change de donn\u00e9es Indicateur De Signal : 6 indicateurs pour afficher les signaux 6 canaux<\/li>\n<li>Source De Courant : 24 Vcc<\/li>\n<li>Consommation D&rsquo;\u00e9nergie : &lt; 7W<\/li>\n<li>Temp\u00e9rature De Fonctionnement : -10 \u00b0C \u00e0 50 \u00b0C (14 \u00b0F \u00e0 122 \u00b0F)<\/li>\n<li>Humidit\u00e9 De Travail : 10% \u00e0 90%<\/li>\n<\/ul>","protected":false},"featured_media":12097,"comment_status":"open","ping_status":"closed","template":"","meta":{"_acf_changed":false},"product_brand":[],"product_cat":[717,390,723,722],"product_tag":[],"class_list":{"0":"post-12096","1":"product","2":"type-product","3":"status-publish","4":"has-post-thumbnail","6":"product_cat-accessoires-ip","7":"product_cat-alarmes-et-video","8":"product_cat-controle-dacces","9":"product_cat-portier","11":"first","12":"instock","13":"taxable","14":"shipping-taxable","15":"product-type-simple"},"acf":[],"yoast_head":"<!-- This site is optimized with the Yoast SEO plugin v27.4 - https:\/\/yoast.com\/product\/yoast-seo-wordpress\/ -->\n<title>Switch IP 2 fils pour DS-KD8003-IME2 - K2group Distribution<\/title>\n<meta name=\"robots\" content=\"noindex, follow, max-snippet:-1, max-image-preview:large, max-video-preview:-1\" \/>\n<meta property=\"og:locale\" content=\"de_DE\" \/>\n<meta property=\"og:type\" content=\"article\" \/>\n<meta property=\"og:title\" content=\"Switch IP 2 fils pour DS-KD8003-IME2 - K2group Distribution\" \/>\n<meta property=\"og:description\" content=\"R\u00e9f\u00e9rence : DS-KAD706-S  Type De Produit : Distributeur 2 fils  Interface R\u00e9seau : 1, RJ45 (terminal r\u00e9serv\u00e9 1 canal et 1 pour l&#039;acc\u00e8s WAN)  Interface \u00c0 Deux Fils : 6 canaux pour l&#039;\u00e9change de donn\u00e9es Indicateur De Signal : 6 indicateurs pour afficher les signaux 6 canaux  Source De Courant : 24 Vcc  Consommation D&#039;\u00e9nergie : &lt; 7W  Temp\u00e9rature De Fonctionnement : -10 \u00b0C \u00e0 50 \u00b0C (14 \u00b0F \u00e0 122 \u00b0F)  Humidit\u00e9 De Travail : 10% \u00e0 90%\" \/>\n<meta property=\"og:url\" content=\"https:\/\/exciting-lichterman.217-160-28-49.plesk.page\/de\/produkt\/switch-ip-2-fils-pour-ds-kd8003-ime2-2\/\" \/>\n<meta property=\"og:site_name\" content=\"K2group Distribution\" \/>\n<meta property=\"article:modified_time\" content=\"2023-05-31T09:19:04+00:00\" \/>\n<meta property=\"og:image\" content=\"https:\/\/exciting-lichterman.217-160-28-49.plesk.page\/wp-content\/uploads\/2022\/08\/DS-KAD706-S-01-scaled.webp\" \/>\n\t<meta property=\"og:image:width\" content=\"2560\" \/>\n\t<meta property=\"og:image:height\" content=\"2545\" \/>\n\t<meta property=\"og:image:type\" content=\"image\/webp\" \/>\n<meta name=\"twitter:card\" content=\"summary_large_image\" \/>\n<meta name=\"twitter:label1\" content=\"Gesch\u00e4tzte Lesezeit\" \/>\n\t<meta name=\"twitter:data1\" content=\"1\u00a0Minute\" \/>\n<script type=\"application\/ld+json\" class=\"yoast-schema-graph\">{\"@context\":\"https:\\\/\\\/schema.org\",\"@graph\":[{\"@type\":\"WebPage\",\"@id\":\"https:\\\/\\\/exciting-lichterman.217-160-28-49.plesk.page\\\/produit\\\/switch-ip-2-fils-pour-ds-kd8003-ime2-2\\\/\",\"url\":\"https:\\\/\\\/exciting-lichterman.217-160-28-49.plesk.page\\\/produit\\\/switch-ip-2-fils-pour-ds-kd8003-ime2-2\\\/\",\"name\":\"Switch IP 2 fils pour DS-KD8003-IME2 - K2group Distribution\",\"isPartOf\":{\"@id\":\"https:\\\/\\\/exciting-lichterman.217-160-28-49.plesk.page\\\/#website\"},\"primaryImageOfPage\":{\"@id\":\"https:\\\/\\\/exciting-lichterman.217-160-28-49.plesk.page\\\/produit\\\/switch-ip-2-fils-pour-ds-kd8003-ime2-2\\\/#primaryimage\"},\"image\":{\"@id\":\"https:\\\/\\\/exciting-lichterman.217-160-28-49.plesk.page\\\/produit\\\/switch-ip-2-fils-pour-ds-kd8003-ime2-2\\\/#primaryimage\"},\"thumbnailUrl\":\"https:\\\/\\\/exciting-lichterman.217-160-28-49.plesk.page\\\/wp-content\\\/uploads\\\/2022\\\/08\\\/DS-KAD706-S-01-scaled.webp\",\"datePublished\":\"2022-08-16T16:39:42+00:00\",\"dateModified\":\"2023-05-31T09:19:04+00:00\",\"breadcrumb\":{\"@id\":\"https:\\\/\\\/exciting-lichterman.217-160-28-49.plesk.page\\\/produit\\\/switch-ip-2-fils-pour-ds-kd8003-ime2-2\\\/#breadcrumb\"},\"inLanguage\":\"de\",\"potentialAction\":[{\"@type\":\"ReadAction\",\"target\":[\"https:\\\/\\\/exciting-lichterman.217-160-28-49.plesk.page\\\/produit\\\/switch-ip-2-fils-pour-ds-kd8003-ime2-2\\\/\"]}]},{\"@type\":\"ImageObject\",\"inLanguage\":\"de\",\"@id\":\"https:\\\/\\\/exciting-lichterman.217-160-28-49.plesk.page\\\/produit\\\/switch-ip-2-fils-pour-ds-kd8003-ime2-2\\\/#primaryimage\",\"url\":\"https:\\\/\\\/exciting-lichterman.217-160-28-49.plesk.page\\\/wp-content\\\/uploads\\\/2022\\\/08\\\/DS-KAD706-S-01-scaled.webp\",\"contentUrl\":\"https:\\\/\\\/exciting-lichterman.217-160-28-49.plesk.page\\\/wp-content\\\/uploads\\\/2022\\\/08\\\/DS-KAD706-S-01-scaled.webp\",\"width\":2560,\"height\":2545},{\"@type\":\"BreadcrumbList\",\"@id\":\"https:\\\/\\\/exciting-lichterman.217-160-28-49.plesk.page\\\/produit\\\/switch-ip-2-fils-pour-ds-kd8003-ime2-2\\\/#breadcrumb\",\"itemListElement\":[{\"@type\":\"ListItem\",\"position\":1,\"name\":\"Accueil\",\"item\":\"https:\\\/\\\/exciting-lichterman.217-160-28-49.plesk.page\\\/\"},{\"@type\":\"ListItem\",\"position\":2,\"name\":\"Boutique\",\"item\":\"https:\\\/\\\/exciting-lichterman.217-160-28-49.plesk.page\\\/boutique\\\/\"},{\"@type\":\"ListItem\",\"position\":3,\"name\":\"Switch IP 2 fils pour DS-KD8003-IME2\"}]},{\"@type\":\"WebSite\",\"@id\":\"https:\\\/\\\/exciting-lichterman.217-160-28-49.plesk.page\\\/#website\",\"url\":\"https:\\\/\\\/exciting-lichterman.217-160-28-49.plesk.page\\\/\",\"name\":\"K2group Distribution\",\"description\":\"\",\"publisher\":{\"@id\":\"https:\\\/\\\/exciting-lichterman.217-160-28-49.plesk.page\\\/#organization\"},\"potentialAction\":[{\"@type\":\"SearchAction\",\"target\":{\"@type\":\"EntryPoint\",\"urlTemplate\":\"https:\\\/\\\/exciting-lichterman.217-160-28-49.plesk.page\\\/?s={search_term_string}\"},\"query-input\":{\"@type\":\"PropertyValueSpecification\",\"valueRequired\":true,\"valueName\":\"search_term_string\"}}],\"inLanguage\":\"de\"},{\"@type\":\"Organization\",\"@id\":\"https:\\\/\\\/exciting-lichterman.217-160-28-49.plesk.page\\\/#organization\",\"name\":\"K2group Distribution\",\"url\":\"https:\\\/\\\/exciting-lichterman.217-160-28-49.plesk.page\\\/\",\"logo\":{\"@type\":\"ImageObject\",\"inLanguage\":\"de\",\"@id\":\"https:\\\/\\\/exciting-lichterman.217-160-28-49.plesk.page\\\/#\\\/schema\\\/logo\\\/image\\\/\",\"url\":\"https:\\\/\\\/exciting-lichterman.217-160-28-49.plesk.page\\\/wp-content\\\/uploads\\\/2022\\\/04\\\/logo-K2.png\",\"contentUrl\":\"https:\\\/\\\/exciting-lichterman.217-160-28-49.plesk.page\\\/wp-content\\\/uploads\\\/2022\\\/04\\\/logo-K2.png\",\"width\":155,\"height\":66,\"caption\":\"K2group Distribution\"},\"image\":{\"@id\":\"https:\\\/\\\/exciting-lichterman.217-160-28-49.plesk.page\\\/#\\\/schema\\\/logo\\\/image\\\/\"}}]}<\/script>\n<!-- \/ Yoast SEO plugin. -->","yoast_head_json":{"title":"Switch IP 2 fils pour DS-KD8003-IME2 - K2group Distribution","robots":{"index":"noindex","follow":"follow","max-snippet":"max-snippet:-1","max-image-preview":"max-image-preview:large","max-video-preview":"max-video-preview:-1"},"og_locale":"de_DE","og_type":"article","og_title":"Switch IP 2 fils pour DS-KD8003-IME2 - K2group Distribution","og_description":"R\u00e9f\u00e9rence : DS-KAD706-S  Type De Produit : Distributeur 2 fils  Interface R\u00e9seau : 1, RJ45 (terminal r\u00e9serv\u00e9 1 canal et 1 pour l'acc\u00e8s WAN)  Interface \u00c0 Deux Fils : 6 canaux pour l'\u00e9change de donn\u00e9es Indicateur De Signal : 6 indicateurs pour afficher les signaux 6 canaux  Source De Courant : 24 Vcc  Consommation D'\u00e9nergie : &lt; 7W  Temp\u00e9rature De Fonctionnement : -10 \u00b0C \u00e0 50 \u00b0C (14 \u00b0F \u00e0 122 \u00b0F)  Humidit\u00e9 De Travail : 10% \u00e0 90%","og_url":"https:\/\/exciting-lichterman.217-160-28-49.plesk.page\/de\/produkt\/switch-ip-2-fils-pour-ds-kd8003-ime2-2\/","og_site_name":"K2group Distribution","article_modified_time":"2023-05-31T09:19:04+00:00","og_image":[{"width":2560,"height":2545,"url":"https:\/\/exciting-lichterman.217-160-28-49.plesk.page\/wp-content\/uploads\/2022\/08\/DS-KAD706-S-01-scaled.webp","type":"image\/webp"}],"twitter_card":"summary_large_image","twitter_misc":{"Gesch\u00e4tzte Lesezeit":"1\u00a0Minute"},"schema":{"@context":"https:\/\/schema.org","@graph":[{"@type":"WebPage","@id":"https:\/\/exciting-lichterman.217-160-28-49.plesk.page\/produit\/switch-ip-2-fils-pour-ds-kd8003-ime2-2\/","url":"https:\/\/exciting-lichterman.217-160-28-49.plesk.page\/produit\/switch-ip-2-fils-pour-ds-kd8003-ime2-2\/","name":"Switch IP 2 fils pour DS-KD8003-IME2 - K2group Distribution","isPartOf":{"@id":"https:\/\/exciting-lichterman.217-160-28-49.plesk.page\/#website"},"primaryImageOfPage":{"@id":"https:\/\/exciting-lichterman.217-160-28-49.plesk.page\/produit\/switch-ip-2-fils-pour-ds-kd8003-ime2-2\/#primaryimage"},"image":{"@id":"https:\/\/exciting-lichterman.217-160-28-49.plesk.page\/produit\/switch-ip-2-fils-pour-ds-kd8003-ime2-2\/#primaryimage"},"thumbnailUrl":"https:\/\/exciting-lichterman.217-160-28-49.plesk.page\/wp-content\/uploads\/2022\/08\/DS-KAD706-S-01-scaled.webp","datePublished":"2022-08-16T16:39:42+00:00","dateModified":"2023-05-31T09:19:04+00:00","breadcrumb":{"@id":"https:\/\/exciting-lichterman.217-160-28-49.plesk.page\/produit\/switch-ip-2-fils-pour-ds-kd8003-ime2-2\/#breadcrumb"},"inLanguage":"de","potentialAction":[{"@type":"ReadAction","target":["https:\/\/exciting-lichterman.217-160-28-49.plesk.page\/produit\/switch-ip-2-fils-pour-ds-kd8003-ime2-2\/"]}]},{"@type":"ImageObject","inLanguage":"de","@id":"https:\/\/exciting-lichterman.217-160-28-49.plesk.page\/produit\/switch-ip-2-fils-pour-ds-kd8003-ime2-2\/#primaryimage","url":"https:\/\/exciting-lichterman.217-160-28-49.plesk.page\/wp-content\/uploads\/2022\/08\/DS-KAD706-S-01-scaled.webp","contentUrl":"https:\/\/exciting-lichterman.217-160-28-49.plesk.page\/wp-content\/uploads\/2022\/08\/DS-KAD706-S-01-scaled.webp","width":2560,"height":2545},{"@type":"BreadcrumbList","@id":"https:\/\/exciting-lichterman.217-160-28-49.plesk.page\/produit\/switch-ip-2-fils-pour-ds-kd8003-ime2-2\/#breadcrumb","itemListElement":[{"@type":"ListItem","position":1,"name":"Accueil","item":"https:\/\/exciting-lichterman.217-160-28-49.plesk.page\/"},{"@type":"ListItem","position":2,"name":"Boutique","item":"https:\/\/exciting-lichterman.217-160-28-49.plesk.page\/boutique\/"},{"@type":"ListItem","position":3,"name":"Switch IP 2 fils pour DS-KD8003-IME2"}]},{"@type":"WebSite","@id":"https:\/\/exciting-lichterman.217-160-28-49.plesk.page\/#website","url":"https:\/\/exciting-lichterman.217-160-28-49.plesk.page\/","name":"K2group Distribution","description":"","publisher":{"@id":"https:\/\/exciting-lichterman.217-160-28-49.plesk.page\/#organization"},"potentialAction":[{"@type":"SearchAction","target":{"@type":"EntryPoint","urlTemplate":"https:\/\/exciting-lichterman.217-160-28-49.plesk.page\/?s={search_term_string}"},"query-input":{"@type":"PropertyValueSpecification","valueRequired":true,"valueName":"search_term_string"}}],"inLanguage":"de"},{"@type":"Organization","@id":"https:\/\/exciting-lichterman.217-160-28-49.plesk.page\/#organization","name":"K2group Distribution","url":"https:\/\/exciting-lichterman.217-160-28-49.plesk.page\/","logo":{"@type":"ImageObject","inLanguage":"de","@id":"https:\/\/exciting-lichterman.217-160-28-49.plesk.page\/#\/schema\/logo\/image\/","url":"https:\/\/exciting-lichterman.217-160-28-49.plesk.page\/wp-content\/uploads\/2022\/04\/logo-K2.png","contentUrl":"https:\/\/exciting-lichterman.217-160-28-49.plesk.page\/wp-content\/uploads\/2022\/04\/logo-K2.png","width":155,"height":66,"caption":"K2group Distribution"},"image":{"@id":"https:\/\/exciting-lichterman.217-160-28-49.plesk.page\/#\/schema\/logo\/image\/"}}]}},"_links":{"self":[{"href":"https:\/\/exciting-lichterman.217-160-28-49.plesk.page\/de\/wp-json\/wp\/v2\/product\/12096","targetHints":{"allow":["GET"]}}],"collection":[{"href":"https:\/\/exciting-lichterman.217-160-28-49.plesk.page\/de\/wp-json\/wp\/v2\/product"}],"about":[{"href":"https:\/\/exciting-lichterman.217-160-28-49.plesk.page\/de\/wp-json\/wp\/v2\/types\/product"}],"replies":[{"embeddable":true,"href":"https:\/\/exciting-lichterman.217-160-28-49.plesk.page\/de\/wp-json\/wp\/v2\/comments?post=12096"}],"version-history":[{"count":6,"href":"https:\/\/exciting-lichterman.217-160-28-49.plesk.page\/de\/wp-json\/wp\/v2\/product\/12096\/revisions"}],"predecessor-version":[{"id":17315,"href":"https:\/\/exciting-lichterman.217-160-28-49.plesk.page\/de\/wp-json\/wp\/v2\/product\/12096\/revisions\/17315"}],"wp:featuredmedia":[{"embeddable":true,"href":"https:\/\/exciting-lichterman.217-160-28-49.plesk.page\/de\/wp-json\/wp\/v2\/media\/12097"}],"wp:attachment":[{"href":"https:\/\/exciting-lichterman.217-160-28-49.plesk.page\/de\/wp-json\/wp\/v2\/media?parent=12096"}],"wp:term":[{"taxonomy":"product_brand","embeddable":true,"href":"https:\/\/exciting-lichterman.217-160-28-49.plesk.page\/de\/wp-json\/wp\/v2\/product_brand?post=12096"},{"taxonomy":"product_cat","embeddable":true,"href":"https:\/\/exciting-lichterman.217-160-28-49.plesk.page\/de\/wp-json\/wp\/v2\/product_cat?post=12096"},{"taxonomy":"product_tag","embeddable":true,"href":"https:\/\/exciting-lichterman.217-160-28-49.plesk.page\/de\/wp-json\/wp\/v2\/product_tag?post=12096"}],"curies":[{"name":"wp","href":"https:\/\/api.w.org\/{rel}","templated":true}]}}