{"id":12089,"date":"2022-08-16T16:03:26","date_gmt":"2022-08-16T16:03:26","guid":{"rendered":"https:\/\/practical-elbakyan.82-165-223-183.plesk.page\/?post_type=product&#038;p=12089"},"modified":"2023-05-31T09:19:39","modified_gmt":"2023-05-31T09:19:39","slug":"switch-8-ports-poe-manageable-megabit-10-100-mbps","status":"publish","type":"product","link":"https:\/\/exciting-lichterman.217-160-28-49.plesk.page\/de\/produkt\/switch-8-ports-poe-manageable-megabit-10-100-mbps\/","title":{"rendered":"Switch &#8211; 8 ports POE- Manageable &#8211; Megabit 10\/100 MBPS"},"content":{"rendered":"<h2 style=\"font-family:Poppins;font-size:14px; font-weight:400!important; line-height:2\">K2 met \u00e0 votre disposition ce commutateur r\u00e9seau professionnel ayant 8 ports Ethernet pour connecter des appareils compatibles PoE tels que des cam\u00e9ras IP, des points d&rsquo;acc\u00e8s Wi-Fi et des terminaux r\u00e9seau.<\/h2>\n<p>Il prend en charge des vitesses de transmission de donn\u00e9es allant jusqu&rsquo;\u00e0 10\/100Mbps, ce qui en fait un choix id\u00e9al pour les petits r\u00e9seaux, comme il dispose de la technologie PoE pour alimenter les appareils connect\u00e9s via le c\u00e2ble r\u00e9seau, \u00e9liminant ainsi la n\u00e9cessit\u00e9 d&rsquo;installer des prises \u00e9lectriques suppl\u00e9mentaires pour les appareils.<br \/>\nDot\u00e9 \u00e9galement des fonctionnalit\u00e9s de s\u00e9curit\u00e9 avanc\u00e9es telles que la gestion de la bande passante, la prise en charge de QoS et la surveillance du trafic r\u00e9seau, ce switch vous garantit une performance optimale des appareils connect\u00e9s.<\/p>","protected":false},"excerpt":{"rendered":"<ul>\n<li><strong>R\u00e9f\u00e9rence : DS-3E1309P-EI<\/strong><\/li>\n<li>Num\u00e9ro de Port : 8 ports PoE 10\/100 Mbit\/s et 1 port RJ45 Gigabit<\/li>\n<li>Type de Ports Port RJ45, duplex int\u00e9gral, adaptatif MDI\/MDI-X<\/li>\n<li>Coquille : Mati\u00e8re m\u00e9tallique, conception sans ventilateur<\/li>\n<li>Source De Courant : 48 VCC, 2,5 A Max<\/li>\n<li>Consommation D&rsquo;\u00e9nergie : 120W<\/li>\n<li>Dimensions : 170 \u00d7 27,6 \u00d7 93,1 mm<\/li>\n<li>Poids Net : 0,35 kg<\/li>\n<\/ul>","protected":false},"featured_media":12090,"comment_status":"open","ping_status":"closed","template":"","meta":{"_acf_changed":false},"product_brand":[],"product_cat":[717,390],"product_tag":[],"class_list":{"0":"post-12089","1":"product","2":"type-product","3":"status-publish","4":"has-post-thumbnail","6":"product_cat-accessoires-ip","7":"product_cat-alarmes-et-video","9":"first","10":"instock","11":"taxable","12":"shipping-taxable","13":"product-type-simple"},"acf":[],"yoast_head":"<!-- This site is optimized with the Yoast SEO plugin v27.4 - https:\/\/yoast.com\/product\/yoast-seo-wordpress\/ -->\n<title>Switch - 8 ports POE- Manageable - Megabit 10\/100 MBPS - K2group Distribution<\/title>\n<meta name=\"robots\" content=\"noindex, follow, max-snippet:-1, max-image-preview:large, max-video-preview:-1\" \/>\n<meta property=\"og:locale\" content=\"de_DE\" \/>\n<meta property=\"og:type\" content=\"article\" \/>\n<meta property=\"og:title\" content=\"Switch - 8 ports POE- Manageable - Megabit 10\/100 MBPS - K2group Distribution\" \/>\n<meta property=\"og:description\" content=\"R\u00e9f\u00e9rence : DS-3E1309P-EI  Num\u00e9ro de Port : 8 ports PoE 10\/100 Mbit\/s et 1 port RJ45 Gigabit  Type de Ports Port RJ45, duplex int\u00e9gral, adaptatif MDI\/MDI-X  Coquille : Mati\u00e8re m\u00e9tallique, conception sans ventilateur  Source De Courant : 48 VCC, 2,5 A Max  Consommation D&#039;\u00e9nergie : 120W  Dimensions : 170 \u00d7 27,6 \u00d7 93,1 mm  Poids Net : 0,35 kg\" \/>\n<meta property=\"og:url\" content=\"https:\/\/exciting-lichterman.217-160-28-49.plesk.page\/de\/produkt\/switch-8-ports-poe-manageable-megabit-10-100-mbps\/\" \/>\n<meta property=\"og:site_name\" content=\"K2group Distribution\" \/>\n<meta property=\"article:modified_time\" content=\"2023-05-31T09:19:39+00:00\" \/>\n<meta property=\"og:image\" content=\"https:\/\/exciting-lichterman.217-160-28-49.plesk.page\/wp-content\/uploads\/2022\/08\/DS-3E1309P-EI-01-scaled.webp\" \/>\n\t<meta property=\"og:image:width\" content=\"2560\" \/>\n\t<meta property=\"og:image:height\" content=\"2545\" \/>\n\t<meta property=\"og:image:type\" content=\"image\/webp\" \/>\n<meta name=\"twitter:card\" content=\"summary_large_image\" \/>\n<meta name=\"twitter:label1\" content=\"Gesch\u00e4tzte Lesezeit\" \/>\n\t<meta name=\"twitter:data1\" content=\"1\u00a0Minute\" \/>\n<script type=\"application\/ld+json\" class=\"yoast-schema-graph\">{\"@context\":\"https:\\\/\\\/schema.org\",\"@graph\":[{\"@type\":\"WebPage\",\"@id\":\"https:\\\/\\\/exciting-lichterman.217-160-28-49.plesk.page\\\/produit\\\/switch-8-ports-poe-manageable-megabit-10-100-mbps\\\/\",\"url\":\"https:\\\/\\\/exciting-lichterman.217-160-28-49.plesk.page\\\/produit\\\/switch-8-ports-poe-manageable-megabit-10-100-mbps\\\/\",\"name\":\"Switch - 8 ports POE- Manageable - Megabit 10\\\/100 MBPS - K2group Distribution\",\"isPartOf\":{\"@id\":\"https:\\\/\\\/exciting-lichterman.217-160-28-49.plesk.page\\\/#website\"},\"primaryImageOfPage\":{\"@id\":\"https:\\\/\\\/exciting-lichterman.217-160-28-49.plesk.page\\\/produit\\\/switch-8-ports-poe-manageable-megabit-10-100-mbps\\\/#primaryimage\"},\"image\":{\"@id\":\"https:\\\/\\\/exciting-lichterman.217-160-28-49.plesk.page\\\/produit\\\/switch-8-ports-poe-manageable-megabit-10-100-mbps\\\/#primaryimage\"},\"thumbnailUrl\":\"https:\\\/\\\/exciting-lichterman.217-160-28-49.plesk.page\\\/wp-content\\\/uploads\\\/2022\\\/08\\\/DS-3E1309P-EI-01-scaled.webp\",\"datePublished\":\"2022-08-16T16:03:26+00:00\",\"dateModified\":\"2023-05-31T09:19:39+00:00\",\"breadcrumb\":{\"@id\":\"https:\\\/\\\/exciting-lichterman.217-160-28-49.plesk.page\\\/produit\\\/switch-8-ports-poe-manageable-megabit-10-100-mbps\\\/#breadcrumb\"},\"inLanguage\":\"de\",\"potentialAction\":[{\"@type\":\"ReadAction\",\"target\":[\"https:\\\/\\\/exciting-lichterman.217-160-28-49.plesk.page\\\/produit\\\/switch-8-ports-poe-manageable-megabit-10-100-mbps\\\/\"]}]},{\"@type\":\"ImageObject\",\"inLanguage\":\"de\",\"@id\":\"https:\\\/\\\/exciting-lichterman.217-160-28-49.plesk.page\\\/produit\\\/switch-8-ports-poe-manageable-megabit-10-100-mbps\\\/#primaryimage\",\"url\":\"https:\\\/\\\/exciting-lichterman.217-160-28-49.plesk.page\\\/wp-content\\\/uploads\\\/2022\\\/08\\\/DS-3E1309P-EI-01-scaled.webp\",\"contentUrl\":\"https:\\\/\\\/exciting-lichterman.217-160-28-49.plesk.page\\\/wp-content\\\/uploads\\\/2022\\\/08\\\/DS-3E1309P-EI-01-scaled.webp\",\"width\":2560,\"height\":2545},{\"@type\":\"BreadcrumbList\",\"@id\":\"https:\\\/\\\/exciting-lichterman.217-160-28-49.plesk.page\\\/produit\\\/switch-8-ports-poe-manageable-megabit-10-100-mbps\\\/#breadcrumb\",\"itemListElement\":[{\"@type\":\"ListItem\",\"position\":1,\"name\":\"Accueil\",\"item\":\"https:\\\/\\\/exciting-lichterman.217-160-28-49.plesk.page\\\/\"},{\"@type\":\"ListItem\",\"position\":2,\"name\":\"Boutique\",\"item\":\"https:\\\/\\\/exciting-lichterman.217-160-28-49.plesk.page\\\/boutique\\\/\"},{\"@type\":\"ListItem\",\"position\":3,\"name\":\"Switch &#8211; 8 ports POE- Manageable &#8211; Megabit 10\\\/100 MBPS\"}]},{\"@type\":\"WebSite\",\"@id\":\"https:\\\/\\\/exciting-lichterman.217-160-28-49.plesk.page\\\/#website\",\"url\":\"https:\\\/\\\/exciting-lichterman.217-160-28-49.plesk.page\\\/\",\"name\":\"K2group Distribution\",\"description\":\"\",\"publisher\":{\"@id\":\"https:\\\/\\\/exciting-lichterman.217-160-28-49.plesk.page\\\/#organization\"},\"potentialAction\":[{\"@type\":\"SearchAction\",\"target\":{\"@type\":\"EntryPoint\",\"urlTemplate\":\"https:\\\/\\\/exciting-lichterman.217-160-28-49.plesk.page\\\/?s={search_term_string}\"},\"query-input\":{\"@type\":\"PropertyValueSpecification\",\"valueRequired\":true,\"valueName\":\"search_term_string\"}}],\"inLanguage\":\"de\"},{\"@type\":\"Organization\",\"@id\":\"https:\\\/\\\/exciting-lichterman.217-160-28-49.plesk.page\\\/#organization\",\"name\":\"K2group Distribution\",\"url\":\"https:\\\/\\\/exciting-lichterman.217-160-28-49.plesk.page\\\/\",\"logo\":{\"@type\":\"ImageObject\",\"inLanguage\":\"de\",\"@id\":\"https:\\\/\\\/exciting-lichterman.217-160-28-49.plesk.page\\\/#\\\/schema\\\/logo\\\/image\\\/\",\"url\":\"https:\\\/\\\/exciting-lichterman.217-160-28-49.plesk.page\\\/wp-content\\\/uploads\\\/2022\\\/04\\\/logo-K2.png\",\"contentUrl\":\"https:\\\/\\\/exciting-lichterman.217-160-28-49.plesk.page\\\/wp-content\\\/uploads\\\/2022\\\/04\\\/logo-K2.png\",\"width\":155,\"height\":66,\"caption\":\"K2group Distribution\"},\"image\":{\"@id\":\"https:\\\/\\\/exciting-lichterman.217-160-28-49.plesk.page\\\/#\\\/schema\\\/logo\\\/image\\\/\"}}]}<\/script>\n<!-- \/ Yoast SEO plugin. -->","yoast_head_json":{"title":"Switch - 8 ports POE- Manageable - Megabit 10\/100 MBPS - K2group Distribution","robots":{"index":"noindex","follow":"follow","max-snippet":"max-snippet:-1","max-image-preview":"max-image-preview:large","max-video-preview":"max-video-preview:-1"},"og_locale":"de_DE","og_type":"article","og_title":"Switch - 8 ports POE- Manageable - Megabit 10\/100 MBPS - K2group Distribution","og_description":"R\u00e9f\u00e9rence : DS-3E1309P-EI  Num\u00e9ro de Port : 8 ports PoE 10\/100 Mbit\/s et 1 port RJ45 Gigabit  Type de Ports Port RJ45, duplex int\u00e9gral, adaptatif MDI\/MDI-X  Coquille : Mati\u00e8re m\u00e9tallique, conception sans ventilateur  Source De Courant : 48 VCC, 2,5 A Max  Consommation D'\u00e9nergie : 120W  Dimensions : 170 \u00d7 27,6 \u00d7 93,1 mm  Poids Net : 0,35 kg","og_url":"https:\/\/exciting-lichterman.217-160-28-49.plesk.page\/de\/produkt\/switch-8-ports-poe-manageable-megabit-10-100-mbps\/","og_site_name":"K2group Distribution","article_modified_time":"2023-05-31T09:19:39+00:00","og_image":[{"width":2560,"height":2545,"url":"https:\/\/exciting-lichterman.217-160-28-49.plesk.page\/wp-content\/uploads\/2022\/08\/DS-3E1309P-EI-01-scaled.webp","type":"image\/webp"}],"twitter_card":"summary_large_image","twitter_misc":{"Gesch\u00e4tzte Lesezeit":"1\u00a0Minute"},"schema":{"@context":"https:\/\/schema.org","@graph":[{"@type":"WebPage","@id":"https:\/\/exciting-lichterman.217-160-28-49.plesk.page\/produit\/switch-8-ports-poe-manageable-megabit-10-100-mbps\/","url":"https:\/\/exciting-lichterman.217-160-28-49.plesk.page\/produit\/switch-8-ports-poe-manageable-megabit-10-100-mbps\/","name":"Switch - 8 ports POE- Manageable - Megabit 10\/100 MBPS - K2group Distribution","isPartOf":{"@id":"https:\/\/exciting-lichterman.217-160-28-49.plesk.page\/#website"},"primaryImageOfPage":{"@id":"https:\/\/exciting-lichterman.217-160-28-49.plesk.page\/produit\/switch-8-ports-poe-manageable-megabit-10-100-mbps\/#primaryimage"},"image":{"@id":"https:\/\/exciting-lichterman.217-160-28-49.plesk.page\/produit\/switch-8-ports-poe-manageable-megabit-10-100-mbps\/#primaryimage"},"thumbnailUrl":"https:\/\/exciting-lichterman.217-160-28-49.plesk.page\/wp-content\/uploads\/2022\/08\/DS-3E1309P-EI-01-scaled.webp","datePublished":"2022-08-16T16:03:26+00:00","dateModified":"2023-05-31T09:19:39+00:00","breadcrumb":{"@id":"https:\/\/exciting-lichterman.217-160-28-49.plesk.page\/produit\/switch-8-ports-poe-manageable-megabit-10-100-mbps\/#breadcrumb"},"inLanguage":"de","potentialAction":[{"@type":"ReadAction","target":["https:\/\/exciting-lichterman.217-160-28-49.plesk.page\/produit\/switch-8-ports-poe-manageable-megabit-10-100-mbps\/"]}]},{"@type":"ImageObject","inLanguage":"de","@id":"https:\/\/exciting-lichterman.217-160-28-49.plesk.page\/produit\/switch-8-ports-poe-manageable-megabit-10-100-mbps\/#primaryimage","url":"https:\/\/exciting-lichterman.217-160-28-49.plesk.page\/wp-content\/uploads\/2022\/08\/DS-3E1309P-EI-01-scaled.webp","contentUrl":"https:\/\/exciting-lichterman.217-160-28-49.plesk.page\/wp-content\/uploads\/2022\/08\/DS-3E1309P-EI-01-scaled.webp","width":2560,"height":2545},{"@type":"BreadcrumbList","@id":"https:\/\/exciting-lichterman.217-160-28-49.plesk.page\/produit\/switch-8-ports-poe-manageable-megabit-10-100-mbps\/#breadcrumb","itemListElement":[{"@type":"ListItem","position":1,"name":"Accueil","item":"https:\/\/exciting-lichterman.217-160-28-49.plesk.page\/"},{"@type":"ListItem","position":2,"name":"Boutique","item":"https:\/\/exciting-lichterman.217-160-28-49.plesk.page\/boutique\/"},{"@type":"ListItem","position":3,"name":"Switch &#8211; 8 ports POE- Manageable &#8211; Megabit 10\/100 MBPS"}]},{"@type":"WebSite","@id":"https:\/\/exciting-lichterman.217-160-28-49.plesk.page\/#website","url":"https:\/\/exciting-lichterman.217-160-28-49.plesk.page\/","name":"K2group Distribution","description":"","publisher":{"@id":"https:\/\/exciting-lichterman.217-160-28-49.plesk.page\/#organization"},"potentialAction":[{"@type":"SearchAction","target":{"@type":"EntryPoint","urlTemplate":"https:\/\/exciting-lichterman.217-160-28-49.plesk.page\/?s={search_term_string}"},"query-input":{"@type":"PropertyValueSpecification","valueRequired":true,"valueName":"search_term_string"}}],"inLanguage":"de"},{"@type":"Organization","@id":"https:\/\/exciting-lichterman.217-160-28-49.plesk.page\/#organization","name":"K2group Distribution","url":"https:\/\/exciting-lichterman.217-160-28-49.plesk.page\/","logo":{"@type":"ImageObject","inLanguage":"de","@id":"https:\/\/exciting-lichterman.217-160-28-49.plesk.page\/#\/schema\/logo\/image\/","url":"https:\/\/exciting-lichterman.217-160-28-49.plesk.page\/wp-content\/uploads\/2022\/04\/logo-K2.png","contentUrl":"https:\/\/exciting-lichterman.217-160-28-49.plesk.page\/wp-content\/uploads\/2022\/04\/logo-K2.png","width":155,"height":66,"caption":"K2group Distribution"},"image":{"@id":"https:\/\/exciting-lichterman.217-160-28-49.plesk.page\/#\/schema\/logo\/image\/"}}]}},"_links":{"self":[{"href":"https:\/\/exciting-lichterman.217-160-28-49.plesk.page\/de\/wp-json\/wp\/v2\/product\/12089","targetHints":{"allow":["GET"]}}],"collection":[{"href":"https:\/\/exciting-lichterman.217-160-28-49.plesk.page\/de\/wp-json\/wp\/v2\/product"}],"about":[{"href":"https:\/\/exciting-lichterman.217-160-28-49.plesk.page\/de\/wp-json\/wp\/v2\/types\/product"}],"replies":[{"embeddable":true,"href":"https:\/\/exciting-lichterman.217-160-28-49.plesk.page\/de\/wp-json\/wp\/v2\/comments?post=12089"}],"version-history":[{"count":5,"href":"https:\/\/exciting-lichterman.217-160-28-49.plesk.page\/de\/wp-json\/wp\/v2\/product\/12089\/revisions"}],"predecessor-version":[{"id":17318,"href":"https:\/\/exciting-lichterman.217-160-28-49.plesk.page\/de\/wp-json\/wp\/v2\/product\/12089\/revisions\/17318"}],"wp:featuredmedia":[{"embeddable":true,"href":"https:\/\/exciting-lichterman.217-160-28-49.plesk.page\/de\/wp-json\/wp\/v2\/media\/12090"}],"wp:attachment":[{"href":"https:\/\/exciting-lichterman.217-160-28-49.plesk.page\/de\/wp-json\/wp\/v2\/media?parent=12089"}],"wp:term":[{"taxonomy":"product_brand","embeddable":true,"href":"https:\/\/exciting-lichterman.217-160-28-49.plesk.page\/de\/wp-json\/wp\/v2\/product_brand?post=12089"},{"taxonomy":"product_cat","embeddable":true,"href":"https:\/\/exciting-lichterman.217-160-28-49.plesk.page\/de\/wp-json\/wp\/v2\/product_cat?post=12089"},{"taxonomy":"product_tag","embeddable":true,"href":"https:\/\/exciting-lichterman.217-160-28-49.plesk.page\/de\/wp-json\/wp\/v2\/product_tag?post=12089"}],"curies":[{"name":"wp","href":"https:\/\/api.w.org\/{rel}","templated":true}]}}