{"id":12041,"date":"2022-08-16T14:03:57","date_gmt":"2022-08-16T14:03:57","guid":{"rendered":"https:\/\/practical-elbakyan.82-165-223-183.plesk.page\/?post_type=product&#038;p=12041"},"modified":"2023-05-31T10:01:47","modified_gmt":"2023-05-31T10:01:47","slug":"support-protection-pluie-pour-ds-kd8003-ime1-ds-kd8003-ime2-3-modules","status":"publish","type":"product","link":"https:\/\/exciting-lichterman.217-160-28-49.plesk.page\/de\/produkt\/support-protection-pluie-pour-ds-kd8003-ime1-ds-kd8003-ime2-3-modules\/","title":{"rendered":"Support protection pluie pour DS-KD8003-IME1\/DS-KD8003-IME2 3 modules"},"content":{"rendered":"<h2 style=\"font-family:Poppins;font-size:14px; font-weight:400!important; line-height:2\">Le support de protection contre la pluie pour DS-KD8003-IME1\/DS-KD8003-IME2 3 modules est un outil id\u00e9al de Hikvision pour prot\u00e9ger les dispositifs DS-KD8003-IME1\/DS-KD8003-IME2 3 modules contre les intemp\u00e9ries.<\/h2>\n<p>Fabriqu\u00e9 avec des mat\u00e9riaux de qualit\u00e9 sup\u00e9rieure, ce support est facile \u00e0 installer et \u00e0 utiliser pour les installations ext\u00e9rieures ou int\u00e9rieures tout en assurant une protection fiable et durable contre la pluie, la neige et les rayons UV.<\/p>","protected":false},"excerpt":{"rendered":"<ul>\n<li><strong>R\u00e9f\u00e9rence : DS-KABD8003-RS3<\/strong><\/li>\n<li>Mati\u00e8re : SECC<\/li>\n<li>Temp\u00e9rature de fonctionnement : -40\u00b0 C \u00e0 +60\u00b0 C (-40\u00b0 F \u00e0 140\u00b0 F)<\/li>\n<li>Humidit\u00e9 de travail : 10% \u00e0 95%<\/li>\n<li>Dimensions : 325,8 x 116,4 \u00d7 58 mm<\/li>\n<li>Poids : 702.3g<\/li>\n<\/ul>","protected":false},"featured_media":12042,"comment_status":"open","ping_status":"closed","template":"","meta":{"_acf_changed":false},"product_brand":[],"product_cat":[720,717,390],"product_tag":[],"class_list":{"0":"post-12041","1":"product","2":"type-product","3":"status-publish","4":"has-post-thumbnail","6":"product_cat-accessoires-coax","7":"product_cat-accessoires-ip","8":"product_cat-alarmes-et-video","10":"first","11":"instock","12":"taxable","13":"shipping-taxable","14":"product-type-simple"},"acf":[],"yoast_head":"<!-- This site is optimized with the Yoast SEO plugin v27.4 - https:\/\/yoast.com\/product\/yoast-seo-wordpress\/ -->\n<title>Support protection pluie pour DS-KD8003-IME1\/DS-KD8003-IME2 3 modules - K2group Distribution<\/title>\n<meta name=\"robots\" content=\"noindex, follow, max-snippet:-1, max-image-preview:large, max-video-preview:-1\" \/>\n<meta property=\"og:locale\" content=\"de_DE\" \/>\n<meta property=\"og:type\" content=\"article\" \/>\n<meta property=\"og:title\" content=\"Support protection pluie pour DS-KD8003-IME1\/DS-KD8003-IME2 3 modules - K2group Distribution\" \/>\n<meta property=\"og:description\" content=\"R\u00e9f\u00e9rence : DS-KABD8003-RS3  Mati\u00e8re : SECC  Temp\u00e9rature de fonctionnement : -40\u00b0 C \u00e0 +60\u00b0 C (-40\u00b0 F \u00e0 140\u00b0 F)  Humidit\u00e9 de travail : 10% \u00e0 95%  Dimensions : 325,8 x 116,4 \u00d7 58 mm  Poids : 702.3g\" \/>\n<meta property=\"og:url\" content=\"https:\/\/exciting-lichterman.217-160-28-49.plesk.page\/de\/produkt\/support-protection-pluie-pour-ds-kd8003-ime1-ds-kd8003-ime2-3-modules\/\" \/>\n<meta property=\"og:site_name\" content=\"K2group Distribution\" \/>\n<meta property=\"article:modified_time\" content=\"2023-05-31T10:01:47+00:00\" \/>\n<meta property=\"og:image\" content=\"https:\/\/exciting-lichterman.217-160-28-49.plesk.page\/wp-content\/uploads\/2022\/08\/DS-KABD8003-RS3-01-scaled.webp\" \/>\n\t<meta property=\"og:image:width\" content=\"2560\" \/>\n\t<meta property=\"og:image:height\" content=\"2545\" \/>\n\t<meta property=\"og:image:type\" content=\"image\/webp\" \/>\n<meta name=\"twitter:card\" content=\"summary_large_image\" \/>\n<meta name=\"twitter:label1\" content=\"Gesch\u00e4tzte Lesezeit\" \/>\n\t<meta name=\"twitter:data1\" content=\"1\u00a0Minute\" \/>\n<script type=\"application\/ld+json\" class=\"yoast-schema-graph\">{\"@context\":\"https:\\\/\\\/schema.org\",\"@graph\":[{\"@type\":\"WebPage\",\"@id\":\"https:\\\/\\\/exciting-lichterman.217-160-28-49.plesk.page\\\/produit\\\/support-protection-pluie-pour-ds-kd8003-ime1-ds-kd8003-ime2-3-modules\\\/\",\"url\":\"https:\\\/\\\/exciting-lichterman.217-160-28-49.plesk.page\\\/produit\\\/support-protection-pluie-pour-ds-kd8003-ime1-ds-kd8003-ime2-3-modules\\\/\",\"name\":\"Support protection pluie pour DS-KD8003-IME1\\\/DS-KD8003-IME2 3 modules - K2group Distribution\",\"isPartOf\":{\"@id\":\"https:\\\/\\\/exciting-lichterman.217-160-28-49.plesk.page\\\/#website\"},\"primaryImageOfPage\":{\"@id\":\"https:\\\/\\\/exciting-lichterman.217-160-28-49.plesk.page\\\/produit\\\/support-protection-pluie-pour-ds-kd8003-ime1-ds-kd8003-ime2-3-modules\\\/#primaryimage\"},\"image\":{\"@id\":\"https:\\\/\\\/exciting-lichterman.217-160-28-49.plesk.page\\\/produit\\\/support-protection-pluie-pour-ds-kd8003-ime1-ds-kd8003-ime2-3-modules\\\/#primaryimage\"},\"thumbnailUrl\":\"https:\\\/\\\/exciting-lichterman.217-160-28-49.plesk.page\\\/wp-content\\\/uploads\\\/2022\\\/08\\\/DS-KABD8003-RS3-01-scaled.webp\",\"datePublished\":\"2022-08-16T14:03:57+00:00\",\"dateModified\":\"2023-05-31T10:01:47+00:00\",\"breadcrumb\":{\"@id\":\"https:\\\/\\\/exciting-lichterman.217-160-28-49.plesk.page\\\/produit\\\/support-protection-pluie-pour-ds-kd8003-ime1-ds-kd8003-ime2-3-modules\\\/#breadcrumb\"},\"inLanguage\":\"de\",\"potentialAction\":[{\"@type\":\"ReadAction\",\"target\":[\"https:\\\/\\\/exciting-lichterman.217-160-28-49.plesk.page\\\/produit\\\/support-protection-pluie-pour-ds-kd8003-ime1-ds-kd8003-ime2-3-modules\\\/\"]}]},{\"@type\":\"ImageObject\",\"inLanguage\":\"de\",\"@id\":\"https:\\\/\\\/exciting-lichterman.217-160-28-49.plesk.page\\\/produit\\\/support-protection-pluie-pour-ds-kd8003-ime1-ds-kd8003-ime2-3-modules\\\/#primaryimage\",\"url\":\"https:\\\/\\\/exciting-lichterman.217-160-28-49.plesk.page\\\/wp-content\\\/uploads\\\/2022\\\/08\\\/DS-KABD8003-RS3-01-scaled.webp\",\"contentUrl\":\"https:\\\/\\\/exciting-lichterman.217-160-28-49.plesk.page\\\/wp-content\\\/uploads\\\/2022\\\/08\\\/DS-KABD8003-RS3-01-scaled.webp\",\"width\":2560,\"height\":2545},{\"@type\":\"BreadcrumbList\",\"@id\":\"https:\\\/\\\/exciting-lichterman.217-160-28-49.plesk.page\\\/produit\\\/support-protection-pluie-pour-ds-kd8003-ime1-ds-kd8003-ime2-3-modules\\\/#breadcrumb\",\"itemListElement\":[{\"@type\":\"ListItem\",\"position\":1,\"name\":\"Accueil\",\"item\":\"https:\\\/\\\/exciting-lichterman.217-160-28-49.plesk.page\\\/\"},{\"@type\":\"ListItem\",\"position\":2,\"name\":\"Boutique\",\"item\":\"https:\\\/\\\/exciting-lichterman.217-160-28-49.plesk.page\\\/boutique\\\/\"},{\"@type\":\"ListItem\",\"position\":3,\"name\":\"Support protection pluie pour DS-KD8003-IME1\\\/DS-KD8003-IME2 3 modules\"}]},{\"@type\":\"WebSite\",\"@id\":\"https:\\\/\\\/exciting-lichterman.217-160-28-49.plesk.page\\\/#website\",\"url\":\"https:\\\/\\\/exciting-lichterman.217-160-28-49.plesk.page\\\/\",\"name\":\"K2group Distribution\",\"description\":\"\",\"publisher\":{\"@id\":\"https:\\\/\\\/exciting-lichterman.217-160-28-49.plesk.page\\\/#organization\"},\"potentialAction\":[{\"@type\":\"SearchAction\",\"target\":{\"@type\":\"EntryPoint\",\"urlTemplate\":\"https:\\\/\\\/exciting-lichterman.217-160-28-49.plesk.page\\\/?s={search_term_string}\"},\"query-input\":{\"@type\":\"PropertyValueSpecification\",\"valueRequired\":true,\"valueName\":\"search_term_string\"}}],\"inLanguage\":\"de\"},{\"@type\":\"Organization\",\"@id\":\"https:\\\/\\\/exciting-lichterman.217-160-28-49.plesk.page\\\/#organization\",\"name\":\"K2group Distribution\",\"url\":\"https:\\\/\\\/exciting-lichterman.217-160-28-49.plesk.page\\\/\",\"logo\":{\"@type\":\"ImageObject\",\"inLanguage\":\"de\",\"@id\":\"https:\\\/\\\/exciting-lichterman.217-160-28-49.plesk.page\\\/#\\\/schema\\\/logo\\\/image\\\/\",\"url\":\"https:\\\/\\\/exciting-lichterman.217-160-28-49.plesk.page\\\/wp-content\\\/uploads\\\/2022\\\/04\\\/logo-K2.png\",\"contentUrl\":\"https:\\\/\\\/exciting-lichterman.217-160-28-49.plesk.page\\\/wp-content\\\/uploads\\\/2022\\\/04\\\/logo-K2.png\",\"width\":155,\"height\":66,\"caption\":\"K2group Distribution\"},\"image\":{\"@id\":\"https:\\\/\\\/exciting-lichterman.217-160-28-49.plesk.page\\\/#\\\/schema\\\/logo\\\/image\\\/\"}}]}<\/script>\n<!-- \/ Yoast SEO plugin. -->","yoast_head_json":{"title":"Support protection pluie pour DS-KD8003-IME1\/DS-KD8003-IME2 3 modules - K2group Distribution","robots":{"index":"noindex","follow":"follow","max-snippet":"max-snippet:-1","max-image-preview":"max-image-preview:large","max-video-preview":"max-video-preview:-1"},"og_locale":"de_DE","og_type":"article","og_title":"Support protection pluie pour DS-KD8003-IME1\/DS-KD8003-IME2 3 modules - K2group Distribution","og_description":"R\u00e9f\u00e9rence : DS-KABD8003-RS3  Mati\u00e8re : SECC  Temp\u00e9rature de fonctionnement : -40\u00b0 C \u00e0 +60\u00b0 C (-40\u00b0 F \u00e0 140\u00b0 F)  Humidit\u00e9 de travail : 10% \u00e0 95%  Dimensions : 325,8 x 116,4 \u00d7 58 mm  Poids : 702.3g","og_url":"https:\/\/exciting-lichterman.217-160-28-49.plesk.page\/de\/produkt\/support-protection-pluie-pour-ds-kd8003-ime1-ds-kd8003-ime2-3-modules\/","og_site_name":"K2group Distribution","article_modified_time":"2023-05-31T10:01:47+00:00","og_image":[{"width":2560,"height":2545,"url":"https:\/\/exciting-lichterman.217-160-28-49.plesk.page\/wp-content\/uploads\/2022\/08\/DS-KABD8003-RS3-01-scaled.webp","type":"image\/webp"}],"twitter_card":"summary_large_image","twitter_misc":{"Gesch\u00e4tzte Lesezeit":"1\u00a0Minute"},"schema":{"@context":"https:\/\/schema.org","@graph":[{"@type":"WebPage","@id":"https:\/\/exciting-lichterman.217-160-28-49.plesk.page\/produit\/support-protection-pluie-pour-ds-kd8003-ime1-ds-kd8003-ime2-3-modules\/","url":"https:\/\/exciting-lichterman.217-160-28-49.plesk.page\/produit\/support-protection-pluie-pour-ds-kd8003-ime1-ds-kd8003-ime2-3-modules\/","name":"Support protection pluie pour DS-KD8003-IME1\/DS-KD8003-IME2 3 modules - K2group Distribution","isPartOf":{"@id":"https:\/\/exciting-lichterman.217-160-28-49.plesk.page\/#website"},"primaryImageOfPage":{"@id":"https:\/\/exciting-lichterman.217-160-28-49.plesk.page\/produit\/support-protection-pluie-pour-ds-kd8003-ime1-ds-kd8003-ime2-3-modules\/#primaryimage"},"image":{"@id":"https:\/\/exciting-lichterman.217-160-28-49.plesk.page\/produit\/support-protection-pluie-pour-ds-kd8003-ime1-ds-kd8003-ime2-3-modules\/#primaryimage"},"thumbnailUrl":"https:\/\/exciting-lichterman.217-160-28-49.plesk.page\/wp-content\/uploads\/2022\/08\/DS-KABD8003-RS3-01-scaled.webp","datePublished":"2022-08-16T14:03:57+00:00","dateModified":"2023-05-31T10:01:47+00:00","breadcrumb":{"@id":"https:\/\/exciting-lichterman.217-160-28-49.plesk.page\/produit\/support-protection-pluie-pour-ds-kd8003-ime1-ds-kd8003-ime2-3-modules\/#breadcrumb"},"inLanguage":"de","potentialAction":[{"@type":"ReadAction","target":["https:\/\/exciting-lichterman.217-160-28-49.plesk.page\/produit\/support-protection-pluie-pour-ds-kd8003-ime1-ds-kd8003-ime2-3-modules\/"]}]},{"@type":"ImageObject","inLanguage":"de","@id":"https:\/\/exciting-lichterman.217-160-28-49.plesk.page\/produit\/support-protection-pluie-pour-ds-kd8003-ime1-ds-kd8003-ime2-3-modules\/#primaryimage","url":"https:\/\/exciting-lichterman.217-160-28-49.plesk.page\/wp-content\/uploads\/2022\/08\/DS-KABD8003-RS3-01-scaled.webp","contentUrl":"https:\/\/exciting-lichterman.217-160-28-49.plesk.page\/wp-content\/uploads\/2022\/08\/DS-KABD8003-RS3-01-scaled.webp","width":2560,"height":2545},{"@type":"BreadcrumbList","@id":"https:\/\/exciting-lichterman.217-160-28-49.plesk.page\/produit\/support-protection-pluie-pour-ds-kd8003-ime1-ds-kd8003-ime2-3-modules\/#breadcrumb","itemListElement":[{"@type":"ListItem","position":1,"name":"Accueil","item":"https:\/\/exciting-lichterman.217-160-28-49.plesk.page\/"},{"@type":"ListItem","position":2,"name":"Boutique","item":"https:\/\/exciting-lichterman.217-160-28-49.plesk.page\/boutique\/"},{"@type":"ListItem","position":3,"name":"Support protection pluie pour DS-KD8003-IME1\/DS-KD8003-IME2 3 modules"}]},{"@type":"WebSite","@id":"https:\/\/exciting-lichterman.217-160-28-49.plesk.page\/#website","url":"https:\/\/exciting-lichterman.217-160-28-49.plesk.page\/","name":"K2group Distribution","description":"","publisher":{"@id":"https:\/\/exciting-lichterman.217-160-28-49.plesk.page\/#organization"},"potentialAction":[{"@type":"SearchAction","target":{"@type":"EntryPoint","urlTemplate":"https:\/\/exciting-lichterman.217-160-28-49.plesk.page\/?s={search_term_string}"},"query-input":{"@type":"PropertyValueSpecification","valueRequired":true,"valueName":"search_term_string"}}],"inLanguage":"de"},{"@type":"Organization","@id":"https:\/\/exciting-lichterman.217-160-28-49.plesk.page\/#organization","name":"K2group Distribution","url":"https:\/\/exciting-lichterman.217-160-28-49.plesk.page\/","logo":{"@type":"ImageObject","inLanguage":"de","@id":"https:\/\/exciting-lichterman.217-160-28-49.plesk.page\/#\/schema\/logo\/image\/","url":"https:\/\/exciting-lichterman.217-160-28-49.plesk.page\/wp-content\/uploads\/2022\/04\/logo-K2.png","contentUrl":"https:\/\/exciting-lichterman.217-160-28-49.plesk.page\/wp-content\/uploads\/2022\/04\/logo-K2.png","width":155,"height":66,"caption":"K2group Distribution"},"image":{"@id":"https:\/\/exciting-lichterman.217-160-28-49.plesk.page\/#\/schema\/logo\/image\/"}}]}},"_links":{"self":[{"href":"https:\/\/exciting-lichterman.217-160-28-49.plesk.page\/de\/wp-json\/wp\/v2\/product\/12041","targetHints":{"allow":["GET"]}}],"collection":[{"href":"https:\/\/exciting-lichterman.217-160-28-49.plesk.page\/de\/wp-json\/wp\/v2\/product"}],"about":[{"href":"https:\/\/exciting-lichterman.217-160-28-49.plesk.page\/de\/wp-json\/wp\/v2\/types\/product"}],"replies":[{"embeddable":true,"href":"https:\/\/exciting-lichterman.217-160-28-49.plesk.page\/de\/wp-json\/wp\/v2\/comments?post=12041"}],"version-history":[{"count":5,"href":"https:\/\/exciting-lichterman.217-160-28-49.plesk.page\/de\/wp-json\/wp\/v2\/product\/12041\/revisions"}],"predecessor-version":[{"id":17368,"href":"https:\/\/exciting-lichterman.217-160-28-49.plesk.page\/de\/wp-json\/wp\/v2\/product\/12041\/revisions\/17368"}],"wp:featuredmedia":[{"embeddable":true,"href":"https:\/\/exciting-lichterman.217-160-28-49.plesk.page\/de\/wp-json\/wp\/v2\/media\/12042"}],"wp:attachment":[{"href":"https:\/\/exciting-lichterman.217-160-28-49.plesk.page\/de\/wp-json\/wp\/v2\/media?parent=12041"}],"wp:term":[{"taxonomy":"product_brand","embeddable":true,"href":"https:\/\/exciting-lichterman.217-160-28-49.plesk.page\/de\/wp-json\/wp\/v2\/product_brand?post=12041"},{"taxonomy":"product_cat","embeddable":true,"href":"https:\/\/exciting-lichterman.217-160-28-49.plesk.page\/de\/wp-json\/wp\/v2\/product_cat?post=12041"},{"taxonomy":"product_tag","embeddable":true,"href":"https:\/\/exciting-lichterman.217-160-28-49.plesk.page\/de\/wp-json\/wp\/v2\/product_tag?post=12041"}],"curies":[{"name":"wp","href":"https:\/\/api.w.org\/{rel}","templated":true}]}}